{"id":20053,"date":"2024-02-13T15:12:28","date_gmt":"2024-02-13T14:12:28","guid":{"rendered":"https:\/\/truusk.store\/product\/markis-med-vev-fallarmsmarkis-solskydd-vaggfaste-balkong-aluminiumberg-3-x-25-m\/"},"modified":"2026-03-12T09:02:28","modified_gmt":"2026-03-12T08:02:28","slug":"truusk-markis-med-vev-fallarmsmarkis-for-balkong-solskydd-vaggfaste-aluminiumberg-3x25m","status":"publish","type":"product","link":"https:\/\/truusk.store\/sv\/produkt\/truusk-markis-med-vev-fallarmsmarkis-for-balkong-solskydd-vaggfaste-aluminiumberg-3x25m\/","title":{"rendered":"TRUUSK Markis Med Vev &#8211; F\u00e4llarmsmarkis f\u00f6r Balkong &#8211; Solskydd &#8211; V\u00e4ggf\u00e4ste &#8211; Aluminiumberg 3&#215;2,5m"},"content":{"rendered":"<p>Denna 2,95 x 2,45 m markis \u00e4r en framg\u00e5ngsrik f\u00f6rl\u00e4ngning av dina utomhusomr\u00e5den. Markisen kan enkelt f\u00e4stas \u00f6ver entr\u00e9er, f\u00f6nster eller balkonger. Designen skyddar dig fr\u00e5n farlig UV-str\u00e5lning. Den ledade armen man\u00f6vreras med den praktiska handveven, som du kan anv\u00e4nda f\u00f6r att f\u00f6rl\u00e4nga och rulla upp solskyddet. P\u00e5 s\u00e5 s\u00e4tt kan du njuta av den varmare \u00e5rstiden p\u00e5 ett avslappnat s\u00e4tt.<\/p>\n<h3>Beskrivning:<\/h3>\n<ul>\n<li>Perfekt f\u00f6r uteplatser, tr\u00e4dg\u00e5rdar, balkonger, entr\u00e9er etc.<\/li>\n<li>Justerbar vev f\u00f6r enkel \u00f6ppning och st\u00e4ngning<\/li>\n<li>Utm\u00e4rkt skydd mot UV-str\u00e5lning<\/li>\n<li>H\u00f6g densitet 280g\/m polyester<\/li>\n<li>Stabil aluminiumh\u00e5llare f\u00f6r h\u00e5llbarhet<\/li>\n<li>Polyestertyg st\u00f6ds av 2 inf\u00e4llbara armar, spole och en fr\u00e4mre st\u00f6dst\u00e5ng<\/li>\n<li>Enkel montering med illustrerade instruktioner<\/li>\n<li>Obs: Monteringsskruvar f\u00f6r tr\u00e4ramar ing\u00e5r INTE. Var f\u00f6rsiktig n\u00e4r du installerar p\u00e5 stuckatur. Korrekt montering \u00e4r k\u00f6parens ansvar. Ej avsedd f\u00f6r anv\u00e4ndning p\u00e5 fritidsfordon (campingbilar etc.). Endast avsedd f\u00f6r solskydd, rekommenderas inte f\u00f6r anv\u00e4ndning i regn eller andra ogynnsamma f\u00f6rh\u00e5llanden.<\/li>\n<\/ul>\n<h3>Teknisk data:<\/h3>\n<ul>\n<li>Material: aluminium, metall, polyester<\/li>\n<li>M\u00e5tt: L295 x B245 cm<\/li>\n<li>Ovikt storlek: 0-245 cm<\/li>\n<li>L\u00e4ngd p\u00e5 handvev: 150 cm<\/li>\n<li>F\u00e4rg: vit, beige<\/li>\n<\/ul>\n<h3>Leveransens omfattning:<\/h3>\n<ul>\n<li>1 x Markis<\/li>\n<li>1 x Monteringsanvisning<\/li>\n<\/ul>\n","protected":false},"excerpt":{"rendered":"<p>Denna 2,95 x 2,45 m markis \u00e4r en framg\u00e5ngsrik f\u00f6rl\u00e4ngning av dina utomhusomr\u00e5den. Markisen kan enkelt f\u00e4stas \u00f6ver entr\u00e9er, f\u00f6nster&#8230;<\/p>\n","protected":false},"featured_media":20054,"template":"","meta":[],"product_brand":[],"product_cat":[473,471,435],"product_tag":[],"class_list":{"0":"post-20053","1":"product","2":"type-product","3":"status-publish","4":"has-post-thumbnail","6":"product_cat-markiser","7":"product_cat-solskydd-integritetsskydd","8":"product_cat-tradgard-och-terrass","10":"first","11":"instock","12":"sale","13":"taxable","14":"shipping-taxable","15":"purchasable","16":"product-type-simple"},"yoast_head":"<!-- This site is optimized with the Yoast SEO plugin v25.4 - https:\/\/yoast.com\/wordpress\/plugins\/seo\/ -->\n<title>TRUUSK Markis Med Vev - F\u00e4llarmsmarkis f\u00f6r Balkong - Solskydd - V\u00e4ggf\u00e4ste - Aluminiumberg 3x2,5m - TRUUSK - Hem, Tr\u00e4dg\u00e5rd &amp; Fritid<\/title>\n<meta name=\"robots\" content=\"index, follow, max-snippet:-1, max-image-preview:large, max-video-preview:-1\" \/>\n<link rel=\"canonical\" href=\"https:\/\/truusk.store\/sv\/produkt\/truusk-markis-med-vev-fallarmsmarkis-for-balkong-solskydd-vaggfaste-aluminiumberg-3x25m\/\" \/>\n<meta property=\"og:locale\" content=\"sv_SE\" \/>\n<meta property=\"og:type\" content=\"article\" \/>\n<meta property=\"og:title\" content=\"TRUUSK Markis Med Vev - F\u00e4llarmsmarkis f\u00f6r Balkong - Solskydd - V\u00e4ggf\u00e4ste - Aluminiumberg 3x2,5m - TRUUSK - Hem, Tr\u00e4dg\u00e5rd &amp; Fritid\" \/>\n<meta property=\"og:description\" content=\"Denna 2,95 x 2,45 m markis \u00e4r en framg\u00e5ngsrik f\u00f6rl\u00e4ngning av dina utomhusomr\u00e5den. Markisen kan enkelt f\u00e4stas \u00f6ver entr\u00e9er, f\u00f6nster...\" \/>\n<meta property=\"og:url\" content=\"https:\/\/truusk.store\/sv\/produkt\/truusk-markis-med-vev-fallarmsmarkis-for-balkong-solskydd-vaggfaste-aluminiumberg-3x25m\/\" \/>\n<meta property=\"og:site_name\" content=\"TRUUSK - Hem, Tr\u00e4dg\u00e5rd &amp; Fritid\" \/>\n<meta property=\"article:modified_time\" content=\"2026-03-12T08:02:28+00:00\" \/>\n<meta property=\"og:image\" content=\"https:\/\/i0.wp.com\/truusk.se\/wp-content\/uploads\/2024\/02\/markis-med-vev-fallarmsmarkis-solskydd-vaggfaste-balkong-aluminiumberg-3-x-25-m.webp?fit=800%2C800&ssl=1\" \/>\n\t<meta property=\"og:image:width\" content=\"800\" \/>\n\t<meta property=\"og:image:height\" content=\"800\" \/>\n\t<meta property=\"og:image:type\" content=\"image\/webp\" \/>\n<meta name=\"twitter:card\" content=\"summary_large_image\" \/>\n<meta name=\"twitter:label1\" content=\"Ber\u00e4knad l\u00e4stid\" \/>\n\t<meta name=\"twitter:data1\" content=\"1 minut\" \/>\n<!-- \/ Yoast SEO plugin. -->","yoast_head_json":{"title":"TRUUSK Markis Med Vev - F\u00e4llarmsmarkis f\u00f6r Balkong - Solskydd - V\u00e4ggf\u00e4ste - Aluminiumberg 3x2,5m - TRUUSK - Hem, Tr\u00e4dg\u00e5rd &amp; Fritid","robots":{"index":"index","follow":"follow","max-snippet":"max-snippet:-1","max-image-preview":"max-image-preview:large","max-video-preview":"max-video-preview:-1"},"canonical":"https:\/\/truusk.store\/sv\/produkt\/truusk-markis-med-vev-fallarmsmarkis-for-balkong-solskydd-vaggfaste-aluminiumberg-3x25m\/","og_locale":"sv_SE","og_type":"article","og_title":"TRUUSK Markis Med Vev - F\u00e4llarmsmarkis f\u00f6r Balkong - Solskydd - V\u00e4ggf\u00e4ste - Aluminiumberg 3x2,5m - TRUUSK - Hem, Tr\u00e4dg\u00e5rd &amp; Fritid","og_description":"Denna 2,95 x 2,45 m markis \u00e4r en framg\u00e5ngsrik f\u00f6rl\u00e4ngning av dina utomhusomr\u00e5den. Markisen kan enkelt f\u00e4stas \u00f6ver entr\u00e9er, f\u00f6nster...","og_url":"https:\/\/truusk.store\/sv\/produkt\/truusk-markis-med-vev-fallarmsmarkis-for-balkong-solskydd-vaggfaste-aluminiumberg-3x25m\/","og_site_name":"TRUUSK - Hem, Tr\u00e4dg\u00e5rd &amp; Fritid","article_modified_time":"2026-03-12T08:02:28+00:00","og_image":[{"width":800,"height":800,"url":"https:\/\/i0.wp.com\/truusk.se\/wp-content\/uploads\/2024\/02\/markis-med-vev-fallarmsmarkis-solskydd-vaggfaste-balkong-aluminiumberg-3-x-25-m.webp?fit=800%2C800&ssl=1","type":"image\/webp"}],"twitter_card":"summary_large_image","twitter_misc":{"Ber\u00e4knad l\u00e4stid":"1 minut"},"schema":{"@context":"https:\/\/schema.org","@graph":[{"@type":"WebPage","@id":"https:\/\/truusk.store\/sv\/produkt\/truusk-markis-med-vev-fallarmsmarkis-for-balkong-solskydd-vaggfaste-aluminiumberg-3x25m\/","url":"https:\/\/truusk.store\/sv\/produkt\/truusk-markis-med-vev-fallarmsmarkis-for-balkong-solskydd-vaggfaste-aluminiumberg-3x25m\/","name":"TRUUSK Markis Med Vev - F\u00e4llarmsmarkis f\u00f6r Balkong - Solskydd - V\u00e4ggf\u00e4ste - Aluminiumberg 3x2,5m - TRUUSK - Hem, Tr\u00e4dg\u00e5rd &amp; Fritid","isPartOf":{"@id":"https:\/\/truusk.store\/sv\/#website"},"primaryImageOfPage":{"@id":"https:\/\/truusk.store\/sv\/produkt\/truusk-markis-med-vev-fallarmsmarkis-for-balkong-solskydd-vaggfaste-aluminiumberg-3x25m\/#primaryimage"},"image":{"@id":"https:\/\/truusk.store\/sv\/produkt\/truusk-markis-med-vev-fallarmsmarkis-for-balkong-solskydd-vaggfaste-aluminiumberg-3x25m\/#primaryimage"},"thumbnailUrl":"https:\/\/i0.wp.com\/truusk.store\/wp-content\/uploads\/2024\/02\/markis-med-vev-fallarmsmarkis-solskydd-vaggfaste-balkong-aluminiumberg-3-x-25-m.webp?fit=800%2C800&ssl=1","datePublished":"2024-02-13T14:12:28+00:00","dateModified":"2026-03-12T08:02:28+00:00","breadcrumb":{"@id":"https:\/\/truusk.store\/sv\/produkt\/truusk-markis-med-vev-fallarmsmarkis-for-balkong-solskydd-vaggfaste-aluminiumberg-3x25m\/#breadcrumb"},"inLanguage":"sv-SE","potentialAction":[{"@type":"ReadAction","target":["https:\/\/truusk.store\/sv\/produkt\/truusk-markis-med-vev-fallarmsmarkis-for-balkong-solskydd-vaggfaste-aluminiumberg-3x25m\/"]}]},{"@type":"ImageObject","inLanguage":"sv-SE","@id":"https:\/\/truusk.store\/sv\/produkt\/truusk-markis-med-vev-fallarmsmarkis-for-balkong-solskydd-vaggfaste-aluminiumberg-3x25m\/#primaryimage","url":"https:\/\/i0.wp.com\/truusk.store\/wp-content\/uploads\/2024\/02\/markis-med-vev-fallarmsmarkis-solskydd-vaggfaste-balkong-aluminiumberg-3-x-25-m.webp?fit=800%2C800&ssl=1","contentUrl":"https:\/\/i0.wp.com\/truusk.store\/wp-content\/uploads\/2024\/02\/markis-med-vev-fallarmsmarkis-solskydd-vaggfaste-balkong-aluminiumberg-3-x-25-m.webp?fit=800%2C800&ssl=1","width":800,"height":800,"caption":"Markis Med Vev, F\u00e4llarmsmarkis, Solskydd, V\u00e4ggf\u00e4ste, Balkong, Aluminiumberg 3 X 2,5 M 1"},{"@type":"BreadcrumbList","@id":"https:\/\/truusk.store\/sv\/produkt\/truusk-markis-med-vev-fallarmsmarkis-for-balkong-solskydd-vaggfaste-aluminiumberg-3x25m\/#breadcrumb","itemListElement":[{"@type":"ListItem","position":1,"name":"Home","item":"https:\/\/truusk.store\/sv\/"},{"@type":"ListItem","position":2,"name":"Shop","item":"https:\/\/truusk.store\/shop\/"},{"@type":"ListItem","position":3,"name":"TRUUSK Markis Med Vev &#8211; F\u00e4llarmsmarkis f\u00f6r Balkong &#8211; Solskydd &#8211; V\u00e4ggf\u00e4ste &#8211; Aluminiumberg 3&#215;2,5m"}]},{"@type":"WebSite","@id":"https:\/\/truusk.store\/sv\/#website","url":"https:\/\/truusk.store\/sv\/","name":"TRUUSK - Hem, Tr\u00e4dg\u00e5rd & Fritid","description":"","publisher":{"@id":"https:\/\/truusk.store\/sv\/#organization"},"potentialAction":[{"@type":"SearchAction","target":{"@type":"EntryPoint","urlTemplate":"https:\/\/truusk.store\/sv\/?s={search_term_string}"},"query-input":{"@type":"PropertyValueSpecification","valueRequired":true,"valueName":"search_term_string"}}],"inLanguage":"sv-SE"},{"@type":"Organization","@id":"https:\/\/truusk.store\/sv\/#organization","name":"TRUUSK - Hem, Tr\u00e4dg\u00e5rd & Fritid","url":"https:\/\/truusk.store\/sv\/","logo":{"@type":"ImageObject","inLanguage":"sv-SE","@id":"https:\/\/truusk.store\/sv\/#\/schema\/logo\/image\/","url":"https:\/\/i0.wp.com\/truusk.store\/wp-content\/uploads\/2026\/03\/cropped-TRUUSK.png?fit=2032%2C917&ssl=1","contentUrl":"https:\/\/i0.wp.com\/truusk.store\/wp-content\/uploads\/2026\/03\/cropped-TRUUSK.png?fit=2032%2C917&ssl=1","width":2032,"height":917,"caption":"TRUUSK - Hem, Tr\u00e4dg\u00e5rd & Fritid"},"image":{"@id":"https:\/\/truusk.store\/sv\/#\/schema\/logo\/image\/"}}]}},"jetpack_sharing_enabled":true,"_links":{"self":[{"href":"https:\/\/truusk.store\/sv\/wp-json\/wp\/v2\/product\/20053","targetHints":{"allow":["GET"]}}],"collection":[{"href":"https:\/\/truusk.store\/sv\/wp-json\/wp\/v2\/product"}],"about":[{"href":"https:\/\/truusk.store\/sv\/wp-json\/wp\/v2\/types\/product"}],"wp:featuredmedia":[{"embeddable":true,"href":"https:\/\/truusk.store\/sv\/wp-json\/wp\/v2\/media\/20054"}],"wp:attachment":[{"href":"https:\/\/truusk.store\/sv\/wp-json\/wp\/v2\/media?parent=20053"}],"wp:term":[{"taxonomy":"product_brand","embeddable":true,"href":"https:\/\/truusk.store\/sv\/wp-json\/wp\/v2\/product_brand?post=20053"},{"taxonomy":"product_cat","embeddable":true,"href":"https:\/\/truusk.store\/sv\/wp-json\/wp\/v2\/product_cat?post=20053"},{"taxonomy":"product_tag","embeddable":true,"href":"https:\/\/truusk.store\/sv\/wp-json\/wp\/v2\/product_tag?post=20053"}],"curies":[{"name":"wp","href":"https:\/\/api.w.org\/{rel}","templated":true}]}}