{"id":20077,"date":"2024-02-13T15:13:10","date_gmt":"2024-02-13T14:13:10","guid":{"rendered":"https:\/\/truusk.store\/product\/lyxbank-kladd-bankpall-bank-polyestergummiskum-gra-117-x-40-x-58-cm\/"},"modified":"2026-03-12T09:02:29","modified_gmt":"2026-03-12T08:02:29","slug":"truusk-lyxig-bank-i-gratt-polyester-mjukt-skum-matt-117-x-40-x-58-cm","status":"publish","type":"product","link":"https:\/\/truusk.store\/sv\/produkt\/truusk-lyxig-bank-i-gratt-polyester-mjukt-skum-matt-117-x-40-x-58-cm\/","title":{"rendered":"TRUUSK Lyxig B\u00e4nk i Gr\u00e5tt Polyester &#8211; Mjukt Skum &#8211; M\u00e5tt 117 x 40 x 58 cm"},"content":{"rendered":"<p>Denna eleganta b\u00e4nk imponerar med sin h\u00f6ga niv\u00e5 av sittkomfort och sin glamor\u00f6sa vintagedesign. Knapptuftningen och den rundade designen p\u00e5minner om svunna tider. Konstruktionen av massivt tr\u00e4 och gummi \u00e4r stabil och stabil. Oavsett om det \u00e4r i slutet av s\u00e4ngen, framf\u00f6r garderoben eller som skob\u00e4nk &#8211; denna b\u00e4nk \u00e4r den perfekta b\u00e4nken f\u00f6r din garderob.<\/p>\n<h3>Beskrivning:<\/h3>\n<ul>\n<li>Glamor\u00f6s vintagedesign<\/li>\n<li>En robust ram av massivt tr\u00e4<\/li>\n<li>M\u00f6belbenen \u00e4r gjorda av gummi<\/li>\n<li>\u00d6verdrag av polyestertyg med en sammetsmjuk k\u00e4nsla<\/li>\n<li>Elegant tuftning med knappar och tofsar f\u00f6r en lyxig look<\/li>\n<li>Mjuk stoppning och armst\u00f6d f\u00f6r extra komfort<\/li>\n<li>Idealisk f\u00f6r entr\u00e9, vardagsrum, vardagsrum, allrum, sovrum etc.<\/li>\n<li>Enkel konstruktion<\/li>\n<\/ul>\n<h3>Teknisk data:<\/h3>\n<ul>\n<li>Material: ludd, tr\u00e4, skum<\/li>\n<li>\u00d6vergripande m\u00e5tt: L117 x B40 x H58 cm<\/li>\n<li>Sitsstorlek: L71 x B40 cm<\/li>\n<li>Sitth\u00f6jd: 42,5 cm<\/li>\n<li>H\u00f6jd: 19 cm<\/li>\n<li>Armst\u00f6dsh\u00f6jd (till sittplats): 58 cm<\/li>\n<li>F\u00e4rg gr\u00e5<\/li>\n<li>Lastkapacitet: 150 kg<\/li>\n<\/ul>\n<h3>Leveransens omfattning:<\/h3>\n<ul>\n<li>1 x Sminkbordsb\u00e4nkar<\/li>\n<li>1 x Monteringsanvisning<\/li>\n<\/ul>\n","protected":false},"excerpt":{"rendered":"<p>Denna eleganta b\u00e4nk imponerar med sin h\u00f6ga niv\u00e5 av sittkomfort och sin glamor\u00f6sa vintagedesign. Knapptuftningen och den rundade designen p\u00e5minner&#8230;<\/p>\n","protected":false},"featured_media":20078,"template":"","meta":[],"product_brand":[],"product_cat":[485,537,540],"product_tag":[],"class_list":{"0":"post-20077","1":"product","2":"type-product","3":"status-publish","4":"has-post-thumbnail","6":"product_cat-hus-bo","7":"product_cat-sittplatser-bankar","8":"product_cat-stoppade-bankar","10":"first","11":"instock","12":"sale","13":"taxable","14":"shipping-taxable","15":"purchasable","16":"product-type-simple"},"yoast_head":"<!-- This site is optimized with the Yoast SEO plugin v25.4 - https:\/\/yoast.com\/wordpress\/plugins\/seo\/ -->\n<title>TRUUSK Lyxig B\u00e4nk i Gr\u00e5tt Polyester - Mjukt Skum - M\u00e5tt 117 x 40 x 58 cm - TRUUSK - Hem, Tr\u00e4dg\u00e5rd &amp; Fritid<\/title>\n<meta name=\"robots\" content=\"index, follow, max-snippet:-1, max-image-preview:large, max-video-preview:-1\" \/>\n<link rel=\"canonical\" href=\"https:\/\/truusk.store\/sv\/produkt\/truusk-lyxig-bank-i-gratt-polyester-mjukt-skum-matt-117-x-40-x-58-cm\/\" \/>\n<meta property=\"og:locale\" content=\"sv_SE\" \/>\n<meta property=\"og:type\" content=\"article\" \/>\n<meta property=\"og:title\" content=\"TRUUSK Lyxig B\u00e4nk i Gr\u00e5tt Polyester - Mjukt Skum - M\u00e5tt 117 x 40 x 58 cm - TRUUSK - Hem, Tr\u00e4dg\u00e5rd &amp; Fritid\" \/>\n<meta property=\"og:description\" content=\"Denna eleganta b\u00e4nk imponerar med sin h\u00f6ga niv\u00e5 av sittkomfort och sin glamor\u00f6sa vintagedesign. Knapptuftningen och den rundade designen p\u00e5minner...\" \/>\n<meta property=\"og:url\" content=\"https:\/\/truusk.store\/sv\/produkt\/truusk-lyxig-bank-i-gratt-polyester-mjukt-skum-matt-117-x-40-x-58-cm\/\" \/>\n<meta property=\"og:site_name\" content=\"TRUUSK - Hem, Tr\u00e4dg\u00e5rd &amp; Fritid\" \/>\n<meta property=\"article:modified_time\" content=\"2026-03-12T08:02:29+00:00\" \/>\n<meta property=\"og:image\" content=\"https:\/\/i0.wp.com\/truusk.se\/wp-content\/uploads\/2024\/02\/lyxbank-kladd-bankpall-bank-polyestergummiskum-gra-117-x-40-x-58-cm.webp?fit=800%2C800&ssl=1\" \/>\n\t<meta property=\"og:image:width\" content=\"800\" \/>\n\t<meta property=\"og:image:height\" content=\"800\" \/>\n\t<meta property=\"og:image:type\" content=\"image\/webp\" \/>\n<meta name=\"twitter:card\" content=\"summary_large_image\" \/>\n<meta name=\"twitter:label1\" content=\"Ber\u00e4knad l\u00e4stid\" \/>\n\t<meta name=\"twitter:data1\" content=\"1 minut\" \/>\n<!-- \/ Yoast SEO plugin. -->","yoast_head_json":{"title":"TRUUSK Lyxig B\u00e4nk i Gr\u00e5tt Polyester - Mjukt Skum - M\u00e5tt 117 x 40 x 58 cm - TRUUSK - Hem, Tr\u00e4dg\u00e5rd &amp; Fritid","robots":{"index":"index","follow":"follow","max-snippet":"max-snippet:-1","max-image-preview":"max-image-preview:large","max-video-preview":"max-video-preview:-1"},"canonical":"https:\/\/truusk.store\/sv\/produkt\/truusk-lyxig-bank-i-gratt-polyester-mjukt-skum-matt-117-x-40-x-58-cm\/","og_locale":"sv_SE","og_type":"article","og_title":"TRUUSK Lyxig B\u00e4nk i Gr\u00e5tt Polyester - Mjukt Skum - M\u00e5tt 117 x 40 x 58 cm - TRUUSK - Hem, Tr\u00e4dg\u00e5rd &amp; Fritid","og_description":"Denna eleganta b\u00e4nk imponerar med sin h\u00f6ga niv\u00e5 av sittkomfort och sin glamor\u00f6sa vintagedesign. Knapptuftningen och den rundade designen p\u00e5minner...","og_url":"https:\/\/truusk.store\/sv\/produkt\/truusk-lyxig-bank-i-gratt-polyester-mjukt-skum-matt-117-x-40-x-58-cm\/","og_site_name":"TRUUSK - Hem, Tr\u00e4dg\u00e5rd &amp; Fritid","article_modified_time":"2026-03-12T08:02:29+00:00","og_image":[{"width":800,"height":800,"url":"https:\/\/i0.wp.com\/truusk.se\/wp-content\/uploads\/2024\/02\/lyxbank-kladd-bankpall-bank-polyestergummiskum-gra-117-x-40-x-58-cm.webp?fit=800%2C800&ssl=1","type":"image\/webp"}],"twitter_card":"summary_large_image","twitter_misc":{"Ber\u00e4knad l\u00e4stid":"1 minut"},"schema":{"@context":"https:\/\/schema.org","@graph":[{"@type":"WebPage","@id":"https:\/\/truusk.store\/sv\/produkt\/truusk-lyxig-bank-i-gratt-polyester-mjukt-skum-matt-117-x-40-x-58-cm\/","url":"https:\/\/truusk.store\/sv\/produkt\/truusk-lyxig-bank-i-gratt-polyester-mjukt-skum-matt-117-x-40-x-58-cm\/","name":"TRUUSK Lyxig B\u00e4nk i Gr\u00e5tt Polyester - Mjukt Skum - M\u00e5tt 117 x 40 x 58 cm - TRUUSK - Hem, Tr\u00e4dg\u00e5rd &amp; Fritid","isPartOf":{"@id":"https:\/\/truusk.store\/sv\/#website"},"primaryImageOfPage":{"@id":"https:\/\/truusk.store\/sv\/produkt\/truusk-lyxig-bank-i-gratt-polyester-mjukt-skum-matt-117-x-40-x-58-cm\/#primaryimage"},"image":{"@id":"https:\/\/truusk.store\/sv\/produkt\/truusk-lyxig-bank-i-gratt-polyester-mjukt-skum-matt-117-x-40-x-58-cm\/#primaryimage"},"thumbnailUrl":"https:\/\/i0.wp.com\/truusk.store\/wp-content\/uploads\/2024\/02\/lyxbank-kladd-bankpall-bank-polyestergummiskum-gra-117-x-40-x-58-cm.webp?fit=800%2C800&ssl=1","datePublished":"2024-02-13T14:13:10+00:00","dateModified":"2026-03-12T08:02:29+00:00","breadcrumb":{"@id":"https:\/\/truusk.store\/sv\/produkt\/truusk-lyxig-bank-i-gratt-polyester-mjukt-skum-matt-117-x-40-x-58-cm\/#breadcrumb"},"inLanguage":"sv-SE","potentialAction":[{"@type":"ReadAction","target":["https:\/\/truusk.store\/sv\/produkt\/truusk-lyxig-bank-i-gratt-polyester-mjukt-skum-matt-117-x-40-x-58-cm\/"]}]},{"@type":"ImageObject","inLanguage":"sv-SE","@id":"https:\/\/truusk.store\/sv\/produkt\/truusk-lyxig-bank-i-gratt-polyester-mjukt-skum-matt-117-x-40-x-58-cm\/#primaryimage","url":"https:\/\/i0.wp.com\/truusk.store\/wp-content\/uploads\/2024\/02\/lyxbank-kladd-bankpall-bank-polyestergummiskum-gra-117-x-40-x-58-cm.webp?fit=800%2C800&ssl=1","contentUrl":"https:\/\/i0.wp.com\/truusk.store\/wp-content\/uploads\/2024\/02\/lyxbank-kladd-bankpall-bank-polyestergummiskum-gra-117-x-40-x-58-cm.webp?fit=800%2C800&ssl=1","width":800,"height":800,"caption":"Lyxb\u00e4nk Kl\u00e4dd B\u00e4nkpall B\u00e4nk Polyestergummiskum Gr\u00e5 117 X 40 X 58 Cm 1"},{"@type":"BreadcrumbList","@id":"https:\/\/truusk.store\/sv\/produkt\/truusk-lyxig-bank-i-gratt-polyester-mjukt-skum-matt-117-x-40-x-58-cm\/#breadcrumb","itemListElement":[{"@type":"ListItem","position":1,"name":"Home","item":"https:\/\/truusk.store\/sv\/"},{"@type":"ListItem","position":2,"name":"Shop","item":"https:\/\/truusk.store\/shop\/"},{"@type":"ListItem","position":3,"name":"TRUUSK Lyxig B\u00e4nk i Gr\u00e5tt Polyester &#8211; Mjukt Skum &#8211; M\u00e5tt 117 x 40 x 58 cm"}]},{"@type":"WebSite","@id":"https:\/\/truusk.store\/sv\/#website","url":"https:\/\/truusk.store\/sv\/","name":"TRUUSK - Hem, Tr\u00e4dg\u00e5rd & Fritid","description":"","publisher":{"@id":"https:\/\/truusk.store\/sv\/#organization"},"potentialAction":[{"@type":"SearchAction","target":{"@type":"EntryPoint","urlTemplate":"https:\/\/truusk.store\/sv\/?s={search_term_string}"},"query-input":{"@type":"PropertyValueSpecification","valueRequired":true,"valueName":"search_term_string"}}],"inLanguage":"sv-SE"},{"@type":"Organization","@id":"https:\/\/truusk.store\/sv\/#organization","name":"TRUUSK - Hem, Tr\u00e4dg\u00e5rd & Fritid","url":"https:\/\/truusk.store\/sv\/","logo":{"@type":"ImageObject","inLanguage":"sv-SE","@id":"https:\/\/truusk.store\/sv\/#\/schema\/logo\/image\/","url":"https:\/\/i0.wp.com\/truusk.store\/wp-content\/uploads\/2026\/03\/cropped-TRUUSK.png?fit=2032%2C917&ssl=1","contentUrl":"https:\/\/i0.wp.com\/truusk.store\/wp-content\/uploads\/2026\/03\/cropped-TRUUSK.png?fit=2032%2C917&ssl=1","width":2032,"height":917,"caption":"TRUUSK - Hem, Tr\u00e4dg\u00e5rd & Fritid"},"image":{"@id":"https:\/\/truusk.store\/sv\/#\/schema\/logo\/image\/"}}]}},"jetpack_sharing_enabled":true,"_links":{"self":[{"href":"https:\/\/truusk.store\/sv\/wp-json\/wp\/v2\/product\/20077","targetHints":{"allow":["GET"]}}],"collection":[{"href":"https:\/\/truusk.store\/sv\/wp-json\/wp\/v2\/product"}],"about":[{"href":"https:\/\/truusk.store\/sv\/wp-json\/wp\/v2\/types\/product"}],"wp:featuredmedia":[{"embeddable":true,"href":"https:\/\/truusk.store\/sv\/wp-json\/wp\/v2\/media\/20078"}],"wp:attachment":[{"href":"https:\/\/truusk.store\/sv\/wp-json\/wp\/v2\/media?parent=20077"}],"wp:term":[{"taxonomy":"product_brand","embeddable":true,"href":"https:\/\/truusk.store\/sv\/wp-json\/wp\/v2\/product_brand?post=20077"},{"taxonomy":"product_cat","embeddable":true,"href":"https:\/\/truusk.store\/sv\/wp-json\/wp\/v2\/product_cat?post=20077"},{"taxonomy":"product_tag","embeddable":true,"href":"https:\/\/truusk.store\/sv\/wp-json\/wp\/v2\/product_tag?post=20077"}],"curies":[{"name":"wp","href":"https:\/\/api.w.org\/{rel}","templated":true}]}}