{"id":20112,"date":"2024-02-13T15:14:12","date_gmt":"2024-02-13T14:14:12","guid":{"rendered":"https:\/\/truusk.store\/product\/valp-spring-utomhus-inhagnad-djur-lekhage-lekhage-valp-staket-valp-lekhage-hund-lekhage-600d-oxford-120-x-h58-cm\/"},"modified":"2026-03-12T09:02:30","modified_gmt":"2026-03-12T08:02:30","slug":"truusk-hund-lekhage-120x58-cm-600d-oxford-tyg-valp-spring-ut-inhagnad-for-valpar-och-sma-hundar-staket-inkluderat","status":"publish","type":"product","link":"https:\/\/truusk.store\/sv\/produkt\/truusk-hund-lekhage-120x58-cm-600d-oxford-tyg-valp-spring-ut-inhagnad-for-valpar-och-sma-hundar-staket-inkluderat\/","title":{"rendered":"TRUUSK Hund Lekhage 120&#215;58 cm &#8211; 600D Oxford Tyg &#8211; Valp Spring Ut &#8211; Inh\u00e4gnad f\u00f6r Valpar och Sm\u00e5 Hundar &#8211; Staket inkluderat"},"content":{"rendered":"<p>Denna valpk\u00f6rning kan anv\u00e4ndas b\u00e5de utomhus och inomhus och \u00e4r s\u00e4rskilt l\u00e4mplig f\u00f6r valpar eller andra sm\u00e5djur. Den \u00e4r idealisk f\u00f6r hundtr\u00e4ning eller som sovplats, rastplats eller lekplats. Detta kommer att s\u00e4kerst\u00e4lla s\u00e4kerheten f\u00f6r dina valpar och st\u00e4dningen i huset n\u00e4r du inte kan ta hand om ditt husdjur.<\/p>\n<h3>Beskrivning:<\/h3>\n<ul>\n<li>extra l\u00e4tt och mycket stabil, praktisk f\u00f6r p\u00e5 spr\u00e5ng och p\u00e5 resa<\/li>\n<li>snabb och enkel att s\u00e4tta upp och demontera med popup-system<\/li>\n<li>h\u00f6g stabilitet tack vare kraftig st\u00e5lram<\/li>\n<li>med 2 ing\u00e5ngar och utg\u00e5ngar<\/li>\n<li>med n\u00e4tskydd f\u00f6r att skydda mot andra djur eller att hoppa ut<\/li>\n<li>med tv\u00e5 praktiska fickor och flaskh\u00e5llare p\u00e5 sidan<\/li>\n<li>Sidon\u00e4t f\u00f6r bra luftcirkulation och bra sikt \u00f6ver valparna<\/li>\n<li>Avtagbart och tv\u00e4ttbart n\u00e4tskydd och basinl\u00e4gg<\/li>\n<li>Material: 600D Oxford-tyg, l\u00e4ttsk\u00f6tt<\/li>\n<li>Vikbar f\u00f6r att spara utrymme<\/li>\n<li>Inkluderar b\u00e4rv\u00e4ska och markpinnar<\/li>\n<\/ul>\n<h3>Teknisk data:<\/h3>\n<ul>\n<li>Material: Oxfordduk, st\u00e5l<\/li>\n<li>F\u00e4rg: Svart+Gr\u00e4ddvit<\/li>\n<li>M\u00e5tt (monterad): 120 x H58 cm<\/li>\n<li>M\u00e5tt (vikt): L51 x B65 x H7 cm<\/li>\n<\/ul>\n<h3>Leveransens omfattning:<\/h3>\n<ul>\n<li>1 x Puppy Run<\/li>\n<li>4 x pinnar<\/li>\n<\/ul>\n","protected":false},"excerpt":{"rendered":"<p>Denna valpk\u00f6rning kan anv\u00e4ndas b\u00e5de utomhus och inomhus och \u00e4r s\u00e4rskilt l\u00e4mplig f\u00f6r valpar eller andra sm\u00e5djur. Den \u00e4r idealisk&#8230;<\/p>\n","protected":false},"featured_media":20113,"template":"","meta":[],"product_brand":[],"product_cat":[583,574,573],"product_tag":[],"class_list":{"0":"post-20112","1":"product","2":"type-product","3":"status-publish","4":"has-post-thumbnail","6":"product_cat-hundburar","7":"product_cat-hundtillbehor","8":"product_cat-husdjursmaterial","10":"first","11":"instock","12":"sale","13":"taxable","14":"shipping-taxable","15":"purchasable","16":"product-type-simple"},"yoast_head":"<!-- This site is optimized with the Yoast SEO plugin v25.4 - https:\/\/yoast.com\/wordpress\/plugins\/seo\/ -->\n<title>TRUUSK Hund Lekhage 120x58 cm - 600D Oxford Tyg - Valp Spring Ut - Inh\u00e4gnad f\u00f6r Valpar och Sm\u00e5 Hundar - Staket inkluderat - TRUUSK - Hem, Tr\u00e4dg\u00e5rd &amp; Fritid<\/title>\n<meta name=\"robots\" content=\"index, follow, max-snippet:-1, max-image-preview:large, max-video-preview:-1\" \/>\n<link rel=\"canonical\" href=\"https:\/\/truusk.store\/sv\/produkt\/truusk-hund-lekhage-120x58-cm-600d-oxford-tyg-valp-spring-ut-inhagnad-for-valpar-och-sma-hundar-staket-inkluderat\/\" \/>\n<meta property=\"og:locale\" content=\"sv_SE\" \/>\n<meta property=\"og:type\" content=\"article\" \/>\n<meta property=\"og:title\" content=\"TRUUSK Hund Lekhage 120x58 cm - 600D Oxford Tyg - Valp Spring Ut - Inh\u00e4gnad f\u00f6r Valpar och Sm\u00e5 Hundar - Staket inkluderat - TRUUSK - Hem, Tr\u00e4dg\u00e5rd &amp; Fritid\" \/>\n<meta property=\"og:description\" content=\"Denna valpk\u00f6rning kan anv\u00e4ndas b\u00e5de utomhus och inomhus och \u00e4r s\u00e4rskilt l\u00e4mplig f\u00f6r valpar eller andra sm\u00e5djur. Den \u00e4r idealisk...\" \/>\n<meta property=\"og:url\" content=\"https:\/\/truusk.store\/sv\/produkt\/truusk-hund-lekhage-120x58-cm-600d-oxford-tyg-valp-spring-ut-inhagnad-for-valpar-och-sma-hundar-staket-inkluderat\/\" \/>\n<meta property=\"og:site_name\" content=\"TRUUSK - Hem, Tr\u00e4dg\u00e5rd &amp; Fritid\" \/>\n<meta property=\"article:modified_time\" content=\"2026-03-12T08:02:30+00:00\" \/>\n<meta property=\"og:image\" content=\"https:\/\/i0.wp.com\/truusk.se\/wp-content\/uploads\/2024\/02\/valp-spring-utomhus-inhagnad-djur-lekhage-lekhage-valp-staket-valp-lekhage-hund-lekhage-600d-oxford-120-x-h58-cm.webp?fit=800%2C800&ssl=1\" \/>\n\t<meta property=\"og:image:width\" content=\"800\" \/>\n\t<meta property=\"og:image:height\" content=\"800\" \/>\n\t<meta property=\"og:image:type\" content=\"image\/webp\" \/>\n<meta name=\"twitter:card\" content=\"summary_large_image\" \/>\n<meta name=\"twitter:label1\" content=\"Ber\u00e4knad l\u00e4stid\" \/>\n\t<meta name=\"twitter:data1\" content=\"1 minut\" \/>\n<!-- \/ Yoast SEO plugin. -->","yoast_head_json":{"title":"TRUUSK Hund Lekhage 120x58 cm - 600D Oxford Tyg - Valp Spring Ut - Inh\u00e4gnad f\u00f6r Valpar och Sm\u00e5 Hundar - Staket inkluderat - TRUUSK - Hem, Tr\u00e4dg\u00e5rd &amp; Fritid","robots":{"index":"index","follow":"follow","max-snippet":"max-snippet:-1","max-image-preview":"max-image-preview:large","max-video-preview":"max-video-preview:-1"},"canonical":"https:\/\/truusk.store\/sv\/produkt\/truusk-hund-lekhage-120x58-cm-600d-oxford-tyg-valp-spring-ut-inhagnad-for-valpar-och-sma-hundar-staket-inkluderat\/","og_locale":"sv_SE","og_type":"article","og_title":"TRUUSK Hund Lekhage 120x58 cm - 600D Oxford Tyg - Valp Spring Ut - Inh\u00e4gnad f\u00f6r Valpar och Sm\u00e5 Hundar - Staket inkluderat - TRUUSK - Hem, Tr\u00e4dg\u00e5rd &amp; Fritid","og_description":"Denna valpk\u00f6rning kan anv\u00e4ndas b\u00e5de utomhus och inomhus och \u00e4r s\u00e4rskilt l\u00e4mplig f\u00f6r valpar eller andra sm\u00e5djur. Den \u00e4r idealisk...","og_url":"https:\/\/truusk.store\/sv\/produkt\/truusk-hund-lekhage-120x58-cm-600d-oxford-tyg-valp-spring-ut-inhagnad-for-valpar-och-sma-hundar-staket-inkluderat\/","og_site_name":"TRUUSK - Hem, Tr\u00e4dg\u00e5rd &amp; Fritid","article_modified_time":"2026-03-12T08:02:30+00:00","og_image":[{"width":800,"height":800,"url":"https:\/\/i0.wp.com\/truusk.se\/wp-content\/uploads\/2024\/02\/valp-spring-utomhus-inhagnad-djur-lekhage-lekhage-valp-staket-valp-lekhage-hund-lekhage-600d-oxford-120-x-h58-cm.webp?fit=800%2C800&ssl=1","type":"image\/webp"}],"twitter_card":"summary_large_image","twitter_misc":{"Ber\u00e4knad l\u00e4stid":"1 minut"},"schema":{"@context":"https:\/\/schema.org","@graph":[{"@type":"WebPage","@id":"https:\/\/truusk.store\/sv\/produkt\/truusk-hund-lekhage-120x58-cm-600d-oxford-tyg-valp-spring-ut-inhagnad-for-valpar-och-sma-hundar-staket-inkluderat\/","url":"https:\/\/truusk.store\/sv\/produkt\/truusk-hund-lekhage-120x58-cm-600d-oxford-tyg-valp-spring-ut-inhagnad-for-valpar-och-sma-hundar-staket-inkluderat\/","name":"TRUUSK Hund Lekhage 120x58 cm - 600D Oxford Tyg - Valp Spring Ut - Inh\u00e4gnad f\u00f6r Valpar och Sm\u00e5 Hundar - Staket inkluderat - TRUUSK - Hem, Tr\u00e4dg\u00e5rd &amp; Fritid","isPartOf":{"@id":"https:\/\/truusk.store\/sv\/#website"},"primaryImageOfPage":{"@id":"https:\/\/truusk.store\/sv\/produkt\/truusk-hund-lekhage-120x58-cm-600d-oxford-tyg-valp-spring-ut-inhagnad-for-valpar-och-sma-hundar-staket-inkluderat\/#primaryimage"},"image":{"@id":"https:\/\/truusk.store\/sv\/produkt\/truusk-hund-lekhage-120x58-cm-600d-oxford-tyg-valp-spring-ut-inhagnad-for-valpar-och-sma-hundar-staket-inkluderat\/#primaryimage"},"thumbnailUrl":"https:\/\/i0.wp.com\/truusk.store\/wp-content\/uploads\/2024\/02\/valp-spring-utomhus-inhagnad-djur-lekhage-lekhage-valp-staket-valp-lekhage-hund-lekhage-600d-oxford-120-x-h58-cm.webp?fit=800%2C800&ssl=1","datePublished":"2024-02-13T14:14:12+00:00","dateModified":"2026-03-12T08:02:30+00:00","breadcrumb":{"@id":"https:\/\/truusk.store\/sv\/produkt\/truusk-hund-lekhage-120x58-cm-600d-oxford-tyg-valp-spring-ut-inhagnad-for-valpar-och-sma-hundar-staket-inkluderat\/#breadcrumb"},"inLanguage":"sv-SE","potentialAction":[{"@type":"ReadAction","target":["https:\/\/truusk.store\/sv\/produkt\/truusk-hund-lekhage-120x58-cm-600d-oxford-tyg-valp-spring-ut-inhagnad-for-valpar-och-sma-hundar-staket-inkluderat\/"]}]},{"@type":"ImageObject","inLanguage":"sv-SE","@id":"https:\/\/truusk.store\/sv\/produkt\/truusk-hund-lekhage-120x58-cm-600d-oxford-tyg-valp-spring-ut-inhagnad-for-valpar-och-sma-hundar-staket-inkluderat\/#primaryimage","url":"https:\/\/i0.wp.com\/truusk.store\/wp-content\/uploads\/2024\/02\/valp-spring-utomhus-inhagnad-djur-lekhage-lekhage-valp-staket-valp-lekhage-hund-lekhage-600d-oxford-120-x-h58-cm.webp?fit=800%2C800&ssl=1","contentUrl":"https:\/\/i0.wp.com\/truusk.store\/wp-content\/uploads\/2024\/02\/valp-spring-utomhus-inhagnad-djur-lekhage-lekhage-valp-staket-valp-lekhage-hund-lekhage-600d-oxford-120-x-h58-cm.webp?fit=800%2C800&ssl=1","width":800,"height":800,"caption":"Valp Spring Utomhus Inh\u00e4gnad Djur Lekhage Lekhage Valp Staket Valp Lekhage Hund Lekhage 600D Oxford 120 X H58 Cm 1"},{"@type":"BreadcrumbList","@id":"https:\/\/truusk.store\/sv\/produkt\/truusk-hund-lekhage-120x58-cm-600d-oxford-tyg-valp-spring-ut-inhagnad-for-valpar-och-sma-hundar-staket-inkluderat\/#breadcrumb","itemListElement":[{"@type":"ListItem","position":1,"name":"Home","item":"https:\/\/truusk.store\/sv\/"},{"@type":"ListItem","position":2,"name":"Shop","item":"https:\/\/truusk.store\/shop\/"},{"@type":"ListItem","position":3,"name":"TRUUSK Hund Lekhage 120&#215;58 cm &#8211; 600D Oxford Tyg &#8211; Valp Spring Ut &#8211; Inh\u00e4gnad f\u00f6r Valpar och Sm\u00e5 Hundar &#8211; Staket inkluderat"}]},{"@type":"WebSite","@id":"https:\/\/truusk.store\/sv\/#website","url":"https:\/\/truusk.store\/sv\/","name":"TRUUSK - Hem, Tr\u00e4dg\u00e5rd & Fritid","description":"","publisher":{"@id":"https:\/\/truusk.store\/sv\/#organization"},"potentialAction":[{"@type":"SearchAction","target":{"@type":"EntryPoint","urlTemplate":"https:\/\/truusk.store\/sv\/?s={search_term_string}"},"query-input":{"@type":"PropertyValueSpecification","valueRequired":true,"valueName":"search_term_string"}}],"inLanguage":"sv-SE"},{"@type":"Organization","@id":"https:\/\/truusk.store\/sv\/#organization","name":"TRUUSK - Hem, Tr\u00e4dg\u00e5rd & Fritid","url":"https:\/\/truusk.store\/sv\/","logo":{"@type":"ImageObject","inLanguage":"sv-SE","@id":"https:\/\/truusk.store\/sv\/#\/schema\/logo\/image\/","url":"https:\/\/i0.wp.com\/truusk.store\/wp-content\/uploads\/2026\/03\/cropped-TRUUSK.png?fit=2032%2C917&ssl=1","contentUrl":"https:\/\/i0.wp.com\/truusk.store\/wp-content\/uploads\/2026\/03\/cropped-TRUUSK.png?fit=2032%2C917&ssl=1","width":2032,"height":917,"caption":"TRUUSK - Hem, Tr\u00e4dg\u00e5rd & Fritid"},"image":{"@id":"https:\/\/truusk.store\/sv\/#\/schema\/logo\/image\/"}}]}},"jetpack_sharing_enabled":true,"_links":{"self":[{"href":"https:\/\/truusk.store\/sv\/wp-json\/wp\/v2\/product\/20112","targetHints":{"allow":["GET"]}}],"collection":[{"href":"https:\/\/truusk.store\/sv\/wp-json\/wp\/v2\/product"}],"about":[{"href":"https:\/\/truusk.store\/sv\/wp-json\/wp\/v2\/types\/product"}],"wp:featuredmedia":[{"embeddable":true,"href":"https:\/\/truusk.store\/sv\/wp-json\/wp\/v2\/media\/20113"}],"wp:attachment":[{"href":"https:\/\/truusk.store\/sv\/wp-json\/wp\/v2\/media?parent=20112"}],"wp:term":[{"taxonomy":"product_brand","embeddable":true,"href":"https:\/\/truusk.store\/sv\/wp-json\/wp\/v2\/product_brand?post=20112"},{"taxonomy":"product_cat","embeddable":true,"href":"https:\/\/truusk.store\/sv\/wp-json\/wp\/v2\/product_cat?post=20112"},{"taxonomy":"product_tag","embeddable":true,"href":"https:\/\/truusk.store\/sv\/wp-json\/wp\/v2\/product_tag?post=20112"}],"curies":[{"name":"wp","href":"https:\/\/api.w.org\/{rel}","templated":true}]}}