{"id":20147,"date":"2024-02-13T15:15:07","date_gmt":"2024-02-13T14:15:07","guid":{"rendered":"https:\/\/truusk.store\/product\/glas-skjutdorr-skjutdorr-glasdorr-rumsdorr-delvis-satinerad-900-x-2050-mm\/"},"modified":"2026-03-12T09:03:05","modified_gmt":"2026-03-12T08:03:05","slug":"truusk-glas-skjutdorr-delvis-satinerad-900-x-2050-mm-hog-kvalitet-modern-design","status":"publish","type":"product","link":"https:\/\/truusk.store\/sv\/produkt\/truusk-glas-skjutdorr-delvis-satinerad-900-x-2050-mm-hog-kvalitet-modern-design\/","title":{"rendered":"TRUUSK Glas Skjutd\u00f6rr &#8211; Delvis Satinerad &#8211; 900 X 2050 mm &#8211; H\u00f6g Kvalitet &#8211; Modern Design"},"content":{"rendered":"<p>\u00c5teruppt\u00e4ck ditt hem. Oavsett om som rumsavdelare, entr\u00e9d\u00f6rr eller modern br\u00f6dd\u00f6rr. Anv\u00e4ndningsm\u00f6jligheterna \u00e4r olika. Glasrutan \u00e4r delvis satinerad och genomskinlig. Den \u00e4r f\u00e4st p\u00e5 aluminiumupph\u00e4ngningssystemet. Det g\u00f6r att den g\u00e5r s\u00e5 tyst och tyst som m\u00f6jligt \u2013 utan ytterligare golvstyrning. Sj\u00e4lva rutan \u00e4r gjord av 8 mm tjock ESG och \u00e4r s\u00e4rskilt robust. D\u00f6rren kommer i en komplett upps\u00e4ttning, s\u00e5 att den enkelt kan monteras \u00e4ven utan hantverkserfarenhet.<\/p>\n<h3>Beskrivning:<\/h3>\n<ul>\n<li>Elegant design<\/li>\n<li>F\u00f6r montering p\u00e5 v\u00e4gg<\/li>\n<li>L\u00e4mplig f\u00f6r anv\u00e4ndning p\u00e5 kontoret och i vardagsrummet<\/li>\n<li>Glasd\u00f6rr med 8 mm tjocklek ger h\u00f6g robusthet<\/li>\n<li>Glasd\u00f6rrens yta delvis satinerad med klara r\u00e4nder, ogenomskinlig och samtidigt genomskinlig<\/li>\n<li>L\u00f6pskenor i aluminium s\u00e4kerst\u00e4ller h\u00f6g stabilitet<\/li>\n<li>D\u00f6rren glider tyst tack vare h\u00f6gkvalitativa gummihjul<\/li>\n<li>Med skalhandtag p\u00e5 b\u00e5da sidor<\/li>\n<li>inklusive markv\u00e4gledning<\/li>\n<li>L\u00e4tt att st\u00e4da<\/li>\n<li>Enkel konstruktion<\/li>\n<li>F\u00f6rbered ett minsta avst\u00e5nd p\u00e5 130 mm ovanf\u00f6r d\u00f6rren f\u00f6r installation<\/li>\n<li>OBS: Leverans endast till trottoarkanten<\/li>\n<\/ul>\n<h3>Teknisk data:<\/h3>\n<ul>\n<li>Material: aluminium, s\u00e4kerhetsglas<\/li>\n<li>D\u00f6rrens m\u00e5tt: H2050 x L900 mm<\/li>\n<li>Glastjocklek: 8 mm<\/li>\n<li>L\u00e4ngd p\u00e5 l\u00f6pskenan: 2000 mm<\/li>\n<li>Lastkapacitet: 60 kg<\/li>\n<\/ul>\n<h3>Leveransens omfattning:<\/h3>\n<ul>\n<li>1 x glasd\u00f6rr<\/li>\n<li>1 x l\u00f6pskena inklusive monteringstillbeh\u00f6r (2 x vagnar, 2 x kl\u00e4mbackar, skruvar)<\/li>\n<li>1 x Monteringsanvisning<\/li>\n<li>VARNING: Kontrollera glasets skick f\u00f6re montering. Om du m\u00e4rker n\u00e5gon skada, v\u00e4nligen rapportera det s\u00e5 att en l\u00e4mplig ers\u00e4ttning kan ordnas<\/li>\n<li>VIKTIGT: Vi levererar varan till trottoarkanten utan kostnad. Se till att du anger r\u00e4tt adress och telefonnummer.<\/li>\n<\/ul>\n","protected":false},"excerpt":{"rendered":"<p>\u00c5teruppt\u00e4ck ditt hem. Oavsett om som rumsavdelare, entr\u00e9d\u00f6rr eller modern br\u00f6dd\u00f6rr. Anv\u00e4ndningsm\u00f6jligheterna \u00e4r olika. Glasrutan \u00e4r delvis satinerad och genomskinlig&#8230;.<\/p>\n","protected":false},"featured_media":20148,"template":"","meta":[],"product_brand":[],"product_cat":[671,672,675],"product_tag":[],"class_list":{"0":"post-20147","1":"product","2":"type-product","3":"status-publish","4":"has-post-thumbnail","6":"product_cat-jarnaffar","7":"product_cat-runt-huset","8":"product_cat-skjutdorrar","10":"first","11":"instock","12":"sale","13":"taxable","14":"shipping-taxable","15":"purchasable","16":"product-type-simple"},"yoast_head":"<!-- This site is optimized with the Yoast SEO plugin v25.4 - https:\/\/yoast.com\/wordpress\/plugins\/seo\/ -->\n<title>TRUUSK Glas Skjutd\u00f6rr - Delvis Satinerad - 900 X 2050 mm - H\u00f6g Kvalitet - Modern Design - TRUUSK - Hem, Tr\u00e4dg\u00e5rd &amp; Fritid<\/title>\n<meta name=\"robots\" content=\"index, follow, max-snippet:-1, max-image-preview:large, max-video-preview:-1\" \/>\n<link rel=\"canonical\" href=\"https:\/\/truusk.store\/sv\/produkt\/truusk-glas-skjutdorr-delvis-satinerad-900-x-2050-mm-hog-kvalitet-modern-design\/\" \/>\n<meta property=\"og:locale\" content=\"sv_SE\" \/>\n<meta property=\"og:type\" content=\"article\" \/>\n<meta property=\"og:title\" content=\"TRUUSK Glas Skjutd\u00f6rr - Delvis Satinerad - 900 X 2050 mm - H\u00f6g Kvalitet - Modern Design - TRUUSK - Hem, Tr\u00e4dg\u00e5rd &amp; Fritid\" \/>\n<meta property=\"og:description\" content=\"\u00c5teruppt\u00e4ck ditt hem. Oavsett om som rumsavdelare, entr\u00e9d\u00f6rr eller modern br\u00f6dd\u00f6rr. Anv\u00e4ndningsm\u00f6jligheterna \u00e4r olika. Glasrutan \u00e4r delvis satinerad och genomskinlig....\" \/>\n<meta property=\"og:url\" content=\"https:\/\/truusk.store\/sv\/produkt\/truusk-glas-skjutdorr-delvis-satinerad-900-x-2050-mm-hog-kvalitet-modern-design\/\" \/>\n<meta property=\"og:site_name\" content=\"TRUUSK - Hem, Tr\u00e4dg\u00e5rd &amp; Fritid\" \/>\n<meta property=\"article:modified_time\" content=\"2026-03-12T08:03:05+00:00\" \/>\n<meta property=\"og:image\" content=\"https:\/\/i0.wp.com\/truusk.se\/wp-content\/uploads\/2024\/02\/glas-skjutdorr-skjutdorr-glasdorr-rumsdorr-delvis-satinerad-900-x-2050-mm.webp?fit=800%2C800&ssl=1\" \/>\n\t<meta property=\"og:image:width\" content=\"800\" \/>\n\t<meta property=\"og:image:height\" content=\"800\" \/>\n\t<meta property=\"og:image:type\" content=\"image\/webp\" \/>\n<meta name=\"twitter:card\" content=\"summary_large_image\" \/>\n<meta name=\"twitter:label1\" content=\"Ber\u00e4knad l\u00e4stid\" \/>\n\t<meta name=\"twitter:data1\" content=\"1 minut\" \/>\n<!-- \/ Yoast SEO plugin. -->","yoast_head_json":{"title":"TRUUSK Glas Skjutd\u00f6rr - Delvis Satinerad - 900 X 2050 mm - H\u00f6g Kvalitet - Modern Design - TRUUSK - Hem, Tr\u00e4dg\u00e5rd &amp; Fritid","robots":{"index":"index","follow":"follow","max-snippet":"max-snippet:-1","max-image-preview":"max-image-preview:large","max-video-preview":"max-video-preview:-1"},"canonical":"https:\/\/truusk.store\/sv\/produkt\/truusk-glas-skjutdorr-delvis-satinerad-900-x-2050-mm-hog-kvalitet-modern-design\/","og_locale":"sv_SE","og_type":"article","og_title":"TRUUSK Glas Skjutd\u00f6rr - Delvis Satinerad - 900 X 2050 mm - H\u00f6g Kvalitet - Modern Design - TRUUSK - Hem, Tr\u00e4dg\u00e5rd &amp; Fritid","og_description":"\u00c5teruppt\u00e4ck ditt hem. Oavsett om som rumsavdelare, entr\u00e9d\u00f6rr eller modern br\u00f6dd\u00f6rr. Anv\u00e4ndningsm\u00f6jligheterna \u00e4r olika. Glasrutan \u00e4r delvis satinerad och genomskinlig....","og_url":"https:\/\/truusk.store\/sv\/produkt\/truusk-glas-skjutdorr-delvis-satinerad-900-x-2050-mm-hog-kvalitet-modern-design\/","og_site_name":"TRUUSK - Hem, Tr\u00e4dg\u00e5rd &amp; Fritid","article_modified_time":"2026-03-12T08:03:05+00:00","og_image":[{"width":800,"height":800,"url":"https:\/\/i0.wp.com\/truusk.se\/wp-content\/uploads\/2024\/02\/glas-skjutdorr-skjutdorr-glasdorr-rumsdorr-delvis-satinerad-900-x-2050-mm.webp?fit=800%2C800&ssl=1","type":"image\/webp"}],"twitter_card":"summary_large_image","twitter_misc":{"Ber\u00e4knad l\u00e4stid":"1 minut"},"schema":{"@context":"https:\/\/schema.org","@graph":[{"@type":"WebPage","@id":"https:\/\/truusk.store\/sv\/produkt\/truusk-glas-skjutdorr-delvis-satinerad-900-x-2050-mm-hog-kvalitet-modern-design\/","url":"https:\/\/truusk.store\/sv\/produkt\/truusk-glas-skjutdorr-delvis-satinerad-900-x-2050-mm-hog-kvalitet-modern-design\/","name":"TRUUSK Glas Skjutd\u00f6rr - Delvis Satinerad - 900 X 2050 mm - H\u00f6g Kvalitet - Modern Design - TRUUSK - Hem, Tr\u00e4dg\u00e5rd &amp; Fritid","isPartOf":{"@id":"https:\/\/truusk.store\/sv\/#website"},"primaryImageOfPage":{"@id":"https:\/\/truusk.store\/sv\/produkt\/truusk-glas-skjutdorr-delvis-satinerad-900-x-2050-mm-hog-kvalitet-modern-design\/#primaryimage"},"image":{"@id":"https:\/\/truusk.store\/sv\/produkt\/truusk-glas-skjutdorr-delvis-satinerad-900-x-2050-mm-hog-kvalitet-modern-design\/#primaryimage"},"thumbnailUrl":"https:\/\/i0.wp.com\/truusk.store\/wp-content\/uploads\/2024\/02\/glas-skjutdorr-skjutdorr-glasdorr-rumsdorr-delvis-satinerad-900-x-2050-mm.webp?fit=800%2C800&ssl=1","datePublished":"2024-02-13T14:15:07+00:00","dateModified":"2026-03-12T08:03:05+00:00","breadcrumb":{"@id":"https:\/\/truusk.store\/sv\/produkt\/truusk-glas-skjutdorr-delvis-satinerad-900-x-2050-mm-hog-kvalitet-modern-design\/#breadcrumb"},"inLanguage":"sv-SE","potentialAction":[{"@type":"ReadAction","target":["https:\/\/truusk.store\/sv\/produkt\/truusk-glas-skjutdorr-delvis-satinerad-900-x-2050-mm-hog-kvalitet-modern-design\/"]}]},{"@type":"ImageObject","inLanguage":"sv-SE","@id":"https:\/\/truusk.store\/sv\/produkt\/truusk-glas-skjutdorr-delvis-satinerad-900-x-2050-mm-hog-kvalitet-modern-design\/#primaryimage","url":"https:\/\/i0.wp.com\/truusk.store\/wp-content\/uploads\/2024\/02\/glas-skjutdorr-skjutdorr-glasdorr-rumsdorr-delvis-satinerad-900-x-2050-mm.webp?fit=800%2C800&ssl=1","contentUrl":"https:\/\/i0.wp.com\/truusk.store\/wp-content\/uploads\/2024\/02\/glas-skjutdorr-skjutdorr-glasdorr-rumsdorr-delvis-satinerad-900-x-2050-mm.webp?fit=800%2C800&ssl=1","width":800,"height":800,"caption":"Glas Skjutd\u00f6rr Skjutd\u00f6rr Glasd\u00f6rr Rumsd\u00f6rr Delvis Satinerad 900 X 2050 Mm 1"},{"@type":"BreadcrumbList","@id":"https:\/\/truusk.store\/sv\/produkt\/truusk-glas-skjutdorr-delvis-satinerad-900-x-2050-mm-hog-kvalitet-modern-design\/#breadcrumb","itemListElement":[{"@type":"ListItem","position":1,"name":"Home","item":"https:\/\/truusk.store\/sv\/"},{"@type":"ListItem","position":2,"name":"Shop","item":"https:\/\/truusk.store\/shop\/"},{"@type":"ListItem","position":3,"name":"TRUUSK Glas Skjutd\u00f6rr &#8211; Delvis Satinerad &#8211; 900 X 2050 mm &#8211; H\u00f6g Kvalitet &#8211; Modern Design"}]},{"@type":"WebSite","@id":"https:\/\/truusk.store\/sv\/#website","url":"https:\/\/truusk.store\/sv\/","name":"TRUUSK - Hem, Tr\u00e4dg\u00e5rd & Fritid","description":"","publisher":{"@id":"https:\/\/truusk.store\/sv\/#organization"},"potentialAction":[{"@type":"SearchAction","target":{"@type":"EntryPoint","urlTemplate":"https:\/\/truusk.store\/sv\/?s={search_term_string}"},"query-input":{"@type":"PropertyValueSpecification","valueRequired":true,"valueName":"search_term_string"}}],"inLanguage":"sv-SE"},{"@type":"Organization","@id":"https:\/\/truusk.store\/sv\/#organization","name":"TRUUSK - Hem, Tr\u00e4dg\u00e5rd & Fritid","url":"https:\/\/truusk.store\/sv\/","logo":{"@type":"ImageObject","inLanguage":"sv-SE","@id":"https:\/\/truusk.store\/sv\/#\/schema\/logo\/image\/","url":"https:\/\/i0.wp.com\/truusk.store\/wp-content\/uploads\/2026\/03\/cropped-TRUUSK.png?fit=2032%2C917&ssl=1","contentUrl":"https:\/\/i0.wp.com\/truusk.store\/wp-content\/uploads\/2026\/03\/cropped-TRUUSK.png?fit=2032%2C917&ssl=1","width":2032,"height":917,"caption":"TRUUSK - Hem, Tr\u00e4dg\u00e5rd & Fritid"},"image":{"@id":"https:\/\/truusk.store\/sv\/#\/schema\/logo\/image\/"}}]}},"jetpack_sharing_enabled":true,"_links":{"self":[{"href":"https:\/\/truusk.store\/sv\/wp-json\/wp\/v2\/product\/20147","targetHints":{"allow":["GET"]}}],"collection":[{"href":"https:\/\/truusk.store\/sv\/wp-json\/wp\/v2\/product"}],"about":[{"href":"https:\/\/truusk.store\/sv\/wp-json\/wp\/v2\/types\/product"}],"wp:featuredmedia":[{"embeddable":true,"href":"https:\/\/truusk.store\/sv\/wp-json\/wp\/v2\/media\/20148"}],"wp:attachment":[{"href":"https:\/\/truusk.store\/sv\/wp-json\/wp\/v2\/media?parent=20147"}],"wp:term":[{"taxonomy":"product_brand","embeddable":true,"href":"https:\/\/truusk.store\/sv\/wp-json\/wp\/v2\/product_brand?post=20147"},{"taxonomy":"product_cat","embeddable":true,"href":"https:\/\/truusk.store\/sv\/wp-json\/wp\/v2\/product_cat?post=20147"},{"taxonomy":"product_tag","embeddable":true,"href":"https:\/\/truusk.store\/sv\/wp-json\/wp\/v2\/product_tag?post=20147"}],"curies":[{"name":"wp","href":"https:\/\/api.w.org\/{rel}","templated":true}]}}