{"id":20157,"date":"2024-02-13T15:15:23","date_gmt":"2024-02-13T14:15:23","guid":{"rendered":"https:\/\/truusk.store\/product\/professionell-dog-fn-animal-fn-pet-tork-flsterfn-dog-tork-2800w-metall-svart-40-x-16-x-20-cm\/"},"modified":"2026-03-12T09:03:06","modified_gmt":"2026-03-12T08:03:06","slug":"truusk-professionell-hund-och-djurtork-2800w-metall-svart-40-x-16-x-20-cm","status":"publish","type":"product","link":"https:\/\/truusk.store\/sv\/produkt\/truusk-professionell-hund-och-djurtork-2800w-metall-svart-40-x-16-x-20-cm\/","title":{"rendered":"TRUUSK Professionell Hund- och Djurtork 2800W &#8211; Metall &#8211; Svart &#8211; 40 x 16 x 20 cm"},"content":{"rendered":"<p>Sk\u00e4m bort dina husdjur med v\u00e5r husdjursh\u00e5rtork. Med hela 2800W kraft blir \u00e4ven st\u00f6rre hundar torra p\u00e5 ett nafs. Temperaturen \u00e4r justerbar och varierar p\u00e5 tv\u00e5 niv\u00e5er, n\u00e4mligen 35 och 70. Du kan justera vindstyrkan kontinuerligt &#8211; perfekt f\u00f6r att v\u00e4nja ditt husdjur vid f\u00f6tterna. Oavsett om det \u00e4r f\u00f6r privat bruk eller f\u00f6r professionell husdjursv\u00e5rd i en hundsalong &#8211; hundtorken \u00e4r alltid ett bra val.<\/p>\n<h3>Beskrivning:<\/h3>\n<ul>\n<li>En kraftfull Fn 2800W f\u00f6r husdjur och hundar<\/li>\n<li>2 temperaturniv\u00e5er: normal och varm<\/li>\n<li>Vindstyrka stegl\u00f6st justerbar<\/li>\n<li>Om den \u00f6verhettas kan den st\u00e4ngas av automatiskt f\u00f6r att garantera s\u00e4kerheten<\/li>\n<li>Den flexibla slangen kan l\u00e4tt str\u00e4ckas till 2,1m<\/li>\n<li>L\u00e5gt brus endast 60dB vid full effekt<\/li>\n<li>Halkfria gummif\u00f6tter<\/li>\n<li>3 olika munstycken, idealiska f\u00f6r alla applikationer<\/li>\n<li>Enheten \u00e4r l\u00e4mplig \u00f6verallt i tr\u00e4dg\u00e5rden, hush\u00e5llet och tekniken. Bl\u00e5ser alla h\u00f6rn och ytor fria<\/li>\n<\/ul>\n<h3>Teknisk data:<\/h3>\n<ul>\n<li>Material: metall<\/li>\n<li>Svart f\u00e4rg<\/li>\n<li>\u00d6vergripande m\u00e5tt: 40L x 16W x 20H cm<\/li>\n<li>Max effekt: 2800W<\/li>\n<li>Vindhastighet: 25-65m\/s<\/li>\n<li>Temperaturen kan justeras i tv\u00e5 steg: 35\/70 grader<\/li>\n<li>Ljud: 60 db<\/li>\n<\/ul>\n<h3>Leveransens omfattning:<\/h3>\n<ul>\n<li>1 x hund fn<\/li>\n<li>3 olika munstycken<\/li>\n<\/ul>\n","protected":false},"excerpt":{"rendered":"<p>Sk\u00e4m bort dina husdjur med v\u00e5r husdjursh\u00e5rtork. Med hela 2800W kraft blir \u00e4ven st\u00f6rre hundar torra p\u00e5 ett nafs. Temperaturen&#8230;<\/p>\n","protected":false},"featured_media":20158,"template":"","meta":[],"product_brand":[],"product_cat":[745,582,574,573],"product_tag":[],"class_list":{"0":"post-20157","1":"product","2":"type-product","3":"status-publish","4":"has-post-thumbnail","6":"product_cat-hundfon","7":"product_cat-hundklippning","8":"product_cat-hundtillbehor","9":"product_cat-husdjursmaterial","11":"first","12":"instock","13":"sale","14":"taxable","15":"shipping-taxable","16":"purchasable","17":"product-type-simple"},"yoast_head":"<!-- This site is optimized with the Yoast SEO plugin v25.4 - https:\/\/yoast.com\/wordpress\/plugins\/seo\/ -->\n<title>TRUUSK Professionell Hund- och Djurtork 2800W - Metall - Svart - 40 x 16 x 20 cm - TRUUSK - Hem, Tr\u00e4dg\u00e5rd &amp; Fritid<\/title>\n<meta name=\"robots\" content=\"index, follow, max-snippet:-1, max-image-preview:large, max-video-preview:-1\" \/>\n<link rel=\"canonical\" href=\"https:\/\/truusk.store\/sv\/produkt\/truusk-professionell-hund-och-djurtork-2800w-metall-svart-40-x-16-x-20-cm\/\" \/>\n<meta property=\"og:locale\" content=\"sv_SE\" \/>\n<meta property=\"og:type\" content=\"article\" \/>\n<meta property=\"og:title\" content=\"TRUUSK Professionell Hund- och Djurtork 2800W - Metall - Svart - 40 x 16 x 20 cm - TRUUSK - Hem, Tr\u00e4dg\u00e5rd &amp; Fritid\" \/>\n<meta property=\"og:description\" content=\"Sk\u00e4m bort dina husdjur med v\u00e5r husdjursh\u00e5rtork. Med hela 2800W kraft blir \u00e4ven st\u00f6rre hundar torra p\u00e5 ett nafs. Temperaturen...\" \/>\n<meta property=\"og:url\" content=\"https:\/\/truusk.store\/sv\/produkt\/truusk-professionell-hund-och-djurtork-2800w-metall-svart-40-x-16-x-20-cm\/\" \/>\n<meta property=\"og:site_name\" content=\"TRUUSK - Hem, Tr\u00e4dg\u00e5rd &amp; Fritid\" \/>\n<meta property=\"article:modified_time\" content=\"2026-03-12T08:03:06+00:00\" \/>\n<meta property=\"og:image\" content=\"https:\/\/i0.wp.com\/truusk.se\/wp-content\/uploads\/2024\/02\/professionell-dog-fn-animal-fn-pet-tork-flsterfn-dog-tork-2800w-metall-svart-40-x-16-x-20-cm.webp?fit=800%2C800&ssl=1\" \/>\n\t<meta property=\"og:image:width\" content=\"800\" \/>\n\t<meta property=\"og:image:height\" content=\"800\" \/>\n\t<meta property=\"og:image:type\" content=\"image\/webp\" \/>\n<meta name=\"twitter:card\" content=\"summary_large_image\" \/>\n<meta name=\"twitter:label1\" content=\"Ber\u00e4knad l\u00e4stid\" \/>\n\t<meta name=\"twitter:data1\" content=\"1 minut\" \/>\n<!-- \/ Yoast SEO plugin. -->","yoast_head_json":{"title":"TRUUSK Professionell Hund- och Djurtork 2800W - Metall - Svart - 40 x 16 x 20 cm - TRUUSK - Hem, Tr\u00e4dg\u00e5rd &amp; Fritid","robots":{"index":"index","follow":"follow","max-snippet":"max-snippet:-1","max-image-preview":"max-image-preview:large","max-video-preview":"max-video-preview:-1"},"canonical":"https:\/\/truusk.store\/sv\/produkt\/truusk-professionell-hund-och-djurtork-2800w-metall-svart-40-x-16-x-20-cm\/","og_locale":"sv_SE","og_type":"article","og_title":"TRUUSK Professionell Hund- och Djurtork 2800W - Metall - Svart - 40 x 16 x 20 cm - TRUUSK - Hem, Tr\u00e4dg\u00e5rd &amp; Fritid","og_description":"Sk\u00e4m bort dina husdjur med v\u00e5r husdjursh\u00e5rtork. Med hela 2800W kraft blir \u00e4ven st\u00f6rre hundar torra p\u00e5 ett nafs. Temperaturen...","og_url":"https:\/\/truusk.store\/sv\/produkt\/truusk-professionell-hund-och-djurtork-2800w-metall-svart-40-x-16-x-20-cm\/","og_site_name":"TRUUSK - Hem, Tr\u00e4dg\u00e5rd &amp; Fritid","article_modified_time":"2026-03-12T08:03:06+00:00","og_image":[{"width":800,"height":800,"url":"https:\/\/i0.wp.com\/truusk.se\/wp-content\/uploads\/2024\/02\/professionell-dog-fn-animal-fn-pet-tork-flsterfn-dog-tork-2800w-metall-svart-40-x-16-x-20-cm.webp?fit=800%2C800&ssl=1","type":"image\/webp"}],"twitter_card":"summary_large_image","twitter_misc":{"Ber\u00e4knad l\u00e4stid":"1 minut"},"schema":{"@context":"https:\/\/schema.org","@graph":[{"@type":"WebPage","@id":"https:\/\/truusk.store\/sv\/produkt\/truusk-professionell-hund-och-djurtork-2800w-metall-svart-40-x-16-x-20-cm\/","url":"https:\/\/truusk.store\/sv\/produkt\/truusk-professionell-hund-och-djurtork-2800w-metall-svart-40-x-16-x-20-cm\/","name":"TRUUSK Professionell Hund- och Djurtork 2800W - Metall - Svart - 40 x 16 x 20 cm - TRUUSK - Hem, Tr\u00e4dg\u00e5rd &amp; Fritid","isPartOf":{"@id":"https:\/\/truusk.store\/sv\/#website"},"primaryImageOfPage":{"@id":"https:\/\/truusk.store\/sv\/produkt\/truusk-professionell-hund-och-djurtork-2800w-metall-svart-40-x-16-x-20-cm\/#primaryimage"},"image":{"@id":"https:\/\/truusk.store\/sv\/produkt\/truusk-professionell-hund-och-djurtork-2800w-metall-svart-40-x-16-x-20-cm\/#primaryimage"},"thumbnailUrl":"https:\/\/i0.wp.com\/truusk.store\/wp-content\/uploads\/2024\/02\/professionell-dog-fn-animal-fn-pet-tork-flsterfn-dog-tork-2800w-metall-svart-40-x-16-x-20-cm.webp?fit=800%2C800&ssl=1","datePublished":"2024-02-13T14:15:23+00:00","dateModified":"2026-03-12T08:03:06+00:00","breadcrumb":{"@id":"https:\/\/truusk.store\/sv\/produkt\/truusk-professionell-hund-och-djurtork-2800w-metall-svart-40-x-16-x-20-cm\/#breadcrumb"},"inLanguage":"sv-SE","potentialAction":[{"@type":"ReadAction","target":["https:\/\/truusk.store\/sv\/produkt\/truusk-professionell-hund-och-djurtork-2800w-metall-svart-40-x-16-x-20-cm\/"]}]},{"@type":"ImageObject","inLanguage":"sv-SE","@id":"https:\/\/truusk.store\/sv\/produkt\/truusk-professionell-hund-och-djurtork-2800w-metall-svart-40-x-16-x-20-cm\/#primaryimage","url":"https:\/\/i0.wp.com\/truusk.store\/wp-content\/uploads\/2024\/02\/professionell-dog-fn-animal-fn-pet-tork-flsterfn-dog-tork-2800w-metall-svart-40-x-16-x-20-cm.webp?fit=800%2C800&ssl=1","contentUrl":"https:\/\/i0.wp.com\/truusk.store\/wp-content\/uploads\/2024\/02\/professionell-dog-fn-animal-fn-pet-tork-flsterfn-dog-tork-2800w-metall-svart-40-x-16-x-20-cm.webp?fit=800%2C800&ssl=1","width":800,"height":800,"caption":"Professionell Dog Fn Animal Fn Pet Tork Flsterfn Dog Tork 2800W Metall Svart 40 X 16 X 20 Cm 1"},{"@type":"BreadcrumbList","@id":"https:\/\/truusk.store\/sv\/produkt\/truusk-professionell-hund-och-djurtork-2800w-metall-svart-40-x-16-x-20-cm\/#breadcrumb","itemListElement":[{"@type":"ListItem","position":1,"name":"Home","item":"https:\/\/truusk.store\/sv\/"},{"@type":"ListItem","position":2,"name":"Shop","item":"https:\/\/truusk.store\/shop\/"},{"@type":"ListItem","position":3,"name":"TRUUSK Professionell Hund- och Djurtork 2800W &#8211; Metall &#8211; Svart &#8211; 40 x 16 x 20 cm"}]},{"@type":"WebSite","@id":"https:\/\/truusk.store\/sv\/#website","url":"https:\/\/truusk.store\/sv\/","name":"TRUUSK - Hem, Tr\u00e4dg\u00e5rd & Fritid","description":"","publisher":{"@id":"https:\/\/truusk.store\/sv\/#organization"},"potentialAction":[{"@type":"SearchAction","target":{"@type":"EntryPoint","urlTemplate":"https:\/\/truusk.store\/sv\/?s={search_term_string}"},"query-input":{"@type":"PropertyValueSpecification","valueRequired":true,"valueName":"search_term_string"}}],"inLanguage":"sv-SE"},{"@type":"Organization","@id":"https:\/\/truusk.store\/sv\/#organization","name":"TRUUSK - Hem, Tr\u00e4dg\u00e5rd & Fritid","url":"https:\/\/truusk.store\/sv\/","logo":{"@type":"ImageObject","inLanguage":"sv-SE","@id":"https:\/\/truusk.store\/sv\/#\/schema\/logo\/image\/","url":"https:\/\/i0.wp.com\/truusk.store\/wp-content\/uploads\/2026\/03\/cropped-TRUUSK.png?fit=2032%2C917&ssl=1","contentUrl":"https:\/\/i0.wp.com\/truusk.store\/wp-content\/uploads\/2026\/03\/cropped-TRUUSK.png?fit=2032%2C917&ssl=1","width":2032,"height":917,"caption":"TRUUSK - Hem, Tr\u00e4dg\u00e5rd & Fritid"},"image":{"@id":"https:\/\/truusk.store\/sv\/#\/schema\/logo\/image\/"}}]}},"jetpack_sharing_enabled":true,"_links":{"self":[{"href":"https:\/\/truusk.store\/sv\/wp-json\/wp\/v2\/product\/20157","targetHints":{"allow":["GET"]}}],"collection":[{"href":"https:\/\/truusk.store\/sv\/wp-json\/wp\/v2\/product"}],"about":[{"href":"https:\/\/truusk.store\/sv\/wp-json\/wp\/v2\/types\/product"}],"wp:featuredmedia":[{"embeddable":true,"href":"https:\/\/truusk.store\/sv\/wp-json\/wp\/v2\/media\/20158"}],"wp:attachment":[{"href":"https:\/\/truusk.store\/sv\/wp-json\/wp\/v2\/media?parent=20157"}],"wp:term":[{"taxonomy":"product_brand","embeddable":true,"href":"https:\/\/truusk.store\/sv\/wp-json\/wp\/v2\/product_brand?post=20157"},{"taxonomy":"product_cat","embeddable":true,"href":"https:\/\/truusk.store\/sv\/wp-json\/wp\/v2\/product_cat?post=20157"},{"taxonomy":"product_tag","embeddable":true,"href":"https:\/\/truusk.store\/sv\/wp-json\/wp\/v2\/product_tag?post=20157"}],"curies":[{"name":"wp","href":"https:\/\/api.w.org\/{rel}","templated":true}]}}