{"id":20205,"date":"2024-02-13T15:16:45","date_gmt":"2024-02-13T14:16:45","guid":{"rendered":"https:\/\/truusk.store\/product\/upphojd-sang-av-tra-frukostbadd-odlingsbord-ortbadd-vaxtlada-for-tradgard-balkong-och-terrass-pc-tavla-brun-gran-90-x-50-x-93-cm\/"},"modified":"2026-03-12T09:03:06","modified_gmt":"2026-03-12T08:03:06","slug":"truusk-upphojd-traodlingsbadd-frukostbadd-herb-garden-balkong-terrass-pc-tavla-90x50x93-cm-brun-gran","status":"publish","type":"product","link":"https:\/\/truusk.store\/sv\/produkt\/truusk-upphojd-traodlingsbadd-frukostbadd-herb-garden-balkong-terrass-pc-tavla-90x50x93-cm-brun-gran\/","title":{"rendered":"TRUUSK Upph\u00f6jd Tr\u00e4odlingsb\u00e4dd &#8211; Frukostb\u00e4dd &#8211; Herb Garden &#8211; Balkong &amp; Terrass &#8211; PC-tavla &#8211; 90x50x93 cm &#8211; Brun Gran"},"content":{"rendered":"<p>Detta tr\u00e4v\u00e4xthus med enkelt och rustikt utseende \u00e4r det perfekta valet f\u00f6r dig att ta hand om dina v\u00e4xter. Transparenta kalla ramar m\u00f6jligg\u00f6r maximal ljusgenomsl\u00e4ppning samtidigt som v\u00e4rmen bibeh\u00e5lls f\u00f6r tidig fr\u00f6nsgroning eller v\u00e4xtskydd under sens\u00e4song. Detta tomathus ger en idealisk temperaturmilj\u00f6, dina v\u00e4xter kan njuta av solljuset och v\u00e4xa h\u00e4lsosamt.<\/p>\n<h3>Beskrivning:<\/h3>\n<ul>\n<li>Massiv tr\u00e4ram s\u00e4kerst\u00e4ller h\u00e5llbarhet och tillf\u00f6rlitlighet<\/li>\n<li>Varmt v\u00e4xthus som kan f\u00f6rl\u00e4nga v\u00e4xts\u00e4songen<\/li>\n<li>Transparent polykarbonatskiva med bra ljusgenomsl\u00e4pplighet g\u00f6r att v\u00e4xter kan absorbera solljus fullt ut<\/li>\n<li>\u00d6ppningsbart lock f\u00f6r bra ventilation och enkel v\u00e4xtsk\u00f6tsel<\/li>\n<li>En st\u00f6ddel p\u00e5 ena sidan kan st\u00f6dja locket som ska \u00f6ppnas<\/li>\n<li>Topplutningens design f\u00f6rhindrar ansamling av regnvatten<\/li>\n<li>Unik design med fyra tr\u00e4plantor f\u00f6r att underl\u00e4tta plantering<\/li>\n<li>Montering kr\u00e4vs<\/li>\n<\/ul>\n<h3>Teknisk data:<\/h3>\n<ul>\n<li>F\u00e4rg brun<\/li>\n<li>Material: gran, PC-kort<\/li>\n<li>\u00d6vergripande m\u00e5tt: 90L x 50W x 93H cm<\/li>\n<li>H\u00f6jd p\u00e5 fr\u00e4mre takfot: 84,5 cm<\/li>\n<li>Inv\u00e4ndig planteringsyta: 84,5L x 45W cm<\/li>\n<li>H\u00f6jd p\u00e5 inv\u00e4ndig fr\u00e4mre takfot: 30 cm<\/li>\n<li>H\u00f6jd p\u00e5 inv\u00e4ndig takfot: 38 cm<\/li>\n<li>Avst\u00e5nd mellan topplocks\u00f6ppningar: 57 cm<\/li>\n<li>Lastkapacitet: 50 kg<\/li>\n<\/ul>\n<h3>Leveransens omfattning:<\/h3>\n<ul>\n<li>1 x upph\u00f6jd s\u00e4ng<\/li>\n<li>1 x Instruktioner<\/li>\n<\/ul>\n","protected":false},"excerpt":{"rendered":"<p>Detta tr\u00e4v\u00e4xthus med enkelt och rustikt utseende \u00e4r det perfekta valet f\u00f6r dig att ta hand om dina v\u00e4xter. Transparenta&#8230;<\/p>\n","protected":false},"featured_media":20206,"template":"","meta":[],"product_brand":[],"product_cat":[445,435,443],"product_tag":[],"class_list":{"0":"post-20205","1":"product","2":"type-product","3":"status-publish","4":"has-post-thumbnail","6":"product_cat-kalla-ramar","7":"product_cat-tradgard-och-terrass","8":"product_cat-vaxthus-tradgardsskotsel","10":"first","11":"instock","12":"sale","13":"taxable","14":"shipping-taxable","15":"purchasable","16":"product-type-simple"},"yoast_head":"<!-- This site is optimized with the Yoast SEO plugin v25.4 - https:\/\/yoast.com\/wordpress\/plugins\/seo\/ -->\n<title>TRUUSK Upph\u00f6jd Tr\u00e4odlingsb\u00e4dd - Frukostb\u00e4dd - Herb Garden - Balkong &amp; Terrass - PC-tavla - 90x50x93 cm - Brun Gran - TRUUSK - Hem, Tr\u00e4dg\u00e5rd &amp; Fritid<\/title>\n<meta name=\"robots\" content=\"index, follow, max-snippet:-1, max-image-preview:large, max-video-preview:-1\" \/>\n<link rel=\"canonical\" href=\"https:\/\/truusk.store\/sv\/produkt\/truusk-upphojd-traodlingsbadd-frukostbadd-herb-garden-balkong-terrass-pc-tavla-90x50x93-cm-brun-gran\/\" \/>\n<meta property=\"og:locale\" content=\"sv_SE\" \/>\n<meta property=\"og:type\" content=\"article\" \/>\n<meta property=\"og:title\" content=\"TRUUSK Upph\u00f6jd Tr\u00e4odlingsb\u00e4dd - Frukostb\u00e4dd - Herb Garden - Balkong &amp; Terrass - PC-tavla - 90x50x93 cm - Brun Gran - TRUUSK - Hem, Tr\u00e4dg\u00e5rd &amp; Fritid\" \/>\n<meta property=\"og:description\" content=\"Detta tr\u00e4v\u00e4xthus med enkelt och rustikt utseende \u00e4r det perfekta valet f\u00f6r dig att ta hand om dina v\u00e4xter. Transparenta...\" \/>\n<meta property=\"og:url\" content=\"https:\/\/truusk.store\/sv\/produkt\/truusk-upphojd-traodlingsbadd-frukostbadd-herb-garden-balkong-terrass-pc-tavla-90x50x93-cm-brun-gran\/\" \/>\n<meta property=\"og:site_name\" content=\"TRUUSK - Hem, Tr\u00e4dg\u00e5rd &amp; Fritid\" \/>\n<meta property=\"article:modified_time\" content=\"2026-03-12T08:03:06+00:00\" \/>\n<meta property=\"og:image\" content=\"https:\/\/i0.wp.com\/truusk.se\/wp-content\/uploads\/2024\/02\/upphojd-sang-av-tra-frukostbadd-odlingsbord-ortbadd-vaxtlada-for-tradgard-balkong-och-terrass-pc-tavla-brun-gran-90-x-50-x-93-cm.webp?fit=800%2C800&ssl=1\" \/>\n\t<meta property=\"og:image:width\" content=\"800\" \/>\n\t<meta property=\"og:image:height\" content=\"800\" \/>\n\t<meta property=\"og:image:type\" content=\"image\/webp\" \/>\n<meta name=\"twitter:card\" content=\"summary_large_image\" \/>\n<meta name=\"twitter:label1\" content=\"Ber\u00e4knad l\u00e4stid\" \/>\n\t<meta name=\"twitter:data1\" content=\"1 minut\" \/>\n<!-- \/ Yoast SEO plugin. -->","yoast_head_json":{"title":"TRUUSK Upph\u00f6jd Tr\u00e4odlingsb\u00e4dd - Frukostb\u00e4dd - Herb Garden - Balkong &amp; Terrass - PC-tavla - 90x50x93 cm - Brun Gran - TRUUSK - Hem, Tr\u00e4dg\u00e5rd &amp; Fritid","robots":{"index":"index","follow":"follow","max-snippet":"max-snippet:-1","max-image-preview":"max-image-preview:large","max-video-preview":"max-video-preview:-1"},"canonical":"https:\/\/truusk.store\/sv\/produkt\/truusk-upphojd-traodlingsbadd-frukostbadd-herb-garden-balkong-terrass-pc-tavla-90x50x93-cm-brun-gran\/","og_locale":"sv_SE","og_type":"article","og_title":"TRUUSK Upph\u00f6jd Tr\u00e4odlingsb\u00e4dd - Frukostb\u00e4dd - Herb Garden - Balkong &amp; Terrass - PC-tavla - 90x50x93 cm - Brun Gran - TRUUSK - Hem, Tr\u00e4dg\u00e5rd &amp; Fritid","og_description":"Detta tr\u00e4v\u00e4xthus med enkelt och rustikt utseende \u00e4r det perfekta valet f\u00f6r dig att ta hand om dina v\u00e4xter. Transparenta...","og_url":"https:\/\/truusk.store\/sv\/produkt\/truusk-upphojd-traodlingsbadd-frukostbadd-herb-garden-balkong-terrass-pc-tavla-90x50x93-cm-brun-gran\/","og_site_name":"TRUUSK - Hem, Tr\u00e4dg\u00e5rd &amp; Fritid","article_modified_time":"2026-03-12T08:03:06+00:00","og_image":[{"width":800,"height":800,"url":"https:\/\/i0.wp.com\/truusk.se\/wp-content\/uploads\/2024\/02\/upphojd-sang-av-tra-frukostbadd-odlingsbord-ortbadd-vaxtlada-for-tradgard-balkong-och-terrass-pc-tavla-brun-gran-90-x-50-x-93-cm.webp?fit=800%2C800&ssl=1","type":"image\/webp"}],"twitter_card":"summary_large_image","twitter_misc":{"Ber\u00e4knad l\u00e4stid":"1 minut"},"schema":{"@context":"https:\/\/schema.org","@graph":[{"@type":"WebPage","@id":"https:\/\/truusk.store\/sv\/produkt\/truusk-upphojd-traodlingsbadd-frukostbadd-herb-garden-balkong-terrass-pc-tavla-90x50x93-cm-brun-gran\/","url":"https:\/\/truusk.store\/sv\/produkt\/truusk-upphojd-traodlingsbadd-frukostbadd-herb-garden-balkong-terrass-pc-tavla-90x50x93-cm-brun-gran\/","name":"TRUUSK Upph\u00f6jd Tr\u00e4odlingsb\u00e4dd - Frukostb\u00e4dd - Herb Garden - Balkong &amp; Terrass - PC-tavla - 90x50x93 cm - Brun Gran - TRUUSK - Hem, Tr\u00e4dg\u00e5rd &amp; Fritid","isPartOf":{"@id":"https:\/\/truusk.store\/sv\/#website"},"primaryImageOfPage":{"@id":"https:\/\/truusk.store\/sv\/produkt\/truusk-upphojd-traodlingsbadd-frukostbadd-herb-garden-balkong-terrass-pc-tavla-90x50x93-cm-brun-gran\/#primaryimage"},"image":{"@id":"https:\/\/truusk.store\/sv\/produkt\/truusk-upphojd-traodlingsbadd-frukostbadd-herb-garden-balkong-terrass-pc-tavla-90x50x93-cm-brun-gran\/#primaryimage"},"thumbnailUrl":"https:\/\/i0.wp.com\/truusk.store\/wp-content\/uploads\/2024\/02\/upphojd-sang-av-tra-frukostbadd-odlingsbord-ortbadd-vaxtlada-for-tradgard-balkong-och-terrass-pc-tavla-brun-gran-90-x-50-x-93-cm.webp?fit=800%2C800&ssl=1","datePublished":"2024-02-13T14:16:45+00:00","dateModified":"2026-03-12T08:03:06+00:00","breadcrumb":{"@id":"https:\/\/truusk.store\/sv\/produkt\/truusk-upphojd-traodlingsbadd-frukostbadd-herb-garden-balkong-terrass-pc-tavla-90x50x93-cm-brun-gran\/#breadcrumb"},"inLanguage":"sv-SE","potentialAction":[{"@type":"ReadAction","target":["https:\/\/truusk.store\/sv\/produkt\/truusk-upphojd-traodlingsbadd-frukostbadd-herb-garden-balkong-terrass-pc-tavla-90x50x93-cm-brun-gran\/"]}]},{"@type":"ImageObject","inLanguage":"sv-SE","@id":"https:\/\/truusk.store\/sv\/produkt\/truusk-upphojd-traodlingsbadd-frukostbadd-herb-garden-balkong-terrass-pc-tavla-90x50x93-cm-brun-gran\/#primaryimage","url":"https:\/\/i0.wp.com\/truusk.store\/wp-content\/uploads\/2024\/02\/upphojd-sang-av-tra-frukostbadd-odlingsbord-ortbadd-vaxtlada-for-tradgard-balkong-och-terrass-pc-tavla-brun-gran-90-x-50-x-93-cm.webp?fit=800%2C800&ssl=1","contentUrl":"https:\/\/i0.wp.com\/truusk.store\/wp-content\/uploads\/2024\/02\/upphojd-sang-av-tra-frukostbadd-odlingsbord-ortbadd-vaxtlada-for-tradgard-balkong-och-terrass-pc-tavla-brun-gran-90-x-50-x-93-cm.webp?fit=800%2C800&ssl=1","width":800,"height":800,"caption":"Upph\u00f6jd S\u00e4ng Av Tr\u00e4, Frukostb\u00e4dd, Odlingsbord, \u00f6rtb\u00e4dd, V\u00e4xtl\u00e5da F\u00f6r Tr\u00e4dg\u00e5rd, Balkong Och Terrass, PC-tavla Brun Gran 90 X 50 X 93 Cm 1"},{"@type":"BreadcrumbList","@id":"https:\/\/truusk.store\/sv\/produkt\/truusk-upphojd-traodlingsbadd-frukostbadd-herb-garden-balkong-terrass-pc-tavla-90x50x93-cm-brun-gran\/#breadcrumb","itemListElement":[{"@type":"ListItem","position":1,"name":"Home","item":"https:\/\/truusk.store\/sv\/"},{"@type":"ListItem","position":2,"name":"Shop","item":"https:\/\/truusk.store\/shop\/"},{"@type":"ListItem","position":3,"name":"TRUUSK Upph\u00f6jd Tr\u00e4odlingsb\u00e4dd &#8211; Frukostb\u00e4dd &#8211; Herb Garden &#8211; Balkong &amp; Terrass &#8211; PC-tavla &#8211; 90x50x93 cm &#8211; Brun Gran"}]},{"@type":"WebSite","@id":"https:\/\/truusk.store\/sv\/#website","url":"https:\/\/truusk.store\/sv\/","name":"TRUUSK - Hem, Tr\u00e4dg\u00e5rd & Fritid","description":"","publisher":{"@id":"https:\/\/truusk.store\/sv\/#organization"},"potentialAction":[{"@type":"SearchAction","target":{"@type":"EntryPoint","urlTemplate":"https:\/\/truusk.store\/sv\/?s={search_term_string}"},"query-input":{"@type":"PropertyValueSpecification","valueRequired":true,"valueName":"search_term_string"}}],"inLanguage":"sv-SE"},{"@type":"Organization","@id":"https:\/\/truusk.store\/sv\/#organization","name":"TRUUSK - Hem, Tr\u00e4dg\u00e5rd & Fritid","url":"https:\/\/truusk.store\/sv\/","logo":{"@type":"ImageObject","inLanguage":"sv-SE","@id":"https:\/\/truusk.store\/sv\/#\/schema\/logo\/image\/","url":"https:\/\/i0.wp.com\/truusk.store\/wp-content\/uploads\/2026\/03\/cropped-TRUUSK.png?fit=2032%2C917&ssl=1","contentUrl":"https:\/\/i0.wp.com\/truusk.store\/wp-content\/uploads\/2026\/03\/cropped-TRUUSK.png?fit=2032%2C917&ssl=1","width":2032,"height":917,"caption":"TRUUSK - Hem, Tr\u00e4dg\u00e5rd & Fritid"},"image":{"@id":"https:\/\/truusk.store\/sv\/#\/schema\/logo\/image\/"}}]}},"jetpack_sharing_enabled":true,"_links":{"self":[{"href":"https:\/\/truusk.store\/sv\/wp-json\/wp\/v2\/product\/20205","targetHints":{"allow":["GET"]}}],"collection":[{"href":"https:\/\/truusk.store\/sv\/wp-json\/wp\/v2\/product"}],"about":[{"href":"https:\/\/truusk.store\/sv\/wp-json\/wp\/v2\/types\/product"}],"wp:featuredmedia":[{"embeddable":true,"href":"https:\/\/truusk.store\/sv\/wp-json\/wp\/v2\/media\/20206"}],"wp:attachment":[{"href":"https:\/\/truusk.store\/sv\/wp-json\/wp\/v2\/media?parent=20205"}],"wp:term":[{"taxonomy":"product_brand","embeddable":true,"href":"https:\/\/truusk.store\/sv\/wp-json\/wp\/v2\/product_brand?post=20205"},{"taxonomy":"product_cat","embeddable":true,"href":"https:\/\/truusk.store\/sv\/wp-json\/wp\/v2\/product_cat?post=20205"},{"taxonomy":"product_tag","embeddable":true,"href":"https:\/\/truusk.store\/sv\/wp-json\/wp\/v2\/product_tag?post=20205"}],"curies":[{"name":"wp","href":"https:\/\/api.w.org\/{rel}","templated":true}]}}