{"id":20247,"date":"2024-02-13T15:17:56","date_gmt":"2024-02-13T14:17:56","guid":{"rendered":"https:\/\/truusk.store\/product\/markis-fallarm-markis-solskydd-handvev-balkong-aluminium-gra-vit-295-x-245-m\/"},"modified":"2026-03-12T09:03:07","modified_gmt":"2026-03-12T08:03:07","slug":"truusk-balkongmarkis-fallbar-solskydd-handvev-aluminium-gra-vit-295-x-245-m","status":"publish","type":"product","link":"https:\/\/truusk.store\/sv\/produkt\/truusk-balkongmarkis-fallbar-solskydd-handvev-aluminium-gra-vit-295-x-245-m\/","title":{"rendered":"TRUUSK Balkongmarkis &#8211; F\u00e4llbar Solskydd &#8211; Handvev &#8211; Aluminium &#8211; Gr\u00e5 Vit &#8211; 2,95 x 2,45 m"},"content":{"rendered":"<p>Den som letar efter ett passande altantak kommer att imponeras av v\u00e5r vikarmsmarkis. Ramen p\u00e5 f\u00e4llarmsmarkisen \u00e4r gjord av pulverlackerad aluminium. Kassettt\u00e4ltet har en extra PU-bel\u00e4ggning och \u00e4r d\u00e4rf\u00f6r vatten- och smutsavvisande. Du kan ocks\u00e5 justera lutningsvinkeln kontinuerligt. Med den ledade armen kan du f\u00f6rl\u00e4nga och rulla upp solskyddet. P\u00e5 s\u00e5 s\u00e4tt kan du njuta av den varmare \u00e5rstiden p\u00e5 ett avslappnat s\u00e4tt.<\/p>\n<h3>Beskrivning:<\/h3>\n<ul>\n<li>Markis som skydd mot starkt solljus eller l\u00e4tt regn<\/li>\n<li>L\u00e4mplig f\u00f6r f\u00f6nstret eller entr\u00e9n<\/li>\n<li>Ram och 2 ledade armar av pulverlackerad aluminium<\/li>\n<li>Markistyg av polyester med vattenavvisande PU-bel\u00e4ggning<\/li>\n<li>Bekv\u00e4m man\u00f6vrering med handveven<\/li>\n<li>F\u00f6r v\u00e4ggmontage, inklusive monteringstillbeh\u00f6r<\/li>\n<li>OBS: L\u00e4mna minst 30 cm utrymme f\u00f6r markisen<\/li>\n<\/ul>\n<h3>Teknisk data:<\/h3>\n<ul>\n<li>Material: aluminium, polyester<\/li>\n<li>F\u00e4rg: Gr\u00e5+Vit<\/li>\n<li>M\u00e5tt: L295 x B245 cm<\/li>\n<li>Ovikt storlek: 0-245 cm<\/li>\n<li>Handvevs l\u00e4ngd: 150 cm<\/li>\n<\/ul>\n<h3>Leveransens omfattning:<\/h3>\n<ul>\n<li>1 x Markis<\/li>\n<li>1 x Monteringsanvisning<\/li>\n<li>Monteringstillbeh\u00f6r<\/li>\n<\/ul>\n","protected":false},"excerpt":{"rendered":"<p>Den som letar efter ett passande altantak kommer att imponeras av v\u00e5r vikarmsmarkis. Ramen p\u00e5 f\u00e4llarmsmarkisen \u00e4r gjord av pulverlackerad&#8230;<\/p>\n","protected":false},"featured_media":20248,"template":"","meta":[],"product_brand":[],"product_cat":[473,471,435],"product_tag":[],"class_list":{"0":"post-20247","1":"product","2":"type-product","3":"status-publish","4":"has-post-thumbnail","6":"product_cat-markiser","7":"product_cat-solskydd-integritetsskydd","8":"product_cat-tradgard-och-terrass","10":"first","11":"instock","12":"sale","13":"taxable","14":"shipping-taxable","15":"purchasable","16":"product-type-simple"},"yoast_head":"<!-- This site is optimized with the Yoast SEO plugin v25.4 - https:\/\/yoast.com\/wordpress\/plugins\/seo\/ -->\n<title>TRUUSK Balkongmarkis - F\u00e4llbar Solskydd - Handvev - Aluminium - Gr\u00e5 Vit - 2,95 x 2,45 m - TRUUSK - Hem, Tr\u00e4dg\u00e5rd &amp; Fritid<\/title>\n<meta name=\"robots\" content=\"index, follow, max-snippet:-1, max-image-preview:large, max-video-preview:-1\" \/>\n<link rel=\"canonical\" href=\"https:\/\/truusk.store\/sv\/produkt\/truusk-balkongmarkis-fallbar-solskydd-handvev-aluminium-gra-vit-295-x-245-m\/\" \/>\n<meta property=\"og:locale\" content=\"sv_SE\" \/>\n<meta property=\"og:type\" content=\"article\" \/>\n<meta property=\"og:title\" content=\"TRUUSK Balkongmarkis - F\u00e4llbar Solskydd - Handvev - Aluminium - Gr\u00e5 Vit - 2,95 x 2,45 m - TRUUSK - Hem, Tr\u00e4dg\u00e5rd &amp; Fritid\" \/>\n<meta property=\"og:description\" content=\"Den som letar efter ett passande altantak kommer att imponeras av v\u00e5r vikarmsmarkis. Ramen p\u00e5 f\u00e4llarmsmarkisen \u00e4r gjord av pulverlackerad...\" \/>\n<meta property=\"og:url\" content=\"https:\/\/truusk.store\/sv\/produkt\/truusk-balkongmarkis-fallbar-solskydd-handvev-aluminium-gra-vit-295-x-245-m\/\" \/>\n<meta property=\"og:site_name\" content=\"TRUUSK - Hem, Tr\u00e4dg\u00e5rd &amp; Fritid\" \/>\n<meta property=\"article:modified_time\" content=\"2026-03-12T08:03:07+00:00\" \/>\n<meta property=\"og:image\" content=\"https:\/\/i0.wp.com\/truusk.se\/wp-content\/uploads\/2024\/02\/markis-fallarm-markis-solskydd-handvev-balkong-aluminium-gra-vit-295-x-245-m.webp?fit=800%2C800&ssl=1\" \/>\n\t<meta property=\"og:image:width\" content=\"800\" \/>\n\t<meta property=\"og:image:height\" content=\"800\" \/>\n\t<meta property=\"og:image:type\" content=\"image\/webp\" \/>\n<meta name=\"twitter:card\" content=\"summary_large_image\" \/>\n<meta name=\"twitter:label1\" content=\"Ber\u00e4knad l\u00e4stid\" \/>\n\t<meta name=\"twitter:data1\" content=\"1 minut\" \/>\n<!-- \/ Yoast SEO plugin. -->","yoast_head_json":{"title":"TRUUSK Balkongmarkis - F\u00e4llbar Solskydd - Handvev - Aluminium - Gr\u00e5 Vit - 2,95 x 2,45 m - TRUUSK - Hem, Tr\u00e4dg\u00e5rd &amp; Fritid","robots":{"index":"index","follow":"follow","max-snippet":"max-snippet:-1","max-image-preview":"max-image-preview:large","max-video-preview":"max-video-preview:-1"},"canonical":"https:\/\/truusk.store\/sv\/produkt\/truusk-balkongmarkis-fallbar-solskydd-handvev-aluminium-gra-vit-295-x-245-m\/","og_locale":"sv_SE","og_type":"article","og_title":"TRUUSK Balkongmarkis - F\u00e4llbar Solskydd - Handvev - Aluminium - Gr\u00e5 Vit - 2,95 x 2,45 m - TRUUSK - Hem, Tr\u00e4dg\u00e5rd &amp; Fritid","og_description":"Den som letar efter ett passande altantak kommer att imponeras av v\u00e5r vikarmsmarkis. Ramen p\u00e5 f\u00e4llarmsmarkisen \u00e4r gjord av pulverlackerad...","og_url":"https:\/\/truusk.store\/sv\/produkt\/truusk-balkongmarkis-fallbar-solskydd-handvev-aluminium-gra-vit-295-x-245-m\/","og_site_name":"TRUUSK - Hem, Tr\u00e4dg\u00e5rd &amp; Fritid","article_modified_time":"2026-03-12T08:03:07+00:00","og_image":[{"width":800,"height":800,"url":"https:\/\/i0.wp.com\/truusk.se\/wp-content\/uploads\/2024\/02\/markis-fallarm-markis-solskydd-handvev-balkong-aluminium-gra-vit-295-x-245-m.webp?fit=800%2C800&ssl=1","type":"image\/webp"}],"twitter_card":"summary_large_image","twitter_misc":{"Ber\u00e4knad l\u00e4stid":"1 minut"},"schema":{"@context":"https:\/\/schema.org","@graph":[{"@type":"WebPage","@id":"https:\/\/truusk.store\/sv\/produkt\/truusk-balkongmarkis-fallbar-solskydd-handvev-aluminium-gra-vit-295-x-245-m\/","url":"https:\/\/truusk.store\/sv\/produkt\/truusk-balkongmarkis-fallbar-solskydd-handvev-aluminium-gra-vit-295-x-245-m\/","name":"TRUUSK Balkongmarkis - F\u00e4llbar Solskydd - Handvev - Aluminium - Gr\u00e5 Vit - 2,95 x 2,45 m - TRUUSK - Hem, Tr\u00e4dg\u00e5rd &amp; Fritid","isPartOf":{"@id":"https:\/\/truusk.store\/sv\/#website"},"primaryImageOfPage":{"@id":"https:\/\/truusk.store\/sv\/produkt\/truusk-balkongmarkis-fallbar-solskydd-handvev-aluminium-gra-vit-295-x-245-m\/#primaryimage"},"image":{"@id":"https:\/\/truusk.store\/sv\/produkt\/truusk-balkongmarkis-fallbar-solskydd-handvev-aluminium-gra-vit-295-x-245-m\/#primaryimage"},"thumbnailUrl":"https:\/\/i0.wp.com\/truusk.store\/wp-content\/uploads\/2024\/02\/markis-fallarm-markis-solskydd-handvev-balkong-aluminium-gra-vit-295-x-245-m.webp?fit=800%2C800&ssl=1","datePublished":"2024-02-13T14:17:56+00:00","dateModified":"2026-03-12T08:03:07+00:00","breadcrumb":{"@id":"https:\/\/truusk.store\/sv\/produkt\/truusk-balkongmarkis-fallbar-solskydd-handvev-aluminium-gra-vit-295-x-245-m\/#breadcrumb"},"inLanguage":"sv-SE","potentialAction":[{"@type":"ReadAction","target":["https:\/\/truusk.store\/sv\/produkt\/truusk-balkongmarkis-fallbar-solskydd-handvev-aluminium-gra-vit-295-x-245-m\/"]}]},{"@type":"ImageObject","inLanguage":"sv-SE","@id":"https:\/\/truusk.store\/sv\/produkt\/truusk-balkongmarkis-fallbar-solskydd-handvev-aluminium-gra-vit-295-x-245-m\/#primaryimage","url":"https:\/\/i0.wp.com\/truusk.store\/wp-content\/uploads\/2024\/02\/markis-fallarm-markis-solskydd-handvev-balkong-aluminium-gra-vit-295-x-245-m.webp?fit=800%2C800&ssl=1","contentUrl":"https:\/\/i0.wp.com\/truusk.store\/wp-content\/uploads\/2024\/02\/markis-fallarm-markis-solskydd-handvev-balkong-aluminium-gra-vit-295-x-245-m.webp?fit=800%2C800&ssl=1","width":800,"height":800,"caption":"Markis F\u00e4llarm Markis Solskydd Handvev Balkong Aluminium Gr\u00e5 Vit 2,95 X 2,45 M 1"},{"@type":"BreadcrumbList","@id":"https:\/\/truusk.store\/sv\/produkt\/truusk-balkongmarkis-fallbar-solskydd-handvev-aluminium-gra-vit-295-x-245-m\/#breadcrumb","itemListElement":[{"@type":"ListItem","position":1,"name":"Home","item":"https:\/\/truusk.store\/sv\/"},{"@type":"ListItem","position":2,"name":"Shop","item":"https:\/\/truusk.store\/shop\/"},{"@type":"ListItem","position":3,"name":"TRUUSK Balkongmarkis &#8211; F\u00e4llbar Solskydd &#8211; Handvev &#8211; Aluminium &#8211; Gr\u00e5 Vit &#8211; 2,95 x 2,45 m"}]},{"@type":"WebSite","@id":"https:\/\/truusk.store\/sv\/#website","url":"https:\/\/truusk.store\/sv\/","name":"TRUUSK - Hem, Tr\u00e4dg\u00e5rd & Fritid","description":"","publisher":{"@id":"https:\/\/truusk.store\/sv\/#organization"},"potentialAction":[{"@type":"SearchAction","target":{"@type":"EntryPoint","urlTemplate":"https:\/\/truusk.store\/sv\/?s={search_term_string}"},"query-input":{"@type":"PropertyValueSpecification","valueRequired":true,"valueName":"search_term_string"}}],"inLanguage":"sv-SE"},{"@type":"Organization","@id":"https:\/\/truusk.store\/sv\/#organization","name":"TRUUSK - Hem, Tr\u00e4dg\u00e5rd & Fritid","url":"https:\/\/truusk.store\/sv\/","logo":{"@type":"ImageObject","inLanguage":"sv-SE","@id":"https:\/\/truusk.store\/sv\/#\/schema\/logo\/image\/","url":"https:\/\/i0.wp.com\/truusk.store\/wp-content\/uploads\/2026\/03\/cropped-TRUUSK.png?fit=2032%2C917&ssl=1","contentUrl":"https:\/\/i0.wp.com\/truusk.store\/wp-content\/uploads\/2026\/03\/cropped-TRUUSK.png?fit=2032%2C917&ssl=1","width":2032,"height":917,"caption":"TRUUSK - Hem, Tr\u00e4dg\u00e5rd & Fritid"},"image":{"@id":"https:\/\/truusk.store\/sv\/#\/schema\/logo\/image\/"}}]}},"jetpack_sharing_enabled":true,"_links":{"self":[{"href":"https:\/\/truusk.store\/sv\/wp-json\/wp\/v2\/product\/20247","targetHints":{"allow":["GET"]}}],"collection":[{"href":"https:\/\/truusk.store\/sv\/wp-json\/wp\/v2\/product"}],"about":[{"href":"https:\/\/truusk.store\/sv\/wp-json\/wp\/v2\/types\/product"}],"wp:featuredmedia":[{"embeddable":true,"href":"https:\/\/truusk.store\/sv\/wp-json\/wp\/v2\/media\/20248"}],"wp:attachment":[{"href":"https:\/\/truusk.store\/sv\/wp-json\/wp\/v2\/media?parent=20247"}],"wp:term":[{"taxonomy":"product_brand","embeddable":true,"href":"https:\/\/truusk.store\/sv\/wp-json\/wp\/v2\/product_brand?post=20247"},{"taxonomy":"product_cat","embeddable":true,"href":"https:\/\/truusk.store\/sv\/wp-json\/wp\/v2\/product_cat?post=20247"},{"taxonomy":"product_tag","embeddable":true,"href":"https:\/\/truusk.store\/sv\/wp-json\/wp\/v2\/product_tag?post=20247"}],"curies":[{"name":"wp","href":"https:\/\/api.w.org\/{rel}","templated":true}]}}