{"id":20278,"date":"2024-02-13T15:18:48","date_gmt":"2024-02-13T14:18:48","guid":{"rendered":"https:\/\/truusk.store\/product\/lastvagnstransport-trailer-lastcykelvagn-svartrod\/"},"modified":"2026-03-12T09:03:13","modified_gmt":"2026-03-12T08:03:13","slug":"truusk-lastvagnstransport-trailer-svartrod-praktiskt-och-lattanvand-for-hundar-och-katter-upp-till-10-kg-svart-och-rod","status":"publish","type":"product","link":"https:\/\/truusk.store\/sv\/produkt\/truusk-lastvagnstransport-trailer-svartrod-praktiskt-och-lattanvand-for-hundar-och-katter-upp-till-10-kg-svart-och-rod\/","title":{"rendered":"TRUUSK Lastvagnstransport Trailer &#8211; Svart+r\u00f6d &#8211; Praktiskt och L\u00e4ttanv\u00e4nd &#8211; F\u00f6r Hundar och Katter &#8211; Upp till 10 kg &#8211; Svart och R\u00f6d"},"content":{"rendered":"<p>Du kan transportera mycket med cykel. \u00c4ven mycket l\u00e4tt med lastvagnen. Det universella sl\u00e4pfordonet passar n\u00e4stan alla cyklar och kan snabbt f\u00e4stas och tas bort igen. Den robusta st\u00e5lramen till\u00e5ter en belastning p\u00e5 upp till 40 kg. Med 20-tumsd\u00e4cken \u00e4r sl\u00e4pet l\u00e4tt att dra \u00e4ven n\u00e4r det \u00e4r fullastat och f\u00e4lgreflektorerna s\u00e4kerst\u00e4ller b\u00e4ttre sikt.<\/p>\n<h3>Beskrivning:<\/h3>\n<ul>\n<li>Slitstarkt, vattenavvisande skydd<\/li>\n<li>R\u00f6d reflextejp p\u00e5 motorhuven g\u00f6r att vagnen syns \u00e4ven under d\u00e5liga ljusf\u00f6rh\u00e5llanden<\/li>\n<li>F\u00e4llbar dragst\u00e5ng och sidopaneler<\/li>\n<li>Hjul kan enkelt demonteras f\u00f6r platsbesparande f\u00f6rvaring<\/li>\n<li>Avtagbar huva<\/li>\n<li>Inklusive sl\u00e4pvagnskoppling<\/li>\n<li>StVO godk\u00e4nd vid eftermontering av godk\u00e4nd baklykta<\/li>\n<li>Enkel och snabb montering och demontering utan verktyg<\/li>\n<li>Tv\u00e5 reflexer per hjul<\/li>\n<\/ul>\n<h3>Teknisk data:<\/h3>\n<ul>\n<li>Material: 600D Oxford, st\u00e5lr\u00f6r<\/li>\n<li>Totala m\u00e5tt: 140 x 88 x 60 cm (LxBxH)<\/li>\n<li>Innerm\u00e5tt: 84,5L x 61W x 38H cm (botten), 74L x 61W x 38H cm (\u00f6verst)<\/li>\n<li>Max lastkapacitet: 40 kg<\/li>\n<li>20&#8243; pneumatiska d\u00e4ck<\/li>\n<li>Vikt: 17 kg<\/li>\n<li>F\u00e4rg: Svart+r\u00f6d<\/li>\n<\/ul>\n<h3>Leveransens omfattning:<\/h3>\n<ul>\n<li>1 x transportvagn;<\/li>\n<\/ul>\n","protected":false},"excerpt":{"rendered":"<p>Du kan transportera mycket med cykel. \u00c4ven mycket l\u00e4tt med lastvagnen. Det universella sl\u00e4pfordonet passar n\u00e4stan alla cyklar och kan&#8230;<\/p>\n","protected":false},"featured_media":20279,"template":"","meta":[],"product_brand":[],"product_cat":[652,653,647],"product_tag":[],"class_list":{"0":"post-20278","1":"product","2":"type-product","3":"status-publish","4":"has-post-thumbnail","6":"product_cat-cykel","7":"product_cat-cykelvagn","8":"product_cat-sport-fritid","10":"first","11":"instock","12":"sale","13":"taxable","14":"shipping-taxable","15":"purchasable","16":"product-type-simple"},"yoast_head":"<!-- This site is optimized with the Yoast SEO plugin v25.4 - https:\/\/yoast.com\/wordpress\/plugins\/seo\/ -->\n<title>TRUUSK Lastvagnstransport Trailer - Svart+r\u00f6d - Praktiskt och L\u00e4ttanv\u00e4nd - F\u00f6r Hundar och Katter - Upp till 10 kg - Svart och R\u00f6d - TRUUSK - Hem, Tr\u00e4dg\u00e5rd &amp; Fritid<\/title>\n<meta name=\"robots\" content=\"index, follow, max-snippet:-1, max-image-preview:large, max-video-preview:-1\" \/>\n<link rel=\"canonical\" href=\"https:\/\/truusk.store\/sv\/produkt\/truusk-lastvagnstransport-trailer-svartrod-praktiskt-och-lattanvand-for-hundar-och-katter-upp-till-10-kg-svart-och-rod\/\" \/>\n<meta property=\"og:locale\" content=\"sv_SE\" \/>\n<meta property=\"og:type\" content=\"article\" \/>\n<meta property=\"og:title\" content=\"TRUUSK Lastvagnstransport Trailer - Svart+r\u00f6d - Praktiskt och L\u00e4ttanv\u00e4nd - F\u00f6r Hundar och Katter - Upp till 10 kg - Svart och R\u00f6d - TRUUSK - Hem, Tr\u00e4dg\u00e5rd &amp; Fritid\" \/>\n<meta property=\"og:description\" content=\"Du kan transportera mycket med cykel. \u00c4ven mycket l\u00e4tt med lastvagnen. Det universella sl\u00e4pfordonet passar n\u00e4stan alla cyklar och kan...\" \/>\n<meta property=\"og:url\" content=\"https:\/\/truusk.store\/sv\/produkt\/truusk-lastvagnstransport-trailer-svartrod-praktiskt-och-lattanvand-for-hundar-och-katter-upp-till-10-kg-svart-och-rod\/\" \/>\n<meta property=\"og:site_name\" content=\"TRUUSK - Hem, Tr\u00e4dg\u00e5rd &amp; Fritid\" \/>\n<meta property=\"article:modified_time\" content=\"2026-03-12T08:03:13+00:00\" \/>\n<meta property=\"og:image\" content=\"https:\/\/i0.wp.com\/truusk.se\/wp-content\/uploads\/2024\/02\/lastvagnstransport-trailer-lastcykelvagn-svartrod.webp?fit=800%2C800&ssl=1\" \/>\n\t<meta property=\"og:image:width\" content=\"800\" \/>\n\t<meta property=\"og:image:height\" content=\"800\" \/>\n\t<meta property=\"og:image:type\" content=\"image\/webp\" \/>\n<meta name=\"twitter:card\" content=\"summary_large_image\" \/>\n<meta name=\"twitter:label1\" content=\"Ber\u00e4knad l\u00e4stid\" \/>\n\t<meta name=\"twitter:data1\" content=\"1 minut\" \/>\n<!-- \/ Yoast SEO plugin. -->","yoast_head_json":{"title":"TRUUSK Lastvagnstransport Trailer - Svart+r\u00f6d - Praktiskt och L\u00e4ttanv\u00e4nd - F\u00f6r Hundar och Katter - Upp till 10 kg - Svart och R\u00f6d - TRUUSK - Hem, Tr\u00e4dg\u00e5rd &amp; Fritid","robots":{"index":"index","follow":"follow","max-snippet":"max-snippet:-1","max-image-preview":"max-image-preview:large","max-video-preview":"max-video-preview:-1"},"canonical":"https:\/\/truusk.store\/sv\/produkt\/truusk-lastvagnstransport-trailer-svartrod-praktiskt-och-lattanvand-for-hundar-och-katter-upp-till-10-kg-svart-och-rod\/","og_locale":"sv_SE","og_type":"article","og_title":"TRUUSK Lastvagnstransport Trailer - Svart+r\u00f6d - Praktiskt och L\u00e4ttanv\u00e4nd - F\u00f6r Hundar och Katter - Upp till 10 kg - Svart och R\u00f6d - TRUUSK - Hem, Tr\u00e4dg\u00e5rd &amp; Fritid","og_description":"Du kan transportera mycket med cykel. \u00c4ven mycket l\u00e4tt med lastvagnen. Det universella sl\u00e4pfordonet passar n\u00e4stan alla cyklar och kan...","og_url":"https:\/\/truusk.store\/sv\/produkt\/truusk-lastvagnstransport-trailer-svartrod-praktiskt-och-lattanvand-for-hundar-och-katter-upp-till-10-kg-svart-och-rod\/","og_site_name":"TRUUSK - Hem, Tr\u00e4dg\u00e5rd &amp; Fritid","article_modified_time":"2026-03-12T08:03:13+00:00","og_image":[{"width":800,"height":800,"url":"https:\/\/i0.wp.com\/truusk.se\/wp-content\/uploads\/2024\/02\/lastvagnstransport-trailer-lastcykelvagn-svartrod.webp?fit=800%2C800&ssl=1","type":"image\/webp"}],"twitter_card":"summary_large_image","twitter_misc":{"Ber\u00e4knad l\u00e4stid":"1 minut"},"schema":{"@context":"https:\/\/schema.org","@graph":[{"@type":"WebPage","@id":"https:\/\/truusk.store\/sv\/produkt\/truusk-lastvagnstransport-trailer-svartrod-praktiskt-och-lattanvand-for-hundar-och-katter-upp-till-10-kg-svart-och-rod\/","url":"https:\/\/truusk.store\/sv\/produkt\/truusk-lastvagnstransport-trailer-svartrod-praktiskt-och-lattanvand-for-hundar-och-katter-upp-till-10-kg-svart-och-rod\/","name":"TRUUSK Lastvagnstransport Trailer - Svart+r\u00f6d - Praktiskt och L\u00e4ttanv\u00e4nd - F\u00f6r Hundar och Katter - Upp till 10 kg - Svart och R\u00f6d - TRUUSK - Hem, Tr\u00e4dg\u00e5rd &amp; Fritid","isPartOf":{"@id":"https:\/\/truusk.store\/sv\/#website"},"primaryImageOfPage":{"@id":"https:\/\/truusk.store\/sv\/produkt\/truusk-lastvagnstransport-trailer-svartrod-praktiskt-och-lattanvand-for-hundar-och-katter-upp-till-10-kg-svart-och-rod\/#primaryimage"},"image":{"@id":"https:\/\/truusk.store\/sv\/produkt\/truusk-lastvagnstransport-trailer-svartrod-praktiskt-och-lattanvand-for-hundar-och-katter-upp-till-10-kg-svart-och-rod\/#primaryimage"},"thumbnailUrl":"https:\/\/i0.wp.com\/truusk.store\/wp-content\/uploads\/2024\/02\/lastvagnstransport-trailer-lastcykelvagn-svartrod.webp?fit=800%2C800&ssl=1","datePublished":"2024-02-13T14:18:48+00:00","dateModified":"2026-03-12T08:03:13+00:00","breadcrumb":{"@id":"https:\/\/truusk.store\/sv\/produkt\/truusk-lastvagnstransport-trailer-svartrod-praktiskt-och-lattanvand-for-hundar-och-katter-upp-till-10-kg-svart-och-rod\/#breadcrumb"},"inLanguage":"sv-SE","potentialAction":[{"@type":"ReadAction","target":["https:\/\/truusk.store\/sv\/produkt\/truusk-lastvagnstransport-trailer-svartrod-praktiskt-och-lattanvand-for-hundar-och-katter-upp-till-10-kg-svart-och-rod\/"]}]},{"@type":"ImageObject","inLanguage":"sv-SE","@id":"https:\/\/truusk.store\/sv\/produkt\/truusk-lastvagnstransport-trailer-svartrod-praktiskt-och-lattanvand-for-hundar-och-katter-upp-till-10-kg-svart-och-rod\/#primaryimage","url":"https:\/\/i0.wp.com\/truusk.store\/wp-content\/uploads\/2024\/02\/lastvagnstransport-trailer-lastcykelvagn-svartrod.webp?fit=800%2C800&ssl=1","contentUrl":"https:\/\/i0.wp.com\/truusk.store\/wp-content\/uploads\/2024\/02\/lastvagnstransport-trailer-lastcykelvagn-svartrod.webp?fit=800%2C800&ssl=1","width":800,"height":800,"caption":"Lastvagnstransport Trailer Lastcykelvagn Svart+r\u00f6d 1"},{"@type":"BreadcrumbList","@id":"https:\/\/truusk.store\/sv\/produkt\/truusk-lastvagnstransport-trailer-svartrod-praktiskt-och-lattanvand-for-hundar-och-katter-upp-till-10-kg-svart-och-rod\/#breadcrumb","itemListElement":[{"@type":"ListItem","position":1,"name":"Home","item":"https:\/\/truusk.store\/sv\/"},{"@type":"ListItem","position":2,"name":"Shop","item":"https:\/\/truusk.store\/shop\/"},{"@type":"ListItem","position":3,"name":"TRUUSK Lastvagnstransport Trailer &#8211; Svart+r\u00f6d &#8211; Praktiskt och L\u00e4ttanv\u00e4nd &#8211; F\u00f6r Hundar och Katter &#8211; Upp till 10 kg &#8211; Svart och R\u00f6d"}]},{"@type":"WebSite","@id":"https:\/\/truusk.store\/sv\/#website","url":"https:\/\/truusk.store\/sv\/","name":"TRUUSK - Hem, Tr\u00e4dg\u00e5rd & Fritid","description":"","publisher":{"@id":"https:\/\/truusk.store\/sv\/#organization"},"potentialAction":[{"@type":"SearchAction","target":{"@type":"EntryPoint","urlTemplate":"https:\/\/truusk.store\/sv\/?s={search_term_string}"},"query-input":{"@type":"PropertyValueSpecification","valueRequired":true,"valueName":"search_term_string"}}],"inLanguage":"sv-SE"},{"@type":"Organization","@id":"https:\/\/truusk.store\/sv\/#organization","name":"TRUUSK - Hem, Tr\u00e4dg\u00e5rd & Fritid","url":"https:\/\/truusk.store\/sv\/","logo":{"@type":"ImageObject","inLanguage":"sv-SE","@id":"https:\/\/truusk.store\/sv\/#\/schema\/logo\/image\/","url":"https:\/\/i0.wp.com\/truusk.store\/wp-content\/uploads\/2026\/03\/cropped-TRUUSK.png?fit=2032%2C917&ssl=1","contentUrl":"https:\/\/i0.wp.com\/truusk.store\/wp-content\/uploads\/2026\/03\/cropped-TRUUSK.png?fit=2032%2C917&ssl=1","width":2032,"height":917,"caption":"TRUUSK - Hem, Tr\u00e4dg\u00e5rd & Fritid"},"image":{"@id":"https:\/\/truusk.store\/sv\/#\/schema\/logo\/image\/"}}]}},"jetpack_sharing_enabled":true,"_links":{"self":[{"href":"https:\/\/truusk.store\/sv\/wp-json\/wp\/v2\/product\/20278","targetHints":{"allow":["GET"]}}],"collection":[{"href":"https:\/\/truusk.store\/sv\/wp-json\/wp\/v2\/product"}],"about":[{"href":"https:\/\/truusk.store\/sv\/wp-json\/wp\/v2\/types\/product"}],"wp:featuredmedia":[{"embeddable":true,"href":"https:\/\/truusk.store\/sv\/wp-json\/wp\/v2\/media\/20279"}],"wp:attachment":[{"href":"https:\/\/truusk.store\/sv\/wp-json\/wp\/v2\/media?parent=20278"}],"wp:term":[{"taxonomy":"product_brand","embeddable":true,"href":"https:\/\/truusk.store\/sv\/wp-json\/wp\/v2\/product_brand?post=20278"},{"taxonomy":"product_cat","embeddable":true,"href":"https:\/\/truusk.store\/sv\/wp-json\/wp\/v2\/product_cat?post=20278"},{"taxonomy":"product_tag","embeddable":true,"href":"https:\/\/truusk.store\/sv\/wp-json\/wp\/v2\/product_tag?post=20278"}],"curies":[{"name":"wp","href":"https:\/\/api.w.org\/{rel}","templated":true}]}}