{"id":20298,"date":"2024-02-13T15:19:23","date_gmt":"2024-02-13T14:19:23","guid":{"rendered":"https:\/\/truusk.store\/product\/solar-lantern-tradgard-lanternbana-ljus-med-led-10-lumen-svart-15-x-15-x-120cm\/"},"modified":"2026-03-12T09:03:13","modified_gmt":"2026-03-12T08:03:13","slug":"truusk-solar-lykta-tradgardslampa-10-lumen-led-svart-15x15x120cm","status":"publish","type":"product","link":"https:\/\/truusk.store\/sv\/produkt\/truusk-solar-lykta-tradgardslampa-10-lumen-led-svart-15x15x120cm\/","title":{"rendered":"TRUUSK Solar Lykta Tr\u00e4dg\u00e5rdslampa &#8211; 10 Lumen LED &#8211; Svart &#8211; 15x15x120cm"},"content":{"rendered":"<p>Ta med ljus in i m\u00f6rkret. V\u00e5r tr\u00e4dg\u00e5rdskandelaber kombinerar modern teknik och en charmig retrost\u00e4mning. Den eleganta plastlampan drivs av solenergi. Det interna batteriet laddas tillf\u00f6rlitligt under dagen med hj\u00e4lp av 4 solceller. Detta sparar dig behovet av en extern str\u00f6manslutning. Den 10 lumen ljusa LED-lampan t\u00e4nds och sl\u00e4cks automatiskt i m\u00f6rker av ljussensorn. Din tr\u00e4dg\u00e5rdslampa placeras antingen p\u00e5 den stabila basen eller s\u00e4kert f\u00f6rankrad i marken med markspetsen. Och tack vare IP44-skyddsklassen kommer inte ens enstaka v\u00e4derf\u00f6r\u00e4ndringar att orsaka n\u00e5gra problem. Smart, charmig och alltid ett blickf\u00e5ng. Med v\u00e5r LED-tr\u00e4dg\u00e5rdslampa kommer ditt gr\u00f6na paradis att visas upp p\u00e5 ett f\u00f6rtrollande s\u00e4tt.<\/p>\n<h3>Beskrivning:<\/h3>\n<ul>\n<li>Solar LED tr\u00e4dg\u00e5rdslampa i elegant lanterndesign<\/li>\n<li>4 solpaneler laddar batteriet tillf\u00f6rlitligt med solljus<\/li>\n<li>Skymningssensor t\u00e4nder ljuset automatiskt n\u00e4r det blir m\u00f6rkt<\/li>\n<li>1 batteri med en maximal belysningstid p\u00e5 upp till 5-6 timmar<\/li>\n<li>Installation med bas eller markspets<\/li>\n<li>L\u00e4mplig f\u00f6r skyddade utomhusomr\u00e5den<\/li>\n<li>Enkel konstruktion<\/li>\n<\/ul>\n<h3>Teknisk data:<\/h3>\n<ul>\n<li>Material: Plast<\/li>\n<li>Svart f\u00e4rg<\/li>\n<li>M\u00e5tt: L15 x B15 x H120cm<\/li>\n<li>Nettovikt: ca 590g<\/li>\n<li>Skyddsklass: IP44<\/li>\n<li>Ljusfl\u00f6de: 10 lumen<\/li>\n<li>Batteri: 1,2V \/ 600mA<\/li>\n<\/ul>\n<h3>Leveransens omfattning:<\/h3>\n<ul>\n<li>1 x Tr\u00e4dg\u00e5rdsljus<\/li>\n<li>1 x Anv\u00e4ndarmanual<\/li>\n<li>Monteringstillbeh\u00f6r<\/li>\n<\/ul>\n","protected":false},"excerpt":{"rendered":"<p>Ta med ljus in i m\u00f6rkret. V\u00e5r tr\u00e4dg\u00e5rdskandelaber kombinerar modern teknik och en charmig retrost\u00e4mning. Den eleganta plastlampan drivs av&#8230;<\/p>\n","protected":false},"featured_media":20299,"template":"","meta":[],"product_brand":[],"product_cat":[435,465,464],"product_tag":[],"class_list":{"0":"post-20298","1":"product","2":"type-product","3":"status-publish","4":"has-post-thumbnail","6":"product_cat-tradgard-och-terrass","7":"product_cat-tradgardsbelysning","8":"product_cat-tradgardsdekoration","10":"first","11":"instock","12":"sale","13":"taxable","14":"shipping-taxable","15":"purchasable","16":"product-type-simple"},"yoast_head":"<!-- This site is optimized with the Yoast SEO plugin v25.4 - https:\/\/yoast.com\/wordpress\/plugins\/seo\/ -->\n<title>TRUUSK Solar Lykta Tr\u00e4dg\u00e5rdslampa - 10 Lumen LED - Svart - 15x15x120cm - TRUUSK - Hem, Tr\u00e4dg\u00e5rd &amp; Fritid<\/title>\n<meta name=\"robots\" content=\"index, follow, max-snippet:-1, max-image-preview:large, max-video-preview:-1\" \/>\n<link rel=\"canonical\" href=\"https:\/\/truusk.store\/sv\/produkt\/truusk-solar-lykta-tradgardslampa-10-lumen-led-svart-15x15x120cm\/\" \/>\n<meta property=\"og:locale\" content=\"sv_SE\" \/>\n<meta property=\"og:type\" content=\"article\" \/>\n<meta property=\"og:title\" content=\"TRUUSK Solar Lykta Tr\u00e4dg\u00e5rdslampa - 10 Lumen LED - Svart - 15x15x120cm - TRUUSK - Hem, Tr\u00e4dg\u00e5rd &amp; Fritid\" \/>\n<meta property=\"og:description\" content=\"Ta med ljus in i m\u00f6rkret. V\u00e5r tr\u00e4dg\u00e5rdskandelaber kombinerar modern teknik och en charmig retrost\u00e4mning. Den eleganta plastlampan drivs av...\" \/>\n<meta property=\"og:url\" content=\"https:\/\/truusk.store\/sv\/produkt\/truusk-solar-lykta-tradgardslampa-10-lumen-led-svart-15x15x120cm\/\" \/>\n<meta property=\"og:site_name\" content=\"TRUUSK - Hem, Tr\u00e4dg\u00e5rd &amp; Fritid\" \/>\n<meta property=\"article:modified_time\" content=\"2026-03-12T08:03:13+00:00\" \/>\n<meta property=\"og:image\" content=\"https:\/\/i0.wp.com\/truusk.se\/wp-content\/uploads\/2024\/02\/solar-lantern-tradgard-lanternbana-ljus-med-led-10-lumen-svart-15-x-15-x-120cm.webp?fit=800%2C800&ssl=1\" \/>\n\t<meta property=\"og:image:width\" content=\"800\" \/>\n\t<meta property=\"og:image:height\" content=\"800\" \/>\n\t<meta property=\"og:image:type\" content=\"image\/webp\" \/>\n<meta name=\"twitter:card\" content=\"summary_large_image\" \/>\n<meta name=\"twitter:label1\" content=\"Ber\u00e4knad l\u00e4stid\" \/>\n\t<meta name=\"twitter:data1\" content=\"1 minut\" \/>\n<!-- \/ Yoast SEO plugin. -->","yoast_head_json":{"title":"TRUUSK Solar Lykta Tr\u00e4dg\u00e5rdslampa - 10 Lumen LED - Svart - 15x15x120cm - TRUUSK - Hem, Tr\u00e4dg\u00e5rd &amp; Fritid","robots":{"index":"index","follow":"follow","max-snippet":"max-snippet:-1","max-image-preview":"max-image-preview:large","max-video-preview":"max-video-preview:-1"},"canonical":"https:\/\/truusk.store\/sv\/produkt\/truusk-solar-lykta-tradgardslampa-10-lumen-led-svart-15x15x120cm\/","og_locale":"sv_SE","og_type":"article","og_title":"TRUUSK Solar Lykta Tr\u00e4dg\u00e5rdslampa - 10 Lumen LED - Svart - 15x15x120cm - TRUUSK - Hem, Tr\u00e4dg\u00e5rd &amp; Fritid","og_description":"Ta med ljus in i m\u00f6rkret. V\u00e5r tr\u00e4dg\u00e5rdskandelaber kombinerar modern teknik och en charmig retrost\u00e4mning. Den eleganta plastlampan drivs av...","og_url":"https:\/\/truusk.store\/sv\/produkt\/truusk-solar-lykta-tradgardslampa-10-lumen-led-svart-15x15x120cm\/","og_site_name":"TRUUSK - Hem, Tr\u00e4dg\u00e5rd &amp; Fritid","article_modified_time":"2026-03-12T08:03:13+00:00","og_image":[{"width":800,"height":800,"url":"https:\/\/i0.wp.com\/truusk.se\/wp-content\/uploads\/2024\/02\/solar-lantern-tradgard-lanternbana-ljus-med-led-10-lumen-svart-15-x-15-x-120cm.webp?fit=800%2C800&ssl=1","type":"image\/webp"}],"twitter_card":"summary_large_image","twitter_misc":{"Ber\u00e4knad l\u00e4stid":"1 minut"},"schema":{"@context":"https:\/\/schema.org","@graph":[{"@type":"WebPage","@id":"https:\/\/truusk.store\/sv\/produkt\/truusk-solar-lykta-tradgardslampa-10-lumen-led-svart-15x15x120cm\/","url":"https:\/\/truusk.store\/sv\/produkt\/truusk-solar-lykta-tradgardslampa-10-lumen-led-svart-15x15x120cm\/","name":"TRUUSK Solar Lykta Tr\u00e4dg\u00e5rdslampa - 10 Lumen LED - Svart - 15x15x120cm - TRUUSK - Hem, Tr\u00e4dg\u00e5rd &amp; Fritid","isPartOf":{"@id":"https:\/\/truusk.store\/sv\/#website"},"primaryImageOfPage":{"@id":"https:\/\/truusk.store\/sv\/produkt\/truusk-solar-lykta-tradgardslampa-10-lumen-led-svart-15x15x120cm\/#primaryimage"},"image":{"@id":"https:\/\/truusk.store\/sv\/produkt\/truusk-solar-lykta-tradgardslampa-10-lumen-led-svart-15x15x120cm\/#primaryimage"},"thumbnailUrl":"https:\/\/i0.wp.com\/truusk.store\/wp-content\/uploads\/2024\/02\/solar-lantern-tradgard-lanternbana-ljus-med-led-10-lumen-svart-15-x-15-x-120cm.webp?fit=800%2C800&ssl=1","datePublished":"2024-02-13T14:19:23+00:00","dateModified":"2026-03-12T08:03:13+00:00","breadcrumb":{"@id":"https:\/\/truusk.store\/sv\/produkt\/truusk-solar-lykta-tradgardslampa-10-lumen-led-svart-15x15x120cm\/#breadcrumb"},"inLanguage":"sv-SE","potentialAction":[{"@type":"ReadAction","target":["https:\/\/truusk.store\/sv\/produkt\/truusk-solar-lykta-tradgardslampa-10-lumen-led-svart-15x15x120cm\/"]}]},{"@type":"ImageObject","inLanguage":"sv-SE","@id":"https:\/\/truusk.store\/sv\/produkt\/truusk-solar-lykta-tradgardslampa-10-lumen-led-svart-15x15x120cm\/#primaryimage","url":"https:\/\/i0.wp.com\/truusk.store\/wp-content\/uploads\/2024\/02\/solar-lantern-tradgard-lanternbana-ljus-med-led-10-lumen-svart-15-x-15-x-120cm.webp?fit=800%2C800&ssl=1","contentUrl":"https:\/\/i0.wp.com\/truusk.store\/wp-content\/uploads\/2024\/02\/solar-lantern-tradgard-lanternbana-ljus-med-led-10-lumen-svart-15-x-15-x-120cm.webp?fit=800%2C800&ssl=1","width":800,"height":800,"caption":"Solar Lantern Tr\u00e4dg\u00e5rd Lanternbana Ljus Med LED 10 Lumen Svart 15 X 15 X 120cm 1"},{"@type":"BreadcrumbList","@id":"https:\/\/truusk.store\/sv\/produkt\/truusk-solar-lykta-tradgardslampa-10-lumen-led-svart-15x15x120cm\/#breadcrumb","itemListElement":[{"@type":"ListItem","position":1,"name":"Home","item":"https:\/\/truusk.store\/sv\/"},{"@type":"ListItem","position":2,"name":"Shop","item":"https:\/\/truusk.store\/shop\/"},{"@type":"ListItem","position":3,"name":"TRUUSK Solar Lykta Tr\u00e4dg\u00e5rdslampa &#8211; 10 Lumen LED &#8211; Svart &#8211; 15x15x120cm"}]},{"@type":"WebSite","@id":"https:\/\/truusk.store\/sv\/#website","url":"https:\/\/truusk.store\/sv\/","name":"TRUUSK - Hem, Tr\u00e4dg\u00e5rd & Fritid","description":"","publisher":{"@id":"https:\/\/truusk.store\/sv\/#organization"},"potentialAction":[{"@type":"SearchAction","target":{"@type":"EntryPoint","urlTemplate":"https:\/\/truusk.store\/sv\/?s={search_term_string}"},"query-input":{"@type":"PropertyValueSpecification","valueRequired":true,"valueName":"search_term_string"}}],"inLanguage":"sv-SE"},{"@type":"Organization","@id":"https:\/\/truusk.store\/sv\/#organization","name":"TRUUSK - Hem, Tr\u00e4dg\u00e5rd & Fritid","url":"https:\/\/truusk.store\/sv\/","logo":{"@type":"ImageObject","inLanguage":"sv-SE","@id":"https:\/\/truusk.store\/sv\/#\/schema\/logo\/image\/","url":"https:\/\/i0.wp.com\/truusk.store\/wp-content\/uploads\/2026\/03\/cropped-TRUUSK.png?fit=2032%2C917&ssl=1","contentUrl":"https:\/\/i0.wp.com\/truusk.store\/wp-content\/uploads\/2026\/03\/cropped-TRUUSK.png?fit=2032%2C917&ssl=1","width":2032,"height":917,"caption":"TRUUSK - Hem, Tr\u00e4dg\u00e5rd & Fritid"},"image":{"@id":"https:\/\/truusk.store\/sv\/#\/schema\/logo\/image\/"}}]}},"jetpack_sharing_enabled":true,"_links":{"self":[{"href":"https:\/\/truusk.store\/sv\/wp-json\/wp\/v2\/product\/20298","targetHints":{"allow":["GET"]}}],"collection":[{"href":"https:\/\/truusk.store\/sv\/wp-json\/wp\/v2\/product"}],"about":[{"href":"https:\/\/truusk.store\/sv\/wp-json\/wp\/v2\/types\/product"}],"wp:featuredmedia":[{"embeddable":true,"href":"https:\/\/truusk.store\/sv\/wp-json\/wp\/v2\/media\/20299"}],"wp:attachment":[{"href":"https:\/\/truusk.store\/sv\/wp-json\/wp\/v2\/media?parent=20298"}],"wp:term":[{"taxonomy":"product_brand","embeddable":true,"href":"https:\/\/truusk.store\/sv\/wp-json\/wp\/v2\/product_brand?post=20298"},{"taxonomy":"product_cat","embeddable":true,"href":"https:\/\/truusk.store\/sv\/wp-json\/wp\/v2\/product_cat?post=20298"},{"taxonomy":"product_tag","embeddable":true,"href":"https:\/\/truusk.store\/sv\/wp-json\/wp\/v2\/product_tag?post=20298"}],"curies":[{"name":"wp","href":"https:\/\/api.w.org\/{rel}","templated":true}]}}