{"id":20308,"date":"2024-02-13T15:19:40","date_gmt":"2024-02-13T14:19:40","guid":{"rendered":"https:\/\/truusk.store\/product\/rosenbage-med-bank-rosenbank-bersabank-filosofbank-spalje-tradgardsbank-metall-svart-115-x-50-x-203-cm\/"},"modified":"2026-03-12T09:03:14","modified_gmt":"2026-03-12T08:03:14","slug":"truusk-metall-rosenbage-med-bank-svart-115-x-50-x-203-cm-tradgardsbank-filosofbank-spalje","status":"publish","type":"product","link":"https:\/\/truusk.store\/sv\/produkt\/truusk-metall-rosenbage-med-bank-svart-115-x-50-x-203-cm-tradgardsbank-filosofbank-spalje\/","title":{"rendered":"TRUUSK Metall Rosenb\u00e5ge Med B\u00e4nk &#8211; Svart &#8211; 115 x 50 x 203 cm &#8211; Tr\u00e4dg\u00e5rdsb\u00e4nk &#8211; Filosofb\u00e4nk &#8211; Spalj\u00e9"},"content":{"rendered":"<p>V\u00e5r rosenb\u00e5ge ger din tr\u00e4dg\u00e5rd eller terrass en romantisk atmosf\u00e4r och \u00e4r ocks\u00e5 ett praktiskt sittalternativ. Den svartm\u00e5lade metallramen \u00e4r inte bara vacker, utan ger \u00e4ven din b\u00e4nk h\u00f6g stabilitet och optimal v\u00e4derbest\u00e4ndighet. Det v\u00e4lvda taket kan anv\u00e4ndas som en blomspalj\u00e9 f\u00f6r kl\u00e4tterv\u00e4xter. Upp till tv\u00e5 personer kan bekv\u00e4mt koppla av p\u00e5 den breda b\u00e4nken. Denna kombination av rosenb\u00e5ge och b\u00e4nk kommer definitivt att vara en vacker h\u00f6jdpunkt i ditt uteomr\u00e5de!<\/p>\n<h3>Beskrivning:<\/h3>\n<ul>\n<li>Rosenb\u00e5ge med b\u00e4nk i stilren look f\u00f6r tr\u00e4dg\u00e5rden eller terrassen<\/li>\n<li>M\u00e5lad metallram: robust, h\u00e5llbar, v\u00e4derbest\u00e4ndig<\/li>\n<li>Valvt tak med spalj\u00e9er p\u00e5 b\u00e5da sidor<\/li>\n<li>Sittplats f\u00f6r upp till 2 personer<\/li>\n<li>Enkel konstruktion<\/li>\n<\/ul>\n<h3>Teknisk data:<\/h3>\n<ul>\n<li>Material: metall<\/li>\n<li>Svart f\u00e4rg<\/li>\n<li>Vikt: 14,5 kg<\/li>\n<li>\u00d6vergripande m\u00e5tt: B115 x D50 x H203 cm<\/li>\n<li>Sittyta: B110 x D50 cm<\/li>\n<li>Sitth\u00f6jd: 42 cm<\/li>\n<li>H\u00f6jd p\u00e5 ryggst\u00f6d: 56 cm<\/li>\n<li>Lastkapacitet: 220 kg<\/li>\n<\/ul>\n<h3>Leveransens omfattning:<\/h3>\n<ul>\n<li>1 x Rose Arch<\/li>\n<li>1 x monteringsanvisning<\/li>\n<\/ul>\n","protected":false},"excerpt":{"rendered":"<p>V\u00e5r rosenb\u00e5ge ger din tr\u00e4dg\u00e5rd eller terrass en romantisk atmosf\u00e4r och \u00e4r ocks\u00e5 ett praktiskt sittalternativ. Den svartm\u00e5lade metallramen \u00e4r&#8230;<\/p>\n","protected":false},"featured_media":20309,"template":"","meta":[],"product_brand":[],"product_cat":[468,435,464],"product_tag":[],"class_list":{"0":"post-20308","1":"product","2":"type-product","3":"status-publish","4":"has-post-thumbnail","6":"product_cat-rose-bage","7":"product_cat-tradgard-och-terrass","8":"product_cat-tradgardsdekoration","10":"first","11":"instock","12":"sale","13":"taxable","14":"shipping-taxable","15":"purchasable","16":"product-type-simple"},"yoast_head":"<!-- This site is optimized with the Yoast SEO plugin v25.4 - https:\/\/yoast.com\/wordpress\/plugins\/seo\/ -->\n<title>TRUUSK Metall Rosenb\u00e5ge Med B\u00e4nk - Svart - 115 x 50 x 203 cm - Tr\u00e4dg\u00e5rdsb\u00e4nk - Filosofb\u00e4nk - Spalj\u00e9 - TRUUSK - Hem, Tr\u00e4dg\u00e5rd &amp; Fritid<\/title>\n<meta name=\"robots\" content=\"index, follow, max-snippet:-1, max-image-preview:large, max-video-preview:-1\" \/>\n<link rel=\"canonical\" href=\"https:\/\/truusk.store\/sv\/produkt\/truusk-metall-rosenbage-med-bank-svart-115-x-50-x-203-cm-tradgardsbank-filosofbank-spalje\/\" \/>\n<meta property=\"og:locale\" content=\"sv_SE\" \/>\n<meta property=\"og:type\" content=\"article\" \/>\n<meta property=\"og:title\" content=\"TRUUSK Metall Rosenb\u00e5ge Med B\u00e4nk - Svart - 115 x 50 x 203 cm - Tr\u00e4dg\u00e5rdsb\u00e4nk - Filosofb\u00e4nk - Spalj\u00e9 - TRUUSK - Hem, Tr\u00e4dg\u00e5rd &amp; Fritid\" \/>\n<meta property=\"og:description\" content=\"V\u00e5r rosenb\u00e5ge ger din tr\u00e4dg\u00e5rd eller terrass en romantisk atmosf\u00e4r och \u00e4r ocks\u00e5 ett praktiskt sittalternativ. Den svartm\u00e5lade metallramen \u00e4r...\" \/>\n<meta property=\"og:url\" content=\"https:\/\/truusk.store\/sv\/produkt\/truusk-metall-rosenbage-med-bank-svart-115-x-50-x-203-cm-tradgardsbank-filosofbank-spalje\/\" \/>\n<meta property=\"og:site_name\" content=\"TRUUSK - Hem, Tr\u00e4dg\u00e5rd &amp; Fritid\" \/>\n<meta property=\"article:modified_time\" content=\"2026-03-12T08:03:14+00:00\" \/>\n<meta property=\"og:image\" content=\"https:\/\/i0.wp.com\/truusk.se\/wp-content\/uploads\/2024\/02\/rosenbage-med-bank-rosenbank-bersabank-filosofbank-spalje-tradgardsbank-metall-svart-115-x-50-x-203-cm.webp?fit=800%2C800&ssl=1\" \/>\n\t<meta property=\"og:image:width\" content=\"800\" \/>\n\t<meta property=\"og:image:height\" content=\"800\" \/>\n\t<meta property=\"og:image:type\" content=\"image\/webp\" \/>\n<meta name=\"twitter:card\" content=\"summary_large_image\" \/>\n<meta name=\"twitter:label1\" content=\"Ber\u00e4knad l\u00e4stid\" \/>\n\t<meta name=\"twitter:data1\" content=\"1 minut\" \/>\n<!-- \/ Yoast SEO plugin. -->","yoast_head_json":{"title":"TRUUSK Metall Rosenb\u00e5ge Med B\u00e4nk - Svart - 115 x 50 x 203 cm - Tr\u00e4dg\u00e5rdsb\u00e4nk - Filosofb\u00e4nk - Spalj\u00e9 - TRUUSK - Hem, Tr\u00e4dg\u00e5rd &amp; Fritid","robots":{"index":"index","follow":"follow","max-snippet":"max-snippet:-1","max-image-preview":"max-image-preview:large","max-video-preview":"max-video-preview:-1"},"canonical":"https:\/\/truusk.store\/sv\/produkt\/truusk-metall-rosenbage-med-bank-svart-115-x-50-x-203-cm-tradgardsbank-filosofbank-spalje\/","og_locale":"sv_SE","og_type":"article","og_title":"TRUUSK Metall Rosenb\u00e5ge Med B\u00e4nk - Svart - 115 x 50 x 203 cm - Tr\u00e4dg\u00e5rdsb\u00e4nk - Filosofb\u00e4nk - Spalj\u00e9 - TRUUSK - Hem, Tr\u00e4dg\u00e5rd &amp; Fritid","og_description":"V\u00e5r rosenb\u00e5ge ger din tr\u00e4dg\u00e5rd eller terrass en romantisk atmosf\u00e4r och \u00e4r ocks\u00e5 ett praktiskt sittalternativ. Den svartm\u00e5lade metallramen \u00e4r...","og_url":"https:\/\/truusk.store\/sv\/produkt\/truusk-metall-rosenbage-med-bank-svart-115-x-50-x-203-cm-tradgardsbank-filosofbank-spalje\/","og_site_name":"TRUUSK - Hem, Tr\u00e4dg\u00e5rd &amp; Fritid","article_modified_time":"2026-03-12T08:03:14+00:00","og_image":[{"width":800,"height":800,"url":"https:\/\/i0.wp.com\/truusk.se\/wp-content\/uploads\/2024\/02\/rosenbage-med-bank-rosenbank-bersabank-filosofbank-spalje-tradgardsbank-metall-svart-115-x-50-x-203-cm.webp?fit=800%2C800&ssl=1","type":"image\/webp"}],"twitter_card":"summary_large_image","twitter_misc":{"Ber\u00e4knad l\u00e4stid":"1 minut"},"schema":{"@context":"https:\/\/schema.org","@graph":[{"@type":"WebPage","@id":"https:\/\/truusk.store\/sv\/produkt\/truusk-metall-rosenbage-med-bank-svart-115-x-50-x-203-cm-tradgardsbank-filosofbank-spalje\/","url":"https:\/\/truusk.store\/sv\/produkt\/truusk-metall-rosenbage-med-bank-svart-115-x-50-x-203-cm-tradgardsbank-filosofbank-spalje\/","name":"TRUUSK Metall Rosenb\u00e5ge Med B\u00e4nk - Svart - 115 x 50 x 203 cm - Tr\u00e4dg\u00e5rdsb\u00e4nk - Filosofb\u00e4nk - Spalj\u00e9 - TRUUSK - Hem, Tr\u00e4dg\u00e5rd &amp; Fritid","isPartOf":{"@id":"https:\/\/truusk.store\/sv\/#website"},"primaryImageOfPage":{"@id":"https:\/\/truusk.store\/sv\/produkt\/truusk-metall-rosenbage-med-bank-svart-115-x-50-x-203-cm-tradgardsbank-filosofbank-spalje\/#primaryimage"},"image":{"@id":"https:\/\/truusk.store\/sv\/produkt\/truusk-metall-rosenbage-med-bank-svart-115-x-50-x-203-cm-tradgardsbank-filosofbank-spalje\/#primaryimage"},"thumbnailUrl":"https:\/\/i0.wp.com\/truusk.store\/wp-content\/uploads\/2024\/02\/rosenbage-med-bank-rosenbank-bersabank-filosofbank-spalje-tradgardsbank-metall-svart-115-x-50-x-203-cm.webp?fit=800%2C800&ssl=1","datePublished":"2024-02-13T14:19:40+00:00","dateModified":"2026-03-12T08:03:14+00:00","breadcrumb":{"@id":"https:\/\/truusk.store\/sv\/produkt\/truusk-metall-rosenbage-med-bank-svart-115-x-50-x-203-cm-tradgardsbank-filosofbank-spalje\/#breadcrumb"},"inLanguage":"sv-SE","potentialAction":[{"@type":"ReadAction","target":["https:\/\/truusk.store\/sv\/produkt\/truusk-metall-rosenbage-med-bank-svart-115-x-50-x-203-cm-tradgardsbank-filosofbank-spalje\/"]}]},{"@type":"ImageObject","inLanguage":"sv-SE","@id":"https:\/\/truusk.store\/sv\/produkt\/truusk-metall-rosenbage-med-bank-svart-115-x-50-x-203-cm-tradgardsbank-filosofbank-spalje\/#primaryimage","url":"https:\/\/i0.wp.com\/truusk.store\/wp-content\/uploads\/2024\/02\/rosenbage-med-bank-rosenbank-bersabank-filosofbank-spalje-tradgardsbank-metall-svart-115-x-50-x-203-cm.webp?fit=800%2C800&ssl=1","contentUrl":"https:\/\/i0.wp.com\/truusk.store\/wp-content\/uploads\/2024\/02\/rosenbage-med-bank-rosenbank-bersabank-filosofbank-spalje-tradgardsbank-metall-svart-115-x-50-x-203-cm.webp?fit=800%2C800&ssl=1","width":800,"height":800,"caption":"Rosenb\u00e5ge Med B\u00e4nk, Rosenb\u00e4nk, Bers\u00e5b\u00e4nk, Filosofb\u00e4nk, Spalj\u00e9, Tr\u00e4dg\u00e5rdsb\u00e4nk, Metall, Svart, 115 X 50 X 203 Cm 1"},{"@type":"BreadcrumbList","@id":"https:\/\/truusk.store\/sv\/produkt\/truusk-metall-rosenbage-med-bank-svart-115-x-50-x-203-cm-tradgardsbank-filosofbank-spalje\/#breadcrumb","itemListElement":[{"@type":"ListItem","position":1,"name":"Home","item":"https:\/\/truusk.store\/sv\/"},{"@type":"ListItem","position":2,"name":"Shop","item":"https:\/\/truusk.store\/shop\/"},{"@type":"ListItem","position":3,"name":"TRUUSK Metall Rosenb\u00e5ge Med B\u00e4nk &#8211; Svart &#8211; 115 x 50 x 203 cm &#8211; Tr\u00e4dg\u00e5rdsb\u00e4nk &#8211; Filosofb\u00e4nk &#8211; Spalj\u00e9"}]},{"@type":"WebSite","@id":"https:\/\/truusk.store\/sv\/#website","url":"https:\/\/truusk.store\/sv\/","name":"TRUUSK - Hem, Tr\u00e4dg\u00e5rd & Fritid","description":"","publisher":{"@id":"https:\/\/truusk.store\/sv\/#organization"},"potentialAction":[{"@type":"SearchAction","target":{"@type":"EntryPoint","urlTemplate":"https:\/\/truusk.store\/sv\/?s={search_term_string}"},"query-input":{"@type":"PropertyValueSpecification","valueRequired":true,"valueName":"search_term_string"}}],"inLanguage":"sv-SE"},{"@type":"Organization","@id":"https:\/\/truusk.store\/sv\/#organization","name":"TRUUSK - Hem, Tr\u00e4dg\u00e5rd & Fritid","url":"https:\/\/truusk.store\/sv\/","logo":{"@type":"ImageObject","inLanguage":"sv-SE","@id":"https:\/\/truusk.store\/sv\/#\/schema\/logo\/image\/","url":"https:\/\/i0.wp.com\/truusk.store\/wp-content\/uploads\/2026\/03\/cropped-TRUUSK.png?fit=2032%2C917&ssl=1","contentUrl":"https:\/\/i0.wp.com\/truusk.store\/wp-content\/uploads\/2026\/03\/cropped-TRUUSK.png?fit=2032%2C917&ssl=1","width":2032,"height":917,"caption":"TRUUSK - Hem, Tr\u00e4dg\u00e5rd & Fritid"},"image":{"@id":"https:\/\/truusk.store\/sv\/#\/schema\/logo\/image\/"}}]}},"jetpack_sharing_enabled":true,"_links":{"self":[{"href":"https:\/\/truusk.store\/sv\/wp-json\/wp\/v2\/product\/20308","targetHints":{"allow":["GET"]}}],"collection":[{"href":"https:\/\/truusk.store\/sv\/wp-json\/wp\/v2\/product"}],"about":[{"href":"https:\/\/truusk.store\/sv\/wp-json\/wp\/v2\/types\/product"}],"wp:featuredmedia":[{"embeddable":true,"href":"https:\/\/truusk.store\/sv\/wp-json\/wp\/v2\/media\/20309"}],"wp:attachment":[{"href":"https:\/\/truusk.store\/sv\/wp-json\/wp\/v2\/media?parent=20308"}],"wp:term":[{"taxonomy":"product_brand","embeddable":true,"href":"https:\/\/truusk.store\/sv\/wp-json\/wp\/v2\/product_brand?post=20308"},{"taxonomy":"product_cat","embeddable":true,"href":"https:\/\/truusk.store\/sv\/wp-json\/wp\/v2\/product_cat?post=20308"},{"taxonomy":"product_tag","embeddable":true,"href":"https:\/\/truusk.store\/sv\/wp-json\/wp\/v2\/product_tag?post=20308"}],"curies":[{"name":"wp","href":"https:\/\/api.w.org\/{rel}","templated":true}]}}