{"id":20316,"date":"2024-02-13T15:19:54","date_gmt":"2024-02-13T14:19:54","guid":{"rendered":"https:\/\/truusk.store\/product\/metallsoptunna-soptunna-5-l-kapacitet-med-fotpedal-med-innerbehallare-vit\/"},"modified":"2026-03-12T09:03:14","modified_gmt":"2026-03-12T08:03:14","slug":"truusk-metallsoptunna-5-l-kapacitet-fotpedal-innerbehallare-vit","status":"publish","type":"product","link":"https:\/\/truusk.store\/sv\/produkt\/truusk-metallsoptunna-5-l-kapacitet-fotpedal-innerbehallare-vit\/","title":{"rendered":"TRUUSK Metallsoptunna &#8211; 5 L Kapacitet &#8211; Fotpedal &#8211; Innerbeh\u00e5llare &#8211; Vit"},"content":{"rendered":"<p>Den h\u00e4r kompakta och eleganta rektangul\u00e4ra soptunnan \u00e4r v\u00e4l l\u00e4mpad f\u00f6r kontor, badrum med mera, och s\u00e4kerst\u00e4ller att ditt hem aldrig mer \u00e4r r\u00f6rigt. Metallh\u00f6ljet \u00e4r robust och k\u00e4nns bra. Den har en bel\u00e4ggning som ger extra styrka och h\u00e5llbarhet. Med en kapacitet p\u00e5 fem liter ger den gott om utrymme. Den \u00e4r \u00e4ven utrustad med en avtagbar innerhink f\u00f6r enkel reng\u00f6ring, ett handtag f\u00f6r borttagning och en halkfri bas. Det mjukt och tyst st\u00e4ngande locket, i kombination med den stora fotpedalen, s\u00e4kerst\u00e4ller enkel \u00f6ppning och st\u00e4ngning.<\/p>\n<h3>Beskrivning:<\/h3>\n<ul>\n<li>Robust och slitstarkt metallh\u00f6lje med pulverlackering f\u00f6r \u00f6kad styrka vid dagligt bruk<\/li>\n<li>Elegant rektangul\u00e4r form i en fr\u00e4sch, bred ton som passar vackert in i ditt hem<\/li>\n<li>Avtagbar innerhink med handtag f\u00f6r enkel och hygienisk reng\u00f6ring<\/li>\n<li>Mjuk och tyst \u00f6ppningsklaff, som man\u00f6vreras med den stora och l\u00e4ttanv\u00e4nda fotpedalen<\/li>\n<li>Halkfri bas f\u00f6r att s\u00e4kerst\u00e4lla att beh\u00e5llaren \u00e4r stabil (den kan v\u00e4ltas omkull av slag eller slag)<\/li>\n<li>Den lilla och kompakta storleken \u00e4r perfekt f\u00f6r sm\u00e5 ytor i sovrummet, badrummet, kontoret och utanf\u00f6r<\/li>\n<li>Max kapacitet: fem liter, maxvikt p\u00e5 locket: 5 kg<\/li>\n<li>Ingen montering kr\u00e4vs, bara packa upp och anv\u00e4nd!<\/li>\n<\/ul>\n<h3>Teknisk data:<\/h3>\n<ul>\n<li>F\u00e4rg vit<\/li>\n<li>Material: metall<\/li>\n<li>\u00d6vergripande m\u00e5tt: 29,2L x 14W x 32H cm<\/li>\n<li>Kapacitet: 5L<\/li>\n<li>Innerhinkstorlek: 22,5L x 14W x 24,5H cm<\/li>\n<li>Lockets kapacitet: 5 kg<\/li>\n<\/ul>\n<h3>Leveransens omfattning:<\/h3>\n<ul>\n<li>1 x papperskorg<\/li>\n<li>1 x Instruktioner<\/li>\n<\/ul>\n","protected":false},"excerpt":{"rendered":"<p>Den h\u00e4r kompakta och eleganta rektangul\u00e4ra soptunnan \u00e4r v\u00e4l l\u00e4mpad f\u00f6r kontor, badrum med mera, och s\u00e4kerst\u00e4ller att ditt hem&#8230;<\/p>\n","protected":false},"featured_media":20317,"template":"","meta":[],"product_brand":[],"product_cat":[671,686,685],"product_tag":[],"class_list":{"0":"post-20316","1":"product","2":"type-product","3":"status-publish","4":"has-post-thumbnail","6":"product_cat-jarnaffar","7":"product_cat-papperskorg","8":"product_cat-stadning-bestallning","10":"first","11":"instock","12":"sale","13":"taxable","14":"shipping-taxable","15":"purchasable","16":"product-type-simple"},"yoast_head":"<!-- This site is optimized with the Yoast SEO plugin v25.4 - https:\/\/yoast.com\/wordpress\/plugins\/seo\/ -->\n<title>TRUUSK Metallsoptunna - 5 L Kapacitet - Fotpedal - Innerbeh\u00e5llare - Vit - TRUUSK - Hem, Tr\u00e4dg\u00e5rd &amp; Fritid<\/title>\n<meta name=\"robots\" content=\"index, follow, max-snippet:-1, max-image-preview:large, max-video-preview:-1\" \/>\n<link rel=\"canonical\" href=\"https:\/\/truusk.store\/sv\/produkt\/truusk-metallsoptunna-5-l-kapacitet-fotpedal-innerbehallare-vit\/\" \/>\n<meta property=\"og:locale\" content=\"sv_SE\" \/>\n<meta property=\"og:type\" content=\"article\" \/>\n<meta property=\"og:title\" content=\"TRUUSK Metallsoptunna - 5 L Kapacitet - Fotpedal - Innerbeh\u00e5llare - Vit - TRUUSK - Hem, Tr\u00e4dg\u00e5rd &amp; Fritid\" \/>\n<meta property=\"og:description\" content=\"Den h\u00e4r kompakta och eleganta rektangul\u00e4ra soptunnan \u00e4r v\u00e4l l\u00e4mpad f\u00f6r kontor, badrum med mera, och s\u00e4kerst\u00e4ller att ditt hem...\" \/>\n<meta property=\"og:url\" content=\"https:\/\/truusk.store\/sv\/produkt\/truusk-metallsoptunna-5-l-kapacitet-fotpedal-innerbehallare-vit\/\" \/>\n<meta property=\"og:site_name\" content=\"TRUUSK - Hem, Tr\u00e4dg\u00e5rd &amp; Fritid\" \/>\n<meta property=\"article:modified_time\" content=\"2026-03-12T08:03:14+00:00\" \/>\n<meta property=\"og:image\" content=\"https:\/\/i0.wp.com\/truusk.se\/wp-content\/uploads\/2024\/02\/metallsoptunna-soptunna-5-l-kapacitet-med-fotpedal-med-innerbehallare-vit.webp?fit=800%2C800&ssl=1\" \/>\n\t<meta property=\"og:image:width\" content=\"800\" \/>\n\t<meta property=\"og:image:height\" content=\"800\" \/>\n\t<meta property=\"og:image:type\" content=\"image\/webp\" \/>\n<meta name=\"twitter:card\" content=\"summary_large_image\" \/>\n<meta name=\"twitter:label1\" content=\"Ber\u00e4knad l\u00e4stid\" \/>\n\t<meta name=\"twitter:data1\" content=\"1 minut\" \/>\n<!-- \/ Yoast SEO plugin. -->","yoast_head_json":{"title":"TRUUSK Metallsoptunna - 5 L Kapacitet - Fotpedal - Innerbeh\u00e5llare - Vit - TRUUSK - Hem, Tr\u00e4dg\u00e5rd &amp; Fritid","robots":{"index":"index","follow":"follow","max-snippet":"max-snippet:-1","max-image-preview":"max-image-preview:large","max-video-preview":"max-video-preview:-1"},"canonical":"https:\/\/truusk.store\/sv\/produkt\/truusk-metallsoptunna-5-l-kapacitet-fotpedal-innerbehallare-vit\/","og_locale":"sv_SE","og_type":"article","og_title":"TRUUSK Metallsoptunna - 5 L Kapacitet - Fotpedal - Innerbeh\u00e5llare - Vit - TRUUSK - Hem, Tr\u00e4dg\u00e5rd &amp; Fritid","og_description":"Den h\u00e4r kompakta och eleganta rektangul\u00e4ra soptunnan \u00e4r v\u00e4l l\u00e4mpad f\u00f6r kontor, badrum med mera, och s\u00e4kerst\u00e4ller att ditt hem...","og_url":"https:\/\/truusk.store\/sv\/produkt\/truusk-metallsoptunna-5-l-kapacitet-fotpedal-innerbehallare-vit\/","og_site_name":"TRUUSK - Hem, Tr\u00e4dg\u00e5rd &amp; Fritid","article_modified_time":"2026-03-12T08:03:14+00:00","og_image":[{"width":800,"height":800,"url":"https:\/\/i0.wp.com\/truusk.se\/wp-content\/uploads\/2024\/02\/metallsoptunna-soptunna-5-l-kapacitet-med-fotpedal-med-innerbehallare-vit.webp?fit=800%2C800&ssl=1","type":"image\/webp"}],"twitter_card":"summary_large_image","twitter_misc":{"Ber\u00e4knad l\u00e4stid":"1 minut"},"schema":{"@context":"https:\/\/schema.org","@graph":[{"@type":"WebPage","@id":"https:\/\/truusk.store\/sv\/produkt\/truusk-metallsoptunna-5-l-kapacitet-fotpedal-innerbehallare-vit\/","url":"https:\/\/truusk.store\/sv\/produkt\/truusk-metallsoptunna-5-l-kapacitet-fotpedal-innerbehallare-vit\/","name":"TRUUSK Metallsoptunna - 5 L Kapacitet - Fotpedal - Innerbeh\u00e5llare - Vit - TRUUSK - Hem, Tr\u00e4dg\u00e5rd &amp; Fritid","isPartOf":{"@id":"https:\/\/truusk.store\/sv\/#website"},"primaryImageOfPage":{"@id":"https:\/\/truusk.store\/sv\/produkt\/truusk-metallsoptunna-5-l-kapacitet-fotpedal-innerbehallare-vit\/#primaryimage"},"image":{"@id":"https:\/\/truusk.store\/sv\/produkt\/truusk-metallsoptunna-5-l-kapacitet-fotpedal-innerbehallare-vit\/#primaryimage"},"thumbnailUrl":"https:\/\/i0.wp.com\/truusk.store\/wp-content\/uploads\/2024\/02\/metallsoptunna-soptunna-5-l-kapacitet-med-fotpedal-med-innerbehallare-vit.webp?fit=800%2C800&ssl=1","datePublished":"2024-02-13T14:19:54+00:00","dateModified":"2026-03-12T08:03:14+00:00","breadcrumb":{"@id":"https:\/\/truusk.store\/sv\/produkt\/truusk-metallsoptunna-5-l-kapacitet-fotpedal-innerbehallare-vit\/#breadcrumb"},"inLanguage":"sv-SE","potentialAction":[{"@type":"ReadAction","target":["https:\/\/truusk.store\/sv\/produkt\/truusk-metallsoptunna-5-l-kapacitet-fotpedal-innerbehallare-vit\/"]}]},{"@type":"ImageObject","inLanguage":"sv-SE","@id":"https:\/\/truusk.store\/sv\/produkt\/truusk-metallsoptunna-5-l-kapacitet-fotpedal-innerbehallare-vit\/#primaryimage","url":"https:\/\/i0.wp.com\/truusk.store\/wp-content\/uploads\/2024\/02\/metallsoptunna-soptunna-5-l-kapacitet-med-fotpedal-med-innerbehallare-vit.webp?fit=800%2C800&ssl=1","contentUrl":"https:\/\/i0.wp.com\/truusk.store\/wp-content\/uploads\/2024\/02\/metallsoptunna-soptunna-5-l-kapacitet-med-fotpedal-med-innerbehallare-vit.webp?fit=800%2C800&ssl=1","width":800,"height":800,"caption":"Metallsoptunna, Soptunna, 5 L Kapacitet, Med Fotpedal, Med Innerbeh\u00e5llare, Vit 1"},{"@type":"BreadcrumbList","@id":"https:\/\/truusk.store\/sv\/produkt\/truusk-metallsoptunna-5-l-kapacitet-fotpedal-innerbehallare-vit\/#breadcrumb","itemListElement":[{"@type":"ListItem","position":1,"name":"Home","item":"https:\/\/truusk.store\/sv\/"},{"@type":"ListItem","position":2,"name":"Shop","item":"https:\/\/truusk.store\/shop\/"},{"@type":"ListItem","position":3,"name":"TRUUSK Metallsoptunna &#8211; 5 L Kapacitet &#8211; Fotpedal &#8211; Innerbeh\u00e5llare &#8211; Vit"}]},{"@type":"WebSite","@id":"https:\/\/truusk.store\/sv\/#website","url":"https:\/\/truusk.store\/sv\/","name":"TRUUSK - Hem, Tr\u00e4dg\u00e5rd & Fritid","description":"","publisher":{"@id":"https:\/\/truusk.store\/sv\/#organization"},"potentialAction":[{"@type":"SearchAction","target":{"@type":"EntryPoint","urlTemplate":"https:\/\/truusk.store\/sv\/?s={search_term_string}"},"query-input":{"@type":"PropertyValueSpecification","valueRequired":true,"valueName":"search_term_string"}}],"inLanguage":"sv-SE"},{"@type":"Organization","@id":"https:\/\/truusk.store\/sv\/#organization","name":"TRUUSK - Hem, Tr\u00e4dg\u00e5rd & Fritid","url":"https:\/\/truusk.store\/sv\/","logo":{"@type":"ImageObject","inLanguage":"sv-SE","@id":"https:\/\/truusk.store\/sv\/#\/schema\/logo\/image\/","url":"https:\/\/i0.wp.com\/truusk.store\/wp-content\/uploads\/2026\/03\/cropped-TRUUSK.png?fit=2032%2C917&ssl=1","contentUrl":"https:\/\/i0.wp.com\/truusk.store\/wp-content\/uploads\/2026\/03\/cropped-TRUUSK.png?fit=2032%2C917&ssl=1","width":2032,"height":917,"caption":"TRUUSK - Hem, Tr\u00e4dg\u00e5rd & Fritid"},"image":{"@id":"https:\/\/truusk.store\/sv\/#\/schema\/logo\/image\/"}}]}},"jetpack_sharing_enabled":true,"_links":{"self":[{"href":"https:\/\/truusk.store\/sv\/wp-json\/wp\/v2\/product\/20316","targetHints":{"allow":["GET"]}}],"collection":[{"href":"https:\/\/truusk.store\/sv\/wp-json\/wp\/v2\/product"}],"about":[{"href":"https:\/\/truusk.store\/sv\/wp-json\/wp\/v2\/types\/product"}],"wp:featuredmedia":[{"embeddable":true,"href":"https:\/\/truusk.store\/sv\/wp-json\/wp\/v2\/media\/20317"}],"wp:attachment":[{"href":"https:\/\/truusk.store\/sv\/wp-json\/wp\/v2\/media?parent=20316"}],"wp:term":[{"taxonomy":"product_brand","embeddable":true,"href":"https:\/\/truusk.store\/sv\/wp-json\/wp\/v2\/product_brand?post=20316"},{"taxonomy":"product_cat","embeddable":true,"href":"https:\/\/truusk.store\/sv\/wp-json\/wp\/v2\/product_cat?post=20316"},{"taxonomy":"product_tag","embeddable":true,"href":"https:\/\/truusk.store\/sv\/wp-json\/wp\/v2\/product_tag?post=20316"}],"curies":[{"name":"wp","href":"https:\/\/api.w.org\/{rel}","templated":true}]}}