{"id":20338,"date":"2024-02-13T15:20:30","date_gmt":"2024-02-13T14:20:30","guid":{"rendered":"https:\/\/truusk.store\/product\/golvlampa-golvlampa-med-3-hyllplan-interiorbelysning-e27-upp-till-40w-for-vardagsrum-sovrum-e1-mdf-akryl-ek-vit-26-x-26-x-160-cm\/"},"modified":"2026-03-12T09:03:14","modified_gmt":"2026-03-12T08:03:14","slug":"truusk-golvlampa-med-3-hyllplan-interiorbelysning-e27-for-vardagsrum-och-sovrum-e1-mdf-akryl-ek-och-vit-26-x-26-x-160","status":"publish","type":"product","link":"https:\/\/truusk.store\/sv\/produkt\/truusk-golvlampa-med-3-hyllplan-interiorbelysning-e27-for-vardagsrum-och-sovrum-e1-mdf-akryl-ek-och-vit-26-x-26-x-160\/","title":{"rendered":"TRUUSK Golvlampa Med 3 Hyllplan &#8211; Interi\u00f6rbelysning E27 &#8211; F\u00f6r Vardagsrum och Sovrum &#8211; E1-MDF, Akryl &#8211; Ek och Vit &#8211; 26 x 26 x 160"},"content":{"rendered":"<p>Denna hylllampa \u00e4r en 2-i-1-design som erbjuder dig b\u00e5de ljus och f\u00f6rvaringsutrymme. Denna m\u00f6bel l\u00e5ter dig visa och organisera dina dekorativa tillbeh\u00f6r och b\u00f6cker p\u00e5 dess 3 hyllor med 4 niv\u00e5er. Designad f\u00f6r att h\u00e5lla, denna m\u00f6bel \u00e4r gjord av slitstark MDF.<\/p>\n<h3>Beskrivning:<\/h3>\n<ul>\n<li>Elegant golvlampa som passar alla rum: vardagsrum, matsal, sovrum, kontor, korridor, etc.<\/li>\n<li>3 hyllor med 4 niv\u00e5er f\u00f6r att organisera dina olika dekorativa f\u00f6rem\u00e5l och b\u00f6cker<\/li>\n<li>\u00d6verv\u00e5ning med lampa f\u00f6r att lysa upp din interi\u00f6r med stil<\/li>\n<li>Stabila och t\u00e5liga MDF-m\u00f6bler<\/li>\n<li>Melaminbel\u00e4ggning f\u00f6r estetiskt utseende och enkel sk\u00f6tsel<\/li>\n<li>Fotkontakt f\u00f6r att enkelt t\u00e4nda och sl\u00e4cka lampan<\/li>\n<li>180 cm l\u00e5ng elkabel f\u00f6r bekv\u00e4mlighet och enkel r\u00f6rlighet<\/li>\n<li>Enkel att montera med hj\u00e4lp av den medf\u00f6ljande monteringsanvisningen<\/li>\n<li>Obs: Gl\u00f6dlampa ing\u00e5r inte i paketet.<\/li>\n<\/ul>\n<h3>Teknisk data:<\/h3>\n<ul>\n<li>F\u00e4rg: ek+vit<\/li>\n<li>Material: MDF klass E1, akryl<\/li>\n<li>\u00d6vergripande m\u00e5tt: 26L x 26W x 160H cm<\/li>\n<li>Sk\u00e4rmm\u00e5tt: 24L x 24W x 39H cm<\/li>\n<li>Lamph\u00e5llare: 1 x E27 (gl\u00f6dlampa ing\u00e5r ej)<\/li>\n<li>Max effekt: 40W<\/li>\n<li>Hyllm\u00e5tt: 26L x 26W cm<\/li>\n<li>Avst\u00e5nd mellan de 2 hyllorna: 39 cm<\/li>\n<li>Insp\u00e4nning: 230V \/ 50HZ<\/li>\n<li>Elkabell\u00e4ngd: 1,8 m<\/li>\n<li>Certifieringar CE-EMC, LVD, RoHS<\/li>\n<li>Max lastkapacitet: 10 kg<\/li>\n<\/ul>\n<h3>Leveransens omfattning:<\/h3>\n<ul>\n<li>1 x Stativhylla<\/li>\n<li>1 x monteringsanvisning<\/li>\n<\/ul>\n","protected":false},"excerpt":{"rendered":"<p>Denna hylllampa \u00e4r en 2-i-1-design som erbjuder dig b\u00e5de ljus och f\u00f6rvaringsutrymme. Denna m\u00f6bel l\u00e5ter dig visa och organisera dina&#8230;<\/p>\n","protected":false},"featured_media":20339,"template":"","meta":[],"product_brand":[],"product_cat":[486,488,485],"product_tag":[],"class_list":{"0":"post-20338","1":"product","2":"type-product","3":"status-publish","4":"has-post-thumbnail","6":"product_cat-belysning","7":"product_cat-golv-och-bordslampor","8":"product_cat-hus-bo","10":"first","11":"instock","12":"sale","13":"taxable","14":"shipping-taxable","15":"purchasable","16":"product-type-simple"},"yoast_head":"<!-- This site is optimized with the Yoast SEO plugin v25.4 - https:\/\/yoast.com\/wordpress\/plugins\/seo\/ -->\n<title>TRUUSK Golvlampa Med 3 Hyllplan - Interi\u00f6rbelysning E27 - F\u00f6r Vardagsrum och Sovrum - E1-MDF, Akryl - Ek och Vit - 26 x 26 x 160 - TRUUSK - Hem, Tr\u00e4dg\u00e5rd &amp; Fritid<\/title>\n<meta name=\"robots\" content=\"index, follow, max-snippet:-1, max-image-preview:large, max-video-preview:-1\" \/>\n<link rel=\"canonical\" href=\"https:\/\/truusk.store\/sv\/produkt\/truusk-golvlampa-med-3-hyllplan-interiorbelysning-e27-for-vardagsrum-och-sovrum-e1-mdf-akryl-ek-och-vit-26-x-26-x-160\/\" \/>\n<meta property=\"og:locale\" content=\"sv_SE\" \/>\n<meta property=\"og:type\" content=\"article\" \/>\n<meta property=\"og:title\" content=\"TRUUSK Golvlampa Med 3 Hyllplan - Interi\u00f6rbelysning E27 - F\u00f6r Vardagsrum och Sovrum - E1-MDF, Akryl - Ek och Vit - 26 x 26 x 160 - TRUUSK - Hem, Tr\u00e4dg\u00e5rd &amp; Fritid\" \/>\n<meta property=\"og:description\" content=\"Denna hylllampa \u00e4r en 2-i-1-design som erbjuder dig b\u00e5de ljus och f\u00f6rvaringsutrymme. Denna m\u00f6bel l\u00e5ter dig visa och organisera dina...\" \/>\n<meta property=\"og:url\" content=\"https:\/\/truusk.store\/sv\/produkt\/truusk-golvlampa-med-3-hyllplan-interiorbelysning-e27-for-vardagsrum-och-sovrum-e1-mdf-akryl-ek-och-vit-26-x-26-x-160\/\" \/>\n<meta property=\"og:site_name\" content=\"TRUUSK - Hem, Tr\u00e4dg\u00e5rd &amp; Fritid\" \/>\n<meta property=\"article:modified_time\" content=\"2026-03-12T08:03:14+00:00\" \/>\n<meta property=\"og:image\" content=\"https:\/\/i0.wp.com\/truusk.se\/wp-content\/uploads\/2024\/02\/golvlampa-golvlampa-med-3-hyllplan-interiorbelysning-e27-upp-till-40w-for-vardagsrum-sovrum-e1-mdf-akryl-ek-vit-26-x-26-x-160-cm.webp?fit=800%2C800&ssl=1\" \/>\n\t<meta property=\"og:image:width\" content=\"800\" \/>\n\t<meta property=\"og:image:height\" content=\"800\" \/>\n\t<meta property=\"og:image:type\" content=\"image\/webp\" \/>\n<meta name=\"twitter:card\" content=\"summary_large_image\" \/>\n<meta name=\"twitter:label1\" content=\"Ber\u00e4knad l\u00e4stid\" \/>\n\t<meta name=\"twitter:data1\" content=\"1 minut\" \/>\n<!-- \/ Yoast SEO plugin. -->","yoast_head_json":{"title":"TRUUSK Golvlampa Med 3 Hyllplan - Interi\u00f6rbelysning E27 - F\u00f6r Vardagsrum och Sovrum - E1-MDF, Akryl - Ek och Vit - 26 x 26 x 160 - TRUUSK - Hem, Tr\u00e4dg\u00e5rd &amp; Fritid","robots":{"index":"index","follow":"follow","max-snippet":"max-snippet:-1","max-image-preview":"max-image-preview:large","max-video-preview":"max-video-preview:-1"},"canonical":"https:\/\/truusk.store\/sv\/produkt\/truusk-golvlampa-med-3-hyllplan-interiorbelysning-e27-for-vardagsrum-och-sovrum-e1-mdf-akryl-ek-och-vit-26-x-26-x-160\/","og_locale":"sv_SE","og_type":"article","og_title":"TRUUSK Golvlampa Med 3 Hyllplan - Interi\u00f6rbelysning E27 - F\u00f6r Vardagsrum och Sovrum - E1-MDF, Akryl - Ek och Vit - 26 x 26 x 160 - TRUUSK - Hem, Tr\u00e4dg\u00e5rd &amp; Fritid","og_description":"Denna hylllampa \u00e4r en 2-i-1-design som erbjuder dig b\u00e5de ljus och f\u00f6rvaringsutrymme. Denna m\u00f6bel l\u00e5ter dig visa och organisera dina...","og_url":"https:\/\/truusk.store\/sv\/produkt\/truusk-golvlampa-med-3-hyllplan-interiorbelysning-e27-for-vardagsrum-och-sovrum-e1-mdf-akryl-ek-och-vit-26-x-26-x-160\/","og_site_name":"TRUUSK - Hem, Tr\u00e4dg\u00e5rd &amp; Fritid","article_modified_time":"2026-03-12T08:03:14+00:00","og_image":[{"width":800,"height":800,"url":"https:\/\/i0.wp.com\/truusk.se\/wp-content\/uploads\/2024\/02\/golvlampa-golvlampa-med-3-hyllplan-interiorbelysning-e27-upp-till-40w-for-vardagsrum-sovrum-e1-mdf-akryl-ek-vit-26-x-26-x-160-cm.webp?fit=800%2C800&ssl=1","type":"image\/webp"}],"twitter_card":"summary_large_image","twitter_misc":{"Ber\u00e4knad l\u00e4stid":"1 minut"},"schema":{"@context":"https:\/\/schema.org","@graph":[{"@type":"WebPage","@id":"https:\/\/truusk.store\/sv\/produkt\/truusk-golvlampa-med-3-hyllplan-interiorbelysning-e27-for-vardagsrum-och-sovrum-e1-mdf-akryl-ek-och-vit-26-x-26-x-160\/","url":"https:\/\/truusk.store\/sv\/produkt\/truusk-golvlampa-med-3-hyllplan-interiorbelysning-e27-for-vardagsrum-och-sovrum-e1-mdf-akryl-ek-och-vit-26-x-26-x-160\/","name":"TRUUSK Golvlampa Med 3 Hyllplan - Interi\u00f6rbelysning E27 - F\u00f6r Vardagsrum och Sovrum - E1-MDF, Akryl - Ek och Vit - 26 x 26 x 160 - TRUUSK - Hem, Tr\u00e4dg\u00e5rd &amp; Fritid","isPartOf":{"@id":"https:\/\/truusk.store\/sv\/#website"},"primaryImageOfPage":{"@id":"https:\/\/truusk.store\/sv\/produkt\/truusk-golvlampa-med-3-hyllplan-interiorbelysning-e27-for-vardagsrum-och-sovrum-e1-mdf-akryl-ek-och-vit-26-x-26-x-160\/#primaryimage"},"image":{"@id":"https:\/\/truusk.store\/sv\/produkt\/truusk-golvlampa-med-3-hyllplan-interiorbelysning-e27-for-vardagsrum-och-sovrum-e1-mdf-akryl-ek-och-vit-26-x-26-x-160\/#primaryimage"},"thumbnailUrl":"https:\/\/i0.wp.com\/truusk.store\/wp-content\/uploads\/2024\/02\/golvlampa-golvlampa-med-3-hyllplan-interiorbelysning-e27-upp-till-40w-for-vardagsrum-sovrum-e1-mdf-akryl-ek-vit-26-x-26-x-160-cm.webp?fit=800%2C800&ssl=1","datePublished":"2024-02-13T14:20:30+00:00","dateModified":"2026-03-12T08:03:14+00:00","breadcrumb":{"@id":"https:\/\/truusk.store\/sv\/produkt\/truusk-golvlampa-med-3-hyllplan-interiorbelysning-e27-for-vardagsrum-och-sovrum-e1-mdf-akryl-ek-och-vit-26-x-26-x-160\/#breadcrumb"},"inLanguage":"sv-SE","potentialAction":[{"@type":"ReadAction","target":["https:\/\/truusk.store\/sv\/produkt\/truusk-golvlampa-med-3-hyllplan-interiorbelysning-e27-for-vardagsrum-och-sovrum-e1-mdf-akryl-ek-och-vit-26-x-26-x-160\/"]}]},{"@type":"ImageObject","inLanguage":"sv-SE","@id":"https:\/\/truusk.store\/sv\/produkt\/truusk-golvlampa-med-3-hyllplan-interiorbelysning-e27-for-vardagsrum-och-sovrum-e1-mdf-akryl-ek-och-vit-26-x-26-x-160\/#primaryimage","url":"https:\/\/i0.wp.com\/truusk.store\/wp-content\/uploads\/2024\/02\/golvlampa-golvlampa-med-3-hyllplan-interiorbelysning-e27-upp-till-40w-for-vardagsrum-sovrum-e1-mdf-akryl-ek-vit-26-x-26-x-160-cm.webp?fit=800%2C800&ssl=1","contentUrl":"https:\/\/i0.wp.com\/truusk.store\/wp-content\/uploads\/2024\/02\/golvlampa-golvlampa-med-3-hyllplan-interiorbelysning-e27-upp-till-40w-for-vardagsrum-sovrum-e1-mdf-akryl-ek-vit-26-x-26-x-160-cm.webp?fit=800%2C800&ssl=1","width":800,"height":800,"caption":"Golvlampa Golvlampa Med 3 Hyllplan Interi\u00f6rbelysning E27 Upp Till 40W F\u00f6r Vardagsrum\/sovrum E1-MDF, Akryl Ek + Vit 26 X 26 X 160 Cm 1"},{"@type":"BreadcrumbList","@id":"https:\/\/truusk.store\/sv\/produkt\/truusk-golvlampa-med-3-hyllplan-interiorbelysning-e27-for-vardagsrum-och-sovrum-e1-mdf-akryl-ek-och-vit-26-x-26-x-160\/#breadcrumb","itemListElement":[{"@type":"ListItem","position":1,"name":"Home","item":"https:\/\/truusk.store\/sv\/"},{"@type":"ListItem","position":2,"name":"Shop","item":"https:\/\/truusk.store\/shop\/"},{"@type":"ListItem","position":3,"name":"TRUUSK Golvlampa Med 3 Hyllplan &#8211; Interi\u00f6rbelysning E27 &#8211; F\u00f6r Vardagsrum och Sovrum &#8211; E1-MDF, Akryl &#8211; Ek och Vit &#8211; 26 x 26 x 160"}]},{"@type":"WebSite","@id":"https:\/\/truusk.store\/sv\/#website","url":"https:\/\/truusk.store\/sv\/","name":"TRUUSK - Hem, Tr\u00e4dg\u00e5rd & Fritid","description":"","publisher":{"@id":"https:\/\/truusk.store\/sv\/#organization"},"potentialAction":[{"@type":"SearchAction","target":{"@type":"EntryPoint","urlTemplate":"https:\/\/truusk.store\/sv\/?s={search_term_string}"},"query-input":{"@type":"PropertyValueSpecification","valueRequired":true,"valueName":"search_term_string"}}],"inLanguage":"sv-SE"},{"@type":"Organization","@id":"https:\/\/truusk.store\/sv\/#organization","name":"TRUUSK - Hem, Tr\u00e4dg\u00e5rd & Fritid","url":"https:\/\/truusk.store\/sv\/","logo":{"@type":"ImageObject","inLanguage":"sv-SE","@id":"https:\/\/truusk.store\/sv\/#\/schema\/logo\/image\/","url":"https:\/\/i0.wp.com\/truusk.store\/wp-content\/uploads\/2026\/03\/cropped-TRUUSK.png?fit=2032%2C917&ssl=1","contentUrl":"https:\/\/i0.wp.com\/truusk.store\/wp-content\/uploads\/2026\/03\/cropped-TRUUSK.png?fit=2032%2C917&ssl=1","width":2032,"height":917,"caption":"TRUUSK - Hem, Tr\u00e4dg\u00e5rd & Fritid"},"image":{"@id":"https:\/\/truusk.store\/sv\/#\/schema\/logo\/image\/"}}]}},"jetpack_sharing_enabled":true,"_links":{"self":[{"href":"https:\/\/truusk.store\/sv\/wp-json\/wp\/v2\/product\/20338","targetHints":{"allow":["GET"]}}],"collection":[{"href":"https:\/\/truusk.store\/sv\/wp-json\/wp\/v2\/product"}],"about":[{"href":"https:\/\/truusk.store\/sv\/wp-json\/wp\/v2\/types\/product"}],"wp:featuredmedia":[{"embeddable":true,"href":"https:\/\/truusk.store\/sv\/wp-json\/wp\/v2\/media\/20339"}],"wp:attachment":[{"href":"https:\/\/truusk.store\/sv\/wp-json\/wp\/v2\/media?parent=20338"}],"wp:term":[{"taxonomy":"product_brand","embeddable":true,"href":"https:\/\/truusk.store\/sv\/wp-json\/wp\/v2\/product_brand?post=20338"},{"taxonomy":"product_cat","embeddable":true,"href":"https:\/\/truusk.store\/sv\/wp-json\/wp\/v2\/product_cat?post=20338"},{"taxonomy":"product_tag","embeddable":true,"href":"https:\/\/truusk.store\/sv\/wp-json\/wp\/v2\/product_tag?post=20338"}],"curies":[{"name":"wp","href":"https:\/\/api.w.org\/{rel}","templated":true}]}}