{"id":20398,"date":"2024-02-13T15:22:21","date_gmt":"2024-02-13T14:22:21","guid":{"rendered":"https:\/\/truusk.store\/product\/pergola-paviljong-4-x-3-m-tradgardspaviljong-taktalt-231-250-cm-hojdjusterbart-solskydd-altantak-pabyggnadspaviljong-aluminium-gra\/"},"modified":"2026-03-12T09:03:15","modified_gmt":"2026-03-12T08:03:15","slug":"truusk-pergola-paviljong-4-x-3-m-hojdjusterbart-tak-solskydd-aluminium-gra","status":"publish","type":"product","link":"https:\/\/truusk.store\/sv\/produkt\/truusk-pergola-paviljong-4-x-3-m-hojdjusterbart-tak-solskydd-aluminium-gra\/","title":{"rendered":"TRUUSK Pergola Paviljong 4 x 3 m &#8211; H\u00f6jdjusterbart Tak &#8211; Solskydd &#8211; Aluminium &#8211; Gr\u00e5"},"content":{"rendered":"<p>Denna utomhusmarkis \u00e4r det perfekta komplementet till din uteplats eller tr\u00e4dg\u00e5rd! Med den kan du enkelt skapa en bekv\u00e4m viloplats, s\u00e4kert skyddad fr\u00e5n nederb\u00f6rd eller direkt solljus. S\u00e5 du kan koppla av, dricka kaffe eller \u00e4ta middag med hela familjen. Ge ditt hem mer livskvalitet med detta praktiska altantak!<\/p>\n<h3>Beskrivning:<\/h3>\n<ul>\n<li>St\u00f6dstolpar i aluminium, rosts\u00e4kra och h\u00e5llbara<\/li>\n<li>PC-taket f\u00f6rhindrar \u00f6verdrivet solljus och l\u00e5ter behagligt ljus passera igenom<\/li>\n<li>L\u00e4mplig f\u00f6r tr\u00e4dg\u00e5rd, bakg\u00e5rd, uteplats, etc.<\/li>\n<li>Installationsh\u00f6jden kan justeras efter v\u00e4ggh\u00f6jden<\/li>\n<li>Pelarna kan justeras fram och tillbaka samt v\u00e4nster och h\u00f6ger f\u00f6r att passa dina f\u00f6ruts\u00e4ttningar<\/li>\n<li>Designad f\u00f6r att v\u00e4ggmonteras<\/li>\n<li>\u00d6ppningar f\u00f6r snabb dr\u00e4nering av regnvatten<\/li>\n<\/ul>\n<h3>Teknisk data:<\/h3>\n<ul>\n<li>F\u00e4rg gr\u00e5<\/li>\n<li>Material: aluminium, PC<\/li>\n<li>Takm\u00e5tt: 435L x 302W cm<\/li>\n<li>Storlek: 8L x 4W x 210H cm<\/li>\n<li>Rekommenderad monteringsh\u00f6jd: 231-250 cm<\/li>\n<li>Kolumnjusteringsomr\u00e5de: (fram\u00e5t och bak\u00e5t) 162-285 cm, (v\u00e4nster och h\u00f6ger) 30-45 cm<\/li>\n<li>Taklastkapacitet: 50 kg\/m<\/li>\n<li>Certifiering: CE, CRP<\/li>\n<\/ul>\n<h3>Leveransens omfattning:<\/h3>\n<ul>\n<li>1 x lusthus<\/li>\n<li>expansionsskruvar<\/li>\n<li>1 x Monteringsanvisning<\/li>\n<\/ul>\n","protected":false},"excerpt":{"rendered":"<p>Denna utomhusmarkis \u00e4r det perfekta komplementet till din uteplats eller tr\u00e4dg\u00e5rd! Med den kan du enkelt skapa en bekv\u00e4m viloplats,&#8230;<\/p>\n","protected":false},"featured_media":20399,"template":"","meta":[],"product_brand":[],"product_cat":[478,435,476],"product_tag":[],"class_list":{"0":"post-20398","1":"product","2":"type-product","3":"status-publish","4":"has-post-thumbnail","6":"product_cat-pergola","7":"product_cat-tradgard-och-terrass","8":"product_cat-tradgardspaviljonger","10":"first","11":"instock","12":"sale","13":"taxable","14":"shipping-taxable","15":"purchasable","16":"product-type-simple"},"yoast_head":"<!-- This site is optimized with the Yoast SEO plugin v25.4 - https:\/\/yoast.com\/wordpress\/plugins\/seo\/ -->\n<title>TRUUSK Pergola Paviljong 4 x 3 m - H\u00f6jdjusterbart Tak - Solskydd - Aluminium - Gr\u00e5 - TRUUSK - Hem, Tr\u00e4dg\u00e5rd &amp; Fritid<\/title>\n<meta name=\"robots\" content=\"index, follow, max-snippet:-1, max-image-preview:large, max-video-preview:-1\" \/>\n<link rel=\"canonical\" href=\"https:\/\/truusk.store\/sv\/produkt\/truusk-pergola-paviljong-4-x-3-m-hojdjusterbart-tak-solskydd-aluminium-gra\/\" \/>\n<meta property=\"og:locale\" content=\"sv_SE\" \/>\n<meta property=\"og:type\" content=\"article\" \/>\n<meta property=\"og:title\" content=\"TRUUSK Pergola Paviljong 4 x 3 m - H\u00f6jdjusterbart Tak - Solskydd - Aluminium - Gr\u00e5 - TRUUSK - Hem, Tr\u00e4dg\u00e5rd &amp; Fritid\" \/>\n<meta property=\"og:description\" content=\"Denna utomhusmarkis \u00e4r det perfekta komplementet till din uteplats eller tr\u00e4dg\u00e5rd! Med den kan du enkelt skapa en bekv\u00e4m viloplats,...\" \/>\n<meta property=\"og:url\" content=\"https:\/\/truusk.store\/sv\/produkt\/truusk-pergola-paviljong-4-x-3-m-hojdjusterbart-tak-solskydd-aluminium-gra\/\" \/>\n<meta property=\"og:site_name\" content=\"TRUUSK - Hem, Tr\u00e4dg\u00e5rd &amp; Fritid\" \/>\n<meta property=\"article:modified_time\" content=\"2026-03-12T08:03:15+00:00\" \/>\n<meta property=\"og:image\" content=\"https:\/\/i0.wp.com\/truusk.se\/wp-content\/uploads\/2024\/02\/pergola-paviljong-4-x-3-m-tradgardspaviljong-taktalt-231-250-cm-hojdjusterbart-solskydd-altantak-pabyggnadspaviljong-aluminium-gra.webp?fit=800%2C800&ssl=1\" \/>\n\t<meta property=\"og:image:width\" content=\"800\" \/>\n\t<meta property=\"og:image:height\" content=\"800\" \/>\n\t<meta property=\"og:image:type\" content=\"image\/webp\" \/>\n<meta name=\"twitter:card\" content=\"summary_large_image\" \/>\n<meta name=\"twitter:label1\" content=\"Ber\u00e4knad l\u00e4stid\" \/>\n\t<meta name=\"twitter:data1\" content=\"1 minut\" \/>\n<!-- \/ Yoast SEO plugin. -->","yoast_head_json":{"title":"TRUUSK Pergola Paviljong 4 x 3 m - H\u00f6jdjusterbart Tak - Solskydd - Aluminium - Gr\u00e5 - TRUUSK - Hem, Tr\u00e4dg\u00e5rd &amp; Fritid","robots":{"index":"index","follow":"follow","max-snippet":"max-snippet:-1","max-image-preview":"max-image-preview:large","max-video-preview":"max-video-preview:-1"},"canonical":"https:\/\/truusk.store\/sv\/produkt\/truusk-pergola-paviljong-4-x-3-m-hojdjusterbart-tak-solskydd-aluminium-gra\/","og_locale":"sv_SE","og_type":"article","og_title":"TRUUSK Pergola Paviljong 4 x 3 m - H\u00f6jdjusterbart Tak - Solskydd - Aluminium - Gr\u00e5 - TRUUSK - Hem, Tr\u00e4dg\u00e5rd &amp; Fritid","og_description":"Denna utomhusmarkis \u00e4r det perfekta komplementet till din uteplats eller tr\u00e4dg\u00e5rd! Med den kan du enkelt skapa en bekv\u00e4m viloplats,...","og_url":"https:\/\/truusk.store\/sv\/produkt\/truusk-pergola-paviljong-4-x-3-m-hojdjusterbart-tak-solskydd-aluminium-gra\/","og_site_name":"TRUUSK - Hem, Tr\u00e4dg\u00e5rd &amp; Fritid","article_modified_time":"2026-03-12T08:03:15+00:00","og_image":[{"width":800,"height":800,"url":"https:\/\/i0.wp.com\/truusk.se\/wp-content\/uploads\/2024\/02\/pergola-paviljong-4-x-3-m-tradgardspaviljong-taktalt-231-250-cm-hojdjusterbart-solskydd-altantak-pabyggnadspaviljong-aluminium-gra.webp?fit=800%2C800&ssl=1","type":"image\/webp"}],"twitter_card":"summary_large_image","twitter_misc":{"Ber\u00e4knad l\u00e4stid":"1 minut"},"schema":{"@context":"https:\/\/schema.org","@graph":[{"@type":"WebPage","@id":"https:\/\/truusk.store\/sv\/produkt\/truusk-pergola-paviljong-4-x-3-m-hojdjusterbart-tak-solskydd-aluminium-gra\/","url":"https:\/\/truusk.store\/sv\/produkt\/truusk-pergola-paviljong-4-x-3-m-hojdjusterbart-tak-solskydd-aluminium-gra\/","name":"TRUUSK Pergola Paviljong 4 x 3 m - H\u00f6jdjusterbart Tak - Solskydd - Aluminium - Gr\u00e5 - TRUUSK - Hem, Tr\u00e4dg\u00e5rd &amp; Fritid","isPartOf":{"@id":"https:\/\/truusk.store\/sv\/#website"},"primaryImageOfPage":{"@id":"https:\/\/truusk.store\/sv\/produkt\/truusk-pergola-paviljong-4-x-3-m-hojdjusterbart-tak-solskydd-aluminium-gra\/#primaryimage"},"image":{"@id":"https:\/\/truusk.store\/sv\/produkt\/truusk-pergola-paviljong-4-x-3-m-hojdjusterbart-tak-solskydd-aluminium-gra\/#primaryimage"},"thumbnailUrl":"https:\/\/i0.wp.com\/truusk.store\/wp-content\/uploads\/2024\/02\/pergola-paviljong-4-x-3-m-tradgardspaviljong-taktalt-231-250-cm-hojdjusterbart-solskydd-altantak-pabyggnadspaviljong-aluminium-gra.webp?fit=800%2C800&ssl=1","datePublished":"2024-02-13T14:22:21+00:00","dateModified":"2026-03-12T08:03:15+00:00","breadcrumb":{"@id":"https:\/\/truusk.store\/sv\/produkt\/truusk-pergola-paviljong-4-x-3-m-hojdjusterbart-tak-solskydd-aluminium-gra\/#breadcrumb"},"inLanguage":"sv-SE","potentialAction":[{"@type":"ReadAction","target":["https:\/\/truusk.store\/sv\/produkt\/truusk-pergola-paviljong-4-x-3-m-hojdjusterbart-tak-solskydd-aluminium-gra\/"]}]},{"@type":"ImageObject","inLanguage":"sv-SE","@id":"https:\/\/truusk.store\/sv\/produkt\/truusk-pergola-paviljong-4-x-3-m-hojdjusterbart-tak-solskydd-aluminium-gra\/#primaryimage","url":"https:\/\/i0.wp.com\/truusk.store\/wp-content\/uploads\/2024\/02\/pergola-paviljong-4-x-3-m-tradgardspaviljong-taktalt-231-250-cm-hojdjusterbart-solskydd-altantak-pabyggnadspaviljong-aluminium-gra.webp?fit=800%2C800&ssl=1","contentUrl":"https:\/\/i0.wp.com\/truusk.store\/wp-content\/uploads\/2024\/02\/pergola-paviljong-4-x-3-m-tradgardspaviljong-taktalt-231-250-cm-hojdjusterbart-solskydd-altantak-pabyggnadspaviljong-aluminium-gra.webp?fit=800%2C800&ssl=1","width":800,"height":800,"caption":"Pergola Paviljong 4 X 3 M Tr\u00e4dg\u00e5rdspaviljong Takt\u00e4lt 231-250 Cm H\u00f6jdjusterbart Solskydd Altantak P\u00e5byggnadspaviljong Aluminium Gr\u00e5 1"},{"@type":"BreadcrumbList","@id":"https:\/\/truusk.store\/sv\/produkt\/truusk-pergola-paviljong-4-x-3-m-hojdjusterbart-tak-solskydd-aluminium-gra\/#breadcrumb","itemListElement":[{"@type":"ListItem","position":1,"name":"Home","item":"https:\/\/truusk.store\/sv\/"},{"@type":"ListItem","position":2,"name":"Shop","item":"https:\/\/truusk.store\/shop\/"},{"@type":"ListItem","position":3,"name":"TRUUSK Pergola Paviljong 4 x 3 m &#8211; H\u00f6jdjusterbart Tak &#8211; Solskydd &#8211; Aluminium &#8211; Gr\u00e5"}]},{"@type":"WebSite","@id":"https:\/\/truusk.store\/sv\/#website","url":"https:\/\/truusk.store\/sv\/","name":"TRUUSK - Hem, Tr\u00e4dg\u00e5rd & Fritid","description":"","publisher":{"@id":"https:\/\/truusk.store\/sv\/#organization"},"potentialAction":[{"@type":"SearchAction","target":{"@type":"EntryPoint","urlTemplate":"https:\/\/truusk.store\/sv\/?s={search_term_string}"},"query-input":{"@type":"PropertyValueSpecification","valueRequired":true,"valueName":"search_term_string"}}],"inLanguage":"sv-SE"},{"@type":"Organization","@id":"https:\/\/truusk.store\/sv\/#organization","name":"TRUUSK - Hem, Tr\u00e4dg\u00e5rd & Fritid","url":"https:\/\/truusk.store\/sv\/","logo":{"@type":"ImageObject","inLanguage":"sv-SE","@id":"https:\/\/truusk.store\/sv\/#\/schema\/logo\/image\/","url":"https:\/\/i0.wp.com\/truusk.store\/wp-content\/uploads\/2026\/03\/cropped-TRUUSK.png?fit=2032%2C917&ssl=1","contentUrl":"https:\/\/i0.wp.com\/truusk.store\/wp-content\/uploads\/2026\/03\/cropped-TRUUSK.png?fit=2032%2C917&ssl=1","width":2032,"height":917,"caption":"TRUUSK - Hem, Tr\u00e4dg\u00e5rd & Fritid"},"image":{"@id":"https:\/\/truusk.store\/sv\/#\/schema\/logo\/image\/"}}]}},"jetpack_sharing_enabled":true,"_links":{"self":[{"href":"https:\/\/truusk.store\/sv\/wp-json\/wp\/v2\/product\/20398","targetHints":{"allow":["GET"]}}],"collection":[{"href":"https:\/\/truusk.store\/sv\/wp-json\/wp\/v2\/product"}],"about":[{"href":"https:\/\/truusk.store\/sv\/wp-json\/wp\/v2\/types\/product"}],"wp:featuredmedia":[{"embeddable":true,"href":"https:\/\/truusk.store\/sv\/wp-json\/wp\/v2\/media\/20399"}],"wp:attachment":[{"href":"https:\/\/truusk.store\/sv\/wp-json\/wp\/v2\/media?parent=20398"}],"wp:term":[{"taxonomy":"product_brand","embeddable":true,"href":"https:\/\/truusk.store\/sv\/wp-json\/wp\/v2\/product_brand?post=20398"},{"taxonomy":"product_cat","embeddable":true,"href":"https:\/\/truusk.store\/sv\/wp-json\/wp\/v2\/product_cat?post=20398"},{"taxonomy":"product_tag","embeddable":true,"href":"https:\/\/truusk.store\/sv\/wp-json\/wp\/v2\/product_tag?post=20398"}],"curies":[{"name":"wp","href":"https:\/\/api.w.org\/{rel}","templated":true}]}}