{"id":20420,"date":"2024-02-13T15:22:58","date_gmt":"2024-02-13T14:22:58","guid":{"rendered":"https:\/\/truusk.store\/product\/mobilt-basketstall-basketkorg-med-hoj-och-sankbart-stall-stal-plast-svart-90-x-165-x-302-352-cm\/"},"modified":"2026-03-12T09:03:16","modified_gmt":"2026-03-12T08:03:16","slug":"truusk-hundvagn-och-kattbuggy-hopfallbar-med-regnskydd-natoppningar-kudde-for-hundar-och-katter-upp-till-10-kg-khaki","status":"publish","type":"product","link":"https:\/\/truusk.store\/sv\/produkt\/truusk-hundvagn-och-kattbuggy-hopfallbar-med-regnskydd-natoppningar-kudde-for-hundar-och-katter-upp-till-10-kg-khaki\/","title":{"rendered":"TRUUSK Hundvagn och Kattbuggy &#8211; Hopf\u00e4llbar med Regnskydd &#8211; N\u00e4t\u00f6ppningar &#8211; Kudde &#8211; F\u00f6r Hundar och Katter upp till 10 kg &#8211; Khaki"},"content":{"rendered":"<p>Basketkorgen kommer att vara ett perfekt val f\u00f6r dig att spela utomhus och inomhus. Tillverkat av stark st\u00e5lst\u00e5ng, detta stativ \u00e4r h\u00e5llbart och h\u00e5ller l\u00e4nge. Den kan justeras i h\u00f6jdled s\u00e5 att hela familjen kan njuta av det roliga med att spela basket tillsammans. Dessutom beh\u00f6ver du inte oroa dig f\u00f6r att den \u00e4r instabil. Sj\u00e4lva stativet \u00e4r slitstarkt och kan fyllas med vatten eller sand f\u00f6r st\u00f6rre stabilitet. Om du letar efter en bra basketkorg \u00e4r det h\u00e4r b\u00e5gen f\u00f6r dig.<\/p>\n<h3>Beskrivning:<\/h3>\n<ul>\n<li>Bottengolvet kan fyllas med 50 kg vatten\/85 kg sand f\u00f6r b\u00e4ttre stabilitet<\/li>\n<li>Utrustad med 2 hjul f\u00f6r enkel f\u00f6rflyttning<\/li>\n<li>Kan anv\u00e4ndas b\u00e5de inomhus och utomhus<\/li>\n<li>N\u00e4tet \u00e4r tillverkat av nylon f\u00f6r att klara extrema v\u00e4derf\u00f6rh\u00e5llanden f\u00f6r l\u00e5ngvarig anv\u00e4ndning<\/li>\n<li>Justerbar h\u00f6jd f\u00f6r basketkorg, l\u00e4mplig f\u00f6r ton\u00e5ringar och vuxna<\/li>\n<li>Tillverkat av st\u00e5lst\u00e5ng och PE-Fu, detta d\u00e4ck \u00e4r h\u00e5llbart och robust<\/li>\n<li>Det finns ett sp\u00e5r vid basen f\u00f6r att placera basket<\/li>\n<\/ul>\n<h3>Teknisk data:<\/h3>\n<ul>\n<li>Svart f\u00e4rg<\/li>\n<li>Material: st\u00e5l, PE, PVC<\/li>\n<li>\u00d6vergripande m\u00e5tt: 90W x 165D x 302-352H cm<\/li>\n<li>M\u00e5tt p\u00e5 bakv\u00e4gg: 86W x 59H cm<\/li>\n<li>Basketkorg storlek: 255-305H cm<\/li>\n<li>Basstorlek: 59L x 90W cm<\/li>\n<li>Inre diameter p\u00e5 basketkorgen: 45cm<\/li>\n<\/ul>\n<h3>Leveransens omfattning:<\/h3>\n<ul>\n<li>1 x basketst\u00e4ll<\/li>\n<li>1 x n\u00e4t<\/li>\n<\/ul>\n","protected":false},"excerpt":{"rendered":"<p>Basketkorgen kommer att vara ett perfekt val f\u00f6r dig att spela utomhus och inomhus. Tillverkat av stark st\u00e5lst\u00e5ng, detta stativ&#8230;<\/p>\n","protected":false},"featured_media":20421,"template":"","meta":[],"product_brand":[],"product_cat":[609,617,616],"product_tag":[],"class_list":{"0":"post-20420","1":"product","2":"type-product","3":"status-publish","4":"has-post-thumbnail","6":"product_cat-baby-barn","7":"product_cat-barnidrott","8":"product_cat-utomhusleksaker","10":"first","11":"instock","12":"sale","13":"taxable","14":"shipping-taxable","15":"purchasable","16":"product-type-simple"},"yoast_head":"<!-- This site is optimized with the Yoast SEO plugin v25.4 - https:\/\/yoast.com\/wordpress\/plugins\/seo\/ -->\n<title>TRUUSK Hundvagn och Kattbuggy - Hopf\u00e4llbar med Regnskydd - N\u00e4t\u00f6ppningar - Kudde - F\u00f6r Hundar och Katter upp till 10 kg - Khaki - TRUUSK - Hem, Tr\u00e4dg\u00e5rd &amp; Fritid<\/title>\n<meta name=\"robots\" content=\"index, follow, max-snippet:-1, max-image-preview:large, max-video-preview:-1\" \/>\n<link rel=\"canonical\" href=\"https:\/\/truusk.store\/sv\/produkt\/truusk-hundvagn-och-kattbuggy-hopfallbar-med-regnskydd-natoppningar-kudde-for-hundar-och-katter-upp-till-10-kg-khaki\/\" \/>\n<meta property=\"og:locale\" content=\"sv_SE\" \/>\n<meta property=\"og:type\" content=\"article\" \/>\n<meta property=\"og:title\" content=\"TRUUSK Hundvagn och Kattbuggy - Hopf\u00e4llbar med Regnskydd - N\u00e4t\u00f6ppningar - Kudde - F\u00f6r Hundar och Katter upp till 10 kg - Khaki - TRUUSK - Hem, Tr\u00e4dg\u00e5rd &amp; Fritid\" \/>\n<meta property=\"og:description\" content=\"Basketkorgen kommer att vara ett perfekt val f\u00f6r dig att spela utomhus och inomhus. Tillverkat av stark st\u00e5lst\u00e5ng, detta stativ...\" \/>\n<meta property=\"og:url\" content=\"https:\/\/truusk.store\/sv\/produkt\/truusk-hundvagn-och-kattbuggy-hopfallbar-med-regnskydd-natoppningar-kudde-for-hundar-och-katter-upp-till-10-kg-khaki\/\" \/>\n<meta property=\"og:site_name\" content=\"TRUUSK - Hem, Tr\u00e4dg\u00e5rd &amp; Fritid\" \/>\n<meta property=\"article:modified_time\" content=\"2026-03-12T08:03:16+00:00\" \/>\n<meta property=\"og:image\" content=\"https:\/\/i0.wp.com\/truusk.se\/wp-content\/uploads\/2024\/02\/mobilt-basketstall-basketkorg-med-hoj-och-sankbart-stall-stal-plast-svart-90-x-165-x-302-352-cm.webp?fit=800%2C800&ssl=1\" \/>\n\t<meta property=\"og:image:width\" content=\"800\" \/>\n\t<meta property=\"og:image:height\" content=\"800\" \/>\n\t<meta property=\"og:image:type\" content=\"image\/webp\" \/>\n<meta name=\"twitter:card\" content=\"summary_large_image\" \/>\n<meta name=\"twitter:label1\" content=\"Ber\u00e4knad l\u00e4stid\" \/>\n\t<meta name=\"twitter:data1\" content=\"1 minut\" \/>\n<!-- \/ Yoast SEO plugin. -->","yoast_head_json":{"title":"TRUUSK Hundvagn och Kattbuggy - Hopf\u00e4llbar med Regnskydd - N\u00e4t\u00f6ppningar - Kudde - F\u00f6r Hundar och Katter upp till 10 kg - Khaki - TRUUSK - Hem, Tr\u00e4dg\u00e5rd &amp; Fritid","robots":{"index":"index","follow":"follow","max-snippet":"max-snippet:-1","max-image-preview":"max-image-preview:large","max-video-preview":"max-video-preview:-1"},"canonical":"https:\/\/truusk.store\/sv\/produkt\/truusk-hundvagn-och-kattbuggy-hopfallbar-med-regnskydd-natoppningar-kudde-for-hundar-och-katter-upp-till-10-kg-khaki\/","og_locale":"sv_SE","og_type":"article","og_title":"TRUUSK Hundvagn och Kattbuggy - Hopf\u00e4llbar med Regnskydd - N\u00e4t\u00f6ppningar - Kudde - F\u00f6r Hundar och Katter upp till 10 kg - Khaki - TRUUSK - Hem, Tr\u00e4dg\u00e5rd &amp; Fritid","og_description":"Basketkorgen kommer att vara ett perfekt val f\u00f6r dig att spela utomhus och inomhus. Tillverkat av stark st\u00e5lst\u00e5ng, detta stativ...","og_url":"https:\/\/truusk.store\/sv\/produkt\/truusk-hundvagn-och-kattbuggy-hopfallbar-med-regnskydd-natoppningar-kudde-for-hundar-och-katter-upp-till-10-kg-khaki\/","og_site_name":"TRUUSK - Hem, Tr\u00e4dg\u00e5rd &amp; Fritid","article_modified_time":"2026-03-12T08:03:16+00:00","og_image":[{"width":800,"height":800,"url":"https:\/\/i0.wp.com\/truusk.se\/wp-content\/uploads\/2024\/02\/mobilt-basketstall-basketkorg-med-hoj-och-sankbart-stall-stal-plast-svart-90-x-165-x-302-352-cm.webp?fit=800%2C800&ssl=1","type":"image\/webp"}],"twitter_card":"summary_large_image","twitter_misc":{"Ber\u00e4knad l\u00e4stid":"1 minut"},"schema":{"@context":"https:\/\/schema.org","@graph":[{"@type":"WebPage","@id":"https:\/\/truusk.store\/sv\/produkt\/truusk-hundvagn-och-kattbuggy-hopfallbar-med-regnskydd-natoppningar-kudde-for-hundar-och-katter-upp-till-10-kg-khaki\/","url":"https:\/\/truusk.store\/sv\/produkt\/truusk-hundvagn-och-kattbuggy-hopfallbar-med-regnskydd-natoppningar-kudde-for-hundar-och-katter-upp-till-10-kg-khaki\/","name":"TRUUSK Hundvagn och Kattbuggy - Hopf\u00e4llbar med Regnskydd - N\u00e4t\u00f6ppningar - Kudde - F\u00f6r Hundar och Katter upp till 10 kg - Khaki - TRUUSK - Hem, Tr\u00e4dg\u00e5rd &amp; Fritid","isPartOf":{"@id":"https:\/\/truusk.store\/sv\/#website"},"primaryImageOfPage":{"@id":"https:\/\/truusk.store\/sv\/produkt\/truusk-hundvagn-och-kattbuggy-hopfallbar-med-regnskydd-natoppningar-kudde-for-hundar-och-katter-upp-till-10-kg-khaki\/#primaryimage"},"image":{"@id":"https:\/\/truusk.store\/sv\/produkt\/truusk-hundvagn-och-kattbuggy-hopfallbar-med-regnskydd-natoppningar-kudde-for-hundar-och-katter-upp-till-10-kg-khaki\/#primaryimage"},"thumbnailUrl":"https:\/\/i0.wp.com\/truusk.store\/wp-content\/uploads\/2024\/02\/mobilt-basketstall-basketkorg-med-hoj-och-sankbart-stall-stal-plast-svart-90-x-165-x-302-352-cm.webp?fit=800%2C800&ssl=1","datePublished":"2024-02-13T14:22:58+00:00","dateModified":"2026-03-12T08:03:16+00:00","breadcrumb":{"@id":"https:\/\/truusk.store\/sv\/produkt\/truusk-hundvagn-och-kattbuggy-hopfallbar-med-regnskydd-natoppningar-kudde-for-hundar-och-katter-upp-till-10-kg-khaki\/#breadcrumb"},"inLanguage":"sv-SE","potentialAction":[{"@type":"ReadAction","target":["https:\/\/truusk.store\/sv\/produkt\/truusk-hundvagn-och-kattbuggy-hopfallbar-med-regnskydd-natoppningar-kudde-for-hundar-och-katter-upp-till-10-kg-khaki\/"]}]},{"@type":"ImageObject","inLanguage":"sv-SE","@id":"https:\/\/truusk.store\/sv\/produkt\/truusk-hundvagn-och-kattbuggy-hopfallbar-med-regnskydd-natoppningar-kudde-for-hundar-och-katter-upp-till-10-kg-khaki\/#primaryimage","url":"https:\/\/i0.wp.com\/truusk.store\/wp-content\/uploads\/2024\/02\/mobilt-basketstall-basketkorg-med-hoj-och-sankbart-stall-stal-plast-svart-90-x-165-x-302-352-cm.webp?fit=800%2C800&ssl=1","contentUrl":"https:\/\/i0.wp.com\/truusk.store\/wp-content\/uploads\/2024\/02\/mobilt-basketstall-basketkorg-med-hoj-och-sankbart-stall-stal-plast-svart-90-x-165-x-302-352-cm.webp?fit=800%2C800&ssl=1","width":800,"height":800,"caption":"Mobilt Basketst\u00e4ll Basketkorg Med H\u00f6j- Och S\u00e4nkbart St\u00e4ll, St\u00e5l + Plast, Svart, 90 X 165 X 302-352 Cm 1"},{"@type":"BreadcrumbList","@id":"https:\/\/truusk.store\/sv\/produkt\/truusk-hundvagn-och-kattbuggy-hopfallbar-med-regnskydd-natoppningar-kudde-for-hundar-och-katter-upp-till-10-kg-khaki\/#breadcrumb","itemListElement":[{"@type":"ListItem","position":1,"name":"Home","item":"https:\/\/truusk.store\/sv\/"},{"@type":"ListItem","position":2,"name":"Shop","item":"https:\/\/truusk.store\/shop\/"},{"@type":"ListItem","position":3,"name":"TRUUSK Hundvagn och Kattbuggy &#8211; Hopf\u00e4llbar med Regnskydd &#8211; N\u00e4t\u00f6ppningar &#8211; Kudde &#8211; F\u00f6r Hundar och Katter upp till 10 kg &#8211; Khaki"}]},{"@type":"WebSite","@id":"https:\/\/truusk.store\/sv\/#website","url":"https:\/\/truusk.store\/sv\/","name":"TRUUSK - Hem, Tr\u00e4dg\u00e5rd & Fritid","description":"","publisher":{"@id":"https:\/\/truusk.store\/sv\/#organization"},"potentialAction":[{"@type":"SearchAction","target":{"@type":"EntryPoint","urlTemplate":"https:\/\/truusk.store\/sv\/?s={search_term_string}"},"query-input":{"@type":"PropertyValueSpecification","valueRequired":true,"valueName":"search_term_string"}}],"inLanguage":"sv-SE"},{"@type":"Organization","@id":"https:\/\/truusk.store\/sv\/#organization","name":"TRUUSK - Hem, Tr\u00e4dg\u00e5rd & Fritid","url":"https:\/\/truusk.store\/sv\/","logo":{"@type":"ImageObject","inLanguage":"sv-SE","@id":"https:\/\/truusk.store\/sv\/#\/schema\/logo\/image\/","url":"https:\/\/i0.wp.com\/truusk.store\/wp-content\/uploads\/2026\/03\/cropped-TRUUSK.png?fit=2032%2C917&ssl=1","contentUrl":"https:\/\/i0.wp.com\/truusk.store\/wp-content\/uploads\/2026\/03\/cropped-TRUUSK.png?fit=2032%2C917&ssl=1","width":2032,"height":917,"caption":"TRUUSK - Hem, Tr\u00e4dg\u00e5rd & Fritid"},"image":{"@id":"https:\/\/truusk.store\/sv\/#\/schema\/logo\/image\/"}}]}},"jetpack_sharing_enabled":true,"_links":{"self":[{"href":"https:\/\/truusk.store\/sv\/wp-json\/wp\/v2\/product\/20420","targetHints":{"allow":["GET"]}}],"collection":[{"href":"https:\/\/truusk.store\/sv\/wp-json\/wp\/v2\/product"}],"about":[{"href":"https:\/\/truusk.store\/sv\/wp-json\/wp\/v2\/types\/product"}],"wp:featuredmedia":[{"embeddable":true,"href":"https:\/\/truusk.store\/sv\/wp-json\/wp\/v2\/media\/20421"}],"wp:attachment":[{"href":"https:\/\/truusk.store\/sv\/wp-json\/wp\/v2\/media?parent=20420"}],"wp:term":[{"taxonomy":"product_brand","embeddable":true,"href":"https:\/\/truusk.store\/sv\/wp-json\/wp\/v2\/product_brand?post=20420"},{"taxonomy":"product_cat","embeddable":true,"href":"https:\/\/truusk.store\/sv\/wp-json\/wp\/v2\/product_cat?post=20420"},{"taxonomy":"product_tag","embeddable":true,"href":"https:\/\/truusk.store\/sv\/wp-json\/wp\/v2\/product_tag?post=20420"}],"curies":[{"name":"wp","href":"https:\/\/api.w.org\/{rel}","templated":true}]}}