{"id":20464,"date":"2024-02-13T15:24:24","date_gmt":"2024-02-13T14:24:24","guid":{"rendered":"https:\/\/truusk.store\/product\/utomhusinhagnad-lekhage-diy-utomhusinhagnad-mesh-inhagnad-barriar-sma-husdjur-inomhus-lekhage-12-paneler-vit-metall-pp-harts-105-x-105-x-45-cm\/"},"modified":"2026-03-12T09:03:16","modified_gmt":"2026-03-12T08:03:16","slug":"truusk-utomhusinhagnad-lekhage-diy-vit-mesh-barriar-12-paneler-metall-pp-harts-105x105x45cm","status":"publish","type":"product","link":"https:\/\/truusk.store\/sv\/produkt\/truusk-utomhusinhagnad-lekhage-diy-vit-mesh-barriar-12-paneler-metall-pp-harts-105x105x45cm\/","title":{"rendered":"TRUUSK Utomhusinh\u00e4gnad Lekhage DIY &#8211; Vit Mesh Barri\u00e4r &#8211; 12 Paneler &#8211; Metall &#8211; PP-harts &#8211; 105x105x45cm"},"content":{"rendered":"<p>Denna lekhage \u00e4r designad f\u00f6r att skapa ett fantastiskt hem f\u00f6r dina husdjur. Det erbjuder ett stort utrymme f\u00f6r sm\u00e5 djur att vila och leka. Du kan st\u00e4lla in den i olika konfigurationer f\u00f6r att matcha designen p\u00e5 ditt rum och \u00e4ndra dess form som du vill. Passar de flesta sm\u00e5djur som kattungar, kaniner, chinchillor, igelkottar, marsvin. Det \u00e4r bra f\u00f6r att ge dig sinnesfrid med dina djur.<\/p>\n<h3>Beskrivning:<\/h3>\n<ul>\n<li>DIY-design l\u00e5ter dig bygga buren individuellt<\/li>\n<li>Perfekt f\u00f6r sm\u00e5 djur som chinchillor, igelkottar och marsvin<\/li>\n<li>Halkfria mattor och buntband hj\u00e4lper till att s\u00e4kra buren och f\u00f6rhindrar vinkling<\/li>\n<li>H\u00e5ller ditt husdjur s\u00e4kert inneslutet samtidigt som det ger mer utrymme att leka och vila<\/li>\n<li>Tillverkad av robust metall och PP-harts, h\u00e5llbar f\u00f6r m\u00e5nga \u00e5rs anv\u00e4ndning<\/li>\n<li>Ej l\u00e4mplig f\u00f6r hamstrar och r\u00e5ttor<\/li>\n<li>L\u00e4tt att s\u00e4tta upp och ta ner<\/li>\n<\/ul>\n<h3>Teknisk data:<\/h3>\n<ul>\n<li>F\u00e4rg vit<\/li>\n<li>Material: metall, PP-harts<\/li>\n<li>\u00d6vergripande m\u00e5tt: 105L x 105W x 45H cm<\/li>\n<li>M\u00e5tt per galler: 45L x 35W<\/li>\n<li>Artikelnummer: D06-101<\/li>\n<\/ul>\n<h3>Leveransens omfattning:<\/h3>\n<ul>\n<li>12 x tallrik<\/li>\n<li>24 x plastkontakter<\/li>\n<li>1 x buntband<\/li>\n<li>12 x halkskyddsmatta<\/li>\n<li>1 x tr\u00e4klubba<\/li>\n<li>1 x Instruktioner<\/li>\n<\/ul>\n","protected":false},"excerpt":{"rendered":"<p>Denna lekhage \u00e4r designad f\u00f6r att skapa ett fantastiskt hem f\u00f6r dina husdjur. Det erbjuder ett stort utrymme f\u00f6r sm\u00e5&#8230;<\/p>\n","protected":false},"featured_media":20465,"template":"","meta":[],"product_brand":[],"product_cat":[573,597,600],"product_tag":[],"class_list":{"0":"post-20464","1":"product","2":"type-product","3":"status-publish","4":"has-post-thumbnail","6":"product_cat-husdjursmaterial","7":"product_cat-sma-djurtillbehor","8":"product_cat-utomhusholje","10":"first","11":"instock","12":"sale","13":"taxable","14":"shipping-taxable","15":"purchasable","16":"product-type-simple"},"yoast_head":"<!-- This site is optimized with the Yoast SEO plugin v25.4 - https:\/\/yoast.com\/wordpress\/plugins\/seo\/ -->\n<title>TRUUSK Utomhusinh\u00e4gnad Lekhage DIY - Vit Mesh Barri\u00e4r - 12 Paneler - Metall - PP-harts - 105x105x45cm - TRUUSK - Hem, Tr\u00e4dg\u00e5rd &amp; Fritid<\/title>\n<meta name=\"robots\" content=\"index, follow, max-snippet:-1, max-image-preview:large, max-video-preview:-1\" \/>\n<link rel=\"canonical\" href=\"https:\/\/truusk.store\/sv\/produkt\/truusk-utomhusinhagnad-lekhage-diy-vit-mesh-barriar-12-paneler-metall-pp-harts-105x105x45cm\/\" \/>\n<meta property=\"og:locale\" content=\"sv_SE\" \/>\n<meta property=\"og:type\" content=\"article\" \/>\n<meta property=\"og:title\" content=\"TRUUSK Utomhusinh\u00e4gnad Lekhage DIY - Vit Mesh Barri\u00e4r - 12 Paneler - Metall - PP-harts - 105x105x45cm - TRUUSK - Hem, Tr\u00e4dg\u00e5rd &amp; Fritid\" \/>\n<meta property=\"og:description\" content=\"Denna lekhage \u00e4r designad f\u00f6r att skapa ett fantastiskt hem f\u00f6r dina husdjur. Det erbjuder ett stort utrymme f\u00f6r sm\u00e5...\" \/>\n<meta property=\"og:url\" content=\"https:\/\/truusk.store\/sv\/produkt\/truusk-utomhusinhagnad-lekhage-diy-vit-mesh-barriar-12-paneler-metall-pp-harts-105x105x45cm\/\" \/>\n<meta property=\"og:site_name\" content=\"TRUUSK - Hem, Tr\u00e4dg\u00e5rd &amp; Fritid\" \/>\n<meta property=\"article:modified_time\" content=\"2026-03-12T08:03:16+00:00\" \/>\n<meta property=\"og:image\" content=\"https:\/\/i0.wp.com\/truusk.se\/wp-content\/uploads\/2024\/02\/utomhusinhagnad-lekhage-diy-utomhusinhagnad-mesh-inhagnad-barriar-sma-husdjur-inomhus-lekhage-12-paneler-vit-metall-pp-harts-105-x-105-x-45-cm.webp?fit=800%2C800&ssl=1\" \/>\n\t<meta property=\"og:image:width\" content=\"800\" \/>\n\t<meta property=\"og:image:height\" content=\"800\" \/>\n\t<meta property=\"og:image:type\" content=\"image\/webp\" \/>\n<meta name=\"twitter:card\" content=\"summary_large_image\" \/>\n<meta name=\"twitter:label1\" content=\"Ber\u00e4knad l\u00e4stid\" \/>\n\t<meta name=\"twitter:data1\" content=\"1 minut\" \/>\n<!-- \/ Yoast SEO plugin. -->","yoast_head_json":{"title":"TRUUSK Utomhusinh\u00e4gnad Lekhage DIY - Vit Mesh Barri\u00e4r - 12 Paneler - Metall - PP-harts - 105x105x45cm - TRUUSK - Hem, Tr\u00e4dg\u00e5rd &amp; Fritid","robots":{"index":"index","follow":"follow","max-snippet":"max-snippet:-1","max-image-preview":"max-image-preview:large","max-video-preview":"max-video-preview:-1"},"canonical":"https:\/\/truusk.store\/sv\/produkt\/truusk-utomhusinhagnad-lekhage-diy-vit-mesh-barriar-12-paneler-metall-pp-harts-105x105x45cm\/","og_locale":"sv_SE","og_type":"article","og_title":"TRUUSK Utomhusinh\u00e4gnad Lekhage DIY - Vit Mesh Barri\u00e4r - 12 Paneler - Metall - PP-harts - 105x105x45cm - TRUUSK - Hem, Tr\u00e4dg\u00e5rd &amp; Fritid","og_description":"Denna lekhage \u00e4r designad f\u00f6r att skapa ett fantastiskt hem f\u00f6r dina husdjur. Det erbjuder ett stort utrymme f\u00f6r sm\u00e5...","og_url":"https:\/\/truusk.store\/sv\/produkt\/truusk-utomhusinhagnad-lekhage-diy-vit-mesh-barriar-12-paneler-metall-pp-harts-105x105x45cm\/","og_site_name":"TRUUSK - Hem, Tr\u00e4dg\u00e5rd &amp; Fritid","article_modified_time":"2026-03-12T08:03:16+00:00","og_image":[{"width":800,"height":800,"url":"https:\/\/i0.wp.com\/truusk.se\/wp-content\/uploads\/2024\/02\/utomhusinhagnad-lekhage-diy-utomhusinhagnad-mesh-inhagnad-barriar-sma-husdjur-inomhus-lekhage-12-paneler-vit-metall-pp-harts-105-x-105-x-45-cm.webp?fit=800%2C800&ssl=1","type":"image\/webp"}],"twitter_card":"summary_large_image","twitter_misc":{"Ber\u00e4knad l\u00e4stid":"1 minut"},"schema":{"@context":"https:\/\/schema.org","@graph":[{"@type":"WebPage","@id":"https:\/\/truusk.store\/sv\/produkt\/truusk-utomhusinhagnad-lekhage-diy-vit-mesh-barriar-12-paneler-metall-pp-harts-105x105x45cm\/","url":"https:\/\/truusk.store\/sv\/produkt\/truusk-utomhusinhagnad-lekhage-diy-vit-mesh-barriar-12-paneler-metall-pp-harts-105x105x45cm\/","name":"TRUUSK Utomhusinh\u00e4gnad Lekhage DIY - Vit Mesh Barri\u00e4r - 12 Paneler - Metall - PP-harts - 105x105x45cm - TRUUSK - Hem, Tr\u00e4dg\u00e5rd &amp; Fritid","isPartOf":{"@id":"https:\/\/truusk.store\/sv\/#website"},"primaryImageOfPage":{"@id":"https:\/\/truusk.store\/sv\/produkt\/truusk-utomhusinhagnad-lekhage-diy-vit-mesh-barriar-12-paneler-metall-pp-harts-105x105x45cm\/#primaryimage"},"image":{"@id":"https:\/\/truusk.store\/sv\/produkt\/truusk-utomhusinhagnad-lekhage-diy-vit-mesh-barriar-12-paneler-metall-pp-harts-105x105x45cm\/#primaryimage"},"thumbnailUrl":"https:\/\/i0.wp.com\/truusk.store\/wp-content\/uploads\/2024\/02\/utomhusinhagnad-lekhage-diy-utomhusinhagnad-mesh-inhagnad-barriar-sma-husdjur-inomhus-lekhage-12-paneler-vit-metall-pp-harts-105-x-105-x-45-cm.webp?fit=800%2C800&ssl=1","datePublished":"2024-02-13T14:24:24+00:00","dateModified":"2026-03-12T08:03:16+00:00","breadcrumb":{"@id":"https:\/\/truusk.store\/sv\/produkt\/truusk-utomhusinhagnad-lekhage-diy-vit-mesh-barriar-12-paneler-metall-pp-harts-105x105x45cm\/#breadcrumb"},"inLanguage":"sv-SE","potentialAction":[{"@type":"ReadAction","target":["https:\/\/truusk.store\/sv\/produkt\/truusk-utomhusinhagnad-lekhage-diy-vit-mesh-barriar-12-paneler-metall-pp-harts-105x105x45cm\/"]}]},{"@type":"ImageObject","inLanguage":"sv-SE","@id":"https:\/\/truusk.store\/sv\/produkt\/truusk-utomhusinhagnad-lekhage-diy-vit-mesh-barriar-12-paneler-metall-pp-harts-105x105x45cm\/#primaryimage","url":"https:\/\/i0.wp.com\/truusk.store\/wp-content\/uploads\/2024\/02\/utomhusinhagnad-lekhage-diy-utomhusinhagnad-mesh-inhagnad-barriar-sma-husdjur-inomhus-lekhage-12-paneler-vit-metall-pp-harts-105-x-105-x-45-cm.webp?fit=800%2C800&ssl=1","contentUrl":"https:\/\/i0.wp.com\/truusk.store\/wp-content\/uploads\/2024\/02\/utomhusinhagnad-lekhage-diy-utomhusinhagnad-mesh-inhagnad-barriar-sma-husdjur-inomhus-lekhage-12-paneler-vit-metall-pp-harts-105-x-105-x-45-cm.webp?fit=800%2C800&ssl=1","width":800,"height":800,"caption":"Utomhusinh\u00e4gnad Lekhage DIY Utomhusinh\u00e4gnad Mesh Inh\u00e4gnad Barri\u00e4r Sm\u00e5 Husdjur Inomhus Lekhage 12 Paneler Vit Metall PP-harts 105 X 105 X 45 Cm 1"},{"@type":"BreadcrumbList","@id":"https:\/\/truusk.store\/sv\/produkt\/truusk-utomhusinhagnad-lekhage-diy-vit-mesh-barriar-12-paneler-metall-pp-harts-105x105x45cm\/#breadcrumb","itemListElement":[{"@type":"ListItem","position":1,"name":"Home","item":"https:\/\/truusk.store\/sv\/"},{"@type":"ListItem","position":2,"name":"Shop","item":"https:\/\/truusk.store\/shop\/"},{"@type":"ListItem","position":3,"name":"TRUUSK Utomhusinh\u00e4gnad Lekhage DIY &#8211; Vit Mesh Barri\u00e4r &#8211; 12 Paneler &#8211; Metall &#8211; PP-harts &#8211; 105x105x45cm"}]},{"@type":"WebSite","@id":"https:\/\/truusk.store\/sv\/#website","url":"https:\/\/truusk.store\/sv\/","name":"TRUUSK - Hem, Tr\u00e4dg\u00e5rd & Fritid","description":"","publisher":{"@id":"https:\/\/truusk.store\/sv\/#organization"},"potentialAction":[{"@type":"SearchAction","target":{"@type":"EntryPoint","urlTemplate":"https:\/\/truusk.store\/sv\/?s={search_term_string}"},"query-input":{"@type":"PropertyValueSpecification","valueRequired":true,"valueName":"search_term_string"}}],"inLanguage":"sv-SE"},{"@type":"Organization","@id":"https:\/\/truusk.store\/sv\/#organization","name":"TRUUSK - Hem, Tr\u00e4dg\u00e5rd & Fritid","url":"https:\/\/truusk.store\/sv\/","logo":{"@type":"ImageObject","inLanguage":"sv-SE","@id":"https:\/\/truusk.store\/sv\/#\/schema\/logo\/image\/","url":"https:\/\/i0.wp.com\/truusk.store\/wp-content\/uploads\/2026\/03\/cropped-TRUUSK.png?fit=2032%2C917&ssl=1","contentUrl":"https:\/\/i0.wp.com\/truusk.store\/wp-content\/uploads\/2026\/03\/cropped-TRUUSK.png?fit=2032%2C917&ssl=1","width":2032,"height":917,"caption":"TRUUSK - Hem, Tr\u00e4dg\u00e5rd & Fritid"},"image":{"@id":"https:\/\/truusk.store\/sv\/#\/schema\/logo\/image\/"}}]}},"jetpack_sharing_enabled":true,"_links":{"self":[{"href":"https:\/\/truusk.store\/sv\/wp-json\/wp\/v2\/product\/20464","targetHints":{"allow":["GET"]}}],"collection":[{"href":"https:\/\/truusk.store\/sv\/wp-json\/wp\/v2\/product"}],"about":[{"href":"https:\/\/truusk.store\/sv\/wp-json\/wp\/v2\/types\/product"}],"wp:featuredmedia":[{"embeddable":true,"href":"https:\/\/truusk.store\/sv\/wp-json\/wp\/v2\/media\/20465"}],"wp:attachment":[{"href":"https:\/\/truusk.store\/sv\/wp-json\/wp\/v2\/media?parent=20464"}],"wp:term":[{"taxonomy":"product_brand","embeddable":true,"href":"https:\/\/truusk.store\/sv\/wp-json\/wp\/v2\/product_brand?post=20464"},{"taxonomy":"product_cat","embeddable":true,"href":"https:\/\/truusk.store\/sv\/wp-json\/wp\/v2\/product_cat?post=20464"},{"taxonomy":"product_tag","embeddable":true,"href":"https:\/\/truusk.store\/sv\/wp-json\/wp\/v2\/product_tag?post=20464"}],"curies":[{"name":"wp","href":"https:\/\/api.w.org\/{rel}","templated":true}]}}