{"id":20476,"date":"2024-02-13T15:24:41","date_gmt":"2024-02-13T14:24:41","guid":{"rendered":"https:\/\/truusk.store\/product\/presenning-skyddsoverdrag-tradgardsmobler-overdrag-vattentatt-uv-skydd-extra-faste-rektangular-pe-gron-215-x-155-x-150-cm\/"},"modified":"2026-03-12T09:03:16","modified_gmt":"2026-03-12T08:03:16","slug":"truusk-presenning-skyddsoverdrag-for-tradgardsmobler-vattentatt-uv-skydd-extra-faste-rektangular-pe-gron-215-x-155-x","status":"publish","type":"product","link":"https:\/\/truusk.store\/sv\/produkt\/truusk-presenning-skyddsoverdrag-for-tradgardsmobler-vattentatt-uv-skydd-extra-faste-rektangular-pe-gron-215-x-155-x\/","title":{"rendered":"TRUUSK Presenning Skydds\u00f6verdrag f\u00f6r Tr\u00e4dg\u00e5rdsm\u00f6bler &#8211; Vattent\u00e4tt UV-skydd &#8211; Extra F\u00e4ste &#8211; Rektangul\u00e4r PE &#8211; Gr\u00f6n &#8211; 215 x 155 x"},"content":{"rendered":"<p>Detta m\u00f6bel\u00f6verdrag \u00e4r ett praktiskt tillskott till din utomhusinredning. Praktisk och elegant, den erbjuder det ultimata skyddet mot smuts och v\u00e4der f\u00f6r dina tr\u00e4dg\u00e5rdsm\u00f6bler. Tillverkad av h\u00f6gkvalitativ polyeten med en vattent\u00e4t bel\u00e4ggning, den \u00e4r resistent mot v\u00e4derp\u00e5verkan och UV-best\u00e4ndig. Med detta \u00f6verdrag kan du snabbt och enkelt t\u00e4cka dina m\u00f6bler. De fyra h\u00f6rnen och dragsn\u00f6ret g\u00f6r den enkel att f\u00e4sta och stanna kvar \u00e4ven p\u00e5 bl\u00e5siga dagar. N\u00e4r det inte anv\u00e4nds \u00e4r \u00f6verdraget snabbt och enkelt att f\u00f6rvara.<\/p>\n<h3>Beskrivning:<\/h3>\n<ul>\n<li>Smutsavvisande, v\u00e4derbest\u00e4ndig, UV-best\u00e4ndig tr\u00e4dg\u00e5rdsskydds\u00f6verdrag av PE med bel\u00e4ggning<\/li>\n<li>S\u00e4rskilt l\u00e4mplig f\u00f6r stora, rektangul\u00e4ra m\u00f6bler<\/li>\n<li>Utrustad med draglina inklusive sp\u00e4nne och 4 f\u00e4stband<\/li>\n<li>Dragkedja p\u00e5 framsidan f\u00f6r enkel borttagning<\/li>\n<li>Kan lagras snabbt och f\u00f6r att spara utrymme<\/li>\n<li>L\u00e4tt att st\u00e4da<\/li>\n<\/ul>\n<h3>Teknisk data:<\/h3>\n<ul>\n<li>Material: PE<\/li>\n<li>F\u00e4rg: gr\u00f6n<\/li>\n<li>Vikt: ca 1,5kg<\/li>\n<li>\u00d6vergripande m\u00e5tt: L215 x B155 x H150 cm<\/li>\n<li>Diameter p\u00e5 sen: 1 cm<\/li>\n<\/ul>\n<h3>Leveransens omfattning:<\/h3>\n<ul>\n<li>1 x m\u00f6bel\u00f6verdrag (inklusive 1 f\u00e4strem);<\/li>\n<\/ul>\n","protected":false},"excerpt":{"rendered":"<p>Detta m\u00f6bel\u00f6verdrag \u00e4r ett praktiskt tillskott till din utomhusinredning. Praktisk och elegant, den erbjuder det ultimata skyddet mot smuts och&#8230;<\/p>\n","protected":false},"featured_media":20477,"template":"","meta":[],"product_brand":[],"product_cat":[741,435,450,455],"product_tag":[],"class_list":{"0":"post-20476","1":"product","2":"type-product","3":"status-publish","4":"has-post-thumbnail","6":"product_cat-presenningar","7":"product_cat-tradgard-och-terrass","8":"product_cat-tradgardsmobler","9":"product_cat-tradgardsmobler-i-polyrattan","11":"first","12":"instock","13":"sale","14":"taxable","15":"shipping-taxable","16":"purchasable","17":"product-type-simple"},"yoast_head":"<!-- This site is optimized with the Yoast SEO plugin v25.4 - https:\/\/yoast.com\/wordpress\/plugins\/seo\/ -->\n<title>TRUUSK Presenning Skydds\u00f6verdrag f\u00f6r Tr\u00e4dg\u00e5rdsm\u00f6bler - Vattent\u00e4tt UV-skydd - Extra F\u00e4ste - Rektangul\u00e4r PE - Gr\u00f6n - 215 x 155 x - TRUUSK - Hem, Tr\u00e4dg\u00e5rd &amp; Fritid<\/title>\n<meta name=\"robots\" content=\"index, follow, max-snippet:-1, max-image-preview:large, max-video-preview:-1\" \/>\n<link rel=\"canonical\" href=\"https:\/\/truusk.store\/sv\/produkt\/truusk-presenning-skyddsoverdrag-for-tradgardsmobler-vattentatt-uv-skydd-extra-faste-rektangular-pe-gron-215-x-155-x\/\" \/>\n<meta property=\"og:locale\" content=\"sv_SE\" \/>\n<meta property=\"og:type\" content=\"article\" \/>\n<meta property=\"og:title\" content=\"TRUUSK Presenning Skydds\u00f6verdrag f\u00f6r Tr\u00e4dg\u00e5rdsm\u00f6bler - Vattent\u00e4tt UV-skydd - Extra F\u00e4ste - Rektangul\u00e4r PE - Gr\u00f6n - 215 x 155 x - TRUUSK - Hem, Tr\u00e4dg\u00e5rd &amp; Fritid\" \/>\n<meta property=\"og:description\" content=\"Detta m\u00f6bel\u00f6verdrag \u00e4r ett praktiskt tillskott till din utomhusinredning. Praktisk och elegant, den erbjuder det ultimata skyddet mot smuts och...\" \/>\n<meta property=\"og:url\" content=\"https:\/\/truusk.store\/sv\/produkt\/truusk-presenning-skyddsoverdrag-for-tradgardsmobler-vattentatt-uv-skydd-extra-faste-rektangular-pe-gron-215-x-155-x\/\" \/>\n<meta property=\"og:site_name\" content=\"TRUUSK - Hem, Tr\u00e4dg\u00e5rd &amp; Fritid\" \/>\n<meta property=\"article:modified_time\" content=\"2026-03-12T08:03:16+00:00\" \/>\n<meta property=\"og:image\" content=\"https:\/\/i0.wp.com\/truusk.se\/wp-content\/uploads\/2024\/02\/presenning-skyddsoverdrag-tradgardsmobler-overdrag-vattentatt-uv-skydd-extra-faste-rektangular-pe-gron-215-x-155-x-150-cm.webp?fit=800%2C800&ssl=1\" \/>\n\t<meta property=\"og:image:width\" content=\"800\" \/>\n\t<meta property=\"og:image:height\" content=\"800\" \/>\n\t<meta property=\"og:image:type\" content=\"image\/webp\" \/>\n<meta name=\"twitter:card\" content=\"summary_large_image\" \/>\n<meta name=\"twitter:label1\" content=\"Ber\u00e4knad l\u00e4stid\" \/>\n\t<meta name=\"twitter:data1\" content=\"1 minut\" \/>\n<!-- \/ Yoast SEO plugin. -->","yoast_head_json":{"title":"TRUUSK Presenning Skydds\u00f6verdrag f\u00f6r Tr\u00e4dg\u00e5rdsm\u00f6bler - Vattent\u00e4tt UV-skydd - Extra F\u00e4ste - Rektangul\u00e4r PE - Gr\u00f6n - 215 x 155 x - TRUUSK - Hem, Tr\u00e4dg\u00e5rd &amp; Fritid","robots":{"index":"index","follow":"follow","max-snippet":"max-snippet:-1","max-image-preview":"max-image-preview:large","max-video-preview":"max-video-preview:-1"},"canonical":"https:\/\/truusk.store\/sv\/produkt\/truusk-presenning-skyddsoverdrag-for-tradgardsmobler-vattentatt-uv-skydd-extra-faste-rektangular-pe-gron-215-x-155-x\/","og_locale":"sv_SE","og_type":"article","og_title":"TRUUSK Presenning Skydds\u00f6verdrag f\u00f6r Tr\u00e4dg\u00e5rdsm\u00f6bler - Vattent\u00e4tt UV-skydd - Extra F\u00e4ste - Rektangul\u00e4r PE - Gr\u00f6n - 215 x 155 x - TRUUSK - Hem, Tr\u00e4dg\u00e5rd &amp; Fritid","og_description":"Detta m\u00f6bel\u00f6verdrag \u00e4r ett praktiskt tillskott till din utomhusinredning. Praktisk och elegant, den erbjuder det ultimata skyddet mot smuts och...","og_url":"https:\/\/truusk.store\/sv\/produkt\/truusk-presenning-skyddsoverdrag-for-tradgardsmobler-vattentatt-uv-skydd-extra-faste-rektangular-pe-gron-215-x-155-x\/","og_site_name":"TRUUSK - Hem, Tr\u00e4dg\u00e5rd &amp; Fritid","article_modified_time":"2026-03-12T08:03:16+00:00","og_image":[{"width":800,"height":800,"url":"https:\/\/i0.wp.com\/truusk.se\/wp-content\/uploads\/2024\/02\/presenning-skyddsoverdrag-tradgardsmobler-overdrag-vattentatt-uv-skydd-extra-faste-rektangular-pe-gron-215-x-155-x-150-cm.webp?fit=800%2C800&ssl=1","type":"image\/webp"}],"twitter_card":"summary_large_image","twitter_misc":{"Ber\u00e4knad l\u00e4stid":"1 minut"},"schema":{"@context":"https:\/\/schema.org","@graph":[{"@type":"WebPage","@id":"https:\/\/truusk.store\/sv\/produkt\/truusk-presenning-skyddsoverdrag-for-tradgardsmobler-vattentatt-uv-skydd-extra-faste-rektangular-pe-gron-215-x-155-x\/","url":"https:\/\/truusk.store\/sv\/produkt\/truusk-presenning-skyddsoverdrag-for-tradgardsmobler-vattentatt-uv-skydd-extra-faste-rektangular-pe-gron-215-x-155-x\/","name":"TRUUSK Presenning Skydds\u00f6verdrag f\u00f6r Tr\u00e4dg\u00e5rdsm\u00f6bler - Vattent\u00e4tt UV-skydd - Extra F\u00e4ste - Rektangul\u00e4r PE - Gr\u00f6n - 215 x 155 x - TRUUSK - Hem, Tr\u00e4dg\u00e5rd &amp; Fritid","isPartOf":{"@id":"https:\/\/truusk.store\/sv\/#website"},"primaryImageOfPage":{"@id":"https:\/\/truusk.store\/sv\/produkt\/truusk-presenning-skyddsoverdrag-for-tradgardsmobler-vattentatt-uv-skydd-extra-faste-rektangular-pe-gron-215-x-155-x\/#primaryimage"},"image":{"@id":"https:\/\/truusk.store\/sv\/produkt\/truusk-presenning-skyddsoverdrag-for-tradgardsmobler-vattentatt-uv-skydd-extra-faste-rektangular-pe-gron-215-x-155-x\/#primaryimage"},"thumbnailUrl":"https:\/\/i0.wp.com\/truusk.store\/wp-content\/uploads\/2024\/02\/presenning-skyddsoverdrag-tradgardsmobler-overdrag-vattentatt-uv-skydd-extra-faste-rektangular-pe-gron-215-x-155-x-150-cm.webp?fit=800%2C800&ssl=1","datePublished":"2024-02-13T14:24:41+00:00","dateModified":"2026-03-12T08:03:16+00:00","breadcrumb":{"@id":"https:\/\/truusk.store\/sv\/produkt\/truusk-presenning-skyddsoverdrag-for-tradgardsmobler-vattentatt-uv-skydd-extra-faste-rektangular-pe-gron-215-x-155-x\/#breadcrumb"},"inLanguage":"sv-SE","potentialAction":[{"@type":"ReadAction","target":["https:\/\/truusk.store\/sv\/produkt\/truusk-presenning-skyddsoverdrag-for-tradgardsmobler-vattentatt-uv-skydd-extra-faste-rektangular-pe-gron-215-x-155-x\/"]}]},{"@type":"ImageObject","inLanguage":"sv-SE","@id":"https:\/\/truusk.store\/sv\/produkt\/truusk-presenning-skyddsoverdrag-for-tradgardsmobler-vattentatt-uv-skydd-extra-faste-rektangular-pe-gron-215-x-155-x\/#primaryimage","url":"https:\/\/i0.wp.com\/truusk.store\/wp-content\/uploads\/2024\/02\/presenning-skyddsoverdrag-tradgardsmobler-overdrag-vattentatt-uv-skydd-extra-faste-rektangular-pe-gron-215-x-155-x-150-cm.webp?fit=800%2C800&ssl=1","contentUrl":"https:\/\/i0.wp.com\/truusk.store\/wp-content\/uploads\/2024\/02\/presenning-skyddsoverdrag-tradgardsmobler-overdrag-vattentatt-uv-skydd-extra-faste-rektangular-pe-gron-215-x-155-x-150-cm.webp?fit=800%2C800&ssl=1","width":800,"height":800,"caption":"Presenning Skydds\u00f6verdrag Tr\u00e4dg\u00e5rdsm\u00f6bler \u00f6verdrag Vattent\u00e4tt UV-skydd Extra F\u00e4ste Rektangul\u00e4r PE Gr\u00f6n 215 X 155 X 150 Cm 1"},{"@type":"BreadcrumbList","@id":"https:\/\/truusk.store\/sv\/produkt\/truusk-presenning-skyddsoverdrag-for-tradgardsmobler-vattentatt-uv-skydd-extra-faste-rektangular-pe-gron-215-x-155-x\/#breadcrumb","itemListElement":[{"@type":"ListItem","position":1,"name":"Home","item":"https:\/\/truusk.store\/sv\/"},{"@type":"ListItem","position":2,"name":"Shop","item":"https:\/\/truusk.store\/shop\/"},{"@type":"ListItem","position":3,"name":"TRUUSK Presenning Skydds\u00f6verdrag f\u00f6r Tr\u00e4dg\u00e5rdsm\u00f6bler &#8211; Vattent\u00e4tt UV-skydd &#8211; Extra F\u00e4ste &#8211; Rektangul\u00e4r PE &#8211; Gr\u00f6n &#8211; 215 x 155 x"}]},{"@type":"WebSite","@id":"https:\/\/truusk.store\/sv\/#website","url":"https:\/\/truusk.store\/sv\/","name":"TRUUSK - Hem, Tr\u00e4dg\u00e5rd & Fritid","description":"","publisher":{"@id":"https:\/\/truusk.store\/sv\/#organization"},"potentialAction":[{"@type":"SearchAction","target":{"@type":"EntryPoint","urlTemplate":"https:\/\/truusk.store\/sv\/?s={search_term_string}"},"query-input":{"@type":"PropertyValueSpecification","valueRequired":true,"valueName":"search_term_string"}}],"inLanguage":"sv-SE"},{"@type":"Organization","@id":"https:\/\/truusk.store\/sv\/#organization","name":"TRUUSK - Hem, Tr\u00e4dg\u00e5rd & Fritid","url":"https:\/\/truusk.store\/sv\/","logo":{"@type":"ImageObject","inLanguage":"sv-SE","@id":"https:\/\/truusk.store\/sv\/#\/schema\/logo\/image\/","url":"https:\/\/i0.wp.com\/truusk.store\/wp-content\/uploads\/2026\/03\/cropped-TRUUSK.png?fit=2032%2C917&ssl=1","contentUrl":"https:\/\/i0.wp.com\/truusk.store\/wp-content\/uploads\/2026\/03\/cropped-TRUUSK.png?fit=2032%2C917&ssl=1","width":2032,"height":917,"caption":"TRUUSK - Hem, Tr\u00e4dg\u00e5rd & Fritid"},"image":{"@id":"https:\/\/truusk.store\/sv\/#\/schema\/logo\/image\/"}}]}},"jetpack_sharing_enabled":true,"_links":{"self":[{"href":"https:\/\/truusk.store\/sv\/wp-json\/wp\/v2\/product\/20476","targetHints":{"allow":["GET"]}}],"collection":[{"href":"https:\/\/truusk.store\/sv\/wp-json\/wp\/v2\/product"}],"about":[{"href":"https:\/\/truusk.store\/sv\/wp-json\/wp\/v2\/types\/product"}],"wp:featuredmedia":[{"embeddable":true,"href":"https:\/\/truusk.store\/sv\/wp-json\/wp\/v2\/media\/20477"}],"wp:attachment":[{"href":"https:\/\/truusk.store\/sv\/wp-json\/wp\/v2\/media?parent=20476"}],"wp:term":[{"taxonomy":"product_brand","embeddable":true,"href":"https:\/\/truusk.store\/sv\/wp-json\/wp\/v2\/product_brand?post=20476"},{"taxonomy":"product_cat","embeddable":true,"href":"https:\/\/truusk.store\/sv\/wp-json\/wp\/v2\/product_cat?post=20476"},{"taxonomy":"product_tag","embeddable":true,"href":"https:\/\/truusk.store\/sv\/wp-json\/wp\/v2\/product_tag?post=20476"}],"curies":[{"name":"wp","href":"https:\/\/api.w.org\/{rel}","templated":true}]}}