{"id":20504,"date":"2024-02-13T15:25:41","date_gmt":"2024-02-13T14:25:41","guid":{"rendered":"https:\/\/truusk.store\/product\/baldakin-hus-dorr-kapell-120-x-75-cm-pent-kapell-polykarbonat-kapell\/"},"modified":"2026-03-12T09:03:17","modified_gmt":"2026-03-12T08:03:17","slug":"truusk-baldakin-hus-dorr-kapell-pent-kapell-polykarbonat-120-x-75-cm-uv-skydd-sakert-och-hallbart-transparent","status":"publish","type":"product","link":"https:\/\/truusk.store\/sv\/produkt\/truusk-baldakin-hus-dorr-kapell-pent-kapell-polykarbonat-120-x-75-cm-uv-skydd-sakert-och-hallbart-transparent\/","title":{"rendered":"TRUUSK Baldakin Hus D\u00f6rr Kapell &#8211; Pent Kapell &#8211; Polykarbonat &#8211; 120 x 75 cm &#8211; UV-skydd &#8211; S\u00e4kert och h\u00e5llbart &#8211; Transparent"},"content":{"rendered":"<p>Detta h\u00e5llbara d\u00f6rrtak med ett genomskinligt lock \u00e4r tillverkat av st\u00f6ts\u00e4kra och robusta polykarbonatpaneler inklusive kantskyddslister i aluminium. Det s\u00e4kerst\u00e4ller att du f\u00e5r det b\u00e4sta skyddet mot v\u00e4derf\u00f6rh\u00e5llanden som regn, sn\u00f6 och UV. Denna kapell \u00e4r l\u00e4mplig f\u00f6r alla entr\u00e9er och kan \u00e4ven anv\u00e4ndas som f\u00f6nsterskydd.<\/p>\n<h3>Beskrivning:<\/h3>\n<ul>\n<li>Idealisk kapell f\u00f6r varje entr\u00e9<\/li>\n<li>Motst\u00e5ndskraftig och slitstark<\/li>\n<li>Skyddar husets entr\u00e9 mot v\u00e4der som regn, sn\u00f6, hagel<\/li>\n<li>Transparent h\u00f6lje av 2 robusta polykarbonatpaneler<\/li>\n<li>Polykarbonatpaneler \u00e4r f\u00f6rbundna med varandra med en H-formad anslutningsskena<\/li>\n<li>K\u00e5pan \u00e4r utrustad med fr\u00e4mre och bakre kantskyddslister i aluminium<\/li>\n<li>Stabil konstruktion tack vare 2 h\u00f6gkvalitativa st\u00f6darmar<\/li>\n<li>UV-best\u00e4ndig och genomskinlig<\/li>\n<li>Inkl monteringsmaterial<\/li>\n<li>Staket m\u00e5ste installeras p\u00e5 en solid v\u00e4gg sj\u00e4lv, eller f\u00e5 det installerat av en professionell. Obs: Om det finns sn\u00f6 p\u00e5 taket m\u00e5ste det reng\u00f6ras i tid, s\u00e4rskilt i omr\u00e5den d\u00e4r sn\u00f6fall \u00e4r frekventa<\/li>\n<\/ul>\n<h3>Teknisk data:<\/h3>\n<ul>\n<li>Material: polykarbonat, PP, aluminium<\/li>\n<li>F\u00e4rg: Transparent (Pl\u00e5t) + Svart (st\u00f6darm)<\/li>\n<li>\u00d6vergripande m\u00e5tt: L120 x B75 x H23 cm<\/li>\n<li>M\u00e5tt p\u00e5 polykarbonatskivan: L115 x B37 cm<\/li>\n<li>St\u00f6darmens l\u00e4ngd: 75 cm<\/li>\n<li>L\u00e4ngd p\u00e5 kantskyddslisten: 115 cm<\/li>\n<li>Polykarbonatpl\u00e5ttjocklek: 5 mm<\/li>\n<li>Vikt: 2,74 kg<\/li>\n<\/ul>\n<h3>Leveransens omfattning:<\/h3>\n<ul>\n<li>2 x polykarbonatark<\/li>\n<li>2 x kantskyddslister<\/li>\n<li>2 x st\u00f6darm<\/li>\n<li>5 x skruv med spetsigt huvud<\/li>\n<li>1 x H-formad anslutningsskena<\/li>\n<li>monteringsanvisningar<\/li>\n<\/ul>\n","protected":false},"excerpt":{"rendered":"<p>Detta h\u00e5llbara d\u00f6rrtak med ett genomskinligt lock \u00e4r tillverkat av st\u00f6ts\u00e4kra och robusta polykarbonatpaneler inklusive kantskyddslister i aluminium. Det s\u00e4kerst\u00e4ller&#8230;<\/p>\n","protected":false},"featured_media":20505,"template":"","meta":[],"product_brand":[],"product_cat":[673,671,672],"product_tag":[],"class_list":{"0":"post-20504","1":"product","2":"type-product","3":"status-publish","4":"has-post-thumbnail","6":"product_cat-baldakiner","7":"product_cat-jarnaffar","8":"product_cat-runt-huset","10":"first","11":"instock","12":"sale","13":"taxable","14":"shipping-taxable","15":"purchasable","16":"product-type-simple"},"yoast_head":"<!-- This site is optimized with the Yoast SEO plugin v25.4 - https:\/\/yoast.com\/wordpress\/plugins\/seo\/ -->\n<title>TRUUSK Baldakin Hus D\u00f6rr Kapell - Pent Kapell - Polykarbonat - 120 x 75 cm - UV-skydd - S\u00e4kert och h\u00e5llbart - Transparent - TRUUSK - Hem, Tr\u00e4dg\u00e5rd &amp; Fritid<\/title>\n<meta name=\"robots\" content=\"index, follow, max-snippet:-1, max-image-preview:large, max-video-preview:-1\" \/>\n<link rel=\"canonical\" href=\"https:\/\/truusk.store\/sv\/produkt\/truusk-baldakin-hus-dorr-kapell-pent-kapell-polykarbonat-120-x-75-cm-uv-skydd-sakert-och-hallbart-transparent\/\" \/>\n<meta property=\"og:locale\" content=\"sv_SE\" \/>\n<meta property=\"og:type\" content=\"article\" \/>\n<meta property=\"og:title\" content=\"TRUUSK Baldakin Hus D\u00f6rr Kapell - Pent Kapell - Polykarbonat - 120 x 75 cm - UV-skydd - S\u00e4kert och h\u00e5llbart - Transparent - TRUUSK - Hem, Tr\u00e4dg\u00e5rd &amp; Fritid\" \/>\n<meta property=\"og:description\" content=\"Detta h\u00e5llbara d\u00f6rrtak med ett genomskinligt lock \u00e4r tillverkat av st\u00f6ts\u00e4kra och robusta polykarbonatpaneler inklusive kantskyddslister i aluminium. Det s\u00e4kerst\u00e4ller...\" \/>\n<meta property=\"og:url\" content=\"https:\/\/truusk.store\/sv\/produkt\/truusk-baldakin-hus-dorr-kapell-pent-kapell-polykarbonat-120-x-75-cm-uv-skydd-sakert-och-hallbart-transparent\/\" \/>\n<meta property=\"og:site_name\" content=\"TRUUSK - Hem, Tr\u00e4dg\u00e5rd &amp; Fritid\" \/>\n<meta property=\"article:modified_time\" content=\"2026-03-12T08:03:17+00:00\" \/>\n<meta property=\"og:image\" content=\"https:\/\/i0.wp.com\/truusk.se\/wp-content\/uploads\/2024\/02\/baldakin-hus-dorr-kapell-120-x-75-cm-pent-kapell-polykarbonat-kapell.webp?fit=800%2C800&ssl=1\" \/>\n\t<meta property=\"og:image:width\" content=\"800\" \/>\n\t<meta property=\"og:image:height\" content=\"800\" \/>\n\t<meta property=\"og:image:type\" content=\"image\/webp\" \/>\n<meta name=\"twitter:card\" content=\"summary_large_image\" \/>\n<meta name=\"twitter:label1\" content=\"Ber\u00e4knad l\u00e4stid\" \/>\n\t<meta name=\"twitter:data1\" content=\"1 minut\" \/>\n<!-- \/ Yoast SEO plugin. -->","yoast_head_json":{"title":"TRUUSK Baldakin Hus D\u00f6rr Kapell - Pent Kapell - Polykarbonat - 120 x 75 cm - UV-skydd - S\u00e4kert och h\u00e5llbart - Transparent - TRUUSK - Hem, Tr\u00e4dg\u00e5rd &amp; Fritid","robots":{"index":"index","follow":"follow","max-snippet":"max-snippet:-1","max-image-preview":"max-image-preview:large","max-video-preview":"max-video-preview:-1"},"canonical":"https:\/\/truusk.store\/sv\/produkt\/truusk-baldakin-hus-dorr-kapell-pent-kapell-polykarbonat-120-x-75-cm-uv-skydd-sakert-och-hallbart-transparent\/","og_locale":"sv_SE","og_type":"article","og_title":"TRUUSK Baldakin Hus D\u00f6rr Kapell - Pent Kapell - Polykarbonat - 120 x 75 cm - UV-skydd - S\u00e4kert och h\u00e5llbart - Transparent - TRUUSK - Hem, Tr\u00e4dg\u00e5rd &amp; Fritid","og_description":"Detta h\u00e5llbara d\u00f6rrtak med ett genomskinligt lock \u00e4r tillverkat av st\u00f6ts\u00e4kra och robusta polykarbonatpaneler inklusive kantskyddslister i aluminium. Det s\u00e4kerst\u00e4ller...","og_url":"https:\/\/truusk.store\/sv\/produkt\/truusk-baldakin-hus-dorr-kapell-pent-kapell-polykarbonat-120-x-75-cm-uv-skydd-sakert-och-hallbart-transparent\/","og_site_name":"TRUUSK - Hem, Tr\u00e4dg\u00e5rd &amp; Fritid","article_modified_time":"2026-03-12T08:03:17+00:00","og_image":[{"width":800,"height":800,"url":"https:\/\/i0.wp.com\/truusk.se\/wp-content\/uploads\/2024\/02\/baldakin-hus-dorr-kapell-120-x-75-cm-pent-kapell-polykarbonat-kapell.webp?fit=800%2C800&ssl=1","type":"image\/webp"}],"twitter_card":"summary_large_image","twitter_misc":{"Ber\u00e4knad l\u00e4stid":"1 minut"},"schema":{"@context":"https:\/\/schema.org","@graph":[{"@type":"WebPage","@id":"https:\/\/truusk.store\/sv\/produkt\/truusk-baldakin-hus-dorr-kapell-pent-kapell-polykarbonat-120-x-75-cm-uv-skydd-sakert-och-hallbart-transparent\/","url":"https:\/\/truusk.store\/sv\/produkt\/truusk-baldakin-hus-dorr-kapell-pent-kapell-polykarbonat-120-x-75-cm-uv-skydd-sakert-och-hallbart-transparent\/","name":"TRUUSK Baldakin Hus D\u00f6rr Kapell - Pent Kapell - Polykarbonat - 120 x 75 cm - UV-skydd - S\u00e4kert och h\u00e5llbart - Transparent - TRUUSK - Hem, Tr\u00e4dg\u00e5rd &amp; Fritid","isPartOf":{"@id":"https:\/\/truusk.store\/sv\/#website"},"primaryImageOfPage":{"@id":"https:\/\/truusk.store\/sv\/produkt\/truusk-baldakin-hus-dorr-kapell-pent-kapell-polykarbonat-120-x-75-cm-uv-skydd-sakert-och-hallbart-transparent\/#primaryimage"},"image":{"@id":"https:\/\/truusk.store\/sv\/produkt\/truusk-baldakin-hus-dorr-kapell-pent-kapell-polykarbonat-120-x-75-cm-uv-skydd-sakert-och-hallbart-transparent\/#primaryimage"},"thumbnailUrl":"https:\/\/i0.wp.com\/truusk.store\/wp-content\/uploads\/2024\/02\/baldakin-hus-dorr-kapell-120-x-75-cm-pent-kapell-polykarbonat-kapell.webp?fit=800%2C800&ssl=1","datePublished":"2024-02-13T14:25:41+00:00","dateModified":"2026-03-12T08:03:17+00:00","breadcrumb":{"@id":"https:\/\/truusk.store\/sv\/produkt\/truusk-baldakin-hus-dorr-kapell-pent-kapell-polykarbonat-120-x-75-cm-uv-skydd-sakert-och-hallbart-transparent\/#breadcrumb"},"inLanguage":"sv-SE","potentialAction":[{"@type":"ReadAction","target":["https:\/\/truusk.store\/sv\/produkt\/truusk-baldakin-hus-dorr-kapell-pent-kapell-polykarbonat-120-x-75-cm-uv-skydd-sakert-och-hallbart-transparent\/"]}]},{"@type":"ImageObject","inLanguage":"sv-SE","@id":"https:\/\/truusk.store\/sv\/produkt\/truusk-baldakin-hus-dorr-kapell-pent-kapell-polykarbonat-120-x-75-cm-uv-skydd-sakert-och-hallbart-transparent\/#primaryimage","url":"https:\/\/i0.wp.com\/truusk.store\/wp-content\/uploads\/2024\/02\/baldakin-hus-dorr-kapell-120-x-75-cm-pent-kapell-polykarbonat-kapell.webp?fit=800%2C800&ssl=1","contentUrl":"https:\/\/i0.wp.com\/truusk.store\/wp-content\/uploads\/2024\/02\/baldakin-hus-dorr-kapell-120-x-75-cm-pent-kapell-polykarbonat-kapell.webp?fit=800%2C800&ssl=1","width":800,"height":800,"caption":"Baldakin Hus D\u00f6rr Kapell 120 X 75 Cm Pent Kapell Polykarbonat Kapell 1"},{"@type":"BreadcrumbList","@id":"https:\/\/truusk.store\/sv\/produkt\/truusk-baldakin-hus-dorr-kapell-pent-kapell-polykarbonat-120-x-75-cm-uv-skydd-sakert-och-hallbart-transparent\/#breadcrumb","itemListElement":[{"@type":"ListItem","position":1,"name":"Home","item":"https:\/\/truusk.store\/sv\/"},{"@type":"ListItem","position":2,"name":"Shop","item":"https:\/\/truusk.store\/shop\/"},{"@type":"ListItem","position":3,"name":"TRUUSK Baldakin Hus D\u00f6rr Kapell &#8211; Pent Kapell &#8211; Polykarbonat &#8211; 120 x 75 cm &#8211; UV-skydd &#8211; S\u00e4kert och h\u00e5llbart &#8211; Transparent"}]},{"@type":"WebSite","@id":"https:\/\/truusk.store\/sv\/#website","url":"https:\/\/truusk.store\/sv\/","name":"TRUUSK - Hem, Tr\u00e4dg\u00e5rd & Fritid","description":"","publisher":{"@id":"https:\/\/truusk.store\/sv\/#organization"},"potentialAction":[{"@type":"SearchAction","target":{"@type":"EntryPoint","urlTemplate":"https:\/\/truusk.store\/sv\/?s={search_term_string}"},"query-input":{"@type":"PropertyValueSpecification","valueRequired":true,"valueName":"search_term_string"}}],"inLanguage":"sv-SE"},{"@type":"Organization","@id":"https:\/\/truusk.store\/sv\/#organization","name":"TRUUSK - Hem, Tr\u00e4dg\u00e5rd & Fritid","url":"https:\/\/truusk.store\/sv\/","logo":{"@type":"ImageObject","inLanguage":"sv-SE","@id":"https:\/\/truusk.store\/sv\/#\/schema\/logo\/image\/","url":"https:\/\/i0.wp.com\/truusk.store\/wp-content\/uploads\/2026\/03\/cropped-TRUUSK.png?fit=2032%2C917&ssl=1","contentUrl":"https:\/\/i0.wp.com\/truusk.store\/wp-content\/uploads\/2026\/03\/cropped-TRUUSK.png?fit=2032%2C917&ssl=1","width":2032,"height":917,"caption":"TRUUSK - Hem, Tr\u00e4dg\u00e5rd & Fritid"},"image":{"@id":"https:\/\/truusk.store\/sv\/#\/schema\/logo\/image\/"}}]}},"jetpack_sharing_enabled":true,"_links":{"self":[{"href":"https:\/\/truusk.store\/sv\/wp-json\/wp\/v2\/product\/20504","targetHints":{"allow":["GET"]}}],"collection":[{"href":"https:\/\/truusk.store\/sv\/wp-json\/wp\/v2\/product"}],"about":[{"href":"https:\/\/truusk.store\/sv\/wp-json\/wp\/v2\/types\/product"}],"wp:featuredmedia":[{"embeddable":true,"href":"https:\/\/truusk.store\/sv\/wp-json\/wp\/v2\/media\/20505"}],"wp:attachment":[{"href":"https:\/\/truusk.store\/sv\/wp-json\/wp\/v2\/media?parent=20504"}],"wp:term":[{"taxonomy":"product_brand","embeddable":true,"href":"https:\/\/truusk.store\/sv\/wp-json\/wp\/v2\/product_brand?post=20504"},{"taxonomy":"product_cat","embeddable":true,"href":"https:\/\/truusk.store\/sv\/wp-json\/wp\/v2\/product_cat?post=20504"},{"taxonomy":"product_tag","embeddable":true,"href":"https:\/\/truusk.store\/sv\/wp-json\/wp\/v2\/product_tag?post=20504"}],"curies":[{"name":"wp","href":"https:\/\/api.w.org\/{rel}","templated":true}]}}