{"id":20535,"date":"2024-02-13T15:26:38","date_gmt":"2024-02-13T14:26:38","guid":{"rendered":"https:\/\/truusk.store\/product\/hopfallbar-sang-stolsang-gastsang-baddsoffa-hopfallbar-madrass-sang-metall-gra-75-x-70-x-75-cm\/"},"modified":"2026-03-12T09:03:18","modified_gmt":"2026-03-12T08:03:18","slug":"truusk-hopfallbar-gastsang-och-baddsoffa-gra-metall-75-x-70-x-75-cm","status":"publish","type":"product","link":"https:\/\/truusk.store\/sv\/produkt\/truusk-hopfallbar-gastsang-och-baddsoffa-gra-metall-75-x-70-x-75-cm\/","title":{"rendered":"TRUUSK Hopf\u00e4llbar G\u00e4sts\u00e4ng och B\u00e4ddsoffa &#8211; Gr\u00e5 Metall &#8211; 75 x 70 x 75 cm"},"content":{"rendered":"<p>Ifall du f\u00e5r fler bes\u00f6kare igen. V\u00e5r b\u00e4ddsoffa erbjuder dig en praktisk l\u00f6sning f\u00f6r att ge g\u00e4sterna en plats att tillbringa natten p\u00e5. De hopf\u00e4llbara och snygga m\u00f6blerna \u00e4r s\u00e4rskilt l\u00e4tta att montera. Din soffa \u00e4r klar p\u00e5 nolltid! De kompakta m\u00e5tten g\u00f6r m\u00f6blerna till riktiga allroundare. Oavsett om det \u00e4r i vardagsrummet, g\u00e4strummet eller n\u00e5gon annanstans. \u00c4ven om du har lite utrymme kan b\u00e4ddsoffan enkelt s\u00e4ttas upp. Art Nouveau-designen \u00e4r modern och passar in i n\u00e4stan alla milj\u00f6er. Och den slitstarka bomullsytan \u00e4r ocks\u00e5 l\u00e4tt att reng\u00f6ra. Detta g\u00f6r f\u00e5t\u00f6ljs\u00e4ngen till ett riktigt alternativ till konventionella g\u00e4sts\u00e4ngar.<\/p>\n<h3>Beskrivning:<\/h3>\n<ul>\n<li>2 i 1 funktion: relaxstol och g\u00e4sts\u00e4ng i ett<\/li>\n<li>Tjock, mjuk stoppning s\u00e4kerst\u00e4ller f\u00f6rstklassig sitt- och sovkomfort<\/li>\n<li>Ram av robust metall, l\u00e4tt utdragbar<\/li>\n<li>Ryggst\u00f6d justerbart i 3 niv\u00e5er<\/li>\n<li>\u00d6rngott \u00e4r avtagbart och tv\u00e4ttbart<\/li>\n<li>Vikbar och kan f\u00f6rvaras f\u00f6r att spara utrymme<\/li>\n<\/ul>\n<h3>Teknisk data:<\/h3>\n<ul>\n<li>Material: metall och linne<\/li>\n<li>Vikt: 20 kg<\/li>\n<li>Max lastkapacitet: 150 kg<\/li>\n<li>M\u00e5tt som soffa (BxDxH): 75 x 70 x 75 cm<\/li>\n<li>M\u00e5tt som s\u00e4ng (LxBxH): 180 x 75 x 25 cm<\/li>\n<li>Kudde: 55 x 20 cm<\/li>\n<li>F\u00e4rg gr\u00e5<\/li>\n<\/ul>\n<h3>Leveransens omfattning:<\/h3>\n<ul>\n<li>1 x soffa<\/li>\n<li>1 x kudde<\/li>\n<li>VIKTIGT: Vi levererar varan till trottoarkanten utan kostnad. Se till att du anger r\u00e4tt adress och telefonnummer.<\/li>\n<\/ul>\n","protected":false},"excerpt":{"rendered":"<p>Ifall du f\u00e5r fler bes\u00f6kare igen. V\u00e5r b\u00e4ddsoffa erbjuder dig en praktisk l\u00f6sning f\u00f6r att ge g\u00e4sterna en plats att&#8230;<\/p>\n","protected":false},"featured_media":20536,"template":"","meta":[],"product_brand":[],"product_cat":[557,485,554],"product_tag":[],"class_list":{"0":"post-20535","1":"product","2":"type-product","3":"status-publish","4":"has-post-thumbnail","6":"product_cat-baddsoffor","7":"product_cat-hus-bo","8":"product_cat-soffor-soffor","10":"first","11":"instock","12":"sale","13":"taxable","14":"shipping-taxable","15":"purchasable","16":"product-type-simple"},"yoast_head":"<!-- This site is optimized with the Yoast SEO plugin v25.4 - https:\/\/yoast.com\/wordpress\/plugins\/seo\/ -->\n<title>TRUUSK Hopf\u00e4llbar G\u00e4sts\u00e4ng och B\u00e4ddsoffa - Gr\u00e5 Metall - 75 x 70 x 75 cm - TRUUSK - Hem, Tr\u00e4dg\u00e5rd &amp; Fritid<\/title>\n<meta name=\"robots\" content=\"index, follow, max-snippet:-1, max-image-preview:large, max-video-preview:-1\" \/>\n<link rel=\"canonical\" href=\"https:\/\/truusk.store\/sv\/produkt\/truusk-hopfallbar-gastsang-och-baddsoffa-gra-metall-75-x-70-x-75-cm\/\" \/>\n<meta property=\"og:locale\" content=\"sv_SE\" \/>\n<meta property=\"og:type\" content=\"article\" \/>\n<meta property=\"og:title\" content=\"TRUUSK Hopf\u00e4llbar G\u00e4sts\u00e4ng och B\u00e4ddsoffa - Gr\u00e5 Metall - 75 x 70 x 75 cm - TRUUSK - Hem, Tr\u00e4dg\u00e5rd &amp; Fritid\" \/>\n<meta property=\"og:description\" content=\"Ifall du f\u00e5r fler bes\u00f6kare igen. V\u00e5r b\u00e4ddsoffa erbjuder dig en praktisk l\u00f6sning f\u00f6r att ge g\u00e4sterna en plats att...\" \/>\n<meta property=\"og:url\" content=\"https:\/\/truusk.store\/sv\/produkt\/truusk-hopfallbar-gastsang-och-baddsoffa-gra-metall-75-x-70-x-75-cm\/\" \/>\n<meta property=\"og:site_name\" content=\"TRUUSK - Hem, Tr\u00e4dg\u00e5rd &amp; Fritid\" \/>\n<meta property=\"article:modified_time\" content=\"2026-03-12T08:03:18+00:00\" \/>\n<meta property=\"og:image\" content=\"https:\/\/i0.wp.com\/truusk.se\/wp-content\/uploads\/2024\/02\/hopfallbar-sang-stolsang-gastsang-baddsoffa-hopfallbar-madrass-sang-metall-gra-75-x-70-x-75-cm.webp?fit=800%2C800&ssl=1\" \/>\n\t<meta property=\"og:image:width\" content=\"800\" \/>\n\t<meta property=\"og:image:height\" content=\"800\" \/>\n\t<meta property=\"og:image:type\" content=\"image\/webp\" \/>\n<meta name=\"twitter:card\" content=\"summary_large_image\" \/>\n<meta name=\"twitter:label1\" content=\"Ber\u00e4knad l\u00e4stid\" \/>\n\t<meta name=\"twitter:data1\" content=\"1 minut\" \/>\n<!-- \/ Yoast SEO plugin. -->","yoast_head_json":{"title":"TRUUSK Hopf\u00e4llbar G\u00e4sts\u00e4ng och B\u00e4ddsoffa - Gr\u00e5 Metall - 75 x 70 x 75 cm - TRUUSK - Hem, Tr\u00e4dg\u00e5rd &amp; Fritid","robots":{"index":"index","follow":"follow","max-snippet":"max-snippet:-1","max-image-preview":"max-image-preview:large","max-video-preview":"max-video-preview:-1"},"canonical":"https:\/\/truusk.store\/sv\/produkt\/truusk-hopfallbar-gastsang-och-baddsoffa-gra-metall-75-x-70-x-75-cm\/","og_locale":"sv_SE","og_type":"article","og_title":"TRUUSK Hopf\u00e4llbar G\u00e4sts\u00e4ng och B\u00e4ddsoffa - Gr\u00e5 Metall - 75 x 70 x 75 cm - TRUUSK - Hem, Tr\u00e4dg\u00e5rd &amp; Fritid","og_description":"Ifall du f\u00e5r fler bes\u00f6kare igen. V\u00e5r b\u00e4ddsoffa erbjuder dig en praktisk l\u00f6sning f\u00f6r att ge g\u00e4sterna en plats att...","og_url":"https:\/\/truusk.store\/sv\/produkt\/truusk-hopfallbar-gastsang-och-baddsoffa-gra-metall-75-x-70-x-75-cm\/","og_site_name":"TRUUSK - Hem, Tr\u00e4dg\u00e5rd &amp; Fritid","article_modified_time":"2026-03-12T08:03:18+00:00","og_image":[{"width":800,"height":800,"url":"https:\/\/i0.wp.com\/truusk.se\/wp-content\/uploads\/2024\/02\/hopfallbar-sang-stolsang-gastsang-baddsoffa-hopfallbar-madrass-sang-metall-gra-75-x-70-x-75-cm.webp?fit=800%2C800&ssl=1","type":"image\/webp"}],"twitter_card":"summary_large_image","twitter_misc":{"Ber\u00e4knad l\u00e4stid":"1 minut"},"schema":{"@context":"https:\/\/schema.org","@graph":[{"@type":"WebPage","@id":"https:\/\/truusk.store\/sv\/produkt\/truusk-hopfallbar-gastsang-och-baddsoffa-gra-metall-75-x-70-x-75-cm\/","url":"https:\/\/truusk.store\/sv\/produkt\/truusk-hopfallbar-gastsang-och-baddsoffa-gra-metall-75-x-70-x-75-cm\/","name":"TRUUSK Hopf\u00e4llbar G\u00e4sts\u00e4ng och B\u00e4ddsoffa - Gr\u00e5 Metall - 75 x 70 x 75 cm - TRUUSK - Hem, Tr\u00e4dg\u00e5rd &amp; Fritid","isPartOf":{"@id":"https:\/\/truusk.store\/sv\/#website"},"primaryImageOfPage":{"@id":"https:\/\/truusk.store\/sv\/produkt\/truusk-hopfallbar-gastsang-och-baddsoffa-gra-metall-75-x-70-x-75-cm\/#primaryimage"},"image":{"@id":"https:\/\/truusk.store\/sv\/produkt\/truusk-hopfallbar-gastsang-och-baddsoffa-gra-metall-75-x-70-x-75-cm\/#primaryimage"},"thumbnailUrl":"https:\/\/i0.wp.com\/truusk.store\/wp-content\/uploads\/2024\/02\/hopfallbar-sang-stolsang-gastsang-baddsoffa-hopfallbar-madrass-sang-metall-gra-75-x-70-x-75-cm.webp?fit=800%2C800&ssl=1","datePublished":"2024-02-13T14:26:38+00:00","dateModified":"2026-03-12T08:03:18+00:00","breadcrumb":{"@id":"https:\/\/truusk.store\/sv\/produkt\/truusk-hopfallbar-gastsang-och-baddsoffa-gra-metall-75-x-70-x-75-cm\/#breadcrumb"},"inLanguage":"sv-SE","potentialAction":[{"@type":"ReadAction","target":["https:\/\/truusk.store\/sv\/produkt\/truusk-hopfallbar-gastsang-och-baddsoffa-gra-metall-75-x-70-x-75-cm\/"]}]},{"@type":"ImageObject","inLanguage":"sv-SE","@id":"https:\/\/truusk.store\/sv\/produkt\/truusk-hopfallbar-gastsang-och-baddsoffa-gra-metall-75-x-70-x-75-cm\/#primaryimage","url":"https:\/\/i0.wp.com\/truusk.store\/wp-content\/uploads\/2024\/02\/hopfallbar-sang-stolsang-gastsang-baddsoffa-hopfallbar-madrass-sang-metall-gra-75-x-70-x-75-cm.webp?fit=800%2C800&ssl=1","contentUrl":"https:\/\/i0.wp.com\/truusk.store\/wp-content\/uploads\/2024\/02\/hopfallbar-sang-stolsang-gastsang-baddsoffa-hopfallbar-madrass-sang-metall-gra-75-x-70-x-75-cm.webp?fit=800%2C800&ssl=1","width":800,"height":800,"caption":"Hopf\u00e4llbar S\u00e4ng, Stols\u00e4ng, G\u00e4sts\u00e4ng, B\u00e4ddsoffa, Hopf\u00e4llbar Madrass, S\u00e4ng, Metall, Gr\u00e5, 75 X 70 X 75 Cm 1"},{"@type":"BreadcrumbList","@id":"https:\/\/truusk.store\/sv\/produkt\/truusk-hopfallbar-gastsang-och-baddsoffa-gra-metall-75-x-70-x-75-cm\/#breadcrumb","itemListElement":[{"@type":"ListItem","position":1,"name":"Home","item":"https:\/\/truusk.store\/sv\/"},{"@type":"ListItem","position":2,"name":"Shop","item":"https:\/\/truusk.store\/shop\/"},{"@type":"ListItem","position":3,"name":"TRUUSK Hopf\u00e4llbar G\u00e4sts\u00e4ng och B\u00e4ddsoffa &#8211; Gr\u00e5 Metall &#8211; 75 x 70 x 75 cm"}]},{"@type":"WebSite","@id":"https:\/\/truusk.store\/sv\/#website","url":"https:\/\/truusk.store\/sv\/","name":"TRUUSK - Hem, Tr\u00e4dg\u00e5rd & Fritid","description":"","publisher":{"@id":"https:\/\/truusk.store\/sv\/#organization"},"potentialAction":[{"@type":"SearchAction","target":{"@type":"EntryPoint","urlTemplate":"https:\/\/truusk.store\/sv\/?s={search_term_string}"},"query-input":{"@type":"PropertyValueSpecification","valueRequired":true,"valueName":"search_term_string"}}],"inLanguage":"sv-SE"},{"@type":"Organization","@id":"https:\/\/truusk.store\/sv\/#organization","name":"TRUUSK - Hem, Tr\u00e4dg\u00e5rd & Fritid","url":"https:\/\/truusk.store\/sv\/","logo":{"@type":"ImageObject","inLanguage":"sv-SE","@id":"https:\/\/truusk.store\/sv\/#\/schema\/logo\/image\/","url":"https:\/\/i0.wp.com\/truusk.store\/wp-content\/uploads\/2026\/03\/cropped-TRUUSK.png?fit=2032%2C917&ssl=1","contentUrl":"https:\/\/i0.wp.com\/truusk.store\/wp-content\/uploads\/2026\/03\/cropped-TRUUSK.png?fit=2032%2C917&ssl=1","width":2032,"height":917,"caption":"TRUUSK - Hem, Tr\u00e4dg\u00e5rd & Fritid"},"image":{"@id":"https:\/\/truusk.store\/sv\/#\/schema\/logo\/image\/"}}]}},"jetpack_sharing_enabled":true,"_links":{"self":[{"href":"https:\/\/truusk.store\/sv\/wp-json\/wp\/v2\/product\/20535","targetHints":{"allow":["GET"]}}],"collection":[{"href":"https:\/\/truusk.store\/sv\/wp-json\/wp\/v2\/product"}],"about":[{"href":"https:\/\/truusk.store\/sv\/wp-json\/wp\/v2\/types\/product"}],"wp:featuredmedia":[{"embeddable":true,"href":"https:\/\/truusk.store\/sv\/wp-json\/wp\/v2\/media\/20536"}],"wp:attachment":[{"href":"https:\/\/truusk.store\/sv\/wp-json\/wp\/v2\/media?parent=20535"}],"wp:term":[{"taxonomy":"product_brand","embeddable":true,"href":"https:\/\/truusk.store\/sv\/wp-json\/wp\/v2\/product_brand?post=20535"},{"taxonomy":"product_cat","embeddable":true,"href":"https:\/\/truusk.store\/sv\/wp-json\/wp\/v2\/product_cat?post=20535"},{"taxonomy":"product_tag","embeddable":true,"href":"https:\/\/truusk.store\/sv\/wp-json\/wp\/v2\/product_tag?post=20535"}],"curies":[{"name":"wp","href":"https:\/\/api.w.org\/{rel}","templated":true}]}}