{"id":20555,"date":"2024-02-13T15:27:20","date_gmt":"2024-02-13T14:27:20","guid":{"rendered":"https:\/\/truusk.store\/product\/parasoll-fallbart-paraply-tradgard-paraply-marknadsparaply-med-handvev-stal-180-m-polyester-brun-295-x-25-m\/"},"modified":"2026-03-12T09:03:18","modified_gmt":"2026-03-12T08:03:18","slug":"truusk-fallbart-parasoll-tradgard-paraply-handvev-stalram-180-g-m%c2%b2-polyester-brun-295-x-25-m","status":"publish","type":"product","link":"https:\/\/truusk.store\/sv\/produkt\/truusk-fallbart-parasoll-tradgard-paraply-handvev-stalram-180-g-m%c2%b2-polyester-brun-295-x-25-m\/","title":{"rendered":"TRUUSK F\u00e4llbart Parasoll Tr\u00e4dg\u00e5rd Paraply &#8211; Handvev &#8211; St\u00e5lram &#8211; 180 g\/m\u00b2 Polyester &#8211; Brun &#8211; 2,95 x 2,5 m"},"content":{"rendered":"<p>Njut av de soliga dagarna och koppla av i skuggan. V\u00e5rt hopf\u00e4llbara paraply \u00e4r det perfekta tillskottet till din tr\u00e4dg\u00e5rd, terrass eller ett bes\u00f6k p\u00e5 stranden tillsammans. Det h\u00f6gkvalitativa paraplyskyddet \u00e4r tillverkat av belagd polyester och \u00e4r vattenavvisande och UV-best\u00e4ndigt. Den h\u00f6gkvalitativa paraplyst\u00e5ngen i st\u00e5l s\u00e4kerst\u00e4ller stabilitet. Det robusta materialet \u00e4r v\u00e4derbest\u00e4ndigt och samtidigt behagligt l\u00e4tt. Ditt uteplatsparaply man\u00f6vreras med den praktiska handveven, s\u00e5 att det enkelt kan \u00f6ppnas och st\u00e4ngas. H\u00f6jdpunkten \u00e4r den smarta vikningsfunktionen: Det betyder att du alltid kan justera ditt paraply till solens aktuella position och njuta av behaglig skugga.<\/p>\n<h3>Beskrivning:<\/h3>\n<ul>\n<li>Parasoll f\u00f6r tr\u00e4dg\u00e5rden, terrassen eller stranden<\/li>\n<li>Stark paraplyst\u00e5ng i st\u00e5l: robust och h\u00e5llbar<\/li>\n<li>8 st\u00e5lstag ger h\u00f6g stabilitet<\/li>\n<li>Paraplyskydd av 180 g\/m polyester, vattenavvisande och UV-best\u00e4ndigt<\/li>\n<li>B\u00f6jningsanordning f\u00f6r att anpassa sig till solens position<\/li>\n<li>Handvev m\u00f6jligg\u00f6r enkel \u00f6ppning och st\u00e4ngning<\/li>\n<li>Snabb och enkel att montera och demontera<\/li>\n<li>Du kan uppn\u00e5 ytterligare stabilitet genom att anv\u00e4nda ett bord med en parasollh\u00e5llare eller ett paraplyst\u00e4ll<\/li>\n<li>OBSERVERA: Anv\u00e4ndning rekommenderas inte i h\u00e5rt v\u00e4der<\/li>\n<\/ul>\n<h3>Teknisk data:<\/h3>\n<ul>\n<li>Material: st\u00e5l, aluminium, polyester<\/li>\n<li>F\u00e4rg: Kaffe + Svart<\/li>\n<li>Vikt: 6,8 kg<\/li>\n<li>Totalm\u00e5tt: 2,95 x H2,5 m<\/li>\n<li>R\u00f6r diameter st\u00e5ng: 38 mm<\/li>\n<li>R\u00f6rdiameter per stag: 12 x 18 mm<\/li>\n<\/ul>\n<h3>Leveransens omfattning:<\/h3>\n<ul>\n<li>1 x Parasoll<\/li>\n<li>OBSERVERA: Det visade paraplyst\u00e4llet ing\u00e5r INTE i leveransen.<\/li>\n<\/ul>\n","protected":false},"excerpt":{"rendered":"<p>Njut av de soliga dagarna och koppla av i skuggan. V\u00e5rt hopf\u00e4llbara paraply \u00e4r det perfekta tillskottet till din tr\u00e4dg\u00e5rd,&#8230;<\/p>\n","protected":false},"featured_media":20556,"template":"","meta":[],"product_brand":[],"product_cat":[472,471,435],"product_tag":[],"class_list":{"0":"post-20555","1":"product","2":"type-product","3":"status-publish","4":"has-post-thumbnail","6":"product_cat-parasoller","7":"product_cat-solskydd-integritetsskydd","8":"product_cat-tradgard-och-terrass","10":"first","11":"instock","12":"sale","13":"taxable","14":"shipping-taxable","15":"purchasable","16":"product-type-simple"},"yoast_head":"<!-- This site is optimized with the Yoast SEO plugin v25.4 - https:\/\/yoast.com\/wordpress\/plugins\/seo\/ -->\n<title>TRUUSK F\u00e4llbart Parasoll Tr\u00e4dg\u00e5rd Paraply - Handvev - St\u00e5lram - 180 g\/m\u00b2 Polyester - Brun - 2,95 x 2,5 m - TRUUSK - Hem, Tr\u00e4dg\u00e5rd &amp; Fritid<\/title>\n<meta name=\"robots\" content=\"index, follow, max-snippet:-1, max-image-preview:large, max-video-preview:-1\" \/>\n<link rel=\"canonical\" href=\"https:\/\/truusk.store\/sv\/produkt\/truusk-fallbart-parasoll-tradgard-paraply-handvev-stalram-180-g-m%c2%b2-polyester-brun-295-x-25-m\/\" \/>\n<meta property=\"og:locale\" content=\"sv_SE\" \/>\n<meta property=\"og:type\" content=\"article\" \/>\n<meta property=\"og:title\" content=\"TRUUSK F\u00e4llbart Parasoll Tr\u00e4dg\u00e5rd Paraply - Handvev - St\u00e5lram - 180 g\/m\u00b2 Polyester - Brun - 2,95 x 2,5 m - TRUUSK - Hem, Tr\u00e4dg\u00e5rd &amp; Fritid\" \/>\n<meta property=\"og:description\" content=\"Njut av de soliga dagarna och koppla av i skuggan. V\u00e5rt hopf\u00e4llbara paraply \u00e4r det perfekta tillskottet till din tr\u00e4dg\u00e5rd,...\" \/>\n<meta property=\"og:url\" content=\"https:\/\/truusk.store\/sv\/produkt\/truusk-fallbart-parasoll-tradgard-paraply-handvev-stalram-180-g-m%c2%b2-polyester-brun-295-x-25-m\/\" \/>\n<meta property=\"og:site_name\" content=\"TRUUSK - Hem, Tr\u00e4dg\u00e5rd &amp; Fritid\" \/>\n<meta property=\"article:modified_time\" content=\"2026-03-12T08:03:18+00:00\" \/>\n<meta property=\"og:image\" content=\"https:\/\/i0.wp.com\/truusk.se\/wp-content\/uploads\/2024\/02\/parasoll-fallbart-paraply-tradgard-paraply-marknadsparaply-med-handvev-stal-180-m-polyester-brun-295-x-25-m.webp?fit=800%2C800&ssl=1\" \/>\n\t<meta property=\"og:image:width\" content=\"800\" \/>\n\t<meta property=\"og:image:height\" content=\"800\" \/>\n\t<meta property=\"og:image:type\" content=\"image\/webp\" \/>\n<meta name=\"twitter:card\" content=\"summary_large_image\" \/>\n<meta name=\"twitter:label1\" content=\"Ber\u00e4knad l\u00e4stid\" \/>\n\t<meta name=\"twitter:data1\" content=\"1 minut\" \/>\n<!-- \/ Yoast SEO plugin. -->","yoast_head_json":{"title":"TRUUSK F\u00e4llbart Parasoll Tr\u00e4dg\u00e5rd Paraply - Handvev - St\u00e5lram - 180 g\/m\u00b2 Polyester - Brun - 2,95 x 2,5 m - TRUUSK - Hem, Tr\u00e4dg\u00e5rd &amp; Fritid","robots":{"index":"index","follow":"follow","max-snippet":"max-snippet:-1","max-image-preview":"max-image-preview:large","max-video-preview":"max-video-preview:-1"},"canonical":"https:\/\/truusk.store\/sv\/produkt\/truusk-fallbart-parasoll-tradgard-paraply-handvev-stalram-180-g-m%c2%b2-polyester-brun-295-x-25-m\/","og_locale":"sv_SE","og_type":"article","og_title":"TRUUSK F\u00e4llbart Parasoll Tr\u00e4dg\u00e5rd Paraply - Handvev - St\u00e5lram - 180 g\/m\u00b2 Polyester - Brun - 2,95 x 2,5 m - TRUUSK - Hem, Tr\u00e4dg\u00e5rd &amp; Fritid","og_description":"Njut av de soliga dagarna och koppla av i skuggan. V\u00e5rt hopf\u00e4llbara paraply \u00e4r det perfekta tillskottet till din tr\u00e4dg\u00e5rd,...","og_url":"https:\/\/truusk.store\/sv\/produkt\/truusk-fallbart-parasoll-tradgard-paraply-handvev-stalram-180-g-m%c2%b2-polyester-brun-295-x-25-m\/","og_site_name":"TRUUSK - Hem, Tr\u00e4dg\u00e5rd &amp; Fritid","article_modified_time":"2026-03-12T08:03:18+00:00","og_image":[{"width":800,"height":800,"url":"https:\/\/i0.wp.com\/truusk.se\/wp-content\/uploads\/2024\/02\/parasoll-fallbart-paraply-tradgard-paraply-marknadsparaply-med-handvev-stal-180-m-polyester-brun-295-x-25-m.webp?fit=800%2C800&ssl=1","type":"image\/webp"}],"twitter_card":"summary_large_image","twitter_misc":{"Ber\u00e4knad l\u00e4stid":"1 minut"},"schema":{"@context":"https:\/\/schema.org","@graph":[{"@type":"WebPage","@id":"https:\/\/truusk.store\/sv\/produkt\/truusk-fallbart-parasoll-tradgard-paraply-handvev-stalram-180-g-m%c2%b2-polyester-brun-295-x-25-m\/","url":"https:\/\/truusk.store\/sv\/produkt\/truusk-fallbart-parasoll-tradgard-paraply-handvev-stalram-180-g-m%c2%b2-polyester-brun-295-x-25-m\/","name":"TRUUSK F\u00e4llbart Parasoll Tr\u00e4dg\u00e5rd Paraply - Handvev - St\u00e5lram - 180 g\/m\u00b2 Polyester - Brun - 2,95 x 2,5 m - TRUUSK - Hem, Tr\u00e4dg\u00e5rd &amp; Fritid","isPartOf":{"@id":"https:\/\/truusk.store\/sv\/#website"},"primaryImageOfPage":{"@id":"https:\/\/truusk.store\/sv\/produkt\/truusk-fallbart-parasoll-tradgard-paraply-handvev-stalram-180-g-m%c2%b2-polyester-brun-295-x-25-m\/#primaryimage"},"image":{"@id":"https:\/\/truusk.store\/sv\/produkt\/truusk-fallbart-parasoll-tradgard-paraply-handvev-stalram-180-g-m%c2%b2-polyester-brun-295-x-25-m\/#primaryimage"},"thumbnailUrl":"https:\/\/i0.wp.com\/truusk.store\/wp-content\/uploads\/2024\/02\/parasoll-fallbart-paraply-tradgard-paraply-marknadsparaply-med-handvev-stal-180-m-polyester-brun-295-x-25-m.webp?fit=800%2C800&ssl=1","datePublished":"2024-02-13T14:27:20+00:00","dateModified":"2026-03-12T08:03:18+00:00","breadcrumb":{"@id":"https:\/\/truusk.store\/sv\/produkt\/truusk-fallbart-parasoll-tradgard-paraply-handvev-stalram-180-g-m%c2%b2-polyester-brun-295-x-25-m\/#breadcrumb"},"inLanguage":"sv-SE","potentialAction":[{"@type":"ReadAction","target":["https:\/\/truusk.store\/sv\/produkt\/truusk-fallbart-parasoll-tradgard-paraply-handvev-stalram-180-g-m%c2%b2-polyester-brun-295-x-25-m\/"]}]},{"@type":"ImageObject","inLanguage":"sv-SE","@id":"https:\/\/truusk.store\/sv\/produkt\/truusk-fallbart-parasoll-tradgard-paraply-handvev-stalram-180-g-m%c2%b2-polyester-brun-295-x-25-m\/#primaryimage","url":"https:\/\/i0.wp.com\/truusk.store\/wp-content\/uploads\/2024\/02\/parasoll-fallbart-paraply-tradgard-paraply-marknadsparaply-med-handvev-stal-180-m-polyester-brun-295-x-25-m.webp?fit=800%2C800&ssl=1","contentUrl":"https:\/\/i0.wp.com\/truusk.store\/wp-content\/uploads\/2024\/02\/parasoll-fallbart-paraply-tradgard-paraply-marknadsparaply-med-handvev-stal-180-m-polyester-brun-295-x-25-m.webp?fit=800%2C800&ssl=1","width":800,"height":800,"caption":"Parasoll F\u00e4llbart Paraply Tr\u00e4dg\u00e5rd Paraply Marknadsparaply Med Handvev St\u00e5l 180\/m Polyester Brun 2,95 X 2,5 M 1"},{"@type":"BreadcrumbList","@id":"https:\/\/truusk.store\/sv\/produkt\/truusk-fallbart-parasoll-tradgard-paraply-handvev-stalram-180-g-m%c2%b2-polyester-brun-295-x-25-m\/#breadcrumb","itemListElement":[{"@type":"ListItem","position":1,"name":"Home","item":"https:\/\/truusk.store\/sv\/"},{"@type":"ListItem","position":2,"name":"Shop","item":"https:\/\/truusk.store\/shop\/"},{"@type":"ListItem","position":3,"name":"TRUUSK F\u00e4llbart Parasoll Tr\u00e4dg\u00e5rd Paraply &#8211; Handvev &#8211; St\u00e5lram &#8211; 180 g\/m\u00b2 Polyester &#8211; Brun &#8211; 2,95 x 2,5 m"}]},{"@type":"WebSite","@id":"https:\/\/truusk.store\/sv\/#website","url":"https:\/\/truusk.store\/sv\/","name":"TRUUSK - Hem, Tr\u00e4dg\u00e5rd & Fritid","description":"","publisher":{"@id":"https:\/\/truusk.store\/sv\/#organization"},"potentialAction":[{"@type":"SearchAction","target":{"@type":"EntryPoint","urlTemplate":"https:\/\/truusk.store\/sv\/?s={search_term_string}"},"query-input":{"@type":"PropertyValueSpecification","valueRequired":true,"valueName":"search_term_string"}}],"inLanguage":"sv-SE"},{"@type":"Organization","@id":"https:\/\/truusk.store\/sv\/#organization","name":"TRUUSK - Hem, Tr\u00e4dg\u00e5rd & Fritid","url":"https:\/\/truusk.store\/sv\/","logo":{"@type":"ImageObject","inLanguage":"sv-SE","@id":"https:\/\/truusk.store\/sv\/#\/schema\/logo\/image\/","url":"https:\/\/i0.wp.com\/truusk.store\/wp-content\/uploads\/2026\/03\/cropped-TRUUSK.png?fit=2032%2C917&ssl=1","contentUrl":"https:\/\/i0.wp.com\/truusk.store\/wp-content\/uploads\/2026\/03\/cropped-TRUUSK.png?fit=2032%2C917&ssl=1","width":2032,"height":917,"caption":"TRUUSK - Hem, Tr\u00e4dg\u00e5rd & Fritid"},"image":{"@id":"https:\/\/truusk.store\/sv\/#\/schema\/logo\/image\/"}}]}},"jetpack_sharing_enabled":true,"_links":{"self":[{"href":"https:\/\/truusk.store\/sv\/wp-json\/wp\/v2\/product\/20555","targetHints":{"allow":["GET"]}}],"collection":[{"href":"https:\/\/truusk.store\/sv\/wp-json\/wp\/v2\/product"}],"about":[{"href":"https:\/\/truusk.store\/sv\/wp-json\/wp\/v2\/types\/product"}],"wp:featuredmedia":[{"embeddable":true,"href":"https:\/\/truusk.store\/sv\/wp-json\/wp\/v2\/media\/20556"}],"wp:attachment":[{"href":"https:\/\/truusk.store\/sv\/wp-json\/wp\/v2\/media?parent=20555"}],"wp:term":[{"taxonomy":"product_brand","embeddable":true,"href":"https:\/\/truusk.store\/sv\/wp-json\/wp\/v2\/product_brand?post=20555"},{"taxonomy":"product_cat","embeddable":true,"href":"https:\/\/truusk.store\/sv\/wp-json\/wp\/v2\/product_cat?post=20555"},{"taxonomy":"product_tag","embeddable":true,"href":"https:\/\/truusk.store\/sv\/wp-json\/wp\/v2\/product_tag?post=20555"}],"curies":[{"name":"wp","href":"https:\/\/api.w.org\/{rel}","templated":true}]}}