{"id":20653,"date":"2024-02-13T15:30:10","date_gmt":"2024-02-13T14:30:10","guid":{"rendered":"https:\/\/truusk.store\/product\/agility-hackset-slalomstavar-hundtraningsset-4-x-hack-plast-vit-99x65x94cm\/"},"modified":"2026-03-12T09:03:19","modified_gmt":"2026-03-12T08:03:19","slug":"truusk-agility-hundtraningsset-slalomstavar-plast-vit-99x65x94cm","status":"publish","type":"product","link":"https:\/\/truusk.store\/sv\/produkt\/truusk-agility-hundtraningsset-slalomstavar-plast-vit-99x65x94cm\/","title":{"rendered":"TRUUSK Agility Hundtr\u00e4ningsset &#8211; Slalomstavar &#8211; Plast &#8211; Vit &#8211; 99x65x94cm"},"content":{"rendered":"<p>Har du en livlig hund som vill utmanas och uppmuntras? D\u00e5 erbjuder detta fantastiska agilityset honom den perfekta variationen. Setet med 4 best\u00e5r av 2 h\u00e4ckstavar, 2 slalomstavar och 4 markstavar: utm\u00e4rkt f\u00f6r att f\u00e5 in dina fyrbenta v\u00e4nner i agilitytr\u00e4ningens v\u00e4rld. P\u00e5 s\u00e5 s\u00e4tt st\u00e4rker du inte bara bandet mellan dig och ditt djur, utan fr\u00e4mjar \u00e4ven din p\u00e4lsiga v\u00e4ns h\u00e4lsa p\u00e5 ett lekfullt s\u00e4tt.<\/p>\n<h3>Beskrivning:<\/h3>\n<ul>\n<li>4 x h\u00e4ckset f\u00f6r att tr\u00e4na din hunds smidighet<\/li>\n<li>Varje set best\u00e5r av 2 h\u00e4ckstavar, 2 slalomstavar och 4 golvstavar<\/li>\n<li>H\u00f6jden p\u00e5 h\u00e4ckst\u00e4ngerna kan justeras med hj\u00e4lp av r\u00f6rkl\u00e4mmor<\/li>\n<li>Frist\u00e5ende och stabil, l\u00e4mplig f\u00f6r inomhus- och utomhusbruk<\/li>\n<li>L\u00e4tt att transportera tack vare sin l\u00e5ga vikt<\/li>\n<li>Inkluderar b\u00e4rv\u00e4ska f\u00f6r enkel f\u00f6rvaring<\/li>\n<li>Enkel konstruktion<\/li>\n<\/ul>\n<h3>Teknisk data:<\/h3>\n<ul>\n<li>Material: plast (PE, ABS)<\/li>\n<li>F\u00e4rg vit<\/li>\n<li>M\u00e5tt per set: L99 x B65 x H94cm<\/li>\n<li>Nettovikt: ca 4,5kg<\/li>\n<\/ul>\n<h3>Leveransens omfattning:<\/h3>\n<ul>\n<li>4 x hundh\u00e4ckset<\/li>\n<li>1 x B\u00e4rv\u00e4ska<\/li>\n<\/ul>\n","protected":false},"excerpt":{"rendered":"<p>Har du en livlig hund som vill utmanas och uppmuntras? D\u00e5 erbjuder detta fantastiska agilityset honom den perfekta variationen. Setet&#8230;<\/p>\n","protected":false},"featured_media":20654,"template":"","meta":[],"product_brand":[],"product_cat":[578,574,573],"product_tag":[],"class_list":{"0":"post-20653","1":"product","2":"type-product","3":"status-publish","4":"has-post-thumbnail","6":"product_cat-agility-set","7":"product_cat-hundtillbehor","8":"product_cat-husdjursmaterial","10":"first","11":"instock","12":"sale","13":"taxable","14":"shipping-taxable","15":"purchasable","16":"product-type-simple"},"yoast_head":"<!-- This site is optimized with the Yoast SEO plugin v25.4 - https:\/\/yoast.com\/wordpress\/plugins\/seo\/ -->\n<title>TRUUSK Agility Hundtr\u00e4ningsset - Slalomstavar - Plast - Vit - 99x65x94cm - TRUUSK - Hem, Tr\u00e4dg\u00e5rd &amp; Fritid<\/title>\n<meta name=\"robots\" content=\"index, follow, max-snippet:-1, max-image-preview:large, max-video-preview:-1\" \/>\n<link rel=\"canonical\" href=\"https:\/\/truusk.store\/sv\/produkt\/truusk-agility-hundtraningsset-slalomstavar-plast-vit-99x65x94cm\/\" \/>\n<meta property=\"og:locale\" content=\"sv_SE\" \/>\n<meta property=\"og:type\" content=\"article\" \/>\n<meta property=\"og:title\" content=\"TRUUSK Agility Hundtr\u00e4ningsset - Slalomstavar - Plast - Vit - 99x65x94cm - TRUUSK - Hem, Tr\u00e4dg\u00e5rd &amp; Fritid\" \/>\n<meta property=\"og:description\" content=\"Har du en livlig hund som vill utmanas och uppmuntras? D\u00e5 erbjuder detta fantastiska agilityset honom den perfekta variationen. Setet...\" \/>\n<meta property=\"og:url\" content=\"https:\/\/truusk.store\/sv\/produkt\/truusk-agility-hundtraningsset-slalomstavar-plast-vit-99x65x94cm\/\" \/>\n<meta property=\"og:site_name\" content=\"TRUUSK - Hem, Tr\u00e4dg\u00e5rd &amp; Fritid\" \/>\n<meta property=\"article:modified_time\" content=\"2026-03-12T08:03:19+00:00\" \/>\n<meta property=\"og:image\" content=\"https:\/\/i0.wp.com\/truusk.se\/wp-content\/uploads\/2024\/02\/agility-hackset-slalomstavar-hundtraningsset-4-x-hack-plast-vit-99x65x94cm.webp?fit=800%2C800&ssl=1\" \/>\n\t<meta property=\"og:image:width\" content=\"800\" \/>\n\t<meta property=\"og:image:height\" content=\"800\" \/>\n\t<meta property=\"og:image:type\" content=\"image\/webp\" \/>\n<meta name=\"twitter:card\" content=\"summary_large_image\" \/>\n<meta name=\"twitter:label1\" content=\"Ber\u00e4knad l\u00e4stid\" \/>\n\t<meta name=\"twitter:data1\" content=\"1 minut\" \/>\n<!-- \/ Yoast SEO plugin. -->","yoast_head_json":{"title":"TRUUSK Agility Hundtr\u00e4ningsset - Slalomstavar - Plast - Vit - 99x65x94cm - TRUUSK - Hem, Tr\u00e4dg\u00e5rd &amp; Fritid","robots":{"index":"index","follow":"follow","max-snippet":"max-snippet:-1","max-image-preview":"max-image-preview:large","max-video-preview":"max-video-preview:-1"},"canonical":"https:\/\/truusk.store\/sv\/produkt\/truusk-agility-hundtraningsset-slalomstavar-plast-vit-99x65x94cm\/","og_locale":"sv_SE","og_type":"article","og_title":"TRUUSK Agility Hundtr\u00e4ningsset - Slalomstavar - Plast - Vit - 99x65x94cm - TRUUSK - Hem, Tr\u00e4dg\u00e5rd &amp; Fritid","og_description":"Har du en livlig hund som vill utmanas och uppmuntras? D\u00e5 erbjuder detta fantastiska agilityset honom den perfekta variationen. Setet...","og_url":"https:\/\/truusk.store\/sv\/produkt\/truusk-agility-hundtraningsset-slalomstavar-plast-vit-99x65x94cm\/","og_site_name":"TRUUSK - Hem, Tr\u00e4dg\u00e5rd &amp; Fritid","article_modified_time":"2026-03-12T08:03:19+00:00","og_image":[{"width":800,"height":800,"url":"https:\/\/i0.wp.com\/truusk.se\/wp-content\/uploads\/2024\/02\/agility-hackset-slalomstavar-hundtraningsset-4-x-hack-plast-vit-99x65x94cm.webp?fit=800%2C800&ssl=1","type":"image\/webp"}],"twitter_card":"summary_large_image","twitter_misc":{"Ber\u00e4knad l\u00e4stid":"1 minut"},"schema":{"@context":"https:\/\/schema.org","@graph":[{"@type":"WebPage","@id":"https:\/\/truusk.store\/sv\/produkt\/truusk-agility-hundtraningsset-slalomstavar-plast-vit-99x65x94cm\/","url":"https:\/\/truusk.store\/sv\/produkt\/truusk-agility-hundtraningsset-slalomstavar-plast-vit-99x65x94cm\/","name":"TRUUSK Agility Hundtr\u00e4ningsset - Slalomstavar - Plast - Vit - 99x65x94cm - TRUUSK - Hem, Tr\u00e4dg\u00e5rd &amp; Fritid","isPartOf":{"@id":"https:\/\/truusk.store\/sv\/#website"},"primaryImageOfPage":{"@id":"https:\/\/truusk.store\/sv\/produkt\/truusk-agility-hundtraningsset-slalomstavar-plast-vit-99x65x94cm\/#primaryimage"},"image":{"@id":"https:\/\/truusk.store\/sv\/produkt\/truusk-agility-hundtraningsset-slalomstavar-plast-vit-99x65x94cm\/#primaryimage"},"thumbnailUrl":"https:\/\/i0.wp.com\/truusk.store\/wp-content\/uploads\/2024\/02\/agility-hackset-slalomstavar-hundtraningsset-4-x-hack-plast-vit-99x65x94cm.webp?fit=800%2C800&ssl=1","datePublished":"2024-02-13T14:30:10+00:00","dateModified":"2026-03-12T08:03:19+00:00","breadcrumb":{"@id":"https:\/\/truusk.store\/sv\/produkt\/truusk-agility-hundtraningsset-slalomstavar-plast-vit-99x65x94cm\/#breadcrumb"},"inLanguage":"sv-SE","potentialAction":[{"@type":"ReadAction","target":["https:\/\/truusk.store\/sv\/produkt\/truusk-agility-hundtraningsset-slalomstavar-plast-vit-99x65x94cm\/"]}]},{"@type":"ImageObject","inLanguage":"sv-SE","@id":"https:\/\/truusk.store\/sv\/produkt\/truusk-agility-hundtraningsset-slalomstavar-plast-vit-99x65x94cm\/#primaryimage","url":"https:\/\/i0.wp.com\/truusk.store\/wp-content\/uploads\/2024\/02\/agility-hackset-slalomstavar-hundtraningsset-4-x-hack-plast-vit-99x65x94cm.webp?fit=800%2C800&ssl=1","contentUrl":"https:\/\/i0.wp.com\/truusk.store\/wp-content\/uploads\/2024\/02\/agility-hackset-slalomstavar-hundtraningsset-4-x-hack-plast-vit-99x65x94cm.webp?fit=800%2C800&ssl=1","width":800,"height":800,"caption":"Agility H\u00e4ckset Slalomstavar Hundtr\u00e4ningsset 4 X H\u00e4ck, Plast, Vit, 99x65x94cm 1"},{"@type":"BreadcrumbList","@id":"https:\/\/truusk.store\/sv\/produkt\/truusk-agility-hundtraningsset-slalomstavar-plast-vit-99x65x94cm\/#breadcrumb","itemListElement":[{"@type":"ListItem","position":1,"name":"Home","item":"https:\/\/truusk.store\/sv\/"},{"@type":"ListItem","position":2,"name":"Shop","item":"https:\/\/truusk.store\/shop\/"},{"@type":"ListItem","position":3,"name":"TRUUSK Agility Hundtr\u00e4ningsset &#8211; Slalomstavar &#8211; Plast &#8211; Vit &#8211; 99x65x94cm"}]},{"@type":"WebSite","@id":"https:\/\/truusk.store\/sv\/#website","url":"https:\/\/truusk.store\/sv\/","name":"TRUUSK - Hem, Tr\u00e4dg\u00e5rd & Fritid","description":"","publisher":{"@id":"https:\/\/truusk.store\/sv\/#organization"},"potentialAction":[{"@type":"SearchAction","target":{"@type":"EntryPoint","urlTemplate":"https:\/\/truusk.store\/sv\/?s={search_term_string}"},"query-input":{"@type":"PropertyValueSpecification","valueRequired":true,"valueName":"search_term_string"}}],"inLanguage":"sv-SE"},{"@type":"Organization","@id":"https:\/\/truusk.store\/sv\/#organization","name":"TRUUSK - Hem, Tr\u00e4dg\u00e5rd & Fritid","url":"https:\/\/truusk.store\/sv\/","logo":{"@type":"ImageObject","inLanguage":"sv-SE","@id":"https:\/\/truusk.store\/sv\/#\/schema\/logo\/image\/","url":"https:\/\/i0.wp.com\/truusk.store\/wp-content\/uploads\/2026\/03\/cropped-TRUUSK.png?fit=2032%2C917&ssl=1","contentUrl":"https:\/\/i0.wp.com\/truusk.store\/wp-content\/uploads\/2026\/03\/cropped-TRUUSK.png?fit=2032%2C917&ssl=1","width":2032,"height":917,"caption":"TRUUSK - Hem, Tr\u00e4dg\u00e5rd & Fritid"},"image":{"@id":"https:\/\/truusk.store\/sv\/#\/schema\/logo\/image\/"}}]}},"jetpack_sharing_enabled":true,"_links":{"self":[{"href":"https:\/\/truusk.store\/sv\/wp-json\/wp\/v2\/product\/20653","targetHints":{"allow":["GET"]}}],"collection":[{"href":"https:\/\/truusk.store\/sv\/wp-json\/wp\/v2\/product"}],"about":[{"href":"https:\/\/truusk.store\/sv\/wp-json\/wp\/v2\/types\/product"}],"wp:featuredmedia":[{"embeddable":true,"href":"https:\/\/truusk.store\/sv\/wp-json\/wp\/v2\/media\/20654"}],"wp:attachment":[{"href":"https:\/\/truusk.store\/sv\/wp-json\/wp\/v2\/media?parent=20653"}],"wp:term":[{"taxonomy":"product_brand","embeddable":true,"href":"https:\/\/truusk.store\/sv\/wp-json\/wp\/v2\/product_brand?post=20653"},{"taxonomy":"product_cat","embeddable":true,"href":"https:\/\/truusk.store\/sv\/wp-json\/wp\/v2\/product_cat?post=20653"},{"taxonomy":"product_tag","embeddable":true,"href":"https:\/\/truusk.store\/sv\/wp-json\/wp\/v2\/product_tag?post=20653"}],"curies":[{"name":"wp","href":"https:\/\/api.w.org\/{rel}","templated":true}]}}