{"id":20700,"date":"2024-02-13T15:31:39","date_gmt":"2024-02-13T14:31:39","guid":{"rendered":"https:\/\/truusk.store\/product\/lekhast-barnridhast-med-hastljud-staende-hastplyschleksak-for-3-ar-barnleksak-metall-brun-vit-85-x-28-x-60-cm\/"},"modified":"2026-03-12T09:03:20","modified_gmt":"2026-03-12T08:03:20","slug":"truusk-lekhast-barnridhast-med-hastljud-staende-hastplyschleksak-for-3-ar-metall-brun-vit-85-x-28-x-60-cm","status":"publish","type":"product","link":"https:\/\/truusk.store\/sv\/produkt\/truusk-lekhast-barnridhast-med-hastljud-staende-hastplyschleksak-for-3-ar-metall-brun-vit-85-x-28-x-60-cm\/","title":{"rendered":"TRUUSK Lekh\u00e4st Barnridh\u00e4st Med H\u00e4stljud &#8211; St\u00e5ende H\u00e4stplyschleksak &#8211; F\u00f6r 3+ \u00e5r &#8211; Metall &#8211; Brun + Vit &#8211; 85 X 28 X 60 Cm"},"content":{"rendered":"<p>Denna mjuka gungh\u00e4st av plysch med brun man och svans f\u00e5r barnhj\u00e4rtan att sl\u00e5 snabbare. Med sadel och stigbyglar kan dina barn \u00e5ka p\u00e5 sina f\u00f6rsta \u00e5k i barnrummet. Fantasin k\u00e4nner inga gr\u00e4nser. Den mjuka sadeln s\u00e4kerst\u00e4ller en bekv\u00e4m och s\u00e4ker passform och din nya v\u00e4n kan gn\u00e4lla med en knapptryckning. Du m\u00e5ste bara gilla den h\u00e4r h\u00e4sten.<\/p>\n<h3>Beskrivning:<\/h3>\n<ul>\n<li>Denna magnifika j\u00e4tteh\u00e4st \u00e4r l\u00e4mplig f\u00f6r barn fr\u00e5n 3 \u00e5r och upp\u00e5t<\/li>\n<li>Tack vare ljudeffekterna som h\u00e4sten spelar (nigande och galopperande) kan ditt barn \u00e5terskapa en Far West-atmosf\u00e4r<\/li>\n<li>Denna leksak \u00e4r fullt utrustad med en mjuk sadel, renar och stigbyglar f\u00f6r ditt barns komfort<\/li>\n<li>Plyschmaterialet \u00e4r h\u00f6gkvalitativt 310-330g\/m mjukt och l\u00e4tt<\/li>\n<li>Vadderad med ram av bomull och j\u00e4rn f\u00f6r maximal stabilitet och styrka<\/li>\n<li>Tv\u00e5 AA-batterier ing\u00e5r<\/li>\n<\/ul>\n<h3>Teknisk data:<\/h3>\n<ul>\n<li>F\u00e4rg: Brun+Vit<\/li>\n<li>Huvudmaterial: plysch, metall<\/li>\n<li>Totala m\u00e5tt: 85L x 28W x 60H cm<\/li>\n<li>Sitth\u00f6jd: 48 cm<\/li>\n<li>Batterier: AA x 2 ing\u00e5r<\/li>\n<li>L\u00e4mplig f\u00f6r barn fr\u00e5n 3 \u00e5r och \u00e4ldre<\/li>\n<li>Max rekommenderad belastning: 60 kg<\/li>\n<\/ul>\n<h3>Leveransens omfattning:<\/h3>\n<ul>\n<li>1 x gungh\u00e4st Observera: Anv\u00e4nd under direkt uppsikt av en vuxen.<\/li>\n<li>Ej l\u00e4mplig f\u00f6r barn under tre \u00e5r. Risk f\u00f6r kv\u00e4vning p\u00e5 grund av sm\u00e5 delar som kan sv\u00e4ljas.<\/li>\n<\/ul>\n","protected":false},"excerpt":{"rendered":"<p>Denna mjuka gungh\u00e4st av plysch med brun man och svans f\u00e5r barnhj\u00e4rtan att sl\u00e5 snabbare. Med sadel och stigbyglar kan&#8230;<\/p>\n","protected":false},"featured_media":20701,"template":"","meta":[],"product_brand":[],"product_cat":[609,625,624],"product_tag":[],"class_list":{"0":"post-20700","1":"product","2":"type-product","3":"status-publish","4":"has-post-thumbnail","6":"product_cat-baby-barn","7":"product_cat-gungande-djur","8":"product_cat-leksak","10":"first","11":"instock","12":"sale","13":"taxable","14":"shipping-taxable","15":"purchasable","16":"product-type-simple"},"yoast_head":"<!-- This site is optimized with the Yoast SEO plugin v25.4 - https:\/\/yoast.com\/wordpress\/plugins\/seo\/ -->\n<title>TRUUSK Lekh\u00e4st Barnridh\u00e4st Med H\u00e4stljud - St\u00e5ende H\u00e4stplyschleksak - F\u00f6r 3+ \u00e5r - Metall - Brun + Vit - 85 X 28 X 60 Cm - TRUUSK - Hem, Tr\u00e4dg\u00e5rd &amp; Fritid<\/title>\n<meta name=\"robots\" content=\"index, follow, max-snippet:-1, max-image-preview:large, max-video-preview:-1\" \/>\n<link rel=\"canonical\" href=\"https:\/\/truusk.store\/sv\/produkt\/truusk-lekhast-barnridhast-med-hastljud-staende-hastplyschleksak-for-3-ar-metall-brun-vit-85-x-28-x-60-cm\/\" \/>\n<meta property=\"og:locale\" content=\"sv_SE\" \/>\n<meta property=\"og:type\" content=\"article\" \/>\n<meta property=\"og:title\" content=\"TRUUSK Lekh\u00e4st Barnridh\u00e4st Med H\u00e4stljud - St\u00e5ende H\u00e4stplyschleksak - F\u00f6r 3+ \u00e5r - Metall - Brun + Vit - 85 X 28 X 60 Cm - TRUUSK - Hem, Tr\u00e4dg\u00e5rd &amp; Fritid\" \/>\n<meta property=\"og:description\" content=\"Denna mjuka gungh\u00e4st av plysch med brun man och svans f\u00e5r barnhj\u00e4rtan att sl\u00e5 snabbare. Med sadel och stigbyglar kan...\" \/>\n<meta property=\"og:url\" content=\"https:\/\/truusk.store\/sv\/produkt\/truusk-lekhast-barnridhast-med-hastljud-staende-hastplyschleksak-for-3-ar-metall-brun-vit-85-x-28-x-60-cm\/\" \/>\n<meta property=\"og:site_name\" content=\"TRUUSK - Hem, Tr\u00e4dg\u00e5rd &amp; Fritid\" \/>\n<meta property=\"article:modified_time\" content=\"2026-03-12T08:03:20+00:00\" \/>\n<meta property=\"og:image\" content=\"https:\/\/i0.wp.com\/truusk.se\/wp-content\/uploads\/2024\/02\/lekhast-barnridhast-med-hastljud-staende-hastplyschleksak-for-3-ar-barnleksak-metall-brun-vit-85-x-28-x-60-cm.webp?fit=800%2C800&ssl=1\" \/>\n\t<meta property=\"og:image:width\" content=\"800\" \/>\n\t<meta property=\"og:image:height\" content=\"800\" \/>\n\t<meta property=\"og:image:type\" content=\"image\/webp\" \/>\n<meta name=\"twitter:card\" content=\"summary_large_image\" \/>\n<meta name=\"twitter:label1\" content=\"Ber\u00e4knad l\u00e4stid\" \/>\n\t<meta name=\"twitter:data1\" content=\"1 minut\" \/>\n<!-- \/ Yoast SEO plugin. -->","yoast_head_json":{"title":"TRUUSK Lekh\u00e4st Barnridh\u00e4st Med H\u00e4stljud - St\u00e5ende H\u00e4stplyschleksak - F\u00f6r 3+ \u00e5r - Metall - Brun + Vit - 85 X 28 X 60 Cm - TRUUSK - Hem, Tr\u00e4dg\u00e5rd &amp; Fritid","robots":{"index":"index","follow":"follow","max-snippet":"max-snippet:-1","max-image-preview":"max-image-preview:large","max-video-preview":"max-video-preview:-1"},"canonical":"https:\/\/truusk.store\/sv\/produkt\/truusk-lekhast-barnridhast-med-hastljud-staende-hastplyschleksak-for-3-ar-metall-brun-vit-85-x-28-x-60-cm\/","og_locale":"sv_SE","og_type":"article","og_title":"TRUUSK Lekh\u00e4st Barnridh\u00e4st Med H\u00e4stljud - St\u00e5ende H\u00e4stplyschleksak - F\u00f6r 3+ \u00e5r - Metall - Brun + Vit - 85 X 28 X 60 Cm - TRUUSK - Hem, Tr\u00e4dg\u00e5rd &amp; Fritid","og_description":"Denna mjuka gungh\u00e4st av plysch med brun man och svans f\u00e5r barnhj\u00e4rtan att sl\u00e5 snabbare. Med sadel och stigbyglar kan...","og_url":"https:\/\/truusk.store\/sv\/produkt\/truusk-lekhast-barnridhast-med-hastljud-staende-hastplyschleksak-for-3-ar-metall-brun-vit-85-x-28-x-60-cm\/","og_site_name":"TRUUSK - Hem, Tr\u00e4dg\u00e5rd &amp; Fritid","article_modified_time":"2026-03-12T08:03:20+00:00","og_image":[{"width":800,"height":800,"url":"https:\/\/i0.wp.com\/truusk.se\/wp-content\/uploads\/2024\/02\/lekhast-barnridhast-med-hastljud-staende-hastplyschleksak-for-3-ar-barnleksak-metall-brun-vit-85-x-28-x-60-cm.webp?fit=800%2C800&ssl=1","type":"image\/webp"}],"twitter_card":"summary_large_image","twitter_misc":{"Ber\u00e4knad l\u00e4stid":"1 minut"},"schema":{"@context":"https:\/\/schema.org","@graph":[{"@type":"WebPage","@id":"https:\/\/truusk.store\/sv\/produkt\/truusk-lekhast-barnridhast-med-hastljud-staende-hastplyschleksak-for-3-ar-metall-brun-vit-85-x-28-x-60-cm\/","url":"https:\/\/truusk.store\/sv\/produkt\/truusk-lekhast-barnridhast-med-hastljud-staende-hastplyschleksak-for-3-ar-metall-brun-vit-85-x-28-x-60-cm\/","name":"TRUUSK Lekh\u00e4st Barnridh\u00e4st Med H\u00e4stljud - St\u00e5ende H\u00e4stplyschleksak - F\u00f6r 3+ \u00e5r - Metall - Brun + Vit - 85 X 28 X 60 Cm - TRUUSK - Hem, Tr\u00e4dg\u00e5rd &amp; Fritid","isPartOf":{"@id":"https:\/\/truusk.store\/sv\/#website"},"primaryImageOfPage":{"@id":"https:\/\/truusk.store\/sv\/produkt\/truusk-lekhast-barnridhast-med-hastljud-staende-hastplyschleksak-for-3-ar-metall-brun-vit-85-x-28-x-60-cm\/#primaryimage"},"image":{"@id":"https:\/\/truusk.store\/sv\/produkt\/truusk-lekhast-barnridhast-med-hastljud-staende-hastplyschleksak-for-3-ar-metall-brun-vit-85-x-28-x-60-cm\/#primaryimage"},"thumbnailUrl":"https:\/\/i0.wp.com\/truusk.store\/wp-content\/uploads\/2024\/02\/lekhast-barnridhast-med-hastljud-staende-hastplyschleksak-for-3-ar-barnleksak-metall-brun-vit-85-x-28-x-60-cm.webp?fit=800%2C800&ssl=1","datePublished":"2024-02-13T14:31:39+00:00","dateModified":"2026-03-12T08:03:20+00:00","breadcrumb":{"@id":"https:\/\/truusk.store\/sv\/produkt\/truusk-lekhast-barnridhast-med-hastljud-staende-hastplyschleksak-for-3-ar-metall-brun-vit-85-x-28-x-60-cm\/#breadcrumb"},"inLanguage":"sv-SE","potentialAction":[{"@type":"ReadAction","target":["https:\/\/truusk.store\/sv\/produkt\/truusk-lekhast-barnridhast-med-hastljud-staende-hastplyschleksak-for-3-ar-metall-brun-vit-85-x-28-x-60-cm\/"]}]},{"@type":"ImageObject","inLanguage":"sv-SE","@id":"https:\/\/truusk.store\/sv\/produkt\/truusk-lekhast-barnridhast-med-hastljud-staende-hastplyschleksak-for-3-ar-metall-brun-vit-85-x-28-x-60-cm\/#primaryimage","url":"https:\/\/i0.wp.com\/truusk.store\/wp-content\/uploads\/2024\/02\/lekhast-barnridhast-med-hastljud-staende-hastplyschleksak-for-3-ar-barnleksak-metall-brun-vit-85-x-28-x-60-cm.webp?fit=800%2C800&ssl=1","contentUrl":"https:\/\/i0.wp.com\/truusk.store\/wp-content\/uploads\/2024\/02\/lekhast-barnridhast-med-hastljud-staende-hastplyschleksak-for-3-ar-barnleksak-metall-brun-vit-85-x-28-x-60-cm.webp?fit=800%2C800&ssl=1","width":800,"height":800,"caption":"Lekh\u00e4st Barnridh\u00e4st Med H\u00e4stljud St\u00e5ende H\u00e4stplyschleksak F\u00f6r 3+ \u00e5r Barnleksak Metall Brun + Vit 85 X 28 X 60 Cm 1"},{"@type":"BreadcrumbList","@id":"https:\/\/truusk.store\/sv\/produkt\/truusk-lekhast-barnridhast-med-hastljud-staende-hastplyschleksak-for-3-ar-metall-brun-vit-85-x-28-x-60-cm\/#breadcrumb","itemListElement":[{"@type":"ListItem","position":1,"name":"Home","item":"https:\/\/truusk.store\/sv\/"},{"@type":"ListItem","position":2,"name":"Shop","item":"https:\/\/truusk.store\/shop\/"},{"@type":"ListItem","position":3,"name":"TRUUSK Lekh\u00e4st Barnridh\u00e4st Med H\u00e4stljud &#8211; St\u00e5ende H\u00e4stplyschleksak &#8211; F\u00f6r 3+ \u00e5r &#8211; Metall &#8211; Brun + Vit &#8211; 85 X 28 X 60 Cm"}]},{"@type":"WebSite","@id":"https:\/\/truusk.store\/sv\/#website","url":"https:\/\/truusk.store\/sv\/","name":"TRUUSK - Hem, Tr\u00e4dg\u00e5rd & Fritid","description":"","publisher":{"@id":"https:\/\/truusk.store\/sv\/#organization"},"potentialAction":[{"@type":"SearchAction","target":{"@type":"EntryPoint","urlTemplate":"https:\/\/truusk.store\/sv\/?s={search_term_string}"},"query-input":{"@type":"PropertyValueSpecification","valueRequired":true,"valueName":"search_term_string"}}],"inLanguage":"sv-SE"},{"@type":"Organization","@id":"https:\/\/truusk.store\/sv\/#organization","name":"TRUUSK - Hem, Tr\u00e4dg\u00e5rd & Fritid","url":"https:\/\/truusk.store\/sv\/","logo":{"@type":"ImageObject","inLanguage":"sv-SE","@id":"https:\/\/truusk.store\/sv\/#\/schema\/logo\/image\/","url":"https:\/\/i0.wp.com\/truusk.store\/wp-content\/uploads\/2026\/03\/cropped-TRUUSK.png?fit=2032%2C917&ssl=1","contentUrl":"https:\/\/i0.wp.com\/truusk.store\/wp-content\/uploads\/2026\/03\/cropped-TRUUSK.png?fit=2032%2C917&ssl=1","width":2032,"height":917,"caption":"TRUUSK - Hem, Tr\u00e4dg\u00e5rd & Fritid"},"image":{"@id":"https:\/\/truusk.store\/sv\/#\/schema\/logo\/image\/"}}]}},"jetpack_sharing_enabled":true,"_links":{"self":[{"href":"https:\/\/truusk.store\/sv\/wp-json\/wp\/v2\/product\/20700","targetHints":{"allow":["GET"]}}],"collection":[{"href":"https:\/\/truusk.store\/sv\/wp-json\/wp\/v2\/product"}],"about":[{"href":"https:\/\/truusk.store\/sv\/wp-json\/wp\/v2\/types\/product"}],"wp:featuredmedia":[{"embeddable":true,"href":"https:\/\/truusk.store\/sv\/wp-json\/wp\/v2\/media\/20701"}],"wp:attachment":[{"href":"https:\/\/truusk.store\/sv\/wp-json\/wp\/v2\/media?parent=20700"}],"wp:term":[{"taxonomy":"product_brand","embeddable":true,"href":"https:\/\/truusk.store\/sv\/wp-json\/wp\/v2\/product_brand?post=20700"},{"taxonomy":"product_cat","embeddable":true,"href":"https:\/\/truusk.store\/sv\/wp-json\/wp\/v2\/product_cat?post=20700"},{"taxonomy":"product_tag","embeddable":true,"href":"https:\/\/truusk.store\/sv\/wp-json\/wp\/v2\/product_tag?post=20700"}],"curies":[{"name":"wp","href":"https:\/\/api.w.org\/{rel}","templated":true}]}}