{"id":20769,"date":"2024-02-13T15:33:38","date_gmt":"2024-02-13T14:33:38","guid":{"rendered":"https:\/\/truusk.store\/product\/upphojd-badd-av-tra-ortbadd-vaxtlada-med-draneringshal-krok-blomlada-med-fen-massivt-tra-natur-120-x-60-x-81-cm\/"},"modified":"2026-03-12T09:03:21","modified_gmt":"2026-03-12T08:03:21","slug":"truusk-upphojd-trabadd-for-orter-med-draneringshal-och-krok-solid-trakonstruktion-naturlig-finish-120-x-60-x-81-cm","status":"publish","type":"product","link":"https:\/\/truusk.store\/sv\/produkt\/truusk-upphojd-trabadd-for-orter-med-draneringshal-och-krok-solid-trakonstruktion-naturlig-finish-120-x-60-x-81-cm\/","title":{"rendered":"TRUUSK Upph\u00f6jd Tr\u00e4b\u00e4dd f\u00f6r \u00d6rter &#8211; Med Dr\u00e4neringsh\u00e5l och Krok &#8211; Solid Tr\u00e4konstruktion &#8211; Naturlig Finish &#8211; 120 x 60 x 81 cm"},"content":{"rendered":"<p>Denna balkongh\u00f6jb\u00e4dd f\u00f6r gr\u00f6nsaker har ett enkelt utseende och passar f\u00f6r n\u00e4stan alla planteringar! V\u00e5r gr\u00f6nsaksb\u00e4dd \u00e4r gjord av massivt grantr\u00e4, stark och h\u00e5llbar och m\u00e5lad med vattenbaserad f\u00e4rg f\u00f6r att st\u00e5 emot v\u00e4der och vind. Med sin unika trattformade design och non-woven \u00e4r bloml\u00e5dan ett idealiskt hus f\u00f6r dina v\u00e4xter, blommor och gr\u00f6nsaker, som helt kan absorbera solljus och vatten.<\/p>\n<h3>Beskrivning:<\/h3>\n<ul>\n<li>Den upph\u00f6jda b\u00e4dden ger gott om plats f\u00f6r dina v\u00e4xter<\/li>\n<li>Tillverkad av massivt grantr\u00e4 f\u00f6r h\u00e5llbarhet och stabilitet<\/li>\n<li>4 krokar p\u00e5 ena sidan ger plats f\u00f6r upph\u00e4ngning av verktyg<\/li>\n<li>Upph\u00f6jda ben p\u00e5 planteringsbordet f\u00f6r enkel plantering<\/li>\n<li>Fibertyg i planteringsl\u00e5dan f\u00f6r att f\u00f6rhindra jorderosion<\/li>\n<li>Ett h\u00e5l i botten av krukan f\u00f6r att dr\u00e4nera \u00f6verfl\u00f6digt vatten<\/li>\n<li>Montering kr\u00e4vs<\/li>\n<\/ul>\n<h3>Teknisk data:<\/h3>\n<ul>\n<li>F\u00e4rg: naturligt tr\u00e4<\/li>\n<li>Material: gran, metall<\/li>\n<li>Totala m\u00e5tt: 120L x 60W x 81H cm<\/li>\n<li>Trattformad planteringsyta: 114L x 53W cm<\/li>\n<li>Storlek p\u00e5 de 2 kortsidiga vertikala panelerna: 56L x 43W x 1,5D cm<\/li>\n<li>Storlek p\u00e5 de 2 l\u00e5nga vertikala panelerna: 114L x 25W x 1,5D cm<\/li>\n<li>Bottenplattans storlek: 114L x 19W x 1,5D cm<\/li>\n<li>Storlek p\u00e5 de 2 nedre sidopanelerna: 114L x 24W x 1,5D cm<\/li>\n<li>Storlek p\u00e5 tr\u00e4f\u00f6tterna: 7L x 7W x 78H cm<\/li>\n<li>Lastkapacitet: 300 kg<\/li>\n<\/ul>\n<h3>Leveransens omfattning:<\/h3>\n<ul>\n<li>1 x h\u00f6gs\u00e4ng i tr\u00e4<\/li>\n<li>1 x Instruktioner<\/li>\n<\/ul>\n","protected":false},"excerpt":{"rendered":"<p>Denna balkongh\u00f6jb\u00e4dd f\u00f6r gr\u00f6nsaker har ett enkelt utseende och passar f\u00f6r n\u00e4stan alla planteringar! V\u00e5r gr\u00f6nsaksb\u00e4dd \u00e4r gjord av massivt&#8230;<\/p>\n","protected":false},"featured_media":20770,"template":"","meta":[],"product_brand":[],"product_cat":[447,435,443],"product_tag":[],"class_list":{"0":"post-20769","1":"product","2":"type-product","3":"status-publish","4":"has-post-thumbnail","6":"product_cat-planteringsmaskiner","7":"product_cat-tradgard-och-terrass","8":"product_cat-vaxthus-tradgardsskotsel","10":"first","11":"instock","12":"sale","13":"taxable","14":"shipping-taxable","15":"purchasable","16":"product-type-simple"},"yoast_head":"<!-- This site is optimized with the Yoast SEO plugin v25.4 - https:\/\/yoast.com\/wordpress\/plugins\/seo\/ -->\n<title>TRUUSK Upph\u00f6jd Tr\u00e4b\u00e4dd f\u00f6r \u00d6rter - Med Dr\u00e4neringsh\u00e5l och Krok - Solid Tr\u00e4konstruktion - Naturlig Finish - 120 x 60 x 81 cm - TRUUSK - Hem, Tr\u00e4dg\u00e5rd &amp; Fritid<\/title>\n<meta name=\"robots\" content=\"index, follow, max-snippet:-1, max-image-preview:large, max-video-preview:-1\" \/>\n<link rel=\"canonical\" href=\"https:\/\/truusk.store\/sv\/produkt\/truusk-upphojd-trabadd-for-orter-med-draneringshal-och-krok-solid-trakonstruktion-naturlig-finish-120-x-60-x-81-cm\/\" \/>\n<meta property=\"og:locale\" content=\"sv_SE\" \/>\n<meta property=\"og:type\" content=\"article\" \/>\n<meta property=\"og:title\" content=\"TRUUSK Upph\u00f6jd Tr\u00e4b\u00e4dd f\u00f6r \u00d6rter - Med Dr\u00e4neringsh\u00e5l och Krok - Solid Tr\u00e4konstruktion - Naturlig Finish - 120 x 60 x 81 cm - TRUUSK - Hem, Tr\u00e4dg\u00e5rd &amp; Fritid\" \/>\n<meta property=\"og:description\" content=\"Denna balkongh\u00f6jb\u00e4dd f\u00f6r gr\u00f6nsaker har ett enkelt utseende och passar f\u00f6r n\u00e4stan alla planteringar! V\u00e5r gr\u00f6nsaksb\u00e4dd \u00e4r gjord av massivt...\" \/>\n<meta property=\"og:url\" content=\"https:\/\/truusk.store\/sv\/produkt\/truusk-upphojd-trabadd-for-orter-med-draneringshal-och-krok-solid-trakonstruktion-naturlig-finish-120-x-60-x-81-cm\/\" \/>\n<meta property=\"og:site_name\" content=\"TRUUSK - Hem, Tr\u00e4dg\u00e5rd &amp; Fritid\" \/>\n<meta property=\"article:modified_time\" content=\"2026-03-12T08:03:21+00:00\" \/>\n<meta property=\"og:image\" content=\"https:\/\/i0.wp.com\/truusk.se\/wp-content\/uploads\/2024\/02\/upphojd-badd-av-tra-ortbadd-vaxtlada-med-draneringshal-krok-blomlada-med-fen-massivt-tra-natur-120-x-60-x-81-cm.webp?fit=800%2C800&ssl=1\" \/>\n\t<meta property=\"og:image:width\" content=\"800\" \/>\n\t<meta property=\"og:image:height\" content=\"800\" \/>\n\t<meta property=\"og:image:type\" content=\"image\/webp\" \/>\n<meta name=\"twitter:card\" content=\"summary_large_image\" \/>\n<meta name=\"twitter:label1\" content=\"Ber\u00e4knad l\u00e4stid\" \/>\n\t<meta name=\"twitter:data1\" content=\"1 minut\" \/>\n<!-- \/ Yoast SEO plugin. -->","yoast_head_json":{"title":"TRUUSK Upph\u00f6jd Tr\u00e4b\u00e4dd f\u00f6r \u00d6rter - Med Dr\u00e4neringsh\u00e5l och Krok - Solid Tr\u00e4konstruktion - Naturlig Finish - 120 x 60 x 81 cm - TRUUSK - Hem, Tr\u00e4dg\u00e5rd &amp; Fritid","robots":{"index":"index","follow":"follow","max-snippet":"max-snippet:-1","max-image-preview":"max-image-preview:large","max-video-preview":"max-video-preview:-1"},"canonical":"https:\/\/truusk.store\/sv\/produkt\/truusk-upphojd-trabadd-for-orter-med-draneringshal-och-krok-solid-trakonstruktion-naturlig-finish-120-x-60-x-81-cm\/","og_locale":"sv_SE","og_type":"article","og_title":"TRUUSK Upph\u00f6jd Tr\u00e4b\u00e4dd f\u00f6r \u00d6rter - Med Dr\u00e4neringsh\u00e5l och Krok - Solid Tr\u00e4konstruktion - Naturlig Finish - 120 x 60 x 81 cm - TRUUSK - Hem, Tr\u00e4dg\u00e5rd &amp; Fritid","og_description":"Denna balkongh\u00f6jb\u00e4dd f\u00f6r gr\u00f6nsaker har ett enkelt utseende och passar f\u00f6r n\u00e4stan alla planteringar! V\u00e5r gr\u00f6nsaksb\u00e4dd \u00e4r gjord av massivt...","og_url":"https:\/\/truusk.store\/sv\/produkt\/truusk-upphojd-trabadd-for-orter-med-draneringshal-och-krok-solid-trakonstruktion-naturlig-finish-120-x-60-x-81-cm\/","og_site_name":"TRUUSK - Hem, Tr\u00e4dg\u00e5rd &amp; Fritid","article_modified_time":"2026-03-12T08:03:21+00:00","og_image":[{"width":800,"height":800,"url":"https:\/\/i0.wp.com\/truusk.se\/wp-content\/uploads\/2024\/02\/upphojd-badd-av-tra-ortbadd-vaxtlada-med-draneringshal-krok-blomlada-med-fen-massivt-tra-natur-120-x-60-x-81-cm.webp?fit=800%2C800&ssl=1","type":"image\/webp"}],"twitter_card":"summary_large_image","twitter_misc":{"Ber\u00e4knad l\u00e4stid":"1 minut"},"schema":{"@context":"https:\/\/schema.org","@graph":[{"@type":"WebPage","@id":"https:\/\/truusk.store\/sv\/produkt\/truusk-upphojd-trabadd-for-orter-med-draneringshal-och-krok-solid-trakonstruktion-naturlig-finish-120-x-60-x-81-cm\/","url":"https:\/\/truusk.store\/sv\/produkt\/truusk-upphojd-trabadd-for-orter-med-draneringshal-och-krok-solid-trakonstruktion-naturlig-finish-120-x-60-x-81-cm\/","name":"TRUUSK Upph\u00f6jd Tr\u00e4b\u00e4dd f\u00f6r \u00d6rter - Med Dr\u00e4neringsh\u00e5l och Krok - Solid Tr\u00e4konstruktion - Naturlig Finish - 120 x 60 x 81 cm - TRUUSK - Hem, Tr\u00e4dg\u00e5rd &amp; Fritid","isPartOf":{"@id":"https:\/\/truusk.store\/sv\/#website"},"primaryImageOfPage":{"@id":"https:\/\/truusk.store\/sv\/produkt\/truusk-upphojd-trabadd-for-orter-med-draneringshal-och-krok-solid-trakonstruktion-naturlig-finish-120-x-60-x-81-cm\/#primaryimage"},"image":{"@id":"https:\/\/truusk.store\/sv\/produkt\/truusk-upphojd-trabadd-for-orter-med-draneringshal-och-krok-solid-trakonstruktion-naturlig-finish-120-x-60-x-81-cm\/#primaryimage"},"thumbnailUrl":"https:\/\/i0.wp.com\/truusk.store\/wp-content\/uploads\/2024\/02\/upphojd-badd-av-tra-ortbadd-vaxtlada-med-draneringshal-krok-blomlada-med-fen-massivt-tra-natur-120-x-60-x-81-cm.webp?fit=800%2C800&ssl=1","datePublished":"2024-02-13T14:33:38+00:00","dateModified":"2026-03-12T08:03:21+00:00","breadcrumb":{"@id":"https:\/\/truusk.store\/sv\/produkt\/truusk-upphojd-trabadd-for-orter-med-draneringshal-och-krok-solid-trakonstruktion-naturlig-finish-120-x-60-x-81-cm\/#breadcrumb"},"inLanguage":"sv-SE","potentialAction":[{"@type":"ReadAction","target":["https:\/\/truusk.store\/sv\/produkt\/truusk-upphojd-trabadd-for-orter-med-draneringshal-och-krok-solid-trakonstruktion-naturlig-finish-120-x-60-x-81-cm\/"]}]},{"@type":"ImageObject","inLanguage":"sv-SE","@id":"https:\/\/truusk.store\/sv\/produkt\/truusk-upphojd-trabadd-for-orter-med-draneringshal-och-krok-solid-trakonstruktion-naturlig-finish-120-x-60-x-81-cm\/#primaryimage","url":"https:\/\/i0.wp.com\/truusk.store\/wp-content\/uploads\/2024\/02\/upphojd-badd-av-tra-ortbadd-vaxtlada-med-draneringshal-krok-blomlada-med-fen-massivt-tra-natur-120-x-60-x-81-cm.webp?fit=800%2C800&ssl=1","contentUrl":"https:\/\/i0.wp.com\/truusk.store\/wp-content\/uploads\/2024\/02\/upphojd-badd-av-tra-ortbadd-vaxtlada-med-draneringshal-krok-blomlada-med-fen-massivt-tra-natur-120-x-60-x-81-cm.webp?fit=800%2C800&ssl=1","width":800,"height":800,"caption":"Upph\u00f6jd B\u00e4dd Av Tr\u00e4, \u00f6rtb\u00e4dd, V\u00e4xtl\u00e5da Med Dr\u00e4neringsh\u00e5l, Krok, Bloml\u00e5da Med Fen, Massivt Tr\u00e4, Natur, 120 X 60 X 81 Cm 1"},{"@type":"BreadcrumbList","@id":"https:\/\/truusk.store\/sv\/produkt\/truusk-upphojd-trabadd-for-orter-med-draneringshal-och-krok-solid-trakonstruktion-naturlig-finish-120-x-60-x-81-cm\/#breadcrumb","itemListElement":[{"@type":"ListItem","position":1,"name":"Home","item":"https:\/\/truusk.store\/sv\/"},{"@type":"ListItem","position":2,"name":"Shop","item":"https:\/\/truusk.store\/shop\/"},{"@type":"ListItem","position":3,"name":"TRUUSK Upph\u00f6jd Tr\u00e4b\u00e4dd f\u00f6r \u00d6rter &#8211; Med Dr\u00e4neringsh\u00e5l och Krok &#8211; Solid Tr\u00e4konstruktion &#8211; Naturlig Finish &#8211; 120 x 60 x 81 cm"}]},{"@type":"WebSite","@id":"https:\/\/truusk.store\/sv\/#website","url":"https:\/\/truusk.store\/sv\/","name":"TRUUSK - Hem, Tr\u00e4dg\u00e5rd & Fritid","description":"","publisher":{"@id":"https:\/\/truusk.store\/sv\/#organization"},"potentialAction":[{"@type":"SearchAction","target":{"@type":"EntryPoint","urlTemplate":"https:\/\/truusk.store\/sv\/?s={search_term_string}"},"query-input":{"@type":"PropertyValueSpecification","valueRequired":true,"valueName":"search_term_string"}}],"inLanguage":"sv-SE"},{"@type":"Organization","@id":"https:\/\/truusk.store\/sv\/#organization","name":"TRUUSK - Hem, Tr\u00e4dg\u00e5rd & Fritid","url":"https:\/\/truusk.store\/sv\/","logo":{"@type":"ImageObject","inLanguage":"sv-SE","@id":"https:\/\/truusk.store\/sv\/#\/schema\/logo\/image\/","url":"https:\/\/i0.wp.com\/truusk.store\/wp-content\/uploads\/2026\/03\/cropped-TRUUSK.png?fit=2032%2C917&ssl=1","contentUrl":"https:\/\/i0.wp.com\/truusk.store\/wp-content\/uploads\/2026\/03\/cropped-TRUUSK.png?fit=2032%2C917&ssl=1","width":2032,"height":917,"caption":"TRUUSK - Hem, Tr\u00e4dg\u00e5rd & Fritid"},"image":{"@id":"https:\/\/truusk.store\/sv\/#\/schema\/logo\/image\/"}}]}},"jetpack_sharing_enabled":true,"_links":{"self":[{"href":"https:\/\/truusk.store\/sv\/wp-json\/wp\/v2\/product\/20769","targetHints":{"allow":["GET"]}}],"collection":[{"href":"https:\/\/truusk.store\/sv\/wp-json\/wp\/v2\/product"}],"about":[{"href":"https:\/\/truusk.store\/sv\/wp-json\/wp\/v2\/types\/product"}],"wp:featuredmedia":[{"embeddable":true,"href":"https:\/\/truusk.store\/sv\/wp-json\/wp\/v2\/media\/20770"}],"wp:attachment":[{"href":"https:\/\/truusk.store\/sv\/wp-json\/wp\/v2\/media?parent=20769"}],"wp:term":[{"taxonomy":"product_brand","embeddable":true,"href":"https:\/\/truusk.store\/sv\/wp-json\/wp\/v2\/product_brand?post=20769"},{"taxonomy":"product_cat","embeddable":true,"href":"https:\/\/truusk.store\/sv\/wp-json\/wp\/v2\/product_cat?post=20769"},{"taxonomy":"product_tag","embeddable":true,"href":"https:\/\/truusk.store\/sv\/wp-json\/wp\/v2\/product_tag?post=20769"}],"curies":[{"name":"wp","href":"https:\/\/api.w.org\/{rel}","templated":true}]}}