{"id":20790,"date":"2024-02-13T15:34:17","date_gmt":"2024-02-13T14:34:17","guid":{"rendered":"https:\/\/truusk.store\/product\/sparrgrind-for-hundar-skyddsgrind-hundgrind-med-stod-trappgrind-hundsparr-dorrskydd-for-oppen-spis-och-ugn-furu-brun-185-x-36-x-71-cm\/"},"modified":"2026-03-12T09:03:22","modified_gmt":"2026-03-12T08:03:22","slug":"truusk-sparrgrind-for-hundar-skyddsgrind-med-stod-trappgrind-dorrskydd-furu-brun-185-x-36-x-71-cm","status":"publish","type":"product","link":"https:\/\/truusk.store\/sv\/produkt\/truusk-sparrgrind-for-hundar-skyddsgrind-med-stod-trappgrind-dorrskydd-furu-brun-185-x-36-x-71-cm\/","title":{"rendered":"TRUUSK Sp\u00e4rrgrind f\u00f6r Hundar &#8211; Skyddsgrind med St\u00f6d &#8211; Trappgrind &#8211; D\u00f6rrskydd &#8211; Furu &#8211; Brun &#8211; 185 x 36 x 71 cm"},"content":{"rendered":"<p>Barri\u00e4ren kan s\u00e4kert och effektivt begr\u00e4nsa ditt husdjurs tr\u00e4ningsomr\u00e5de. De tre ramgallerna i massivt tr\u00e4 som \u00e4r f\u00f6rbundna med g\u00e5ngj\u00e4rn kan roteras i olika vinklar. De \u00e4r l\u00e4mpliga f\u00f6r placering i tr\u00e5nga korridorer, trapphus eller rymliga ytor. N\u00e4r de inte anv\u00e4nds kan de enkelt f\u00e4llas ihop och tar liten plats.<\/p>\n<h3>Beskrivning:<\/h3>\n<ul>\n<li>Djurporten h\u00e5ller ditt husdjur borta fr\u00e5n fara eller vissa omr\u00e5den<\/li>\n<li>Den massiva furustommen \u00e4r robust och h\u00e5llbar<\/li>\n<li>Best\u00e5r av 3 paneler f\u00f6rbundna med kraftiga g\u00e5ngj\u00e4rn<\/li>\n<li>Kan placeras p\u00e5 olika s\u00e4tt, l\u00e4mpar sig f\u00f6r en m\u00e4ngd olika situationer<\/li>\n<li>Kan enkelt vikas ihop och tar liten plats<\/li>\n<\/ul>\n<h3>Teknisk data:<\/h3>\n<ul>\n<li>F\u00e4rg brun<\/li>\n<li>Material: Furu<\/li>\n<li>Totaldimension: 185L x 36W x71H cm<\/li>\n<li>Storlek p\u00e5 de enskilda panelerna: 60L x 2W x 71H cm<\/li>\n<li>St\u00f6dfotens storlek: 36L x 2,5W x 9H cm<\/li>\n<\/ul>\n<h3>Leveransens omfattning:<\/h3>\n<ul>\n<li>1 x barri\u00e4rgrind;<\/li>\n<\/ul>\n","protected":false},"excerpt":{"rendered":"<p>Barri\u00e4ren kan s\u00e4kert och effektivt begr\u00e4nsa ditt husdjurs tr\u00e4ningsomr\u00e5de. De tre ramgallerna i massivt tr\u00e4 som \u00e4r f\u00f6rbundna med g\u00e5ngj\u00e4rn&#8230;<\/p>\n","protected":false},"featured_media":20791,"template":"","meta":[],"product_brand":[],"product_cat":[577,574,573],"product_tag":[],"class_list":{"0":"post-20790","1":"product","2":"type-product","3":"status-publish","4":"has-post-thumbnail","6":"product_cat-hundgrindar-avdelare","7":"product_cat-hundtillbehor","8":"product_cat-husdjursmaterial","10":"first","11":"instock","12":"sale","13":"taxable","14":"shipping-taxable","15":"purchasable","16":"product-type-simple"},"yoast_head":"<!-- This site is optimized with the Yoast SEO plugin v25.4 - https:\/\/yoast.com\/wordpress\/plugins\/seo\/ -->\n<title>TRUUSK Sp\u00e4rrgrind f\u00f6r Hundar - Skyddsgrind med St\u00f6d - Trappgrind - D\u00f6rrskydd - Furu - Brun - 185 x 36 x 71 cm - TRUUSK - Hem, Tr\u00e4dg\u00e5rd &amp; Fritid<\/title>\n<meta name=\"robots\" content=\"index, follow, max-snippet:-1, max-image-preview:large, max-video-preview:-1\" \/>\n<link rel=\"canonical\" href=\"https:\/\/truusk.store\/sv\/produkt\/truusk-sparrgrind-for-hundar-skyddsgrind-med-stod-trappgrind-dorrskydd-furu-brun-185-x-36-x-71-cm\/\" \/>\n<meta property=\"og:locale\" content=\"sv_SE\" \/>\n<meta property=\"og:type\" content=\"article\" \/>\n<meta property=\"og:title\" content=\"TRUUSK Sp\u00e4rrgrind f\u00f6r Hundar - Skyddsgrind med St\u00f6d - Trappgrind - D\u00f6rrskydd - Furu - Brun - 185 x 36 x 71 cm - TRUUSK - Hem, Tr\u00e4dg\u00e5rd &amp; Fritid\" \/>\n<meta property=\"og:description\" content=\"Barri\u00e4ren kan s\u00e4kert och effektivt begr\u00e4nsa ditt husdjurs tr\u00e4ningsomr\u00e5de. De tre ramgallerna i massivt tr\u00e4 som \u00e4r f\u00f6rbundna med g\u00e5ngj\u00e4rn...\" \/>\n<meta property=\"og:url\" content=\"https:\/\/truusk.store\/sv\/produkt\/truusk-sparrgrind-for-hundar-skyddsgrind-med-stod-trappgrind-dorrskydd-furu-brun-185-x-36-x-71-cm\/\" \/>\n<meta property=\"og:site_name\" content=\"TRUUSK - Hem, Tr\u00e4dg\u00e5rd &amp; Fritid\" \/>\n<meta property=\"article:modified_time\" content=\"2026-03-12T08:03:22+00:00\" \/>\n<meta property=\"og:image\" content=\"https:\/\/i0.wp.com\/truusk.se\/wp-content\/uploads\/2024\/02\/sparrgrind-for-hundar-skyddsgrind-hundgrind-med-stod-trappgrind-hundsparr-dorrskydd-for-oppen-spis-och-ugn-furu-brun-185-x-36-x-71-cm.webp?fit=800%2C800&ssl=1\" \/>\n\t<meta property=\"og:image:width\" content=\"800\" \/>\n\t<meta property=\"og:image:height\" content=\"800\" \/>\n\t<meta property=\"og:image:type\" content=\"image\/webp\" \/>\n<meta name=\"twitter:card\" content=\"summary_large_image\" \/>\n<meta name=\"twitter:label1\" content=\"Ber\u00e4knad l\u00e4stid\" \/>\n\t<meta name=\"twitter:data1\" content=\"1 minut\" \/>\n<!-- \/ Yoast SEO plugin. -->","yoast_head_json":{"title":"TRUUSK Sp\u00e4rrgrind f\u00f6r Hundar - Skyddsgrind med St\u00f6d - Trappgrind - D\u00f6rrskydd - Furu - Brun - 185 x 36 x 71 cm - TRUUSK - Hem, Tr\u00e4dg\u00e5rd &amp; Fritid","robots":{"index":"index","follow":"follow","max-snippet":"max-snippet:-1","max-image-preview":"max-image-preview:large","max-video-preview":"max-video-preview:-1"},"canonical":"https:\/\/truusk.store\/sv\/produkt\/truusk-sparrgrind-for-hundar-skyddsgrind-med-stod-trappgrind-dorrskydd-furu-brun-185-x-36-x-71-cm\/","og_locale":"sv_SE","og_type":"article","og_title":"TRUUSK Sp\u00e4rrgrind f\u00f6r Hundar - Skyddsgrind med St\u00f6d - Trappgrind - D\u00f6rrskydd - Furu - Brun - 185 x 36 x 71 cm - TRUUSK - Hem, Tr\u00e4dg\u00e5rd &amp; Fritid","og_description":"Barri\u00e4ren kan s\u00e4kert och effektivt begr\u00e4nsa ditt husdjurs tr\u00e4ningsomr\u00e5de. De tre ramgallerna i massivt tr\u00e4 som \u00e4r f\u00f6rbundna med g\u00e5ngj\u00e4rn...","og_url":"https:\/\/truusk.store\/sv\/produkt\/truusk-sparrgrind-for-hundar-skyddsgrind-med-stod-trappgrind-dorrskydd-furu-brun-185-x-36-x-71-cm\/","og_site_name":"TRUUSK - Hem, Tr\u00e4dg\u00e5rd &amp; Fritid","article_modified_time":"2026-03-12T08:03:22+00:00","og_image":[{"width":800,"height":800,"url":"https:\/\/i0.wp.com\/truusk.se\/wp-content\/uploads\/2024\/02\/sparrgrind-for-hundar-skyddsgrind-hundgrind-med-stod-trappgrind-hundsparr-dorrskydd-for-oppen-spis-och-ugn-furu-brun-185-x-36-x-71-cm.webp?fit=800%2C800&ssl=1","type":"image\/webp"}],"twitter_card":"summary_large_image","twitter_misc":{"Ber\u00e4knad l\u00e4stid":"1 minut"},"schema":{"@context":"https:\/\/schema.org","@graph":[{"@type":"WebPage","@id":"https:\/\/truusk.store\/sv\/produkt\/truusk-sparrgrind-for-hundar-skyddsgrind-med-stod-trappgrind-dorrskydd-furu-brun-185-x-36-x-71-cm\/","url":"https:\/\/truusk.store\/sv\/produkt\/truusk-sparrgrind-for-hundar-skyddsgrind-med-stod-trappgrind-dorrskydd-furu-brun-185-x-36-x-71-cm\/","name":"TRUUSK Sp\u00e4rrgrind f\u00f6r Hundar - Skyddsgrind med St\u00f6d - Trappgrind - D\u00f6rrskydd - Furu - Brun - 185 x 36 x 71 cm - TRUUSK - Hem, Tr\u00e4dg\u00e5rd &amp; Fritid","isPartOf":{"@id":"https:\/\/truusk.store\/sv\/#website"},"primaryImageOfPage":{"@id":"https:\/\/truusk.store\/sv\/produkt\/truusk-sparrgrind-for-hundar-skyddsgrind-med-stod-trappgrind-dorrskydd-furu-brun-185-x-36-x-71-cm\/#primaryimage"},"image":{"@id":"https:\/\/truusk.store\/sv\/produkt\/truusk-sparrgrind-for-hundar-skyddsgrind-med-stod-trappgrind-dorrskydd-furu-brun-185-x-36-x-71-cm\/#primaryimage"},"thumbnailUrl":"https:\/\/i0.wp.com\/truusk.store\/wp-content\/uploads\/2024\/02\/sparrgrind-for-hundar-skyddsgrind-hundgrind-med-stod-trappgrind-hundsparr-dorrskydd-for-oppen-spis-och-ugn-furu-brun-185-x-36-x-71-cm.webp?fit=800%2C800&ssl=1","datePublished":"2024-02-13T14:34:17+00:00","dateModified":"2026-03-12T08:03:22+00:00","breadcrumb":{"@id":"https:\/\/truusk.store\/sv\/produkt\/truusk-sparrgrind-for-hundar-skyddsgrind-med-stod-trappgrind-dorrskydd-furu-brun-185-x-36-x-71-cm\/#breadcrumb"},"inLanguage":"sv-SE","potentialAction":[{"@type":"ReadAction","target":["https:\/\/truusk.store\/sv\/produkt\/truusk-sparrgrind-for-hundar-skyddsgrind-med-stod-trappgrind-dorrskydd-furu-brun-185-x-36-x-71-cm\/"]}]},{"@type":"ImageObject","inLanguage":"sv-SE","@id":"https:\/\/truusk.store\/sv\/produkt\/truusk-sparrgrind-for-hundar-skyddsgrind-med-stod-trappgrind-dorrskydd-furu-brun-185-x-36-x-71-cm\/#primaryimage","url":"https:\/\/i0.wp.com\/truusk.store\/wp-content\/uploads\/2024\/02\/sparrgrind-for-hundar-skyddsgrind-hundgrind-med-stod-trappgrind-hundsparr-dorrskydd-for-oppen-spis-och-ugn-furu-brun-185-x-36-x-71-cm.webp?fit=800%2C800&ssl=1","contentUrl":"https:\/\/i0.wp.com\/truusk.store\/wp-content\/uploads\/2024\/02\/sparrgrind-for-hundar-skyddsgrind-hundgrind-med-stod-trappgrind-hundsparr-dorrskydd-for-oppen-spis-och-ugn-furu-brun-185-x-36-x-71-cm.webp?fit=800%2C800&ssl=1","width":800,"height":800,"caption":"Sp\u00e4rrgrind F\u00f6r Hundar, Skyddsgrind, Hundgrind Med St\u00f6d, Trappgrind, Hundsp\u00e4rr, D\u00f6rrskydd F\u00f6r \u00f6ppen Spis Och Ugn, Furu, Brun, 185 X 36 X 71 Cm 1"},{"@type":"BreadcrumbList","@id":"https:\/\/truusk.store\/sv\/produkt\/truusk-sparrgrind-for-hundar-skyddsgrind-med-stod-trappgrind-dorrskydd-furu-brun-185-x-36-x-71-cm\/#breadcrumb","itemListElement":[{"@type":"ListItem","position":1,"name":"Home","item":"https:\/\/truusk.store\/sv\/"},{"@type":"ListItem","position":2,"name":"Shop","item":"https:\/\/truusk.store\/shop\/"},{"@type":"ListItem","position":3,"name":"TRUUSK Sp\u00e4rrgrind f\u00f6r Hundar &#8211; Skyddsgrind med St\u00f6d &#8211; Trappgrind &#8211; D\u00f6rrskydd &#8211; Furu &#8211; Brun &#8211; 185 x 36 x 71 cm"}]},{"@type":"WebSite","@id":"https:\/\/truusk.store\/sv\/#website","url":"https:\/\/truusk.store\/sv\/","name":"TRUUSK - Hem, Tr\u00e4dg\u00e5rd & Fritid","description":"","publisher":{"@id":"https:\/\/truusk.store\/sv\/#organization"},"potentialAction":[{"@type":"SearchAction","target":{"@type":"EntryPoint","urlTemplate":"https:\/\/truusk.store\/sv\/?s={search_term_string}"},"query-input":{"@type":"PropertyValueSpecification","valueRequired":true,"valueName":"search_term_string"}}],"inLanguage":"sv-SE"},{"@type":"Organization","@id":"https:\/\/truusk.store\/sv\/#organization","name":"TRUUSK - Hem, Tr\u00e4dg\u00e5rd & Fritid","url":"https:\/\/truusk.store\/sv\/","logo":{"@type":"ImageObject","inLanguage":"sv-SE","@id":"https:\/\/truusk.store\/sv\/#\/schema\/logo\/image\/","url":"https:\/\/i0.wp.com\/truusk.store\/wp-content\/uploads\/2026\/03\/cropped-TRUUSK.png?fit=2032%2C917&ssl=1","contentUrl":"https:\/\/i0.wp.com\/truusk.store\/wp-content\/uploads\/2026\/03\/cropped-TRUUSK.png?fit=2032%2C917&ssl=1","width":2032,"height":917,"caption":"TRUUSK - Hem, Tr\u00e4dg\u00e5rd & Fritid"},"image":{"@id":"https:\/\/truusk.store\/sv\/#\/schema\/logo\/image\/"}}]}},"jetpack_sharing_enabled":true,"_links":{"self":[{"href":"https:\/\/truusk.store\/sv\/wp-json\/wp\/v2\/product\/20790","targetHints":{"allow":["GET"]}}],"collection":[{"href":"https:\/\/truusk.store\/sv\/wp-json\/wp\/v2\/product"}],"about":[{"href":"https:\/\/truusk.store\/sv\/wp-json\/wp\/v2\/types\/product"}],"wp:featuredmedia":[{"embeddable":true,"href":"https:\/\/truusk.store\/sv\/wp-json\/wp\/v2\/media\/20791"}],"wp:attachment":[{"href":"https:\/\/truusk.store\/sv\/wp-json\/wp\/v2\/media?parent=20790"}],"wp:term":[{"taxonomy":"product_brand","embeddable":true,"href":"https:\/\/truusk.store\/sv\/wp-json\/wp\/v2\/product_brand?post=20790"},{"taxonomy":"product_cat","embeddable":true,"href":"https:\/\/truusk.store\/sv\/wp-json\/wp\/v2\/product_cat?post=20790"},{"taxonomy":"product_tag","embeddable":true,"href":"https:\/\/truusk.store\/sv\/wp-json\/wp\/v2\/product_tag?post=20790"}],"curies":[{"name":"wp","href":"https:\/\/api.w.org\/{rel}","templated":true}]}}