{"id":20889,"date":"2024-02-13T15:37:09","date_gmt":"2024-02-13T14:37:09","guid":{"rendered":"https:\/\/truusk.store\/product\/gungstol-svart-150-cm-x-62-cm-x-88-cm-2\/"},"modified":"2026-03-12T09:03:23","modified_gmt":"2026-03-12T08:03:23","slug":"truusk-gungstol-svart-150-cm-x-62-cm-x-88-cm-hog-kvalitet-bekvamt-sittande-for-inomhusbruk","status":"publish","type":"product","link":"https:\/\/truusk.store\/sv\/produkt\/truusk-gungstol-svart-150-cm-x-62-cm-x-88-cm-hog-kvalitet-bekvamt-sittande-for-inomhusbruk\/","title":{"rendered":"TRUUSK Gungstol &#8211; Svart &#8211; 150 cm x 62 cm x 88 cm &#8211; H\u00f6g Kvalitet &#8211; Bekv\u00e4mt Sittande &#8211; F\u00f6r Inomhusbruk"},"content":{"rendered":"<p>Denna tr\u00e4dg\u00e5rdsgungstol \u00e4r ett bra s\u00e4tt att koppla av och sitta p\u00e5! Den ergonomiska formen anpassar sig efter din kropp och det andningsbara meshtyget s\u00e4kerst\u00e4ller god luftcirkulation, s\u00e5 att du kan sitta bekv\u00e4mt l\u00e4nge. Ta plats i denna gungstol och njut av mysiga timmar.<\/p>\n<h3>Beskrivning:<\/h3>\n<ul>\n<li>Slitstark metallram f\u00f6r styrka och stabilitet<\/li>\n<li>Tillverkad av andningsbart meshtyg som motst\u00e5r slitage<\/li>\n<li>Ergonomiskt utformad form som passar din kropp b\u00e4ttre<\/li>\n<li>Ultimat komfort med avtagbart vadderat nackst\u00f6d och mjukt konturerat armst\u00f6d<\/li>\n<li>Perfekt f\u00f6r tr\u00e4dg\u00e5rd, uteplats, strand, pool eller camping<\/li>\n<li>Gummerade \u00e4rmar p\u00e5 armar och botten ger en mjuk yta f\u00f6r att f\u00f6rhindra repor p\u00e5 ramen<\/li>\n<li>Med en avtagbar sidficka f\u00f6r att f\u00f6rvara dina sm\u00e5saker<\/li>\n<li>Montering kr\u00e4vs<\/li>\n<\/ul>\n<h3>Teknisk data:<\/h3>\n<ul>\n<li>F\u00e4rg: Svart+Ljusgr\u00e5<\/li>\n<li>Material: metall, ventilerande mesh<\/li>\n<li>\u00d6vergripande m\u00e5tt: 150L x 62W x 88H cm<\/li>\n<li>Sittm\u00e5tt: 57W x 85D x 34H cm<\/li>\n<li>M\u00e5tt p\u00e5 sidofickor: 36L x 25W cm<\/li>\n<li>Max lastkapacitet: 120 kg<\/li>\n<\/ul>\n<h3>Leveransens omfattning:<\/h3>\n<ul>\n<li>1 x gungstol<\/li>\n<li>1 x Instruktioner<\/li>\n<\/ul>\n","protected":false},"excerpt":{"rendered":"<p>Denna tr\u00e4dg\u00e5rdsgungstol \u00e4r ett bra s\u00e4tt att koppla av och sitta p\u00e5! Den ergonomiska formen anpassar sig efter din kropp&#8230;<\/p>\n","protected":false},"featured_media":20890,"template":"","meta":[],"product_brand":[],"product_cat":[435,450,452],"product_tag":[],"class_list":{"0":"post-20889","1":"product","2":"type-product","3":"status-publish","4":"has-post-thumbnail","6":"product_cat-tradgard-och-terrass","7":"product_cat-tradgardsmobler","8":"product_cat-tradgardsstolar","10":"first","11":"instock","12":"sale","13":"taxable","14":"shipping-taxable","15":"purchasable","16":"product-type-simple"},"yoast_head":"<!-- This site is optimized with the Yoast SEO plugin v25.4 - https:\/\/yoast.com\/wordpress\/plugins\/seo\/ -->\n<title>TRUUSK Gungstol - Svart - 150 cm x 62 cm x 88 cm - H\u00f6g Kvalitet - Bekv\u00e4mt Sittande - F\u00f6r Inomhusbruk - TRUUSK - Hem, Tr\u00e4dg\u00e5rd &amp; Fritid<\/title>\n<meta name=\"robots\" content=\"index, follow, max-snippet:-1, max-image-preview:large, max-video-preview:-1\" \/>\n<link rel=\"canonical\" href=\"https:\/\/truusk.store\/sv\/produkt\/truusk-gungstol-svart-150-cm-x-62-cm-x-88-cm-hog-kvalitet-bekvamt-sittande-for-inomhusbruk\/\" \/>\n<meta property=\"og:locale\" content=\"sv_SE\" \/>\n<meta property=\"og:type\" content=\"article\" \/>\n<meta property=\"og:title\" content=\"TRUUSK Gungstol - Svart - 150 cm x 62 cm x 88 cm - H\u00f6g Kvalitet - Bekv\u00e4mt Sittande - F\u00f6r Inomhusbruk - TRUUSK - Hem, Tr\u00e4dg\u00e5rd &amp; Fritid\" \/>\n<meta property=\"og:description\" content=\"Denna tr\u00e4dg\u00e5rdsgungstol \u00e4r ett bra s\u00e4tt att koppla av och sitta p\u00e5! Den ergonomiska formen anpassar sig efter din kropp...\" \/>\n<meta property=\"og:url\" content=\"https:\/\/truusk.store\/sv\/produkt\/truusk-gungstol-svart-150-cm-x-62-cm-x-88-cm-hog-kvalitet-bekvamt-sittande-for-inomhusbruk\/\" \/>\n<meta property=\"og:site_name\" content=\"TRUUSK - Hem, Tr\u00e4dg\u00e5rd &amp; Fritid\" \/>\n<meta property=\"article:modified_time\" content=\"2026-03-12T08:03:23+00:00\" \/>\n<meta property=\"og:image\" content=\"https:\/\/i0.wp.com\/truusk.se\/wp-content\/uploads\/2024\/02\/gungstol-svart-150-cm-x-62-cm-x-88-cm-8.webp?fit=800%2C800&ssl=1\" \/>\n\t<meta property=\"og:image:width\" content=\"800\" \/>\n\t<meta property=\"og:image:height\" content=\"800\" \/>\n\t<meta property=\"og:image:type\" content=\"image\/webp\" \/>\n<meta name=\"twitter:card\" content=\"summary_large_image\" \/>\n<meta name=\"twitter:label1\" content=\"Ber\u00e4knad l\u00e4stid\" \/>\n\t<meta name=\"twitter:data1\" content=\"1 minut\" \/>\n<!-- \/ Yoast SEO plugin. -->","yoast_head_json":{"title":"TRUUSK Gungstol - Svart - 150 cm x 62 cm x 88 cm - H\u00f6g Kvalitet - Bekv\u00e4mt Sittande - F\u00f6r Inomhusbruk - TRUUSK - Hem, Tr\u00e4dg\u00e5rd &amp; Fritid","robots":{"index":"index","follow":"follow","max-snippet":"max-snippet:-1","max-image-preview":"max-image-preview:large","max-video-preview":"max-video-preview:-1"},"canonical":"https:\/\/truusk.store\/sv\/produkt\/truusk-gungstol-svart-150-cm-x-62-cm-x-88-cm-hog-kvalitet-bekvamt-sittande-for-inomhusbruk\/","og_locale":"sv_SE","og_type":"article","og_title":"TRUUSK Gungstol - Svart - 150 cm x 62 cm x 88 cm - H\u00f6g Kvalitet - Bekv\u00e4mt Sittande - F\u00f6r Inomhusbruk - TRUUSK - Hem, Tr\u00e4dg\u00e5rd &amp; Fritid","og_description":"Denna tr\u00e4dg\u00e5rdsgungstol \u00e4r ett bra s\u00e4tt att koppla av och sitta p\u00e5! Den ergonomiska formen anpassar sig efter din kropp...","og_url":"https:\/\/truusk.store\/sv\/produkt\/truusk-gungstol-svart-150-cm-x-62-cm-x-88-cm-hog-kvalitet-bekvamt-sittande-for-inomhusbruk\/","og_site_name":"TRUUSK - Hem, Tr\u00e4dg\u00e5rd &amp; Fritid","article_modified_time":"2026-03-12T08:03:23+00:00","og_image":[{"width":800,"height":800,"url":"https:\/\/i0.wp.com\/truusk.se\/wp-content\/uploads\/2024\/02\/gungstol-svart-150-cm-x-62-cm-x-88-cm-8.webp?fit=800%2C800&ssl=1","type":"image\/webp"}],"twitter_card":"summary_large_image","twitter_misc":{"Ber\u00e4knad l\u00e4stid":"1 minut"},"schema":{"@context":"https:\/\/schema.org","@graph":[{"@type":"WebPage","@id":"https:\/\/truusk.store\/sv\/produkt\/truusk-gungstol-svart-150-cm-x-62-cm-x-88-cm-hog-kvalitet-bekvamt-sittande-for-inomhusbruk\/","url":"https:\/\/truusk.store\/sv\/produkt\/truusk-gungstol-svart-150-cm-x-62-cm-x-88-cm-hog-kvalitet-bekvamt-sittande-for-inomhusbruk\/","name":"TRUUSK Gungstol - Svart - 150 cm x 62 cm x 88 cm - H\u00f6g Kvalitet - Bekv\u00e4mt Sittande - F\u00f6r Inomhusbruk - TRUUSK - Hem, Tr\u00e4dg\u00e5rd &amp; Fritid","isPartOf":{"@id":"https:\/\/truusk.store\/sv\/#website"},"primaryImageOfPage":{"@id":"https:\/\/truusk.store\/sv\/produkt\/truusk-gungstol-svart-150-cm-x-62-cm-x-88-cm-hog-kvalitet-bekvamt-sittande-for-inomhusbruk\/#primaryimage"},"image":{"@id":"https:\/\/truusk.store\/sv\/produkt\/truusk-gungstol-svart-150-cm-x-62-cm-x-88-cm-hog-kvalitet-bekvamt-sittande-for-inomhusbruk\/#primaryimage"},"thumbnailUrl":"https:\/\/i0.wp.com\/truusk.store\/wp-content\/uploads\/2024\/02\/gungstol-svart-150-cm-x-62-cm-x-88-cm-8.webp?fit=800%2C800&ssl=1","datePublished":"2024-02-13T14:37:09+00:00","dateModified":"2026-03-12T08:03:23+00:00","breadcrumb":{"@id":"https:\/\/truusk.store\/sv\/produkt\/truusk-gungstol-svart-150-cm-x-62-cm-x-88-cm-hog-kvalitet-bekvamt-sittande-for-inomhusbruk\/#breadcrumb"},"inLanguage":"sv-SE","potentialAction":[{"@type":"ReadAction","target":["https:\/\/truusk.store\/sv\/produkt\/truusk-gungstol-svart-150-cm-x-62-cm-x-88-cm-hog-kvalitet-bekvamt-sittande-for-inomhusbruk\/"]}]},{"@type":"ImageObject","inLanguage":"sv-SE","@id":"https:\/\/truusk.store\/sv\/produkt\/truusk-gungstol-svart-150-cm-x-62-cm-x-88-cm-hog-kvalitet-bekvamt-sittande-for-inomhusbruk\/#primaryimage","url":"https:\/\/i0.wp.com\/truusk.store\/wp-content\/uploads\/2024\/02\/gungstol-svart-150-cm-x-62-cm-x-88-cm-8.webp?fit=800%2C800&ssl=1","contentUrl":"https:\/\/i0.wp.com\/truusk.store\/wp-content\/uploads\/2024\/02\/gungstol-svart-150-cm-x-62-cm-x-88-cm-8.webp?fit=800%2C800&ssl=1","width":800,"height":800,"caption":"Gungstol Svart 150 Cm X 62 Cm X 88 Cm 1"},{"@type":"BreadcrumbList","@id":"https:\/\/truusk.store\/sv\/produkt\/truusk-gungstol-svart-150-cm-x-62-cm-x-88-cm-hog-kvalitet-bekvamt-sittande-for-inomhusbruk\/#breadcrumb","itemListElement":[{"@type":"ListItem","position":1,"name":"Home","item":"https:\/\/truusk.store\/sv\/"},{"@type":"ListItem","position":2,"name":"Shop","item":"https:\/\/truusk.store\/shop\/"},{"@type":"ListItem","position":3,"name":"TRUUSK Gungstol &#8211; Svart &#8211; 150 cm x 62 cm x 88 cm &#8211; H\u00f6g Kvalitet &#8211; Bekv\u00e4mt Sittande &#8211; F\u00f6r Inomhusbruk"}]},{"@type":"WebSite","@id":"https:\/\/truusk.store\/sv\/#website","url":"https:\/\/truusk.store\/sv\/","name":"TRUUSK - Hem, Tr\u00e4dg\u00e5rd & Fritid","description":"","publisher":{"@id":"https:\/\/truusk.store\/sv\/#organization"},"potentialAction":[{"@type":"SearchAction","target":{"@type":"EntryPoint","urlTemplate":"https:\/\/truusk.store\/sv\/?s={search_term_string}"},"query-input":{"@type":"PropertyValueSpecification","valueRequired":true,"valueName":"search_term_string"}}],"inLanguage":"sv-SE"},{"@type":"Organization","@id":"https:\/\/truusk.store\/sv\/#organization","name":"TRUUSK - Hem, Tr\u00e4dg\u00e5rd & Fritid","url":"https:\/\/truusk.store\/sv\/","logo":{"@type":"ImageObject","inLanguage":"sv-SE","@id":"https:\/\/truusk.store\/sv\/#\/schema\/logo\/image\/","url":"https:\/\/i0.wp.com\/truusk.store\/wp-content\/uploads\/2026\/03\/cropped-TRUUSK.png?fit=2032%2C917&ssl=1","contentUrl":"https:\/\/i0.wp.com\/truusk.store\/wp-content\/uploads\/2026\/03\/cropped-TRUUSK.png?fit=2032%2C917&ssl=1","width":2032,"height":917,"caption":"TRUUSK - Hem, Tr\u00e4dg\u00e5rd & Fritid"},"image":{"@id":"https:\/\/truusk.store\/sv\/#\/schema\/logo\/image\/"}}]}},"jetpack_sharing_enabled":true,"_links":{"self":[{"href":"https:\/\/truusk.store\/sv\/wp-json\/wp\/v2\/product\/20889","targetHints":{"allow":["GET"]}}],"collection":[{"href":"https:\/\/truusk.store\/sv\/wp-json\/wp\/v2\/product"}],"about":[{"href":"https:\/\/truusk.store\/sv\/wp-json\/wp\/v2\/types\/product"}],"wp:featuredmedia":[{"embeddable":true,"href":"https:\/\/truusk.store\/sv\/wp-json\/wp\/v2\/media\/20890"}],"wp:attachment":[{"href":"https:\/\/truusk.store\/sv\/wp-json\/wp\/v2\/media?parent=20889"}],"wp:term":[{"taxonomy":"product_brand","embeddable":true,"href":"https:\/\/truusk.store\/sv\/wp-json\/wp\/v2\/product_brand?post=20889"},{"taxonomy":"product_cat","embeddable":true,"href":"https:\/\/truusk.store\/sv\/wp-json\/wp\/v2\/product_cat?post=20889"},{"taxonomy":"product_tag","embeddable":true,"href":"https:\/\/truusk.store\/sv\/wp-json\/wp\/v2\/product_tag?post=20889"}],"curies":[{"name":"wp","href":"https:\/\/api.w.org\/{rel}","templated":true}]}}