{"id":20899,"date":"2024-02-13T15:37:27","date_gmt":"2024-02-13T14:37:27","guid":{"rendered":"https:\/\/truusk.store\/product\/3-delat-matsalsset-matsalsgrupp-koksbord-med-metallstomme-sittgrupp-matbordsset-trafibrer-mdf-metall-natur-vit-med-1-bord-2-stolar\/"},"modified":"2026-03-12T09:03:24","modified_gmt":"2026-03-12T08:03:24","slug":"truusk-3-delat-matsalsset-natur-vit-metallstomme-trafibrer-mdf-1-bord-2-stolar","status":"publish","type":"product","link":"https:\/\/truusk.store\/sv\/produkt\/truusk-3-delat-matsalsset-natur-vit-metallstomme-trafibrer-mdf-1-bord-2-stolar\/","title":{"rendered":"TRUUSK 3-delat Matsalsset &#8211; Natur + Vit &#8211; Metallstomme &#8211; Tr\u00e4fibrer MDF &#8211; 1 Bord + 2 Stolar"},"content":{"rendered":"<p>Den perfekta sittgruppen f\u00f6r en romantisk middag! Detta h\u00f6gkvalitativa set erbjuder tillr\u00e4ckligt med utrymme f\u00f6r tv\u00e5 personer med ett robust bord och tv\u00e5 stolar. Tack vare sin kompakta storlek passar den \u00e4ven in i mindre rum som k\u00f6k, barer och caf\u00e9er. Njut av en lugn frukost eller en romantisk middag med dina n\u00e4ra och k\u00e4ra.<\/p>\n<h3>Beskrivning:<\/h3>\n<ul>\n<li>Modern tolkning av den allsidiga sittgruppen<\/li>\n<li>Kompakt design, perfekt f\u00f6r mindre utrymmen<\/li>\n<li>3-delat set: 1 bord och 2 matchande stolar<\/li>\n<li>Tillverkad av MDF och robust st\u00e5lram f\u00f6r h\u00e5llbarhet<\/li>\n<li>Extremt l\u00e4ttsk\u00f6tta ytor<\/li>\n<li>Enkel konstruktion<\/li>\n<\/ul>\n<h3>Teknisk data:<\/h3>\n<ul>\n<li>Material: MDF, metall<\/li>\n<li>F\u00e4rg: naturligt tr\u00e4 \u00e5dring + vit<\/li>\n<li>Vikt: 18 kg<\/li>\n<li>Bordsm\u00e5tt: L70 x B70 x H76 cm<\/li>\n<li>M\u00e5tt per stol: L39,5 x B48 x H88,5 cm<\/li>\n<li>Sitth\u00f6jd: 45 cm<\/li>\n<li>Max lastkapacitet: 60 kg (bord), 100 kg (per stol)<\/li>\n<\/ul>\n<h3>Leveransens omfattning:<\/h3>\n<ul>\n<li>1 x bord<\/li>\n<li>2 x stol<\/li>\n<li>1 x Monteringsanvisning<\/li>\n<\/ul>\n","protected":false},"excerpt":{"rendered":"<p>Den perfekta sittgruppen f\u00f6r en romantisk middag! Detta h\u00f6gkvalitativa set erbjuder tillr\u00e4ckligt med utrymme f\u00f6r tv\u00e5 personer med ett robust&#8230;<\/p>\n","protected":false},"featured_media":20900,"template":"","meta":[],"product_brand":[],"product_cat":[485,512,501],"product_tag":[],"class_list":{"0":"post-20899","1":"product","2":"type-product","3":"status-publish","4":"has-post-thumbnail","6":"product_cat-hus-bo","7":"product_cat-matgrupper","8":"product_cat-tabeller","10":"first","11":"instock","12":"sale","13":"taxable","14":"shipping-taxable","15":"purchasable","16":"product-type-simple"},"yoast_head":"<!-- This site is optimized with the Yoast SEO plugin v25.4 - https:\/\/yoast.com\/wordpress\/plugins\/seo\/ -->\n<title>TRUUSK 3-delat Matsalsset - Natur + Vit - Metallstomme - Tr\u00e4fibrer MDF - 1 Bord + 2 Stolar - TRUUSK - Hem, Tr\u00e4dg\u00e5rd &amp; Fritid<\/title>\n<meta name=\"robots\" content=\"index, follow, max-snippet:-1, max-image-preview:large, max-video-preview:-1\" \/>\n<link rel=\"canonical\" href=\"https:\/\/truusk.store\/sv\/produkt\/truusk-3-delat-matsalsset-natur-vit-metallstomme-trafibrer-mdf-1-bord-2-stolar\/\" \/>\n<meta property=\"og:locale\" content=\"sv_SE\" \/>\n<meta property=\"og:type\" content=\"article\" \/>\n<meta property=\"og:title\" content=\"TRUUSK 3-delat Matsalsset - Natur + Vit - Metallstomme - Tr\u00e4fibrer MDF - 1 Bord + 2 Stolar - TRUUSK - Hem, Tr\u00e4dg\u00e5rd &amp; Fritid\" \/>\n<meta property=\"og:description\" content=\"Den perfekta sittgruppen f\u00f6r en romantisk middag! Detta h\u00f6gkvalitativa set erbjuder tillr\u00e4ckligt med utrymme f\u00f6r tv\u00e5 personer med ett robust...\" \/>\n<meta property=\"og:url\" content=\"https:\/\/truusk.store\/sv\/produkt\/truusk-3-delat-matsalsset-natur-vit-metallstomme-trafibrer-mdf-1-bord-2-stolar\/\" \/>\n<meta property=\"og:site_name\" content=\"TRUUSK - Hem, Tr\u00e4dg\u00e5rd &amp; Fritid\" \/>\n<meta property=\"article:modified_time\" content=\"2026-03-12T08:03:24+00:00\" \/>\n<meta property=\"og:image\" content=\"https:\/\/i0.wp.com\/truusk.se\/wp-content\/uploads\/2024\/02\/3-delat-matsalsset-matsalsgrupp-koksbord-med-metallstomme-sittgrupp-matbordsset-trafibrer-mdf-metall-natur-vit-med-1-bord-2-stolar.webp?fit=800%2C800&ssl=1\" \/>\n\t<meta property=\"og:image:width\" content=\"800\" \/>\n\t<meta property=\"og:image:height\" content=\"800\" \/>\n\t<meta property=\"og:image:type\" content=\"image\/webp\" \/>\n<meta name=\"twitter:card\" content=\"summary_large_image\" \/>\n<meta name=\"twitter:label1\" content=\"Ber\u00e4knad l\u00e4stid\" \/>\n\t<meta name=\"twitter:data1\" content=\"1 minut\" \/>\n<!-- \/ Yoast SEO plugin. -->","yoast_head_json":{"title":"TRUUSK 3-delat Matsalsset - Natur + Vit - Metallstomme - Tr\u00e4fibrer MDF - 1 Bord + 2 Stolar - TRUUSK - Hem, Tr\u00e4dg\u00e5rd &amp; Fritid","robots":{"index":"index","follow":"follow","max-snippet":"max-snippet:-1","max-image-preview":"max-image-preview:large","max-video-preview":"max-video-preview:-1"},"canonical":"https:\/\/truusk.store\/sv\/produkt\/truusk-3-delat-matsalsset-natur-vit-metallstomme-trafibrer-mdf-1-bord-2-stolar\/","og_locale":"sv_SE","og_type":"article","og_title":"TRUUSK 3-delat Matsalsset - Natur + Vit - Metallstomme - Tr\u00e4fibrer MDF - 1 Bord + 2 Stolar - TRUUSK - Hem, Tr\u00e4dg\u00e5rd &amp; Fritid","og_description":"Den perfekta sittgruppen f\u00f6r en romantisk middag! Detta h\u00f6gkvalitativa set erbjuder tillr\u00e4ckligt med utrymme f\u00f6r tv\u00e5 personer med ett robust...","og_url":"https:\/\/truusk.store\/sv\/produkt\/truusk-3-delat-matsalsset-natur-vit-metallstomme-trafibrer-mdf-1-bord-2-stolar\/","og_site_name":"TRUUSK - Hem, Tr\u00e4dg\u00e5rd &amp; Fritid","article_modified_time":"2026-03-12T08:03:24+00:00","og_image":[{"width":800,"height":800,"url":"https:\/\/i0.wp.com\/truusk.se\/wp-content\/uploads\/2024\/02\/3-delat-matsalsset-matsalsgrupp-koksbord-med-metallstomme-sittgrupp-matbordsset-trafibrer-mdf-metall-natur-vit-med-1-bord-2-stolar.webp?fit=800%2C800&ssl=1","type":"image\/webp"}],"twitter_card":"summary_large_image","twitter_misc":{"Ber\u00e4knad l\u00e4stid":"1 minut"},"schema":{"@context":"https:\/\/schema.org","@graph":[{"@type":"WebPage","@id":"https:\/\/truusk.store\/sv\/produkt\/truusk-3-delat-matsalsset-natur-vit-metallstomme-trafibrer-mdf-1-bord-2-stolar\/","url":"https:\/\/truusk.store\/sv\/produkt\/truusk-3-delat-matsalsset-natur-vit-metallstomme-trafibrer-mdf-1-bord-2-stolar\/","name":"TRUUSK 3-delat Matsalsset - Natur + Vit - Metallstomme - Tr\u00e4fibrer MDF - 1 Bord + 2 Stolar - TRUUSK - Hem, Tr\u00e4dg\u00e5rd &amp; Fritid","isPartOf":{"@id":"https:\/\/truusk.store\/sv\/#website"},"primaryImageOfPage":{"@id":"https:\/\/truusk.store\/sv\/produkt\/truusk-3-delat-matsalsset-natur-vit-metallstomme-trafibrer-mdf-1-bord-2-stolar\/#primaryimage"},"image":{"@id":"https:\/\/truusk.store\/sv\/produkt\/truusk-3-delat-matsalsset-natur-vit-metallstomme-trafibrer-mdf-1-bord-2-stolar\/#primaryimage"},"thumbnailUrl":"https:\/\/i0.wp.com\/truusk.store\/wp-content\/uploads\/2024\/02\/3-delat-matsalsset-matsalsgrupp-koksbord-med-metallstomme-sittgrupp-matbordsset-trafibrer-mdf-metall-natur-vit-med-1-bord-2-stolar.webp?fit=800%2C800&ssl=1","datePublished":"2024-02-13T14:37:27+00:00","dateModified":"2026-03-12T08:03:24+00:00","breadcrumb":{"@id":"https:\/\/truusk.store\/sv\/produkt\/truusk-3-delat-matsalsset-natur-vit-metallstomme-trafibrer-mdf-1-bord-2-stolar\/#breadcrumb"},"inLanguage":"sv-SE","potentialAction":[{"@type":"ReadAction","target":["https:\/\/truusk.store\/sv\/produkt\/truusk-3-delat-matsalsset-natur-vit-metallstomme-trafibrer-mdf-1-bord-2-stolar\/"]}]},{"@type":"ImageObject","inLanguage":"sv-SE","@id":"https:\/\/truusk.store\/sv\/produkt\/truusk-3-delat-matsalsset-natur-vit-metallstomme-trafibrer-mdf-1-bord-2-stolar\/#primaryimage","url":"https:\/\/i0.wp.com\/truusk.store\/wp-content\/uploads\/2024\/02\/3-delat-matsalsset-matsalsgrupp-koksbord-med-metallstomme-sittgrupp-matbordsset-trafibrer-mdf-metall-natur-vit-med-1-bord-2-stolar.webp?fit=800%2C800&ssl=1","contentUrl":"https:\/\/i0.wp.com\/truusk.store\/wp-content\/uploads\/2024\/02\/3-delat-matsalsset-matsalsgrupp-koksbord-med-metallstomme-sittgrupp-matbordsset-trafibrer-mdf-metall-natur-vit-med-1-bord-2-stolar.webp?fit=800%2C800&ssl=1","width":800,"height":800,"caption":"3-delat Matsalsset, Matsalsgrupp, K\u00f6ksbord Med Metallstomme, Sittgrupp, Matbordsset, Tr\u00e4fibrer MDF, Metall, Natur + Vit Med 1 Bord + 2 Stolar 1"},{"@type":"BreadcrumbList","@id":"https:\/\/truusk.store\/sv\/produkt\/truusk-3-delat-matsalsset-natur-vit-metallstomme-trafibrer-mdf-1-bord-2-stolar\/#breadcrumb","itemListElement":[{"@type":"ListItem","position":1,"name":"Home","item":"https:\/\/truusk.store\/sv\/"},{"@type":"ListItem","position":2,"name":"Shop","item":"https:\/\/truusk.store\/shop\/"},{"@type":"ListItem","position":3,"name":"TRUUSK 3-delat Matsalsset &#8211; Natur + Vit &#8211; Metallstomme &#8211; Tr\u00e4fibrer MDF &#8211; 1 Bord + 2 Stolar"}]},{"@type":"WebSite","@id":"https:\/\/truusk.store\/sv\/#website","url":"https:\/\/truusk.store\/sv\/","name":"TRUUSK - Hem, Tr\u00e4dg\u00e5rd & Fritid","description":"","publisher":{"@id":"https:\/\/truusk.store\/sv\/#organization"},"potentialAction":[{"@type":"SearchAction","target":{"@type":"EntryPoint","urlTemplate":"https:\/\/truusk.store\/sv\/?s={search_term_string}"},"query-input":{"@type":"PropertyValueSpecification","valueRequired":true,"valueName":"search_term_string"}}],"inLanguage":"sv-SE"},{"@type":"Organization","@id":"https:\/\/truusk.store\/sv\/#organization","name":"TRUUSK - Hem, Tr\u00e4dg\u00e5rd & Fritid","url":"https:\/\/truusk.store\/sv\/","logo":{"@type":"ImageObject","inLanguage":"sv-SE","@id":"https:\/\/truusk.store\/sv\/#\/schema\/logo\/image\/","url":"https:\/\/i0.wp.com\/truusk.store\/wp-content\/uploads\/2026\/03\/cropped-TRUUSK.png?fit=2032%2C917&ssl=1","contentUrl":"https:\/\/i0.wp.com\/truusk.store\/wp-content\/uploads\/2026\/03\/cropped-TRUUSK.png?fit=2032%2C917&ssl=1","width":2032,"height":917,"caption":"TRUUSK - Hem, Tr\u00e4dg\u00e5rd & Fritid"},"image":{"@id":"https:\/\/truusk.store\/sv\/#\/schema\/logo\/image\/"}}]}},"jetpack_sharing_enabled":true,"_links":{"self":[{"href":"https:\/\/truusk.store\/sv\/wp-json\/wp\/v2\/product\/20899","targetHints":{"allow":["GET"]}}],"collection":[{"href":"https:\/\/truusk.store\/sv\/wp-json\/wp\/v2\/product"}],"about":[{"href":"https:\/\/truusk.store\/sv\/wp-json\/wp\/v2\/types\/product"}],"wp:featuredmedia":[{"embeddable":true,"href":"https:\/\/truusk.store\/sv\/wp-json\/wp\/v2\/media\/20900"}],"wp:attachment":[{"href":"https:\/\/truusk.store\/sv\/wp-json\/wp\/v2\/media?parent=20899"}],"wp:term":[{"taxonomy":"product_brand","embeddable":true,"href":"https:\/\/truusk.store\/sv\/wp-json\/wp\/v2\/product_brand?post=20899"},{"taxonomy":"product_cat","embeddable":true,"href":"https:\/\/truusk.store\/sv\/wp-json\/wp\/v2\/product_cat?post=20899"},{"taxonomy":"product_tag","embeddable":true,"href":"https:\/\/truusk.store\/sv\/wp-json\/wp\/v2\/product_tag?post=20899"}],"curies":[{"name":"wp","href":"https:\/\/api.w.org\/{rel}","templated":true}]}}