{"id":20931,"date":"2024-02-13T15:38:28","date_gmt":"2024-02-13T14:38:28","guid":{"rendered":"https:\/\/truusk.store\/product\/enkelfatolj-vingstol-relaxstol-fatolj-med-sammetsupphojda-ben-sammetsliknande-polyester-skandinavisk-gron-64-x-62-x-725-cm\/"},"modified":"2026-03-12T09:03:26","modified_gmt":"2026-03-12T08:03:26","slug":"truusk-enkelfatolj-vingstol-relaxstol-sammetsliknande-polyester-skandinavisk-design-gron-64-x-62-x-725-cm","status":"publish","type":"product","link":"https:\/\/truusk.store\/sv\/produkt\/truusk-enkelfatolj-vingstol-relaxstol-sammetsliknande-polyester-skandinavisk-design-gron-64-x-62-x-725-cm\/","title":{"rendered":"TRUUSK Enkelf\u00e5t\u00f6lj Vingstol Relaxstol &#8211; Sammetsliknande Polyester &#8211; Skandinavisk Design &#8211; Gr\u00f6n &#8211; 64 x 62 x 72,5 cm"},"content":{"rendered":"<p>Den skandinaviska f\u00e5t\u00f6ljen \u00e4r det perfekta valet, med sin attraktiva design, f\u00f6r en liten l\u00e4sh\u00f6rna. Den har gummitr\u00e4ben, en metallram, tjock stoppning och en mjuk sammetsyta, vilket g\u00f6r den stark, kompakt och h\u00e5llbar. Det enkla utseendet p\u00e5 den stoppade stolen harmoniserar perfekt med tygets rika f\u00e4rgnyanser, som ger din omgivning karakt\u00e4r och stil.<\/p>\n<h3>Beskrivning:<\/h3>\n<ul>\n<li>Bekv\u00e4mt vadderad<\/li>\n<li>Sitsen och ryggst\u00f6det p\u00e5 den stoppade stolen \u00e4r dekorerade med \u00f6mt\u00e5liga s\u00f6mmar<\/li>\n<li>Avslappningsstolens ram av gummitr\u00e4 och j\u00e4rn<\/li>\n<li>Modern skandinavisk design<\/li>\n<li>L\u00e4tt att montera: du beh\u00f6ver bara skruva fast f\u00e4stena p\u00e5 strukturen<\/li>\n<\/ul>\n<h3>Teknisk data:<\/h3>\n<ul>\n<li>F\u00e4rg: gr\u00f6n<\/li>\n<li>Material: sammet (100 % polyester), gummitr\u00e4, metall, skum<\/li>\n<li>Totala m\u00e5tt: 64L x 62W x 72,5H cm<\/li>\n<li>Sittyta: 44L x 45W cm<\/li>\n<li>Sitth\u00f6jd: 37 cm<\/li>\n<li>Kuddens tjocklek: 9 cm<\/li>\n<li>Armst\u00f6dsh\u00f6jd: 18,5 cm<\/li>\n<li>Lastkapacitet: 120 kg<\/li>\n<\/ul>\n<h3>Leveransens omfattning:<\/h3>\n<ul>\n<li>1 x Enkelstol<\/li>\n<li>1 x Monteringsanvisning<\/li>\n<\/ul>\n","protected":false},"excerpt":{"rendered":"<p>Den skandinaviska f\u00e5t\u00f6ljen \u00e4r det perfekta valet, med sin attraktiva design, f\u00f6r en liten l\u00e4sh\u00f6rna. Den har gummitr\u00e4ben, en metallram,&#8230;<\/p>\n","protected":false},"featured_media":20932,"template":"","meta":[],"product_brand":[],"product_cat":[485,515,519],"product_tag":[],"class_list":{"0":"post-20931","1":"product","2":"type-product","3":"status-publish","4":"has-post-thumbnail","6":"product_cat-hus-bo","7":"product_cat-stolar","8":"product_cat-stoppade-stolar","10":"first","11":"instock","12":"sale","13":"taxable","14":"shipping-taxable","15":"purchasable","16":"product-type-simple"},"yoast_head":"<!-- This site is optimized with the Yoast SEO plugin v25.4 - https:\/\/yoast.com\/wordpress\/plugins\/seo\/ -->\n<title>TRUUSK Enkelf\u00e5t\u00f6lj Vingstol Relaxstol - Sammetsliknande Polyester - Skandinavisk Design - Gr\u00f6n - 64 x 62 x 72,5 cm - TRUUSK - Hem, Tr\u00e4dg\u00e5rd &amp; Fritid<\/title>\n<meta name=\"robots\" content=\"index, follow, max-snippet:-1, max-image-preview:large, max-video-preview:-1\" \/>\n<link rel=\"canonical\" href=\"https:\/\/truusk.store\/sv\/produkt\/truusk-enkelfatolj-vingstol-relaxstol-sammetsliknande-polyester-skandinavisk-design-gron-64-x-62-x-725-cm\/\" \/>\n<meta property=\"og:locale\" content=\"sv_SE\" \/>\n<meta property=\"og:type\" content=\"article\" \/>\n<meta property=\"og:title\" content=\"TRUUSK Enkelf\u00e5t\u00f6lj Vingstol Relaxstol - Sammetsliknande Polyester - Skandinavisk Design - Gr\u00f6n - 64 x 62 x 72,5 cm - TRUUSK - Hem, Tr\u00e4dg\u00e5rd &amp; Fritid\" \/>\n<meta property=\"og:description\" content=\"Den skandinaviska f\u00e5t\u00f6ljen \u00e4r det perfekta valet, med sin attraktiva design, f\u00f6r en liten l\u00e4sh\u00f6rna. Den har gummitr\u00e4ben, en metallram,...\" \/>\n<meta property=\"og:url\" content=\"https:\/\/truusk.store\/sv\/produkt\/truusk-enkelfatolj-vingstol-relaxstol-sammetsliknande-polyester-skandinavisk-design-gron-64-x-62-x-725-cm\/\" \/>\n<meta property=\"og:site_name\" content=\"TRUUSK - Hem, Tr\u00e4dg\u00e5rd &amp; Fritid\" \/>\n<meta property=\"article:modified_time\" content=\"2026-03-12T08:03:26+00:00\" \/>\n<meta property=\"og:image\" content=\"https:\/\/i0.wp.com\/truusk.se\/wp-content\/uploads\/2024\/02\/enkelfatolj-vingstol-relaxstol-fatolj-med-sammetsupphojda-ben-sammetsliknande-polyester-skandinavisk-gron-64-x-62-x-725-cm.webp?fit=800%2C800&ssl=1\" \/>\n\t<meta property=\"og:image:width\" content=\"800\" \/>\n\t<meta property=\"og:image:height\" content=\"800\" \/>\n\t<meta property=\"og:image:type\" content=\"image\/webp\" \/>\n<meta name=\"twitter:card\" content=\"summary_large_image\" \/>\n<meta name=\"twitter:label1\" content=\"Ber\u00e4knad l\u00e4stid\" \/>\n\t<meta name=\"twitter:data1\" content=\"1 minut\" \/>\n<!-- \/ Yoast SEO plugin. -->","yoast_head_json":{"title":"TRUUSK Enkelf\u00e5t\u00f6lj Vingstol Relaxstol - Sammetsliknande Polyester - Skandinavisk Design - Gr\u00f6n - 64 x 62 x 72,5 cm - TRUUSK - Hem, Tr\u00e4dg\u00e5rd &amp; Fritid","robots":{"index":"index","follow":"follow","max-snippet":"max-snippet:-1","max-image-preview":"max-image-preview:large","max-video-preview":"max-video-preview:-1"},"canonical":"https:\/\/truusk.store\/sv\/produkt\/truusk-enkelfatolj-vingstol-relaxstol-sammetsliknande-polyester-skandinavisk-design-gron-64-x-62-x-725-cm\/","og_locale":"sv_SE","og_type":"article","og_title":"TRUUSK Enkelf\u00e5t\u00f6lj Vingstol Relaxstol - Sammetsliknande Polyester - Skandinavisk Design - Gr\u00f6n - 64 x 62 x 72,5 cm - TRUUSK - Hem, Tr\u00e4dg\u00e5rd &amp; Fritid","og_description":"Den skandinaviska f\u00e5t\u00f6ljen \u00e4r det perfekta valet, med sin attraktiva design, f\u00f6r en liten l\u00e4sh\u00f6rna. Den har gummitr\u00e4ben, en metallram,...","og_url":"https:\/\/truusk.store\/sv\/produkt\/truusk-enkelfatolj-vingstol-relaxstol-sammetsliknande-polyester-skandinavisk-design-gron-64-x-62-x-725-cm\/","og_site_name":"TRUUSK - Hem, Tr\u00e4dg\u00e5rd &amp; Fritid","article_modified_time":"2026-03-12T08:03:26+00:00","og_image":[{"width":800,"height":800,"url":"https:\/\/i0.wp.com\/truusk.se\/wp-content\/uploads\/2024\/02\/enkelfatolj-vingstol-relaxstol-fatolj-med-sammetsupphojda-ben-sammetsliknande-polyester-skandinavisk-gron-64-x-62-x-725-cm.webp?fit=800%2C800&ssl=1","type":"image\/webp"}],"twitter_card":"summary_large_image","twitter_misc":{"Ber\u00e4knad l\u00e4stid":"1 minut"},"schema":{"@context":"https:\/\/schema.org","@graph":[{"@type":"WebPage","@id":"https:\/\/truusk.store\/sv\/produkt\/truusk-enkelfatolj-vingstol-relaxstol-sammetsliknande-polyester-skandinavisk-design-gron-64-x-62-x-725-cm\/","url":"https:\/\/truusk.store\/sv\/produkt\/truusk-enkelfatolj-vingstol-relaxstol-sammetsliknande-polyester-skandinavisk-design-gron-64-x-62-x-725-cm\/","name":"TRUUSK Enkelf\u00e5t\u00f6lj Vingstol Relaxstol - Sammetsliknande Polyester - Skandinavisk Design - Gr\u00f6n - 64 x 62 x 72,5 cm - TRUUSK - Hem, Tr\u00e4dg\u00e5rd &amp; Fritid","isPartOf":{"@id":"https:\/\/truusk.store\/sv\/#website"},"primaryImageOfPage":{"@id":"https:\/\/truusk.store\/sv\/produkt\/truusk-enkelfatolj-vingstol-relaxstol-sammetsliknande-polyester-skandinavisk-design-gron-64-x-62-x-725-cm\/#primaryimage"},"image":{"@id":"https:\/\/truusk.store\/sv\/produkt\/truusk-enkelfatolj-vingstol-relaxstol-sammetsliknande-polyester-skandinavisk-design-gron-64-x-62-x-725-cm\/#primaryimage"},"thumbnailUrl":"https:\/\/i0.wp.com\/truusk.store\/wp-content\/uploads\/2024\/02\/enkelfatolj-vingstol-relaxstol-fatolj-med-sammetsupphojda-ben-sammetsliknande-polyester-skandinavisk-gron-64-x-62-x-725-cm.webp?fit=800%2C800&ssl=1","datePublished":"2024-02-13T14:38:28+00:00","dateModified":"2026-03-12T08:03:26+00:00","breadcrumb":{"@id":"https:\/\/truusk.store\/sv\/produkt\/truusk-enkelfatolj-vingstol-relaxstol-sammetsliknande-polyester-skandinavisk-design-gron-64-x-62-x-725-cm\/#breadcrumb"},"inLanguage":"sv-SE","potentialAction":[{"@type":"ReadAction","target":["https:\/\/truusk.store\/sv\/produkt\/truusk-enkelfatolj-vingstol-relaxstol-sammetsliknande-polyester-skandinavisk-design-gron-64-x-62-x-725-cm\/"]}]},{"@type":"ImageObject","inLanguage":"sv-SE","@id":"https:\/\/truusk.store\/sv\/produkt\/truusk-enkelfatolj-vingstol-relaxstol-sammetsliknande-polyester-skandinavisk-design-gron-64-x-62-x-725-cm\/#primaryimage","url":"https:\/\/i0.wp.com\/truusk.store\/wp-content\/uploads\/2024\/02\/enkelfatolj-vingstol-relaxstol-fatolj-med-sammetsupphojda-ben-sammetsliknande-polyester-skandinavisk-gron-64-x-62-x-725-cm.webp?fit=800%2C800&ssl=1","contentUrl":"https:\/\/i0.wp.com\/truusk.store\/wp-content\/uploads\/2024\/02\/enkelfatolj-vingstol-relaxstol-fatolj-med-sammetsupphojda-ben-sammetsliknande-polyester-skandinavisk-gron-64-x-62-x-725-cm.webp?fit=800%2C800&ssl=1","width":800,"height":800,"caption":"Enkelf\u00e5t\u00f6lj Vingstol Relaxstol F\u00e5t\u00f6lj Med Sammetsupph\u00f6jda Ben Sammetsliknande Polyester Skandinavisk Gr\u00f6n 64 X 62 X 72,5 Cm 1"},{"@type":"BreadcrumbList","@id":"https:\/\/truusk.store\/sv\/produkt\/truusk-enkelfatolj-vingstol-relaxstol-sammetsliknande-polyester-skandinavisk-design-gron-64-x-62-x-725-cm\/#breadcrumb","itemListElement":[{"@type":"ListItem","position":1,"name":"Home","item":"https:\/\/truusk.store\/sv\/"},{"@type":"ListItem","position":2,"name":"Shop","item":"https:\/\/truusk.store\/shop\/"},{"@type":"ListItem","position":3,"name":"TRUUSK Enkelf\u00e5t\u00f6lj Vingstol Relaxstol &#8211; Sammetsliknande Polyester &#8211; Skandinavisk Design &#8211; Gr\u00f6n &#8211; 64 x 62 x 72,5 cm"}]},{"@type":"WebSite","@id":"https:\/\/truusk.store\/sv\/#website","url":"https:\/\/truusk.store\/sv\/","name":"TRUUSK - Hem, Tr\u00e4dg\u00e5rd & Fritid","description":"","publisher":{"@id":"https:\/\/truusk.store\/sv\/#organization"},"potentialAction":[{"@type":"SearchAction","target":{"@type":"EntryPoint","urlTemplate":"https:\/\/truusk.store\/sv\/?s={search_term_string}"},"query-input":{"@type":"PropertyValueSpecification","valueRequired":true,"valueName":"search_term_string"}}],"inLanguage":"sv-SE"},{"@type":"Organization","@id":"https:\/\/truusk.store\/sv\/#organization","name":"TRUUSK - Hem, Tr\u00e4dg\u00e5rd & Fritid","url":"https:\/\/truusk.store\/sv\/","logo":{"@type":"ImageObject","inLanguage":"sv-SE","@id":"https:\/\/truusk.store\/sv\/#\/schema\/logo\/image\/","url":"https:\/\/i0.wp.com\/truusk.store\/wp-content\/uploads\/2026\/03\/cropped-TRUUSK.png?fit=2032%2C917&ssl=1","contentUrl":"https:\/\/i0.wp.com\/truusk.store\/wp-content\/uploads\/2026\/03\/cropped-TRUUSK.png?fit=2032%2C917&ssl=1","width":2032,"height":917,"caption":"TRUUSK - Hem, Tr\u00e4dg\u00e5rd & Fritid"},"image":{"@id":"https:\/\/truusk.store\/sv\/#\/schema\/logo\/image\/"}}]}},"jetpack_sharing_enabled":true,"_links":{"self":[{"href":"https:\/\/truusk.store\/sv\/wp-json\/wp\/v2\/product\/20931","targetHints":{"allow":["GET"]}}],"collection":[{"href":"https:\/\/truusk.store\/sv\/wp-json\/wp\/v2\/product"}],"about":[{"href":"https:\/\/truusk.store\/sv\/wp-json\/wp\/v2\/types\/product"}],"wp:featuredmedia":[{"embeddable":true,"href":"https:\/\/truusk.store\/sv\/wp-json\/wp\/v2\/media\/20932"}],"wp:attachment":[{"href":"https:\/\/truusk.store\/sv\/wp-json\/wp\/v2\/media?parent=20931"}],"wp:term":[{"taxonomy":"product_brand","embeddable":true,"href":"https:\/\/truusk.store\/sv\/wp-json\/wp\/v2\/product_brand?post=20931"},{"taxonomy":"product_cat","embeddable":true,"href":"https:\/\/truusk.store\/sv\/wp-json\/wp\/v2\/product_cat?post=20931"},{"taxonomy":"product_tag","embeddable":true,"href":"https:\/\/truusk.store\/sv\/wp-json\/wp\/v2\/product_tag?post=20931"}],"curies":[{"name":"wp","href":"https:\/\/api.w.org\/{rel}","templated":true}]}}