{"id":21061,"date":"2024-02-13T15:42:06","date_gmt":"2024-02-13T14:42:06","guid":{"rendered":"https:\/\/truusk.store\/product\/enkel-soffa-lounge-stol-stoppad-stol-med-armstod-traram-linne-gra-645-x-70-x-74-cm\/"},"modified":"2026-03-12T09:03:29","modified_gmt":"2026-03-12T08:03:29","slug":"truusk-hund-och-kattsoffa-mjukt-stoppad-med-armstod-traram-gra-645-x-70-x-74-cm","status":"publish","type":"product","link":"https:\/\/truusk.store\/sv\/produkt\/truusk-hund-och-kattsoffa-mjukt-stoppad-med-armstod-traram-gra-645-x-70-x-74-cm\/","title":{"rendered":"TRUUSK Hund- och Kattsoffa &#8211; Mjukt stoppad &#8211; Med armst\u00f6d &#8211; Tr\u00e4ram &#8211; Gr\u00e5 &#8211; 64,5 x 70 x 74 cm"},"content":{"rendered":"<p>Med denna klassiska f\u00e5t\u00f6lj f\u00f6r du in bepr\u00f6vad design i ditt hem som kombinerar det f\u00f6rflutna och modernitet. Kombinationen av gr\u00e5tt linne och naturligt boktr\u00e4 \u00e4r v\u00e4ldigt trendig och utstr\u00e5lar nordisk charm. Den massiva tr\u00e4ramen t\u00e5l upp till 200 kg och linne\u00f6verdraget \u00e4r l\u00e4tt att reng\u00f6ra och andas. Oavsett om du \u00e4r i vardagsrummet, sovrummet eller din l\u00e4sh\u00f6rna, kan du koppla av ordentligt p\u00e5 denna gener\u00f6st vadderade f\u00e5t\u00f6lj. Knappdetaljerna och den f\u00f6rst\u00e4rkta kanten l\u00e4gger till subtila designaccenter. Ta med fr\u00e4schhet i ditt hem med denna tv\u00e5f\u00e4rgade designf\u00e5t\u00f6lj!<\/p>\n<h3>Beskrivning:<\/h3>\n<ul>\n<li>Modern design med skandinavisk touch<\/li>\n<li>H\u00f6gkvalitativ ram av naturligt boktr\u00e4<\/li>\n<li>Gener\u00f6st vadderad f\u00f6r extra sittkomfort<\/li>\n<li>Eleganta knappdetaljer och f\u00f6rst\u00e4rkta kanter<\/li>\n<li>L\u00e4ttsk\u00f6tt gr\u00e5 linne\u00f6verdrag<\/li>\n<li>Perfekt f\u00f6r vardagsrummet, sovrummet eller kontoret<\/li>\n<\/ul>\n<h3>Teknisk data:<\/h3>\n<ul>\n<li>Material: boktr\u00e4, linne, skum<\/li>\n<li>F\u00e4rg: Gr\u00e5 + Natur<\/li>\n<li>\u00d6vergripande m\u00e5tt: B64,5 x D70 x H74 cm<\/li>\n<li>Sittyta: B53 x D44,5 x H42 cm<\/li>\n<li>Lastkapacitet: 200 kg<\/li>\n<\/ul>\n<h3>Leveransens omfattning:<\/h3>\n<ul>\n<li>1 x f\u00e5t\u00f6lj<\/li>\n<li>1 x monteringsanvisning<\/li>\n<\/ul>\n","protected":false},"excerpt":{"rendered":"<p>Med denna klassiska f\u00e5t\u00f6lj f\u00f6r du in bepr\u00f6vad design i ditt hem som kombinerar det f\u00f6rflutna och modernitet. Kombinationen av&#8230;<\/p>\n","protected":false},"featured_media":21062,"template":"","meta":[],"product_brand":[],"product_cat":[527,521,485],"product_tag":[],"class_list":{"0":"post-21061","1":"product","2":"type-product","3":"status-publish","4":"has-post-thumbnail","6":"product_cat-cocktailstol","7":"product_cat-fatolj","8":"product_cat-hus-bo","10":"first","11":"instock","12":"sale","13":"taxable","14":"shipping-taxable","15":"purchasable","16":"product-type-simple"},"yoast_head":"<!-- This site is optimized with the Yoast SEO plugin v25.4 - https:\/\/yoast.com\/wordpress\/plugins\/seo\/ -->\n<title>TRUUSK Hund- och Kattsoffa - Mjukt stoppad - Med armst\u00f6d - Tr\u00e4ram - Gr\u00e5 - 64,5 x 70 x 74 cm - TRUUSK - Hem, Tr\u00e4dg\u00e5rd &amp; Fritid<\/title>\n<meta name=\"robots\" content=\"index, follow, max-snippet:-1, max-image-preview:large, max-video-preview:-1\" \/>\n<link rel=\"canonical\" href=\"https:\/\/truusk.store\/sv\/produkt\/truusk-hund-och-kattsoffa-mjukt-stoppad-med-armstod-traram-gra-645-x-70-x-74-cm\/\" \/>\n<meta property=\"og:locale\" content=\"sv_SE\" \/>\n<meta property=\"og:type\" content=\"article\" \/>\n<meta property=\"og:title\" content=\"TRUUSK Hund- och Kattsoffa - Mjukt stoppad - Med armst\u00f6d - Tr\u00e4ram - Gr\u00e5 - 64,5 x 70 x 74 cm - TRUUSK - Hem, Tr\u00e4dg\u00e5rd &amp; Fritid\" \/>\n<meta property=\"og:description\" content=\"Med denna klassiska f\u00e5t\u00f6lj f\u00f6r du in bepr\u00f6vad design i ditt hem som kombinerar det f\u00f6rflutna och modernitet. Kombinationen av...\" \/>\n<meta property=\"og:url\" content=\"https:\/\/truusk.store\/sv\/produkt\/truusk-hund-och-kattsoffa-mjukt-stoppad-med-armstod-traram-gra-645-x-70-x-74-cm\/\" \/>\n<meta property=\"og:site_name\" content=\"TRUUSK - Hem, Tr\u00e4dg\u00e5rd &amp; Fritid\" \/>\n<meta property=\"article:modified_time\" content=\"2026-03-12T08:03:29+00:00\" \/>\n<meta property=\"og:image\" content=\"https:\/\/i0.wp.com\/truusk.se\/wp-content\/uploads\/2024\/02\/enkel-soffa-lounge-stol-stoppad-stol-med-armstod-traram-linne-gra-645-x-70-x-74-cm.webp?fit=800%2C800&ssl=1\" \/>\n\t<meta property=\"og:image:width\" content=\"800\" \/>\n\t<meta property=\"og:image:height\" content=\"800\" \/>\n\t<meta property=\"og:image:type\" content=\"image\/webp\" \/>\n<meta name=\"twitter:card\" content=\"summary_large_image\" \/>\n<meta name=\"twitter:label1\" content=\"Ber\u00e4knad l\u00e4stid\" \/>\n\t<meta name=\"twitter:data1\" content=\"1 minut\" \/>\n<!-- \/ Yoast SEO plugin. -->","yoast_head_json":{"title":"TRUUSK Hund- och Kattsoffa - Mjukt stoppad - Med armst\u00f6d - Tr\u00e4ram - Gr\u00e5 - 64,5 x 70 x 74 cm - TRUUSK - Hem, Tr\u00e4dg\u00e5rd &amp; Fritid","robots":{"index":"index","follow":"follow","max-snippet":"max-snippet:-1","max-image-preview":"max-image-preview:large","max-video-preview":"max-video-preview:-1"},"canonical":"https:\/\/truusk.store\/sv\/produkt\/truusk-hund-och-kattsoffa-mjukt-stoppad-med-armstod-traram-gra-645-x-70-x-74-cm\/","og_locale":"sv_SE","og_type":"article","og_title":"TRUUSK Hund- och Kattsoffa - Mjukt stoppad - Med armst\u00f6d - Tr\u00e4ram - Gr\u00e5 - 64,5 x 70 x 74 cm - TRUUSK - Hem, Tr\u00e4dg\u00e5rd &amp; Fritid","og_description":"Med denna klassiska f\u00e5t\u00f6lj f\u00f6r du in bepr\u00f6vad design i ditt hem som kombinerar det f\u00f6rflutna och modernitet. Kombinationen av...","og_url":"https:\/\/truusk.store\/sv\/produkt\/truusk-hund-och-kattsoffa-mjukt-stoppad-med-armstod-traram-gra-645-x-70-x-74-cm\/","og_site_name":"TRUUSK - Hem, Tr\u00e4dg\u00e5rd &amp; Fritid","article_modified_time":"2026-03-12T08:03:29+00:00","og_image":[{"width":800,"height":800,"url":"https:\/\/i0.wp.com\/truusk.se\/wp-content\/uploads\/2024\/02\/enkel-soffa-lounge-stol-stoppad-stol-med-armstod-traram-linne-gra-645-x-70-x-74-cm.webp?fit=800%2C800&ssl=1","type":"image\/webp"}],"twitter_card":"summary_large_image","twitter_misc":{"Ber\u00e4knad l\u00e4stid":"1 minut"},"schema":{"@context":"https:\/\/schema.org","@graph":[{"@type":"WebPage","@id":"https:\/\/truusk.store\/sv\/produkt\/truusk-hund-och-kattsoffa-mjukt-stoppad-med-armstod-traram-gra-645-x-70-x-74-cm\/","url":"https:\/\/truusk.store\/sv\/produkt\/truusk-hund-och-kattsoffa-mjukt-stoppad-med-armstod-traram-gra-645-x-70-x-74-cm\/","name":"TRUUSK Hund- och Kattsoffa - Mjukt stoppad - Med armst\u00f6d - Tr\u00e4ram - Gr\u00e5 - 64,5 x 70 x 74 cm - TRUUSK - Hem, Tr\u00e4dg\u00e5rd &amp; Fritid","isPartOf":{"@id":"https:\/\/truusk.store\/sv\/#website"},"primaryImageOfPage":{"@id":"https:\/\/truusk.store\/sv\/produkt\/truusk-hund-och-kattsoffa-mjukt-stoppad-med-armstod-traram-gra-645-x-70-x-74-cm\/#primaryimage"},"image":{"@id":"https:\/\/truusk.store\/sv\/produkt\/truusk-hund-och-kattsoffa-mjukt-stoppad-med-armstod-traram-gra-645-x-70-x-74-cm\/#primaryimage"},"thumbnailUrl":"https:\/\/i0.wp.com\/truusk.store\/wp-content\/uploads\/2024\/02\/enkel-soffa-lounge-stol-stoppad-stol-med-armstod-traram-linne-gra-645-x-70-x-74-cm.webp?fit=800%2C800&ssl=1","datePublished":"2024-02-13T14:42:06+00:00","dateModified":"2026-03-12T08:03:29+00:00","breadcrumb":{"@id":"https:\/\/truusk.store\/sv\/produkt\/truusk-hund-och-kattsoffa-mjukt-stoppad-med-armstod-traram-gra-645-x-70-x-74-cm\/#breadcrumb"},"inLanguage":"sv-SE","potentialAction":[{"@type":"ReadAction","target":["https:\/\/truusk.store\/sv\/produkt\/truusk-hund-och-kattsoffa-mjukt-stoppad-med-armstod-traram-gra-645-x-70-x-74-cm\/"]}]},{"@type":"ImageObject","inLanguage":"sv-SE","@id":"https:\/\/truusk.store\/sv\/produkt\/truusk-hund-och-kattsoffa-mjukt-stoppad-med-armstod-traram-gra-645-x-70-x-74-cm\/#primaryimage","url":"https:\/\/i0.wp.com\/truusk.store\/wp-content\/uploads\/2024\/02\/enkel-soffa-lounge-stol-stoppad-stol-med-armstod-traram-linne-gra-645-x-70-x-74-cm.webp?fit=800%2C800&ssl=1","contentUrl":"https:\/\/i0.wp.com\/truusk.store\/wp-content\/uploads\/2024\/02\/enkel-soffa-lounge-stol-stoppad-stol-med-armstod-traram-linne-gra-645-x-70-x-74-cm.webp?fit=800%2C800&ssl=1","width":800,"height":800,"caption":"Enkel Soffa Lounge Stol Stoppad Stol Med Armst\u00f6d Tr\u00e4ram Linne Gr\u00e5 64,5 X 70 X 74 Cm 1"},{"@type":"BreadcrumbList","@id":"https:\/\/truusk.store\/sv\/produkt\/truusk-hund-och-kattsoffa-mjukt-stoppad-med-armstod-traram-gra-645-x-70-x-74-cm\/#breadcrumb","itemListElement":[{"@type":"ListItem","position":1,"name":"Home","item":"https:\/\/truusk.store\/sv\/"},{"@type":"ListItem","position":2,"name":"Shop","item":"https:\/\/truusk.store\/shop\/"},{"@type":"ListItem","position":3,"name":"TRUUSK Hund- och Kattsoffa &#8211; Mjukt stoppad &#8211; Med armst\u00f6d &#8211; Tr\u00e4ram &#8211; Gr\u00e5 &#8211; 64,5 x 70 x 74 cm"}]},{"@type":"WebSite","@id":"https:\/\/truusk.store\/sv\/#website","url":"https:\/\/truusk.store\/sv\/","name":"TRUUSK - Hem, Tr\u00e4dg\u00e5rd & Fritid","description":"","publisher":{"@id":"https:\/\/truusk.store\/sv\/#organization"},"potentialAction":[{"@type":"SearchAction","target":{"@type":"EntryPoint","urlTemplate":"https:\/\/truusk.store\/sv\/?s={search_term_string}"},"query-input":{"@type":"PropertyValueSpecification","valueRequired":true,"valueName":"search_term_string"}}],"inLanguage":"sv-SE"},{"@type":"Organization","@id":"https:\/\/truusk.store\/sv\/#organization","name":"TRUUSK - Hem, Tr\u00e4dg\u00e5rd & Fritid","url":"https:\/\/truusk.store\/sv\/","logo":{"@type":"ImageObject","inLanguage":"sv-SE","@id":"https:\/\/truusk.store\/sv\/#\/schema\/logo\/image\/","url":"https:\/\/i0.wp.com\/truusk.store\/wp-content\/uploads\/2026\/03\/cropped-TRUUSK.png?fit=2032%2C917&ssl=1","contentUrl":"https:\/\/i0.wp.com\/truusk.store\/wp-content\/uploads\/2026\/03\/cropped-TRUUSK.png?fit=2032%2C917&ssl=1","width":2032,"height":917,"caption":"TRUUSK - Hem, Tr\u00e4dg\u00e5rd & Fritid"},"image":{"@id":"https:\/\/truusk.store\/sv\/#\/schema\/logo\/image\/"}}]}},"jetpack_sharing_enabled":true,"_links":{"self":[{"href":"https:\/\/truusk.store\/sv\/wp-json\/wp\/v2\/product\/21061","targetHints":{"allow":["GET"]}}],"collection":[{"href":"https:\/\/truusk.store\/sv\/wp-json\/wp\/v2\/product"}],"about":[{"href":"https:\/\/truusk.store\/sv\/wp-json\/wp\/v2\/types\/product"}],"wp:featuredmedia":[{"embeddable":true,"href":"https:\/\/truusk.store\/sv\/wp-json\/wp\/v2\/media\/21062"}],"wp:attachment":[{"href":"https:\/\/truusk.store\/sv\/wp-json\/wp\/v2\/media?parent=21061"}],"wp:term":[{"taxonomy":"product_brand","embeddable":true,"href":"https:\/\/truusk.store\/sv\/wp-json\/wp\/v2\/product_brand?post=21061"},{"taxonomy":"product_cat","embeddable":true,"href":"https:\/\/truusk.store\/sv\/wp-json\/wp\/v2\/product_cat?post=21061"},{"taxonomy":"product_tag","embeddable":true,"href":"https:\/\/truusk.store\/sv\/wp-json\/wp\/v2\/product_tag?post=21061"}],"curies":[{"name":"wp","href":"https:\/\/api.w.org\/{rel}","templated":true}]}}