{"id":21071,"date":"2024-02-13T15:42:26","date_gmt":"2024-02-13T14:42:26","guid":{"rendered":"https:\/\/truusk.store\/product\/folie-vaxthus-tomat-vaxthus-vaxthus-folie-tunnel-grodd-med-fonster-gron-445-x-190-x-200-cm\/"},"modified":"2026-03-12T09:03:29","modified_gmt":"2026-03-12T08:03:29","slug":"truusk-tomatvaxthus-folie-tunnelvaxthus-med-fonster-gron-445-x-190-x-200-cm","status":"publish","type":"product","link":"https:\/\/truusk.store\/sv\/produkt\/truusk-tomatvaxthus-folie-tunnelvaxthus-med-fonster-gron-445-x-190-x-200-cm\/","title":{"rendered":"TRUUSK Tomatv\u00e4xthus Folie &#8211; Tunnelv\u00e4xthus med F\u00f6nster &#8211; Gr\u00f6n &#8211; 445 x 190 x 200 cm"},"content":{"rendered":"<p>\u00c4r du en ivrig tr\u00e4dg\u00e5rdsm\u00e4stare som vill h\u00e5lla sig aktiv \u00e5ret runt? Se till att dina v\u00e4xter har det perfekta skyddet mot ogynnsamma v\u00e4derf\u00f6rh\u00e5llanden med v\u00e5rt v\u00e4xthus! V\u00e5rt v\u00e4xthus \u00e4r tillverkat av vattenavvisande och genomskinlig film och erbjuder tillr\u00e4ckligt med utrymme f\u00f6r att odla frukt, gr\u00f6nsaker och blommor. Tack vare den extra l\u00e5nga filmen och den medf\u00f6ljande tejpen \u00e4r det inte l\u00e4ngre ett problem att s\u00e4tta upp och f\u00e4sta den p\u00e5 olika ytor!<\/p>\n<h3>Beskrivning:<\/h3>\n<ul>\n<li>V\u00e4xthus med v\u00e4lvt tak f\u00f6r odling och odling av v\u00e4xter<\/li>\n<li>Skyddar v\u00e4xter fr\u00e5n kyla, frost, hagel och skadedjur p\u00e5 vintern<\/li>\n<li>Genomskinlig och vattenavvisande film<\/li>\n<li>Ram gjord av st\u00e5lr\u00f6r: stabil och rostbest\u00e4ndig<\/li>\n<li>D\u00f6rrar f\u00f6r bekv\u00e4m \u00e5tkomst<\/li>\n<li>PE-n\u00e4tf\u00f6nster s\u00e4kerst\u00e4ller god ventilation<\/li>\n<li>Fasts\u00e4ttning m\u00f6jlig genom att tynga ner eller gr\u00e4va ner<\/li>\n<li>extra l\u00e5ng folie p\u00e5 sidorna och tejp f\u00f6r b\u00e4ttre f\u00e4ste<\/li>\n<li>Verktygsfri montering<\/li>\n<li>Obs: Ta bort skyddet vid kraftig sn\u00f6, regn eller bl\u00e5st.<\/li>\n<\/ul>\n<h3>Teknisk data:<\/h3>\n<ul>\n<li>Material: st\u00e5l, PE-n\u00e4t<\/li>\n<li>F\u00e4rg: gr\u00f6n<\/li>\n<li>\u00d6vergripande m\u00e5tt: 445L x 190W x 200H cm<\/li>\n<li>Tr: 107L x 175W cm<\/li>\n<li>PE-kuvert: 140 g\/m<\/li>\n<\/ul>\n<h3>Leveransens omfattning:<\/h3>\n<ul>\n<li>1 x V\u00e4xthus<\/li>\n<li>1 x Monteringsanvisning<\/li>\n<li>Tillbeh\u00f6r<\/li>\n<\/ul>\n","protected":false},"excerpt":{"rendered":"<p>\u00c4r du en ivrig tr\u00e4dg\u00e5rdsm\u00e4stare som vill h\u00e5lla sig aktiv \u00e5ret runt? Se till att dina v\u00e4xter har det perfekta&#8230;<\/p>\n","protected":false},"featured_media":21072,"template":"","meta":[],"product_brand":[],"product_cat":[444,435,443],"product_tag":[],"class_list":{"0":"post-21071","1":"product","2":"type-product","3":"status-publish","4":"has-post-thumbnail","6":"product_cat-filma-vaxthus","7":"product_cat-tradgard-och-terrass","8":"product_cat-vaxthus-tradgardsskotsel","10":"first","11":"instock","12":"sale","13":"taxable","14":"shipping-taxable","15":"purchasable","16":"product-type-simple"},"yoast_head":"<!-- This site is optimized with the Yoast SEO plugin v25.4 - https:\/\/yoast.com\/wordpress\/plugins\/seo\/ -->\n<title>TRUUSK Tomatv\u00e4xthus Folie - Tunnelv\u00e4xthus med F\u00f6nster - Gr\u00f6n - 445 x 190 x 200 cm - TRUUSK - Hem, Tr\u00e4dg\u00e5rd &amp; Fritid<\/title>\n<meta name=\"robots\" content=\"index, follow, max-snippet:-1, max-image-preview:large, max-video-preview:-1\" \/>\n<link rel=\"canonical\" href=\"https:\/\/truusk.store\/sv\/produkt\/truusk-tomatvaxthus-folie-tunnelvaxthus-med-fonster-gron-445-x-190-x-200-cm\/\" \/>\n<meta property=\"og:locale\" content=\"sv_SE\" \/>\n<meta property=\"og:type\" content=\"article\" \/>\n<meta property=\"og:title\" content=\"TRUUSK Tomatv\u00e4xthus Folie - Tunnelv\u00e4xthus med F\u00f6nster - Gr\u00f6n - 445 x 190 x 200 cm - TRUUSK - Hem, Tr\u00e4dg\u00e5rd &amp; Fritid\" \/>\n<meta property=\"og:description\" content=\"\u00c4r du en ivrig tr\u00e4dg\u00e5rdsm\u00e4stare som vill h\u00e5lla sig aktiv \u00e5ret runt? Se till att dina v\u00e4xter har det perfekta...\" \/>\n<meta property=\"og:url\" content=\"https:\/\/truusk.store\/sv\/produkt\/truusk-tomatvaxthus-folie-tunnelvaxthus-med-fonster-gron-445-x-190-x-200-cm\/\" \/>\n<meta property=\"og:site_name\" content=\"TRUUSK - Hem, Tr\u00e4dg\u00e5rd &amp; Fritid\" \/>\n<meta property=\"article:modified_time\" content=\"2026-03-12T08:03:29+00:00\" \/>\n<meta property=\"og:image\" content=\"https:\/\/i0.wp.com\/truusk.se\/wp-content\/uploads\/2024\/02\/folie-vaxthus-tomat-vaxthus-vaxthus-folie-tunnel-grodd-med-fonster-gron-445-x-190-x-200-cm.webp?fit=800%2C800&ssl=1\" \/>\n\t<meta property=\"og:image:width\" content=\"800\" \/>\n\t<meta property=\"og:image:height\" content=\"800\" \/>\n\t<meta property=\"og:image:type\" content=\"image\/webp\" \/>\n<meta name=\"twitter:card\" content=\"summary_large_image\" \/>\n<meta name=\"twitter:label1\" content=\"Ber\u00e4knad l\u00e4stid\" \/>\n\t<meta name=\"twitter:data1\" content=\"1 minut\" \/>\n<!-- \/ Yoast SEO plugin. -->","yoast_head_json":{"title":"TRUUSK Tomatv\u00e4xthus Folie - Tunnelv\u00e4xthus med F\u00f6nster - Gr\u00f6n - 445 x 190 x 200 cm - TRUUSK - Hem, Tr\u00e4dg\u00e5rd &amp; Fritid","robots":{"index":"index","follow":"follow","max-snippet":"max-snippet:-1","max-image-preview":"max-image-preview:large","max-video-preview":"max-video-preview:-1"},"canonical":"https:\/\/truusk.store\/sv\/produkt\/truusk-tomatvaxthus-folie-tunnelvaxthus-med-fonster-gron-445-x-190-x-200-cm\/","og_locale":"sv_SE","og_type":"article","og_title":"TRUUSK Tomatv\u00e4xthus Folie - Tunnelv\u00e4xthus med F\u00f6nster - Gr\u00f6n - 445 x 190 x 200 cm - TRUUSK - Hem, Tr\u00e4dg\u00e5rd &amp; Fritid","og_description":"\u00c4r du en ivrig tr\u00e4dg\u00e5rdsm\u00e4stare som vill h\u00e5lla sig aktiv \u00e5ret runt? Se till att dina v\u00e4xter har det perfekta...","og_url":"https:\/\/truusk.store\/sv\/produkt\/truusk-tomatvaxthus-folie-tunnelvaxthus-med-fonster-gron-445-x-190-x-200-cm\/","og_site_name":"TRUUSK - Hem, Tr\u00e4dg\u00e5rd &amp; Fritid","article_modified_time":"2026-03-12T08:03:29+00:00","og_image":[{"width":800,"height":800,"url":"https:\/\/i0.wp.com\/truusk.se\/wp-content\/uploads\/2024\/02\/folie-vaxthus-tomat-vaxthus-vaxthus-folie-tunnel-grodd-med-fonster-gron-445-x-190-x-200-cm.webp?fit=800%2C800&ssl=1","type":"image\/webp"}],"twitter_card":"summary_large_image","twitter_misc":{"Ber\u00e4knad l\u00e4stid":"1 minut"},"schema":{"@context":"https:\/\/schema.org","@graph":[{"@type":"WebPage","@id":"https:\/\/truusk.store\/sv\/produkt\/truusk-tomatvaxthus-folie-tunnelvaxthus-med-fonster-gron-445-x-190-x-200-cm\/","url":"https:\/\/truusk.store\/sv\/produkt\/truusk-tomatvaxthus-folie-tunnelvaxthus-med-fonster-gron-445-x-190-x-200-cm\/","name":"TRUUSK Tomatv\u00e4xthus Folie - Tunnelv\u00e4xthus med F\u00f6nster - Gr\u00f6n - 445 x 190 x 200 cm - TRUUSK - Hem, Tr\u00e4dg\u00e5rd &amp; Fritid","isPartOf":{"@id":"https:\/\/truusk.store\/sv\/#website"},"primaryImageOfPage":{"@id":"https:\/\/truusk.store\/sv\/produkt\/truusk-tomatvaxthus-folie-tunnelvaxthus-med-fonster-gron-445-x-190-x-200-cm\/#primaryimage"},"image":{"@id":"https:\/\/truusk.store\/sv\/produkt\/truusk-tomatvaxthus-folie-tunnelvaxthus-med-fonster-gron-445-x-190-x-200-cm\/#primaryimage"},"thumbnailUrl":"https:\/\/i0.wp.com\/truusk.store\/wp-content\/uploads\/2024\/02\/folie-vaxthus-tomat-vaxthus-vaxthus-folie-tunnel-grodd-med-fonster-gron-445-x-190-x-200-cm.webp?fit=800%2C800&ssl=1","datePublished":"2024-02-13T14:42:26+00:00","dateModified":"2026-03-12T08:03:29+00:00","breadcrumb":{"@id":"https:\/\/truusk.store\/sv\/produkt\/truusk-tomatvaxthus-folie-tunnelvaxthus-med-fonster-gron-445-x-190-x-200-cm\/#breadcrumb"},"inLanguage":"sv-SE","potentialAction":[{"@type":"ReadAction","target":["https:\/\/truusk.store\/sv\/produkt\/truusk-tomatvaxthus-folie-tunnelvaxthus-med-fonster-gron-445-x-190-x-200-cm\/"]}]},{"@type":"ImageObject","inLanguage":"sv-SE","@id":"https:\/\/truusk.store\/sv\/produkt\/truusk-tomatvaxthus-folie-tunnelvaxthus-med-fonster-gron-445-x-190-x-200-cm\/#primaryimage","url":"https:\/\/i0.wp.com\/truusk.store\/wp-content\/uploads\/2024\/02\/folie-vaxthus-tomat-vaxthus-vaxthus-folie-tunnel-grodd-med-fonster-gron-445-x-190-x-200-cm.webp?fit=800%2C800&ssl=1","contentUrl":"https:\/\/i0.wp.com\/truusk.store\/wp-content\/uploads\/2024\/02\/folie-vaxthus-tomat-vaxthus-vaxthus-folie-tunnel-grodd-med-fonster-gron-445-x-190-x-200-cm.webp?fit=800%2C800&ssl=1","width":800,"height":800,"caption":"Folie V\u00e4xthus Tomat V\u00e4xthus V\u00e4xthus Folie Tunnel Grodd Med F\u00f6nster Gr\u00f6n 445 X 190 X 200 Cm 1"},{"@type":"BreadcrumbList","@id":"https:\/\/truusk.store\/sv\/produkt\/truusk-tomatvaxthus-folie-tunnelvaxthus-med-fonster-gron-445-x-190-x-200-cm\/#breadcrumb","itemListElement":[{"@type":"ListItem","position":1,"name":"Home","item":"https:\/\/truusk.store\/sv\/"},{"@type":"ListItem","position":2,"name":"Shop","item":"https:\/\/truusk.store\/shop\/"},{"@type":"ListItem","position":3,"name":"TRUUSK Tomatv\u00e4xthus Folie &#8211; Tunnelv\u00e4xthus med F\u00f6nster &#8211; Gr\u00f6n &#8211; 445 x 190 x 200 cm"}]},{"@type":"WebSite","@id":"https:\/\/truusk.store\/sv\/#website","url":"https:\/\/truusk.store\/sv\/","name":"TRUUSK - Hem, Tr\u00e4dg\u00e5rd & Fritid","description":"","publisher":{"@id":"https:\/\/truusk.store\/sv\/#organization"},"potentialAction":[{"@type":"SearchAction","target":{"@type":"EntryPoint","urlTemplate":"https:\/\/truusk.store\/sv\/?s={search_term_string}"},"query-input":{"@type":"PropertyValueSpecification","valueRequired":true,"valueName":"search_term_string"}}],"inLanguage":"sv-SE"},{"@type":"Organization","@id":"https:\/\/truusk.store\/sv\/#organization","name":"TRUUSK - Hem, Tr\u00e4dg\u00e5rd & Fritid","url":"https:\/\/truusk.store\/sv\/","logo":{"@type":"ImageObject","inLanguage":"sv-SE","@id":"https:\/\/truusk.store\/sv\/#\/schema\/logo\/image\/","url":"https:\/\/i0.wp.com\/truusk.store\/wp-content\/uploads\/2026\/03\/cropped-TRUUSK.png?fit=2032%2C917&ssl=1","contentUrl":"https:\/\/i0.wp.com\/truusk.store\/wp-content\/uploads\/2026\/03\/cropped-TRUUSK.png?fit=2032%2C917&ssl=1","width":2032,"height":917,"caption":"TRUUSK - Hem, Tr\u00e4dg\u00e5rd & Fritid"},"image":{"@id":"https:\/\/truusk.store\/sv\/#\/schema\/logo\/image\/"}}]}},"jetpack_sharing_enabled":true,"_links":{"self":[{"href":"https:\/\/truusk.store\/sv\/wp-json\/wp\/v2\/product\/21071","targetHints":{"allow":["GET"]}}],"collection":[{"href":"https:\/\/truusk.store\/sv\/wp-json\/wp\/v2\/product"}],"about":[{"href":"https:\/\/truusk.store\/sv\/wp-json\/wp\/v2\/types\/product"}],"wp:featuredmedia":[{"embeddable":true,"href":"https:\/\/truusk.store\/sv\/wp-json\/wp\/v2\/media\/21072"}],"wp:attachment":[{"href":"https:\/\/truusk.store\/sv\/wp-json\/wp\/v2\/media?parent=21071"}],"wp:term":[{"taxonomy":"product_brand","embeddable":true,"href":"https:\/\/truusk.store\/sv\/wp-json\/wp\/v2\/product_brand?post=21071"},{"taxonomy":"product_cat","embeddable":true,"href":"https:\/\/truusk.store\/sv\/wp-json\/wp\/v2\/product_cat?post=21071"},{"taxonomy":"product_tag","embeddable":true,"href":"https:\/\/truusk.store\/sv\/wp-json\/wp\/v2\/product_tag?post=21071"}],"curies":[{"name":"wp","href":"https:\/\/api.w.org\/{rel}","templated":true}]}}