{"id":21103,"date":"2024-02-13T15:43:20","date_gmt":"2024-02-13T14:43:20","guid":{"rendered":"https:\/\/truusk.store\/product\/stadvagn-mobil-hink-stadhink-torkvagn-med-vridanordning-26-liter-gul-44-x-36-x-90-cm\/"},"modified":"2026-03-12T09:03:29","modified_gmt":"2026-03-12T08:03:29","slug":"truusk-stadvagn-och-mobil-hink-26-liter-gul-44x36x90-cm-med-vridanordning","status":"publish","type":"product","link":"https:\/\/truusk.store\/sv\/produkt\/truusk-stadvagn-och-mobil-hink-26-liter-gul-44x36x90-cm-med-vridanordning\/","title":{"rendered":"TRUUSK St\u00e4dvagn och Mobil Hink &#8211; 26 Liter &#8211; Gul &#8211; 44x36x90 cm &#8211; Med Vridanordning"},"content":{"rendered":"<p>Den praktiska l\u00f6sningen f\u00f6r ditt hem eller kommersiellt bruk: Reng\u00f6ringshinken med hjul och handtag g\u00f6r det l\u00e4ttare f\u00f6r dig att torka upp var som helst. Den \u00e4r utrustad med en praktisk vridanordning. Man\u00f6vreringen \u00e4r extremt enkel och de fyra mjukt l\u00f6pande hjulen ser till att du enkelt kan skjuta st\u00e4dskopan fram och tillbaka. Med denna praktiska mobila st\u00e4dhink blir ditt arbete \u00e4nnu enklare och renare! (Obs: En mopp ing\u00e5r ej.)<\/p>\n<h3>Beskrivning:<\/h3>\n<ul>\n<li>Reng\u00f6ringshink med en kapacitet p\u00e5 26 L<\/li>\n<li>L\u00e4mplig f\u00f6r hush\u00e5lls- och kommersiell reng\u00f6ring<\/li>\n<li>Med fyra mjukt l\u00f6pande hjul<\/li>\n<li>L\u00e4ttanv\u00e4nd vridanordning<\/li>\n<li>Med h\u00e5llare f\u00f6r mopp<\/li>\n<li>Tillverkad av stark, h\u00e5llbar plast, metallhandtag<\/li>\n<li>I\u00f6gonfallande, ljus gul f\u00e4rg<\/li>\n<li>OBS: Mopp ing\u00e5r ej<\/li>\n<\/ul>\n<h3>Teknisk data:<\/h3>\n<ul>\n<li>Material: PP-plast, metall<\/li>\n<li>\u00d6vergripande m\u00e5tt: L44 x B36 x H90 cm<\/li>\n<li>Kapacitet: 26 L<\/li>\n<li>Vikt: 5,4 kg<\/li>\n<li>Max lastkapacitet: 40 kg<\/li>\n<li>F\u00e4rg gul<\/li>\n<\/ul>\n<h3>Leveransens omfattning:<\/h3>\n<ul>\n<li>1 x st\u00e4dhink med hjul<\/li>\n<li>1 x Monteringsanvisning<\/li>\n<\/ul>\n","protected":false},"excerpt":{"rendered":"<p>Den praktiska l\u00f6sningen f\u00f6r ditt hem eller kommersiellt bruk: Reng\u00f6ringshinken med hjul och handtag g\u00f6r det l\u00e4ttare f\u00f6r dig att&#8230;<\/p>\n","protected":false},"featured_media":21104,"template":"","meta":[],"product_brand":[],"product_cat":[671,685,687],"product_tag":[],"class_list":{"0":"post-21103","1":"product","2":"type-product","3":"status-publish","4":"has-post-thumbnail","6":"product_cat-jarnaffar","7":"product_cat-stadning-bestallning","8":"product_cat-stadutrustning","10":"first","11":"instock","12":"sale","13":"taxable","14":"shipping-taxable","15":"purchasable","16":"product-type-simple"},"yoast_head":"<!-- This site is optimized with the Yoast SEO plugin v25.4 - https:\/\/yoast.com\/wordpress\/plugins\/seo\/ -->\n<title>TRUUSK St\u00e4dvagn och Mobil Hink - 26 Liter - Gul - 44x36x90 cm - Med Vridanordning - TRUUSK - Hem, Tr\u00e4dg\u00e5rd &amp; Fritid<\/title>\n<meta name=\"robots\" content=\"index, follow, max-snippet:-1, max-image-preview:large, max-video-preview:-1\" \/>\n<link rel=\"canonical\" href=\"https:\/\/truusk.store\/sv\/produkt\/truusk-stadvagn-och-mobil-hink-26-liter-gul-44x36x90-cm-med-vridanordning\/\" \/>\n<meta property=\"og:locale\" content=\"sv_SE\" \/>\n<meta property=\"og:type\" content=\"article\" \/>\n<meta property=\"og:title\" content=\"TRUUSK St\u00e4dvagn och Mobil Hink - 26 Liter - Gul - 44x36x90 cm - Med Vridanordning - TRUUSK - Hem, Tr\u00e4dg\u00e5rd &amp; Fritid\" \/>\n<meta property=\"og:description\" content=\"Den praktiska l\u00f6sningen f\u00f6r ditt hem eller kommersiellt bruk: Reng\u00f6ringshinken med hjul och handtag g\u00f6r det l\u00e4ttare f\u00f6r dig att...\" \/>\n<meta property=\"og:url\" content=\"https:\/\/truusk.store\/sv\/produkt\/truusk-stadvagn-och-mobil-hink-26-liter-gul-44x36x90-cm-med-vridanordning\/\" \/>\n<meta property=\"og:site_name\" content=\"TRUUSK - Hem, Tr\u00e4dg\u00e5rd &amp; Fritid\" \/>\n<meta property=\"article:modified_time\" content=\"2026-03-12T08:03:29+00:00\" \/>\n<meta property=\"og:image\" content=\"https:\/\/i0.wp.com\/truusk.se\/wp-content\/uploads\/2024\/02\/stadvagn-mobil-hink-stadhink-torkvagn-med-vridanordning-26-liter-gul-44-x-36-x-90-cm.webp?fit=800%2C800&ssl=1\" \/>\n\t<meta property=\"og:image:width\" content=\"800\" \/>\n\t<meta property=\"og:image:height\" content=\"800\" \/>\n\t<meta property=\"og:image:type\" content=\"image\/webp\" \/>\n<meta name=\"twitter:card\" content=\"summary_large_image\" \/>\n<meta name=\"twitter:label1\" content=\"Ber\u00e4knad l\u00e4stid\" \/>\n\t<meta name=\"twitter:data1\" content=\"1 minut\" \/>\n<!-- \/ Yoast SEO plugin. -->","yoast_head_json":{"title":"TRUUSK St\u00e4dvagn och Mobil Hink - 26 Liter - Gul - 44x36x90 cm - Med Vridanordning - TRUUSK - Hem, Tr\u00e4dg\u00e5rd &amp; Fritid","robots":{"index":"index","follow":"follow","max-snippet":"max-snippet:-1","max-image-preview":"max-image-preview:large","max-video-preview":"max-video-preview:-1"},"canonical":"https:\/\/truusk.store\/sv\/produkt\/truusk-stadvagn-och-mobil-hink-26-liter-gul-44x36x90-cm-med-vridanordning\/","og_locale":"sv_SE","og_type":"article","og_title":"TRUUSK St\u00e4dvagn och Mobil Hink - 26 Liter - Gul - 44x36x90 cm - Med Vridanordning - TRUUSK - Hem, Tr\u00e4dg\u00e5rd &amp; Fritid","og_description":"Den praktiska l\u00f6sningen f\u00f6r ditt hem eller kommersiellt bruk: Reng\u00f6ringshinken med hjul och handtag g\u00f6r det l\u00e4ttare f\u00f6r dig att...","og_url":"https:\/\/truusk.store\/sv\/produkt\/truusk-stadvagn-och-mobil-hink-26-liter-gul-44x36x90-cm-med-vridanordning\/","og_site_name":"TRUUSK - Hem, Tr\u00e4dg\u00e5rd &amp; Fritid","article_modified_time":"2026-03-12T08:03:29+00:00","og_image":[{"width":800,"height":800,"url":"https:\/\/i0.wp.com\/truusk.se\/wp-content\/uploads\/2024\/02\/stadvagn-mobil-hink-stadhink-torkvagn-med-vridanordning-26-liter-gul-44-x-36-x-90-cm.webp?fit=800%2C800&ssl=1","type":"image\/webp"}],"twitter_card":"summary_large_image","twitter_misc":{"Ber\u00e4knad l\u00e4stid":"1 minut"},"schema":{"@context":"https:\/\/schema.org","@graph":[{"@type":"WebPage","@id":"https:\/\/truusk.store\/sv\/produkt\/truusk-stadvagn-och-mobil-hink-26-liter-gul-44x36x90-cm-med-vridanordning\/","url":"https:\/\/truusk.store\/sv\/produkt\/truusk-stadvagn-och-mobil-hink-26-liter-gul-44x36x90-cm-med-vridanordning\/","name":"TRUUSK St\u00e4dvagn och Mobil Hink - 26 Liter - Gul - 44x36x90 cm - Med Vridanordning - TRUUSK - Hem, Tr\u00e4dg\u00e5rd &amp; Fritid","isPartOf":{"@id":"https:\/\/truusk.store\/sv\/#website"},"primaryImageOfPage":{"@id":"https:\/\/truusk.store\/sv\/produkt\/truusk-stadvagn-och-mobil-hink-26-liter-gul-44x36x90-cm-med-vridanordning\/#primaryimage"},"image":{"@id":"https:\/\/truusk.store\/sv\/produkt\/truusk-stadvagn-och-mobil-hink-26-liter-gul-44x36x90-cm-med-vridanordning\/#primaryimage"},"thumbnailUrl":"https:\/\/i0.wp.com\/truusk.store\/wp-content\/uploads\/2024\/02\/stadvagn-mobil-hink-stadhink-torkvagn-med-vridanordning-26-liter-gul-44-x-36-x-90-cm.webp?fit=800%2C800&ssl=1","datePublished":"2024-02-13T14:43:20+00:00","dateModified":"2026-03-12T08:03:29+00:00","breadcrumb":{"@id":"https:\/\/truusk.store\/sv\/produkt\/truusk-stadvagn-och-mobil-hink-26-liter-gul-44x36x90-cm-med-vridanordning\/#breadcrumb"},"inLanguage":"sv-SE","potentialAction":[{"@type":"ReadAction","target":["https:\/\/truusk.store\/sv\/produkt\/truusk-stadvagn-och-mobil-hink-26-liter-gul-44x36x90-cm-med-vridanordning\/"]}]},{"@type":"ImageObject","inLanguage":"sv-SE","@id":"https:\/\/truusk.store\/sv\/produkt\/truusk-stadvagn-och-mobil-hink-26-liter-gul-44x36x90-cm-med-vridanordning\/#primaryimage","url":"https:\/\/i0.wp.com\/truusk.store\/wp-content\/uploads\/2024\/02\/stadvagn-mobil-hink-stadhink-torkvagn-med-vridanordning-26-liter-gul-44-x-36-x-90-cm.webp?fit=800%2C800&ssl=1","contentUrl":"https:\/\/i0.wp.com\/truusk.store\/wp-content\/uploads\/2024\/02\/stadvagn-mobil-hink-stadhink-torkvagn-med-vridanordning-26-liter-gul-44-x-36-x-90-cm.webp?fit=800%2C800&ssl=1","width":800,"height":800,"caption":"St\u00e4dvagn, Mobil Hink, St\u00e4dhink, Torkvagn Med Vridanordning, 26 Liter, Gul, 44 X 36 X 90 Cm 1"},{"@type":"BreadcrumbList","@id":"https:\/\/truusk.store\/sv\/produkt\/truusk-stadvagn-och-mobil-hink-26-liter-gul-44x36x90-cm-med-vridanordning\/#breadcrumb","itemListElement":[{"@type":"ListItem","position":1,"name":"Home","item":"https:\/\/truusk.store\/sv\/"},{"@type":"ListItem","position":2,"name":"Shop","item":"https:\/\/truusk.store\/shop\/"},{"@type":"ListItem","position":3,"name":"TRUUSK St\u00e4dvagn och Mobil Hink &#8211; 26 Liter &#8211; Gul &#8211; 44x36x90 cm &#8211; Med Vridanordning"}]},{"@type":"WebSite","@id":"https:\/\/truusk.store\/sv\/#website","url":"https:\/\/truusk.store\/sv\/","name":"TRUUSK - Hem, Tr\u00e4dg\u00e5rd & Fritid","description":"","publisher":{"@id":"https:\/\/truusk.store\/sv\/#organization"},"potentialAction":[{"@type":"SearchAction","target":{"@type":"EntryPoint","urlTemplate":"https:\/\/truusk.store\/sv\/?s={search_term_string}"},"query-input":{"@type":"PropertyValueSpecification","valueRequired":true,"valueName":"search_term_string"}}],"inLanguage":"sv-SE"},{"@type":"Organization","@id":"https:\/\/truusk.store\/sv\/#organization","name":"TRUUSK - Hem, Tr\u00e4dg\u00e5rd & Fritid","url":"https:\/\/truusk.store\/sv\/","logo":{"@type":"ImageObject","inLanguage":"sv-SE","@id":"https:\/\/truusk.store\/sv\/#\/schema\/logo\/image\/","url":"https:\/\/i0.wp.com\/truusk.store\/wp-content\/uploads\/2026\/03\/cropped-TRUUSK.png?fit=2032%2C917&ssl=1","contentUrl":"https:\/\/i0.wp.com\/truusk.store\/wp-content\/uploads\/2026\/03\/cropped-TRUUSK.png?fit=2032%2C917&ssl=1","width":2032,"height":917,"caption":"TRUUSK - Hem, Tr\u00e4dg\u00e5rd & Fritid"},"image":{"@id":"https:\/\/truusk.store\/sv\/#\/schema\/logo\/image\/"}}]}},"jetpack_sharing_enabled":true,"_links":{"self":[{"href":"https:\/\/truusk.store\/sv\/wp-json\/wp\/v2\/product\/21103","targetHints":{"allow":["GET"]}}],"collection":[{"href":"https:\/\/truusk.store\/sv\/wp-json\/wp\/v2\/product"}],"about":[{"href":"https:\/\/truusk.store\/sv\/wp-json\/wp\/v2\/types\/product"}],"wp:featuredmedia":[{"embeddable":true,"href":"https:\/\/truusk.store\/sv\/wp-json\/wp\/v2\/media\/21104"}],"wp:attachment":[{"href":"https:\/\/truusk.store\/sv\/wp-json\/wp\/v2\/media?parent=21103"}],"wp:term":[{"taxonomy":"product_brand","embeddable":true,"href":"https:\/\/truusk.store\/sv\/wp-json\/wp\/v2\/product_brand?post=21103"},{"taxonomy":"product_cat","embeddable":true,"href":"https:\/\/truusk.store\/sv\/wp-json\/wp\/v2\/product_cat?post=21103"},{"taxonomy":"product_tag","embeddable":true,"href":"https:\/\/truusk.store\/sv\/wp-json\/wp\/v2\/product_tag?post=21103"}],"curies":[{"name":"wp","href":"https:\/\/api.w.org\/{rel}","templated":true}]}}