{"id":21166,"date":"2024-02-13T15:44:59","date_gmt":"2024-02-13T14:44:59","guid":{"rendered":"https:\/\/truusk.store\/product\/hojdjusterbar-matskal-for-hundar-foderstation-skal-i-rostfritt-stal-kattskal-mdf-rostfritt-stal-morkbrun-54-x-315-x-47\/"},"modified":"2026-03-12T09:03:31","modified_gmt":"2026-03-12T08:03:31","slug":"truusk-justerbar-hundmatskal-rostfritt-stal-foderstation-morkbrun-54-x-315-x-47","status":"publish","type":"product","link":"https:\/\/truusk.store\/sv\/produkt\/truusk-justerbar-hundmatskal-rostfritt-stal-foderstation-morkbrun-54-x-315-x-47\/","title":{"rendered":"TRUUSK Justerbar Hundmatsk\u00e5l &#8211; Rostfritt St\u00e5l &#8211; Foderstation &#8211; M\u00f6rkbrun &#8211; 54 x 31,5 x 47"},"content":{"rendered":"<p>Denna matningsstation erbjuder ett bekv\u00e4mt och enkelt s\u00e4tt att mata din underbara lilla v\u00e4n. Tillverkad av massivt och naturligt MDF-material av P2-kvalitet och rostfritt st\u00e5l, \u00e4r foderstationen rostbest\u00e4ndig, giftfri och robust. Sk\u00e5len \u00e4r avtagbar, du kan enkelt fylla maten\/vattnet och reng\u00f6ra sk\u00e5larna enkelt. H\u00f6jden p\u00e5 fodersk\u00e5lsramen kan justeras till 3 niv\u00e5er, s\u00e5 att foderstationen kan f\u00f6lja med din hund fr\u00e5n valp till h\u00f6g \u00e5lder. Dessutom kan stativet f\u00f6rses med en upph\u00f6jd design, vilket minskar belastningen p\u00e5 hundens nacke, rygg och leder. Dessutom \u00e4r v\u00e5r matningsstation gjord av m\u00f6rkbruna tr\u00e4paneler, du kan kombinera den med dina andra hemm\u00f6bler.<\/p>\n<h3>Beskrivning:<\/h3>\n<ul>\n<li>Foderstationen \u00e4r gjord av P2 MDF-skiva och rostfritt st\u00e5l, mycket robust och rosts\u00e4ker<\/li>\n<li>Avtagbara sk\u00e5lar i rostfritt st\u00e5l, perfekta f\u00f6r godsaker, vatten eller mat, l\u00e4tta att reng\u00f6ra och fylla<\/li>\n<li>Ih\u00e5liga handtag p\u00e5 sidorna g\u00f6r att du enkelt kan flytta mataren<\/li>\n<li>3-stegs justerbar sk\u00e5lh\u00f6jd f\u00f6r olika storlekar av olika husdjur<\/li>\n<li>F\u00f6rh\u00f6jd hundmatsk\u00e5l kan minska belastningen p\u00e5 hundarnas nacke, ryggar och leder<\/li>\n<li>Sk\u00e5lens storlek \u00e4r tillr\u00e4ckligt stor f\u00f6r stora hundar och andra stora djur<\/li>\n<\/ul>\n<h3>Teknisk data:<\/h3>\n<ul>\n<li>F\u00e4rg: M\u00f6rkbrun<\/li>\n<li>Material: MDF, rostfritt st\u00e5l<\/li>\n<li>Totalm\u00e5tt: L54 B31,5 H47 cm<\/li>\n<li>Sk\u00e5lbottenstorlek: L51 x B30 x H42,5 cm<\/li>\n<li>Sk\u00e5lbottenh\u00f6jd: 42,5 cm, 29,7 cm, 16,9 cm<\/li>\n<li>Sk\u00e5lstorlek: 24 x H7 cm<\/li>\n<li>Sidohandtag storlek: L12,5 x B3 cm<\/li>\n<li>Ensk\u00e5lskapacitet: ca 2L<\/li>\n<\/ul>\n<h3>Leveransens omfattning:<\/h3>\n<ul>\n<li>1 utfodringsstation<\/li>\n<li>2 sk\u00e5lar i rostfritt st\u00e5l<\/li>\n<\/ul>\n","protected":false},"excerpt":{"rendered":"<p>Denna matningsstation erbjuder ett bekv\u00e4mt och enkelt s\u00e4tt att mata din underbara lilla v\u00e4n. Tillverkad av massivt och naturligt MDF-material&#8230;<\/p>\n","protected":false},"featured_media":21167,"template":"","meta":[],"product_brand":[],"product_cat":[574,573,580],"product_tag":[],"class_list":{"0":"post-21166","1":"product","2":"type-product","3":"status-publish","4":"has-post-thumbnail","6":"product_cat-hundtillbehor","7":"product_cat-husdjursmaterial","8":"product_cat-matskalar","10":"first","11":"instock","12":"sale","13":"taxable","14":"shipping-taxable","15":"purchasable","16":"product-type-simple"},"yoast_head":"<!-- This site is optimized with the Yoast SEO plugin v25.4 - https:\/\/yoast.com\/wordpress\/plugins\/seo\/ -->\n<title>TRUUSK Justerbar Hundmatsk\u00e5l - Rostfritt St\u00e5l - Foderstation - M\u00f6rkbrun - 54 x 31,5 x 47 - TRUUSK - Hem, Tr\u00e4dg\u00e5rd &amp; Fritid<\/title>\n<meta name=\"robots\" content=\"index, follow, max-snippet:-1, max-image-preview:large, max-video-preview:-1\" \/>\n<link rel=\"canonical\" href=\"https:\/\/truusk.store\/sv\/produkt\/truusk-justerbar-hundmatskal-rostfritt-stal-foderstation-morkbrun-54-x-315-x-47\/\" \/>\n<meta property=\"og:locale\" content=\"sv_SE\" \/>\n<meta property=\"og:type\" content=\"article\" \/>\n<meta property=\"og:title\" content=\"TRUUSK Justerbar Hundmatsk\u00e5l - Rostfritt St\u00e5l - Foderstation - M\u00f6rkbrun - 54 x 31,5 x 47 - TRUUSK - Hem, Tr\u00e4dg\u00e5rd &amp; Fritid\" \/>\n<meta property=\"og:description\" content=\"Denna matningsstation erbjuder ett bekv\u00e4mt och enkelt s\u00e4tt att mata din underbara lilla v\u00e4n. Tillverkad av massivt och naturligt MDF-material...\" \/>\n<meta property=\"og:url\" content=\"https:\/\/truusk.store\/sv\/produkt\/truusk-justerbar-hundmatskal-rostfritt-stal-foderstation-morkbrun-54-x-315-x-47\/\" \/>\n<meta property=\"og:site_name\" content=\"TRUUSK - Hem, Tr\u00e4dg\u00e5rd &amp; Fritid\" \/>\n<meta property=\"article:modified_time\" content=\"2026-03-12T08:03:31+00:00\" \/>\n<meta property=\"og:image\" content=\"https:\/\/i0.wp.com\/truusk.se\/wp-content\/uploads\/2024\/02\/hojdjusterbar-matskal-for-hundar-foderstation-skal-i-rostfritt-stal-kattskal-mdf-rostfritt-stal-morkbrun-54-x-315-x-47.webp?fit=800%2C800&ssl=1\" \/>\n\t<meta property=\"og:image:width\" content=\"800\" \/>\n\t<meta property=\"og:image:height\" content=\"800\" \/>\n\t<meta property=\"og:image:type\" content=\"image\/webp\" \/>\n<meta name=\"twitter:card\" content=\"summary_large_image\" \/>\n<meta name=\"twitter:label1\" content=\"Ber\u00e4knad l\u00e4stid\" \/>\n\t<meta name=\"twitter:data1\" content=\"1 minut\" \/>\n<!-- \/ Yoast SEO plugin. -->","yoast_head_json":{"title":"TRUUSK Justerbar Hundmatsk\u00e5l - Rostfritt St\u00e5l - Foderstation - M\u00f6rkbrun - 54 x 31,5 x 47 - TRUUSK - Hem, Tr\u00e4dg\u00e5rd &amp; Fritid","robots":{"index":"index","follow":"follow","max-snippet":"max-snippet:-1","max-image-preview":"max-image-preview:large","max-video-preview":"max-video-preview:-1"},"canonical":"https:\/\/truusk.store\/sv\/produkt\/truusk-justerbar-hundmatskal-rostfritt-stal-foderstation-morkbrun-54-x-315-x-47\/","og_locale":"sv_SE","og_type":"article","og_title":"TRUUSK Justerbar Hundmatsk\u00e5l - Rostfritt St\u00e5l - Foderstation - M\u00f6rkbrun - 54 x 31,5 x 47 - TRUUSK - Hem, Tr\u00e4dg\u00e5rd &amp; Fritid","og_description":"Denna matningsstation erbjuder ett bekv\u00e4mt och enkelt s\u00e4tt att mata din underbara lilla v\u00e4n. Tillverkad av massivt och naturligt MDF-material...","og_url":"https:\/\/truusk.store\/sv\/produkt\/truusk-justerbar-hundmatskal-rostfritt-stal-foderstation-morkbrun-54-x-315-x-47\/","og_site_name":"TRUUSK - Hem, Tr\u00e4dg\u00e5rd &amp; Fritid","article_modified_time":"2026-03-12T08:03:31+00:00","og_image":[{"width":800,"height":800,"url":"https:\/\/i0.wp.com\/truusk.se\/wp-content\/uploads\/2024\/02\/hojdjusterbar-matskal-for-hundar-foderstation-skal-i-rostfritt-stal-kattskal-mdf-rostfritt-stal-morkbrun-54-x-315-x-47.webp?fit=800%2C800&ssl=1","type":"image\/webp"}],"twitter_card":"summary_large_image","twitter_misc":{"Ber\u00e4knad l\u00e4stid":"1 minut"},"schema":{"@context":"https:\/\/schema.org","@graph":[{"@type":"WebPage","@id":"https:\/\/truusk.store\/sv\/produkt\/truusk-justerbar-hundmatskal-rostfritt-stal-foderstation-morkbrun-54-x-315-x-47\/","url":"https:\/\/truusk.store\/sv\/produkt\/truusk-justerbar-hundmatskal-rostfritt-stal-foderstation-morkbrun-54-x-315-x-47\/","name":"TRUUSK Justerbar Hundmatsk\u00e5l - Rostfritt St\u00e5l - Foderstation - M\u00f6rkbrun - 54 x 31,5 x 47 - TRUUSK - Hem, Tr\u00e4dg\u00e5rd &amp; Fritid","isPartOf":{"@id":"https:\/\/truusk.store\/sv\/#website"},"primaryImageOfPage":{"@id":"https:\/\/truusk.store\/sv\/produkt\/truusk-justerbar-hundmatskal-rostfritt-stal-foderstation-morkbrun-54-x-315-x-47\/#primaryimage"},"image":{"@id":"https:\/\/truusk.store\/sv\/produkt\/truusk-justerbar-hundmatskal-rostfritt-stal-foderstation-morkbrun-54-x-315-x-47\/#primaryimage"},"thumbnailUrl":"https:\/\/i0.wp.com\/truusk.store\/wp-content\/uploads\/2024\/02\/hojdjusterbar-matskal-for-hundar-foderstation-skal-i-rostfritt-stal-kattskal-mdf-rostfritt-stal-morkbrun-54-x-315-x-47.webp?fit=800%2C800&ssl=1","datePublished":"2024-02-13T14:44:59+00:00","dateModified":"2026-03-12T08:03:31+00:00","breadcrumb":{"@id":"https:\/\/truusk.store\/sv\/produkt\/truusk-justerbar-hundmatskal-rostfritt-stal-foderstation-morkbrun-54-x-315-x-47\/#breadcrumb"},"inLanguage":"sv-SE","potentialAction":[{"@type":"ReadAction","target":["https:\/\/truusk.store\/sv\/produkt\/truusk-justerbar-hundmatskal-rostfritt-stal-foderstation-morkbrun-54-x-315-x-47\/"]}]},{"@type":"ImageObject","inLanguage":"sv-SE","@id":"https:\/\/truusk.store\/sv\/produkt\/truusk-justerbar-hundmatskal-rostfritt-stal-foderstation-morkbrun-54-x-315-x-47\/#primaryimage","url":"https:\/\/i0.wp.com\/truusk.store\/wp-content\/uploads\/2024\/02\/hojdjusterbar-matskal-for-hundar-foderstation-skal-i-rostfritt-stal-kattskal-mdf-rostfritt-stal-morkbrun-54-x-315-x-47.webp?fit=800%2C800&ssl=1","contentUrl":"https:\/\/i0.wp.com\/truusk.store\/wp-content\/uploads\/2024\/02\/hojdjusterbar-matskal-for-hundar-foderstation-skal-i-rostfritt-stal-kattskal-mdf-rostfritt-stal-morkbrun-54-x-315-x-47.webp?fit=800%2C800&ssl=1","width":800,"height":800,"caption":"H\u00f6jdjusterbar Matsk\u00e5l F\u00f6r Hundar, Foderstation, Sk\u00e5l I Rostfritt St\u00e5l, Kattsk\u00e5l, MDF, Rostfritt St\u00e5l, M\u00f6rkbrun, 54 X 31,5 X 47 1"},{"@type":"BreadcrumbList","@id":"https:\/\/truusk.store\/sv\/produkt\/truusk-justerbar-hundmatskal-rostfritt-stal-foderstation-morkbrun-54-x-315-x-47\/#breadcrumb","itemListElement":[{"@type":"ListItem","position":1,"name":"Home","item":"https:\/\/truusk.store\/sv\/"},{"@type":"ListItem","position":2,"name":"Shop","item":"https:\/\/truusk.store\/shop\/"},{"@type":"ListItem","position":3,"name":"TRUUSK Justerbar Hundmatsk\u00e5l &#8211; Rostfritt St\u00e5l &#8211; Foderstation &#8211; M\u00f6rkbrun &#8211; 54 x 31,5 x 47"}]},{"@type":"WebSite","@id":"https:\/\/truusk.store\/sv\/#website","url":"https:\/\/truusk.store\/sv\/","name":"TRUUSK - Hem, Tr\u00e4dg\u00e5rd & Fritid","description":"","publisher":{"@id":"https:\/\/truusk.store\/sv\/#organization"},"potentialAction":[{"@type":"SearchAction","target":{"@type":"EntryPoint","urlTemplate":"https:\/\/truusk.store\/sv\/?s={search_term_string}"},"query-input":{"@type":"PropertyValueSpecification","valueRequired":true,"valueName":"search_term_string"}}],"inLanguage":"sv-SE"},{"@type":"Organization","@id":"https:\/\/truusk.store\/sv\/#organization","name":"TRUUSK - Hem, Tr\u00e4dg\u00e5rd & Fritid","url":"https:\/\/truusk.store\/sv\/","logo":{"@type":"ImageObject","inLanguage":"sv-SE","@id":"https:\/\/truusk.store\/sv\/#\/schema\/logo\/image\/","url":"https:\/\/i0.wp.com\/truusk.store\/wp-content\/uploads\/2026\/03\/cropped-TRUUSK.png?fit=2032%2C917&ssl=1","contentUrl":"https:\/\/i0.wp.com\/truusk.store\/wp-content\/uploads\/2026\/03\/cropped-TRUUSK.png?fit=2032%2C917&ssl=1","width":2032,"height":917,"caption":"TRUUSK - Hem, Tr\u00e4dg\u00e5rd & Fritid"},"image":{"@id":"https:\/\/truusk.store\/sv\/#\/schema\/logo\/image\/"}}]}},"jetpack_sharing_enabled":true,"_links":{"self":[{"href":"https:\/\/truusk.store\/sv\/wp-json\/wp\/v2\/product\/21166","targetHints":{"allow":["GET"]}}],"collection":[{"href":"https:\/\/truusk.store\/sv\/wp-json\/wp\/v2\/product"}],"about":[{"href":"https:\/\/truusk.store\/sv\/wp-json\/wp\/v2\/types\/product"}],"wp:featuredmedia":[{"embeddable":true,"href":"https:\/\/truusk.store\/sv\/wp-json\/wp\/v2\/media\/21167"}],"wp:attachment":[{"href":"https:\/\/truusk.store\/sv\/wp-json\/wp\/v2\/media?parent=21166"}],"wp:term":[{"taxonomy":"product_brand","embeddable":true,"href":"https:\/\/truusk.store\/sv\/wp-json\/wp\/v2\/product_brand?post=21166"},{"taxonomy":"product_cat","embeddable":true,"href":"https:\/\/truusk.store\/sv\/wp-json\/wp\/v2\/product_cat?post=21166"},{"taxonomy":"product_tag","embeddable":true,"href":"https:\/\/truusk.store\/sv\/wp-json\/wp\/v2\/product_tag?post=21166"}],"curies":[{"name":"wp","href":"https:\/\/api.w.org\/{rel}","templated":true}]}}