{"id":21190,"date":"2024-02-13T15:45:37","date_gmt":"2024-02-13T14:45:37","guid":{"rendered":"https:\/\/truusk.store\/product\/transportslap-lastvagn-cykeltrailer-lastcykelslap-cargotrailer-rod-svart\/"},"modified":"2026-03-12T09:03:31","modified_gmt":"2026-03-12T08:03:31","slug":"truusk-transportslap-lastvagn-cykeltrailer-rod-svart-inklappbar-design-med-regnskydd-natventiler-kudde-for-hundar","status":"publish","type":"product","link":"https:\/\/truusk.store\/sv\/produkt\/truusk-transportslap-lastvagn-cykeltrailer-rod-svart-inklappbar-design-med-regnskydd-natventiler-kudde-for-hundar\/","title":{"rendered":"TRUUSK Transportsl\u00e4p, Lastvagn, Cykeltrailer &#8211; R\u00f6d-svart &#8211; Inklappbar design &#8211; Med regnskydd &#8211; N\u00e4tventiler &#8211; Kudde &#8211; F\u00f6r hundar"},"content":{"rendered":"<p>Du kan transportera mycket med cykel. \u00c4ven mycket l\u00e4tt med lastvagnen. Den universella sl\u00e4pvagnen passar n\u00e4stan alla cyklar och kan snabbt f\u00e4stas och tas bort igen. Den robusta st\u00e5lramen till\u00e5ter en belastning p\u00e5 upp till 40 kg. Med 20-tumsd\u00e4cken \u00e4r sl\u00e4pet l\u00e4tt att dra \u00e4ven n\u00e4r det \u00e4r fullastat och f\u00e4lgreflektorerna s\u00e4kerst\u00e4ller b\u00e4ttre sikt.<\/p>\n<h3>Beskrivning:<\/h3>\n<ul>\n<li>Mycket stabil, pulverlackerad st\u00e5lr\u00f6rsram med st\u00f6rtb\u00e5ge<\/li>\n<li>Slitstarkt, l\u00e4ttsk\u00f6tt fodral<\/li>\n<li>20&#8243; pneumatiska d\u00e4ck med snabbf\u00e4sten<\/li>\n<li>F\u00e4llbar dragst\u00e5ng och sidopaneler<\/li>\n<li>Hjul kan enkelt demonteras f\u00f6r platsbesparande f\u00f6rvaring<\/li>\n<li>Avtagbar huva<\/li>\n<li>Inklusive sl\u00e4pvagnskoppling<\/li>\n<li>StVO godk\u00e4nd vid eftermontering av godk\u00e4nd baklykta<\/li>\n<li>Enkel och snabb montering och demontering utan verktyg<\/li>\n<li>Tv\u00e5 reflexer per hjul<\/li>\n<li>Sl\u00e4pvagnen \u00e4r l\u00e4mplig f\u00f6r 22&#8243; till 28&#8243; cyklar<\/li>\n<\/ul>\n<h3>Teknisk data:<\/h3>\n<ul>\n<li>Material: st\u00e5l och Oxford<\/li>\n<li>F\u00e4rg: R\u00f6d\/Svart<\/li>\n<li>Totala m\u00e5tt: 130 x 77 x 65 cm (LxBxH)<\/li>\n<li>M\u00e5tt transportl\u00e5da: 86 x 57x 36 cm (LxBxH)<\/li>\n<li>Pneumatiska d\u00e4ck: 20 tum<\/li>\n<li>F\u00e4rg: R\u00f6d\/Svart<\/li>\n<li>max nyttolast: 40 kg<\/li>\n<\/ul>\n<h3>Leveransens omfattning:<\/h3>\n<ul>\n<li>1 x transportvagn<\/li>\n<li>1 x Artikelinstruktioner<\/li>\n<\/ul>\n","protected":false},"excerpt":{"rendered":"<p>Du kan transportera mycket med cykel. \u00c4ven mycket l\u00e4tt med lastvagnen. Den universella sl\u00e4pvagnen passar n\u00e4stan alla cyklar och kan&#8230;<\/p>\n","protected":false},"featured_media":21191,"template":"","meta":[],"product_brand":[],"product_cat":[652,653,647],"product_tag":[],"class_list":{"0":"post-21190","1":"product","2":"type-product","3":"status-publish","4":"has-post-thumbnail","6":"product_cat-cykel","7":"product_cat-cykelvagn","8":"product_cat-sport-fritid","10":"first","11":"instock","12":"sale","13":"taxable","14":"shipping-taxable","15":"purchasable","16":"product-type-simple"},"yoast_head":"<!-- This site is optimized with the Yoast SEO plugin v25.4 - https:\/\/yoast.com\/wordpress\/plugins\/seo\/ -->\n<title>TRUUSK Transportsl\u00e4p, Lastvagn, Cykeltrailer - R\u00f6d-svart - Inklappbar design - Med regnskydd - N\u00e4tventiler - Kudde - F\u00f6r hundar - TRUUSK - Hem, Tr\u00e4dg\u00e5rd &amp; Fritid<\/title>\n<meta name=\"robots\" content=\"index, follow, max-snippet:-1, max-image-preview:large, max-video-preview:-1\" \/>\n<link rel=\"canonical\" href=\"https:\/\/truusk.store\/sv\/produkt\/truusk-transportslap-lastvagn-cykeltrailer-rod-svart-inklappbar-design-med-regnskydd-natventiler-kudde-for-hundar\/\" \/>\n<meta property=\"og:locale\" content=\"sv_SE\" \/>\n<meta property=\"og:type\" content=\"article\" \/>\n<meta property=\"og:title\" content=\"TRUUSK Transportsl\u00e4p, Lastvagn, Cykeltrailer - R\u00f6d-svart - Inklappbar design - Med regnskydd - N\u00e4tventiler - Kudde - F\u00f6r hundar - TRUUSK - Hem, Tr\u00e4dg\u00e5rd &amp; Fritid\" \/>\n<meta property=\"og:description\" content=\"Du kan transportera mycket med cykel. \u00c4ven mycket l\u00e4tt med lastvagnen. Den universella sl\u00e4pvagnen passar n\u00e4stan alla cyklar och kan...\" \/>\n<meta property=\"og:url\" content=\"https:\/\/truusk.store\/sv\/produkt\/truusk-transportslap-lastvagn-cykeltrailer-rod-svart-inklappbar-design-med-regnskydd-natventiler-kudde-for-hundar\/\" \/>\n<meta property=\"og:site_name\" content=\"TRUUSK - Hem, Tr\u00e4dg\u00e5rd &amp; Fritid\" \/>\n<meta property=\"article:modified_time\" content=\"2026-03-12T08:03:31+00:00\" \/>\n<meta property=\"og:image\" content=\"https:\/\/i0.wp.com\/truusk.se\/wp-content\/uploads\/2024\/02\/transportslap-lastvagn-cykeltrailer-lastcykelslap-cargotrailer-rod-svart.webp?fit=800%2C800&ssl=1\" \/>\n\t<meta property=\"og:image:width\" content=\"800\" \/>\n\t<meta property=\"og:image:height\" content=\"800\" \/>\n\t<meta property=\"og:image:type\" content=\"image\/webp\" \/>\n<meta name=\"twitter:card\" content=\"summary_large_image\" \/>\n<meta name=\"twitter:label1\" content=\"Ber\u00e4knad l\u00e4stid\" \/>\n\t<meta name=\"twitter:data1\" content=\"1 minut\" \/>\n<!-- \/ Yoast SEO plugin. -->","yoast_head_json":{"title":"TRUUSK Transportsl\u00e4p, Lastvagn, Cykeltrailer - R\u00f6d-svart - Inklappbar design - Med regnskydd - N\u00e4tventiler - Kudde - F\u00f6r hundar - TRUUSK - Hem, Tr\u00e4dg\u00e5rd &amp; Fritid","robots":{"index":"index","follow":"follow","max-snippet":"max-snippet:-1","max-image-preview":"max-image-preview:large","max-video-preview":"max-video-preview:-1"},"canonical":"https:\/\/truusk.store\/sv\/produkt\/truusk-transportslap-lastvagn-cykeltrailer-rod-svart-inklappbar-design-med-regnskydd-natventiler-kudde-for-hundar\/","og_locale":"sv_SE","og_type":"article","og_title":"TRUUSK Transportsl\u00e4p, Lastvagn, Cykeltrailer - R\u00f6d-svart - Inklappbar design - Med regnskydd - N\u00e4tventiler - Kudde - F\u00f6r hundar - TRUUSK - Hem, Tr\u00e4dg\u00e5rd &amp; Fritid","og_description":"Du kan transportera mycket med cykel. \u00c4ven mycket l\u00e4tt med lastvagnen. Den universella sl\u00e4pvagnen passar n\u00e4stan alla cyklar och kan...","og_url":"https:\/\/truusk.store\/sv\/produkt\/truusk-transportslap-lastvagn-cykeltrailer-rod-svart-inklappbar-design-med-regnskydd-natventiler-kudde-for-hundar\/","og_site_name":"TRUUSK - Hem, Tr\u00e4dg\u00e5rd &amp; Fritid","article_modified_time":"2026-03-12T08:03:31+00:00","og_image":[{"width":800,"height":800,"url":"https:\/\/i0.wp.com\/truusk.se\/wp-content\/uploads\/2024\/02\/transportslap-lastvagn-cykeltrailer-lastcykelslap-cargotrailer-rod-svart.webp?fit=800%2C800&ssl=1","type":"image\/webp"}],"twitter_card":"summary_large_image","twitter_misc":{"Ber\u00e4knad l\u00e4stid":"1 minut"},"schema":{"@context":"https:\/\/schema.org","@graph":[{"@type":"WebPage","@id":"https:\/\/truusk.store\/sv\/produkt\/truusk-transportslap-lastvagn-cykeltrailer-rod-svart-inklappbar-design-med-regnskydd-natventiler-kudde-for-hundar\/","url":"https:\/\/truusk.store\/sv\/produkt\/truusk-transportslap-lastvagn-cykeltrailer-rod-svart-inklappbar-design-med-regnskydd-natventiler-kudde-for-hundar\/","name":"TRUUSK Transportsl\u00e4p, Lastvagn, Cykeltrailer - R\u00f6d-svart - Inklappbar design - Med regnskydd - N\u00e4tventiler - Kudde - F\u00f6r hundar - TRUUSK - Hem, Tr\u00e4dg\u00e5rd &amp; Fritid","isPartOf":{"@id":"https:\/\/truusk.store\/sv\/#website"},"primaryImageOfPage":{"@id":"https:\/\/truusk.store\/sv\/produkt\/truusk-transportslap-lastvagn-cykeltrailer-rod-svart-inklappbar-design-med-regnskydd-natventiler-kudde-for-hundar\/#primaryimage"},"image":{"@id":"https:\/\/truusk.store\/sv\/produkt\/truusk-transportslap-lastvagn-cykeltrailer-rod-svart-inklappbar-design-med-regnskydd-natventiler-kudde-for-hundar\/#primaryimage"},"thumbnailUrl":"https:\/\/i0.wp.com\/truusk.store\/wp-content\/uploads\/2024\/02\/transportslap-lastvagn-cykeltrailer-lastcykelslap-cargotrailer-rod-svart.webp?fit=800%2C800&ssl=1","datePublished":"2024-02-13T14:45:37+00:00","dateModified":"2026-03-12T08:03:31+00:00","breadcrumb":{"@id":"https:\/\/truusk.store\/sv\/produkt\/truusk-transportslap-lastvagn-cykeltrailer-rod-svart-inklappbar-design-med-regnskydd-natventiler-kudde-for-hundar\/#breadcrumb"},"inLanguage":"sv-SE","potentialAction":[{"@type":"ReadAction","target":["https:\/\/truusk.store\/sv\/produkt\/truusk-transportslap-lastvagn-cykeltrailer-rod-svart-inklappbar-design-med-regnskydd-natventiler-kudde-for-hundar\/"]}]},{"@type":"ImageObject","inLanguage":"sv-SE","@id":"https:\/\/truusk.store\/sv\/produkt\/truusk-transportslap-lastvagn-cykeltrailer-rod-svart-inklappbar-design-med-regnskydd-natventiler-kudde-for-hundar\/#primaryimage","url":"https:\/\/i0.wp.com\/truusk.store\/wp-content\/uploads\/2024\/02\/transportslap-lastvagn-cykeltrailer-lastcykelslap-cargotrailer-rod-svart.webp?fit=800%2C800&ssl=1","contentUrl":"https:\/\/i0.wp.com\/truusk.store\/wp-content\/uploads\/2024\/02\/transportslap-lastvagn-cykeltrailer-lastcykelslap-cargotrailer-rod-svart.webp?fit=800%2C800&ssl=1","width":800,"height":800,"caption":"Transportsl\u00e4p, Lastvagn, Cykeltrailer, Lastcykelsl\u00e4p, CargoTrailer (r\u00f6d-svart) 1"},{"@type":"BreadcrumbList","@id":"https:\/\/truusk.store\/sv\/produkt\/truusk-transportslap-lastvagn-cykeltrailer-rod-svart-inklappbar-design-med-regnskydd-natventiler-kudde-for-hundar\/#breadcrumb","itemListElement":[{"@type":"ListItem","position":1,"name":"Home","item":"https:\/\/truusk.store\/sv\/"},{"@type":"ListItem","position":2,"name":"Shop","item":"https:\/\/truusk.store\/shop\/"},{"@type":"ListItem","position":3,"name":"TRUUSK Transportsl\u00e4p, Lastvagn, Cykeltrailer &#8211; R\u00f6d-svart &#8211; Inklappbar design &#8211; Med regnskydd &#8211; N\u00e4tventiler &#8211; Kudde &#8211; F\u00f6r hundar"}]},{"@type":"WebSite","@id":"https:\/\/truusk.store\/sv\/#website","url":"https:\/\/truusk.store\/sv\/","name":"TRUUSK - Hem, Tr\u00e4dg\u00e5rd & Fritid","description":"","publisher":{"@id":"https:\/\/truusk.store\/sv\/#organization"},"potentialAction":[{"@type":"SearchAction","target":{"@type":"EntryPoint","urlTemplate":"https:\/\/truusk.store\/sv\/?s={search_term_string}"},"query-input":{"@type":"PropertyValueSpecification","valueRequired":true,"valueName":"search_term_string"}}],"inLanguage":"sv-SE"},{"@type":"Organization","@id":"https:\/\/truusk.store\/sv\/#organization","name":"TRUUSK - Hem, Tr\u00e4dg\u00e5rd & Fritid","url":"https:\/\/truusk.store\/sv\/","logo":{"@type":"ImageObject","inLanguage":"sv-SE","@id":"https:\/\/truusk.store\/sv\/#\/schema\/logo\/image\/","url":"https:\/\/i0.wp.com\/truusk.store\/wp-content\/uploads\/2026\/03\/cropped-TRUUSK.png?fit=2032%2C917&ssl=1","contentUrl":"https:\/\/i0.wp.com\/truusk.store\/wp-content\/uploads\/2026\/03\/cropped-TRUUSK.png?fit=2032%2C917&ssl=1","width":2032,"height":917,"caption":"TRUUSK - Hem, Tr\u00e4dg\u00e5rd & Fritid"},"image":{"@id":"https:\/\/truusk.store\/sv\/#\/schema\/logo\/image\/"}}]}},"jetpack_sharing_enabled":true,"_links":{"self":[{"href":"https:\/\/truusk.store\/sv\/wp-json\/wp\/v2\/product\/21190","targetHints":{"allow":["GET"]}}],"collection":[{"href":"https:\/\/truusk.store\/sv\/wp-json\/wp\/v2\/product"}],"about":[{"href":"https:\/\/truusk.store\/sv\/wp-json\/wp\/v2\/types\/product"}],"wp:featuredmedia":[{"embeddable":true,"href":"https:\/\/truusk.store\/sv\/wp-json\/wp\/v2\/media\/21191"}],"wp:attachment":[{"href":"https:\/\/truusk.store\/sv\/wp-json\/wp\/v2\/media?parent=21190"}],"wp:term":[{"taxonomy":"product_brand","embeddable":true,"href":"https:\/\/truusk.store\/sv\/wp-json\/wp\/v2\/product_brand?post=21190"},{"taxonomy":"product_cat","embeddable":true,"href":"https:\/\/truusk.store\/sv\/wp-json\/wp\/v2\/product_cat?post=21190"},{"taxonomy":"product_tag","embeddable":true,"href":"https:\/\/truusk.store\/sv\/wp-json\/wp\/v2\/product_tag?post=21190"}],"curies":[{"name":"wp","href":"https:\/\/api.w.org\/{rel}","templated":true}]}}