{"id":21220,"date":"2024-02-13T15:46:29","date_gmt":"2024-02-13T14:46:29","guid":{"rendered":"https:\/\/truusk.store\/product\/fotstod-fotstod-fotstod-3-hojdjusterbart-hoft-svart-45-x-34-x-10-165-cm\/"},"modified":"2026-03-12T09:03:31","modified_gmt":"2026-03-12T08:03:31","slug":"truusk-fotstod-for-hoft-justerbar-i-3-hojdlagen-svart-45-x-34-x-10-165-cm","status":"publish","type":"product","link":"https:\/\/truusk.store\/sv\/produkt\/truusk-fotstod-for-hoft-justerbar-i-3-hojdlagen-svart-45-x-34-x-10-165-cm\/","title":{"rendered":"TRUUSK Fotst\u00f6d f\u00f6r H\u00f6ft &#8211; Justerbar i 3 H\u00f6jdl\u00e4gen &#8211; Svart &#8211; 45 x 34 x (10-16,5) cm"},"content":{"rendered":"<p>V\u00e5rt fotst\u00f6d \u00e4r placerat under skrivbordet och tar v\u00e4ldigt lite plats men erbjuder mycket komfort. 0-30 vinkeljustering och h\u00f6jdjustering i tre niv\u00e5er g\u00f6r produkten mer l\u00e4mplig f\u00f6r din kropp. F\u00f6rutom att vara halkskydd har texturen p\u00e5 produktpanelen \u00e4ven en l\u00e4tt massagefunktion. Ta hand om din h\u00e4lsa och b\u00f6rja med dina f\u00f6tter!<\/p>\n<h3>Beskrivning:<\/h3>\n<ul>\n<li>Fotst\u00f6d f\u00f6r placering under ett skrivbord ger \u00f6kad komfort under arbetet<\/li>\n<li>Lyft benen f\u00f6r att f\u00f6rb\u00e4ttra h\u00e5llningen, cirkulationen och minska nedre ryggtrycket<\/li>\n<li>3 niv\u00e5er av h\u00f6jdjustering (10 cm, 13 cm, 16,5 cm)<\/li>\n<li>H\u00e5ll upp benen, f\u00f6rb\u00e4ttra h\u00e5llningen och h\u00e5llningen f\u00f6r att minska trycket p\u00e5 nedre delen av ryggen<\/li>\n<li>Tiltplattformen kan justeras 0-30 grader<\/li>\n<li>Ytstrukturen kan f\u00f6rhindra glidning<\/li>\n<\/ul>\n<h3>Teknisk data:<\/h3>\n<ul>\n<li>Material: HIPS<\/li>\n<li>Svart f\u00e4rg<\/li>\n<li>\u00d6vergripande m\u00e5tt: L45 x B34 x H(10-16,5) cm<\/li>\n<li>Justerbar h\u00f6jd: 10cm, 13cm, 16,5cm<\/li>\n<li>Justerbar vinkel: 0-30<\/li>\n<li>Lastkapacitet: 30 kg (inom 4 timmar)<\/li>\n<\/ul>\n<h3>Leveransens omfattning:<\/h3>\n<ul>\n<li>1 x fotst\u00f6d;<\/li>\n<\/ul>\n","protected":false},"excerpt":{"rendered":"<p>V\u00e5rt fotst\u00f6d \u00e4r placerat under skrivbordet och tar v\u00e4ldigt lite plats men erbjuder mycket komfort. 0-30 vinkeljustering och h\u00f6jdjustering i&#8230;<\/p>\n","protected":false},"featured_media":21221,"template":"","meta":[],"product_brand":[],"product_cat":[485,497],"product_tag":[],"class_list":{"0":"post-21220","1":"product","2":"type-product","3":"status-publish","4":"has-post-thumbnail","6":"product_cat-hus-bo","7":"product_cat-kontorsmaterial","9":"first","10":"instock","11":"sale","12":"taxable","13":"shipping-taxable","14":"purchasable","15":"product-type-simple"},"yoast_head":"<!-- This site is optimized with the Yoast SEO plugin v25.4 - https:\/\/yoast.com\/wordpress\/plugins\/seo\/ -->\n<title>TRUUSK Fotst\u00f6d f\u00f6r H\u00f6ft - Justerbar i 3 H\u00f6jdl\u00e4gen - Svart - 45 x 34 x (10-16,5) cm - TRUUSK - Hem, Tr\u00e4dg\u00e5rd &amp; Fritid<\/title>\n<meta name=\"robots\" content=\"index, follow, max-snippet:-1, max-image-preview:large, max-video-preview:-1\" \/>\n<link rel=\"canonical\" href=\"https:\/\/truusk.store\/sv\/produkt\/truusk-fotstod-for-hoft-justerbar-i-3-hojdlagen-svart-45-x-34-x-10-165-cm\/\" \/>\n<meta property=\"og:locale\" content=\"sv_SE\" \/>\n<meta property=\"og:type\" content=\"article\" \/>\n<meta property=\"og:title\" content=\"TRUUSK Fotst\u00f6d f\u00f6r H\u00f6ft - Justerbar i 3 H\u00f6jdl\u00e4gen - Svart - 45 x 34 x (10-16,5) cm - TRUUSK - Hem, Tr\u00e4dg\u00e5rd &amp; Fritid\" \/>\n<meta property=\"og:description\" content=\"V\u00e5rt fotst\u00f6d \u00e4r placerat under skrivbordet och tar v\u00e4ldigt lite plats men erbjuder mycket komfort. 0-30 vinkeljustering och h\u00f6jdjustering i...\" \/>\n<meta property=\"og:url\" content=\"https:\/\/truusk.store\/sv\/produkt\/truusk-fotstod-for-hoft-justerbar-i-3-hojdlagen-svart-45-x-34-x-10-165-cm\/\" \/>\n<meta property=\"og:site_name\" content=\"TRUUSK - Hem, Tr\u00e4dg\u00e5rd &amp; Fritid\" \/>\n<meta property=\"article:modified_time\" content=\"2026-03-12T08:03:31+00:00\" \/>\n<meta property=\"og:image\" content=\"https:\/\/i0.wp.com\/truusk.se\/wp-content\/uploads\/2024\/02\/fotstod-fotstod-fotstod-3-hojdjusterbart-hoft-svart-45-x-34-x-10-165-cm.webp?fit=800%2C800&ssl=1\" \/>\n\t<meta property=\"og:image:width\" content=\"800\" \/>\n\t<meta property=\"og:image:height\" content=\"800\" \/>\n\t<meta property=\"og:image:type\" content=\"image\/webp\" \/>\n<meta name=\"twitter:card\" content=\"summary_large_image\" \/>\n<meta name=\"twitter:label1\" content=\"Ber\u00e4knad l\u00e4stid\" \/>\n\t<meta name=\"twitter:data1\" content=\"1 minut\" \/>\n<!-- \/ Yoast SEO plugin. -->","yoast_head_json":{"title":"TRUUSK Fotst\u00f6d f\u00f6r H\u00f6ft - Justerbar i 3 H\u00f6jdl\u00e4gen - Svart - 45 x 34 x (10-16,5) cm - TRUUSK - Hem, Tr\u00e4dg\u00e5rd &amp; Fritid","robots":{"index":"index","follow":"follow","max-snippet":"max-snippet:-1","max-image-preview":"max-image-preview:large","max-video-preview":"max-video-preview:-1"},"canonical":"https:\/\/truusk.store\/sv\/produkt\/truusk-fotstod-for-hoft-justerbar-i-3-hojdlagen-svart-45-x-34-x-10-165-cm\/","og_locale":"sv_SE","og_type":"article","og_title":"TRUUSK Fotst\u00f6d f\u00f6r H\u00f6ft - Justerbar i 3 H\u00f6jdl\u00e4gen - Svart - 45 x 34 x (10-16,5) cm - TRUUSK - Hem, Tr\u00e4dg\u00e5rd &amp; Fritid","og_description":"V\u00e5rt fotst\u00f6d \u00e4r placerat under skrivbordet och tar v\u00e4ldigt lite plats men erbjuder mycket komfort. 0-30 vinkeljustering och h\u00f6jdjustering i...","og_url":"https:\/\/truusk.store\/sv\/produkt\/truusk-fotstod-for-hoft-justerbar-i-3-hojdlagen-svart-45-x-34-x-10-165-cm\/","og_site_name":"TRUUSK - Hem, Tr\u00e4dg\u00e5rd &amp; Fritid","article_modified_time":"2026-03-12T08:03:31+00:00","og_image":[{"width":800,"height":800,"url":"https:\/\/i0.wp.com\/truusk.se\/wp-content\/uploads\/2024\/02\/fotstod-fotstod-fotstod-3-hojdjusterbart-hoft-svart-45-x-34-x-10-165-cm.webp?fit=800%2C800&ssl=1","type":"image\/webp"}],"twitter_card":"summary_large_image","twitter_misc":{"Ber\u00e4knad l\u00e4stid":"1 minut"},"schema":{"@context":"https:\/\/schema.org","@graph":[{"@type":"WebPage","@id":"https:\/\/truusk.store\/sv\/produkt\/truusk-fotstod-for-hoft-justerbar-i-3-hojdlagen-svart-45-x-34-x-10-165-cm\/","url":"https:\/\/truusk.store\/sv\/produkt\/truusk-fotstod-for-hoft-justerbar-i-3-hojdlagen-svart-45-x-34-x-10-165-cm\/","name":"TRUUSK Fotst\u00f6d f\u00f6r H\u00f6ft - Justerbar i 3 H\u00f6jdl\u00e4gen - Svart - 45 x 34 x (10-16,5) cm - TRUUSK - Hem, Tr\u00e4dg\u00e5rd &amp; Fritid","isPartOf":{"@id":"https:\/\/truusk.store\/sv\/#website"},"primaryImageOfPage":{"@id":"https:\/\/truusk.store\/sv\/produkt\/truusk-fotstod-for-hoft-justerbar-i-3-hojdlagen-svart-45-x-34-x-10-165-cm\/#primaryimage"},"image":{"@id":"https:\/\/truusk.store\/sv\/produkt\/truusk-fotstod-for-hoft-justerbar-i-3-hojdlagen-svart-45-x-34-x-10-165-cm\/#primaryimage"},"thumbnailUrl":"https:\/\/i0.wp.com\/truusk.store\/wp-content\/uploads\/2024\/02\/fotstod-fotstod-fotstod-3-hojdjusterbart-hoft-svart-45-x-34-x-10-165-cm.webp?fit=800%2C800&ssl=1","datePublished":"2024-02-13T14:46:29+00:00","dateModified":"2026-03-12T08:03:31+00:00","breadcrumb":{"@id":"https:\/\/truusk.store\/sv\/produkt\/truusk-fotstod-for-hoft-justerbar-i-3-hojdlagen-svart-45-x-34-x-10-165-cm\/#breadcrumb"},"inLanguage":"sv-SE","potentialAction":[{"@type":"ReadAction","target":["https:\/\/truusk.store\/sv\/produkt\/truusk-fotstod-for-hoft-justerbar-i-3-hojdlagen-svart-45-x-34-x-10-165-cm\/"]}]},{"@type":"ImageObject","inLanguage":"sv-SE","@id":"https:\/\/truusk.store\/sv\/produkt\/truusk-fotstod-for-hoft-justerbar-i-3-hojdlagen-svart-45-x-34-x-10-165-cm\/#primaryimage","url":"https:\/\/i0.wp.com\/truusk.store\/wp-content\/uploads\/2024\/02\/fotstod-fotstod-fotstod-3-hojdjusterbart-hoft-svart-45-x-34-x-10-165-cm.webp?fit=800%2C800&ssl=1","contentUrl":"https:\/\/i0.wp.com\/truusk.store\/wp-content\/uploads\/2024\/02\/fotstod-fotstod-fotstod-3-hojdjusterbart-hoft-svart-45-x-34-x-10-165-cm.webp?fit=800%2C800&ssl=1","width":800,"height":800,"caption":"Fotst\u00f6d, Fotst\u00f6d, Fotst\u00f6d, 3 H\u00f6jdjusterbart, H\u00d6FT, Svart, 45 X 34 X (10-16,5) Cm 1"},{"@type":"BreadcrumbList","@id":"https:\/\/truusk.store\/sv\/produkt\/truusk-fotstod-for-hoft-justerbar-i-3-hojdlagen-svart-45-x-34-x-10-165-cm\/#breadcrumb","itemListElement":[{"@type":"ListItem","position":1,"name":"Home","item":"https:\/\/truusk.store\/sv\/"},{"@type":"ListItem","position":2,"name":"Shop","item":"https:\/\/truusk.store\/shop\/"},{"@type":"ListItem","position":3,"name":"TRUUSK Fotst\u00f6d f\u00f6r H\u00f6ft &#8211; Justerbar i 3 H\u00f6jdl\u00e4gen &#8211; Svart &#8211; 45 x 34 x (10-16,5) cm"}]},{"@type":"WebSite","@id":"https:\/\/truusk.store\/sv\/#website","url":"https:\/\/truusk.store\/sv\/","name":"TRUUSK - Hem, Tr\u00e4dg\u00e5rd & Fritid","description":"","publisher":{"@id":"https:\/\/truusk.store\/sv\/#organization"},"potentialAction":[{"@type":"SearchAction","target":{"@type":"EntryPoint","urlTemplate":"https:\/\/truusk.store\/sv\/?s={search_term_string}"},"query-input":{"@type":"PropertyValueSpecification","valueRequired":true,"valueName":"search_term_string"}}],"inLanguage":"sv-SE"},{"@type":"Organization","@id":"https:\/\/truusk.store\/sv\/#organization","name":"TRUUSK - Hem, Tr\u00e4dg\u00e5rd & Fritid","url":"https:\/\/truusk.store\/sv\/","logo":{"@type":"ImageObject","inLanguage":"sv-SE","@id":"https:\/\/truusk.store\/sv\/#\/schema\/logo\/image\/","url":"https:\/\/i0.wp.com\/truusk.store\/wp-content\/uploads\/2026\/03\/cropped-TRUUSK.png?fit=2032%2C917&ssl=1","contentUrl":"https:\/\/i0.wp.com\/truusk.store\/wp-content\/uploads\/2026\/03\/cropped-TRUUSK.png?fit=2032%2C917&ssl=1","width":2032,"height":917,"caption":"TRUUSK - Hem, Tr\u00e4dg\u00e5rd & Fritid"},"image":{"@id":"https:\/\/truusk.store\/sv\/#\/schema\/logo\/image\/"}}]}},"jetpack_sharing_enabled":true,"_links":{"self":[{"href":"https:\/\/truusk.store\/sv\/wp-json\/wp\/v2\/product\/21220","targetHints":{"allow":["GET"]}}],"collection":[{"href":"https:\/\/truusk.store\/sv\/wp-json\/wp\/v2\/product"}],"about":[{"href":"https:\/\/truusk.store\/sv\/wp-json\/wp\/v2\/types\/product"}],"wp:featuredmedia":[{"embeddable":true,"href":"https:\/\/truusk.store\/sv\/wp-json\/wp\/v2\/media\/21221"}],"wp:attachment":[{"href":"https:\/\/truusk.store\/sv\/wp-json\/wp\/v2\/media?parent=21220"}],"wp:term":[{"taxonomy":"product_brand","embeddable":true,"href":"https:\/\/truusk.store\/sv\/wp-json\/wp\/v2\/product_brand?post=21220"},{"taxonomy":"product_cat","embeddable":true,"href":"https:\/\/truusk.store\/sv\/wp-json\/wp\/v2\/product_cat?post=21220"},{"taxonomy":"product_tag","embeddable":true,"href":"https:\/\/truusk.store\/sv\/wp-json\/wp\/v2\/product_tag?post=21220"}],"curies":[{"name":"wp","href":"https:\/\/api.w.org\/{rel}","templated":true}]}}