{"id":21276,"date":"2024-02-13T15:48:06","date_gmt":"2024-02-13T14:48:06","guid":{"rendered":"https:\/\/truusk.store\/product\/koksvagn-koksvagn-serveringsvagn-med-1-hopfallbar-bordsskiva-2-brickor-och-1-oppen-hylla-hjul-justerbara-fotkuddar-e1-spanskiva-metall-rustikt-brun-118-x-365-x-82-cm\/"},"modified":"2026-03-12T09:03:32","modified_gmt":"2026-03-12T08:03:32","slug":"truusk-koksvagn-serveringsvagn-med-hopfallbar-bordsskiva-2-brickor-1-oppen-hylla-hjul-justerbara-fotkuddar-e1","status":"publish","type":"product","link":"https:\/\/truusk.store\/sv\/produkt\/truusk-koksvagn-serveringsvagn-med-hopfallbar-bordsskiva-2-brickor-1-oppen-hylla-hjul-justerbara-fotkuddar-e1\/","title":{"rendered":"TRUUSK K\u00f6ksvagn, Serveringsvagn Med Hopf\u00e4llbar Bordsskiva &#8211; 2 Brickor &#8211; 1 \u00f6ppen Hylla &#8211; Hjul &#8211; Justerbara Fotkuddar &#8211; E1"},"content":{"rendered":"<p>Denna k\u00f6ksvagn imponerar inte med sin fantastiska industriella design, utan ocks\u00e5 med gott om f\u00f6rvaringsutrymme. Vid behov kan arbetsytan ut\u00f6kas med ett hopf\u00e4llbart bord. En \u00f6ppen hylla erbjuder gott om f\u00f6rvaringsutrymme f\u00f6r matvaror, disk och k\u00f6kstillbeh\u00f6r. K\u00f6ksvagnen \u00e4r l\u00e4tt att flytta tack vare sina fyra hjul. Denna k\u00f6ksvagn \u00e4r den perfekta k\u00f6kshj\u00e4lpen.<\/p>\n<h3>Beskrivning:<\/h3>\n<ul>\n<li>Mycket f\u00f6rvaringsutrymme: en hopf\u00e4llbar bordsskiva, 2 hyllor och en \u00f6ppen hylla<\/li>\n<li>Muggh\u00e5llare ger extra f\u00f6rvaringsutrymme<\/li>\n<li>Levereras med 4 mjukt l\u00f6pande hjul, 2 hjul har bromsar<\/li>\n<li>Den vikbara designen och den kompakta storleken \u00e4r v\u00e4l l\u00e4mpade f\u00f6r sm\u00e5 utrymmen<\/li>\n<li>Tillverkad av sp\u00e5nskiva f\u00f6r enkel reng\u00f6ring och l\u00e5ng h\u00e5llbarhet<\/li>\n<li>Den industriella stilen passar m\u00e5nga interi\u00f6rer<\/li>\n<li>Justerbara plastf\u00f6tter f\u00f6r ett s\u00e4kert stativ<\/li>\n<li>Montering kr\u00e4vs<\/li>\n<\/ul>\n<h3>Teknisk data:<\/h3>\n<ul>\n<li>F\u00e4rg: Rustik brun<\/li>\n<li>Material: sp\u00e5nskiva, metall<\/li>\n<li>\u00d6vergripande m\u00e5tt: 118W x 36,5D x 82H cm<\/li>\n<li>Vikbar M\u00e5tt: 51W x 37D x 82H cm<\/li>\n<li>Bordsskiva: 72,5W x 35D cm<\/li>\n<li>Muggh\u00e5llare: 9 x 6,5H cm<\/li>\n<li>Hylla: 39L x 35W cm (\u00f6verst), 43,5L x 31,8W cm (mitten\/botten)<\/li>\n<li>Viktkapacitet: 10 kg (bordsskiva), 5 kg (per hylla)<\/li>\n<\/ul>\n<h3>Leveransens omfattning:<\/h3>\n<ul>\n<li>1 x k\u00f6ksvagn<\/li>\n<li>1 x Instruktioner<\/li>\n<\/ul>\n","protected":false},"excerpt":{"rendered":"<p>Denna k\u00f6ksvagn imponerar inte med sin fantastiska industriella design, utan ocks\u00e5 med gott om f\u00f6rvaringsutrymme. Vid behov kan arbetsytan ut\u00f6kas&#8230;<\/p>\n","protected":false},"featured_media":21277,"template":"","meta":[],"product_brand":[],"product_cat":[485,503,501],"product_tag":[],"class_list":{"0":"post-21276","1":"product","2":"type-product","3":"status-publish","4":"has-post-thumbnail","6":"product_cat-hus-bo","7":"product_cat-serveringsvagn","8":"product_cat-tabeller","10":"first","11":"instock","12":"sale","13":"taxable","14":"shipping-taxable","15":"purchasable","16":"product-type-simple"},"yoast_head":"<!-- This site is optimized with the Yoast SEO plugin v25.4 - https:\/\/yoast.com\/wordpress\/plugins\/seo\/ -->\n<title>TRUUSK K\u00f6ksvagn, Serveringsvagn Med Hopf\u00e4llbar Bordsskiva - 2 Brickor - 1 \u00f6ppen Hylla - Hjul - Justerbara Fotkuddar - E1 - TRUUSK - Hem, Tr\u00e4dg\u00e5rd &amp; Fritid<\/title>\n<meta name=\"robots\" content=\"index, follow, max-snippet:-1, max-image-preview:large, max-video-preview:-1\" \/>\n<link rel=\"canonical\" href=\"https:\/\/truusk.store\/sv\/produkt\/truusk-koksvagn-serveringsvagn-med-hopfallbar-bordsskiva-2-brickor-1-oppen-hylla-hjul-justerbara-fotkuddar-e1\/\" \/>\n<meta property=\"og:locale\" content=\"sv_SE\" \/>\n<meta property=\"og:type\" content=\"article\" \/>\n<meta property=\"og:title\" content=\"TRUUSK K\u00f6ksvagn, Serveringsvagn Med Hopf\u00e4llbar Bordsskiva - 2 Brickor - 1 \u00f6ppen Hylla - Hjul - Justerbara Fotkuddar - E1 - TRUUSK - Hem, Tr\u00e4dg\u00e5rd &amp; Fritid\" \/>\n<meta property=\"og:description\" content=\"Denna k\u00f6ksvagn imponerar inte med sin fantastiska industriella design, utan ocks\u00e5 med gott om f\u00f6rvaringsutrymme. Vid behov kan arbetsytan ut\u00f6kas...\" \/>\n<meta property=\"og:url\" content=\"https:\/\/truusk.store\/sv\/produkt\/truusk-koksvagn-serveringsvagn-med-hopfallbar-bordsskiva-2-brickor-1-oppen-hylla-hjul-justerbara-fotkuddar-e1\/\" \/>\n<meta property=\"og:site_name\" content=\"TRUUSK - Hem, Tr\u00e4dg\u00e5rd &amp; Fritid\" \/>\n<meta property=\"article:modified_time\" content=\"2026-03-12T08:03:32+00:00\" \/>\n<meta property=\"og:image\" content=\"https:\/\/i0.wp.com\/truusk.se\/wp-content\/uploads\/2024\/02\/koksvagn-koksvagn-serveringsvagn-med-1-hopfallbar-bordsskiva-2-brickor-och-1-oppen-hylla-hjul-justerbara-fotkuddar-e1-spanskiva-metall-rustikt-brun-118-x-365-x-82-cm.webp?fit=800%2C800&ssl=1\" \/>\n\t<meta property=\"og:image:width\" content=\"800\" \/>\n\t<meta property=\"og:image:height\" content=\"800\" \/>\n\t<meta property=\"og:image:type\" content=\"image\/webp\" \/>\n<meta name=\"twitter:card\" content=\"summary_large_image\" \/>\n<meta name=\"twitter:label1\" content=\"Ber\u00e4knad l\u00e4stid\" \/>\n\t<meta name=\"twitter:data1\" content=\"1 minut\" \/>\n<!-- \/ Yoast SEO plugin. -->","yoast_head_json":{"title":"TRUUSK K\u00f6ksvagn, Serveringsvagn Med Hopf\u00e4llbar Bordsskiva - 2 Brickor - 1 \u00f6ppen Hylla - Hjul - Justerbara Fotkuddar - E1 - TRUUSK - Hem, Tr\u00e4dg\u00e5rd &amp; Fritid","robots":{"index":"index","follow":"follow","max-snippet":"max-snippet:-1","max-image-preview":"max-image-preview:large","max-video-preview":"max-video-preview:-1"},"canonical":"https:\/\/truusk.store\/sv\/produkt\/truusk-koksvagn-serveringsvagn-med-hopfallbar-bordsskiva-2-brickor-1-oppen-hylla-hjul-justerbara-fotkuddar-e1\/","og_locale":"sv_SE","og_type":"article","og_title":"TRUUSK K\u00f6ksvagn, Serveringsvagn Med Hopf\u00e4llbar Bordsskiva - 2 Brickor - 1 \u00f6ppen Hylla - Hjul - Justerbara Fotkuddar - E1 - TRUUSK - Hem, Tr\u00e4dg\u00e5rd &amp; Fritid","og_description":"Denna k\u00f6ksvagn imponerar inte med sin fantastiska industriella design, utan ocks\u00e5 med gott om f\u00f6rvaringsutrymme. Vid behov kan arbetsytan ut\u00f6kas...","og_url":"https:\/\/truusk.store\/sv\/produkt\/truusk-koksvagn-serveringsvagn-med-hopfallbar-bordsskiva-2-brickor-1-oppen-hylla-hjul-justerbara-fotkuddar-e1\/","og_site_name":"TRUUSK - Hem, Tr\u00e4dg\u00e5rd &amp; Fritid","article_modified_time":"2026-03-12T08:03:32+00:00","og_image":[{"width":800,"height":800,"url":"https:\/\/i0.wp.com\/truusk.se\/wp-content\/uploads\/2024\/02\/koksvagn-koksvagn-serveringsvagn-med-1-hopfallbar-bordsskiva-2-brickor-och-1-oppen-hylla-hjul-justerbara-fotkuddar-e1-spanskiva-metall-rustikt-brun-118-x-365-x-82-cm.webp?fit=800%2C800&ssl=1","type":"image\/webp"}],"twitter_card":"summary_large_image","twitter_misc":{"Ber\u00e4knad l\u00e4stid":"1 minut"},"schema":{"@context":"https:\/\/schema.org","@graph":[{"@type":"WebPage","@id":"https:\/\/truusk.store\/sv\/produkt\/truusk-koksvagn-serveringsvagn-med-hopfallbar-bordsskiva-2-brickor-1-oppen-hylla-hjul-justerbara-fotkuddar-e1\/","url":"https:\/\/truusk.store\/sv\/produkt\/truusk-koksvagn-serveringsvagn-med-hopfallbar-bordsskiva-2-brickor-1-oppen-hylla-hjul-justerbara-fotkuddar-e1\/","name":"TRUUSK K\u00f6ksvagn, Serveringsvagn Med Hopf\u00e4llbar Bordsskiva - 2 Brickor - 1 \u00f6ppen Hylla - Hjul - Justerbara Fotkuddar - E1 - TRUUSK - Hem, Tr\u00e4dg\u00e5rd &amp; Fritid","isPartOf":{"@id":"https:\/\/truusk.store\/sv\/#website"},"primaryImageOfPage":{"@id":"https:\/\/truusk.store\/sv\/produkt\/truusk-koksvagn-serveringsvagn-med-hopfallbar-bordsskiva-2-brickor-1-oppen-hylla-hjul-justerbara-fotkuddar-e1\/#primaryimage"},"image":{"@id":"https:\/\/truusk.store\/sv\/produkt\/truusk-koksvagn-serveringsvagn-med-hopfallbar-bordsskiva-2-brickor-1-oppen-hylla-hjul-justerbara-fotkuddar-e1\/#primaryimage"},"thumbnailUrl":"https:\/\/i0.wp.com\/truusk.store\/wp-content\/uploads\/2024\/02\/koksvagn-koksvagn-serveringsvagn-med-1-hopfallbar-bordsskiva-2-brickor-och-1-oppen-hylla-hjul-justerbara-fotkuddar-e1-spanskiva-metall-rustikt-brun-118-x-365-x-82-cm.webp?fit=800%2C800&ssl=1","datePublished":"2024-02-13T14:48:06+00:00","dateModified":"2026-03-12T08:03:32+00:00","breadcrumb":{"@id":"https:\/\/truusk.store\/sv\/produkt\/truusk-koksvagn-serveringsvagn-med-hopfallbar-bordsskiva-2-brickor-1-oppen-hylla-hjul-justerbara-fotkuddar-e1\/#breadcrumb"},"inLanguage":"sv-SE","potentialAction":[{"@type":"ReadAction","target":["https:\/\/truusk.store\/sv\/produkt\/truusk-koksvagn-serveringsvagn-med-hopfallbar-bordsskiva-2-brickor-1-oppen-hylla-hjul-justerbara-fotkuddar-e1\/"]}]},{"@type":"ImageObject","inLanguage":"sv-SE","@id":"https:\/\/truusk.store\/sv\/produkt\/truusk-koksvagn-serveringsvagn-med-hopfallbar-bordsskiva-2-brickor-1-oppen-hylla-hjul-justerbara-fotkuddar-e1\/#primaryimage","url":"https:\/\/i0.wp.com\/truusk.store\/wp-content\/uploads\/2024\/02\/koksvagn-koksvagn-serveringsvagn-med-1-hopfallbar-bordsskiva-2-brickor-och-1-oppen-hylla-hjul-justerbara-fotkuddar-e1-spanskiva-metall-rustikt-brun-118-x-365-x-82-cm.webp?fit=800%2C800&ssl=1","contentUrl":"https:\/\/i0.wp.com\/truusk.store\/wp-content\/uploads\/2024\/02\/koksvagn-koksvagn-serveringsvagn-med-1-hopfallbar-bordsskiva-2-brickor-och-1-oppen-hylla-hjul-justerbara-fotkuddar-e1-spanskiva-metall-rustikt-brun-118-x-365-x-82-cm.webp?fit=800%2C800&ssl=1","width":800,"height":800,"caption":"K\u00f6ksvagn, K\u00f6ksvagn, Serveringsvagn Med 1 Hopf\u00e4llbar Bordsskiva, 2 Brickor Och 1 \u00f6ppen Hylla, Hjul, Justerbara Fotkuddar, E1 Sp\u00e5nskiva Metall, Rustikt Brun, 118 X 36,5 X 82 Cm 1"},{"@type":"BreadcrumbList","@id":"https:\/\/truusk.store\/sv\/produkt\/truusk-koksvagn-serveringsvagn-med-hopfallbar-bordsskiva-2-brickor-1-oppen-hylla-hjul-justerbara-fotkuddar-e1\/#breadcrumb","itemListElement":[{"@type":"ListItem","position":1,"name":"Home","item":"https:\/\/truusk.store\/sv\/"},{"@type":"ListItem","position":2,"name":"Shop","item":"https:\/\/truusk.store\/shop\/"},{"@type":"ListItem","position":3,"name":"TRUUSK K\u00f6ksvagn, Serveringsvagn Med Hopf\u00e4llbar Bordsskiva &#8211; 2 Brickor &#8211; 1 \u00f6ppen Hylla &#8211; Hjul &#8211; Justerbara Fotkuddar &#8211; E1"}]},{"@type":"WebSite","@id":"https:\/\/truusk.store\/sv\/#website","url":"https:\/\/truusk.store\/sv\/","name":"TRUUSK - Hem, Tr\u00e4dg\u00e5rd & Fritid","description":"","publisher":{"@id":"https:\/\/truusk.store\/sv\/#organization"},"potentialAction":[{"@type":"SearchAction","target":{"@type":"EntryPoint","urlTemplate":"https:\/\/truusk.store\/sv\/?s={search_term_string}"},"query-input":{"@type":"PropertyValueSpecification","valueRequired":true,"valueName":"search_term_string"}}],"inLanguage":"sv-SE"},{"@type":"Organization","@id":"https:\/\/truusk.store\/sv\/#organization","name":"TRUUSK - Hem, Tr\u00e4dg\u00e5rd & Fritid","url":"https:\/\/truusk.store\/sv\/","logo":{"@type":"ImageObject","inLanguage":"sv-SE","@id":"https:\/\/truusk.store\/sv\/#\/schema\/logo\/image\/","url":"https:\/\/i0.wp.com\/truusk.store\/wp-content\/uploads\/2026\/03\/cropped-TRUUSK.png?fit=2032%2C917&ssl=1","contentUrl":"https:\/\/i0.wp.com\/truusk.store\/wp-content\/uploads\/2026\/03\/cropped-TRUUSK.png?fit=2032%2C917&ssl=1","width":2032,"height":917,"caption":"TRUUSK - Hem, Tr\u00e4dg\u00e5rd & Fritid"},"image":{"@id":"https:\/\/truusk.store\/sv\/#\/schema\/logo\/image\/"}}]}},"jetpack_sharing_enabled":true,"_links":{"self":[{"href":"https:\/\/truusk.store\/sv\/wp-json\/wp\/v2\/product\/21276","targetHints":{"allow":["GET"]}}],"collection":[{"href":"https:\/\/truusk.store\/sv\/wp-json\/wp\/v2\/product"}],"about":[{"href":"https:\/\/truusk.store\/sv\/wp-json\/wp\/v2\/types\/product"}],"wp:featuredmedia":[{"embeddable":true,"href":"https:\/\/truusk.store\/sv\/wp-json\/wp\/v2\/media\/21277"}],"wp:attachment":[{"href":"https:\/\/truusk.store\/sv\/wp-json\/wp\/v2\/media?parent=21276"}],"wp:term":[{"taxonomy":"product_brand","embeddable":true,"href":"https:\/\/truusk.store\/sv\/wp-json\/wp\/v2\/product_brand?post=21276"},{"taxonomy":"product_cat","embeddable":true,"href":"https:\/\/truusk.store\/sv\/wp-json\/wp\/v2\/product_cat?post=21276"},{"taxonomy":"product_tag","embeddable":true,"href":"https:\/\/truusk.store\/sv\/wp-json\/wp\/v2\/product_tag?post=21276"}],"curies":[{"name":"wp","href":"https:\/\/api.w.org\/{rel}","templated":true}]}}