{"id":21328,"date":"2024-02-13T15:49:38","date_gmt":"2024-02-13T14:49:38","guid":{"rendered":"https:\/\/truusk.store\/product\/inomhus-cykeltranare-hemgym-cykeltranare-fitnesscykel-85-x-46-x-114-cm\/"},"modified":"2026-03-12T09:03:32","modified_gmt":"2026-03-12T08:03:32","slug":"truusk-inomhus-cykeltranare-hemgym-fitnesscykel-85-x-46-x-114-cm","status":"publish","type":"product","link":"https:\/\/truusk.store\/sv\/produkt\/truusk-inomhus-cykeltranare-hemgym-fitnesscykel-85-x-46-x-114-cm\/","title":{"rendered":"TRUUSK Inomhus Cykeltr\u00e4nare &#8211; Hemgym &#8211; Fitnesscykel &#8211; 85 x 46 x 114 cm"},"content":{"rendered":"<p>Slutf\u00f6r din konditionstr\u00e4ning oavsett vind och v\u00e4der! Med denna cykeltr\u00e4nare kan du tr\u00e4na p\u00e5litligt och effektivt mot din personliga toppform. Trampmotst\u00e5ndet kan justeras efter din personliga tr\u00e4ningsniv\u00e5. Styre och sadel kan \u00e4ven justeras s\u00e5 att du alltid kan tr\u00e4na bekv\u00e4mt. L\u00e4s enkelt dina tr\u00e4ningsdata som tid, hastighet, distans, puls eller kalorif\u00f6rbrukning fr\u00e5n den digitala displayen.<\/p>\n<h3>Beskrivning:<\/h3>\n<ul>\n<li>H\u00f6gkvalitativ motionscykel f\u00f6r privat bruk<\/li>\n<li>Kraftig st\u00e5lkonstruktion med halkfria f\u00f6tter f\u00f6r h\u00f6g stabilitet<\/li>\n<li>LCD-display visar tr\u00e4ningsdata som tid, hastighet, distans och kalorif\u00f6rbrukning<\/li>\n<li>Trampmotst\u00e5ndet kan justeras stegl\u00f6st med filtmotst\u00e5nd<\/li>\n<li>Sits horisontellt justerbart och h\u00f6jdjusterbart<\/li>\n<li>Styret och handtaget \u00e4r ocks\u00e5 justerbara i h\u00f6jdled<\/li>\n<li>Med h\u00e5llare f\u00f6r din smartphone<\/li>\n<li>L\u00e4tt att flytta tack vare de 2 hjulen<\/li>\n<li>Enkel konstruktion<\/li>\n<\/ul>\n<h3>Teknisk data:<\/h3>\n<ul>\n<li>Material: st\u00e5l, ABS<\/li>\n<li>Totalm\u00e5tt: L85 x B46 x H114 cm<\/li>\n<li>Sitth\u00f6jd: 78-93 cm<\/li>\n<li>Handtagsh\u00f6jd: 104-114 cm<\/li>\n<li>Sitsstorlek: L24 x B22 cm<\/li>\n<li>Svart f\u00e4rg<\/li>\n<li>Max lastkapacitet: 100 kg<\/li>\n<\/ul>\n<h3>Leveransens omfattning:<\/h3>\n<ul>\n<li>1x cykeltr\u00e4nare<\/li>\n<\/ul>\n","protected":false},"excerpt":{"rendered":"<p>Slutf\u00f6r din konditionstr\u00e4ning oavsett vind och v\u00e4der! Med denna cykeltr\u00e4nare kan du tr\u00e4na p\u00e5litligt och effektivt mot din personliga toppform&#8230;.<\/p>\n","protected":false},"featured_media":21329,"template":"","meta":[],"product_brand":[],"product_cat":[664,661,647],"product_tag":[],"class_list":{"0":"post-21328","1":"product","2":"type-product","3":"status-publish","4":"has-post-thumbnail","6":"product_cat-ergometrar-motionscyklar","7":"product_cat-kondition-styrketraning","8":"product_cat-sport-fritid","10":"first","11":"instock","12":"sale","13":"taxable","14":"shipping-taxable","15":"purchasable","16":"product-type-simple"},"yoast_head":"<!-- This site is optimized with the Yoast SEO plugin v25.4 - https:\/\/yoast.com\/wordpress\/plugins\/seo\/ -->\n<title>TRUUSK Inomhus Cykeltr\u00e4nare - Hemgym - Fitnesscykel - 85 x 46 x 114 cm - TRUUSK - Hem, Tr\u00e4dg\u00e5rd &amp; Fritid<\/title>\n<meta name=\"robots\" content=\"index, follow, max-snippet:-1, max-image-preview:large, max-video-preview:-1\" \/>\n<link rel=\"canonical\" href=\"https:\/\/truusk.store\/sv\/produkt\/truusk-inomhus-cykeltranare-hemgym-fitnesscykel-85-x-46-x-114-cm\/\" \/>\n<meta property=\"og:locale\" content=\"sv_SE\" \/>\n<meta property=\"og:type\" content=\"article\" \/>\n<meta property=\"og:title\" content=\"TRUUSK Inomhus Cykeltr\u00e4nare - Hemgym - Fitnesscykel - 85 x 46 x 114 cm - TRUUSK - Hem, Tr\u00e4dg\u00e5rd &amp; Fritid\" \/>\n<meta property=\"og:description\" content=\"Slutf\u00f6r din konditionstr\u00e4ning oavsett vind och v\u00e4der! Med denna cykeltr\u00e4nare kan du tr\u00e4na p\u00e5litligt och effektivt mot din personliga toppform....\" \/>\n<meta property=\"og:url\" content=\"https:\/\/truusk.store\/sv\/produkt\/truusk-inomhus-cykeltranare-hemgym-fitnesscykel-85-x-46-x-114-cm\/\" \/>\n<meta property=\"og:site_name\" content=\"TRUUSK - Hem, Tr\u00e4dg\u00e5rd &amp; Fritid\" \/>\n<meta property=\"article:modified_time\" content=\"2026-03-12T08:03:32+00:00\" \/>\n<meta property=\"og:image\" content=\"https:\/\/i0.wp.com\/truusk.se\/wp-content\/uploads\/2024\/02\/inomhus-cykeltranare-hemgym-cykeltranare-fitnesscykel-85-x-46-x-114-cm.webp?fit=800%2C800&ssl=1\" \/>\n\t<meta property=\"og:image:width\" content=\"800\" \/>\n\t<meta property=\"og:image:height\" content=\"800\" \/>\n\t<meta property=\"og:image:type\" content=\"image\/webp\" \/>\n<meta name=\"twitter:card\" content=\"summary_large_image\" \/>\n<meta name=\"twitter:label1\" content=\"Ber\u00e4knad l\u00e4stid\" \/>\n\t<meta name=\"twitter:data1\" content=\"1 minut\" \/>\n<!-- \/ Yoast SEO plugin. -->","yoast_head_json":{"title":"TRUUSK Inomhus Cykeltr\u00e4nare - Hemgym - Fitnesscykel - 85 x 46 x 114 cm - TRUUSK - Hem, Tr\u00e4dg\u00e5rd &amp; Fritid","robots":{"index":"index","follow":"follow","max-snippet":"max-snippet:-1","max-image-preview":"max-image-preview:large","max-video-preview":"max-video-preview:-1"},"canonical":"https:\/\/truusk.store\/sv\/produkt\/truusk-inomhus-cykeltranare-hemgym-fitnesscykel-85-x-46-x-114-cm\/","og_locale":"sv_SE","og_type":"article","og_title":"TRUUSK Inomhus Cykeltr\u00e4nare - Hemgym - Fitnesscykel - 85 x 46 x 114 cm - TRUUSK - Hem, Tr\u00e4dg\u00e5rd &amp; Fritid","og_description":"Slutf\u00f6r din konditionstr\u00e4ning oavsett vind och v\u00e4der! Med denna cykeltr\u00e4nare kan du tr\u00e4na p\u00e5litligt och effektivt mot din personliga toppform....","og_url":"https:\/\/truusk.store\/sv\/produkt\/truusk-inomhus-cykeltranare-hemgym-fitnesscykel-85-x-46-x-114-cm\/","og_site_name":"TRUUSK - Hem, Tr\u00e4dg\u00e5rd &amp; Fritid","article_modified_time":"2026-03-12T08:03:32+00:00","og_image":[{"width":800,"height":800,"url":"https:\/\/i0.wp.com\/truusk.se\/wp-content\/uploads\/2024\/02\/inomhus-cykeltranare-hemgym-cykeltranare-fitnesscykel-85-x-46-x-114-cm.webp?fit=800%2C800&ssl=1","type":"image\/webp"}],"twitter_card":"summary_large_image","twitter_misc":{"Ber\u00e4knad l\u00e4stid":"1 minut"},"schema":{"@context":"https:\/\/schema.org","@graph":[{"@type":"WebPage","@id":"https:\/\/truusk.store\/sv\/produkt\/truusk-inomhus-cykeltranare-hemgym-fitnesscykel-85-x-46-x-114-cm\/","url":"https:\/\/truusk.store\/sv\/produkt\/truusk-inomhus-cykeltranare-hemgym-fitnesscykel-85-x-46-x-114-cm\/","name":"TRUUSK Inomhus Cykeltr\u00e4nare - Hemgym - Fitnesscykel - 85 x 46 x 114 cm - TRUUSK - Hem, Tr\u00e4dg\u00e5rd &amp; Fritid","isPartOf":{"@id":"https:\/\/truusk.store\/sv\/#website"},"primaryImageOfPage":{"@id":"https:\/\/truusk.store\/sv\/produkt\/truusk-inomhus-cykeltranare-hemgym-fitnesscykel-85-x-46-x-114-cm\/#primaryimage"},"image":{"@id":"https:\/\/truusk.store\/sv\/produkt\/truusk-inomhus-cykeltranare-hemgym-fitnesscykel-85-x-46-x-114-cm\/#primaryimage"},"thumbnailUrl":"https:\/\/i0.wp.com\/truusk.store\/wp-content\/uploads\/2024\/02\/inomhus-cykeltranare-hemgym-cykeltranare-fitnesscykel-85-x-46-x-114-cm.webp?fit=800%2C800&ssl=1","datePublished":"2024-02-13T14:49:38+00:00","dateModified":"2026-03-12T08:03:32+00:00","breadcrumb":{"@id":"https:\/\/truusk.store\/sv\/produkt\/truusk-inomhus-cykeltranare-hemgym-fitnesscykel-85-x-46-x-114-cm\/#breadcrumb"},"inLanguage":"sv-SE","potentialAction":[{"@type":"ReadAction","target":["https:\/\/truusk.store\/sv\/produkt\/truusk-inomhus-cykeltranare-hemgym-fitnesscykel-85-x-46-x-114-cm\/"]}]},{"@type":"ImageObject","inLanguage":"sv-SE","@id":"https:\/\/truusk.store\/sv\/produkt\/truusk-inomhus-cykeltranare-hemgym-fitnesscykel-85-x-46-x-114-cm\/#primaryimage","url":"https:\/\/i0.wp.com\/truusk.store\/wp-content\/uploads\/2024\/02\/inomhus-cykeltranare-hemgym-cykeltranare-fitnesscykel-85-x-46-x-114-cm.webp?fit=800%2C800&ssl=1","contentUrl":"https:\/\/i0.wp.com\/truusk.store\/wp-content\/uploads\/2024\/02\/inomhus-cykeltranare-hemgym-cykeltranare-fitnesscykel-85-x-46-x-114-cm.webp?fit=800%2C800&ssl=1","width":800,"height":800,"caption":"Inomhus Cykeltr\u00e4nare Hemgym Cykeltr\u00e4nare Fitnesscykel 85 X 46 X 114 Cm 1"},{"@type":"BreadcrumbList","@id":"https:\/\/truusk.store\/sv\/produkt\/truusk-inomhus-cykeltranare-hemgym-fitnesscykel-85-x-46-x-114-cm\/#breadcrumb","itemListElement":[{"@type":"ListItem","position":1,"name":"Home","item":"https:\/\/truusk.store\/sv\/"},{"@type":"ListItem","position":2,"name":"Shop","item":"https:\/\/truusk.store\/shop\/"},{"@type":"ListItem","position":3,"name":"TRUUSK Inomhus Cykeltr\u00e4nare &#8211; Hemgym &#8211; Fitnesscykel &#8211; 85 x 46 x 114 cm"}]},{"@type":"WebSite","@id":"https:\/\/truusk.store\/sv\/#website","url":"https:\/\/truusk.store\/sv\/","name":"TRUUSK - Hem, Tr\u00e4dg\u00e5rd & Fritid","description":"","publisher":{"@id":"https:\/\/truusk.store\/sv\/#organization"},"potentialAction":[{"@type":"SearchAction","target":{"@type":"EntryPoint","urlTemplate":"https:\/\/truusk.store\/sv\/?s={search_term_string}"},"query-input":{"@type":"PropertyValueSpecification","valueRequired":true,"valueName":"search_term_string"}}],"inLanguage":"sv-SE"},{"@type":"Organization","@id":"https:\/\/truusk.store\/sv\/#organization","name":"TRUUSK - Hem, Tr\u00e4dg\u00e5rd & Fritid","url":"https:\/\/truusk.store\/sv\/","logo":{"@type":"ImageObject","inLanguage":"sv-SE","@id":"https:\/\/truusk.store\/sv\/#\/schema\/logo\/image\/","url":"https:\/\/i0.wp.com\/truusk.store\/wp-content\/uploads\/2026\/03\/cropped-TRUUSK.png?fit=2032%2C917&ssl=1","contentUrl":"https:\/\/i0.wp.com\/truusk.store\/wp-content\/uploads\/2026\/03\/cropped-TRUUSK.png?fit=2032%2C917&ssl=1","width":2032,"height":917,"caption":"TRUUSK - Hem, Tr\u00e4dg\u00e5rd & Fritid"},"image":{"@id":"https:\/\/truusk.store\/sv\/#\/schema\/logo\/image\/"}}]}},"jetpack_sharing_enabled":true,"_links":{"self":[{"href":"https:\/\/truusk.store\/sv\/wp-json\/wp\/v2\/product\/21328","targetHints":{"allow":["GET"]}}],"collection":[{"href":"https:\/\/truusk.store\/sv\/wp-json\/wp\/v2\/product"}],"about":[{"href":"https:\/\/truusk.store\/sv\/wp-json\/wp\/v2\/types\/product"}],"wp:featuredmedia":[{"embeddable":true,"href":"https:\/\/truusk.store\/sv\/wp-json\/wp\/v2\/media\/21329"}],"wp:attachment":[{"href":"https:\/\/truusk.store\/sv\/wp-json\/wp\/v2\/media?parent=21328"}],"wp:term":[{"taxonomy":"product_brand","embeddable":true,"href":"https:\/\/truusk.store\/sv\/wp-json\/wp\/v2\/product_brand?post=21328"},{"taxonomy":"product_cat","embeddable":true,"href":"https:\/\/truusk.store\/sv\/wp-json\/wp\/v2\/product_cat?post=21328"},{"taxonomy":"product_tag","embeddable":true,"href":"https:\/\/truusk.store\/sv\/wp-json\/wp\/v2\/product_tag?post=21328"}],"curies":[{"name":"wp","href":"https:\/\/api.w.org\/{rel}","templated":true}]}}