{"id":21394,"date":"2024-02-13T15:51:31","date_gmt":"2024-02-13T14:51:31","guid":{"rendered":"https:\/\/truusk.store\/product\/gazebo-med-polykarbonattak-gardiner-med-flugnat-aluminiumram-morkgra-3-x-3-m\/"},"modified":"2026-03-12T09:03:33","modified_gmt":"2026-03-12T08:03:33","slug":"truusk-gazebo-med-polykarbonattak-gardiner-med-flugnat-aluminiumram-morkgra-3-x-3-m","status":"publish","type":"product","link":"https:\/\/truusk.store\/sv\/produkt\/truusk-gazebo-med-polykarbonattak-gardiner-med-flugnat-aluminiumram-morkgra-3-x-3-m\/","title":{"rendered":"TRUUSK Gazebo med polykarbonattak &#8211; Gardiner med flugn\u00e4t &#8211; Aluminiumram &#8211; M\u00f6rkgr\u00e5 &#8211; 3 x 3 m"},"content":{"rendered":"<p>F\u00f6rdjupa dig i ren utomhuslyx med v\u00e5rt exklusiva lusthus med hardtop. Det genomskinliga polykarbonattaket skapar en bekv\u00e4m, inbjudande atmosf\u00e4r att koppla av i. Samtidigt erbjuder paviljongen med sina dubbellagers gardiner tillf\u00f6rlitligt skydd mot ogynnsamma v\u00e4derf\u00f6rh\u00e5llanden och irriterande insekter. Tack vare anv\u00e4ndningen av robusta och v\u00e4derbest\u00e4ndiga material \u00e4r detta lusthus ett m\u00e4sterverk av h\u00e5llbarhet och tillf\u00f6rlitlighet.<\/p>\n<h3>Beskrivning:<\/h3>\n<ul>\n<li>H\u00f6gkvalitativ, modern hardtop tr\u00e4dg\u00e5rdspaviljong<\/li>\n<li>Genomskinligt, vattent\u00e4tt paviljongtak av UV-best\u00e4ndig polykarbonat<\/li>\n<li>Rosts\u00e4ker metallram av h\u00f6g kvalitet<\/li>\n<li>Gardiner kan st\u00e4ngas eller tas bort variabelt och best\u00e5r av tv\u00e5 delar: ogenomskinlig polyester (yttre) och nylonflugn\u00e4t (insida).<\/li>\n<li>8 pinnar f\u00f6r f\u00f6rankring i mjuk mark s\u00e4kerst\u00e4ller stabilitet<\/li>\n<li>Observera: Anv\u00e4nd inte i h\u00e5rt v\u00e4der eller stormar<\/li>\n<li>Sn\u00f6ansamlingar ska tas bort fr\u00e5n taket<\/li>\n<\/ul>\n<h3>Teknisk data:<\/h3>\n<ul>\n<li>Material: aluminium, j\u00e4rn, polykarbonat, polyester<\/li>\n<li>F\u00e4rg: Brun (tak), gr\u00e5 (sidov\u00e4ggar)<\/li>\n<li>M\u00e5tt: 300L x 300W x 265H cm<\/li>\n<li>Frih\u00f6jd: 198 cm<\/li>\n<li>Taktjocklek: 6 mm<\/li>\n<li>Kolumnavst\u00e5nd: 265 cm<\/li>\n<li>Vindskyddsklass: 6 (39-49 km\/h<\/li>\n<li>24,5\u201330,5 mph)<\/li>\n<li>Sn\u00f6lastkapacitet: 90 kg<\/li>\n<\/ul>\n<h3>Leveransens omfattning:<\/h3>\n<ul>\n<li>1 x Gazebo<\/li>\n<li>8 x sill<\/li>\n<li>1 x Monteringsanvisning<\/li>\n<li>Monteringstillbeh\u00f6r<\/li>\n<li>VIKTIGT: Vi levererar varan till trottoarkanten utan kostnad. Se till att du anger r\u00e4tt adress och telefonnummer.<\/li>\n<\/ul>\n","protected":false},"excerpt":{"rendered":"<p>F\u00f6rdjupa dig i ren utomhuslyx med v\u00e5rt exklusiva lusthus med hardtop. Det genomskinliga polykarbonattaket skapar en bekv\u00e4m, inbjudande atmosf\u00e4r att&#8230;<\/p>\n","protected":false},"featured_media":21395,"template":"","meta":[],"product_brand":[],"product_cat":[477,435,476],"product_tag":[],"class_list":{"0":"post-21394","1":"product","2":"type-product","3":"status-publish","4":"has-post-thumbnail","6":"product_cat-paviljonger-partytalt","7":"product_cat-tradgard-och-terrass","8":"product_cat-tradgardspaviljonger","10":"first","11":"instock","12":"sale","13":"taxable","14":"shipping-taxable","15":"purchasable","16":"product-type-simple"},"yoast_head":"<!-- This site is optimized with the Yoast SEO plugin v25.4 - https:\/\/yoast.com\/wordpress\/plugins\/seo\/ -->\n<title>TRUUSK Gazebo med polykarbonattak - Gardiner med flugn\u00e4t - Aluminiumram - M\u00f6rkgr\u00e5 - 3 x 3 m - TRUUSK - Hem, Tr\u00e4dg\u00e5rd &amp; Fritid<\/title>\n<meta name=\"robots\" content=\"index, follow, max-snippet:-1, max-image-preview:large, max-video-preview:-1\" \/>\n<link rel=\"canonical\" href=\"https:\/\/truusk.store\/sv\/produkt\/truusk-gazebo-med-polykarbonattak-gardiner-med-flugnat-aluminiumram-morkgra-3-x-3-m\/\" \/>\n<meta property=\"og:locale\" content=\"sv_SE\" \/>\n<meta property=\"og:type\" content=\"article\" \/>\n<meta property=\"og:title\" content=\"TRUUSK Gazebo med polykarbonattak - Gardiner med flugn\u00e4t - Aluminiumram - M\u00f6rkgr\u00e5 - 3 x 3 m - TRUUSK - Hem, Tr\u00e4dg\u00e5rd &amp; Fritid\" \/>\n<meta property=\"og:description\" content=\"F\u00f6rdjupa dig i ren utomhuslyx med v\u00e5rt exklusiva lusthus med hardtop. Det genomskinliga polykarbonattaket skapar en bekv\u00e4m, inbjudande atmosf\u00e4r att...\" \/>\n<meta property=\"og:url\" content=\"https:\/\/truusk.store\/sv\/produkt\/truusk-gazebo-med-polykarbonattak-gardiner-med-flugnat-aluminiumram-morkgra-3-x-3-m\/\" \/>\n<meta property=\"og:site_name\" content=\"TRUUSK - Hem, Tr\u00e4dg\u00e5rd &amp; Fritid\" \/>\n<meta property=\"article:modified_time\" content=\"2026-03-12T08:03:33+00:00\" \/>\n<meta property=\"og:image\" content=\"https:\/\/i0.wp.com\/truusk.se\/wp-content\/uploads\/2024\/02\/gazebo-med-polykarbonattak-gardiner-med-flugnat-aluminiumram-morkgra-3-x-3-m.webp?fit=800%2C800&ssl=1\" \/>\n\t<meta property=\"og:image:width\" content=\"800\" \/>\n\t<meta property=\"og:image:height\" content=\"800\" \/>\n\t<meta property=\"og:image:type\" content=\"image\/webp\" \/>\n<meta name=\"twitter:card\" content=\"summary_large_image\" \/>\n<meta name=\"twitter:label1\" content=\"Ber\u00e4knad l\u00e4stid\" \/>\n\t<meta name=\"twitter:data1\" content=\"1 minut\" \/>\n<!-- \/ Yoast SEO plugin. -->","yoast_head_json":{"title":"TRUUSK Gazebo med polykarbonattak - Gardiner med flugn\u00e4t - Aluminiumram - M\u00f6rkgr\u00e5 - 3 x 3 m - TRUUSK - Hem, Tr\u00e4dg\u00e5rd &amp; Fritid","robots":{"index":"index","follow":"follow","max-snippet":"max-snippet:-1","max-image-preview":"max-image-preview:large","max-video-preview":"max-video-preview:-1"},"canonical":"https:\/\/truusk.store\/sv\/produkt\/truusk-gazebo-med-polykarbonattak-gardiner-med-flugnat-aluminiumram-morkgra-3-x-3-m\/","og_locale":"sv_SE","og_type":"article","og_title":"TRUUSK Gazebo med polykarbonattak - Gardiner med flugn\u00e4t - Aluminiumram - M\u00f6rkgr\u00e5 - 3 x 3 m - TRUUSK - Hem, Tr\u00e4dg\u00e5rd &amp; Fritid","og_description":"F\u00f6rdjupa dig i ren utomhuslyx med v\u00e5rt exklusiva lusthus med hardtop. Det genomskinliga polykarbonattaket skapar en bekv\u00e4m, inbjudande atmosf\u00e4r att...","og_url":"https:\/\/truusk.store\/sv\/produkt\/truusk-gazebo-med-polykarbonattak-gardiner-med-flugnat-aluminiumram-morkgra-3-x-3-m\/","og_site_name":"TRUUSK - Hem, Tr\u00e4dg\u00e5rd &amp; Fritid","article_modified_time":"2026-03-12T08:03:33+00:00","og_image":[{"width":800,"height":800,"url":"https:\/\/i0.wp.com\/truusk.se\/wp-content\/uploads\/2024\/02\/gazebo-med-polykarbonattak-gardiner-med-flugnat-aluminiumram-morkgra-3-x-3-m.webp?fit=800%2C800&ssl=1","type":"image\/webp"}],"twitter_card":"summary_large_image","twitter_misc":{"Ber\u00e4knad l\u00e4stid":"1 minut"},"schema":{"@context":"https:\/\/schema.org","@graph":[{"@type":"WebPage","@id":"https:\/\/truusk.store\/sv\/produkt\/truusk-gazebo-med-polykarbonattak-gardiner-med-flugnat-aluminiumram-morkgra-3-x-3-m\/","url":"https:\/\/truusk.store\/sv\/produkt\/truusk-gazebo-med-polykarbonattak-gardiner-med-flugnat-aluminiumram-morkgra-3-x-3-m\/","name":"TRUUSK Gazebo med polykarbonattak - Gardiner med flugn\u00e4t - Aluminiumram - M\u00f6rkgr\u00e5 - 3 x 3 m - TRUUSK - Hem, Tr\u00e4dg\u00e5rd &amp; Fritid","isPartOf":{"@id":"https:\/\/truusk.store\/sv\/#website"},"primaryImageOfPage":{"@id":"https:\/\/truusk.store\/sv\/produkt\/truusk-gazebo-med-polykarbonattak-gardiner-med-flugnat-aluminiumram-morkgra-3-x-3-m\/#primaryimage"},"image":{"@id":"https:\/\/truusk.store\/sv\/produkt\/truusk-gazebo-med-polykarbonattak-gardiner-med-flugnat-aluminiumram-morkgra-3-x-3-m\/#primaryimage"},"thumbnailUrl":"https:\/\/i0.wp.com\/truusk.store\/wp-content\/uploads\/2024\/02\/gazebo-med-polykarbonattak-gardiner-med-flugnat-aluminiumram-morkgra-3-x-3-m.webp?fit=800%2C800&ssl=1","datePublished":"2024-02-13T14:51:31+00:00","dateModified":"2026-03-12T08:03:33+00:00","breadcrumb":{"@id":"https:\/\/truusk.store\/sv\/produkt\/truusk-gazebo-med-polykarbonattak-gardiner-med-flugnat-aluminiumram-morkgra-3-x-3-m\/#breadcrumb"},"inLanguage":"sv-SE","potentialAction":[{"@type":"ReadAction","target":["https:\/\/truusk.store\/sv\/produkt\/truusk-gazebo-med-polykarbonattak-gardiner-med-flugnat-aluminiumram-morkgra-3-x-3-m\/"]}]},{"@type":"ImageObject","inLanguage":"sv-SE","@id":"https:\/\/truusk.store\/sv\/produkt\/truusk-gazebo-med-polykarbonattak-gardiner-med-flugnat-aluminiumram-morkgra-3-x-3-m\/#primaryimage","url":"https:\/\/i0.wp.com\/truusk.store\/wp-content\/uploads\/2024\/02\/gazebo-med-polykarbonattak-gardiner-med-flugnat-aluminiumram-morkgra-3-x-3-m.webp?fit=800%2C800&ssl=1","contentUrl":"https:\/\/i0.wp.com\/truusk.store\/wp-content\/uploads\/2024\/02\/gazebo-med-polykarbonattak-gardiner-med-flugnat-aluminiumram-morkgra-3-x-3-m.webp?fit=800%2C800&ssl=1","width":800,"height":800,"caption":"Gazebo Med Polykarbonattak, Gardiner Med Flugn\u00e4t, Aluminiumram, M\u00f6rkgr\u00e5, 3 X 3 M 1"},{"@type":"BreadcrumbList","@id":"https:\/\/truusk.store\/sv\/produkt\/truusk-gazebo-med-polykarbonattak-gardiner-med-flugnat-aluminiumram-morkgra-3-x-3-m\/#breadcrumb","itemListElement":[{"@type":"ListItem","position":1,"name":"Home","item":"https:\/\/truusk.store\/sv\/"},{"@type":"ListItem","position":2,"name":"Shop","item":"https:\/\/truusk.store\/shop\/"},{"@type":"ListItem","position":3,"name":"TRUUSK Gazebo med polykarbonattak &#8211; Gardiner med flugn\u00e4t &#8211; Aluminiumram &#8211; M\u00f6rkgr\u00e5 &#8211; 3 x 3 m"}]},{"@type":"WebSite","@id":"https:\/\/truusk.store\/sv\/#website","url":"https:\/\/truusk.store\/sv\/","name":"TRUUSK - Hem, Tr\u00e4dg\u00e5rd & Fritid","description":"","publisher":{"@id":"https:\/\/truusk.store\/sv\/#organization"},"potentialAction":[{"@type":"SearchAction","target":{"@type":"EntryPoint","urlTemplate":"https:\/\/truusk.store\/sv\/?s={search_term_string}"},"query-input":{"@type":"PropertyValueSpecification","valueRequired":true,"valueName":"search_term_string"}}],"inLanguage":"sv-SE"},{"@type":"Organization","@id":"https:\/\/truusk.store\/sv\/#organization","name":"TRUUSK - Hem, Tr\u00e4dg\u00e5rd & Fritid","url":"https:\/\/truusk.store\/sv\/","logo":{"@type":"ImageObject","inLanguage":"sv-SE","@id":"https:\/\/truusk.store\/sv\/#\/schema\/logo\/image\/","url":"https:\/\/i0.wp.com\/truusk.store\/wp-content\/uploads\/2026\/03\/cropped-TRUUSK.png?fit=2032%2C917&ssl=1","contentUrl":"https:\/\/i0.wp.com\/truusk.store\/wp-content\/uploads\/2026\/03\/cropped-TRUUSK.png?fit=2032%2C917&ssl=1","width":2032,"height":917,"caption":"TRUUSK - Hem, Tr\u00e4dg\u00e5rd & Fritid"},"image":{"@id":"https:\/\/truusk.store\/sv\/#\/schema\/logo\/image\/"}}]}},"jetpack_sharing_enabled":true,"_links":{"self":[{"href":"https:\/\/truusk.store\/sv\/wp-json\/wp\/v2\/product\/21394","targetHints":{"allow":["GET"]}}],"collection":[{"href":"https:\/\/truusk.store\/sv\/wp-json\/wp\/v2\/product"}],"about":[{"href":"https:\/\/truusk.store\/sv\/wp-json\/wp\/v2\/types\/product"}],"wp:featuredmedia":[{"embeddable":true,"href":"https:\/\/truusk.store\/sv\/wp-json\/wp\/v2\/media\/21395"}],"wp:attachment":[{"href":"https:\/\/truusk.store\/sv\/wp-json\/wp\/v2\/media?parent=21394"}],"wp:term":[{"taxonomy":"product_brand","embeddable":true,"href":"https:\/\/truusk.store\/sv\/wp-json\/wp\/v2\/product_brand?post=21394"},{"taxonomy":"product_cat","embeddable":true,"href":"https:\/\/truusk.store\/sv\/wp-json\/wp\/v2\/product_cat?post=21394"},{"taxonomy":"product_tag","embeddable":true,"href":"https:\/\/truusk.store\/sv\/wp-json\/wp\/v2\/product_tag?post=21394"}],"curies":[{"name":"wp","href":"https:\/\/api.w.org\/{rel}","templated":true}]}}