{"id":21417,"date":"2024-02-13T15:52:12","date_gmt":"2024-02-13T14:52:12","guid":{"rendered":"https:\/\/truusk.store\/product\/kattgrotta-med-skrapbrada-kattbadd-skraphus-katthus-kattlagenhet-sisalgra-485-x-30-x-30-cm\/"},"modified":"2026-03-12T09:03:33","modified_gmt":"2026-03-12T08:03:33","slug":"truusk-kattgrotta-med-skrapbrada-kattbadd-skraphus-katthus-kattlagenhet-sisalgra-485-x-30-x-30-cm","status":"publish","type":"product","link":"https:\/\/truusk.store\/sv\/produkt\/truusk-kattgrotta-med-skrapbrada-kattbadd-skraphus-katthus-kattlagenhet-sisalgra-485-x-30-x-30-cm\/","title":{"rendered":"TRUUSK Kattgrotta Med Skrapbr\u00e4da &#8211; Kattb\u00e4dd &#8211; Skraphus &#8211; Katthus &#8211; Kattl\u00e4genhet &#8211; Sisalgr\u00e5 &#8211; 48,5 X 30 X 30 Cm"},"content":{"rendered":"<p>Stimulera din katts naturliga instinkter p\u00e5 ett lekfullt och s\u00e4kert s\u00e4tt med detta katthus. Denna moderna kattgrotta ger en bekv\u00e4m tillflyktsort f\u00f6r din kattunge att leka och vila. Ytan t\u00e4ckt med mjuk plysch ger ditt husdjur en perfekt viloupplevelse. Vila och lek, dina katter kan spendera hela dagen p\u00e5 det, en bekv\u00e4m enhet f\u00f6r dina lurviga v\u00e4nner.<\/p>\n<h3>Beskrivning:<\/h3>\n<ul>\n<li>T\u00e4ckt med mjuk plysch kommer dina katter att \u00e4lska denna kattv\u00e4nliga touch<\/li>\n<li>Sisalskrapdynan p\u00e5 ovansidan tillfredsst\u00e4ller dina katters \u00f6nskan att repa och skyddar dina m\u00f6bler fr\u00e5n repor<\/li>\n<li>Tillverkad av h\u00f6gkvalitativ sp\u00e5nskiva, robust och ofarlig f\u00f6r dina katters h\u00e4lsa<\/li>\n<li>Relaxavdelningen med 1 kattformad ing\u00e5ng g\u00f6r att din katt l\u00e4tt kan g\u00e5 in och ut<\/li>\n<li>Geometriskt formade katthem kommer att vara ett perfekt komplement till ditt hem<\/li>\n<li>L\u00e4mplig f\u00f6r kattvikt under 4 kg<\/li>\n<li>Ingen montering kr\u00e4vs<\/li>\n<\/ul>\n<h3>Teknisk data:<\/h3>\n<ul>\n<li>F\u00e4rg gr\u00e5<\/li>\n<li>Material: E1 klass sp\u00e5nskiva, plysch, sisal<\/li>\n<li>\u00d6vergripande m\u00e5tt: 48,5L x 30W x 30H cm<\/li>\n<li>Inv\u00e4ndig storlek: 37L x 27W x 27H cm<\/li>\n<li>Axelstorlek (\u00f6ron ing\u00e5r ej): 15,5 cm<\/li>\n<li>Storlek p\u00e5 skrapbr\u00e4dan: 14B cm<\/li>\n<li>L\u00e4mplig f\u00f6r katter som v\u00e4ger mindre \u00e4n 4 kg<\/li>\n<\/ul>\n<h3>Leveransens omfattning:<\/h3>\n<ul>\n<li>1 x katthus;<\/li>\n<\/ul>\n","protected":false},"excerpt":{"rendered":"<p>Stimulera din katts naturliga instinkter p\u00e5 ett lekfullt och s\u00e4kert s\u00e4tt med detta katthus. Denna moderna kattgrotta ger en bekv\u00e4m&#8230;<\/p>\n","protected":false},"featured_media":21418,"template":"","meta":[],"product_brand":[],"product_cat":[573,590,588],"product_tag":[],"class_list":{"0":"post-21417","1":"product","2":"type-product","3":"status-publish","4":"has-post-thumbnail","6":"product_cat-husdjursmaterial","7":"product_cat-kattgrottor-kattsangar","8":"product_cat-katttillbehor","10":"first","11":"instock","12":"sale","13":"taxable","14":"shipping-taxable","15":"purchasable","16":"product-type-simple"},"yoast_head":"<!-- This site is optimized with the Yoast SEO plugin v25.4 - https:\/\/yoast.com\/wordpress\/plugins\/seo\/ -->\n<title>TRUUSK Kattgrotta Med Skrapbr\u00e4da - Kattb\u00e4dd - Skraphus - Katthus - Kattl\u00e4genhet - Sisalgr\u00e5 - 48,5 X 30 X 30 Cm - TRUUSK - Hem, Tr\u00e4dg\u00e5rd &amp; Fritid<\/title>\n<meta name=\"robots\" content=\"index, follow, max-snippet:-1, max-image-preview:large, max-video-preview:-1\" \/>\n<link rel=\"canonical\" href=\"https:\/\/truusk.store\/sv\/produkt\/truusk-kattgrotta-med-skrapbrada-kattbadd-skraphus-katthus-kattlagenhet-sisalgra-485-x-30-x-30-cm\/\" \/>\n<meta property=\"og:locale\" content=\"sv_SE\" \/>\n<meta property=\"og:type\" content=\"article\" \/>\n<meta property=\"og:title\" content=\"TRUUSK Kattgrotta Med Skrapbr\u00e4da - Kattb\u00e4dd - Skraphus - Katthus - Kattl\u00e4genhet - Sisalgr\u00e5 - 48,5 X 30 X 30 Cm - TRUUSK - Hem, Tr\u00e4dg\u00e5rd &amp; Fritid\" \/>\n<meta property=\"og:description\" content=\"Stimulera din katts naturliga instinkter p\u00e5 ett lekfullt och s\u00e4kert s\u00e4tt med detta katthus. Denna moderna kattgrotta ger en bekv\u00e4m...\" \/>\n<meta property=\"og:url\" content=\"https:\/\/truusk.store\/sv\/produkt\/truusk-kattgrotta-med-skrapbrada-kattbadd-skraphus-katthus-kattlagenhet-sisalgra-485-x-30-x-30-cm\/\" \/>\n<meta property=\"og:site_name\" content=\"TRUUSK - Hem, Tr\u00e4dg\u00e5rd &amp; Fritid\" \/>\n<meta property=\"article:modified_time\" content=\"2026-03-12T08:03:33+00:00\" \/>\n<meta property=\"og:image\" content=\"https:\/\/i0.wp.com\/truusk.se\/wp-content\/uploads\/2024\/02\/kattgrotta-med-skrapbrada-kattbadd-skraphus-katthus-kattlagenhet-sisalgra-485-x-30-x-30-cm.webp?fit=800%2C800&ssl=1\" \/>\n\t<meta property=\"og:image:width\" content=\"800\" \/>\n\t<meta property=\"og:image:height\" content=\"800\" \/>\n\t<meta property=\"og:image:type\" content=\"image\/webp\" \/>\n<meta name=\"twitter:card\" content=\"summary_large_image\" \/>\n<meta name=\"twitter:label1\" content=\"Ber\u00e4knad l\u00e4stid\" \/>\n\t<meta name=\"twitter:data1\" content=\"1 minut\" \/>\n<!-- \/ Yoast SEO plugin. -->","yoast_head_json":{"title":"TRUUSK Kattgrotta Med Skrapbr\u00e4da - Kattb\u00e4dd - Skraphus - Katthus - Kattl\u00e4genhet - Sisalgr\u00e5 - 48,5 X 30 X 30 Cm - TRUUSK - Hem, Tr\u00e4dg\u00e5rd &amp; Fritid","robots":{"index":"index","follow":"follow","max-snippet":"max-snippet:-1","max-image-preview":"max-image-preview:large","max-video-preview":"max-video-preview:-1"},"canonical":"https:\/\/truusk.store\/sv\/produkt\/truusk-kattgrotta-med-skrapbrada-kattbadd-skraphus-katthus-kattlagenhet-sisalgra-485-x-30-x-30-cm\/","og_locale":"sv_SE","og_type":"article","og_title":"TRUUSK Kattgrotta Med Skrapbr\u00e4da - Kattb\u00e4dd - Skraphus - Katthus - Kattl\u00e4genhet - Sisalgr\u00e5 - 48,5 X 30 X 30 Cm - TRUUSK - Hem, Tr\u00e4dg\u00e5rd &amp; Fritid","og_description":"Stimulera din katts naturliga instinkter p\u00e5 ett lekfullt och s\u00e4kert s\u00e4tt med detta katthus. Denna moderna kattgrotta ger en bekv\u00e4m...","og_url":"https:\/\/truusk.store\/sv\/produkt\/truusk-kattgrotta-med-skrapbrada-kattbadd-skraphus-katthus-kattlagenhet-sisalgra-485-x-30-x-30-cm\/","og_site_name":"TRUUSK - Hem, Tr\u00e4dg\u00e5rd &amp; Fritid","article_modified_time":"2026-03-12T08:03:33+00:00","og_image":[{"width":800,"height":800,"url":"https:\/\/i0.wp.com\/truusk.se\/wp-content\/uploads\/2024\/02\/kattgrotta-med-skrapbrada-kattbadd-skraphus-katthus-kattlagenhet-sisalgra-485-x-30-x-30-cm.webp?fit=800%2C800&ssl=1","type":"image\/webp"}],"twitter_card":"summary_large_image","twitter_misc":{"Ber\u00e4knad l\u00e4stid":"1 minut"},"schema":{"@context":"https:\/\/schema.org","@graph":[{"@type":"WebPage","@id":"https:\/\/truusk.store\/sv\/produkt\/truusk-kattgrotta-med-skrapbrada-kattbadd-skraphus-katthus-kattlagenhet-sisalgra-485-x-30-x-30-cm\/","url":"https:\/\/truusk.store\/sv\/produkt\/truusk-kattgrotta-med-skrapbrada-kattbadd-skraphus-katthus-kattlagenhet-sisalgra-485-x-30-x-30-cm\/","name":"TRUUSK Kattgrotta Med Skrapbr\u00e4da - Kattb\u00e4dd - Skraphus - Katthus - Kattl\u00e4genhet - Sisalgr\u00e5 - 48,5 X 30 X 30 Cm - TRUUSK - Hem, Tr\u00e4dg\u00e5rd &amp; Fritid","isPartOf":{"@id":"https:\/\/truusk.store\/sv\/#website"},"primaryImageOfPage":{"@id":"https:\/\/truusk.store\/sv\/produkt\/truusk-kattgrotta-med-skrapbrada-kattbadd-skraphus-katthus-kattlagenhet-sisalgra-485-x-30-x-30-cm\/#primaryimage"},"image":{"@id":"https:\/\/truusk.store\/sv\/produkt\/truusk-kattgrotta-med-skrapbrada-kattbadd-skraphus-katthus-kattlagenhet-sisalgra-485-x-30-x-30-cm\/#primaryimage"},"thumbnailUrl":"https:\/\/i0.wp.com\/truusk.store\/wp-content\/uploads\/2024\/02\/kattgrotta-med-skrapbrada-kattbadd-skraphus-katthus-kattlagenhet-sisalgra-485-x-30-x-30-cm.webp?fit=800%2C800&ssl=1","datePublished":"2024-02-13T14:52:12+00:00","dateModified":"2026-03-12T08:03:33+00:00","breadcrumb":{"@id":"https:\/\/truusk.store\/sv\/produkt\/truusk-kattgrotta-med-skrapbrada-kattbadd-skraphus-katthus-kattlagenhet-sisalgra-485-x-30-x-30-cm\/#breadcrumb"},"inLanguage":"sv-SE","potentialAction":[{"@type":"ReadAction","target":["https:\/\/truusk.store\/sv\/produkt\/truusk-kattgrotta-med-skrapbrada-kattbadd-skraphus-katthus-kattlagenhet-sisalgra-485-x-30-x-30-cm\/"]}]},{"@type":"ImageObject","inLanguage":"sv-SE","@id":"https:\/\/truusk.store\/sv\/produkt\/truusk-kattgrotta-med-skrapbrada-kattbadd-skraphus-katthus-kattlagenhet-sisalgra-485-x-30-x-30-cm\/#primaryimage","url":"https:\/\/i0.wp.com\/truusk.store\/wp-content\/uploads\/2024\/02\/kattgrotta-med-skrapbrada-kattbadd-skraphus-katthus-kattlagenhet-sisalgra-485-x-30-x-30-cm.webp?fit=800%2C800&ssl=1","contentUrl":"https:\/\/i0.wp.com\/truusk.store\/wp-content\/uploads\/2024\/02\/kattgrotta-med-skrapbrada-kattbadd-skraphus-katthus-kattlagenhet-sisalgra-485-x-30-x-30-cm.webp?fit=800%2C800&ssl=1","width":800,"height":800,"caption":"Kattgrotta Med Skrapbr\u00e4da, Kattb\u00e4dd, Skraphus, Katthus, Kattl\u00e4genhet, Sisalgr\u00e5 48,5 X 30 X 30 Cm 1"},{"@type":"BreadcrumbList","@id":"https:\/\/truusk.store\/sv\/produkt\/truusk-kattgrotta-med-skrapbrada-kattbadd-skraphus-katthus-kattlagenhet-sisalgra-485-x-30-x-30-cm\/#breadcrumb","itemListElement":[{"@type":"ListItem","position":1,"name":"Home","item":"https:\/\/truusk.store\/sv\/"},{"@type":"ListItem","position":2,"name":"Shop","item":"https:\/\/truusk.store\/shop\/"},{"@type":"ListItem","position":3,"name":"TRUUSK Kattgrotta Med Skrapbr\u00e4da &#8211; Kattb\u00e4dd &#8211; Skraphus &#8211; Katthus &#8211; Kattl\u00e4genhet &#8211; Sisalgr\u00e5 &#8211; 48,5 X 30 X 30 Cm"}]},{"@type":"WebSite","@id":"https:\/\/truusk.store\/sv\/#website","url":"https:\/\/truusk.store\/sv\/","name":"TRUUSK - Hem, Tr\u00e4dg\u00e5rd & Fritid","description":"","publisher":{"@id":"https:\/\/truusk.store\/sv\/#organization"},"potentialAction":[{"@type":"SearchAction","target":{"@type":"EntryPoint","urlTemplate":"https:\/\/truusk.store\/sv\/?s={search_term_string}"},"query-input":{"@type":"PropertyValueSpecification","valueRequired":true,"valueName":"search_term_string"}}],"inLanguage":"sv-SE"},{"@type":"Organization","@id":"https:\/\/truusk.store\/sv\/#organization","name":"TRUUSK - Hem, Tr\u00e4dg\u00e5rd & Fritid","url":"https:\/\/truusk.store\/sv\/","logo":{"@type":"ImageObject","inLanguage":"sv-SE","@id":"https:\/\/truusk.store\/sv\/#\/schema\/logo\/image\/","url":"https:\/\/i0.wp.com\/truusk.store\/wp-content\/uploads\/2026\/03\/cropped-TRUUSK.png?fit=2032%2C917&ssl=1","contentUrl":"https:\/\/i0.wp.com\/truusk.store\/wp-content\/uploads\/2026\/03\/cropped-TRUUSK.png?fit=2032%2C917&ssl=1","width":2032,"height":917,"caption":"TRUUSK - Hem, Tr\u00e4dg\u00e5rd & Fritid"},"image":{"@id":"https:\/\/truusk.store\/sv\/#\/schema\/logo\/image\/"}}]}},"jetpack_sharing_enabled":true,"_links":{"self":[{"href":"https:\/\/truusk.store\/sv\/wp-json\/wp\/v2\/product\/21417","targetHints":{"allow":["GET"]}}],"collection":[{"href":"https:\/\/truusk.store\/sv\/wp-json\/wp\/v2\/product"}],"about":[{"href":"https:\/\/truusk.store\/sv\/wp-json\/wp\/v2\/types\/product"}],"wp:featuredmedia":[{"embeddable":true,"href":"https:\/\/truusk.store\/sv\/wp-json\/wp\/v2\/media\/21418"}],"wp:attachment":[{"href":"https:\/\/truusk.store\/sv\/wp-json\/wp\/v2\/media?parent=21417"}],"wp:term":[{"taxonomy":"product_brand","embeddable":true,"href":"https:\/\/truusk.store\/sv\/wp-json\/wp\/v2\/product_brand?post=21417"},{"taxonomy":"product_cat","embeddable":true,"href":"https:\/\/truusk.store\/sv\/wp-json\/wp\/v2\/product_cat?post=21417"},{"taxonomy":"product_tag","embeddable":true,"href":"https:\/\/truusk.store\/sv\/wp-json\/wp\/v2\/product_tag?post=21417"}],"curies":[{"name":"wp","href":"https:\/\/api.w.org\/{rel}","templated":true}]}}