{"id":21428,"date":"2024-02-13T15:52:30","date_gmt":"2024-02-13T14:52:30","guid":{"rendered":"https:\/\/truusk.store\/product\/pro-stuntscooter-sparkscooter-freestyle-tricks-med-100-mm-pu-hjul-for-barn-och-vuxna-aluminium-svart\/"},"modified":"2026-03-12T09:03:33","modified_gmt":"2026-03-12T08:03:33","slug":"truusk-pro-stuntscooter-sparkscooter-for-freestyle-tricks-med-100-mm-pu-hjul-for-barn-och-vuxna-aluminium-svart","status":"publish","type":"product","link":"https:\/\/truusk.store\/sv\/produkt\/truusk-pro-stuntscooter-sparkscooter-for-freestyle-tricks-med-100-mm-pu-hjul-for-barn-och-vuxna-aluminium-svart\/","title":{"rendered":"TRUUSK Pro Stuntscooter &#8211; Sparkscooter f\u00f6r Freestyle Tricks &#8211; Med 100 mm PU Hjul &#8211; F\u00f6r Barn och Vuxna &#8211; Aluminium &#8211; Svart"},"content":{"rendered":"<p>V\u00e5r stuntskoter med sin helsvarta ram och h\u00f6gkvalitativa 10 cm gummid\u00e4ck har en helt ny stil. Det halkfria d\u00e4cket g\u00f6r ryttaren s\u00e4ker n\u00e4r han utf\u00f6r sina stunts. Den inbyggda, l\u00e5ngvariga bakbromsen ger extra stabilitet och g\u00f6r att du kan stanna s\u00e4kert n\u00e4r som helst. Denna stuntskoter kommer att vara en perfekt present till dina barn eller g\u00f6ra dig sj\u00e4lv rolig. Och den \u00e4r idealisk f\u00f6r att vara med n\u00e4r du \u00e4r ute med barnen, eller f\u00f6r saker som hundpromenader.<\/p>\n<h3>Beskrivning:<\/h3>\n<ul>\n<li>Ram tillverkad av aluminium och j\u00e4rn f\u00f6r h\u00f6g stabilitet och s\u00e4kerhet<\/li>\n<li>Mycket tyst och trevlig \u00e5ktur<\/li>\n<li>Sl\u00e4ta bromsar<\/li>\n<li>Handtag med halkskydd<\/li>\n<li>L\u00e4ttviktsd\u00e4ck i aluminium<\/li>\n<li>Triangul\u00e4r tv\u00e4rst\u00e5ngsdesign f\u00f6r smidig k\u00f6rning<\/li>\n<li>Halkfritt d\u00e4ck<\/li>\n<li>Med robust bakbroms<\/li>\n<li>Stuntskotern \u00e4r en idealisk present till barn<\/li>\n<li>Montering kr\u00e4vs<\/li>\n<\/ul>\n<h3>Teknisk data:<\/h3>\n<ul>\n<li>Material: aluminium, j\u00e4rn, PU<\/li>\n<li>M\u00e5tt: L68 x B47,2 x H86 cm<\/li>\n<li>M\u00e5tt (d\u00e4ck): L49,8 x B9,5 cm<\/li>\n<li>Hjuldiameter: 10 cm<\/li>\n<li>Handtag: gummiskydd<\/li>\n<li>Nettovikt: 3,7 kg<\/li>\n<li>Lastkapacitet: 100 kg<\/li>\n<li>Svart f\u00e4rg<\/li>\n<li>Certifikat: EN14619<\/li>\n<li>L\u00e4mplig f\u00f6r \u00e5ldrarna 14 och upp\u00e5t<\/li>\n<\/ul>\n<h3>Leveransens omfattning:<\/h3>\n<ul>\n<li>1 x stuntskoter<\/li>\n<li>Tillbeh\u00f6r<\/li>\n<li>1 x Monteringsanvisning<\/li>\n<\/ul>\n","protected":false},"excerpt":{"rendered":"<p>V\u00e5r stuntskoter med sin helsvarta ram och h\u00f6gkvalitativa 10 cm gummid\u00e4ck har en helt ny stil. Det halkfria d\u00e4cket g\u00f6r&#8230;<\/p>\n","protected":false},"featured_media":21429,"template":"","meta":[],"product_brand":[],"product_cat":[609,610,611],"product_tag":[],"class_list":{"0":"post-21428","1":"product","2":"type-product","3":"status-publish","4":"has-post-thumbnail","6":"product_cat-baby-barn","7":"product_cat-barnfordon","8":"product_cat-skoter","10":"first","11":"instock","12":"sale","13":"taxable","14":"shipping-taxable","15":"purchasable","16":"product-type-simple"},"yoast_head":"<!-- This site is optimized with the Yoast SEO plugin v25.4 - https:\/\/yoast.com\/wordpress\/plugins\/seo\/ -->\n<title>TRUUSK Pro Stuntscooter - Sparkscooter f\u00f6r Freestyle Tricks - Med 100 mm PU Hjul - F\u00f6r Barn och Vuxna - Aluminium - Svart - TRUUSK - Hem, Tr\u00e4dg\u00e5rd &amp; Fritid<\/title>\n<meta name=\"robots\" content=\"index, follow, max-snippet:-1, max-image-preview:large, max-video-preview:-1\" \/>\n<link rel=\"canonical\" href=\"https:\/\/truusk.store\/sv\/produkt\/truusk-pro-stuntscooter-sparkscooter-for-freestyle-tricks-med-100-mm-pu-hjul-for-barn-och-vuxna-aluminium-svart\/\" \/>\n<meta property=\"og:locale\" content=\"sv_SE\" \/>\n<meta property=\"og:type\" content=\"article\" \/>\n<meta property=\"og:title\" content=\"TRUUSK Pro Stuntscooter - Sparkscooter f\u00f6r Freestyle Tricks - Med 100 mm PU Hjul - F\u00f6r Barn och Vuxna - Aluminium - Svart - TRUUSK - Hem, Tr\u00e4dg\u00e5rd &amp; Fritid\" \/>\n<meta property=\"og:description\" content=\"V\u00e5r stuntskoter med sin helsvarta ram och h\u00f6gkvalitativa 10 cm gummid\u00e4ck har en helt ny stil. Det halkfria d\u00e4cket g\u00f6r...\" \/>\n<meta property=\"og:url\" content=\"https:\/\/truusk.store\/sv\/produkt\/truusk-pro-stuntscooter-sparkscooter-for-freestyle-tricks-med-100-mm-pu-hjul-for-barn-och-vuxna-aluminium-svart\/\" \/>\n<meta property=\"og:site_name\" content=\"TRUUSK - Hem, Tr\u00e4dg\u00e5rd &amp; Fritid\" \/>\n<meta property=\"article:modified_time\" content=\"2026-03-12T08:03:33+00:00\" \/>\n<meta property=\"og:image\" content=\"https:\/\/i0.wp.com\/truusk.se\/wp-content\/uploads\/2024\/02\/pro-stuntscooter-sparkscooter-freestyle-tricks-med-100-mm-pu-hjul-for-barn-och-vuxna-aluminium-svart.webp?fit=800%2C800&ssl=1\" \/>\n\t<meta property=\"og:image:width\" content=\"800\" \/>\n\t<meta property=\"og:image:height\" content=\"800\" \/>\n\t<meta property=\"og:image:type\" content=\"image\/webp\" \/>\n<meta name=\"twitter:card\" content=\"summary_large_image\" \/>\n<meta name=\"twitter:label1\" content=\"Ber\u00e4knad l\u00e4stid\" \/>\n\t<meta name=\"twitter:data1\" content=\"1 minut\" \/>\n<!-- \/ Yoast SEO plugin. -->","yoast_head_json":{"title":"TRUUSK Pro Stuntscooter - Sparkscooter f\u00f6r Freestyle Tricks - Med 100 mm PU Hjul - F\u00f6r Barn och Vuxna - Aluminium - Svart - TRUUSK - Hem, Tr\u00e4dg\u00e5rd &amp; Fritid","robots":{"index":"index","follow":"follow","max-snippet":"max-snippet:-1","max-image-preview":"max-image-preview:large","max-video-preview":"max-video-preview:-1"},"canonical":"https:\/\/truusk.store\/sv\/produkt\/truusk-pro-stuntscooter-sparkscooter-for-freestyle-tricks-med-100-mm-pu-hjul-for-barn-och-vuxna-aluminium-svart\/","og_locale":"sv_SE","og_type":"article","og_title":"TRUUSK Pro Stuntscooter - Sparkscooter f\u00f6r Freestyle Tricks - Med 100 mm PU Hjul - F\u00f6r Barn och Vuxna - Aluminium - Svart - TRUUSK - Hem, Tr\u00e4dg\u00e5rd &amp; Fritid","og_description":"V\u00e5r stuntskoter med sin helsvarta ram och h\u00f6gkvalitativa 10 cm gummid\u00e4ck har en helt ny stil. Det halkfria d\u00e4cket g\u00f6r...","og_url":"https:\/\/truusk.store\/sv\/produkt\/truusk-pro-stuntscooter-sparkscooter-for-freestyle-tricks-med-100-mm-pu-hjul-for-barn-och-vuxna-aluminium-svart\/","og_site_name":"TRUUSK - Hem, Tr\u00e4dg\u00e5rd &amp; Fritid","article_modified_time":"2026-03-12T08:03:33+00:00","og_image":[{"width":800,"height":800,"url":"https:\/\/i0.wp.com\/truusk.se\/wp-content\/uploads\/2024\/02\/pro-stuntscooter-sparkscooter-freestyle-tricks-med-100-mm-pu-hjul-for-barn-och-vuxna-aluminium-svart.webp?fit=800%2C800&ssl=1","type":"image\/webp"}],"twitter_card":"summary_large_image","twitter_misc":{"Ber\u00e4knad l\u00e4stid":"1 minut"},"schema":{"@context":"https:\/\/schema.org","@graph":[{"@type":"WebPage","@id":"https:\/\/truusk.store\/sv\/produkt\/truusk-pro-stuntscooter-sparkscooter-for-freestyle-tricks-med-100-mm-pu-hjul-for-barn-och-vuxna-aluminium-svart\/","url":"https:\/\/truusk.store\/sv\/produkt\/truusk-pro-stuntscooter-sparkscooter-for-freestyle-tricks-med-100-mm-pu-hjul-for-barn-och-vuxna-aluminium-svart\/","name":"TRUUSK Pro Stuntscooter - Sparkscooter f\u00f6r Freestyle Tricks - Med 100 mm PU Hjul - F\u00f6r Barn och Vuxna - Aluminium - Svart - TRUUSK - Hem, Tr\u00e4dg\u00e5rd &amp; Fritid","isPartOf":{"@id":"https:\/\/truusk.store\/sv\/#website"},"primaryImageOfPage":{"@id":"https:\/\/truusk.store\/sv\/produkt\/truusk-pro-stuntscooter-sparkscooter-for-freestyle-tricks-med-100-mm-pu-hjul-for-barn-och-vuxna-aluminium-svart\/#primaryimage"},"image":{"@id":"https:\/\/truusk.store\/sv\/produkt\/truusk-pro-stuntscooter-sparkscooter-for-freestyle-tricks-med-100-mm-pu-hjul-for-barn-och-vuxna-aluminium-svart\/#primaryimage"},"thumbnailUrl":"https:\/\/i0.wp.com\/truusk.store\/wp-content\/uploads\/2024\/02\/pro-stuntscooter-sparkscooter-freestyle-tricks-med-100-mm-pu-hjul-for-barn-och-vuxna-aluminium-svart.webp?fit=800%2C800&ssl=1","datePublished":"2024-02-13T14:52:30+00:00","dateModified":"2026-03-12T08:03:33+00:00","breadcrumb":{"@id":"https:\/\/truusk.store\/sv\/produkt\/truusk-pro-stuntscooter-sparkscooter-for-freestyle-tricks-med-100-mm-pu-hjul-for-barn-och-vuxna-aluminium-svart\/#breadcrumb"},"inLanguage":"sv-SE","potentialAction":[{"@type":"ReadAction","target":["https:\/\/truusk.store\/sv\/produkt\/truusk-pro-stuntscooter-sparkscooter-for-freestyle-tricks-med-100-mm-pu-hjul-for-barn-och-vuxna-aluminium-svart\/"]}]},{"@type":"ImageObject","inLanguage":"sv-SE","@id":"https:\/\/truusk.store\/sv\/produkt\/truusk-pro-stuntscooter-sparkscooter-for-freestyle-tricks-med-100-mm-pu-hjul-for-barn-och-vuxna-aluminium-svart\/#primaryimage","url":"https:\/\/i0.wp.com\/truusk.store\/wp-content\/uploads\/2024\/02\/pro-stuntscooter-sparkscooter-freestyle-tricks-med-100-mm-pu-hjul-for-barn-och-vuxna-aluminium-svart.webp?fit=800%2C800&ssl=1","contentUrl":"https:\/\/i0.wp.com\/truusk.store\/wp-content\/uploads\/2024\/02\/pro-stuntscooter-sparkscooter-freestyle-tricks-med-100-mm-pu-hjul-for-barn-och-vuxna-aluminium-svart.webp?fit=800%2C800&ssl=1","width":800,"height":800,"caption":"Pro Stuntscooter, Sparkscooter, Freestyle Tricks, Med 100 Mm PU Hjul, F\u00f6r Barn Och Vuxna, Aluminium, Svart 1"},{"@type":"BreadcrumbList","@id":"https:\/\/truusk.store\/sv\/produkt\/truusk-pro-stuntscooter-sparkscooter-for-freestyle-tricks-med-100-mm-pu-hjul-for-barn-och-vuxna-aluminium-svart\/#breadcrumb","itemListElement":[{"@type":"ListItem","position":1,"name":"Home","item":"https:\/\/truusk.store\/sv\/"},{"@type":"ListItem","position":2,"name":"Shop","item":"https:\/\/truusk.store\/shop\/"},{"@type":"ListItem","position":3,"name":"TRUUSK Pro Stuntscooter &#8211; Sparkscooter f\u00f6r Freestyle Tricks &#8211; Med 100 mm PU Hjul &#8211; F\u00f6r Barn och Vuxna &#8211; Aluminium &#8211; Svart"}]},{"@type":"WebSite","@id":"https:\/\/truusk.store\/sv\/#website","url":"https:\/\/truusk.store\/sv\/","name":"TRUUSK - Hem, Tr\u00e4dg\u00e5rd & Fritid","description":"","publisher":{"@id":"https:\/\/truusk.store\/sv\/#organization"},"potentialAction":[{"@type":"SearchAction","target":{"@type":"EntryPoint","urlTemplate":"https:\/\/truusk.store\/sv\/?s={search_term_string}"},"query-input":{"@type":"PropertyValueSpecification","valueRequired":true,"valueName":"search_term_string"}}],"inLanguage":"sv-SE"},{"@type":"Organization","@id":"https:\/\/truusk.store\/sv\/#organization","name":"TRUUSK - Hem, Tr\u00e4dg\u00e5rd & Fritid","url":"https:\/\/truusk.store\/sv\/","logo":{"@type":"ImageObject","inLanguage":"sv-SE","@id":"https:\/\/truusk.store\/sv\/#\/schema\/logo\/image\/","url":"https:\/\/i0.wp.com\/truusk.store\/wp-content\/uploads\/2026\/03\/cropped-TRUUSK.png?fit=2032%2C917&ssl=1","contentUrl":"https:\/\/i0.wp.com\/truusk.store\/wp-content\/uploads\/2026\/03\/cropped-TRUUSK.png?fit=2032%2C917&ssl=1","width":2032,"height":917,"caption":"TRUUSK - Hem, Tr\u00e4dg\u00e5rd & Fritid"},"image":{"@id":"https:\/\/truusk.store\/sv\/#\/schema\/logo\/image\/"}}]}},"jetpack_sharing_enabled":true,"_links":{"self":[{"href":"https:\/\/truusk.store\/sv\/wp-json\/wp\/v2\/product\/21428","targetHints":{"allow":["GET"]}}],"collection":[{"href":"https:\/\/truusk.store\/sv\/wp-json\/wp\/v2\/product"}],"about":[{"href":"https:\/\/truusk.store\/sv\/wp-json\/wp\/v2\/types\/product"}],"wp:featuredmedia":[{"embeddable":true,"href":"https:\/\/truusk.store\/sv\/wp-json\/wp\/v2\/media\/21429"}],"wp:attachment":[{"href":"https:\/\/truusk.store\/sv\/wp-json\/wp\/v2\/media?parent=21428"}],"wp:term":[{"taxonomy":"product_brand","embeddable":true,"href":"https:\/\/truusk.store\/sv\/wp-json\/wp\/v2\/product_brand?post=21428"},{"taxonomy":"product_cat","embeddable":true,"href":"https:\/\/truusk.store\/sv\/wp-json\/wp\/v2\/product_cat?post=21428"},{"taxonomy":"product_tag","embeddable":true,"href":"https:\/\/truusk.store\/sv\/wp-json\/wp\/v2\/product_tag?post=21428"}],"curies":[{"name":"wp","href":"https:\/\/api.w.org\/{rel}","templated":true}]}}