{"id":21459,"date":"2024-02-13T15:53:22","date_gmt":"2024-02-13T14:53:22","guid":{"rendered":"https:\/\/truusk.store\/product\/upphojd-badd-vaxtlada-med-draneringshal-blomlada-i-rottinglook-pp-brun-40-x-40-x-44-cm-2\/"},"modified":"2026-03-12T09:03:34","modified_gmt":"2026-03-12T08:03:34","slug":"truusk-upphojd-blomlada-i-rottinglook-draneringshal-matt-40x40x44-cm-brun-pp-for-tradgarden-stilren-och-praktisk","status":"publish","type":"product","link":"https:\/\/truusk.store\/sv\/produkt\/truusk-upphojd-blomlada-i-rottinglook-draneringshal-matt-40x40x44-cm-brun-pp-for-tradgarden-stilren-och-praktisk\/","title":{"rendered":"TRUUSK Upph\u00f6jd Bloml\u00e5da i Rottinglook &#8211; Dr\u00e4neringsh\u00e5l &#8211; M\u00e5tt 40x40x44 cm &#8211; Brun &#8211; PP &#8211; F\u00f6r Tr\u00e4dg\u00e5rden &#8211; Stilren och Praktisk"},"content":{"rendered":"<p>Den 2-delade balkongh\u00f6jds\u00e4ngen visar upp dina blommor till sin fulla f\u00f6rdel. Det ser bra ut i tr\u00e4dg\u00e5rden, p\u00e5 balkonger och terrasser. Dr\u00e4neringen med flera dr\u00e4neringsh\u00e5l skyddar dina v\u00e4xter fr\u00e5n \u00f6vervattning. Tack vare den h\u00e5llbara plasten kommer du att njuta av denna vackra pj\u00e4s i m\u00e5nga \u00e5r fram\u00f6ver. Materialet i bloml\u00e5dan i rotting \u00e4r ljusbest\u00e4ndigt och spricks\u00e4kert. Allt som \u00e5terst\u00e5r \u00e4r att \u00f6nska dig massor av roligt tr\u00e4dg\u00e5rdsarbete!<\/p>\n<h3>Beskrivning:<\/h3>\n<ul>\n<li>V\u00e4xtkruka med rottinglook<\/li>\n<li>Tillverkad av robust plast, spricks\u00e4ker och ljusbest\u00e4ndig<\/li>\n<li>Dr\u00e4neringsspikare undviker att \u00f6vervattna v\u00e4xten<\/li>\n<li>P\u00e5 grund av sitt djup l\u00e4mpar den sig \u00e4ven bra f\u00f6r l\u00e5ngrotade v\u00e4xter<\/li>\n<li>Attraktiv dekoration f\u00f6r gr\u00e4smattor, terrasser, balkonger<\/li>\n<li>Enkel konstruktion<\/li>\n<\/ul>\n<h3>Teknisk data:<\/h3>\n<ul>\n<li>Material: PP<\/li>\n<li>Totala m\u00e5tt: L40 x B40 x H44 cm (1*h\u00f6gs\u00e4ng)<\/li>\n<li>Innerm\u00e5tt: L38 x B38 x H18cm<\/li>\n<li>Dr\u00e4neringsh\u00e5lsstorlek: 2,5 cm<\/li>\n<li>F\u00e4rg: M\u00f6rkbrun<\/li>\n<\/ul>\n<h3>Leveransens omfattning:<\/h3>\n<ul>\n<li>2 x upph\u00f6jda s\u00e4ngar<\/li>\n<li>1 x Monteringsanvisning<\/li>\n<\/ul>\n","protected":false},"excerpt":{"rendered":"<p>Den 2-delade balkongh\u00f6jds\u00e4ngen visar upp dina blommor till sin fulla f\u00f6rdel. Det ser bra ut i tr\u00e4dg\u00e5rden, p\u00e5 balkonger och&#8230;<\/p>\n","protected":false},"featured_media":21460,"template":"","meta":[],"product_brand":[],"product_cat":[447,435,443],"product_tag":[],"class_list":{"0":"post-21459","1":"product","2":"type-product","3":"status-publish","4":"has-post-thumbnail","6":"product_cat-planteringsmaskiner","7":"product_cat-tradgard-och-terrass","8":"product_cat-vaxthus-tradgardsskotsel","10":"first","11":"instock","12":"sale","13":"taxable","14":"shipping-taxable","15":"purchasable","16":"product-type-simple"},"yoast_head":"<!-- This site is optimized with the Yoast SEO plugin v25.4 - https:\/\/yoast.com\/wordpress\/plugins\/seo\/ -->\n<title>TRUUSK Upph\u00f6jd Bloml\u00e5da i Rottinglook - Dr\u00e4neringsh\u00e5l - M\u00e5tt 40x40x44 cm - Brun - PP - F\u00f6r Tr\u00e4dg\u00e5rden - Stilren och Praktisk - TRUUSK - Hem, Tr\u00e4dg\u00e5rd &amp; Fritid<\/title>\n<meta name=\"robots\" content=\"index, follow, max-snippet:-1, max-image-preview:large, max-video-preview:-1\" \/>\n<link rel=\"canonical\" href=\"https:\/\/truusk.store\/sv\/produkt\/truusk-upphojd-blomlada-i-rottinglook-draneringshal-matt-40x40x44-cm-brun-pp-for-tradgarden-stilren-och-praktisk\/\" \/>\n<meta property=\"og:locale\" content=\"sv_SE\" \/>\n<meta property=\"og:type\" content=\"article\" \/>\n<meta property=\"og:title\" content=\"TRUUSK Upph\u00f6jd Bloml\u00e5da i Rottinglook - Dr\u00e4neringsh\u00e5l - M\u00e5tt 40x40x44 cm - Brun - PP - F\u00f6r Tr\u00e4dg\u00e5rden - Stilren och Praktisk - TRUUSK - Hem, Tr\u00e4dg\u00e5rd &amp; Fritid\" \/>\n<meta property=\"og:description\" content=\"Den 2-delade balkongh\u00f6jds\u00e4ngen visar upp dina blommor till sin fulla f\u00f6rdel. Det ser bra ut i tr\u00e4dg\u00e5rden, p\u00e5 balkonger och...\" \/>\n<meta property=\"og:url\" content=\"https:\/\/truusk.store\/sv\/produkt\/truusk-upphojd-blomlada-i-rottinglook-draneringshal-matt-40x40x44-cm-brun-pp-for-tradgarden-stilren-och-praktisk\/\" \/>\n<meta property=\"og:site_name\" content=\"TRUUSK - Hem, Tr\u00e4dg\u00e5rd &amp; Fritid\" \/>\n<meta property=\"article:modified_time\" content=\"2026-03-12T08:03:34+00:00\" \/>\n<meta property=\"og:image\" content=\"https:\/\/i0.wp.com\/truusk.se\/wp-content\/uploads\/2024\/02\/upphojd-badd-vaxtlada-med-draneringshal-blomlada-i-rottinglook-pp-brun-40-x-40-x-44-cm-11.webp?fit=800%2C800&ssl=1\" \/>\n\t<meta property=\"og:image:width\" content=\"800\" \/>\n\t<meta property=\"og:image:height\" content=\"800\" \/>\n\t<meta property=\"og:image:type\" content=\"image\/webp\" \/>\n<meta name=\"twitter:card\" content=\"summary_large_image\" \/>\n<meta name=\"twitter:label1\" content=\"Ber\u00e4knad l\u00e4stid\" \/>\n\t<meta name=\"twitter:data1\" content=\"1 minut\" \/>\n<!-- \/ Yoast SEO plugin. -->","yoast_head_json":{"title":"TRUUSK Upph\u00f6jd Bloml\u00e5da i Rottinglook - Dr\u00e4neringsh\u00e5l - M\u00e5tt 40x40x44 cm - Brun - PP - F\u00f6r Tr\u00e4dg\u00e5rden - Stilren och Praktisk - TRUUSK - Hem, Tr\u00e4dg\u00e5rd &amp; Fritid","robots":{"index":"index","follow":"follow","max-snippet":"max-snippet:-1","max-image-preview":"max-image-preview:large","max-video-preview":"max-video-preview:-1"},"canonical":"https:\/\/truusk.store\/sv\/produkt\/truusk-upphojd-blomlada-i-rottinglook-draneringshal-matt-40x40x44-cm-brun-pp-for-tradgarden-stilren-och-praktisk\/","og_locale":"sv_SE","og_type":"article","og_title":"TRUUSK Upph\u00f6jd Bloml\u00e5da i Rottinglook - Dr\u00e4neringsh\u00e5l - M\u00e5tt 40x40x44 cm - Brun - PP - F\u00f6r Tr\u00e4dg\u00e5rden - Stilren och Praktisk - TRUUSK - Hem, Tr\u00e4dg\u00e5rd &amp; Fritid","og_description":"Den 2-delade balkongh\u00f6jds\u00e4ngen visar upp dina blommor till sin fulla f\u00f6rdel. Det ser bra ut i tr\u00e4dg\u00e5rden, p\u00e5 balkonger och...","og_url":"https:\/\/truusk.store\/sv\/produkt\/truusk-upphojd-blomlada-i-rottinglook-draneringshal-matt-40x40x44-cm-brun-pp-for-tradgarden-stilren-och-praktisk\/","og_site_name":"TRUUSK - Hem, Tr\u00e4dg\u00e5rd &amp; Fritid","article_modified_time":"2026-03-12T08:03:34+00:00","og_image":[{"width":800,"height":800,"url":"https:\/\/i0.wp.com\/truusk.se\/wp-content\/uploads\/2024\/02\/upphojd-badd-vaxtlada-med-draneringshal-blomlada-i-rottinglook-pp-brun-40-x-40-x-44-cm-11.webp?fit=800%2C800&ssl=1","type":"image\/webp"}],"twitter_card":"summary_large_image","twitter_misc":{"Ber\u00e4knad l\u00e4stid":"1 minut"},"schema":{"@context":"https:\/\/schema.org","@graph":[{"@type":"WebPage","@id":"https:\/\/truusk.store\/sv\/produkt\/truusk-upphojd-blomlada-i-rottinglook-draneringshal-matt-40x40x44-cm-brun-pp-for-tradgarden-stilren-och-praktisk\/","url":"https:\/\/truusk.store\/sv\/produkt\/truusk-upphojd-blomlada-i-rottinglook-draneringshal-matt-40x40x44-cm-brun-pp-for-tradgarden-stilren-och-praktisk\/","name":"TRUUSK Upph\u00f6jd Bloml\u00e5da i Rottinglook - Dr\u00e4neringsh\u00e5l - M\u00e5tt 40x40x44 cm - Brun - PP - F\u00f6r Tr\u00e4dg\u00e5rden - Stilren och Praktisk - TRUUSK - Hem, Tr\u00e4dg\u00e5rd &amp; Fritid","isPartOf":{"@id":"https:\/\/truusk.store\/sv\/#website"},"primaryImageOfPage":{"@id":"https:\/\/truusk.store\/sv\/produkt\/truusk-upphojd-blomlada-i-rottinglook-draneringshal-matt-40x40x44-cm-brun-pp-for-tradgarden-stilren-och-praktisk\/#primaryimage"},"image":{"@id":"https:\/\/truusk.store\/sv\/produkt\/truusk-upphojd-blomlada-i-rottinglook-draneringshal-matt-40x40x44-cm-brun-pp-for-tradgarden-stilren-och-praktisk\/#primaryimage"},"thumbnailUrl":"https:\/\/i0.wp.com\/truusk.store\/wp-content\/uploads\/2024\/02\/upphojd-badd-vaxtlada-med-draneringshal-blomlada-i-rottinglook-pp-brun-40-x-40-x-44-cm-11.webp?fit=800%2C800&ssl=1","datePublished":"2024-02-13T14:53:22+00:00","dateModified":"2026-03-12T08:03:34+00:00","breadcrumb":{"@id":"https:\/\/truusk.store\/sv\/produkt\/truusk-upphojd-blomlada-i-rottinglook-draneringshal-matt-40x40x44-cm-brun-pp-for-tradgarden-stilren-och-praktisk\/#breadcrumb"},"inLanguage":"sv-SE","potentialAction":[{"@type":"ReadAction","target":["https:\/\/truusk.store\/sv\/produkt\/truusk-upphojd-blomlada-i-rottinglook-draneringshal-matt-40x40x44-cm-brun-pp-for-tradgarden-stilren-och-praktisk\/"]}]},{"@type":"ImageObject","inLanguage":"sv-SE","@id":"https:\/\/truusk.store\/sv\/produkt\/truusk-upphojd-blomlada-i-rottinglook-draneringshal-matt-40x40x44-cm-brun-pp-for-tradgarden-stilren-och-praktisk\/#primaryimage","url":"https:\/\/i0.wp.com\/truusk.store\/wp-content\/uploads\/2024\/02\/upphojd-badd-vaxtlada-med-draneringshal-blomlada-i-rottinglook-pp-brun-40-x-40-x-44-cm-11.webp?fit=800%2C800&ssl=1","contentUrl":"https:\/\/i0.wp.com\/truusk.store\/wp-content\/uploads\/2024\/02\/upphojd-badd-vaxtlada-med-draneringshal-blomlada-i-rottinglook-pp-brun-40-x-40-x-44-cm-11.webp?fit=800%2C800&ssl=1","width":800,"height":800,"caption":"Upph\u00f6jd B\u00e4dd, V\u00e4xtl\u00e5da Med Dr\u00e4neringsh\u00e5l, Bloml\u00e5da I Rottinglook, PP, Brun, 40 X 40 X 44 Cm 1"},{"@type":"BreadcrumbList","@id":"https:\/\/truusk.store\/sv\/produkt\/truusk-upphojd-blomlada-i-rottinglook-draneringshal-matt-40x40x44-cm-brun-pp-for-tradgarden-stilren-och-praktisk\/#breadcrumb","itemListElement":[{"@type":"ListItem","position":1,"name":"Home","item":"https:\/\/truusk.store\/sv\/"},{"@type":"ListItem","position":2,"name":"Shop","item":"https:\/\/truusk.store\/shop\/"},{"@type":"ListItem","position":3,"name":"TRUUSK Upph\u00f6jd Bloml\u00e5da i Rottinglook &#8211; Dr\u00e4neringsh\u00e5l &#8211; M\u00e5tt 40x40x44 cm &#8211; Brun &#8211; PP &#8211; F\u00f6r Tr\u00e4dg\u00e5rden &#8211; Stilren och Praktisk"}]},{"@type":"WebSite","@id":"https:\/\/truusk.store\/sv\/#website","url":"https:\/\/truusk.store\/sv\/","name":"TRUUSK - Hem, Tr\u00e4dg\u00e5rd & Fritid","description":"","publisher":{"@id":"https:\/\/truusk.store\/sv\/#organization"},"potentialAction":[{"@type":"SearchAction","target":{"@type":"EntryPoint","urlTemplate":"https:\/\/truusk.store\/sv\/?s={search_term_string}"},"query-input":{"@type":"PropertyValueSpecification","valueRequired":true,"valueName":"search_term_string"}}],"inLanguage":"sv-SE"},{"@type":"Organization","@id":"https:\/\/truusk.store\/sv\/#organization","name":"TRUUSK - Hem, Tr\u00e4dg\u00e5rd & Fritid","url":"https:\/\/truusk.store\/sv\/","logo":{"@type":"ImageObject","inLanguage":"sv-SE","@id":"https:\/\/truusk.store\/sv\/#\/schema\/logo\/image\/","url":"https:\/\/i0.wp.com\/truusk.store\/wp-content\/uploads\/2026\/03\/cropped-TRUUSK.png?fit=2032%2C917&ssl=1","contentUrl":"https:\/\/i0.wp.com\/truusk.store\/wp-content\/uploads\/2026\/03\/cropped-TRUUSK.png?fit=2032%2C917&ssl=1","width":2032,"height":917,"caption":"TRUUSK - Hem, Tr\u00e4dg\u00e5rd & Fritid"},"image":{"@id":"https:\/\/truusk.store\/sv\/#\/schema\/logo\/image\/"}}]}},"jetpack_sharing_enabled":true,"_links":{"self":[{"href":"https:\/\/truusk.store\/sv\/wp-json\/wp\/v2\/product\/21459","targetHints":{"allow":["GET"]}}],"collection":[{"href":"https:\/\/truusk.store\/sv\/wp-json\/wp\/v2\/product"}],"about":[{"href":"https:\/\/truusk.store\/sv\/wp-json\/wp\/v2\/types\/product"}],"wp:featuredmedia":[{"embeddable":true,"href":"https:\/\/truusk.store\/sv\/wp-json\/wp\/v2\/media\/21460"}],"wp:attachment":[{"href":"https:\/\/truusk.store\/sv\/wp-json\/wp\/v2\/media?parent=21459"}],"wp:term":[{"taxonomy":"product_brand","embeddable":true,"href":"https:\/\/truusk.store\/sv\/wp-json\/wp\/v2\/product_brand?post=21459"},{"taxonomy":"product_cat","embeddable":true,"href":"https:\/\/truusk.store\/sv\/wp-json\/wp\/v2\/product_cat?post=21459"},{"taxonomy":"product_tag","embeddable":true,"href":"https:\/\/truusk.store\/sv\/wp-json\/wp\/v2\/product_tag?post=21459"}],"curies":[{"name":"wp","href":"https:\/\/api.w.org\/{rel}","templated":true}]}}