{"id":21532,"date":"2024-02-13T15:55:37","date_gmt":"2024-02-13T14:55:37","guid":{"rendered":"https:\/\/truusk.store\/product\/staende-spegel-helkroppsspegel-med-hopfallbar-ram-sminkspegel-fristaende-eller-vagghangd-stall-for-vardagsrum-eller-omkladningsrum-furu-mdf-vit-37-x-43-x-156-cm\/"},"modified":"2026-03-12T09:03:35","modified_gmt":"2026-03-12T08:03:35","slug":"truusk-helkroppsspegel-med-hopfallbar-ram-for-vagg-eller-fristaende-mdf-vit-37x43x156-cm","status":"publish","type":"product","link":"https:\/\/truusk.store\/sv\/produkt\/truusk-helkroppsspegel-med-hopfallbar-ram-for-vagg-eller-fristaende-mdf-vit-37x43x156-cm\/","title":{"rendered":"TRUUSK Helkroppsspegel med Hopf\u00e4llbar Ram &#8211; F\u00f6r V\u00e4gg eller Frist\u00e5ende &#8211; MDF &#8211; Vit &#8211; 37x43x156 cm"},"content":{"rendered":"<p>Med denna st\u00e5ende spegel kan du alltid ha \u00f6verblick \u00f6ver ditt yttre. Denna st\u00e5ende spegel \u00e4r inte bara praktisk, utan ocks\u00e5 en vacker dekoration f\u00f6r ditt hem. Fururamen ger denna spegel ett stabilt stativ, tack vare sin minimalistiska design kan den enkelt kombineras med andra inredningsstilar. Den h\u00e4r spegeln ser bra ut var som helst.<\/p>\n<h3>Beskrivning:<\/h3>\n<ul>\n<li>Minimalistisk design<\/li>\n<li>160L x 37W cm full l\u00e4ngd f\u00f6r att visa upp hela din look<\/li>\n<li>Runda kanter ger ett modernt utseende och skyddar dig fr\u00e5n skador<\/li>\n<li>F\u00e4llbar ram f\u00f6r uppst\u00e4llning<\/li>\n<li>Tv\u00e5 s\u00e4tt att anv\u00e4nda: frist\u00e5ende eller v\u00e4ggmonterad<\/li>\n<li>Den solida ramen h\u00e5ller kl\u00e4dspegeln stabil<\/li>\n<li>Den enkla designen passar l\u00e4tt in i ditt sovrum, vardagsrum, hall<\/li>\n<li>Montering kr\u00e4vs<\/li>\n<\/ul>\n<h3>Teknisk data:<\/h3>\n<ul>\n<li>F\u00e4rg vit<\/li>\n<li>Material: ram i furu, bakpanel i MDF, glasspegel<\/li>\n<li>\u00d6vergripande m\u00e5tt: 37W x 43D x 156H cm<\/li>\n<li>Spegelstorlek: 160L x 37W x 1,8D cm<\/li>\n<li>St\u00f6dramsstorlek: 35W x 95H cm<\/li>\n<\/ul>\n<h3>Leveransens omfattning:<\/h3>\n<ul>\n<li>1 x Dressing spegel<\/li>\n<li>1 x Instruktioner<\/li>\n<\/ul>\n","protected":false},"excerpt":{"rendered":"<p>Med denna st\u00e5ende spegel kan du alltid ha \u00f6verblick \u00f6ver ditt yttre. Denna st\u00e5ende spegel \u00e4r inte bara praktisk, utan&#8230;<\/p>\n","protected":false},"featured_media":21533,"template":"","meta":[],"product_brand":[],"product_cat":[485,504,501],"product_tag":[],"class_list":{"0":"post-21532","1":"product","2":"type-product","3":"status-publish","4":"has-post-thumbnail","6":"product_cat-hus-bo","7":"product_cat-sminkbord-speglar","8":"product_cat-tabeller","10":"first","11":"instock","12":"sale","13":"taxable","14":"shipping-taxable","15":"purchasable","16":"product-type-simple"},"yoast_head":"<!-- This site is optimized with the Yoast SEO plugin v25.4 - https:\/\/yoast.com\/wordpress\/plugins\/seo\/ -->\n<title>TRUUSK Helkroppsspegel med Hopf\u00e4llbar Ram - F\u00f6r V\u00e4gg eller Frist\u00e5ende - MDF - Vit - 37x43x156 cm - TRUUSK - Hem, Tr\u00e4dg\u00e5rd &amp; Fritid<\/title>\n<meta name=\"robots\" content=\"index, follow, max-snippet:-1, max-image-preview:large, max-video-preview:-1\" \/>\n<link rel=\"canonical\" href=\"https:\/\/truusk.store\/sv\/produkt\/truusk-helkroppsspegel-med-hopfallbar-ram-for-vagg-eller-fristaende-mdf-vit-37x43x156-cm\/\" \/>\n<meta property=\"og:locale\" content=\"sv_SE\" \/>\n<meta property=\"og:type\" content=\"article\" \/>\n<meta property=\"og:title\" content=\"TRUUSK Helkroppsspegel med Hopf\u00e4llbar Ram - F\u00f6r V\u00e4gg eller Frist\u00e5ende - MDF - Vit - 37x43x156 cm - TRUUSK - Hem, Tr\u00e4dg\u00e5rd &amp; Fritid\" \/>\n<meta property=\"og:description\" content=\"Med denna st\u00e5ende spegel kan du alltid ha \u00f6verblick \u00f6ver ditt yttre. Denna st\u00e5ende spegel \u00e4r inte bara praktisk, utan...\" \/>\n<meta property=\"og:url\" content=\"https:\/\/truusk.store\/sv\/produkt\/truusk-helkroppsspegel-med-hopfallbar-ram-for-vagg-eller-fristaende-mdf-vit-37x43x156-cm\/\" \/>\n<meta property=\"og:site_name\" content=\"TRUUSK - Hem, Tr\u00e4dg\u00e5rd &amp; Fritid\" \/>\n<meta property=\"article:modified_time\" content=\"2026-03-12T08:03:35+00:00\" \/>\n<meta property=\"og:image\" content=\"https:\/\/i0.wp.com\/truusk.se\/wp-content\/uploads\/2024\/02\/staende-spegel-helkroppsspegel-med-hopfallbar-ram-sminkspegel-fristaende-eller-vagghangd-stall-for-vardagsrum-eller-omkladningsrum-furu-mdf-vit-37-x-43-x-156-cm.webp?fit=800%2C800&ssl=1\" \/>\n\t<meta property=\"og:image:width\" content=\"800\" \/>\n\t<meta property=\"og:image:height\" content=\"800\" \/>\n\t<meta property=\"og:image:type\" content=\"image\/webp\" \/>\n<meta name=\"twitter:card\" content=\"summary_large_image\" \/>\n<meta name=\"twitter:label1\" content=\"Ber\u00e4knad l\u00e4stid\" \/>\n\t<meta name=\"twitter:data1\" content=\"1 minut\" \/>\n<!-- \/ Yoast SEO plugin. -->","yoast_head_json":{"title":"TRUUSK Helkroppsspegel med Hopf\u00e4llbar Ram - F\u00f6r V\u00e4gg eller Frist\u00e5ende - MDF - Vit - 37x43x156 cm - TRUUSK - Hem, Tr\u00e4dg\u00e5rd &amp; Fritid","robots":{"index":"index","follow":"follow","max-snippet":"max-snippet:-1","max-image-preview":"max-image-preview:large","max-video-preview":"max-video-preview:-1"},"canonical":"https:\/\/truusk.store\/sv\/produkt\/truusk-helkroppsspegel-med-hopfallbar-ram-for-vagg-eller-fristaende-mdf-vit-37x43x156-cm\/","og_locale":"sv_SE","og_type":"article","og_title":"TRUUSK Helkroppsspegel med Hopf\u00e4llbar Ram - F\u00f6r V\u00e4gg eller Frist\u00e5ende - MDF - Vit - 37x43x156 cm - TRUUSK - Hem, Tr\u00e4dg\u00e5rd &amp; Fritid","og_description":"Med denna st\u00e5ende spegel kan du alltid ha \u00f6verblick \u00f6ver ditt yttre. Denna st\u00e5ende spegel \u00e4r inte bara praktisk, utan...","og_url":"https:\/\/truusk.store\/sv\/produkt\/truusk-helkroppsspegel-med-hopfallbar-ram-for-vagg-eller-fristaende-mdf-vit-37x43x156-cm\/","og_site_name":"TRUUSK - Hem, Tr\u00e4dg\u00e5rd &amp; Fritid","article_modified_time":"2026-03-12T08:03:35+00:00","og_image":[{"width":800,"height":800,"url":"https:\/\/i0.wp.com\/truusk.se\/wp-content\/uploads\/2024\/02\/staende-spegel-helkroppsspegel-med-hopfallbar-ram-sminkspegel-fristaende-eller-vagghangd-stall-for-vardagsrum-eller-omkladningsrum-furu-mdf-vit-37-x-43-x-156-cm.webp?fit=800%2C800&ssl=1","type":"image\/webp"}],"twitter_card":"summary_large_image","twitter_misc":{"Ber\u00e4knad l\u00e4stid":"1 minut"},"schema":{"@context":"https:\/\/schema.org","@graph":[{"@type":"WebPage","@id":"https:\/\/truusk.store\/sv\/produkt\/truusk-helkroppsspegel-med-hopfallbar-ram-for-vagg-eller-fristaende-mdf-vit-37x43x156-cm\/","url":"https:\/\/truusk.store\/sv\/produkt\/truusk-helkroppsspegel-med-hopfallbar-ram-for-vagg-eller-fristaende-mdf-vit-37x43x156-cm\/","name":"TRUUSK Helkroppsspegel med Hopf\u00e4llbar Ram - F\u00f6r V\u00e4gg eller Frist\u00e5ende - MDF - Vit - 37x43x156 cm - TRUUSK - Hem, Tr\u00e4dg\u00e5rd &amp; Fritid","isPartOf":{"@id":"https:\/\/truusk.store\/sv\/#website"},"primaryImageOfPage":{"@id":"https:\/\/truusk.store\/sv\/produkt\/truusk-helkroppsspegel-med-hopfallbar-ram-for-vagg-eller-fristaende-mdf-vit-37x43x156-cm\/#primaryimage"},"image":{"@id":"https:\/\/truusk.store\/sv\/produkt\/truusk-helkroppsspegel-med-hopfallbar-ram-for-vagg-eller-fristaende-mdf-vit-37x43x156-cm\/#primaryimage"},"thumbnailUrl":"https:\/\/i0.wp.com\/truusk.store\/wp-content\/uploads\/2024\/02\/staende-spegel-helkroppsspegel-med-hopfallbar-ram-sminkspegel-fristaende-eller-vagghangd-stall-for-vardagsrum-eller-omkladningsrum-furu-mdf-vit-37-x-43-x-156-cm.webp?fit=800%2C800&ssl=1","datePublished":"2024-02-13T14:55:37+00:00","dateModified":"2026-03-12T08:03:35+00:00","breadcrumb":{"@id":"https:\/\/truusk.store\/sv\/produkt\/truusk-helkroppsspegel-med-hopfallbar-ram-for-vagg-eller-fristaende-mdf-vit-37x43x156-cm\/#breadcrumb"},"inLanguage":"sv-SE","potentialAction":[{"@type":"ReadAction","target":["https:\/\/truusk.store\/sv\/produkt\/truusk-helkroppsspegel-med-hopfallbar-ram-for-vagg-eller-fristaende-mdf-vit-37x43x156-cm\/"]}]},{"@type":"ImageObject","inLanguage":"sv-SE","@id":"https:\/\/truusk.store\/sv\/produkt\/truusk-helkroppsspegel-med-hopfallbar-ram-for-vagg-eller-fristaende-mdf-vit-37x43x156-cm\/#primaryimage","url":"https:\/\/i0.wp.com\/truusk.store\/wp-content\/uploads\/2024\/02\/staende-spegel-helkroppsspegel-med-hopfallbar-ram-sminkspegel-fristaende-eller-vagghangd-stall-for-vardagsrum-eller-omkladningsrum-furu-mdf-vit-37-x-43-x-156-cm.webp?fit=800%2C800&ssl=1","contentUrl":"https:\/\/i0.wp.com\/truusk.store\/wp-content\/uploads\/2024\/02\/staende-spegel-helkroppsspegel-med-hopfallbar-ram-sminkspegel-fristaende-eller-vagghangd-stall-for-vardagsrum-eller-omkladningsrum-furu-mdf-vit-37-x-43-x-156-cm.webp?fit=800%2C800&ssl=1","width":800,"height":800,"caption":"St\u00e5ende Spegel Helkroppsspegel Med Hopf\u00e4llbar Ram Sminkspegel Frist\u00e5ende Eller V\u00e4ggh\u00e4ngd Stall F\u00f6r Vardagsrum Eller Omkl\u00e4dningsrum Furu MDF Vit 37 X 43 X 156 Cm 1"},{"@type":"BreadcrumbList","@id":"https:\/\/truusk.store\/sv\/produkt\/truusk-helkroppsspegel-med-hopfallbar-ram-for-vagg-eller-fristaende-mdf-vit-37x43x156-cm\/#breadcrumb","itemListElement":[{"@type":"ListItem","position":1,"name":"Home","item":"https:\/\/truusk.store\/sv\/"},{"@type":"ListItem","position":2,"name":"Shop","item":"https:\/\/truusk.store\/shop\/"},{"@type":"ListItem","position":3,"name":"TRUUSK Helkroppsspegel med Hopf\u00e4llbar Ram &#8211; F\u00f6r V\u00e4gg eller Frist\u00e5ende &#8211; MDF &#8211; Vit &#8211; 37x43x156 cm"}]},{"@type":"WebSite","@id":"https:\/\/truusk.store\/sv\/#website","url":"https:\/\/truusk.store\/sv\/","name":"TRUUSK - Hem, Tr\u00e4dg\u00e5rd & Fritid","description":"","publisher":{"@id":"https:\/\/truusk.store\/sv\/#organization"},"potentialAction":[{"@type":"SearchAction","target":{"@type":"EntryPoint","urlTemplate":"https:\/\/truusk.store\/sv\/?s={search_term_string}"},"query-input":{"@type":"PropertyValueSpecification","valueRequired":true,"valueName":"search_term_string"}}],"inLanguage":"sv-SE"},{"@type":"Organization","@id":"https:\/\/truusk.store\/sv\/#organization","name":"TRUUSK - Hem, Tr\u00e4dg\u00e5rd & Fritid","url":"https:\/\/truusk.store\/sv\/","logo":{"@type":"ImageObject","inLanguage":"sv-SE","@id":"https:\/\/truusk.store\/sv\/#\/schema\/logo\/image\/","url":"https:\/\/i0.wp.com\/truusk.store\/wp-content\/uploads\/2026\/03\/cropped-TRUUSK.png?fit=2032%2C917&ssl=1","contentUrl":"https:\/\/i0.wp.com\/truusk.store\/wp-content\/uploads\/2026\/03\/cropped-TRUUSK.png?fit=2032%2C917&ssl=1","width":2032,"height":917,"caption":"TRUUSK - Hem, Tr\u00e4dg\u00e5rd & Fritid"},"image":{"@id":"https:\/\/truusk.store\/sv\/#\/schema\/logo\/image\/"}}]}},"jetpack_sharing_enabled":true,"_links":{"self":[{"href":"https:\/\/truusk.store\/sv\/wp-json\/wp\/v2\/product\/21532","targetHints":{"allow":["GET"]}}],"collection":[{"href":"https:\/\/truusk.store\/sv\/wp-json\/wp\/v2\/product"}],"about":[{"href":"https:\/\/truusk.store\/sv\/wp-json\/wp\/v2\/types\/product"}],"wp:featuredmedia":[{"embeddable":true,"href":"https:\/\/truusk.store\/sv\/wp-json\/wp\/v2\/media\/21533"}],"wp:attachment":[{"href":"https:\/\/truusk.store\/sv\/wp-json\/wp\/v2\/media?parent=21532"}],"wp:term":[{"taxonomy":"product_brand","embeddable":true,"href":"https:\/\/truusk.store\/sv\/wp-json\/wp\/v2\/product_brand?post=21532"},{"taxonomy":"product_cat","embeddable":true,"href":"https:\/\/truusk.store\/sv\/wp-json\/wp\/v2\/product_cat?post=21532"},{"taxonomy":"product_tag","embeddable":true,"href":"https:\/\/truusk.store\/sv\/wp-json\/wp\/v2\/product_tag?post=21532"}],"curies":[{"name":"wp","href":"https:\/\/api.w.org\/{rel}","templated":true}]}}