{"id":21552,"date":"2024-02-13T15:56:13","date_gmt":"2024-02-13T14:56:13","guid":{"rendered":"https:\/\/truusk.store\/product\/tradgards-sidobord-soffbord-tradgardsbord-balkongbord-polyrattangra-85-x-50-x-39-cm\/"},"modified":"2026-03-12T09:03:36","modified_gmt":"2026-03-12T08:03:36","slug":"truusk-gra-sidobord-for-tradgard-och-balkong-polyrattan-85-x-50-x-39-cm","status":"publish","type":"product","link":"https:\/\/truusk.store\/sv\/produkt\/truusk-gra-sidobord-for-tradgard-och-balkong-polyrattan-85-x-50-x-39-cm\/","title":{"rendered":"TRUUSK Gr\u00e5 Sidobord f\u00f6r Tr\u00e4dg\u00e5rd och Balkong &#8211; Polyrattan &#8211; 85 x 50 x 39 cm"},"content":{"rendered":"<p>Njut av \u00e4nnu fler f\u00f6rvaringsm\u00f6jligheter med detta tr\u00e4dg\u00e5rdsbord p\u00e5 din n\u00e4sta poolfest eller utomhusgrill! P\u00e5 grund av sin l\u00e5ga vikt kan den flyttas snabbt och n\u00e4r den inte anv\u00e4nds kan du enkelt f\u00f6rvara den f\u00f6r att spara utrymme. Den galvaniserade metallramen och v\u00e4derbest\u00e4ndig polyrotting s\u00e4kerst\u00e4ller stabilitet och livsl\u00e4ngd och ser \u00e4ven bra ut.<\/p>\n<h3>Beskrivning:<\/h3>\n<ul>\n<li>Metallram med h\u00f6gkvalitativ, handv\u00e4vd polyrotting<\/li>\n<li>Idealisk f\u00f6r inomhus- och utomhusbruk, t.ex. B. Vardagsrum, balkong, terrass, pool med mera<\/li>\n<li>L\u00e4ttsk\u00f6tt yta av h\u00e4rdat glas<\/li>\n<li>Kompakt storlek, l\u00e4tt vikt f\u00f6r flexibel positionering<\/li>\n<li>V\u00e4derbest\u00e4ndig och l\u00e4ttsk\u00f6tt<\/li>\n<li>Ingen montering kr\u00e4vs, redo att anv\u00e4ndas direkt<\/li>\n<\/ul>\n<h3>Teknisk data:<\/h3>\n<ul>\n<li>Material: metall, PE-rotting, h\u00e4rdat glas<\/li>\n<li>Totala m\u00e5tt: 85L x 50W x 39H cm<\/li>\n<li>F\u00e4rg gr\u00e5<\/li>\n<li>Vikt: 10,5 kg<\/li>\n<\/ul>\n<h3>Leveransens omfattning:<\/h3>\n<ul>\n<li>1 x tr\u00e4dg\u00e5rd sidobord<\/li>\n<li>1 x Monteringsanvisning<\/li>\n<\/ul>\n","protected":false},"excerpt":{"rendered":"<p>Njut av \u00e4nnu fler f\u00f6rvaringsm\u00f6jligheter med detta tr\u00e4dg\u00e5rdsbord p\u00e5 din n\u00e4sta poolfest eller utomhusgrill! P\u00e5 grund av sin l\u00e5ga vikt&#8230;<\/p>\n","protected":false},"featured_media":21553,"template":"","meta":[],"product_brand":[],"product_cat":[435,450,455],"product_tag":[],"class_list":{"0":"post-21552","1":"product","2":"type-product","3":"status-publish","4":"has-post-thumbnail","6":"product_cat-tradgard-och-terrass","7":"product_cat-tradgardsmobler","8":"product_cat-tradgardsmobler-i-polyrattan","10":"first","11":"instock","12":"sale","13":"taxable","14":"shipping-taxable","15":"purchasable","16":"product-type-simple"},"yoast_head":"<!-- This site is optimized with the Yoast SEO plugin v25.4 - https:\/\/yoast.com\/wordpress\/plugins\/seo\/ -->\n<title>TRUUSK Gr\u00e5 Sidobord f\u00f6r Tr\u00e4dg\u00e5rd och Balkong - Polyrattan - 85 x 50 x 39 cm - TRUUSK - Hem, Tr\u00e4dg\u00e5rd &amp; Fritid<\/title>\n<meta name=\"robots\" content=\"index, follow, max-snippet:-1, max-image-preview:large, max-video-preview:-1\" \/>\n<link rel=\"canonical\" href=\"https:\/\/truusk.store\/sv\/produkt\/truusk-gra-sidobord-for-tradgard-och-balkong-polyrattan-85-x-50-x-39-cm\/\" \/>\n<meta property=\"og:locale\" content=\"sv_SE\" \/>\n<meta property=\"og:type\" content=\"article\" \/>\n<meta property=\"og:title\" content=\"TRUUSK Gr\u00e5 Sidobord f\u00f6r Tr\u00e4dg\u00e5rd och Balkong - Polyrattan - 85 x 50 x 39 cm - TRUUSK - Hem, Tr\u00e4dg\u00e5rd &amp; Fritid\" \/>\n<meta property=\"og:description\" content=\"Njut av \u00e4nnu fler f\u00f6rvaringsm\u00f6jligheter med detta tr\u00e4dg\u00e5rdsbord p\u00e5 din n\u00e4sta poolfest eller utomhusgrill! P\u00e5 grund av sin l\u00e5ga vikt...\" \/>\n<meta property=\"og:url\" content=\"https:\/\/truusk.store\/sv\/produkt\/truusk-gra-sidobord-for-tradgard-och-balkong-polyrattan-85-x-50-x-39-cm\/\" \/>\n<meta property=\"og:site_name\" content=\"TRUUSK - Hem, Tr\u00e4dg\u00e5rd &amp; Fritid\" \/>\n<meta property=\"article:modified_time\" content=\"2026-03-12T08:03:36+00:00\" \/>\n<meta property=\"og:image\" content=\"https:\/\/i0.wp.com\/truusk.se\/wp-content\/uploads\/2024\/02\/tradgards-sidobord-soffbord-tradgardsbord-balkongbord-polyrattangra-85-x-50-x-39-cm.webp?fit=800%2C800&ssl=1\" \/>\n\t<meta property=\"og:image:width\" content=\"800\" \/>\n\t<meta property=\"og:image:height\" content=\"800\" \/>\n\t<meta property=\"og:image:type\" content=\"image\/webp\" \/>\n<meta name=\"twitter:card\" content=\"summary_large_image\" \/>\n<meta name=\"twitter:label1\" content=\"Ber\u00e4knad l\u00e4stid\" \/>\n\t<meta name=\"twitter:data1\" content=\"1 minut\" \/>\n<!-- \/ Yoast SEO plugin. -->","yoast_head_json":{"title":"TRUUSK Gr\u00e5 Sidobord f\u00f6r Tr\u00e4dg\u00e5rd och Balkong - Polyrattan - 85 x 50 x 39 cm - TRUUSK - Hem, Tr\u00e4dg\u00e5rd &amp; Fritid","robots":{"index":"index","follow":"follow","max-snippet":"max-snippet:-1","max-image-preview":"max-image-preview:large","max-video-preview":"max-video-preview:-1"},"canonical":"https:\/\/truusk.store\/sv\/produkt\/truusk-gra-sidobord-for-tradgard-och-balkong-polyrattan-85-x-50-x-39-cm\/","og_locale":"sv_SE","og_type":"article","og_title":"TRUUSK Gr\u00e5 Sidobord f\u00f6r Tr\u00e4dg\u00e5rd och Balkong - Polyrattan - 85 x 50 x 39 cm - TRUUSK - Hem, Tr\u00e4dg\u00e5rd &amp; Fritid","og_description":"Njut av \u00e4nnu fler f\u00f6rvaringsm\u00f6jligheter med detta tr\u00e4dg\u00e5rdsbord p\u00e5 din n\u00e4sta poolfest eller utomhusgrill! P\u00e5 grund av sin l\u00e5ga vikt...","og_url":"https:\/\/truusk.store\/sv\/produkt\/truusk-gra-sidobord-for-tradgard-och-balkong-polyrattan-85-x-50-x-39-cm\/","og_site_name":"TRUUSK - Hem, Tr\u00e4dg\u00e5rd &amp; Fritid","article_modified_time":"2026-03-12T08:03:36+00:00","og_image":[{"width":800,"height":800,"url":"https:\/\/i0.wp.com\/truusk.se\/wp-content\/uploads\/2024\/02\/tradgards-sidobord-soffbord-tradgardsbord-balkongbord-polyrattangra-85-x-50-x-39-cm.webp?fit=800%2C800&ssl=1","type":"image\/webp"}],"twitter_card":"summary_large_image","twitter_misc":{"Ber\u00e4knad l\u00e4stid":"1 minut"},"schema":{"@context":"https:\/\/schema.org","@graph":[{"@type":"WebPage","@id":"https:\/\/truusk.store\/sv\/produkt\/truusk-gra-sidobord-for-tradgard-och-balkong-polyrattan-85-x-50-x-39-cm\/","url":"https:\/\/truusk.store\/sv\/produkt\/truusk-gra-sidobord-for-tradgard-och-balkong-polyrattan-85-x-50-x-39-cm\/","name":"TRUUSK Gr\u00e5 Sidobord f\u00f6r Tr\u00e4dg\u00e5rd och Balkong - Polyrattan - 85 x 50 x 39 cm - TRUUSK - Hem, Tr\u00e4dg\u00e5rd &amp; Fritid","isPartOf":{"@id":"https:\/\/truusk.store\/sv\/#website"},"primaryImageOfPage":{"@id":"https:\/\/truusk.store\/sv\/produkt\/truusk-gra-sidobord-for-tradgard-och-balkong-polyrattan-85-x-50-x-39-cm\/#primaryimage"},"image":{"@id":"https:\/\/truusk.store\/sv\/produkt\/truusk-gra-sidobord-for-tradgard-och-balkong-polyrattan-85-x-50-x-39-cm\/#primaryimage"},"thumbnailUrl":"https:\/\/i0.wp.com\/truusk.store\/wp-content\/uploads\/2024\/02\/tradgards-sidobord-soffbord-tradgardsbord-balkongbord-polyrattangra-85-x-50-x-39-cm.webp?fit=800%2C800&ssl=1","datePublished":"2024-02-13T14:56:13+00:00","dateModified":"2026-03-12T08:03:36+00:00","breadcrumb":{"@id":"https:\/\/truusk.store\/sv\/produkt\/truusk-gra-sidobord-for-tradgard-och-balkong-polyrattan-85-x-50-x-39-cm\/#breadcrumb"},"inLanguage":"sv-SE","potentialAction":[{"@type":"ReadAction","target":["https:\/\/truusk.store\/sv\/produkt\/truusk-gra-sidobord-for-tradgard-och-balkong-polyrattan-85-x-50-x-39-cm\/"]}]},{"@type":"ImageObject","inLanguage":"sv-SE","@id":"https:\/\/truusk.store\/sv\/produkt\/truusk-gra-sidobord-for-tradgard-och-balkong-polyrattan-85-x-50-x-39-cm\/#primaryimage","url":"https:\/\/i0.wp.com\/truusk.store\/wp-content\/uploads\/2024\/02\/tradgards-sidobord-soffbord-tradgardsbord-balkongbord-polyrattangra-85-x-50-x-39-cm.webp?fit=800%2C800&ssl=1","contentUrl":"https:\/\/i0.wp.com\/truusk.store\/wp-content\/uploads\/2024\/02\/tradgards-sidobord-soffbord-tradgardsbord-balkongbord-polyrattangra-85-x-50-x-39-cm.webp?fit=800%2C800&ssl=1","width":800,"height":800,"caption":"Tr\u00e4dg\u00e5rds Sidobord Soffbord Tr\u00e4dg\u00e5rdsbord Balkongbord Polyrattangr\u00e5 85 X 50 X 39 Cm 1"},{"@type":"BreadcrumbList","@id":"https:\/\/truusk.store\/sv\/produkt\/truusk-gra-sidobord-for-tradgard-och-balkong-polyrattan-85-x-50-x-39-cm\/#breadcrumb","itemListElement":[{"@type":"ListItem","position":1,"name":"Home","item":"https:\/\/truusk.store\/sv\/"},{"@type":"ListItem","position":2,"name":"Shop","item":"https:\/\/truusk.store\/shop\/"},{"@type":"ListItem","position":3,"name":"TRUUSK Gr\u00e5 Sidobord f\u00f6r Tr\u00e4dg\u00e5rd och Balkong &#8211; Polyrattan &#8211; 85 x 50 x 39 cm"}]},{"@type":"WebSite","@id":"https:\/\/truusk.store\/sv\/#website","url":"https:\/\/truusk.store\/sv\/","name":"TRUUSK - Hem, Tr\u00e4dg\u00e5rd & Fritid","description":"","publisher":{"@id":"https:\/\/truusk.store\/sv\/#organization"},"potentialAction":[{"@type":"SearchAction","target":{"@type":"EntryPoint","urlTemplate":"https:\/\/truusk.store\/sv\/?s={search_term_string}"},"query-input":{"@type":"PropertyValueSpecification","valueRequired":true,"valueName":"search_term_string"}}],"inLanguage":"sv-SE"},{"@type":"Organization","@id":"https:\/\/truusk.store\/sv\/#organization","name":"TRUUSK - Hem, Tr\u00e4dg\u00e5rd & Fritid","url":"https:\/\/truusk.store\/sv\/","logo":{"@type":"ImageObject","inLanguage":"sv-SE","@id":"https:\/\/truusk.store\/sv\/#\/schema\/logo\/image\/","url":"https:\/\/i0.wp.com\/truusk.store\/wp-content\/uploads\/2026\/03\/cropped-TRUUSK.png?fit=2032%2C917&ssl=1","contentUrl":"https:\/\/i0.wp.com\/truusk.store\/wp-content\/uploads\/2026\/03\/cropped-TRUUSK.png?fit=2032%2C917&ssl=1","width":2032,"height":917,"caption":"TRUUSK - Hem, Tr\u00e4dg\u00e5rd & Fritid"},"image":{"@id":"https:\/\/truusk.store\/sv\/#\/schema\/logo\/image\/"}}]}},"jetpack_sharing_enabled":true,"_links":{"self":[{"href":"https:\/\/truusk.store\/sv\/wp-json\/wp\/v2\/product\/21552","targetHints":{"allow":["GET"]}}],"collection":[{"href":"https:\/\/truusk.store\/sv\/wp-json\/wp\/v2\/product"}],"about":[{"href":"https:\/\/truusk.store\/sv\/wp-json\/wp\/v2\/types\/product"}],"wp:featuredmedia":[{"embeddable":true,"href":"https:\/\/truusk.store\/sv\/wp-json\/wp\/v2\/media\/21553"}],"wp:attachment":[{"href":"https:\/\/truusk.store\/sv\/wp-json\/wp\/v2\/media?parent=21552"}],"wp:term":[{"taxonomy":"product_brand","embeddable":true,"href":"https:\/\/truusk.store\/sv\/wp-json\/wp\/v2\/product_brand?post=21552"},{"taxonomy":"product_cat","embeddable":true,"href":"https:\/\/truusk.store\/sv\/wp-json\/wp\/v2\/product_cat?post=21552"},{"taxonomy":"product_tag","embeddable":true,"href":"https:\/\/truusk.store\/sv\/wp-json\/wp\/v2\/product_tag?post=21552"}],"curies":[{"name":"wp","href":"https:\/\/api.w.org\/{rel}","templated":true}]}}