{"id":21564,"date":"2024-02-13T15:56:31","date_gmt":"2024-02-13T14:56:31","guid":{"rendered":"https:\/\/truusk.store\/product\/valptoalett-hundtoaletthundtoalett-valphundtoalett-konstgras-63-x-51-x-6-cm\/"},"modified":"2026-03-12T09:03:36","modified_gmt":"2026-03-12T08:03:36","slug":"truusk-valptoalett-for-hundar-konstgras-63-x-51-x-6-cm-latt-att-rengora-hallbar-perfekt-for-valpar-och-hundar","status":"publish","type":"product","link":"https:\/\/truusk.store\/sv\/produkt\/truusk-valptoalett-for-hundar-konstgras-63-x-51-x-6-cm-latt-att-rengora-hallbar-perfekt-for-valpar-och-hundar\/","title":{"rendered":"TRUUSK Valptoalett f\u00f6r hundar &#8211; Konstgr\u00e4s &#8211; 63 x 51 x 6 cm &#8211; L\u00e4tt att reng\u00f6ra &#8211; H\u00e5llbar &#8211; Perfekt f\u00f6r valpar och hundar"},"content":{"rendered":"<p>Denna valptoalett \u00e4r en extremt praktisk l\u00f6sning f\u00f6r att hj\u00e4lpa din valp att bli hustr\u00e4nad snabbare. Toaletten best\u00e5r av en konstgr\u00e4smatta och en plastbotten. Tack vare det genomsl\u00e4ppliga konstgr\u00e4set k\u00e4nns din hund som om han befinner sig p\u00e5 en riktig utomhusgr\u00e4smatta, vilket g\u00f6r tr\u00e4ningen l\u00e4ttare. Basen \u00e4r f\u00f6rsedd med en avtagbar l\u00e5da s\u00e5 att reng\u00f6ringen kan g\u00f6ras snabbt och enkelt. Denna valptoalett \u00e4r en optimal och hygienisk hj\u00e4lpreda f\u00f6r dina valpar i bostadsomr\u00e5det.<\/p>\n<h3>Beskrivning:<\/h3>\n<ul>\n<li>Valptoalett, perfekt f\u00f6r vardagsrummet<\/li>\n<li>Att l\u00e4ra sig hustr\u00e4ning<\/li>\n<li>Best\u00e5r av en konstgr\u00e4smatta och ett underlag<\/li>\n<li>Sockel med avtagbar l\u00e5da, l\u00e4tt att reng\u00f6ra<\/li>\n<li>Konstgr\u00e4s \u00e4r genomsl\u00e4ppligt och spolbart<\/li>\n<li>L\u00e4tt att flytta tack vare sin l\u00e5ga vikt<\/li>\n<\/ul>\n<h3>Teknisk data:<\/h3>\n<ul>\n<li>Material: Plast<\/li>\n<li>F\u00e4rg: Gr\u00f6n+svart<\/li>\n<li>\u00d6vergripande m\u00e5tt: L63 x B51 x H6 cm<\/li>\n<li>L\u00e5dkapacitet: 2000 ml<\/li>\n<li>Nettovikt: ca 2,5 kg<\/li>\n<\/ul>\n<h3>Leveransens omfattning:<\/h3>\n<ul>\n<li>1 x valptoalett<\/li>\n<\/ul>\n","protected":false},"excerpt":{"rendered":"<p>Denna valptoalett \u00e4r en extremt praktisk l\u00f6sning f\u00f6r att hj\u00e4lpa din valp att bli hustr\u00e4nad snabbare. Toaletten best\u00e5r av en&#8230;<\/p>\n","protected":false},"featured_media":21565,"template":"","meta":[],"product_brand":[],"product_cat":[574,587,573],"product_tag":[],"class_list":{"0":"post-21564","1":"product","2":"type-product","3":"status-publish","4":"has-post-thumbnail","6":"product_cat-hundtillbehor","7":"product_cat-hundtoaletter","8":"product_cat-husdjursmaterial","10":"first","11":"instock","12":"sale","13":"taxable","14":"shipping-taxable","15":"purchasable","16":"product-type-simple"},"yoast_head":"<!-- This site is optimized with the Yoast SEO plugin v25.4 - https:\/\/yoast.com\/wordpress\/plugins\/seo\/ -->\n<title>TRUUSK Valptoalett f\u00f6r hundar - Konstgr\u00e4s - 63 x 51 x 6 cm - L\u00e4tt att reng\u00f6ra - H\u00e5llbar - Perfekt f\u00f6r valpar och hundar - TRUUSK - Hem, Tr\u00e4dg\u00e5rd &amp; Fritid<\/title>\n<meta name=\"robots\" content=\"index, follow, max-snippet:-1, max-image-preview:large, max-video-preview:-1\" \/>\n<link rel=\"canonical\" href=\"https:\/\/truusk.store\/sv\/produkt\/truusk-valptoalett-for-hundar-konstgras-63-x-51-x-6-cm-latt-att-rengora-hallbar-perfekt-for-valpar-och-hundar\/\" \/>\n<meta property=\"og:locale\" content=\"sv_SE\" \/>\n<meta property=\"og:type\" content=\"article\" \/>\n<meta property=\"og:title\" content=\"TRUUSK Valptoalett f\u00f6r hundar - Konstgr\u00e4s - 63 x 51 x 6 cm - L\u00e4tt att reng\u00f6ra - H\u00e5llbar - Perfekt f\u00f6r valpar och hundar - TRUUSK - Hem, Tr\u00e4dg\u00e5rd &amp; Fritid\" \/>\n<meta property=\"og:description\" content=\"Denna valptoalett \u00e4r en extremt praktisk l\u00f6sning f\u00f6r att hj\u00e4lpa din valp att bli hustr\u00e4nad snabbare. Toaletten best\u00e5r av en...\" \/>\n<meta property=\"og:url\" content=\"https:\/\/truusk.store\/sv\/produkt\/truusk-valptoalett-for-hundar-konstgras-63-x-51-x-6-cm-latt-att-rengora-hallbar-perfekt-for-valpar-och-hundar\/\" \/>\n<meta property=\"og:site_name\" content=\"TRUUSK - Hem, Tr\u00e4dg\u00e5rd &amp; Fritid\" \/>\n<meta property=\"article:modified_time\" content=\"2026-03-12T08:03:36+00:00\" \/>\n<meta property=\"og:image\" content=\"https:\/\/i0.wp.com\/truusk.se\/wp-content\/uploads\/2024\/02\/valptoalett-hundtoaletthundtoalett-valphundtoalett-konstgras-63-x-51-x-6-cm.webp?fit=800%2C800&ssl=1\" \/>\n\t<meta property=\"og:image:width\" content=\"800\" \/>\n\t<meta property=\"og:image:height\" content=\"800\" \/>\n\t<meta property=\"og:image:type\" content=\"image\/webp\" \/>\n<meta name=\"twitter:card\" content=\"summary_large_image\" \/>\n<meta name=\"twitter:label1\" content=\"Ber\u00e4knad l\u00e4stid\" \/>\n\t<meta name=\"twitter:data1\" content=\"1 minut\" \/>\n<!-- \/ Yoast SEO plugin. -->","yoast_head_json":{"title":"TRUUSK Valptoalett f\u00f6r hundar - Konstgr\u00e4s - 63 x 51 x 6 cm - L\u00e4tt att reng\u00f6ra - H\u00e5llbar - Perfekt f\u00f6r valpar och hundar - TRUUSK - Hem, Tr\u00e4dg\u00e5rd &amp; Fritid","robots":{"index":"index","follow":"follow","max-snippet":"max-snippet:-1","max-image-preview":"max-image-preview:large","max-video-preview":"max-video-preview:-1"},"canonical":"https:\/\/truusk.store\/sv\/produkt\/truusk-valptoalett-for-hundar-konstgras-63-x-51-x-6-cm-latt-att-rengora-hallbar-perfekt-for-valpar-och-hundar\/","og_locale":"sv_SE","og_type":"article","og_title":"TRUUSK Valptoalett f\u00f6r hundar - Konstgr\u00e4s - 63 x 51 x 6 cm - L\u00e4tt att reng\u00f6ra - H\u00e5llbar - Perfekt f\u00f6r valpar och hundar - TRUUSK - Hem, Tr\u00e4dg\u00e5rd &amp; Fritid","og_description":"Denna valptoalett \u00e4r en extremt praktisk l\u00f6sning f\u00f6r att hj\u00e4lpa din valp att bli hustr\u00e4nad snabbare. Toaletten best\u00e5r av en...","og_url":"https:\/\/truusk.store\/sv\/produkt\/truusk-valptoalett-for-hundar-konstgras-63-x-51-x-6-cm-latt-att-rengora-hallbar-perfekt-for-valpar-och-hundar\/","og_site_name":"TRUUSK - Hem, Tr\u00e4dg\u00e5rd &amp; Fritid","article_modified_time":"2026-03-12T08:03:36+00:00","og_image":[{"width":800,"height":800,"url":"https:\/\/i0.wp.com\/truusk.se\/wp-content\/uploads\/2024\/02\/valptoalett-hundtoaletthundtoalett-valphundtoalett-konstgras-63-x-51-x-6-cm.webp?fit=800%2C800&ssl=1","type":"image\/webp"}],"twitter_card":"summary_large_image","twitter_misc":{"Ber\u00e4knad l\u00e4stid":"1 minut"},"schema":{"@context":"https:\/\/schema.org","@graph":[{"@type":"WebPage","@id":"https:\/\/truusk.store\/sv\/produkt\/truusk-valptoalett-for-hundar-konstgras-63-x-51-x-6-cm-latt-att-rengora-hallbar-perfekt-for-valpar-och-hundar\/","url":"https:\/\/truusk.store\/sv\/produkt\/truusk-valptoalett-for-hundar-konstgras-63-x-51-x-6-cm-latt-att-rengora-hallbar-perfekt-for-valpar-och-hundar\/","name":"TRUUSK Valptoalett f\u00f6r hundar - Konstgr\u00e4s - 63 x 51 x 6 cm - L\u00e4tt att reng\u00f6ra - H\u00e5llbar - Perfekt f\u00f6r valpar och hundar - TRUUSK - Hem, Tr\u00e4dg\u00e5rd &amp; Fritid","isPartOf":{"@id":"https:\/\/truusk.store\/sv\/#website"},"primaryImageOfPage":{"@id":"https:\/\/truusk.store\/sv\/produkt\/truusk-valptoalett-for-hundar-konstgras-63-x-51-x-6-cm-latt-att-rengora-hallbar-perfekt-for-valpar-och-hundar\/#primaryimage"},"image":{"@id":"https:\/\/truusk.store\/sv\/produkt\/truusk-valptoalett-for-hundar-konstgras-63-x-51-x-6-cm-latt-att-rengora-hallbar-perfekt-for-valpar-och-hundar\/#primaryimage"},"thumbnailUrl":"https:\/\/i0.wp.com\/truusk.store\/wp-content\/uploads\/2024\/02\/valptoalett-hundtoaletthundtoalett-valphundtoalett-konstgras-63-x-51-x-6-cm.webp?fit=800%2C800&ssl=1","datePublished":"2024-02-13T14:56:31+00:00","dateModified":"2026-03-12T08:03:36+00:00","breadcrumb":{"@id":"https:\/\/truusk.store\/sv\/produkt\/truusk-valptoalett-for-hundar-konstgras-63-x-51-x-6-cm-latt-att-rengora-hallbar-perfekt-for-valpar-och-hundar\/#breadcrumb"},"inLanguage":"sv-SE","potentialAction":[{"@type":"ReadAction","target":["https:\/\/truusk.store\/sv\/produkt\/truusk-valptoalett-for-hundar-konstgras-63-x-51-x-6-cm-latt-att-rengora-hallbar-perfekt-for-valpar-och-hundar\/"]}]},{"@type":"ImageObject","inLanguage":"sv-SE","@id":"https:\/\/truusk.store\/sv\/produkt\/truusk-valptoalett-for-hundar-konstgras-63-x-51-x-6-cm-latt-att-rengora-hallbar-perfekt-for-valpar-och-hundar\/#primaryimage","url":"https:\/\/i0.wp.com\/truusk.store\/wp-content\/uploads\/2024\/02\/valptoalett-hundtoaletthundtoalett-valphundtoalett-konstgras-63-x-51-x-6-cm.webp?fit=800%2C800&ssl=1","contentUrl":"https:\/\/i0.wp.com\/truusk.store\/wp-content\/uploads\/2024\/02\/valptoalett-hundtoaletthundtoalett-valphundtoalett-konstgras-63-x-51-x-6-cm.webp?fit=800%2C800&ssl=1","width":800,"height":800,"caption":"Valptoalett Hundtoaletthundtoalett Valphundtoalett Konstgr\u00e4s 63 X 51 X 6 Cm 1"},{"@type":"BreadcrumbList","@id":"https:\/\/truusk.store\/sv\/produkt\/truusk-valptoalett-for-hundar-konstgras-63-x-51-x-6-cm-latt-att-rengora-hallbar-perfekt-for-valpar-och-hundar\/#breadcrumb","itemListElement":[{"@type":"ListItem","position":1,"name":"Home","item":"https:\/\/truusk.store\/sv\/"},{"@type":"ListItem","position":2,"name":"Shop","item":"https:\/\/truusk.store\/shop\/"},{"@type":"ListItem","position":3,"name":"TRUUSK Valptoalett f\u00f6r hundar &#8211; Konstgr\u00e4s &#8211; 63 x 51 x 6 cm &#8211; L\u00e4tt att reng\u00f6ra &#8211; H\u00e5llbar &#8211; Perfekt f\u00f6r valpar och hundar"}]},{"@type":"WebSite","@id":"https:\/\/truusk.store\/sv\/#website","url":"https:\/\/truusk.store\/sv\/","name":"TRUUSK - Hem, Tr\u00e4dg\u00e5rd & Fritid","description":"","publisher":{"@id":"https:\/\/truusk.store\/sv\/#organization"},"potentialAction":[{"@type":"SearchAction","target":{"@type":"EntryPoint","urlTemplate":"https:\/\/truusk.store\/sv\/?s={search_term_string}"},"query-input":{"@type":"PropertyValueSpecification","valueRequired":true,"valueName":"search_term_string"}}],"inLanguage":"sv-SE"},{"@type":"Organization","@id":"https:\/\/truusk.store\/sv\/#organization","name":"TRUUSK - Hem, Tr\u00e4dg\u00e5rd & Fritid","url":"https:\/\/truusk.store\/sv\/","logo":{"@type":"ImageObject","inLanguage":"sv-SE","@id":"https:\/\/truusk.store\/sv\/#\/schema\/logo\/image\/","url":"https:\/\/i0.wp.com\/truusk.store\/wp-content\/uploads\/2026\/03\/cropped-TRUUSK.png?fit=2032%2C917&ssl=1","contentUrl":"https:\/\/i0.wp.com\/truusk.store\/wp-content\/uploads\/2026\/03\/cropped-TRUUSK.png?fit=2032%2C917&ssl=1","width":2032,"height":917,"caption":"TRUUSK - Hem, Tr\u00e4dg\u00e5rd & Fritid"},"image":{"@id":"https:\/\/truusk.store\/sv\/#\/schema\/logo\/image\/"}}]}},"jetpack_sharing_enabled":true,"_links":{"self":[{"href":"https:\/\/truusk.store\/sv\/wp-json\/wp\/v2\/product\/21564","targetHints":{"allow":["GET"]}}],"collection":[{"href":"https:\/\/truusk.store\/sv\/wp-json\/wp\/v2\/product"}],"about":[{"href":"https:\/\/truusk.store\/sv\/wp-json\/wp\/v2\/types\/product"}],"wp:featuredmedia":[{"embeddable":true,"href":"https:\/\/truusk.store\/sv\/wp-json\/wp\/v2\/media\/21565"}],"wp:attachment":[{"href":"https:\/\/truusk.store\/sv\/wp-json\/wp\/v2\/media?parent=21564"}],"wp:term":[{"taxonomy":"product_brand","embeddable":true,"href":"https:\/\/truusk.store\/sv\/wp-json\/wp\/v2\/product_brand?post=21564"},{"taxonomy":"product_cat","embeddable":true,"href":"https:\/\/truusk.store\/sv\/wp-json\/wp\/v2\/product_cat?post=21564"},{"taxonomy":"product_tag","embeddable":true,"href":"https:\/\/truusk.store\/sv\/wp-json\/wp\/v2\/product_tag?post=21564"}],"curies":[{"name":"wp","href":"https:\/\/api.w.org\/{rel}","templated":true}]}}