{"id":21584,"date":"2024-02-13T15:57:06","date_gmt":"2024-02-13T14:57:06","guid":{"rendered":"https:\/\/truusk.store\/product\/gungdjur-gunghast-barngunga-rosa-vit-60-x-32-x-55-cm\/"},"modified":"2026-03-12T09:03:36","modified_gmt":"2026-03-12T08:03:36","slug":"truusk-gungdjur-gunghast-barngunga-rosa-vit-60-x-32-x-55-cm-hogkvalitativt-material-for-barn-upp-till-10-kg","status":"publish","type":"product","link":"https:\/\/truusk.store\/sv\/produkt\/truusk-gungdjur-gunghast-barngunga-rosa-vit-60-x-32-x-55-cm-hogkvalitativt-material-for-barn-upp-till-10-kg\/","title":{"rendered":"TRUUSK Gungdjur Gungh\u00e4st Barngunga &#8211; Rosa + Vit &#8211; 60 X 32 X 55 cm &#8211; H\u00f6gkvalitativt Material &#8211; F\u00f6r Barn upp till 10 kg"},"content":{"rendered":"<p>Gungleksaken \u00e4r formad som en svan och \u00e4r t\u00e4ckt med mjuk plysch i vitt och rosa. En metallram och robusta tr\u00e4skenor s\u00e4kerst\u00e4ller stabilitet. Med en knapptryckning spelar gungdjuret en barnv\u00e4nlig melodi. Det h\u00f6ga ryggst\u00f6det, tv\u00e5 l\u00e4tt\u00e5tkomliga handtag och fotst\u00f6den s\u00e4kerst\u00e4ller en s\u00e4ker sittplats. Ditt barn tar snabbt den s\u00f6ta gungande svanen till sina hj\u00e4rtan!<\/p>\n<h3>Beskrivning:<\/h3>\n<ul>\n<li>Vacker svandesign i rosa och vitt<\/li>\n<li>Stabil metallkonstruktion med tr\u00e4skenor<\/li>\n<li>Kl\u00e4dd med mjukt plyschtyg<\/li>\n<li>Med handtag och fotst\u00f6d f\u00f6r s\u00e4ker passform<\/li>\n<li>Rekommenderas f\u00f6r barn fr\u00e5n 18 m\u00e5nader och upp\u00e5t<\/li>\n<\/ul>\n<h3>Teknisk data:<\/h3>\n<ul>\n<li>Material: plysch, tr\u00e4, st\u00e5l<\/li>\n<li>\u00d6vergripande m\u00e5tt: L60 x B32 x H55 cm<\/li>\n<li>Sitth\u00f6jd: 26 cm<\/li>\n<li>L\u00e4mplig f\u00f6r barn: fr\u00e5n 18 m\u00e5nader<\/li>\n<li>Vikt: 3 kg<\/li>\n<li>Lastkapacitet: 30 kg<\/li>\n<li>F\u00e4rg: Rosa+Vit<\/li>\n<li>Tillbeh\u00f6r: 3 LR44-batterier<\/li>\n<\/ul>\n<h3>Leveransens omfattning:<\/h3>\n<ul>\n<li>1 x gungh\u00e4st<\/li>\n<li>1 x Monteringsanvisning<\/li>\n<\/ul>\n","protected":false},"excerpt":{"rendered":"<p>Gungleksaken \u00e4r formad som en svan och \u00e4r t\u00e4ckt med mjuk plysch i vitt och rosa. En metallram och robusta&#8230;<\/p>\n","protected":false},"featured_media":21585,"template":"","meta":[],"product_brand":[],"product_cat":[609,625,624],"product_tag":[],"class_list":{"0":"post-21584","1":"product","2":"type-product","3":"status-publish","4":"has-post-thumbnail","6":"product_cat-baby-barn","7":"product_cat-gungande-djur","8":"product_cat-leksak","10":"first","11":"instock","12":"sale","13":"taxable","14":"shipping-taxable","15":"purchasable","16":"product-type-simple"},"yoast_head":"<!-- This site is optimized with the Yoast SEO plugin v25.4 - https:\/\/yoast.com\/wordpress\/plugins\/seo\/ -->\n<title>TRUUSK Gungdjur Gungh\u00e4st Barngunga - Rosa + Vit - 60 X 32 X 55 cm - H\u00f6gkvalitativt Material - F\u00f6r Barn upp till 10 kg - TRUUSK - Hem, Tr\u00e4dg\u00e5rd &amp; Fritid<\/title>\n<meta name=\"robots\" content=\"index, follow, max-snippet:-1, max-image-preview:large, max-video-preview:-1\" \/>\n<link rel=\"canonical\" href=\"https:\/\/truusk.store\/sv\/produkt\/truusk-gungdjur-gunghast-barngunga-rosa-vit-60-x-32-x-55-cm-hogkvalitativt-material-for-barn-upp-till-10-kg\/\" \/>\n<meta property=\"og:locale\" content=\"sv_SE\" \/>\n<meta property=\"og:type\" content=\"article\" \/>\n<meta property=\"og:title\" content=\"TRUUSK Gungdjur Gungh\u00e4st Barngunga - Rosa + Vit - 60 X 32 X 55 cm - H\u00f6gkvalitativt Material - F\u00f6r Barn upp till 10 kg - TRUUSK - Hem, Tr\u00e4dg\u00e5rd &amp; Fritid\" \/>\n<meta property=\"og:description\" content=\"Gungleksaken \u00e4r formad som en svan och \u00e4r t\u00e4ckt med mjuk plysch i vitt och rosa. En metallram och robusta...\" \/>\n<meta property=\"og:url\" content=\"https:\/\/truusk.store\/sv\/produkt\/truusk-gungdjur-gunghast-barngunga-rosa-vit-60-x-32-x-55-cm-hogkvalitativt-material-for-barn-upp-till-10-kg\/\" \/>\n<meta property=\"og:site_name\" content=\"TRUUSK - Hem, Tr\u00e4dg\u00e5rd &amp; Fritid\" \/>\n<meta property=\"article:modified_time\" content=\"2026-03-12T08:03:36+00:00\" \/>\n<meta property=\"og:image\" content=\"https:\/\/i0.wp.com\/truusk.se\/wp-content\/uploads\/2024\/02\/gungdjur-gunghast-barngunga-rosa-vit-60-x-32-x-55-cm.webp?fit=800%2C800&ssl=1\" \/>\n\t<meta property=\"og:image:width\" content=\"800\" \/>\n\t<meta property=\"og:image:height\" content=\"800\" \/>\n\t<meta property=\"og:image:type\" content=\"image\/webp\" \/>\n<meta name=\"twitter:card\" content=\"summary_large_image\" \/>\n<meta name=\"twitter:label1\" content=\"Ber\u00e4knad l\u00e4stid\" \/>\n\t<meta name=\"twitter:data1\" content=\"1 minut\" \/>\n<!-- \/ Yoast SEO plugin. -->","yoast_head_json":{"title":"TRUUSK Gungdjur Gungh\u00e4st Barngunga - Rosa + Vit - 60 X 32 X 55 cm - H\u00f6gkvalitativt Material - F\u00f6r Barn upp till 10 kg - TRUUSK - Hem, Tr\u00e4dg\u00e5rd &amp; Fritid","robots":{"index":"index","follow":"follow","max-snippet":"max-snippet:-1","max-image-preview":"max-image-preview:large","max-video-preview":"max-video-preview:-1"},"canonical":"https:\/\/truusk.store\/sv\/produkt\/truusk-gungdjur-gunghast-barngunga-rosa-vit-60-x-32-x-55-cm-hogkvalitativt-material-for-barn-upp-till-10-kg\/","og_locale":"sv_SE","og_type":"article","og_title":"TRUUSK Gungdjur Gungh\u00e4st Barngunga - Rosa + Vit - 60 X 32 X 55 cm - H\u00f6gkvalitativt Material - F\u00f6r Barn upp till 10 kg - TRUUSK - Hem, Tr\u00e4dg\u00e5rd &amp; Fritid","og_description":"Gungleksaken \u00e4r formad som en svan och \u00e4r t\u00e4ckt med mjuk plysch i vitt och rosa. En metallram och robusta...","og_url":"https:\/\/truusk.store\/sv\/produkt\/truusk-gungdjur-gunghast-barngunga-rosa-vit-60-x-32-x-55-cm-hogkvalitativt-material-for-barn-upp-till-10-kg\/","og_site_name":"TRUUSK - Hem, Tr\u00e4dg\u00e5rd &amp; Fritid","article_modified_time":"2026-03-12T08:03:36+00:00","og_image":[{"width":800,"height":800,"url":"https:\/\/i0.wp.com\/truusk.se\/wp-content\/uploads\/2024\/02\/gungdjur-gunghast-barngunga-rosa-vit-60-x-32-x-55-cm.webp?fit=800%2C800&ssl=1","type":"image\/webp"}],"twitter_card":"summary_large_image","twitter_misc":{"Ber\u00e4knad l\u00e4stid":"1 minut"},"schema":{"@context":"https:\/\/schema.org","@graph":[{"@type":"WebPage","@id":"https:\/\/truusk.store\/sv\/produkt\/truusk-gungdjur-gunghast-barngunga-rosa-vit-60-x-32-x-55-cm-hogkvalitativt-material-for-barn-upp-till-10-kg\/","url":"https:\/\/truusk.store\/sv\/produkt\/truusk-gungdjur-gunghast-barngunga-rosa-vit-60-x-32-x-55-cm-hogkvalitativt-material-for-barn-upp-till-10-kg\/","name":"TRUUSK Gungdjur Gungh\u00e4st Barngunga - Rosa + Vit - 60 X 32 X 55 cm - H\u00f6gkvalitativt Material - F\u00f6r Barn upp till 10 kg - TRUUSK - Hem, Tr\u00e4dg\u00e5rd &amp; Fritid","isPartOf":{"@id":"https:\/\/truusk.store\/sv\/#website"},"primaryImageOfPage":{"@id":"https:\/\/truusk.store\/sv\/produkt\/truusk-gungdjur-gunghast-barngunga-rosa-vit-60-x-32-x-55-cm-hogkvalitativt-material-for-barn-upp-till-10-kg\/#primaryimage"},"image":{"@id":"https:\/\/truusk.store\/sv\/produkt\/truusk-gungdjur-gunghast-barngunga-rosa-vit-60-x-32-x-55-cm-hogkvalitativt-material-for-barn-upp-till-10-kg\/#primaryimage"},"thumbnailUrl":"https:\/\/i0.wp.com\/truusk.store\/wp-content\/uploads\/2024\/02\/gungdjur-gunghast-barngunga-rosa-vit-60-x-32-x-55-cm.webp?fit=800%2C800&ssl=1","datePublished":"2024-02-13T14:57:06+00:00","dateModified":"2026-03-12T08:03:36+00:00","breadcrumb":{"@id":"https:\/\/truusk.store\/sv\/produkt\/truusk-gungdjur-gunghast-barngunga-rosa-vit-60-x-32-x-55-cm-hogkvalitativt-material-for-barn-upp-till-10-kg\/#breadcrumb"},"inLanguage":"sv-SE","potentialAction":[{"@type":"ReadAction","target":["https:\/\/truusk.store\/sv\/produkt\/truusk-gungdjur-gunghast-barngunga-rosa-vit-60-x-32-x-55-cm-hogkvalitativt-material-for-barn-upp-till-10-kg\/"]}]},{"@type":"ImageObject","inLanguage":"sv-SE","@id":"https:\/\/truusk.store\/sv\/produkt\/truusk-gungdjur-gunghast-barngunga-rosa-vit-60-x-32-x-55-cm-hogkvalitativt-material-for-barn-upp-till-10-kg\/#primaryimage","url":"https:\/\/i0.wp.com\/truusk.store\/wp-content\/uploads\/2024\/02\/gungdjur-gunghast-barngunga-rosa-vit-60-x-32-x-55-cm.webp?fit=800%2C800&ssl=1","contentUrl":"https:\/\/i0.wp.com\/truusk.store\/wp-content\/uploads\/2024\/02\/gungdjur-gunghast-barngunga-rosa-vit-60-x-32-x-55-cm.webp?fit=800%2C800&ssl=1","width":800,"height":800,"caption":"Gungdjur Gungh\u00e4st Barngunga Rosa + Vit 60 X 32 X 55 Cm 1"},{"@type":"BreadcrumbList","@id":"https:\/\/truusk.store\/sv\/produkt\/truusk-gungdjur-gunghast-barngunga-rosa-vit-60-x-32-x-55-cm-hogkvalitativt-material-for-barn-upp-till-10-kg\/#breadcrumb","itemListElement":[{"@type":"ListItem","position":1,"name":"Home","item":"https:\/\/truusk.store\/sv\/"},{"@type":"ListItem","position":2,"name":"Shop","item":"https:\/\/truusk.store\/shop\/"},{"@type":"ListItem","position":3,"name":"TRUUSK Gungdjur Gungh\u00e4st Barngunga &#8211; Rosa + Vit &#8211; 60 X 32 X 55 cm &#8211; H\u00f6gkvalitativt Material &#8211; F\u00f6r Barn upp till 10 kg"}]},{"@type":"WebSite","@id":"https:\/\/truusk.store\/sv\/#website","url":"https:\/\/truusk.store\/sv\/","name":"TRUUSK - Hem, Tr\u00e4dg\u00e5rd & Fritid","description":"","publisher":{"@id":"https:\/\/truusk.store\/sv\/#organization"},"potentialAction":[{"@type":"SearchAction","target":{"@type":"EntryPoint","urlTemplate":"https:\/\/truusk.store\/sv\/?s={search_term_string}"},"query-input":{"@type":"PropertyValueSpecification","valueRequired":true,"valueName":"search_term_string"}}],"inLanguage":"sv-SE"},{"@type":"Organization","@id":"https:\/\/truusk.store\/sv\/#organization","name":"TRUUSK - Hem, Tr\u00e4dg\u00e5rd & Fritid","url":"https:\/\/truusk.store\/sv\/","logo":{"@type":"ImageObject","inLanguage":"sv-SE","@id":"https:\/\/truusk.store\/sv\/#\/schema\/logo\/image\/","url":"https:\/\/i0.wp.com\/truusk.store\/wp-content\/uploads\/2026\/03\/cropped-TRUUSK.png?fit=2032%2C917&ssl=1","contentUrl":"https:\/\/i0.wp.com\/truusk.store\/wp-content\/uploads\/2026\/03\/cropped-TRUUSK.png?fit=2032%2C917&ssl=1","width":2032,"height":917,"caption":"TRUUSK - Hem, Tr\u00e4dg\u00e5rd & Fritid"},"image":{"@id":"https:\/\/truusk.store\/sv\/#\/schema\/logo\/image\/"}}]}},"jetpack_sharing_enabled":true,"_links":{"self":[{"href":"https:\/\/truusk.store\/sv\/wp-json\/wp\/v2\/product\/21584","targetHints":{"allow":["GET"]}}],"collection":[{"href":"https:\/\/truusk.store\/sv\/wp-json\/wp\/v2\/product"}],"about":[{"href":"https:\/\/truusk.store\/sv\/wp-json\/wp\/v2\/types\/product"}],"wp:featuredmedia":[{"embeddable":true,"href":"https:\/\/truusk.store\/sv\/wp-json\/wp\/v2\/media\/21585"}],"wp:attachment":[{"href":"https:\/\/truusk.store\/sv\/wp-json\/wp\/v2\/media?parent=21584"}],"wp:term":[{"taxonomy":"product_brand","embeddable":true,"href":"https:\/\/truusk.store\/sv\/wp-json\/wp\/v2\/product_brand?post=21584"},{"taxonomy":"product_cat","embeddable":true,"href":"https:\/\/truusk.store\/sv\/wp-json\/wp\/v2\/product_cat?post=21584"},{"taxonomy":"product_tag","embeddable":true,"href":"https:\/\/truusk.store\/sv\/wp-json\/wp\/v2\/product_tag?post=21584"}],"curies":[{"name":"wp","href":"https:\/\/api.w.org\/{rel}","templated":true}]}}