{"id":21603,"date":"2024-02-13T15:57:42","date_gmt":"2024-02-13T14:57:42","guid":{"rendered":"https:\/\/truusk.store\/product\/parasoll-tradgard-paraply-uteplats-paraply-stal-stal-utomhus-blue-stripe-230-x-216-cm\/"},"modified":"2026-03-12T09:03:36","modified_gmt":"2026-03-12T08:03:36","slug":"truusk-parasoll-tradgard-stalkonstruktion-bla-rand-230-x-216-cm-uv-skydd-uteplats-paraply-utomhus-anvandning","status":"publish","type":"product","link":"https:\/\/truusk.store\/sv\/produkt\/truusk-parasoll-tradgard-stalkonstruktion-bla-rand-230-x-216-cm-uv-skydd-uteplats-paraply-utomhus-anvandning\/","title":{"rendered":"TRUUSK Parasoll Tr\u00e4dg\u00e5rd &#8211; St\u00e5lkonstruktion &#8211; Bl\u00e5 Rand &#8211; 230 x 216 cm &#8211; UV-skydd &#8211; Uteplats Paraply &#8211; Utomhus anv\u00e4ndning"},"content":{"rendered":"<p>Beh\u00f6ver du ett modernt och funktionellt parasoll i din tr\u00e4dg\u00e5rd, veranda eller terrass? Parasollet k\u00e4nnetecknas av sin justerbara vinkel och enkla \u00f6ppning. Detta parasoll \u00e4r designat f\u00f6r att ge dig den skugga du beh\u00f6ver medan du njuter av utomhus en solig dag. Den \u00e4r tillverkad av h\u00f6gkvalitativt material som garanterar optimal h\u00e5llbarhet.<\/p>\n<h3>Beskrivning:<\/h3>\n<ul>\n<li>Attraktivt och stilrent uteplatsparaply ger dig ett omfattande skydd<\/li>\n<li>Justera snabbt paraplyvinkeln fr\u00e5n solen med enkla tryckknappskontroller<\/li>\n<li>Vrid p\u00e5 handveven f\u00f6r att \u00f6ppna och st\u00e4nga paraplyet p\u00e5 bara n\u00e5gra sekunder<\/li>\n<li>Idealisk f\u00f6r fullst\u00e4ndig skugga i alla parker, balkonger eller andra utomhusomr\u00e5den<\/li>\n<li>Ventilations\u00f6ppningarna p\u00e5 toppen av paraplyet hj\u00e4lper till att h\u00e5lla sig stabila i bl\u00e5sigt v\u00e4der<\/li>\n<li>Avtagbar struktur g\u00f6r den mer bekv\u00e4m att montera och f\u00f6rvara<\/li>\n<li>L\u00e4mna inte paraplyet \u00f6ppet vid kraftigt regn eller d\u00e5ligt v\u00e4der<\/li>\n<\/ul>\n<h3>Teknisk data:<\/h3>\n<ul>\n<li>F\u00e4rg: Bl\u00e5 rand<\/li>\n<li>Material: metall, polyester<\/li>\n<li>Totala m\u00e5tt: 2,3 x 2,16H m<\/li>\n<li>St\u00e5ngdiameter: 38 mm<\/li>\n<li>OBS: Foten ing\u00e5r ej<\/li>\n<li>Det rekommenderas att anv\u00e4nda en paraplybas som v\u00e4ger mer \u00e4n 15 kg<\/li>\n<\/ul>\n<h3>Leveransens omfattning:<\/h3>\n<ul>\n<li>1 x Parasoll<\/li>\n<li>1 x Instruktioner<\/li>\n<\/ul>\n","protected":false},"excerpt":{"rendered":"<p>Beh\u00f6ver du ett modernt och funktionellt parasoll i din tr\u00e4dg\u00e5rd, veranda eller terrass? Parasollet k\u00e4nnetecknas av sin justerbara vinkel och&#8230;<\/p>\n","protected":false},"featured_media":21604,"template":"","meta":[],"product_brand":[],"product_cat":[472,471,435],"product_tag":[],"class_list":{"0":"post-21603","1":"product","2":"type-product","3":"status-publish","4":"has-post-thumbnail","6":"product_cat-parasoller","7":"product_cat-solskydd-integritetsskydd","8":"product_cat-tradgard-och-terrass","10":"first","11":"instock","12":"sale","13":"taxable","14":"shipping-taxable","15":"purchasable","16":"product-type-simple"},"yoast_head":"<!-- This site is optimized with the Yoast SEO plugin v25.4 - https:\/\/yoast.com\/wordpress\/plugins\/seo\/ -->\n<title>TRUUSK Parasoll Tr\u00e4dg\u00e5rd - St\u00e5lkonstruktion - Bl\u00e5 Rand - 230 x 216 cm - UV-skydd - Uteplats Paraply - Utomhus anv\u00e4ndning - TRUUSK - Hem, Tr\u00e4dg\u00e5rd &amp; Fritid<\/title>\n<meta name=\"robots\" content=\"index, follow, max-snippet:-1, max-image-preview:large, max-video-preview:-1\" \/>\n<link rel=\"canonical\" href=\"https:\/\/truusk.store\/sv\/produkt\/truusk-parasoll-tradgard-stalkonstruktion-bla-rand-230-x-216-cm-uv-skydd-uteplats-paraply-utomhus-anvandning\/\" \/>\n<meta property=\"og:locale\" content=\"sv_SE\" \/>\n<meta property=\"og:type\" content=\"article\" \/>\n<meta property=\"og:title\" content=\"TRUUSK Parasoll Tr\u00e4dg\u00e5rd - St\u00e5lkonstruktion - Bl\u00e5 Rand - 230 x 216 cm - UV-skydd - Uteplats Paraply - Utomhus anv\u00e4ndning - TRUUSK - Hem, Tr\u00e4dg\u00e5rd &amp; Fritid\" \/>\n<meta property=\"og:description\" content=\"Beh\u00f6ver du ett modernt och funktionellt parasoll i din tr\u00e4dg\u00e5rd, veranda eller terrass? Parasollet k\u00e4nnetecknas av sin justerbara vinkel och...\" \/>\n<meta property=\"og:url\" content=\"https:\/\/truusk.store\/sv\/produkt\/truusk-parasoll-tradgard-stalkonstruktion-bla-rand-230-x-216-cm-uv-skydd-uteplats-paraply-utomhus-anvandning\/\" \/>\n<meta property=\"og:site_name\" content=\"TRUUSK - Hem, Tr\u00e4dg\u00e5rd &amp; Fritid\" \/>\n<meta property=\"article:modified_time\" content=\"2026-03-12T08:03:36+00:00\" \/>\n<meta property=\"og:image\" content=\"https:\/\/i0.wp.com\/truusk.se\/wp-content\/uploads\/2024\/02\/parasoll-tradgard-paraply-uteplats-paraply-stal-stal-utomhus-blue-stripe-230-x-216-cm.webp?fit=800%2C800&ssl=1\" \/>\n\t<meta property=\"og:image:width\" content=\"800\" \/>\n\t<meta property=\"og:image:height\" content=\"800\" \/>\n\t<meta property=\"og:image:type\" content=\"image\/webp\" \/>\n<meta name=\"twitter:card\" content=\"summary_large_image\" \/>\n<meta name=\"twitter:label1\" content=\"Ber\u00e4knad l\u00e4stid\" \/>\n\t<meta name=\"twitter:data1\" content=\"1 minut\" \/>\n<!-- \/ Yoast SEO plugin. -->","yoast_head_json":{"title":"TRUUSK Parasoll Tr\u00e4dg\u00e5rd - St\u00e5lkonstruktion - Bl\u00e5 Rand - 230 x 216 cm - UV-skydd - Uteplats Paraply - Utomhus anv\u00e4ndning - TRUUSK - Hem, Tr\u00e4dg\u00e5rd &amp; Fritid","robots":{"index":"index","follow":"follow","max-snippet":"max-snippet:-1","max-image-preview":"max-image-preview:large","max-video-preview":"max-video-preview:-1"},"canonical":"https:\/\/truusk.store\/sv\/produkt\/truusk-parasoll-tradgard-stalkonstruktion-bla-rand-230-x-216-cm-uv-skydd-uteplats-paraply-utomhus-anvandning\/","og_locale":"sv_SE","og_type":"article","og_title":"TRUUSK Parasoll Tr\u00e4dg\u00e5rd - St\u00e5lkonstruktion - Bl\u00e5 Rand - 230 x 216 cm - UV-skydd - Uteplats Paraply - Utomhus anv\u00e4ndning - TRUUSK - Hem, Tr\u00e4dg\u00e5rd &amp; Fritid","og_description":"Beh\u00f6ver du ett modernt och funktionellt parasoll i din tr\u00e4dg\u00e5rd, veranda eller terrass? Parasollet k\u00e4nnetecknas av sin justerbara vinkel och...","og_url":"https:\/\/truusk.store\/sv\/produkt\/truusk-parasoll-tradgard-stalkonstruktion-bla-rand-230-x-216-cm-uv-skydd-uteplats-paraply-utomhus-anvandning\/","og_site_name":"TRUUSK - Hem, Tr\u00e4dg\u00e5rd &amp; Fritid","article_modified_time":"2026-03-12T08:03:36+00:00","og_image":[{"width":800,"height":800,"url":"https:\/\/i0.wp.com\/truusk.se\/wp-content\/uploads\/2024\/02\/parasoll-tradgard-paraply-uteplats-paraply-stal-stal-utomhus-blue-stripe-230-x-216-cm.webp?fit=800%2C800&ssl=1","type":"image\/webp"}],"twitter_card":"summary_large_image","twitter_misc":{"Ber\u00e4knad l\u00e4stid":"1 minut"},"schema":{"@context":"https:\/\/schema.org","@graph":[{"@type":"WebPage","@id":"https:\/\/truusk.store\/sv\/produkt\/truusk-parasoll-tradgard-stalkonstruktion-bla-rand-230-x-216-cm-uv-skydd-uteplats-paraply-utomhus-anvandning\/","url":"https:\/\/truusk.store\/sv\/produkt\/truusk-parasoll-tradgard-stalkonstruktion-bla-rand-230-x-216-cm-uv-skydd-uteplats-paraply-utomhus-anvandning\/","name":"TRUUSK Parasoll Tr\u00e4dg\u00e5rd - St\u00e5lkonstruktion - Bl\u00e5 Rand - 230 x 216 cm - UV-skydd - Uteplats Paraply - Utomhus anv\u00e4ndning - TRUUSK - Hem, Tr\u00e4dg\u00e5rd &amp; Fritid","isPartOf":{"@id":"https:\/\/truusk.store\/sv\/#website"},"primaryImageOfPage":{"@id":"https:\/\/truusk.store\/sv\/produkt\/truusk-parasoll-tradgard-stalkonstruktion-bla-rand-230-x-216-cm-uv-skydd-uteplats-paraply-utomhus-anvandning\/#primaryimage"},"image":{"@id":"https:\/\/truusk.store\/sv\/produkt\/truusk-parasoll-tradgard-stalkonstruktion-bla-rand-230-x-216-cm-uv-skydd-uteplats-paraply-utomhus-anvandning\/#primaryimage"},"thumbnailUrl":"https:\/\/i0.wp.com\/truusk.store\/wp-content\/uploads\/2024\/02\/parasoll-tradgard-paraply-uteplats-paraply-stal-stal-utomhus-blue-stripe-230-x-216-cm.webp?fit=800%2C800&ssl=1","datePublished":"2024-02-13T14:57:42+00:00","dateModified":"2026-03-12T08:03:36+00:00","breadcrumb":{"@id":"https:\/\/truusk.store\/sv\/produkt\/truusk-parasoll-tradgard-stalkonstruktion-bla-rand-230-x-216-cm-uv-skydd-uteplats-paraply-utomhus-anvandning\/#breadcrumb"},"inLanguage":"sv-SE","potentialAction":[{"@type":"ReadAction","target":["https:\/\/truusk.store\/sv\/produkt\/truusk-parasoll-tradgard-stalkonstruktion-bla-rand-230-x-216-cm-uv-skydd-uteplats-paraply-utomhus-anvandning\/"]}]},{"@type":"ImageObject","inLanguage":"sv-SE","@id":"https:\/\/truusk.store\/sv\/produkt\/truusk-parasoll-tradgard-stalkonstruktion-bla-rand-230-x-216-cm-uv-skydd-uteplats-paraply-utomhus-anvandning\/#primaryimage","url":"https:\/\/i0.wp.com\/truusk.store\/wp-content\/uploads\/2024\/02\/parasoll-tradgard-paraply-uteplats-paraply-stal-stal-utomhus-blue-stripe-230-x-216-cm.webp?fit=800%2C800&ssl=1","contentUrl":"https:\/\/i0.wp.com\/truusk.store\/wp-content\/uploads\/2024\/02\/parasoll-tradgard-paraply-uteplats-paraply-stal-stal-utomhus-blue-stripe-230-x-216-cm.webp?fit=800%2C800&ssl=1","width":800,"height":800,"caption":"Parasoll Tr\u00e4dg\u00e5rd Paraply Uteplats Paraply St\u00e5l St\u00e5l Utomhus Blue Stripe 230 X 216 Cm 1"},{"@type":"BreadcrumbList","@id":"https:\/\/truusk.store\/sv\/produkt\/truusk-parasoll-tradgard-stalkonstruktion-bla-rand-230-x-216-cm-uv-skydd-uteplats-paraply-utomhus-anvandning\/#breadcrumb","itemListElement":[{"@type":"ListItem","position":1,"name":"Home","item":"https:\/\/truusk.store\/sv\/"},{"@type":"ListItem","position":2,"name":"Shop","item":"https:\/\/truusk.store\/shop\/"},{"@type":"ListItem","position":3,"name":"TRUUSK Parasoll Tr\u00e4dg\u00e5rd &#8211; St\u00e5lkonstruktion &#8211; Bl\u00e5 Rand &#8211; 230 x 216 cm &#8211; UV-skydd &#8211; Uteplats Paraply &#8211; Utomhus anv\u00e4ndning"}]},{"@type":"WebSite","@id":"https:\/\/truusk.store\/sv\/#website","url":"https:\/\/truusk.store\/sv\/","name":"TRUUSK - Hem, Tr\u00e4dg\u00e5rd & Fritid","description":"","publisher":{"@id":"https:\/\/truusk.store\/sv\/#organization"},"potentialAction":[{"@type":"SearchAction","target":{"@type":"EntryPoint","urlTemplate":"https:\/\/truusk.store\/sv\/?s={search_term_string}"},"query-input":{"@type":"PropertyValueSpecification","valueRequired":true,"valueName":"search_term_string"}}],"inLanguage":"sv-SE"},{"@type":"Organization","@id":"https:\/\/truusk.store\/sv\/#organization","name":"TRUUSK - Hem, Tr\u00e4dg\u00e5rd & Fritid","url":"https:\/\/truusk.store\/sv\/","logo":{"@type":"ImageObject","inLanguage":"sv-SE","@id":"https:\/\/truusk.store\/sv\/#\/schema\/logo\/image\/","url":"https:\/\/i0.wp.com\/truusk.store\/wp-content\/uploads\/2026\/03\/cropped-TRUUSK.png?fit=2032%2C917&ssl=1","contentUrl":"https:\/\/i0.wp.com\/truusk.store\/wp-content\/uploads\/2026\/03\/cropped-TRUUSK.png?fit=2032%2C917&ssl=1","width":2032,"height":917,"caption":"TRUUSK - Hem, Tr\u00e4dg\u00e5rd & Fritid"},"image":{"@id":"https:\/\/truusk.store\/sv\/#\/schema\/logo\/image\/"}}]}},"jetpack_sharing_enabled":true,"_links":{"self":[{"href":"https:\/\/truusk.store\/sv\/wp-json\/wp\/v2\/product\/21603","targetHints":{"allow":["GET"]}}],"collection":[{"href":"https:\/\/truusk.store\/sv\/wp-json\/wp\/v2\/product"}],"about":[{"href":"https:\/\/truusk.store\/sv\/wp-json\/wp\/v2\/types\/product"}],"wp:featuredmedia":[{"embeddable":true,"href":"https:\/\/truusk.store\/sv\/wp-json\/wp\/v2\/media\/21604"}],"wp:attachment":[{"href":"https:\/\/truusk.store\/sv\/wp-json\/wp\/v2\/media?parent=21603"}],"wp:term":[{"taxonomy":"product_brand","embeddable":true,"href":"https:\/\/truusk.store\/sv\/wp-json\/wp\/v2\/product_brand?post=21603"},{"taxonomy":"product_cat","embeddable":true,"href":"https:\/\/truusk.store\/sv\/wp-json\/wp\/v2\/product_cat?post=21603"},{"taxonomy":"product_tag","embeddable":true,"href":"https:\/\/truusk.store\/sv\/wp-json\/wp\/v2\/product_tag?post=21603"}],"curies":[{"name":"wp","href":"https:\/\/api.w.org\/{rel}","templated":true}]}}