{"id":21631,"date":"2024-02-13T15:58:39","date_gmt":"2024-02-13T14:58:39","guid":{"rendered":"https:\/\/truusk.store\/product\/skyddsoverdrag-for-tradgardsmobler-600d-oxford-210-x-140-x-80-cm\/"},"modified":"2026-03-12T09:03:38","modified_gmt":"2026-03-12T08:03:38","slug":"truusk-skyddsoverdrag-for-tradgardsmobler-vattentatt-600d-oxford-material-210-x-140-x-80-cm-uv-skydd-justerbar-passform","status":"publish","type":"product","link":"https:\/\/truusk.store\/sv\/produkt\/truusk-skyddsoverdrag-for-tradgardsmobler-vattentatt-600d-oxford-material-210-x-140-x-80-cm-uv-skydd-justerbar-passform\/","title":{"rendered":"TRUUSK Skydds\u00f6verdrag f\u00f6r Tr\u00e4dg\u00e5rdsm\u00f6bler &#8211; Vattent\u00e4tt 600D-Oxford Material &#8211; 210 x 140 x 80 cm &#8211; UV-skydd &#8211; Justerbar Passform &#8211;"},"content":{"rendered":"<p>Presenningen skyddar det viktiga. I klassiskt gr\u00f6nt \u00e4r det idealiskt f\u00f6r att t\u00e4cka dina tr\u00e4dg\u00e5rdsm\u00f6bler och balkongm\u00f6bler. Du kan alltid knyta fast ditt fodral exakt och s\u00e4kert med 8 integrerade \u00f6glor och den h\u00f6gkvalitativa sladden. Det betyder att dina tr\u00e4dg\u00e5rdsm\u00f6bler \u00e4r v\u00e4l skyddade fr\u00e5n sn\u00f6, regn, smuts, damm och intensiv UV-str\u00e5lning.<\/p>\n<h3>Beskrivning:<\/h3>\n<ul>\n<li>Skydds\u00f6verdrag, till exempel f\u00f6r tr\u00e4dg\u00e5rdsm\u00f6bler (m\u00e5nga andra anv\u00e4ndningsomr\u00e5den) inklusive 8 \u00f6glor och sladd f\u00f6r s\u00e4ker fasts\u00e4ttning<\/li>\n<li>Tillverkad av robust tyg: 600D Oxford-material med PE-bel\u00e4ggning, skyddar dina m\u00f6bler fr\u00e5n UV-str\u00e5lning, smuts och fukt<\/li>\n<li>Vattenavvisande<\/li>\n<\/ul>\n<h3>Teknisk data:<\/h3>\n<ul>\n<li>Material: 600D Oxford-material med PE-bel\u00e4ggning (tv\u00e4ttbar)<\/li>\n<li>Totala m\u00e5tt: 210W x 140D x 80H cm<\/li>\n<li>F\u00e4rg: gr\u00f6n<\/li>\n<li>Dragsko i nylon: 5 mm<\/li>\n<\/ul>\n<h3>Leveransens omfattning:<\/h3>\n<ul>\n<li>1 x skyddsfodral;<\/li>\n<\/ul>\n","protected":false},"excerpt":{"rendered":"<p>Presenningen skyddar det viktiga. I klassiskt gr\u00f6nt \u00e4r det idealiskt f\u00f6r att t\u00e4cka dina tr\u00e4dg\u00e5rdsm\u00f6bler och balkongm\u00f6bler. Du kan alltid&#8230;<\/p>\n","protected":false},"featured_media":21632,"template":"","meta":[],"product_brand":[],"product_cat":[741,435,450,455],"product_tag":[],"class_list":{"0":"post-21631","1":"product","2":"type-product","3":"status-publish","4":"has-post-thumbnail","6":"product_cat-presenningar","7":"product_cat-tradgard-och-terrass","8":"product_cat-tradgardsmobler","9":"product_cat-tradgardsmobler-i-polyrattan","11":"first","12":"instock","13":"sale","14":"taxable","15":"shipping-taxable","16":"purchasable","17":"product-type-simple"},"yoast_head":"<!-- This site is optimized with the Yoast SEO plugin v25.4 - https:\/\/yoast.com\/wordpress\/plugins\/seo\/ -->\n<title>TRUUSK Skydds\u00f6verdrag f\u00f6r Tr\u00e4dg\u00e5rdsm\u00f6bler - Vattent\u00e4tt 600D-Oxford Material - 210 x 140 x 80 cm - UV-skydd - Justerbar Passform - TRUUSK - Hem, Tr\u00e4dg\u00e5rd &amp; Fritid<\/title>\n<meta name=\"robots\" content=\"index, follow, max-snippet:-1, max-image-preview:large, max-video-preview:-1\" \/>\n<link rel=\"canonical\" href=\"https:\/\/truusk.store\/sv\/produkt\/truusk-skyddsoverdrag-for-tradgardsmobler-vattentatt-600d-oxford-material-210-x-140-x-80-cm-uv-skydd-justerbar-passform\/\" \/>\n<meta property=\"og:locale\" content=\"sv_SE\" \/>\n<meta property=\"og:type\" content=\"article\" \/>\n<meta property=\"og:title\" content=\"TRUUSK Skydds\u00f6verdrag f\u00f6r Tr\u00e4dg\u00e5rdsm\u00f6bler - Vattent\u00e4tt 600D-Oxford Material - 210 x 140 x 80 cm - UV-skydd - Justerbar Passform - TRUUSK - Hem, Tr\u00e4dg\u00e5rd &amp; Fritid\" \/>\n<meta property=\"og:description\" content=\"Presenningen skyddar det viktiga. I klassiskt gr\u00f6nt \u00e4r det idealiskt f\u00f6r att t\u00e4cka dina tr\u00e4dg\u00e5rdsm\u00f6bler och balkongm\u00f6bler. Du kan alltid...\" \/>\n<meta property=\"og:url\" content=\"https:\/\/truusk.store\/sv\/produkt\/truusk-skyddsoverdrag-for-tradgardsmobler-vattentatt-600d-oxford-material-210-x-140-x-80-cm-uv-skydd-justerbar-passform\/\" \/>\n<meta property=\"og:site_name\" content=\"TRUUSK - Hem, Tr\u00e4dg\u00e5rd &amp; Fritid\" \/>\n<meta property=\"article:modified_time\" content=\"2026-03-12T08:03:38+00:00\" \/>\n<meta property=\"og:image\" content=\"https:\/\/i0.wp.com\/truusk.se\/wp-content\/uploads\/2024\/02\/skyddsoverdrag-for-tradgardsmobler-600d-oxford-210-x-140-x-80-cm.webp?fit=800%2C800&ssl=1\" \/>\n\t<meta property=\"og:image:width\" content=\"800\" \/>\n\t<meta property=\"og:image:height\" content=\"800\" \/>\n\t<meta property=\"og:image:type\" content=\"image\/webp\" \/>\n<meta name=\"twitter:card\" content=\"summary_large_image\" \/>\n<meta name=\"twitter:label1\" content=\"Ber\u00e4knad l\u00e4stid\" \/>\n\t<meta name=\"twitter:data1\" content=\"1 minut\" \/>\n<!-- \/ Yoast SEO plugin. -->","yoast_head_json":{"title":"TRUUSK Skydds\u00f6verdrag f\u00f6r Tr\u00e4dg\u00e5rdsm\u00f6bler - Vattent\u00e4tt 600D-Oxford Material - 210 x 140 x 80 cm - UV-skydd - Justerbar Passform - TRUUSK - Hem, Tr\u00e4dg\u00e5rd &amp; Fritid","robots":{"index":"index","follow":"follow","max-snippet":"max-snippet:-1","max-image-preview":"max-image-preview:large","max-video-preview":"max-video-preview:-1"},"canonical":"https:\/\/truusk.store\/sv\/produkt\/truusk-skyddsoverdrag-for-tradgardsmobler-vattentatt-600d-oxford-material-210-x-140-x-80-cm-uv-skydd-justerbar-passform\/","og_locale":"sv_SE","og_type":"article","og_title":"TRUUSK Skydds\u00f6verdrag f\u00f6r Tr\u00e4dg\u00e5rdsm\u00f6bler - Vattent\u00e4tt 600D-Oxford Material - 210 x 140 x 80 cm - UV-skydd - Justerbar Passform - TRUUSK - Hem, Tr\u00e4dg\u00e5rd &amp; Fritid","og_description":"Presenningen skyddar det viktiga. I klassiskt gr\u00f6nt \u00e4r det idealiskt f\u00f6r att t\u00e4cka dina tr\u00e4dg\u00e5rdsm\u00f6bler och balkongm\u00f6bler. Du kan alltid...","og_url":"https:\/\/truusk.store\/sv\/produkt\/truusk-skyddsoverdrag-for-tradgardsmobler-vattentatt-600d-oxford-material-210-x-140-x-80-cm-uv-skydd-justerbar-passform\/","og_site_name":"TRUUSK - Hem, Tr\u00e4dg\u00e5rd &amp; Fritid","article_modified_time":"2026-03-12T08:03:38+00:00","og_image":[{"width":800,"height":800,"url":"https:\/\/i0.wp.com\/truusk.se\/wp-content\/uploads\/2024\/02\/skyddsoverdrag-for-tradgardsmobler-600d-oxford-210-x-140-x-80-cm.webp?fit=800%2C800&ssl=1","type":"image\/webp"}],"twitter_card":"summary_large_image","twitter_misc":{"Ber\u00e4knad l\u00e4stid":"1 minut"},"schema":{"@context":"https:\/\/schema.org","@graph":[{"@type":"WebPage","@id":"https:\/\/truusk.store\/sv\/produkt\/truusk-skyddsoverdrag-for-tradgardsmobler-vattentatt-600d-oxford-material-210-x-140-x-80-cm-uv-skydd-justerbar-passform\/","url":"https:\/\/truusk.store\/sv\/produkt\/truusk-skyddsoverdrag-for-tradgardsmobler-vattentatt-600d-oxford-material-210-x-140-x-80-cm-uv-skydd-justerbar-passform\/","name":"TRUUSK Skydds\u00f6verdrag f\u00f6r Tr\u00e4dg\u00e5rdsm\u00f6bler - Vattent\u00e4tt 600D-Oxford Material - 210 x 140 x 80 cm - UV-skydd - Justerbar Passform - TRUUSK - Hem, Tr\u00e4dg\u00e5rd &amp; Fritid","isPartOf":{"@id":"https:\/\/truusk.store\/sv\/#website"},"primaryImageOfPage":{"@id":"https:\/\/truusk.store\/sv\/produkt\/truusk-skyddsoverdrag-for-tradgardsmobler-vattentatt-600d-oxford-material-210-x-140-x-80-cm-uv-skydd-justerbar-passform\/#primaryimage"},"image":{"@id":"https:\/\/truusk.store\/sv\/produkt\/truusk-skyddsoverdrag-for-tradgardsmobler-vattentatt-600d-oxford-material-210-x-140-x-80-cm-uv-skydd-justerbar-passform\/#primaryimage"},"thumbnailUrl":"https:\/\/i0.wp.com\/truusk.store\/wp-content\/uploads\/2024\/02\/skyddsoverdrag-for-tradgardsmobler-600d-oxford-210-x-140-x-80-cm.webp?fit=800%2C800&ssl=1","datePublished":"2024-02-13T14:58:39+00:00","dateModified":"2026-03-12T08:03:38+00:00","breadcrumb":{"@id":"https:\/\/truusk.store\/sv\/produkt\/truusk-skyddsoverdrag-for-tradgardsmobler-vattentatt-600d-oxford-material-210-x-140-x-80-cm-uv-skydd-justerbar-passform\/#breadcrumb"},"inLanguage":"sv-SE","potentialAction":[{"@type":"ReadAction","target":["https:\/\/truusk.store\/sv\/produkt\/truusk-skyddsoverdrag-for-tradgardsmobler-vattentatt-600d-oxford-material-210-x-140-x-80-cm-uv-skydd-justerbar-passform\/"]}]},{"@type":"ImageObject","inLanguage":"sv-SE","@id":"https:\/\/truusk.store\/sv\/produkt\/truusk-skyddsoverdrag-for-tradgardsmobler-vattentatt-600d-oxford-material-210-x-140-x-80-cm-uv-skydd-justerbar-passform\/#primaryimage","url":"https:\/\/i0.wp.com\/truusk.store\/wp-content\/uploads\/2024\/02\/skyddsoverdrag-for-tradgardsmobler-600d-oxford-210-x-140-x-80-cm.webp?fit=800%2C800&ssl=1","contentUrl":"https:\/\/i0.wp.com\/truusk.store\/wp-content\/uploads\/2024\/02\/skyddsoverdrag-for-tradgardsmobler-600d-oxford-210-x-140-x-80-cm.webp?fit=800%2C800&ssl=1","width":800,"height":800,"caption":"Skydds\u00f6verdrag F\u00f6r Tr\u00e4dg\u00e5rdsm\u00f6bler 600D-Oxford 210 X 140 X 80 Cm 1"},{"@type":"BreadcrumbList","@id":"https:\/\/truusk.store\/sv\/produkt\/truusk-skyddsoverdrag-for-tradgardsmobler-vattentatt-600d-oxford-material-210-x-140-x-80-cm-uv-skydd-justerbar-passform\/#breadcrumb","itemListElement":[{"@type":"ListItem","position":1,"name":"Home","item":"https:\/\/truusk.store\/sv\/"},{"@type":"ListItem","position":2,"name":"Shop","item":"https:\/\/truusk.store\/shop\/"},{"@type":"ListItem","position":3,"name":"TRUUSK Skydds\u00f6verdrag f\u00f6r Tr\u00e4dg\u00e5rdsm\u00f6bler &#8211; Vattent\u00e4tt 600D-Oxford Material &#8211; 210 x 140 x 80 cm &#8211; UV-skydd &#8211; Justerbar Passform &#8211;"}]},{"@type":"WebSite","@id":"https:\/\/truusk.store\/sv\/#website","url":"https:\/\/truusk.store\/sv\/","name":"TRUUSK - Hem, Tr\u00e4dg\u00e5rd & Fritid","description":"","publisher":{"@id":"https:\/\/truusk.store\/sv\/#organization"},"potentialAction":[{"@type":"SearchAction","target":{"@type":"EntryPoint","urlTemplate":"https:\/\/truusk.store\/sv\/?s={search_term_string}"},"query-input":{"@type":"PropertyValueSpecification","valueRequired":true,"valueName":"search_term_string"}}],"inLanguage":"sv-SE"},{"@type":"Organization","@id":"https:\/\/truusk.store\/sv\/#organization","name":"TRUUSK - Hem, Tr\u00e4dg\u00e5rd & Fritid","url":"https:\/\/truusk.store\/sv\/","logo":{"@type":"ImageObject","inLanguage":"sv-SE","@id":"https:\/\/truusk.store\/sv\/#\/schema\/logo\/image\/","url":"https:\/\/i0.wp.com\/truusk.store\/wp-content\/uploads\/2026\/03\/cropped-TRUUSK.png?fit=2032%2C917&ssl=1","contentUrl":"https:\/\/i0.wp.com\/truusk.store\/wp-content\/uploads\/2026\/03\/cropped-TRUUSK.png?fit=2032%2C917&ssl=1","width":2032,"height":917,"caption":"TRUUSK - Hem, Tr\u00e4dg\u00e5rd & Fritid"},"image":{"@id":"https:\/\/truusk.store\/sv\/#\/schema\/logo\/image\/"}}]}},"jetpack_sharing_enabled":true,"_links":{"self":[{"href":"https:\/\/truusk.store\/sv\/wp-json\/wp\/v2\/product\/21631","targetHints":{"allow":["GET"]}}],"collection":[{"href":"https:\/\/truusk.store\/sv\/wp-json\/wp\/v2\/product"}],"about":[{"href":"https:\/\/truusk.store\/sv\/wp-json\/wp\/v2\/types\/product"}],"wp:featuredmedia":[{"embeddable":true,"href":"https:\/\/truusk.store\/sv\/wp-json\/wp\/v2\/media\/21632"}],"wp:attachment":[{"href":"https:\/\/truusk.store\/sv\/wp-json\/wp\/v2\/media?parent=21631"}],"wp:term":[{"taxonomy":"product_brand","embeddable":true,"href":"https:\/\/truusk.store\/sv\/wp-json\/wp\/v2\/product_brand?post=21631"},{"taxonomy":"product_cat","embeddable":true,"href":"https:\/\/truusk.store\/sv\/wp-json\/wp\/v2\/product_cat?post=21631"},{"taxonomy":"product_tag","embeddable":true,"href":"https:\/\/truusk.store\/sv\/wp-json\/wp\/v2\/product_tag?post=21631"}],"curies":[{"name":"wp","href":"https:\/\/api.w.org\/{rel}","templated":true}]}}