{"id":21641,"date":"2024-02-13T15:59:00","date_gmt":"2024-02-13T14:59:00","guid":{"rendered":"https:\/\/truusk.store\/product\/4-x-vikter-paviljongstativ-bottenfaste-festtalt-fyllt-med-vatten-sand-pe-24xh25cm\/"},"modified":"2026-03-12T09:03:38","modified_gmt":"2026-03-12T08:03:38","slug":"truusk-paviljongstativ-bottenfaste-4-pack-fyllt-med-vatten-sand-pe-24xh25cm-stabilt-underlag-for-festtalt-svart","status":"publish","type":"product","link":"https:\/\/truusk.store\/sv\/produkt\/truusk-paviljongstativ-bottenfaste-4-pack-fyllt-med-vatten-sand-pe-24xh25cm-stabilt-underlag-for-festtalt-svart\/","title":{"rendered":"TRUUSK Paviljongstativ Bottenf\u00e4ste 4-pack &#8211; Fyllt Med Vatten\/sand &#8211; PE 24xH25cm &#8211; Stabilt Underlag &#8211; F\u00f6r Festt\u00e4lt &#8211; Svart"},"content":{"rendered":"<p>Denna upps\u00e4ttning med 4 vikter \u00e4r ett viktigt tillskott till varje paviljong och partyt\u00e4lt f\u00f6r att \u00f6ka stabiliteten och stabiliteten i den \u00f6vergripande konstruktionen. Vikterna kan fyllas med vatten eller sand och passar till n\u00e4stan alla vanliga paviljong- och partyt\u00e4ltf\u00f6tter i m\u00e5tten 20 x 20 mm till 30 x 30 mm. Berika din tr\u00e4dg\u00e5rd med ett s\u00e4kert tak \u00f6ver huvudet och g\u00f6r din n\u00e4sta sommarfest till en fullst\u00e4ndig succ\u00e9.<\/p>\n<h3>Beskrivning:<\/h3>\n<ul>\n<li>Set med 4 vikter f\u00f6r paviljonger och partyt\u00e4lt<\/li>\n<li>L\u00e4mplig f\u00f6r st\u00e5ndr\u00f6r med storleken 20 x 20 mm till 30 x 30 mm<\/li>\n<li>Tillverkad av h\u00f6gkvalitativ, v\u00e4derbest\u00e4ndig plast (PE).<\/li>\n<li>Kan fyllas med vatten eller sand<\/li>\n<li>L\u00e4tt att f\u00e4sta med l\u00e5sskruvar<\/li>\n<li>L\u00e4tt att transportera tack vare den l\u00e5ga tomvikten<\/li>\n<li>B\u00e5da sidor med sp\u00e5r f\u00f6r enkel b\u00e4ring<\/li>\n<li>Idealisk f\u00f6r b\u00e5de mjuka och h\u00e5rda ytor<\/li>\n<li>Montering kr\u00e4vs<\/li>\n<\/ul>\n<h3>Teknisk data:<\/h3>\n<ul>\n<li>F\u00e4rg vit<\/li>\n<li>Material: PE-plast<\/li>\n<li>Toppm\u00e5tt: 22 cm<\/li>\n<li>Bottenm\u00e5tt: 24 cm<\/li>\n<li>H\u00f6jd: 25 cm<\/li>\n<li>Vikt vid fyllning med vatten: 9 kg<\/li>\n<\/ul>\n<h3>Leveransens omfattning:<\/h3>\n<ul>\n<li>4 x lusthusvikter<\/li>\n<\/ul>\n","protected":false},"excerpt":{"rendered":"<p>Denna upps\u00e4ttning med 4 vikter \u00e4r ett viktigt tillskott till varje paviljong och partyt\u00e4lt f\u00f6r att \u00f6ka stabiliteten och stabiliteten&#8230;<\/p>\n","protected":false},"featured_media":21642,"template":"","meta":[],"product_brand":[],"product_cat":[477,435,476],"product_tag":[],"class_list":{"0":"post-21641","1":"product","2":"type-product","3":"status-publish","4":"has-post-thumbnail","6":"product_cat-paviljonger-partytalt","7":"product_cat-tradgard-och-terrass","8":"product_cat-tradgardspaviljonger","10":"first","11":"instock","12":"sale","13":"taxable","14":"shipping-taxable","15":"purchasable","16":"product-type-simple"},"yoast_head":"<!-- This site is optimized with the Yoast SEO plugin v25.4 - https:\/\/yoast.com\/wordpress\/plugins\/seo\/ -->\n<title>TRUUSK Paviljongstativ Bottenf\u00e4ste 4-pack - Fyllt Med Vatten\/sand - PE 24xH25cm - Stabilt Underlag - F\u00f6r Festt\u00e4lt - Svart - TRUUSK - Hem, Tr\u00e4dg\u00e5rd &amp; Fritid<\/title>\n<meta name=\"robots\" content=\"index, follow, max-snippet:-1, max-image-preview:large, max-video-preview:-1\" \/>\n<link rel=\"canonical\" href=\"https:\/\/truusk.store\/sv\/produkt\/truusk-paviljongstativ-bottenfaste-4-pack-fyllt-med-vatten-sand-pe-24xh25cm-stabilt-underlag-for-festtalt-svart\/\" \/>\n<meta property=\"og:locale\" content=\"sv_SE\" \/>\n<meta property=\"og:type\" content=\"article\" \/>\n<meta property=\"og:title\" content=\"TRUUSK Paviljongstativ Bottenf\u00e4ste 4-pack - Fyllt Med Vatten\/sand - PE 24xH25cm - Stabilt Underlag - F\u00f6r Festt\u00e4lt - Svart - TRUUSK - Hem, Tr\u00e4dg\u00e5rd &amp; Fritid\" \/>\n<meta property=\"og:description\" content=\"Denna upps\u00e4ttning med 4 vikter \u00e4r ett viktigt tillskott till varje paviljong och partyt\u00e4lt f\u00f6r att \u00f6ka stabiliteten och stabiliteten...\" \/>\n<meta property=\"og:url\" content=\"https:\/\/truusk.store\/sv\/produkt\/truusk-paviljongstativ-bottenfaste-4-pack-fyllt-med-vatten-sand-pe-24xh25cm-stabilt-underlag-for-festtalt-svart\/\" \/>\n<meta property=\"og:site_name\" content=\"TRUUSK - Hem, Tr\u00e4dg\u00e5rd &amp; Fritid\" \/>\n<meta property=\"article:modified_time\" content=\"2026-03-12T08:03:38+00:00\" \/>\n<meta property=\"og:image\" content=\"https:\/\/i0.wp.com\/truusk.se\/wp-content\/uploads\/2024\/02\/4-x-vikter-paviljongstativ-bottenfaste-festtalt-fyllt-med-vatten-sand-pe-24xh25cm.webp?fit=800%2C800&ssl=1\" \/>\n\t<meta property=\"og:image:width\" content=\"800\" \/>\n\t<meta property=\"og:image:height\" content=\"800\" \/>\n\t<meta property=\"og:image:type\" content=\"image\/webp\" \/>\n<meta name=\"twitter:card\" content=\"summary_large_image\" \/>\n<meta name=\"twitter:label1\" content=\"Ber\u00e4knad l\u00e4stid\" \/>\n\t<meta name=\"twitter:data1\" content=\"1 minut\" \/>\n<!-- \/ Yoast SEO plugin. -->","yoast_head_json":{"title":"TRUUSK Paviljongstativ Bottenf\u00e4ste 4-pack - Fyllt Med Vatten\/sand - PE 24xH25cm - Stabilt Underlag - F\u00f6r Festt\u00e4lt - Svart - TRUUSK - Hem, Tr\u00e4dg\u00e5rd &amp; Fritid","robots":{"index":"index","follow":"follow","max-snippet":"max-snippet:-1","max-image-preview":"max-image-preview:large","max-video-preview":"max-video-preview:-1"},"canonical":"https:\/\/truusk.store\/sv\/produkt\/truusk-paviljongstativ-bottenfaste-4-pack-fyllt-med-vatten-sand-pe-24xh25cm-stabilt-underlag-for-festtalt-svart\/","og_locale":"sv_SE","og_type":"article","og_title":"TRUUSK Paviljongstativ Bottenf\u00e4ste 4-pack - Fyllt Med Vatten\/sand - PE 24xH25cm - Stabilt Underlag - F\u00f6r Festt\u00e4lt - Svart - TRUUSK - Hem, Tr\u00e4dg\u00e5rd &amp; Fritid","og_description":"Denna upps\u00e4ttning med 4 vikter \u00e4r ett viktigt tillskott till varje paviljong och partyt\u00e4lt f\u00f6r att \u00f6ka stabiliteten och stabiliteten...","og_url":"https:\/\/truusk.store\/sv\/produkt\/truusk-paviljongstativ-bottenfaste-4-pack-fyllt-med-vatten-sand-pe-24xh25cm-stabilt-underlag-for-festtalt-svart\/","og_site_name":"TRUUSK - Hem, Tr\u00e4dg\u00e5rd &amp; Fritid","article_modified_time":"2026-03-12T08:03:38+00:00","og_image":[{"width":800,"height":800,"url":"https:\/\/i0.wp.com\/truusk.se\/wp-content\/uploads\/2024\/02\/4-x-vikter-paviljongstativ-bottenfaste-festtalt-fyllt-med-vatten-sand-pe-24xh25cm.webp?fit=800%2C800&ssl=1","type":"image\/webp"}],"twitter_card":"summary_large_image","twitter_misc":{"Ber\u00e4knad l\u00e4stid":"1 minut"},"schema":{"@context":"https:\/\/schema.org","@graph":[{"@type":"WebPage","@id":"https:\/\/truusk.store\/sv\/produkt\/truusk-paviljongstativ-bottenfaste-4-pack-fyllt-med-vatten-sand-pe-24xh25cm-stabilt-underlag-for-festtalt-svart\/","url":"https:\/\/truusk.store\/sv\/produkt\/truusk-paviljongstativ-bottenfaste-4-pack-fyllt-med-vatten-sand-pe-24xh25cm-stabilt-underlag-for-festtalt-svart\/","name":"TRUUSK Paviljongstativ Bottenf\u00e4ste 4-pack - Fyllt Med Vatten\/sand - PE 24xH25cm - Stabilt Underlag - F\u00f6r Festt\u00e4lt - Svart - TRUUSK - Hem, Tr\u00e4dg\u00e5rd &amp; Fritid","isPartOf":{"@id":"https:\/\/truusk.store\/sv\/#website"},"primaryImageOfPage":{"@id":"https:\/\/truusk.store\/sv\/produkt\/truusk-paviljongstativ-bottenfaste-4-pack-fyllt-med-vatten-sand-pe-24xh25cm-stabilt-underlag-for-festtalt-svart\/#primaryimage"},"image":{"@id":"https:\/\/truusk.store\/sv\/produkt\/truusk-paviljongstativ-bottenfaste-4-pack-fyllt-med-vatten-sand-pe-24xh25cm-stabilt-underlag-for-festtalt-svart\/#primaryimage"},"thumbnailUrl":"https:\/\/i0.wp.com\/truusk.store\/wp-content\/uploads\/2024\/02\/4-x-vikter-paviljongstativ-bottenfaste-festtalt-fyllt-med-vatten-sand-pe-24xh25cm.webp?fit=800%2C800&ssl=1","datePublished":"2024-02-13T14:59:00+00:00","dateModified":"2026-03-12T08:03:38+00:00","breadcrumb":{"@id":"https:\/\/truusk.store\/sv\/produkt\/truusk-paviljongstativ-bottenfaste-4-pack-fyllt-med-vatten-sand-pe-24xh25cm-stabilt-underlag-for-festtalt-svart\/#breadcrumb"},"inLanguage":"sv-SE","potentialAction":[{"@type":"ReadAction","target":["https:\/\/truusk.store\/sv\/produkt\/truusk-paviljongstativ-bottenfaste-4-pack-fyllt-med-vatten-sand-pe-24xh25cm-stabilt-underlag-for-festtalt-svart\/"]}]},{"@type":"ImageObject","inLanguage":"sv-SE","@id":"https:\/\/truusk.store\/sv\/produkt\/truusk-paviljongstativ-bottenfaste-4-pack-fyllt-med-vatten-sand-pe-24xh25cm-stabilt-underlag-for-festtalt-svart\/#primaryimage","url":"https:\/\/i0.wp.com\/truusk.store\/wp-content\/uploads\/2024\/02\/4-x-vikter-paviljongstativ-bottenfaste-festtalt-fyllt-med-vatten-sand-pe-24xh25cm.webp?fit=800%2C800&ssl=1","contentUrl":"https:\/\/i0.wp.com\/truusk.store\/wp-content\/uploads\/2024\/02\/4-x-vikter-paviljongstativ-bottenfaste-festtalt-fyllt-med-vatten-sand-pe-24xh25cm.webp?fit=800%2C800&ssl=1","width":800,"height":800,"caption":"4 X Vikter Paviljongstativ Bottenf\u00e4ste Festt\u00e4lt Fyllt Med Vatten\/sand PE 24xH25cm 1"},{"@type":"BreadcrumbList","@id":"https:\/\/truusk.store\/sv\/produkt\/truusk-paviljongstativ-bottenfaste-4-pack-fyllt-med-vatten-sand-pe-24xh25cm-stabilt-underlag-for-festtalt-svart\/#breadcrumb","itemListElement":[{"@type":"ListItem","position":1,"name":"Home","item":"https:\/\/truusk.store\/sv\/"},{"@type":"ListItem","position":2,"name":"Shop","item":"https:\/\/truusk.store\/shop\/"},{"@type":"ListItem","position":3,"name":"TRUUSK Paviljongstativ Bottenf\u00e4ste 4-pack &#8211; Fyllt Med Vatten\/sand &#8211; PE 24xH25cm &#8211; Stabilt Underlag &#8211; F\u00f6r Festt\u00e4lt &#8211; Svart"}]},{"@type":"WebSite","@id":"https:\/\/truusk.store\/sv\/#website","url":"https:\/\/truusk.store\/sv\/","name":"TRUUSK - Hem, Tr\u00e4dg\u00e5rd & Fritid","description":"","publisher":{"@id":"https:\/\/truusk.store\/sv\/#organization"},"potentialAction":[{"@type":"SearchAction","target":{"@type":"EntryPoint","urlTemplate":"https:\/\/truusk.store\/sv\/?s={search_term_string}"},"query-input":{"@type":"PropertyValueSpecification","valueRequired":true,"valueName":"search_term_string"}}],"inLanguage":"sv-SE"},{"@type":"Organization","@id":"https:\/\/truusk.store\/sv\/#organization","name":"TRUUSK - Hem, Tr\u00e4dg\u00e5rd & Fritid","url":"https:\/\/truusk.store\/sv\/","logo":{"@type":"ImageObject","inLanguage":"sv-SE","@id":"https:\/\/truusk.store\/sv\/#\/schema\/logo\/image\/","url":"https:\/\/i0.wp.com\/truusk.store\/wp-content\/uploads\/2026\/03\/cropped-TRUUSK.png?fit=2032%2C917&ssl=1","contentUrl":"https:\/\/i0.wp.com\/truusk.store\/wp-content\/uploads\/2026\/03\/cropped-TRUUSK.png?fit=2032%2C917&ssl=1","width":2032,"height":917,"caption":"TRUUSK - Hem, Tr\u00e4dg\u00e5rd & Fritid"},"image":{"@id":"https:\/\/truusk.store\/sv\/#\/schema\/logo\/image\/"}}]}},"jetpack_sharing_enabled":true,"_links":{"self":[{"href":"https:\/\/truusk.store\/sv\/wp-json\/wp\/v2\/product\/21641","targetHints":{"allow":["GET"]}}],"collection":[{"href":"https:\/\/truusk.store\/sv\/wp-json\/wp\/v2\/product"}],"about":[{"href":"https:\/\/truusk.store\/sv\/wp-json\/wp\/v2\/types\/product"}],"wp:featuredmedia":[{"embeddable":true,"href":"https:\/\/truusk.store\/sv\/wp-json\/wp\/v2\/media\/21642"}],"wp:attachment":[{"href":"https:\/\/truusk.store\/sv\/wp-json\/wp\/v2\/media?parent=21641"}],"wp:term":[{"taxonomy":"product_brand","embeddable":true,"href":"https:\/\/truusk.store\/sv\/wp-json\/wp\/v2\/product_brand?post=21641"},{"taxonomy":"product_cat","embeddable":true,"href":"https:\/\/truusk.store\/sv\/wp-json\/wp\/v2\/product_cat?post=21641"},{"taxonomy":"product_tag","embeddable":true,"href":"https:\/\/truusk.store\/sv\/wp-json\/wp\/v2\/product_tag?post=21641"}],"curies":[{"name":"wp","href":"https:\/\/api.w.org\/{rel}","templated":true}]}}