{"id":21671,"date":"2024-02-13T16:00:01","date_gmt":"2024-02-13T15:00:01","guid":{"rendered":"https:\/\/truusk.store\/product\/medicinskap-medicinskap-medicinskap-med-3-vaningar-forsta-hjalpen-skap-med-las-apoteksskap-med-matt-glasdorr-stal-rod-27-x-57-x-12-cm\/"},"modified":"2026-03-12T09:03:38","modified_gmt":"2026-03-12T08:03:38","slug":"truusk-forsta-hjalpen-skap-med-3-vaningar-lasbart-apoteksskap-matt-glasdorr-stal-rod-27-x-57-x-12-cm","status":"publish","type":"product","link":"https:\/\/truusk.store\/sv\/produkt\/truusk-forsta-hjalpen-skap-med-3-vaningar-lasbart-apoteksskap-matt-glasdorr-stal-rod-27-x-57-x-12-cm\/","title":{"rendered":"TRUUSK F\u00f6rsta Hj\u00e4lpen-sk\u00e5p med 3 V\u00e5ningar &#8211; L\u00e5sbart Apotekssk\u00e5p &#8211; Matt Glasd\u00f6rr &#8211; St\u00e5l &#8211; R\u00f6d &#8211; 27 x 57 x 12 cm"},"content":{"rendered":"<p>F\u00f6rvara ditt lilla medicinsk\u00e5p med tillf\u00f6rsikt i v\u00e5rt r\u00f6da medicinsk\u00e5p. Den \u00e4r tillverkad av h\u00f6gkvalitativ metall och s\u00e4kerhetsglas och \u00e4r d\u00e4rf\u00f6r robust och l\u00e4tt att reng\u00f6ra. Den satinerade glasd\u00f6rren kan l\u00e5sas och \u00e4r utrustad med tippautomatik. Detta inneb\u00e4r att d\u00f6rren l\u00e4tt kan \u00f6ppnas med en hand. \u00c4ven utan n\u00e5gra manuella kunskaper kan du enkelt s\u00e4tta ihop medicinsk\u00e5pet och montera det p\u00e5 v\u00e4ggen. S\u00e5 att dina mediciner och mediciner f\u00f6rvaras s\u00e4kert och alltid inom r\u00e4ckh\u00e5ll.<\/p>\n<h3>Beskrivning:<\/h3>\n<ul>\n<li>Elegant, modern design<\/li>\n<li>H\u00f6g kvalitet<\/li>\n<li>Stomme och hyllor av metall, s\u00e4rskilt h\u00e5llbara<\/li>\n<li>D\u00f6rr av sat\u00e4ngglas, med f\u00f6rsta hj\u00e4lpen-kors<\/li>\n<li>Med 4 hyllplan<\/li>\n<li>D\u00f6rr l\u00e5sbar (inkl. 2 nycklar)<\/li>\n<li>D\u00f6rr med tippautomatik f\u00f6r \u00f6ppning och st\u00e4ngning<\/li>\n<li>L\u00e4tt att montera och inkluderar monteringsmaterial<\/li>\n<\/ul>\n<h3>Teknisk data:<\/h3>\n<ul>\n<li>M\u00e5tt: 30 x 12 x 60 cm (BxDxH)<\/li>\n<li>Material: st\u00e5l, r\u00f6dm\u00e5lad och s\u00e4kerhetsglas<\/li>\n<li>H\u00f6jd p\u00e5 fack: 13,1 cm<\/li>\n<li>D\u00f6rrens m\u00e5tt: 265 x 562 mm<\/li>\n<li>S\u00e4kerhetsglas: 5 mm tjockt<\/li>\n<li>r\u00f6d f\u00e4rg<\/li>\n<li>Vikt: 4 kg<\/li>\n<\/ul>\n<h3>Leveransens omfattning:<\/h3>\n<ul>\n<li>1 x Sk\u00e5p<\/li>\n<li>2 nycklar<\/li>\n<\/ul>\n","protected":false},"excerpt":{"rendered":"<p>F\u00f6rvara ditt lilla medicinsk\u00e5p med tillf\u00f6rsikt i v\u00e5rt r\u00f6da medicinsk\u00e5p. Den \u00e4r tillverkad av h\u00f6gkvalitativ metall och s\u00e4kerhetsglas och \u00e4r&#8230;<\/p>\n","protected":false},"featured_media":21672,"template":"","meta":[],"product_brand":[],"product_cat":[485,529,528],"product_tag":[],"class_list":{"0":"post-21671","1":"product","2":"type-product","3":"status-publish","4":"has-post-thumbnail","6":"product_cat-hus-bo","7":"product_cat-medicinskap","8":"product_cat-skap-byraer","10":"first","11":"instock","12":"sale","13":"taxable","14":"shipping-taxable","15":"purchasable","16":"product-type-simple"},"yoast_head":"<!-- This site is optimized with the Yoast SEO plugin v25.4 - https:\/\/yoast.com\/wordpress\/plugins\/seo\/ -->\n<title>TRUUSK F\u00f6rsta Hj\u00e4lpen-sk\u00e5p med 3 V\u00e5ningar - L\u00e5sbart Apotekssk\u00e5p - Matt Glasd\u00f6rr - St\u00e5l - R\u00f6d - 27 x 57 x 12 cm - TRUUSK - Hem, Tr\u00e4dg\u00e5rd &amp; Fritid<\/title>\n<meta name=\"robots\" content=\"index, follow, max-snippet:-1, max-image-preview:large, max-video-preview:-1\" \/>\n<link rel=\"canonical\" href=\"https:\/\/truusk.store\/sv\/produkt\/truusk-forsta-hjalpen-skap-med-3-vaningar-lasbart-apoteksskap-matt-glasdorr-stal-rod-27-x-57-x-12-cm\/\" \/>\n<meta property=\"og:locale\" content=\"sv_SE\" \/>\n<meta property=\"og:type\" content=\"article\" \/>\n<meta property=\"og:title\" content=\"TRUUSK F\u00f6rsta Hj\u00e4lpen-sk\u00e5p med 3 V\u00e5ningar - L\u00e5sbart Apotekssk\u00e5p - Matt Glasd\u00f6rr - St\u00e5l - R\u00f6d - 27 x 57 x 12 cm - TRUUSK - Hem, Tr\u00e4dg\u00e5rd &amp; Fritid\" \/>\n<meta property=\"og:description\" content=\"F\u00f6rvara ditt lilla medicinsk\u00e5p med tillf\u00f6rsikt i v\u00e5rt r\u00f6da medicinsk\u00e5p. Den \u00e4r tillverkad av h\u00f6gkvalitativ metall och s\u00e4kerhetsglas och \u00e4r...\" \/>\n<meta property=\"og:url\" content=\"https:\/\/truusk.store\/sv\/produkt\/truusk-forsta-hjalpen-skap-med-3-vaningar-lasbart-apoteksskap-matt-glasdorr-stal-rod-27-x-57-x-12-cm\/\" \/>\n<meta property=\"og:site_name\" content=\"TRUUSK - Hem, Tr\u00e4dg\u00e5rd &amp; Fritid\" \/>\n<meta property=\"article:modified_time\" content=\"2026-03-12T08:03:38+00:00\" \/>\n<meta property=\"og:image\" content=\"https:\/\/i0.wp.com\/truusk.se\/wp-content\/uploads\/2024\/02\/medicinskap-medicinskap-medicinskap-med-3-vaningar-forsta-hjalpen-skap-med-las-apoteksskap-med-matt-glasdorr-stal-rod-27-x-57-x-12-cm.webp?fit=800%2C800&ssl=1\" \/>\n\t<meta property=\"og:image:width\" content=\"800\" \/>\n\t<meta property=\"og:image:height\" content=\"800\" \/>\n\t<meta property=\"og:image:type\" content=\"image\/webp\" \/>\n<meta name=\"twitter:card\" content=\"summary_large_image\" \/>\n<meta name=\"twitter:label1\" content=\"Ber\u00e4knad l\u00e4stid\" \/>\n\t<meta name=\"twitter:data1\" content=\"1 minut\" \/>\n<!-- \/ Yoast SEO plugin. -->","yoast_head_json":{"title":"TRUUSK F\u00f6rsta Hj\u00e4lpen-sk\u00e5p med 3 V\u00e5ningar - L\u00e5sbart Apotekssk\u00e5p - Matt Glasd\u00f6rr - St\u00e5l - R\u00f6d - 27 x 57 x 12 cm - TRUUSK - Hem, Tr\u00e4dg\u00e5rd &amp; Fritid","robots":{"index":"index","follow":"follow","max-snippet":"max-snippet:-1","max-image-preview":"max-image-preview:large","max-video-preview":"max-video-preview:-1"},"canonical":"https:\/\/truusk.store\/sv\/produkt\/truusk-forsta-hjalpen-skap-med-3-vaningar-lasbart-apoteksskap-matt-glasdorr-stal-rod-27-x-57-x-12-cm\/","og_locale":"sv_SE","og_type":"article","og_title":"TRUUSK F\u00f6rsta Hj\u00e4lpen-sk\u00e5p med 3 V\u00e5ningar - L\u00e5sbart Apotekssk\u00e5p - Matt Glasd\u00f6rr - St\u00e5l - R\u00f6d - 27 x 57 x 12 cm - TRUUSK - Hem, Tr\u00e4dg\u00e5rd &amp; Fritid","og_description":"F\u00f6rvara ditt lilla medicinsk\u00e5p med tillf\u00f6rsikt i v\u00e5rt r\u00f6da medicinsk\u00e5p. Den \u00e4r tillverkad av h\u00f6gkvalitativ metall och s\u00e4kerhetsglas och \u00e4r...","og_url":"https:\/\/truusk.store\/sv\/produkt\/truusk-forsta-hjalpen-skap-med-3-vaningar-lasbart-apoteksskap-matt-glasdorr-stal-rod-27-x-57-x-12-cm\/","og_site_name":"TRUUSK - Hem, Tr\u00e4dg\u00e5rd &amp; Fritid","article_modified_time":"2026-03-12T08:03:38+00:00","og_image":[{"width":800,"height":800,"url":"https:\/\/i0.wp.com\/truusk.se\/wp-content\/uploads\/2024\/02\/medicinskap-medicinskap-medicinskap-med-3-vaningar-forsta-hjalpen-skap-med-las-apoteksskap-med-matt-glasdorr-stal-rod-27-x-57-x-12-cm.webp?fit=800%2C800&ssl=1","type":"image\/webp"}],"twitter_card":"summary_large_image","twitter_misc":{"Ber\u00e4knad l\u00e4stid":"1 minut"},"schema":{"@context":"https:\/\/schema.org","@graph":[{"@type":"WebPage","@id":"https:\/\/truusk.store\/sv\/produkt\/truusk-forsta-hjalpen-skap-med-3-vaningar-lasbart-apoteksskap-matt-glasdorr-stal-rod-27-x-57-x-12-cm\/","url":"https:\/\/truusk.store\/sv\/produkt\/truusk-forsta-hjalpen-skap-med-3-vaningar-lasbart-apoteksskap-matt-glasdorr-stal-rod-27-x-57-x-12-cm\/","name":"TRUUSK F\u00f6rsta Hj\u00e4lpen-sk\u00e5p med 3 V\u00e5ningar - L\u00e5sbart Apotekssk\u00e5p - Matt Glasd\u00f6rr - St\u00e5l - R\u00f6d - 27 x 57 x 12 cm - TRUUSK - Hem, Tr\u00e4dg\u00e5rd &amp; Fritid","isPartOf":{"@id":"https:\/\/truusk.store\/sv\/#website"},"primaryImageOfPage":{"@id":"https:\/\/truusk.store\/sv\/produkt\/truusk-forsta-hjalpen-skap-med-3-vaningar-lasbart-apoteksskap-matt-glasdorr-stal-rod-27-x-57-x-12-cm\/#primaryimage"},"image":{"@id":"https:\/\/truusk.store\/sv\/produkt\/truusk-forsta-hjalpen-skap-med-3-vaningar-lasbart-apoteksskap-matt-glasdorr-stal-rod-27-x-57-x-12-cm\/#primaryimage"},"thumbnailUrl":"https:\/\/i0.wp.com\/truusk.store\/wp-content\/uploads\/2024\/02\/medicinskap-medicinskap-medicinskap-med-3-vaningar-forsta-hjalpen-skap-med-las-apoteksskap-med-matt-glasdorr-stal-rod-27-x-57-x-12-cm.webp?fit=800%2C800&ssl=1","datePublished":"2024-02-13T15:00:01+00:00","dateModified":"2026-03-12T08:03:38+00:00","breadcrumb":{"@id":"https:\/\/truusk.store\/sv\/produkt\/truusk-forsta-hjalpen-skap-med-3-vaningar-lasbart-apoteksskap-matt-glasdorr-stal-rod-27-x-57-x-12-cm\/#breadcrumb"},"inLanguage":"sv-SE","potentialAction":[{"@type":"ReadAction","target":["https:\/\/truusk.store\/sv\/produkt\/truusk-forsta-hjalpen-skap-med-3-vaningar-lasbart-apoteksskap-matt-glasdorr-stal-rod-27-x-57-x-12-cm\/"]}]},{"@type":"ImageObject","inLanguage":"sv-SE","@id":"https:\/\/truusk.store\/sv\/produkt\/truusk-forsta-hjalpen-skap-med-3-vaningar-lasbart-apoteksskap-matt-glasdorr-stal-rod-27-x-57-x-12-cm\/#primaryimage","url":"https:\/\/i0.wp.com\/truusk.store\/wp-content\/uploads\/2024\/02\/medicinskap-medicinskap-medicinskap-med-3-vaningar-forsta-hjalpen-skap-med-las-apoteksskap-med-matt-glasdorr-stal-rod-27-x-57-x-12-cm.webp?fit=800%2C800&ssl=1","contentUrl":"https:\/\/i0.wp.com\/truusk.store\/wp-content\/uploads\/2024\/02\/medicinskap-medicinskap-medicinskap-med-3-vaningar-forsta-hjalpen-skap-med-las-apoteksskap-med-matt-glasdorr-stal-rod-27-x-57-x-12-cm.webp?fit=800%2C800&ssl=1","width":800,"height":800,"caption":"Medicinsk\u00e5p Medicinsk\u00e5p Medicinsk\u00e5p Med 3 V\u00e5ningar F\u00f6rsta Hj\u00e4lpen-sk\u00e5p Med L\u00e5s Apotekssk\u00e5p Med Matt Glasd\u00f6rr St\u00e5l R\u00f6d 27 X 57 X 12 Cm 1"},{"@type":"BreadcrumbList","@id":"https:\/\/truusk.store\/sv\/produkt\/truusk-forsta-hjalpen-skap-med-3-vaningar-lasbart-apoteksskap-matt-glasdorr-stal-rod-27-x-57-x-12-cm\/#breadcrumb","itemListElement":[{"@type":"ListItem","position":1,"name":"Home","item":"https:\/\/truusk.store\/sv\/"},{"@type":"ListItem","position":2,"name":"Shop","item":"https:\/\/truusk.store\/shop\/"},{"@type":"ListItem","position":3,"name":"TRUUSK F\u00f6rsta Hj\u00e4lpen-sk\u00e5p med 3 V\u00e5ningar &#8211; L\u00e5sbart Apotekssk\u00e5p &#8211; Matt Glasd\u00f6rr &#8211; St\u00e5l &#8211; R\u00f6d &#8211; 27 x 57 x 12 cm"}]},{"@type":"WebSite","@id":"https:\/\/truusk.store\/sv\/#website","url":"https:\/\/truusk.store\/sv\/","name":"TRUUSK - Hem, Tr\u00e4dg\u00e5rd & Fritid","description":"","publisher":{"@id":"https:\/\/truusk.store\/sv\/#organization"},"potentialAction":[{"@type":"SearchAction","target":{"@type":"EntryPoint","urlTemplate":"https:\/\/truusk.store\/sv\/?s={search_term_string}"},"query-input":{"@type":"PropertyValueSpecification","valueRequired":true,"valueName":"search_term_string"}}],"inLanguage":"sv-SE"},{"@type":"Organization","@id":"https:\/\/truusk.store\/sv\/#organization","name":"TRUUSK - Hem, Tr\u00e4dg\u00e5rd & Fritid","url":"https:\/\/truusk.store\/sv\/","logo":{"@type":"ImageObject","inLanguage":"sv-SE","@id":"https:\/\/truusk.store\/sv\/#\/schema\/logo\/image\/","url":"https:\/\/i0.wp.com\/truusk.store\/wp-content\/uploads\/2026\/03\/cropped-TRUUSK.png?fit=2032%2C917&ssl=1","contentUrl":"https:\/\/i0.wp.com\/truusk.store\/wp-content\/uploads\/2026\/03\/cropped-TRUUSK.png?fit=2032%2C917&ssl=1","width":2032,"height":917,"caption":"TRUUSK - Hem, Tr\u00e4dg\u00e5rd & Fritid"},"image":{"@id":"https:\/\/truusk.store\/sv\/#\/schema\/logo\/image\/"}}]}},"jetpack_sharing_enabled":true,"_links":{"self":[{"href":"https:\/\/truusk.store\/sv\/wp-json\/wp\/v2\/product\/21671","targetHints":{"allow":["GET"]}}],"collection":[{"href":"https:\/\/truusk.store\/sv\/wp-json\/wp\/v2\/product"}],"about":[{"href":"https:\/\/truusk.store\/sv\/wp-json\/wp\/v2\/types\/product"}],"wp:featuredmedia":[{"embeddable":true,"href":"https:\/\/truusk.store\/sv\/wp-json\/wp\/v2\/media\/21672"}],"wp:attachment":[{"href":"https:\/\/truusk.store\/sv\/wp-json\/wp\/v2\/media?parent=21671"}],"wp:term":[{"taxonomy":"product_brand","embeddable":true,"href":"https:\/\/truusk.store\/sv\/wp-json\/wp\/v2\/product_brand?post=21671"},{"taxonomy":"product_cat","embeddable":true,"href":"https:\/\/truusk.store\/sv\/wp-json\/wp\/v2\/product_cat?post=21671"},{"taxonomy":"product_tag","embeddable":true,"href":"https:\/\/truusk.store\/sv\/wp-json\/wp\/v2\/product_tag?post=21671"}],"curies":[{"name":"wp","href":"https:\/\/api.w.org\/{rel}","templated":true}]}}