{"id":21704,"date":"2024-02-13T16:01:04","date_gmt":"2024-02-13T15:01:04","guid":{"rendered":"https:\/\/truusk.store\/product\/barnscooterstyre-justerbar-skoter-stadsskoter-barnskoter-kickboard-med-pneumatiska-dack-12-tum-fran-5-ar-svart-120-x-58-x-75-80-cm\/"},"modified":"2026-03-12T09:03:39","modified_gmt":"2026-03-12T08:03:39","slug":"truusk-justerbart-barnscooterstyre-stadsskoter-for-barn-fran-5-ar-kickboard-med-pneumatiska-dack-12-tum-svart-120-x-58","status":"publish","type":"product","link":"https:\/\/truusk.store\/sv\/produkt\/truusk-justerbart-barnscooterstyre-stadsskoter-for-barn-fran-5-ar-kickboard-med-pneumatiska-dack-12-tum-svart-120-x-58\/","title":{"rendered":"TRUUSK Justerbart Barnscooterstyre &#8211; Stadsskoter f\u00f6r Barn fr\u00e5n 5 \u00e5r &#8211; Kickboard med Pneumatiska D\u00e4ck &#8211; 12 Tum &#8211; Svart &#8211; 120 x 58"},"content":{"rendered":"<p>Denna skoter \u00e4r den perfekta presenten f\u00f6r barn fr\u00e5n 5 \u00e5r och upp\u00e5t. Rullen \u00e4r justerbar i h\u00f6jdled och kan d\u00e4rf\u00f6r enkelt anpassas till ditt barns storlek. Sparkscooterns halkfria d\u00e4ck s\u00e4kerst\u00e4ller en s\u00e4ker och smidig k\u00f6rning. Ett dubbelt bromssystem garanterar s\u00e4kerheten under k\u00f6rning. Denna skoter \u00e4r mycket rolig att k\u00f6ra!<\/p>\n<h3>Beskrivning:<\/h3>\n<ul>\n<li>F\u00f6rb\u00e4ttrar dina barns k\u00e4nsla av balans<\/li>\n<li>Breda, strukturerade fotd\u00e4ck \u00e4r halkfria och hj\u00e4lper till att uppr\u00e4tth\u00e5lla balansen<\/li>\n<li>Det mjukt t\u00e4ckta styret g\u00f6r greppet bekv\u00e4mare<\/li>\n<li>Justerbart styre g\u00f6r det anv\u00e4ndbart f\u00f6r barn i olika \u00e5ldersgrupper<\/li>\n<li>L\u00e4tt, men \u00e4nd\u00e5 robust ram m\u00f6jligg\u00f6r enkel transport n\u00e4r den inte anv\u00e4nds<\/li>\n<li>Slitstarka uppbl\u00e5sbara gummihjul, kan anv\u00e4ndas b\u00e5de inomhus och utomhus<\/li>\n<li>St\u00e5lram med rostbest\u00e4ndig pulverlackering<\/li>\n<\/ul>\n<h3>Teknisk data:<\/h3>\n<ul>\n<li>Svart f\u00e4rg<\/li>\n<li>Material: st\u00e5l, aluminium, gummi<\/li>\n<li>Totala m\u00e5tt: 120L x 58W x 75-80H cm<\/li>\n<li>D\u00e4ckdiameter: 12&#8243;<\/li>\n<li>L\u00e4mplig \u00e5lder: 5+<\/li>\n<li>Lastkapacitet: 100 kg<\/li>\n<li>Enkel montering kr\u00e4vs<\/li>\n<\/ul>\n<h3>Leveransens omfattning:<\/h3>\n<ul>\n<li>1 x barnskoter<\/li>\n<li>1 x Instruktioner<\/li>\n<\/ul>\n","protected":false},"excerpt":{"rendered":"<p>Denna skoter \u00e4r den perfekta presenten f\u00f6r barn fr\u00e5n 5 \u00e5r och upp\u00e5t. Rullen \u00e4r justerbar i h\u00f6jdled och kan&#8230;<\/p>\n","protected":false},"featured_media":21705,"template":"","meta":[],"product_brand":[],"product_cat":[609,610,611],"product_tag":[],"class_list":{"0":"post-21704","1":"product","2":"type-product","3":"status-publish","4":"has-post-thumbnail","6":"product_cat-baby-barn","7":"product_cat-barnfordon","8":"product_cat-skoter","10":"first","11":"instock","12":"sale","13":"taxable","14":"shipping-taxable","15":"purchasable","16":"product-type-simple"},"yoast_head":"<!-- This site is optimized with the Yoast SEO plugin v25.4 - https:\/\/yoast.com\/wordpress\/plugins\/seo\/ -->\n<title>TRUUSK Justerbart Barnscooterstyre - Stadsskoter f\u00f6r Barn fr\u00e5n 5 \u00e5r - Kickboard med Pneumatiska D\u00e4ck - 12 Tum - Svart - 120 x 58 - TRUUSK - Hem, Tr\u00e4dg\u00e5rd &amp; Fritid<\/title>\n<meta name=\"robots\" content=\"index, follow, max-snippet:-1, max-image-preview:large, max-video-preview:-1\" \/>\n<link rel=\"canonical\" href=\"https:\/\/truusk.store\/sv\/produkt\/truusk-justerbart-barnscooterstyre-stadsskoter-for-barn-fran-5-ar-kickboard-med-pneumatiska-dack-12-tum-svart-120-x-58\/\" \/>\n<meta property=\"og:locale\" content=\"sv_SE\" \/>\n<meta property=\"og:type\" content=\"article\" \/>\n<meta property=\"og:title\" content=\"TRUUSK Justerbart Barnscooterstyre - Stadsskoter f\u00f6r Barn fr\u00e5n 5 \u00e5r - Kickboard med Pneumatiska D\u00e4ck - 12 Tum - Svart - 120 x 58 - TRUUSK - Hem, Tr\u00e4dg\u00e5rd &amp; Fritid\" \/>\n<meta property=\"og:description\" content=\"Denna skoter \u00e4r den perfekta presenten f\u00f6r barn fr\u00e5n 5 \u00e5r och upp\u00e5t. Rullen \u00e4r justerbar i h\u00f6jdled och kan...\" \/>\n<meta property=\"og:url\" content=\"https:\/\/truusk.store\/sv\/produkt\/truusk-justerbart-barnscooterstyre-stadsskoter-for-barn-fran-5-ar-kickboard-med-pneumatiska-dack-12-tum-svart-120-x-58\/\" \/>\n<meta property=\"og:site_name\" content=\"TRUUSK - Hem, Tr\u00e4dg\u00e5rd &amp; Fritid\" \/>\n<meta property=\"article:modified_time\" content=\"2026-03-12T08:03:39+00:00\" \/>\n<meta property=\"og:image\" content=\"https:\/\/i0.wp.com\/truusk.se\/wp-content\/uploads\/2024\/02\/barnscooterstyre-justerbar-skoter-stadsskoter-barnskoter-kickboard-med-pneumatiska-dack-12-tum-fran-5-ar-svart-120-x-58-x-75-80-cm.webp?fit=800%2C800&ssl=1\" \/>\n\t<meta property=\"og:image:width\" content=\"800\" \/>\n\t<meta property=\"og:image:height\" content=\"800\" \/>\n\t<meta property=\"og:image:type\" content=\"image\/webp\" \/>\n<meta name=\"twitter:card\" content=\"summary_large_image\" \/>\n<meta name=\"twitter:label1\" content=\"Ber\u00e4knad l\u00e4stid\" \/>\n\t<meta name=\"twitter:data1\" content=\"1 minut\" \/>\n<!-- \/ Yoast SEO plugin. -->","yoast_head_json":{"title":"TRUUSK Justerbart Barnscooterstyre - Stadsskoter f\u00f6r Barn fr\u00e5n 5 \u00e5r - Kickboard med Pneumatiska D\u00e4ck - 12 Tum - Svart - 120 x 58 - TRUUSK - Hem, Tr\u00e4dg\u00e5rd &amp; Fritid","robots":{"index":"index","follow":"follow","max-snippet":"max-snippet:-1","max-image-preview":"max-image-preview:large","max-video-preview":"max-video-preview:-1"},"canonical":"https:\/\/truusk.store\/sv\/produkt\/truusk-justerbart-barnscooterstyre-stadsskoter-for-barn-fran-5-ar-kickboard-med-pneumatiska-dack-12-tum-svart-120-x-58\/","og_locale":"sv_SE","og_type":"article","og_title":"TRUUSK Justerbart Barnscooterstyre - Stadsskoter f\u00f6r Barn fr\u00e5n 5 \u00e5r - Kickboard med Pneumatiska D\u00e4ck - 12 Tum - Svart - 120 x 58 - TRUUSK - Hem, Tr\u00e4dg\u00e5rd &amp; Fritid","og_description":"Denna skoter \u00e4r den perfekta presenten f\u00f6r barn fr\u00e5n 5 \u00e5r och upp\u00e5t. Rullen \u00e4r justerbar i h\u00f6jdled och kan...","og_url":"https:\/\/truusk.store\/sv\/produkt\/truusk-justerbart-barnscooterstyre-stadsskoter-for-barn-fran-5-ar-kickboard-med-pneumatiska-dack-12-tum-svart-120-x-58\/","og_site_name":"TRUUSK - Hem, Tr\u00e4dg\u00e5rd &amp; Fritid","article_modified_time":"2026-03-12T08:03:39+00:00","og_image":[{"width":800,"height":800,"url":"https:\/\/i0.wp.com\/truusk.se\/wp-content\/uploads\/2024\/02\/barnscooterstyre-justerbar-skoter-stadsskoter-barnskoter-kickboard-med-pneumatiska-dack-12-tum-fran-5-ar-svart-120-x-58-x-75-80-cm.webp?fit=800%2C800&ssl=1","type":"image\/webp"}],"twitter_card":"summary_large_image","twitter_misc":{"Ber\u00e4knad l\u00e4stid":"1 minut"},"schema":{"@context":"https:\/\/schema.org","@graph":[{"@type":"WebPage","@id":"https:\/\/truusk.store\/sv\/produkt\/truusk-justerbart-barnscooterstyre-stadsskoter-for-barn-fran-5-ar-kickboard-med-pneumatiska-dack-12-tum-svart-120-x-58\/","url":"https:\/\/truusk.store\/sv\/produkt\/truusk-justerbart-barnscooterstyre-stadsskoter-for-barn-fran-5-ar-kickboard-med-pneumatiska-dack-12-tum-svart-120-x-58\/","name":"TRUUSK Justerbart Barnscooterstyre - Stadsskoter f\u00f6r Barn fr\u00e5n 5 \u00e5r - Kickboard med Pneumatiska D\u00e4ck - 12 Tum - Svart - 120 x 58 - TRUUSK - Hem, Tr\u00e4dg\u00e5rd &amp; Fritid","isPartOf":{"@id":"https:\/\/truusk.store\/sv\/#website"},"primaryImageOfPage":{"@id":"https:\/\/truusk.store\/sv\/produkt\/truusk-justerbart-barnscooterstyre-stadsskoter-for-barn-fran-5-ar-kickboard-med-pneumatiska-dack-12-tum-svart-120-x-58\/#primaryimage"},"image":{"@id":"https:\/\/truusk.store\/sv\/produkt\/truusk-justerbart-barnscooterstyre-stadsskoter-for-barn-fran-5-ar-kickboard-med-pneumatiska-dack-12-tum-svart-120-x-58\/#primaryimage"},"thumbnailUrl":"https:\/\/i0.wp.com\/truusk.store\/wp-content\/uploads\/2024\/02\/barnscooterstyre-justerbar-skoter-stadsskoter-barnskoter-kickboard-med-pneumatiska-dack-12-tum-fran-5-ar-svart-120-x-58-x-75-80-cm.webp?fit=800%2C800&ssl=1","datePublished":"2024-02-13T15:01:04+00:00","dateModified":"2026-03-12T08:03:39+00:00","breadcrumb":{"@id":"https:\/\/truusk.store\/sv\/produkt\/truusk-justerbart-barnscooterstyre-stadsskoter-for-barn-fran-5-ar-kickboard-med-pneumatiska-dack-12-tum-svart-120-x-58\/#breadcrumb"},"inLanguage":"sv-SE","potentialAction":[{"@type":"ReadAction","target":["https:\/\/truusk.store\/sv\/produkt\/truusk-justerbart-barnscooterstyre-stadsskoter-for-barn-fran-5-ar-kickboard-med-pneumatiska-dack-12-tum-svart-120-x-58\/"]}]},{"@type":"ImageObject","inLanguage":"sv-SE","@id":"https:\/\/truusk.store\/sv\/produkt\/truusk-justerbart-barnscooterstyre-stadsskoter-for-barn-fran-5-ar-kickboard-med-pneumatiska-dack-12-tum-svart-120-x-58\/#primaryimage","url":"https:\/\/i0.wp.com\/truusk.store\/wp-content\/uploads\/2024\/02\/barnscooterstyre-justerbar-skoter-stadsskoter-barnskoter-kickboard-med-pneumatiska-dack-12-tum-fran-5-ar-svart-120-x-58-x-75-80-cm.webp?fit=800%2C800&ssl=1","contentUrl":"https:\/\/i0.wp.com\/truusk.store\/wp-content\/uploads\/2024\/02\/barnscooterstyre-justerbar-skoter-stadsskoter-barnskoter-kickboard-med-pneumatiska-dack-12-tum-fran-5-ar-svart-120-x-58-x-75-80-cm.webp?fit=800%2C800&ssl=1","width":800,"height":800,"caption":"Barnscooterstyre, Justerbar Skoter, Stadsskoter, Barnskoter, Kickboard Med Pneumatiska D\u00e4ck, 12 Tum Fr\u00e5n 5 \u00e5r, Svart, 120 X 58 X 75-80 Cm 1"},{"@type":"BreadcrumbList","@id":"https:\/\/truusk.store\/sv\/produkt\/truusk-justerbart-barnscooterstyre-stadsskoter-for-barn-fran-5-ar-kickboard-med-pneumatiska-dack-12-tum-svart-120-x-58\/#breadcrumb","itemListElement":[{"@type":"ListItem","position":1,"name":"Home","item":"https:\/\/truusk.store\/sv\/"},{"@type":"ListItem","position":2,"name":"Shop","item":"https:\/\/truusk.store\/shop\/"},{"@type":"ListItem","position":3,"name":"TRUUSK Justerbart Barnscooterstyre &#8211; Stadsskoter f\u00f6r Barn fr\u00e5n 5 \u00e5r &#8211; Kickboard med Pneumatiska D\u00e4ck &#8211; 12 Tum &#8211; Svart &#8211; 120 x 58"}]},{"@type":"WebSite","@id":"https:\/\/truusk.store\/sv\/#website","url":"https:\/\/truusk.store\/sv\/","name":"TRUUSK - Hem, Tr\u00e4dg\u00e5rd & Fritid","description":"","publisher":{"@id":"https:\/\/truusk.store\/sv\/#organization"},"potentialAction":[{"@type":"SearchAction","target":{"@type":"EntryPoint","urlTemplate":"https:\/\/truusk.store\/sv\/?s={search_term_string}"},"query-input":{"@type":"PropertyValueSpecification","valueRequired":true,"valueName":"search_term_string"}}],"inLanguage":"sv-SE"},{"@type":"Organization","@id":"https:\/\/truusk.store\/sv\/#organization","name":"TRUUSK - Hem, Tr\u00e4dg\u00e5rd & Fritid","url":"https:\/\/truusk.store\/sv\/","logo":{"@type":"ImageObject","inLanguage":"sv-SE","@id":"https:\/\/truusk.store\/sv\/#\/schema\/logo\/image\/","url":"https:\/\/i0.wp.com\/truusk.store\/wp-content\/uploads\/2026\/03\/cropped-TRUUSK.png?fit=2032%2C917&ssl=1","contentUrl":"https:\/\/i0.wp.com\/truusk.store\/wp-content\/uploads\/2026\/03\/cropped-TRUUSK.png?fit=2032%2C917&ssl=1","width":2032,"height":917,"caption":"TRUUSK - Hem, Tr\u00e4dg\u00e5rd & Fritid"},"image":{"@id":"https:\/\/truusk.store\/sv\/#\/schema\/logo\/image\/"}}]}},"jetpack_sharing_enabled":true,"_links":{"self":[{"href":"https:\/\/truusk.store\/sv\/wp-json\/wp\/v2\/product\/21704","targetHints":{"allow":["GET"]}}],"collection":[{"href":"https:\/\/truusk.store\/sv\/wp-json\/wp\/v2\/product"}],"about":[{"href":"https:\/\/truusk.store\/sv\/wp-json\/wp\/v2\/types\/product"}],"wp:featuredmedia":[{"embeddable":true,"href":"https:\/\/truusk.store\/sv\/wp-json\/wp\/v2\/media\/21705"}],"wp:attachment":[{"href":"https:\/\/truusk.store\/sv\/wp-json\/wp\/v2\/media?parent=21704"}],"wp:term":[{"taxonomy":"product_brand","embeddable":true,"href":"https:\/\/truusk.store\/sv\/wp-json\/wp\/v2\/product_brand?post=21704"},{"taxonomy":"product_cat","embeddable":true,"href":"https:\/\/truusk.store\/sv\/wp-json\/wp\/v2\/product_cat?post=21704"},{"taxonomy":"product_tag","embeddable":true,"href":"https:\/\/truusk.store\/sv\/wp-json\/wp\/v2\/product_tag?post=21704"}],"curies":[{"name":"wp","href":"https:\/\/api.w.org\/{rel}","templated":true}]}}