{"id":21737,"date":"2024-02-13T16:01:59","date_gmt":"2024-02-13T15:01:59","guid":{"rendered":"https:\/\/truusk.store\/product\/tradgardsmobelset-i-fyra-delar-sittgrupp-soffa-med-sittdynor-bord-med-forvaringsutrymme-polyester-gra-138-x-69-x-63-cm\/"},"modified":"2026-03-12T09:03:39","modified_gmt":"2026-03-12T08:03:39","slug":"truusk-tradgardsmobelset-sittgrupp-med-soffa-och-bord-sittdynor-forvaringsutrymme-gra-138-x-69-x-63-cm","status":"publish","type":"product","link":"https:\/\/truusk.store\/sv\/produkt\/truusk-tradgardsmobelset-sittgrupp-med-soffa-och-bord-sittdynor-forvaringsutrymme-gra-138-x-69-x-63-cm\/","title":{"rendered":"TRUUSK Tr\u00e4dg\u00e5rdsm\u00f6belset &#8211; Sittgrupp med Soffa och Bord &#8211; Sittdynor &#8211; F\u00f6rvaringsutrymme &#8211; Gr\u00e5 &#8211; 138 x 69 x 63 cm"},"content":{"rendered":"<p>Har du en tr\u00e5kig tr\u00e4dg\u00e5rd? Inte s\u00e5 l\u00e4nge, tack vare v\u00e5rt set med tr\u00e4dg\u00e5rdsm\u00f6bler. Den tidl\u00f6sa designen kommer att gl\u00e4dja dig l\u00e4nge och de bekv\u00e4ma kuddarna och djupa s\u00e4tena ger dig den komfort du f\u00f6rtj\u00e4nar. F\u00f6rvandla din tr\u00e4dg\u00e5rd till en oas.<\/p>\n<h3>Beskrivning:<\/h3>\n<ul>\n<li>Modernt tr\u00e4dg\u00e5rdsset i fyra delar. Snygg och bekv\u00e4m<\/li>\n<li>Tillverkad av robust aluminium. V\u00e4derbest\u00e4ndig och h\u00e5llbar<\/li>\n<li>Tjockt vadderade kuddar f\u00f6r komfort och avkoppling<\/li>\n<li>\u00d6rngott \u00e4r l\u00e4tt att ta bort och reng\u00f6ra<\/li>\n<li>Bordsskiva i h\u00e4rdat glas f\u00f6r stil och enkel reng\u00f6ring<\/li>\n<li>Halkskyddsmattor s\u00e4kerst\u00e4ller repfria golv<\/li>\n<li>Perfekt f\u00f6r tr\u00e4dg\u00e5rdar, uteplatser, balkonger etc.<\/li>\n<li>Montering kr\u00e4vs<\/li>\n<\/ul>\n<h3>Teknisk data:<\/h3>\n<ul>\n<li>Material: aluminium, polyester, m\u00e5tt (sidosoffa): B69x D65x H63 cm<\/li>\n<li>M\u00e5tt (enkelsoffa): B73 x D65 x H63 cm<\/li>\n<li>M\u00e5tt (soffbord): B100 x D50 x H37 cm<\/li>\n<li>Sittyta: B65 x D65 cm<\/li>\n<li>Sitth\u00f6jd: 30 cm (utan sittdyna)<\/li>\n<li>Lastkapacitet: (dubbelsoffa) 220 kg, (enkelsoffa) 160 kg, (sidobord) 30 kg<\/li>\n<li>Vikt: 44,9 kg<\/li>\n<li>F\u00e4rg gr\u00e5<\/li>\n<\/ul>\n<h3>Leveransens omfattning:<\/h3>\n<ul>\n<li>1 x dubbelsoffa<\/li>\n<li>2 x enkelsoffa<\/li>\n<li>1 x Soffbord<\/li>\n<li>4 x sittdynor<\/li>\n<li>4 x ryggkuddar<\/li>\n<li>1 x Monteringsanvisning<\/li>\n<\/ul>\n","protected":false},"excerpt":{"rendered":"<p>Har du en tr\u00e5kig tr\u00e4dg\u00e5rd? Inte s\u00e5 l\u00e4nge, tack vare v\u00e5rt set med tr\u00e4dg\u00e5rdsm\u00f6bler. Den tidl\u00f6sa designen kommer att gl\u00e4dja&#8230;<\/p>\n","protected":false},"featured_media":21738,"template":"","meta":[],"product_brand":[],"product_cat":[435,450,455],"product_tag":[],"class_list":{"0":"post-21737","1":"product","2":"type-product","3":"status-publish","4":"has-post-thumbnail","6":"product_cat-tradgard-och-terrass","7":"product_cat-tradgardsmobler","8":"product_cat-tradgardsmobler-i-polyrattan","10":"first","11":"instock","12":"sale","13":"taxable","14":"shipping-taxable","15":"purchasable","16":"product-type-simple"},"yoast_head":"<!-- This site is optimized with the Yoast SEO plugin v25.4 - https:\/\/yoast.com\/wordpress\/plugins\/seo\/ -->\n<title>TRUUSK Tr\u00e4dg\u00e5rdsm\u00f6belset - Sittgrupp med Soffa och Bord - Sittdynor - F\u00f6rvaringsutrymme - Gr\u00e5 - 138 x 69 x 63 cm - TRUUSK - Hem, Tr\u00e4dg\u00e5rd &amp; Fritid<\/title>\n<meta name=\"robots\" content=\"index, follow, max-snippet:-1, max-image-preview:large, max-video-preview:-1\" \/>\n<link rel=\"canonical\" href=\"https:\/\/truusk.store\/sv\/produkt\/truusk-tradgardsmobelset-sittgrupp-med-soffa-och-bord-sittdynor-forvaringsutrymme-gra-138-x-69-x-63-cm\/\" \/>\n<meta property=\"og:locale\" content=\"sv_SE\" \/>\n<meta property=\"og:type\" content=\"article\" \/>\n<meta property=\"og:title\" content=\"TRUUSK Tr\u00e4dg\u00e5rdsm\u00f6belset - Sittgrupp med Soffa och Bord - Sittdynor - F\u00f6rvaringsutrymme - Gr\u00e5 - 138 x 69 x 63 cm - TRUUSK - Hem, Tr\u00e4dg\u00e5rd &amp; Fritid\" \/>\n<meta property=\"og:description\" content=\"Har du en tr\u00e5kig tr\u00e4dg\u00e5rd? Inte s\u00e5 l\u00e4nge, tack vare v\u00e5rt set med tr\u00e4dg\u00e5rdsm\u00f6bler. Den tidl\u00f6sa designen kommer att gl\u00e4dja...\" \/>\n<meta property=\"og:url\" content=\"https:\/\/truusk.store\/sv\/produkt\/truusk-tradgardsmobelset-sittgrupp-med-soffa-och-bord-sittdynor-forvaringsutrymme-gra-138-x-69-x-63-cm\/\" \/>\n<meta property=\"og:site_name\" content=\"TRUUSK - Hem, Tr\u00e4dg\u00e5rd &amp; Fritid\" \/>\n<meta property=\"article:modified_time\" content=\"2026-03-12T08:03:39+00:00\" \/>\n<meta property=\"og:image\" content=\"https:\/\/i0.wp.com\/truusk.se\/wp-content\/uploads\/2024\/02\/tradgardsmobelset-i-fyra-delar-sittgrupp-soffa-med-sittdynor-bord-med-forvaringsutrymme-polyester-gra-138-x-69-x-63-cm.webp?fit=800%2C800&ssl=1\" \/>\n\t<meta property=\"og:image:width\" content=\"800\" \/>\n\t<meta property=\"og:image:height\" content=\"800\" \/>\n\t<meta property=\"og:image:type\" content=\"image\/webp\" \/>\n<meta name=\"twitter:card\" content=\"summary_large_image\" \/>\n<meta name=\"twitter:label1\" content=\"Ber\u00e4knad l\u00e4stid\" \/>\n\t<meta name=\"twitter:data1\" content=\"1 minut\" \/>\n<!-- \/ Yoast SEO plugin. -->","yoast_head_json":{"title":"TRUUSK Tr\u00e4dg\u00e5rdsm\u00f6belset - Sittgrupp med Soffa och Bord - Sittdynor - F\u00f6rvaringsutrymme - Gr\u00e5 - 138 x 69 x 63 cm - TRUUSK - Hem, Tr\u00e4dg\u00e5rd &amp; Fritid","robots":{"index":"index","follow":"follow","max-snippet":"max-snippet:-1","max-image-preview":"max-image-preview:large","max-video-preview":"max-video-preview:-1"},"canonical":"https:\/\/truusk.store\/sv\/produkt\/truusk-tradgardsmobelset-sittgrupp-med-soffa-och-bord-sittdynor-forvaringsutrymme-gra-138-x-69-x-63-cm\/","og_locale":"sv_SE","og_type":"article","og_title":"TRUUSK Tr\u00e4dg\u00e5rdsm\u00f6belset - Sittgrupp med Soffa och Bord - Sittdynor - F\u00f6rvaringsutrymme - Gr\u00e5 - 138 x 69 x 63 cm - TRUUSK - Hem, Tr\u00e4dg\u00e5rd &amp; Fritid","og_description":"Har du en tr\u00e5kig tr\u00e4dg\u00e5rd? Inte s\u00e5 l\u00e4nge, tack vare v\u00e5rt set med tr\u00e4dg\u00e5rdsm\u00f6bler. Den tidl\u00f6sa designen kommer att gl\u00e4dja...","og_url":"https:\/\/truusk.store\/sv\/produkt\/truusk-tradgardsmobelset-sittgrupp-med-soffa-och-bord-sittdynor-forvaringsutrymme-gra-138-x-69-x-63-cm\/","og_site_name":"TRUUSK - Hem, Tr\u00e4dg\u00e5rd &amp; Fritid","article_modified_time":"2026-03-12T08:03:39+00:00","og_image":[{"width":800,"height":800,"url":"https:\/\/i0.wp.com\/truusk.se\/wp-content\/uploads\/2024\/02\/tradgardsmobelset-i-fyra-delar-sittgrupp-soffa-med-sittdynor-bord-med-forvaringsutrymme-polyester-gra-138-x-69-x-63-cm.webp?fit=800%2C800&ssl=1","type":"image\/webp"}],"twitter_card":"summary_large_image","twitter_misc":{"Ber\u00e4knad l\u00e4stid":"1 minut"},"schema":{"@context":"https:\/\/schema.org","@graph":[{"@type":"WebPage","@id":"https:\/\/truusk.store\/sv\/produkt\/truusk-tradgardsmobelset-sittgrupp-med-soffa-och-bord-sittdynor-forvaringsutrymme-gra-138-x-69-x-63-cm\/","url":"https:\/\/truusk.store\/sv\/produkt\/truusk-tradgardsmobelset-sittgrupp-med-soffa-och-bord-sittdynor-forvaringsutrymme-gra-138-x-69-x-63-cm\/","name":"TRUUSK Tr\u00e4dg\u00e5rdsm\u00f6belset - Sittgrupp med Soffa och Bord - Sittdynor - F\u00f6rvaringsutrymme - Gr\u00e5 - 138 x 69 x 63 cm - TRUUSK - Hem, Tr\u00e4dg\u00e5rd &amp; Fritid","isPartOf":{"@id":"https:\/\/truusk.store\/sv\/#website"},"primaryImageOfPage":{"@id":"https:\/\/truusk.store\/sv\/produkt\/truusk-tradgardsmobelset-sittgrupp-med-soffa-och-bord-sittdynor-forvaringsutrymme-gra-138-x-69-x-63-cm\/#primaryimage"},"image":{"@id":"https:\/\/truusk.store\/sv\/produkt\/truusk-tradgardsmobelset-sittgrupp-med-soffa-och-bord-sittdynor-forvaringsutrymme-gra-138-x-69-x-63-cm\/#primaryimage"},"thumbnailUrl":"https:\/\/i0.wp.com\/truusk.store\/wp-content\/uploads\/2024\/02\/tradgardsmobelset-i-fyra-delar-sittgrupp-soffa-med-sittdynor-bord-med-forvaringsutrymme-polyester-gra-138-x-69-x-63-cm.webp?fit=800%2C800&ssl=1","datePublished":"2024-02-13T15:01:59+00:00","dateModified":"2026-03-12T08:03:39+00:00","breadcrumb":{"@id":"https:\/\/truusk.store\/sv\/produkt\/truusk-tradgardsmobelset-sittgrupp-med-soffa-och-bord-sittdynor-forvaringsutrymme-gra-138-x-69-x-63-cm\/#breadcrumb"},"inLanguage":"sv-SE","potentialAction":[{"@type":"ReadAction","target":["https:\/\/truusk.store\/sv\/produkt\/truusk-tradgardsmobelset-sittgrupp-med-soffa-och-bord-sittdynor-forvaringsutrymme-gra-138-x-69-x-63-cm\/"]}]},{"@type":"ImageObject","inLanguage":"sv-SE","@id":"https:\/\/truusk.store\/sv\/produkt\/truusk-tradgardsmobelset-sittgrupp-med-soffa-och-bord-sittdynor-forvaringsutrymme-gra-138-x-69-x-63-cm\/#primaryimage","url":"https:\/\/i0.wp.com\/truusk.store\/wp-content\/uploads\/2024\/02\/tradgardsmobelset-i-fyra-delar-sittgrupp-soffa-med-sittdynor-bord-med-forvaringsutrymme-polyester-gra-138-x-69-x-63-cm.webp?fit=800%2C800&ssl=1","contentUrl":"https:\/\/i0.wp.com\/truusk.store\/wp-content\/uploads\/2024\/02\/tradgardsmobelset-i-fyra-delar-sittgrupp-soffa-med-sittdynor-bord-med-forvaringsutrymme-polyester-gra-138-x-69-x-63-cm.webp?fit=800%2C800&ssl=1","width":800,"height":800,"caption":"Tr\u00e4dg\u00e5rdsm\u00f6belset I Fyra Delar, Sittgrupp, Soffa Med Sittdynor, Bord Med F\u00f6rvaringsutrymme, Polyester, Gr\u00e5, 138 X 69 X 63 Cm 1"},{"@type":"BreadcrumbList","@id":"https:\/\/truusk.store\/sv\/produkt\/truusk-tradgardsmobelset-sittgrupp-med-soffa-och-bord-sittdynor-forvaringsutrymme-gra-138-x-69-x-63-cm\/#breadcrumb","itemListElement":[{"@type":"ListItem","position":1,"name":"Home","item":"https:\/\/truusk.store\/sv\/"},{"@type":"ListItem","position":2,"name":"Shop","item":"https:\/\/truusk.store\/shop\/"},{"@type":"ListItem","position":3,"name":"TRUUSK Tr\u00e4dg\u00e5rdsm\u00f6belset &#8211; Sittgrupp med Soffa och Bord &#8211; Sittdynor &#8211; F\u00f6rvaringsutrymme &#8211; Gr\u00e5 &#8211; 138 x 69 x 63 cm"}]},{"@type":"WebSite","@id":"https:\/\/truusk.store\/sv\/#website","url":"https:\/\/truusk.store\/sv\/","name":"TRUUSK - Hem, Tr\u00e4dg\u00e5rd & Fritid","description":"","publisher":{"@id":"https:\/\/truusk.store\/sv\/#organization"},"potentialAction":[{"@type":"SearchAction","target":{"@type":"EntryPoint","urlTemplate":"https:\/\/truusk.store\/sv\/?s={search_term_string}"},"query-input":{"@type":"PropertyValueSpecification","valueRequired":true,"valueName":"search_term_string"}}],"inLanguage":"sv-SE"},{"@type":"Organization","@id":"https:\/\/truusk.store\/sv\/#organization","name":"TRUUSK - Hem, Tr\u00e4dg\u00e5rd & Fritid","url":"https:\/\/truusk.store\/sv\/","logo":{"@type":"ImageObject","inLanguage":"sv-SE","@id":"https:\/\/truusk.store\/sv\/#\/schema\/logo\/image\/","url":"https:\/\/i0.wp.com\/truusk.store\/wp-content\/uploads\/2026\/03\/cropped-TRUUSK.png?fit=2032%2C917&ssl=1","contentUrl":"https:\/\/i0.wp.com\/truusk.store\/wp-content\/uploads\/2026\/03\/cropped-TRUUSK.png?fit=2032%2C917&ssl=1","width":2032,"height":917,"caption":"TRUUSK - Hem, Tr\u00e4dg\u00e5rd & Fritid"},"image":{"@id":"https:\/\/truusk.store\/sv\/#\/schema\/logo\/image\/"}}]}},"jetpack_sharing_enabled":true,"_links":{"self":[{"href":"https:\/\/truusk.store\/sv\/wp-json\/wp\/v2\/product\/21737","targetHints":{"allow":["GET"]}}],"collection":[{"href":"https:\/\/truusk.store\/sv\/wp-json\/wp\/v2\/product"}],"about":[{"href":"https:\/\/truusk.store\/sv\/wp-json\/wp\/v2\/types\/product"}],"wp:featuredmedia":[{"embeddable":true,"href":"https:\/\/truusk.store\/sv\/wp-json\/wp\/v2\/media\/21738"}],"wp:attachment":[{"href":"https:\/\/truusk.store\/sv\/wp-json\/wp\/v2\/media?parent=21737"}],"wp:term":[{"taxonomy":"product_brand","embeddable":true,"href":"https:\/\/truusk.store\/sv\/wp-json\/wp\/v2\/product_brand?post=21737"},{"taxonomy":"product_cat","embeddable":true,"href":"https:\/\/truusk.store\/sv\/wp-json\/wp\/v2\/product_cat?post=21737"},{"taxonomy":"product_tag","embeddable":true,"href":"https:\/\/truusk.store\/sv\/wp-json\/wp\/v2\/product_tag?post=21737"}],"curies":[{"name":"wp","href":"https:\/\/api.w.org\/{rel}","templated":true}]}}