{"id":21756,"date":"2024-02-13T16:02:34","date_gmt":"2024-02-13T15:02:34","guid":{"rendered":"https:\/\/truusk.store\/product\/hundsang-utomhus-hundstol-kattsang-husdjurssang-sovplats-med-ersattningsoverdrag-110-x-68-x-20-cm\/"},"modified":"2026-03-12T09:03:39","modified_gmt":"2026-03-12T08:03:39","slug":"truusk-utomhus-hund-och-kattsang-110-x-68-x-20-cm-ersattningsoverdrag-sovplats-for-hundar-och-katter-gra","status":"publish","type":"product","link":"https:\/\/truusk.store\/sv\/produkt\/truusk-utomhus-hund-och-kattsang-110-x-68-x-20-cm-ersattningsoverdrag-sovplats-for-hundar-och-katter-gra\/","title":{"rendered":"TRUUSK Utomhus Hund- och Katts\u00e4ng &#8211; 110 x 68 x 20 cm &#8211; Ers\u00e4ttnings\u00f6verdrag &#8211; Sovplats f\u00f6r Hundar och Katter &#8211; Gr\u00e5"},"content":{"rendered":"<p>L\u00e5t inte din hund sova p\u00e5 golvet, ge den en vilsam plats att sova, oavsett var den \u00e4r. Denna upph\u00f6jda hunds\u00e4ng kan placeras inomhus eller utomhus. Den upph\u00f6jda designen s\u00e4kerst\u00e4ller god ventilation och skyddar din hund fr\u00e5n kyla och insekter. Oavsett om du reser, campar eller f\u00f6r dagligt bruk erbjuder denna hunds\u00e4ng din hund en bekv\u00e4m plats att sova var som helst.<\/p>\n<h3>Beskrivning:<\/h3>\n<ul>\n<li>Upph\u00f6jd design f\u00f6r st\u00f6rre komfort och ventilation fr\u00e5n alla h\u00e5ll<\/li>\n<li>L\u00e4tt och robust metallram<\/li>\n<li>Tyget \u00e4r tillverkat av h\u00f6gdensitet 600x300D Oxford f\u00f6r h\u00e5llbarhet<\/li>\n<li>Med tv\u00e5 utbytbara liggytor f\u00f6r enkel reng\u00f6ring<\/li>\n<li>Perfekt f\u00f6r katter eller hundar, denna upph\u00f6jda hunds\u00e4ng \u00e4r l\u00e4mplig f\u00f6r inomhus- och utomhusbruk<\/li>\n<li>L\u00e4tt att montera och demontera f\u00f6r enkel transport och f\u00f6rvaring<\/li>\n<li>Husdjursh\u00e5r, smuts och smuts fastnar inte ens p\u00e5 det mest slitna Oxford-tyget<\/li>\n<li>L\u00e4mplig f\u00f6r stora hundar med en kroppsl\u00e4ngd p\u00e5 mindre \u00e4n 60 cm och en vikt p\u00e5 upp till 30 kg<\/li>\n<\/ul>\n<h3>Teknisk data:<\/h3>\n<ul>\n<li>F\u00e4rg: Gr\u00e5+kaffe<\/li>\n<li>Material: metall, Oxfordduk<\/li>\n<li>\u00d6vergripande m\u00e5tt: 110L x 68W x 20H cm<\/li>\n<li>H\u00f6jd \u00f6ver marken: 20 cm<\/li>\n<li>Lastkapacitet: 40 kg (l\u00e4mplig f\u00f6r stora hundar)<\/li>\n<\/ul>\n<h3>Leveransens omfattning:<\/h3>\n<ul>\n<li>1 x hunds\u00e4ng<\/li>\n<li>1 x kaffebrunt lock<\/li>\n<li>1 x gr\u00e5tt omslag<\/li>\n<\/ul>\n","protected":false},"excerpt":{"rendered":"<p>L\u00e5t inte din hund sova p\u00e5 golvet, ge den en vilsam plats att sova, oavsett var den \u00e4r. Denna upph\u00f6jda&#8230;<\/p>\n","protected":false},"featured_media":21757,"template":"","meta":[],"product_brand":[],"product_cat":[576,574,573],"product_tag":[],"class_list":{"0":"post-21756","1":"product","2":"type-product","3":"status-publish","4":"has-post-thumbnail","6":"product_cat-hundsangar-hundsoffor","7":"product_cat-hundtillbehor","8":"product_cat-husdjursmaterial","10":"first","11":"instock","12":"sale","13":"taxable","14":"shipping-taxable","15":"purchasable","16":"product-type-simple"},"yoast_head":"<!-- This site is optimized with the Yoast SEO plugin v25.4 - https:\/\/yoast.com\/wordpress\/plugins\/seo\/ -->\n<title>TRUUSK Utomhus Hund- och Katts\u00e4ng - 110 x 68 x 20 cm - Ers\u00e4ttnings\u00f6verdrag - Sovplats f\u00f6r Hundar och Katter - Gr\u00e5 - TRUUSK - Hem, Tr\u00e4dg\u00e5rd &amp; Fritid<\/title>\n<meta name=\"robots\" content=\"index, follow, max-snippet:-1, max-image-preview:large, max-video-preview:-1\" \/>\n<link rel=\"canonical\" href=\"https:\/\/truusk.store\/sv\/produkt\/truusk-utomhus-hund-och-kattsang-110-x-68-x-20-cm-ersattningsoverdrag-sovplats-for-hundar-och-katter-gra\/\" \/>\n<meta property=\"og:locale\" content=\"sv_SE\" \/>\n<meta property=\"og:type\" content=\"article\" \/>\n<meta property=\"og:title\" content=\"TRUUSK Utomhus Hund- och Katts\u00e4ng - 110 x 68 x 20 cm - Ers\u00e4ttnings\u00f6verdrag - Sovplats f\u00f6r Hundar och Katter - Gr\u00e5 - TRUUSK - Hem, Tr\u00e4dg\u00e5rd &amp; Fritid\" \/>\n<meta property=\"og:description\" content=\"L\u00e5t inte din hund sova p\u00e5 golvet, ge den en vilsam plats att sova, oavsett var den \u00e4r. Denna upph\u00f6jda...\" \/>\n<meta property=\"og:url\" content=\"https:\/\/truusk.store\/sv\/produkt\/truusk-utomhus-hund-och-kattsang-110-x-68-x-20-cm-ersattningsoverdrag-sovplats-for-hundar-och-katter-gra\/\" \/>\n<meta property=\"og:site_name\" content=\"TRUUSK - Hem, Tr\u00e4dg\u00e5rd &amp; Fritid\" \/>\n<meta property=\"article:modified_time\" content=\"2026-03-12T08:03:39+00:00\" \/>\n<meta property=\"og:image\" content=\"https:\/\/i0.wp.com\/truusk.se\/wp-content\/uploads\/2024\/02\/hundsang-utomhus-hundstol-kattsang-husdjurssang-sovplats-med-ersattningsoverdrag-110-x-68-x-20-cm.webp?fit=800%2C800&ssl=1\" \/>\n\t<meta property=\"og:image:width\" content=\"800\" \/>\n\t<meta property=\"og:image:height\" content=\"800\" \/>\n\t<meta property=\"og:image:type\" content=\"image\/webp\" \/>\n<meta name=\"twitter:card\" content=\"summary_large_image\" \/>\n<meta name=\"twitter:label1\" content=\"Ber\u00e4knad l\u00e4stid\" \/>\n\t<meta name=\"twitter:data1\" content=\"1 minut\" \/>\n<!-- \/ Yoast SEO plugin. -->","yoast_head_json":{"title":"TRUUSK Utomhus Hund- och Katts\u00e4ng - 110 x 68 x 20 cm - Ers\u00e4ttnings\u00f6verdrag - Sovplats f\u00f6r Hundar och Katter - Gr\u00e5 - TRUUSK - Hem, Tr\u00e4dg\u00e5rd &amp; Fritid","robots":{"index":"index","follow":"follow","max-snippet":"max-snippet:-1","max-image-preview":"max-image-preview:large","max-video-preview":"max-video-preview:-1"},"canonical":"https:\/\/truusk.store\/sv\/produkt\/truusk-utomhus-hund-och-kattsang-110-x-68-x-20-cm-ersattningsoverdrag-sovplats-for-hundar-och-katter-gra\/","og_locale":"sv_SE","og_type":"article","og_title":"TRUUSK Utomhus Hund- och Katts\u00e4ng - 110 x 68 x 20 cm - Ers\u00e4ttnings\u00f6verdrag - Sovplats f\u00f6r Hundar och Katter - Gr\u00e5 - TRUUSK - Hem, Tr\u00e4dg\u00e5rd &amp; Fritid","og_description":"L\u00e5t inte din hund sova p\u00e5 golvet, ge den en vilsam plats att sova, oavsett var den \u00e4r. Denna upph\u00f6jda...","og_url":"https:\/\/truusk.store\/sv\/produkt\/truusk-utomhus-hund-och-kattsang-110-x-68-x-20-cm-ersattningsoverdrag-sovplats-for-hundar-och-katter-gra\/","og_site_name":"TRUUSK - Hem, Tr\u00e4dg\u00e5rd &amp; Fritid","article_modified_time":"2026-03-12T08:03:39+00:00","og_image":[{"width":800,"height":800,"url":"https:\/\/i0.wp.com\/truusk.se\/wp-content\/uploads\/2024\/02\/hundsang-utomhus-hundstol-kattsang-husdjurssang-sovplats-med-ersattningsoverdrag-110-x-68-x-20-cm.webp?fit=800%2C800&ssl=1","type":"image\/webp"}],"twitter_card":"summary_large_image","twitter_misc":{"Ber\u00e4knad l\u00e4stid":"1 minut"},"schema":{"@context":"https:\/\/schema.org","@graph":[{"@type":"WebPage","@id":"https:\/\/truusk.store\/sv\/produkt\/truusk-utomhus-hund-och-kattsang-110-x-68-x-20-cm-ersattningsoverdrag-sovplats-for-hundar-och-katter-gra\/","url":"https:\/\/truusk.store\/sv\/produkt\/truusk-utomhus-hund-och-kattsang-110-x-68-x-20-cm-ersattningsoverdrag-sovplats-for-hundar-och-katter-gra\/","name":"TRUUSK Utomhus Hund- och Katts\u00e4ng - 110 x 68 x 20 cm - Ers\u00e4ttnings\u00f6verdrag - Sovplats f\u00f6r Hundar och Katter - Gr\u00e5 - TRUUSK - Hem, Tr\u00e4dg\u00e5rd &amp; Fritid","isPartOf":{"@id":"https:\/\/truusk.store\/sv\/#website"},"primaryImageOfPage":{"@id":"https:\/\/truusk.store\/sv\/produkt\/truusk-utomhus-hund-och-kattsang-110-x-68-x-20-cm-ersattningsoverdrag-sovplats-for-hundar-och-katter-gra\/#primaryimage"},"image":{"@id":"https:\/\/truusk.store\/sv\/produkt\/truusk-utomhus-hund-och-kattsang-110-x-68-x-20-cm-ersattningsoverdrag-sovplats-for-hundar-och-katter-gra\/#primaryimage"},"thumbnailUrl":"https:\/\/i0.wp.com\/truusk.store\/wp-content\/uploads\/2024\/02\/hundsang-utomhus-hundstol-kattsang-husdjurssang-sovplats-med-ersattningsoverdrag-110-x-68-x-20-cm.webp?fit=800%2C800&ssl=1","datePublished":"2024-02-13T15:02:34+00:00","dateModified":"2026-03-12T08:03:39+00:00","breadcrumb":{"@id":"https:\/\/truusk.store\/sv\/produkt\/truusk-utomhus-hund-och-kattsang-110-x-68-x-20-cm-ersattningsoverdrag-sovplats-for-hundar-och-katter-gra\/#breadcrumb"},"inLanguage":"sv-SE","potentialAction":[{"@type":"ReadAction","target":["https:\/\/truusk.store\/sv\/produkt\/truusk-utomhus-hund-och-kattsang-110-x-68-x-20-cm-ersattningsoverdrag-sovplats-for-hundar-och-katter-gra\/"]}]},{"@type":"ImageObject","inLanguage":"sv-SE","@id":"https:\/\/truusk.store\/sv\/produkt\/truusk-utomhus-hund-och-kattsang-110-x-68-x-20-cm-ersattningsoverdrag-sovplats-for-hundar-och-katter-gra\/#primaryimage","url":"https:\/\/i0.wp.com\/truusk.store\/wp-content\/uploads\/2024\/02\/hundsang-utomhus-hundstol-kattsang-husdjurssang-sovplats-med-ersattningsoverdrag-110-x-68-x-20-cm.webp?fit=800%2C800&ssl=1","contentUrl":"https:\/\/i0.wp.com\/truusk.store\/wp-content\/uploads\/2024\/02\/hundsang-utomhus-hundstol-kattsang-husdjurssang-sovplats-med-ersattningsoverdrag-110-x-68-x-20-cm.webp?fit=800%2C800&ssl=1","width":800,"height":800,"caption":"Hunds\u00e4ng Utomhus Hundstol Katts\u00e4ng Husdjurss\u00e4ng Sovplats Med Ers\u00e4ttnings\u00f6verdrag 110 X 68 X 20 Cm 1"},{"@type":"BreadcrumbList","@id":"https:\/\/truusk.store\/sv\/produkt\/truusk-utomhus-hund-och-kattsang-110-x-68-x-20-cm-ersattningsoverdrag-sovplats-for-hundar-och-katter-gra\/#breadcrumb","itemListElement":[{"@type":"ListItem","position":1,"name":"Home","item":"https:\/\/truusk.store\/sv\/"},{"@type":"ListItem","position":2,"name":"Shop","item":"https:\/\/truusk.store\/shop\/"},{"@type":"ListItem","position":3,"name":"TRUUSK Utomhus Hund- och Katts\u00e4ng &#8211; 110 x 68 x 20 cm &#8211; Ers\u00e4ttnings\u00f6verdrag &#8211; Sovplats f\u00f6r Hundar och Katter &#8211; Gr\u00e5"}]},{"@type":"WebSite","@id":"https:\/\/truusk.store\/sv\/#website","url":"https:\/\/truusk.store\/sv\/","name":"TRUUSK - Hem, Tr\u00e4dg\u00e5rd & Fritid","description":"","publisher":{"@id":"https:\/\/truusk.store\/sv\/#organization"},"potentialAction":[{"@type":"SearchAction","target":{"@type":"EntryPoint","urlTemplate":"https:\/\/truusk.store\/sv\/?s={search_term_string}"},"query-input":{"@type":"PropertyValueSpecification","valueRequired":true,"valueName":"search_term_string"}}],"inLanguage":"sv-SE"},{"@type":"Organization","@id":"https:\/\/truusk.store\/sv\/#organization","name":"TRUUSK - Hem, Tr\u00e4dg\u00e5rd & Fritid","url":"https:\/\/truusk.store\/sv\/","logo":{"@type":"ImageObject","inLanguage":"sv-SE","@id":"https:\/\/truusk.store\/sv\/#\/schema\/logo\/image\/","url":"https:\/\/i0.wp.com\/truusk.store\/wp-content\/uploads\/2026\/03\/cropped-TRUUSK.png?fit=2032%2C917&ssl=1","contentUrl":"https:\/\/i0.wp.com\/truusk.store\/wp-content\/uploads\/2026\/03\/cropped-TRUUSK.png?fit=2032%2C917&ssl=1","width":2032,"height":917,"caption":"TRUUSK - Hem, Tr\u00e4dg\u00e5rd & Fritid"},"image":{"@id":"https:\/\/truusk.store\/sv\/#\/schema\/logo\/image\/"}}]}},"jetpack_sharing_enabled":true,"_links":{"self":[{"href":"https:\/\/truusk.store\/sv\/wp-json\/wp\/v2\/product\/21756","targetHints":{"allow":["GET"]}}],"collection":[{"href":"https:\/\/truusk.store\/sv\/wp-json\/wp\/v2\/product"}],"about":[{"href":"https:\/\/truusk.store\/sv\/wp-json\/wp\/v2\/types\/product"}],"wp:featuredmedia":[{"embeddable":true,"href":"https:\/\/truusk.store\/sv\/wp-json\/wp\/v2\/media\/21757"}],"wp:attachment":[{"href":"https:\/\/truusk.store\/sv\/wp-json\/wp\/v2\/media?parent=21756"}],"wp:term":[{"taxonomy":"product_brand","embeddable":true,"href":"https:\/\/truusk.store\/sv\/wp-json\/wp\/v2\/product_brand?post=21756"},{"taxonomy":"product_cat","embeddable":true,"href":"https:\/\/truusk.store\/sv\/wp-json\/wp\/v2\/product_cat?post=21756"},{"taxonomy":"product_tag","embeddable":true,"href":"https:\/\/truusk.store\/sv\/wp-json\/wp\/v2\/product_tag?post=21756"}],"curies":[{"name":"wp","href":"https:\/\/api.w.org\/{rel}","templated":true}]}}