{"id":21766,"date":"2024-02-13T16:02:52","date_gmt":"2024-02-13T15:02:52","guid":{"rendered":"https:\/\/truusk.store\/product\/kontorsstol-med-utfallbart-fotstod-chefsstol-justerbart-ryggstod-linnelook-gra\/"},"modified":"2026-03-12T09:03:40","modified_gmt":"2026-03-12T08:03:40","slug":"truusk-kontorsstol-med-utfallbart-fotstod-chefsstol-justerbart-ryggstod-linnelook-gra","status":"publish","type":"product","link":"https:\/\/truusk.store\/sv\/produkt\/truusk-kontorsstol-med-utfallbart-fotstod-chefsstol-justerbart-ryggstod-linnelook-gra\/","title":{"rendered":"TRUUSK Kontorsstol Med Utf\u00e4llbart Fotst\u00f6d &#8211; Chefsstol &#8211; Justerbart Ryggst\u00f6d &#8211; Linnelook &#8211; Gr\u00e5"},"content":{"rendered":"<p>Prova denna kontorsstol, den erbjuder komfort och r\u00f6rlighet n\u00e4r du arbetar. H\u00f6jden \u00e4r justerbar mellan 110 och 118 cm, s\u00e5 att du kan st\u00e4lla in den optimala arbetsh\u00f6jden f\u00f6r dig. Den har ett utdragbart fotst\u00f6d s\u00e5 att du kan vila benen n\u00e4r du vill. Det h\u00f6ga ryggst\u00f6det och armst\u00f6den st\u00f6djer din kropp, och den tjocka stoppningen s\u00e4kerst\u00e4ller mycket komfort.<\/p>\n<h3>Beskrivning:<\/h3>\n<ul>\n<li>Ovandel i linnelook f\u00f6r en snygg look<\/li>\n<li>Vadderad sits, rygg och armst\u00f6d f\u00f6r b\u00e4ttre komfort<\/li>\n<li>45-52 cm justerbar h\u00f6jd: denna stol \u00e4r l\u00e4mplig f\u00f6r personer av olika h\u00f6jd<\/li>\n<li>360 roterande s\u00e4te och fem hjul: l\u00e4tt att flytta<\/li>\n<li>Utdragbara f\u00f6tter<\/li>\n<li>Max belastning 120kg, montering kr\u00e4vs<\/li>\n<\/ul>\n<h3>Teknisk data:<\/h3>\n<ul>\n<li>F\u00e4rg: Gr\u00e5+Vit<\/li>\n<li>Material: j\u00e4rn, linne, skum, nylon<\/li>\n<li>\u00d6vergripande m\u00e5tt: 65L x 70W x 110-118H cm<\/li>\n<li>Sitsstorlek: 54W x 51D cm<\/li>\n<li>Sitth\u00f6jd: 45-52 cm<\/li>\n<li>Viktkapacitet: 120 kg<\/li>\n<\/ul>\n<h3>Leveransens omfattning:<\/h3>\n<ul>\n<li>1 x kontorsstol;<\/li>\n<\/ul>\n","protected":false},"excerpt":{"rendered":"<p>Prova denna kontorsstol, den erbjuder komfort och r\u00f6rlighet n\u00e4r du arbetar. H\u00f6jden \u00e4r justerbar mellan 110 och 118 cm, s\u00e5&#8230;<\/p>\n","protected":false},"featured_media":21767,"template":"","meta":[],"product_brand":[],"product_cat":[485,516,515],"product_tag":[],"class_list":{"0":"post-21766","1":"product","2":"type-product","3":"status-publish","4":"has-post-thumbnail","6":"product_cat-hus-bo","7":"product_cat-kontorsstolar","8":"product_cat-stolar","10":"first","11":"instock","12":"sale","13":"taxable","14":"shipping-taxable","15":"purchasable","16":"product-type-simple"},"yoast_head":"<!-- This site is optimized with the Yoast SEO plugin v25.4 - https:\/\/yoast.com\/wordpress\/plugins\/seo\/ -->\n<title>TRUUSK Kontorsstol Med Utf\u00e4llbart Fotst\u00f6d - Chefsstol - Justerbart Ryggst\u00f6d - Linnelook - Gr\u00e5 - TRUUSK - Hem, Tr\u00e4dg\u00e5rd &amp; Fritid<\/title>\n<meta name=\"robots\" content=\"index, follow, max-snippet:-1, max-image-preview:large, max-video-preview:-1\" \/>\n<link rel=\"canonical\" href=\"https:\/\/truusk.store\/sv\/produkt\/truusk-kontorsstol-med-utfallbart-fotstod-chefsstol-justerbart-ryggstod-linnelook-gra\/\" \/>\n<meta property=\"og:locale\" content=\"sv_SE\" \/>\n<meta property=\"og:type\" content=\"article\" \/>\n<meta property=\"og:title\" content=\"TRUUSK Kontorsstol Med Utf\u00e4llbart Fotst\u00f6d - Chefsstol - Justerbart Ryggst\u00f6d - Linnelook - Gr\u00e5 - TRUUSK - Hem, Tr\u00e4dg\u00e5rd &amp; Fritid\" \/>\n<meta property=\"og:description\" content=\"Prova denna kontorsstol, den erbjuder komfort och r\u00f6rlighet n\u00e4r du arbetar. H\u00f6jden \u00e4r justerbar mellan 110 och 118 cm, s\u00e5...\" \/>\n<meta property=\"og:url\" content=\"https:\/\/truusk.store\/sv\/produkt\/truusk-kontorsstol-med-utfallbart-fotstod-chefsstol-justerbart-ryggstod-linnelook-gra\/\" \/>\n<meta property=\"og:site_name\" content=\"TRUUSK - Hem, Tr\u00e4dg\u00e5rd &amp; Fritid\" \/>\n<meta property=\"article:modified_time\" content=\"2026-03-12T08:03:40+00:00\" \/>\n<meta property=\"og:image\" content=\"https:\/\/i0.wp.com\/truusk.se\/wp-content\/uploads\/2024\/02\/kontorsstol-med-utfallbart-fotstod-chefsstol-justerbart-ryggstod-linnelook-gra.webp?fit=800%2C800&ssl=1\" \/>\n\t<meta property=\"og:image:width\" content=\"800\" \/>\n\t<meta property=\"og:image:height\" content=\"800\" \/>\n\t<meta property=\"og:image:type\" content=\"image\/webp\" \/>\n<meta name=\"twitter:card\" content=\"summary_large_image\" \/>\n<meta name=\"twitter:label1\" content=\"Ber\u00e4knad l\u00e4stid\" \/>\n\t<meta name=\"twitter:data1\" content=\"1 minut\" \/>\n<!-- \/ Yoast SEO plugin. -->","yoast_head_json":{"title":"TRUUSK Kontorsstol Med Utf\u00e4llbart Fotst\u00f6d - Chefsstol - Justerbart Ryggst\u00f6d - Linnelook - Gr\u00e5 - TRUUSK - Hem, Tr\u00e4dg\u00e5rd &amp; Fritid","robots":{"index":"index","follow":"follow","max-snippet":"max-snippet:-1","max-image-preview":"max-image-preview:large","max-video-preview":"max-video-preview:-1"},"canonical":"https:\/\/truusk.store\/sv\/produkt\/truusk-kontorsstol-med-utfallbart-fotstod-chefsstol-justerbart-ryggstod-linnelook-gra\/","og_locale":"sv_SE","og_type":"article","og_title":"TRUUSK Kontorsstol Med Utf\u00e4llbart Fotst\u00f6d - Chefsstol - Justerbart Ryggst\u00f6d - Linnelook - Gr\u00e5 - TRUUSK - Hem, Tr\u00e4dg\u00e5rd &amp; Fritid","og_description":"Prova denna kontorsstol, den erbjuder komfort och r\u00f6rlighet n\u00e4r du arbetar. H\u00f6jden \u00e4r justerbar mellan 110 och 118 cm, s\u00e5...","og_url":"https:\/\/truusk.store\/sv\/produkt\/truusk-kontorsstol-med-utfallbart-fotstod-chefsstol-justerbart-ryggstod-linnelook-gra\/","og_site_name":"TRUUSK - Hem, Tr\u00e4dg\u00e5rd &amp; Fritid","article_modified_time":"2026-03-12T08:03:40+00:00","og_image":[{"width":800,"height":800,"url":"https:\/\/i0.wp.com\/truusk.se\/wp-content\/uploads\/2024\/02\/kontorsstol-med-utfallbart-fotstod-chefsstol-justerbart-ryggstod-linnelook-gra.webp?fit=800%2C800&ssl=1","type":"image\/webp"}],"twitter_card":"summary_large_image","twitter_misc":{"Ber\u00e4knad l\u00e4stid":"1 minut"},"schema":{"@context":"https:\/\/schema.org","@graph":[{"@type":"WebPage","@id":"https:\/\/truusk.store\/sv\/produkt\/truusk-kontorsstol-med-utfallbart-fotstod-chefsstol-justerbart-ryggstod-linnelook-gra\/","url":"https:\/\/truusk.store\/sv\/produkt\/truusk-kontorsstol-med-utfallbart-fotstod-chefsstol-justerbart-ryggstod-linnelook-gra\/","name":"TRUUSK Kontorsstol Med Utf\u00e4llbart Fotst\u00f6d - Chefsstol - Justerbart Ryggst\u00f6d - Linnelook - Gr\u00e5 - TRUUSK - Hem, Tr\u00e4dg\u00e5rd &amp; Fritid","isPartOf":{"@id":"https:\/\/truusk.store\/sv\/#website"},"primaryImageOfPage":{"@id":"https:\/\/truusk.store\/sv\/produkt\/truusk-kontorsstol-med-utfallbart-fotstod-chefsstol-justerbart-ryggstod-linnelook-gra\/#primaryimage"},"image":{"@id":"https:\/\/truusk.store\/sv\/produkt\/truusk-kontorsstol-med-utfallbart-fotstod-chefsstol-justerbart-ryggstod-linnelook-gra\/#primaryimage"},"thumbnailUrl":"https:\/\/i0.wp.com\/truusk.store\/wp-content\/uploads\/2024\/02\/kontorsstol-med-utfallbart-fotstod-chefsstol-justerbart-ryggstod-linnelook-gra.webp?fit=800%2C800&ssl=1","datePublished":"2024-02-13T15:02:52+00:00","dateModified":"2026-03-12T08:03:40+00:00","breadcrumb":{"@id":"https:\/\/truusk.store\/sv\/produkt\/truusk-kontorsstol-med-utfallbart-fotstod-chefsstol-justerbart-ryggstod-linnelook-gra\/#breadcrumb"},"inLanguage":"sv-SE","potentialAction":[{"@type":"ReadAction","target":["https:\/\/truusk.store\/sv\/produkt\/truusk-kontorsstol-med-utfallbart-fotstod-chefsstol-justerbart-ryggstod-linnelook-gra\/"]}]},{"@type":"ImageObject","inLanguage":"sv-SE","@id":"https:\/\/truusk.store\/sv\/produkt\/truusk-kontorsstol-med-utfallbart-fotstod-chefsstol-justerbart-ryggstod-linnelook-gra\/#primaryimage","url":"https:\/\/i0.wp.com\/truusk.store\/wp-content\/uploads\/2024\/02\/kontorsstol-med-utfallbart-fotstod-chefsstol-justerbart-ryggstod-linnelook-gra.webp?fit=800%2C800&ssl=1","contentUrl":"https:\/\/i0.wp.com\/truusk.store\/wp-content\/uploads\/2024\/02\/kontorsstol-med-utfallbart-fotstod-chefsstol-justerbart-ryggstod-linnelook-gra.webp?fit=800%2C800&ssl=1","width":800,"height":800,"caption":"Kontorsstol Med Utf\u00e4llbart Fotst\u00f6d, Chefsstol, Justerbart Ryggst\u00f6d, Linnelook, Gr\u00e5 1"},{"@type":"BreadcrumbList","@id":"https:\/\/truusk.store\/sv\/produkt\/truusk-kontorsstol-med-utfallbart-fotstod-chefsstol-justerbart-ryggstod-linnelook-gra\/#breadcrumb","itemListElement":[{"@type":"ListItem","position":1,"name":"Home","item":"https:\/\/truusk.store\/sv\/"},{"@type":"ListItem","position":2,"name":"Shop","item":"https:\/\/truusk.store\/shop\/"},{"@type":"ListItem","position":3,"name":"TRUUSK Kontorsstol Med Utf\u00e4llbart Fotst\u00f6d &#8211; Chefsstol &#8211; Justerbart Ryggst\u00f6d &#8211; Linnelook &#8211; Gr\u00e5"}]},{"@type":"WebSite","@id":"https:\/\/truusk.store\/sv\/#website","url":"https:\/\/truusk.store\/sv\/","name":"TRUUSK - Hem, Tr\u00e4dg\u00e5rd & Fritid","description":"","publisher":{"@id":"https:\/\/truusk.store\/sv\/#organization"},"potentialAction":[{"@type":"SearchAction","target":{"@type":"EntryPoint","urlTemplate":"https:\/\/truusk.store\/sv\/?s={search_term_string}"},"query-input":{"@type":"PropertyValueSpecification","valueRequired":true,"valueName":"search_term_string"}}],"inLanguage":"sv-SE"},{"@type":"Organization","@id":"https:\/\/truusk.store\/sv\/#organization","name":"TRUUSK - Hem, Tr\u00e4dg\u00e5rd & Fritid","url":"https:\/\/truusk.store\/sv\/","logo":{"@type":"ImageObject","inLanguage":"sv-SE","@id":"https:\/\/truusk.store\/sv\/#\/schema\/logo\/image\/","url":"https:\/\/i0.wp.com\/truusk.store\/wp-content\/uploads\/2026\/03\/cropped-TRUUSK.png?fit=2032%2C917&ssl=1","contentUrl":"https:\/\/i0.wp.com\/truusk.store\/wp-content\/uploads\/2026\/03\/cropped-TRUUSK.png?fit=2032%2C917&ssl=1","width":2032,"height":917,"caption":"TRUUSK - Hem, Tr\u00e4dg\u00e5rd & Fritid"},"image":{"@id":"https:\/\/truusk.store\/sv\/#\/schema\/logo\/image\/"}}]}},"jetpack_sharing_enabled":true,"_links":{"self":[{"href":"https:\/\/truusk.store\/sv\/wp-json\/wp\/v2\/product\/21766","targetHints":{"allow":["GET"]}}],"collection":[{"href":"https:\/\/truusk.store\/sv\/wp-json\/wp\/v2\/product"}],"about":[{"href":"https:\/\/truusk.store\/sv\/wp-json\/wp\/v2\/types\/product"}],"wp:featuredmedia":[{"embeddable":true,"href":"https:\/\/truusk.store\/sv\/wp-json\/wp\/v2\/media\/21767"}],"wp:attachment":[{"href":"https:\/\/truusk.store\/sv\/wp-json\/wp\/v2\/media?parent=21766"}],"wp:term":[{"taxonomy":"product_brand","embeddable":true,"href":"https:\/\/truusk.store\/sv\/wp-json\/wp\/v2\/product_brand?post=21766"},{"taxonomy":"product_cat","embeddable":true,"href":"https:\/\/truusk.store\/sv\/wp-json\/wp\/v2\/product_cat?post=21766"},{"taxonomy":"product_tag","embeddable":true,"href":"https:\/\/truusk.store\/sv\/wp-json\/wp\/v2\/product_tag?post=21766"}],"curies":[{"name":"wp","href":"https:\/\/api.w.org\/{rel}","templated":true}]}}